{"id":1146452,"date":"2026-05-08T19:57:58","date_gmt":"2026-05-08T17:57:58","guid":{"rendered":"https:\/\/wein-werte.com\/product\/boris-champy-petit-aigle-bourgogne-chardonnay-eleve-en-fut-2024-750ml\/"},"modified":"2026-05-08T19:57:59","modified_gmt":"2026-05-08T17:57:59","slug":"boris-champy-petit-aigle-bourgogne-chardonnay-eleve-en-fut-2024-750ml","status":"publish","type":"product","link":"https:\/\/wein-werte.com\/en\/product\/boris-champy-petit-aigle-bourgogne-chardonnay-eleve-en-fut-2024-750ml\/","title":{"rendered":"Boris Champy | Burgundy | Petit Aigle, Bourgogne Chardonnay &#8211; \u00c9lev\u00e9 en F\u00fbt AOP | 2024 | 750ml | bio"},"content":{"rendered":"<p>Product description for Boris Champy Petit Aigle, Bourgogne Chardonnay &#8211; \u00c9lev\u00e9 en F\u00fbt AOP 2024 (bio)<\/p>\n<p>Boris Champy Petit Aigle Bourgogne Chardonnay &#8211; \u00c9lev\u00e9 en F\u00fbt 2024 is a dry white wine made from Chardonnay grapes in the Burgundy region of France.<\/p>\n<p>Keywords: <a href=\"https:\/\/wein-werte.com\/shop\/?swoof=1&#038;pa_producer=Boris-Champy\">Boris Champy<\/a> <a href=\"https:\/\/wein-werte.com\/shop\/?swoof=1&#038;woof_text=Petit Aigle, Bourgogne Chardonnay - \u00c9lev\u00e9 en F\u00fbt AOP\">Petit Aigle, Bourgogne Chardonnay &#8211; \u00c9lev\u00e9 en F\u00fbt AOP<\/a> 2024 bio <a href=\"https:\/\/wein-werte.com\/shop\/?swoof=1&#038;pa_region=Burgundy\">Burgundy<\/a> <a href=\"https:\/\/wein-werte.com\/shop\/?swoof=1&#038;pa_country=France\">France<\/a><\/p>\n<p>Producer website: <a href=\"https:\/\/www.domaineborischampy.com\/en\/home\/\" target=\"_blank\">https:\/\/www.domaineborischampy.com\/en\/home\/<\/a><\/p>\n","protected":false},"excerpt":{"rendered":"<p>Delivery time: 1 to 2 working days (DE), 2 to 5 working days (EU and CH)<\/p>\n","protected":false},"featured_media":1146453,"template":"","meta":[],"product_brand":[],"product_cat":[19],"product_tag":[],"class_list":{"0":"post-1146452","1":"product","2":"type-product","3":"status-publish","4":"has-post-thumbnail","6":"product_cat-unkategorisiert","7":"pa_alcohol-for-filter-12-5","8":"pa_certified-biodynamic-no","9":"pa_certified-organic-yes","10":"pa_colour-white","11":"pa_country-france","12":"pa_grape-chardonnay","13":"pa_price-for-filter-10567","14":"pa_producer-boris-champy","15":"pa_region-burgundy","16":"pa_size-ml-6584","17":"pa_sweetness-dry","18":"pa_type-2-still","19":"pa_vintage-13166","20":"entry","21":"has-media","23":"first","24":"instock","25":"taxable","26":"shipping-taxable","27":"purchasable","28":"product-type-simple"},"yoast_head":"<!-- This site is optimized with the Yoast SEO plugin v27.5 - https:\/\/yoast.com\/product\/yoast-seo-wordpress\/ -->\n<title>Boris Champy Petit Aigle Bourgogne Chardonnay - \u00c9lev\u00e9 en F\u00fbt 2024<\/title>\n<meta name=\"description\" content=\"Buy Boris Champy Petit Aigle Bourgogne Chardonnay - \u00c9lev\u00e9 en F\u00fbt 2024 - a dry Chardonnay from Burgundy, France - at Wein Werte, your sustainable online shop.\" \/>\n<meta name=\"robots\" content=\"index, follow, max-snippet:-1, max-image-preview:large, max-video-preview:-1\" \/>\n<link rel=\"canonical\" href=\"https:\/\/wein-werte.com\/en\/product\/boris-champy-petit-aigle-bourgogne-chardonnay-eleve-en-fut-2024-750ml\/\" \/>\n<meta property=\"og:locale\" content=\"en_US\" \/>\n<meta property=\"og:type\" content=\"article\" \/>\n<meta property=\"og:title\" content=\"Boris Champy Petit Aigle Bourgogne Chardonnay - \u00c9lev\u00e9 en F\u00fbt 2024\" \/>\n<meta property=\"og:description\" content=\"Buy Boris Champy Petit Aigle Bourgogne Chardonnay - \u00c9lev\u00e9 en F\u00fbt 2024 - a dry Chardonnay from Burgundy, France - at Wein Werte, your sustainable online shop.\" \/>\n<meta property=\"og:url\" content=\"https:\/\/wein-werte.com\/en\/product\/boris-champy-petit-aigle-bourgogne-chardonnay-eleve-en-fut-2024-750ml\/\" \/>\n<meta property=\"og:site_name\" content=\"Wein Werte\" \/>\n<meta property=\"article:modified_time\" content=\"2026-05-08T17:57:59+00:00\" \/>\n<meta property=\"og:image\" content=\"https:\/\/wein-werte.com\/wp-content\/uploads\/2026\/04\/Boris-Champy-Petit-Aigle-Bourgogne-Chardonnay-Eleve-en-Fut-2024-750ml.png\" \/>\n\t<meta property=\"og:image:width\" content=\"291\" \/>\n\t<meta property=\"og:image:height\" content=\"807\" \/>\n\t<meta property=\"og:image:type\" content=\"image\/png\" \/>\n<meta name=\"twitter:card\" content=\"summary_large_image\" \/>\n<script type=\"application\/ld+json\" class=\"yoast-schema-graph\">{\"@context\":\"https:\\\/\\\/schema.org\",\"@graph\":[{\"@type\":\"WebPage\",\"@id\":\"https:\\\/\\\/wein-werte.com\\\/en\\\/product\\\/boris-champy-petit-aigle-bourgogne-chardonnay-eleve-en-fut-2024-750ml\\\/\",\"url\":\"https:\\\/\\\/wein-werte.com\\\/en\\\/product\\\/boris-champy-petit-aigle-bourgogne-chardonnay-eleve-en-fut-2024-750ml\\\/\",\"name\":\"Boris Champy Petit Aigle Bourgogne Chardonnay - \u00c9lev\u00e9 en F\u00fbt 2024\",\"isPartOf\":{\"@id\":\"https:\\\/\\\/wein-werte.com\\\/de\\\/#website\"},\"primaryImageOfPage\":{\"@id\":\"https:\\\/\\\/wein-werte.com\\\/en\\\/product\\\/boris-champy-petit-aigle-bourgogne-chardonnay-eleve-en-fut-2024-750ml\\\/#primaryimage\"},\"image\":{\"@id\":\"https:\\\/\\\/wein-werte.com\\\/en\\\/product\\\/boris-champy-petit-aigle-bourgogne-chardonnay-eleve-en-fut-2024-750ml\\\/#primaryimage\"},\"thumbnailUrl\":\"https:\\\/\\\/wein-werte.com\\\/wp-content\\\/uploads\\\/2026\\\/04\\\/Boris-Champy-Petit-Aigle-Bourgogne-Chardonnay-Eleve-en-Fut-2024-750ml.png\",\"datePublished\":\"2026-05-08T17:57:58+00:00\",\"dateModified\":\"2026-05-08T17:57:59+00:00\",\"description\":\"Buy Boris Champy Petit Aigle Bourgogne Chardonnay - \u00c9lev\u00e9 en F\u00fbt 2024 - a dry Chardonnay from Burgundy, France - at Wein Werte, your sustainable online shop.\",\"breadcrumb\":{\"@id\":\"https:\\\/\\\/wein-werte.com\\\/en\\\/product\\\/boris-champy-petit-aigle-bourgogne-chardonnay-eleve-en-fut-2024-750ml\\\/#breadcrumb\"},\"inLanguage\":\"en-US\",\"potentialAction\":[{\"@type\":\"ReadAction\",\"target\":[\"https:\\\/\\\/wein-werte.com\\\/en\\\/product\\\/boris-champy-petit-aigle-bourgogne-chardonnay-eleve-en-fut-2024-750ml\\\/\"]}]},{\"@type\":\"ImageObject\",\"inLanguage\":\"en-US\",\"@id\":\"https:\\\/\\\/wein-werte.com\\\/en\\\/product\\\/boris-champy-petit-aigle-bourgogne-chardonnay-eleve-en-fut-2024-750ml\\\/#primaryimage\",\"url\":\"https:\\\/\\\/wein-werte.com\\\/wp-content\\\/uploads\\\/2026\\\/04\\\/Boris-Champy-Petit-Aigle-Bourgogne-Chardonnay-Eleve-en-Fut-2024-750ml.png\",\"contentUrl\":\"https:\\\/\\\/wein-werte.com\\\/wp-content\\\/uploads\\\/2026\\\/04\\\/Boris-Champy-Petit-Aigle-Bourgogne-Chardonnay-Eleve-en-Fut-2024-750ml.png\",\"width\":291,\"height\":807,\"caption\":\"Boris Champy Petit Aigle, Bourgogne Chardonnay - \u00c9lev\u00e9 en F\u00fbt AOP 2024 750ml\"},{\"@type\":\"BreadcrumbList\",\"@id\":\"https:\\\/\\\/wein-werte.com\\\/en\\\/product\\\/boris-champy-petit-aigle-bourgogne-chardonnay-eleve-en-fut-2024-750ml\\\/#breadcrumb\",\"itemListElement\":[{\"@type\":\"ListItem\",\"position\":1,\"name\":\"Home\",\"item\":\"https:\\\/\\\/wein-werte.com\\\/en\\\/\"},{\"@type\":\"ListItem\",\"position\":2,\"name\":\"Shop Page\",\"item\":\"https:\\\/\\\/wein-werte.com\\\/en\\\/shop\\\/\"},{\"@type\":\"ListItem\",\"position\":3,\"name\":\"Boris Champy | Burgundy | Petit Aigle, Bourgogne Chardonnay &#8211; \u00c9lev\u00e9 en F\u00fbt AOP | 2024 | 750ml | bio\"}]},{\"@type\":\"WebSite\",\"@id\":\"https:\\\/\\\/wein-werte.com\\\/de\\\/#website\",\"url\":\"https:\\\/\\\/wein-werte.com\\\/de\\\/\",\"name\":\"Wein Werte\",\"description\":\"\",\"publisher\":{\"@id\":\"https:\\\/\\\/wein-werte.com\\\/de\\\/#organization\"},\"potentialAction\":[{\"@type\":\"SearchAction\",\"target\":{\"@type\":\"EntryPoint\",\"urlTemplate\":\"https:\\\/\\\/wein-werte.com\\\/de\\\/?s={search_term_string}\"},\"query-input\":{\"@type\":\"PropertyValueSpecification\",\"valueRequired\":true,\"valueName\":\"search_term_string\"}}],\"inLanguage\":\"en-US\"},{\"@type\":\"Organization\",\"@id\":\"https:\\\/\\\/wein-werte.com\\\/de\\\/#organization\",\"name\":\"Vins Fins Thorrold\",\"url\":\"https:\\\/\\\/wein-werte.com\\\/de\\\/\",\"logo\":{\"@type\":\"ImageObject\",\"inLanguage\":\"en-US\",\"@id\":\"https:\\\/\\\/wein-werte.com\\\/de\\\/#\\\/schema\\\/logo\\\/image\\\/\",\"url\":\"https:\\\/\\\/wein-werte.com\\\/wp-content\\\/uploads\\\/2023\\\/07\\\/Wein_werte_Logo700-1.png\",\"contentUrl\":\"https:\\\/\\\/wein-werte.com\\\/wp-content\\\/uploads\\\/2023\\\/07\\\/Wein_werte_Logo700-1.png\",\"width\":700,\"height\":272,\"caption\":\"Vins Fins Thorrold\"},\"image\":{\"@id\":\"https:\\\/\\\/wein-werte.com\\\/de\\\/#\\\/schema\\\/logo\\\/image\\\/\"}}]}<\/script>\n<!-- \/ Yoast SEO plugin. -->","yoast_head_json":{"title":"Boris Champy Petit Aigle Bourgogne Chardonnay - \u00c9lev\u00e9 en F\u00fbt 2024","description":"Buy Boris Champy Petit Aigle Bourgogne Chardonnay - \u00c9lev\u00e9 en F\u00fbt 2024 - a dry Chardonnay from Burgundy, France - at Wein Werte, your sustainable online shop.","robots":{"index":"index","follow":"follow","max-snippet":"max-snippet:-1","max-image-preview":"max-image-preview:large","max-video-preview":"max-video-preview:-1"},"canonical":"https:\/\/wein-werte.com\/en\/product\/boris-champy-petit-aigle-bourgogne-chardonnay-eleve-en-fut-2024-750ml\/","og_locale":"en_US","og_type":"article","og_title":"Boris Champy Petit Aigle Bourgogne Chardonnay - \u00c9lev\u00e9 en F\u00fbt 2024","og_description":"Buy Boris Champy Petit Aigle Bourgogne Chardonnay - \u00c9lev\u00e9 en F\u00fbt 2024 - a dry Chardonnay from Burgundy, France - at Wein Werte, your sustainable online shop.","og_url":"https:\/\/wein-werte.com\/en\/product\/boris-champy-petit-aigle-bourgogne-chardonnay-eleve-en-fut-2024-750ml\/","og_site_name":"Wein Werte","article_modified_time":"2026-05-08T17:57:59+00:00","og_image":[{"width":291,"height":807,"url":"https:\/\/wein-werte.com\/wp-content\/uploads\/2026\/04\/Boris-Champy-Petit-Aigle-Bourgogne-Chardonnay-Eleve-en-Fut-2024-750ml.png","type":"image\/png"}],"twitter_card":"summary_large_image","schema":{"@context":"https:\/\/schema.org","@graph":[{"@type":"WebPage","@id":"https:\/\/wein-werte.com\/en\/product\/boris-champy-petit-aigle-bourgogne-chardonnay-eleve-en-fut-2024-750ml\/","url":"https:\/\/wein-werte.com\/en\/product\/boris-champy-petit-aigle-bourgogne-chardonnay-eleve-en-fut-2024-750ml\/","name":"Boris Champy Petit Aigle Bourgogne Chardonnay - \u00c9lev\u00e9 en F\u00fbt 2024","isPartOf":{"@id":"https:\/\/wein-werte.com\/de\/#website"},"primaryImageOfPage":{"@id":"https:\/\/wein-werte.com\/en\/product\/boris-champy-petit-aigle-bourgogne-chardonnay-eleve-en-fut-2024-750ml\/#primaryimage"},"image":{"@id":"https:\/\/wein-werte.com\/en\/product\/boris-champy-petit-aigle-bourgogne-chardonnay-eleve-en-fut-2024-750ml\/#primaryimage"},"thumbnailUrl":"https:\/\/wein-werte.com\/wp-content\/uploads\/2026\/04\/Boris-Champy-Petit-Aigle-Bourgogne-Chardonnay-Eleve-en-Fut-2024-750ml.png","datePublished":"2026-05-08T17:57:58+00:00","dateModified":"2026-05-08T17:57:59+00:00","description":"Buy Boris Champy Petit Aigle Bourgogne Chardonnay - \u00c9lev\u00e9 en F\u00fbt 2024 - a dry Chardonnay from Burgundy, France - at Wein Werte, your sustainable online shop.","breadcrumb":{"@id":"https:\/\/wein-werte.com\/en\/product\/boris-champy-petit-aigle-bourgogne-chardonnay-eleve-en-fut-2024-750ml\/#breadcrumb"},"inLanguage":"en-US","potentialAction":[{"@type":"ReadAction","target":["https:\/\/wein-werte.com\/en\/product\/boris-champy-petit-aigle-bourgogne-chardonnay-eleve-en-fut-2024-750ml\/"]}]},{"@type":"ImageObject","inLanguage":"en-US","@id":"https:\/\/wein-werte.com\/en\/product\/boris-champy-petit-aigle-bourgogne-chardonnay-eleve-en-fut-2024-750ml\/#primaryimage","url":"https:\/\/wein-werte.com\/wp-content\/uploads\/2026\/04\/Boris-Champy-Petit-Aigle-Bourgogne-Chardonnay-Eleve-en-Fut-2024-750ml.png","contentUrl":"https:\/\/wein-werte.com\/wp-content\/uploads\/2026\/04\/Boris-Champy-Petit-Aigle-Bourgogne-Chardonnay-Eleve-en-Fut-2024-750ml.png","width":291,"height":807,"caption":"Boris Champy Petit Aigle, Bourgogne Chardonnay - \u00c9lev\u00e9 en F\u00fbt AOP 2024 750ml"},{"@type":"BreadcrumbList","@id":"https:\/\/wein-werte.com\/en\/product\/boris-champy-petit-aigle-bourgogne-chardonnay-eleve-en-fut-2024-750ml\/#breadcrumb","itemListElement":[{"@type":"ListItem","position":1,"name":"Home","item":"https:\/\/wein-werte.com\/en\/"},{"@type":"ListItem","position":2,"name":"Shop Page","item":"https:\/\/wein-werte.com\/en\/shop\/"},{"@type":"ListItem","position":3,"name":"Boris Champy | Burgundy | Petit Aigle, Bourgogne Chardonnay &#8211; \u00c9lev\u00e9 en F\u00fbt AOP | 2024 | 750ml | bio"}]},{"@type":"WebSite","@id":"https:\/\/wein-werte.com\/de\/#website","url":"https:\/\/wein-werte.com\/de\/","name":"Wein Werte","description":"","publisher":{"@id":"https:\/\/wein-werte.com\/de\/#organization"},"potentialAction":[{"@type":"SearchAction","target":{"@type":"EntryPoint","urlTemplate":"https:\/\/wein-werte.com\/de\/?s={search_term_string}"},"query-input":{"@type":"PropertyValueSpecification","valueRequired":true,"valueName":"search_term_string"}}],"inLanguage":"en-US"},{"@type":"Organization","@id":"https:\/\/wein-werte.com\/de\/#organization","name":"Vins Fins Thorrold","url":"https:\/\/wein-werte.com\/de\/","logo":{"@type":"ImageObject","inLanguage":"en-US","@id":"https:\/\/wein-werte.com\/de\/#\/schema\/logo\/image\/","url":"https:\/\/wein-werte.com\/wp-content\/uploads\/2023\/07\/Wein_werte_Logo700-1.png","contentUrl":"https:\/\/wein-werte.com\/wp-content\/uploads\/2023\/07\/Wein_werte_Logo700-1.png","width":700,"height":272,"caption":"Vins Fins Thorrold"},"image":{"@id":"https:\/\/wein-werte.com\/de\/#\/schema\/logo\/image\/"}}]}},"_links":{"self":[{"href":"https:\/\/wein-werte.com\/en\/wp-json\/wp\/v2\/product\/1146452","targetHints":{"allow":["GET"]}}],"collection":[{"href":"https:\/\/wein-werte.com\/en\/wp-json\/wp\/v2\/product"}],"about":[{"href":"https:\/\/wein-werte.com\/en\/wp-json\/wp\/v2\/types\/product"}],"wp:featuredmedia":[{"embeddable":true,"href":"https:\/\/wein-werte.com\/en\/wp-json\/wp\/v2\/media\/1146453"}],"wp:attachment":[{"href":"https:\/\/wein-werte.com\/en\/wp-json\/wp\/v2\/media?parent=1146452"}],"wp:term":[{"taxonomy":"product_brand","embeddable":true,"href":"https:\/\/wein-werte.com\/en\/wp-json\/wp\/v2\/product_brand?post=1146452"},{"taxonomy":"product_cat","embeddable":true,"href":"https:\/\/wein-werte.com\/en\/wp-json\/wp\/v2\/product_cat?post=1146452"},{"taxonomy":"product_tag","embeddable":true,"href":"https:\/\/wein-werte.com\/en\/wp-json\/wp\/v2\/product_tag?post=1146452"}],"curies":[{"name":"wp","href":"https:\/\/api.w.org\/{rel}","templated":true}]}}