{"id":1125246,"date":"2026-05-08T20:10:31","date_gmt":"2026-05-08T18:10:31","guid":{"rendered":"https:\/\/wein-werte.com\/product\/chateau-falfas-chateau-falfas-2020-750ml\/"},"modified":"2026-05-08T20:10:32","modified_gmt":"2026-05-08T18:10:32","slug":"chateau-falfas-chateau-falfas-2020-750ml","status":"publish","type":"product","link":"https:\/\/wein-werte.com\/en\/product\/chateau-falfas-chateau-falfas-2020-750ml\/","title":{"rendered":"Ch\u00e2teau Falfas | Bordeaux | Ch\u00e2teau Falfas, C\u00f4tes de Bourg AOC | 2020 | 750ml | bio"},"content":{"rendered":"<p>Product description for Ch\u00e2teau Falfas Ch\u00e2teau Falfas, C\u00f4tes de Bourg AOC 2020 (bio)<\/p>\n<h5>Info<\/h5>\n<p>The cuv\u00e9e is based on 55% Merlot, 30% Cabernet Sauvignon, 10% Cabernet Franc, and 5% Malbec. The vines are on average 35 years old, and the wine is aged for 12 months in small barriques. <\/p>\n<h5>Color<\/h5>\n<p>Dense purple, with violet inclusions. <\/p>\n<h5>Nose<\/h5>\n<p>Elderberry, cassis, and red currant are prominent in the first row. Fortunately, none of the fruits are characterized by a jammy sweetness, but rather a well-balanced presence. Blackberry, raspberry, and a hint of sweet cherry come to the fore alongside plum in the second row. A breeze of black pepper, along with a touch of cinnamon and a hint of oriental spice, spreads. Cedarwood, cigar box, and pale tobacco leaves then slowly build. Dark chocolate, licorice, and roasted coffee are only subtly detectable at this young stage. Acacia wood, rosemary, and juniper lend it further balsamic and ethereal nuances. <\/p>\n<h5>Palate<\/h5>\n<p>On the first sip, the fruit flows voluptuously across the palate. Its robust tannin structure quickly arrives and provides relief. The tannin, with its slightly green accents, positively enlivens the fruit and plays an active role. This strikes a balance between spicy and fruity accents. It appears taut and its aromatic development is linear. Even in the aftertaste, the fruit is initially much more intense, but does not neglect to create space for the other nuances to unfold.<\/p>\n<p>Copyright Vinaturel 2025<\/p>\n<p>Keywords: <a href=\"https:\/\/wein-werte.com\/shop\/?swoof=1&#038;pa_producer=Ch\u00e2teau-Falfas\">Ch\u00e2teau Falfas<\/a> <a href=\"https:\/\/wein-werte.com\/shop\/?swoof=1&#038;woof_text=Ch\u00e2teau Falfas, C\u00f4tes de Bourg AOC\">Ch\u00e2teau Falfas, C\u00f4tes de Bourg AOC<\/a> 2020 bio <a href=\"https:\/\/wein-werte.com\/shop\/?swoof=1&#038;pa_region=Bordeaux\">Bordeaux<\/a> <a href=\"https:\/\/wein-werte.com\/shop\/?swoof=1&#038;pa_country=France\">France<\/a><\/p>\n<p>Producer website: <a href=\"https:\/\/www.chateaufalfas.com\/index.php\/fr\/\" target=\"_blank\">https:\/\/www.chateaufalfas.com\/index.php\/fr\/<\/a><\/p>\n","protected":false},"excerpt":{"rendered":"<p>Delivery time: 1 to 2 working days (DE), 2 to 5 working days (EU and CH)<\/p>\n","protected":false},"featured_media":1146359,"template":"","meta":[],"product_brand":[],"product_cat":[19],"product_tag":[],"class_list":{"0":"post-1125246","1":"product","2":"type-product","3":"status-publish","4":"has-post-thumbnail","6":"product_cat-unkategorisiert","7":"pa_alcohol-for-filter-13-5","8":"pa_certified-biodynamic-yes","9":"pa_certified-organic-yes","10":"pa_colour-red","11":"pa_country-france","12":"pa_grape-cabernet-franc-blend","13":"pa_price-for-filter-10582","14":"pa_producer-chateau-falfas","15":"pa_region-bordeaux","16":"pa_size-ml-6584","17":"pa_sweetness-dry","18":"pa_type-2-still","19":"pa_vintage-6599","20":"entry","21":"has-media","23":"first","24":"instock","25":"taxable","26":"shipping-taxable","27":"purchasable","28":"product-type-simple"},"yoast_head":"<!-- This site is optimized with the Yoast SEO plugin v27.5 - https:\/\/yoast.com\/product\/yoast-seo-wordpress\/ -->\n<title>Ch\u00e2teau Falfas Ch\u00e2teau Falfas 2020<\/title>\n<meta name=\"description\" content=\"Buy Ch\u00e2teau Falfas Ch\u00e2teau Falfas 2020 - a dry Cabernet Franc blend from Bordeaux, France - at Wein Werte, your sustainable online shop.\" \/>\n<meta name=\"robots\" content=\"index, follow, max-snippet:-1, max-image-preview:large, max-video-preview:-1\" \/>\n<link rel=\"canonical\" href=\"https:\/\/wein-werte.com\/en\/product\/chateau-falfas-chateau-falfas-2020-750ml\/\" \/>\n<meta property=\"og:locale\" content=\"en_US\" \/>\n<meta property=\"og:type\" content=\"article\" \/>\n<meta property=\"og:title\" content=\"Ch\u00e2teau Falfas Ch\u00e2teau Falfas 2020\" \/>\n<meta property=\"og:description\" content=\"Buy Ch\u00e2teau Falfas Ch\u00e2teau Falfas 2020 - a dry Cabernet Franc blend from Bordeaux, France - at Wein Werte, your sustainable online shop.\" \/>\n<meta property=\"og:url\" content=\"https:\/\/wein-werte.com\/en\/product\/chateau-falfas-chateau-falfas-2020-750ml\/\" \/>\n<meta property=\"og:site_name\" content=\"Wein Werte\" \/>\n<meta property=\"article:modified_time\" content=\"2026-05-08T18:10:32+00:00\" \/>\n<meta property=\"og:image\" content=\"https:\/\/wein-werte.com\/wp-content\/uploads\/2026\/04\/Chateau-Falfas-Chateau-Falfas-2020-750ml.png\" \/>\n\t<meta property=\"og:image:width\" content=\"302\" \/>\n\t<meta property=\"og:image:height\" content=\"1200\" \/>\n\t<meta property=\"og:image:type\" content=\"image\/png\" \/>\n<meta name=\"twitter:card\" content=\"summary_large_image\" \/>\n<meta name=\"twitter:label1\" content=\"Est. reading time\" \/>\n\t<meta name=\"twitter:data1\" content=\"1 minute\" \/>\n<script type=\"application\/ld+json\" class=\"yoast-schema-graph\">{\"@context\":\"https:\\\/\\\/schema.org\",\"@graph\":[{\"@type\":\"WebPage\",\"@id\":\"https:\\\/\\\/wein-werte.com\\\/en\\\/product\\\/chateau-falfas-chateau-falfas-2020-750ml\\\/\",\"url\":\"https:\\\/\\\/wein-werte.com\\\/en\\\/product\\\/chateau-falfas-chateau-falfas-2020-750ml\\\/\",\"name\":\"Ch\u00e2teau Falfas Ch\u00e2teau Falfas 2020\",\"isPartOf\":{\"@id\":\"https:\\\/\\\/wein-werte.com\\\/de\\\/#website\"},\"primaryImageOfPage\":{\"@id\":\"https:\\\/\\\/wein-werte.com\\\/en\\\/product\\\/chateau-falfas-chateau-falfas-2020-750ml\\\/#primaryimage\"},\"image\":{\"@id\":\"https:\\\/\\\/wein-werte.com\\\/en\\\/product\\\/chateau-falfas-chateau-falfas-2020-750ml\\\/#primaryimage\"},\"thumbnailUrl\":\"https:\\\/\\\/wein-werte.com\\\/wp-content\\\/uploads\\\/2026\\\/04\\\/Chateau-Falfas-Chateau-Falfas-2020-750ml.png\",\"datePublished\":\"2026-05-08T18:10:31+00:00\",\"dateModified\":\"2026-05-08T18:10:32+00:00\",\"description\":\"Buy Ch\u00e2teau Falfas Ch\u00e2teau Falfas 2020 - a dry Cabernet Franc blend from Bordeaux, France - at Wein Werte, your sustainable online shop.\",\"breadcrumb\":{\"@id\":\"https:\\\/\\\/wein-werte.com\\\/en\\\/product\\\/chateau-falfas-chateau-falfas-2020-750ml\\\/#breadcrumb\"},\"inLanguage\":\"en-US\",\"potentialAction\":[{\"@type\":\"ReadAction\",\"target\":[\"https:\\\/\\\/wein-werte.com\\\/en\\\/product\\\/chateau-falfas-chateau-falfas-2020-750ml\\\/\"]}]},{\"@type\":\"ImageObject\",\"inLanguage\":\"en-US\",\"@id\":\"https:\\\/\\\/wein-werte.com\\\/en\\\/product\\\/chateau-falfas-chateau-falfas-2020-750ml\\\/#primaryimage\",\"url\":\"https:\\\/\\\/wein-werte.com\\\/wp-content\\\/uploads\\\/2026\\\/04\\\/Chateau-Falfas-Chateau-Falfas-2020-750ml.png\",\"contentUrl\":\"https:\\\/\\\/wein-werte.com\\\/wp-content\\\/uploads\\\/2026\\\/04\\\/Chateau-Falfas-Chateau-Falfas-2020-750ml.png\",\"width\":302,\"height\":1200,\"caption\":\"Ch\u00e2teau Falfas Ch\u00e2teau Falfas, C\u00f4tes de Bourg AOC 2020 750ml\"},{\"@type\":\"BreadcrumbList\",\"@id\":\"https:\\\/\\\/wein-werte.com\\\/en\\\/product\\\/chateau-falfas-chateau-falfas-2020-750ml\\\/#breadcrumb\",\"itemListElement\":[{\"@type\":\"ListItem\",\"position\":1,\"name\":\"Home\",\"item\":\"https:\\\/\\\/wein-werte.com\\\/en\\\/\"},{\"@type\":\"ListItem\",\"position\":2,\"name\":\"Shop Page\",\"item\":\"https:\\\/\\\/wein-werte.com\\\/en\\\/shop\\\/\"},{\"@type\":\"ListItem\",\"position\":3,\"name\":\"Ch\u00e2teau Falfas | Bordeaux | Ch\u00e2teau Falfas, C\u00f4tes de Bourg AOC | 2020 | 750ml | bio\"}]},{\"@type\":\"WebSite\",\"@id\":\"https:\\\/\\\/wein-werte.com\\\/de\\\/#website\",\"url\":\"https:\\\/\\\/wein-werte.com\\\/de\\\/\",\"name\":\"Wein Werte\",\"description\":\"\",\"publisher\":{\"@id\":\"https:\\\/\\\/wein-werte.com\\\/de\\\/#organization\"},\"potentialAction\":[{\"@type\":\"SearchAction\",\"target\":{\"@type\":\"EntryPoint\",\"urlTemplate\":\"https:\\\/\\\/wein-werte.com\\\/de\\\/?s={search_term_string}\"},\"query-input\":{\"@type\":\"PropertyValueSpecification\",\"valueRequired\":true,\"valueName\":\"search_term_string\"}}],\"inLanguage\":\"en-US\"},{\"@type\":\"Organization\",\"@id\":\"https:\\\/\\\/wein-werte.com\\\/de\\\/#organization\",\"name\":\"Vins Fins Thorrold\",\"url\":\"https:\\\/\\\/wein-werte.com\\\/de\\\/\",\"logo\":{\"@type\":\"ImageObject\",\"inLanguage\":\"en-US\",\"@id\":\"https:\\\/\\\/wein-werte.com\\\/de\\\/#\\\/schema\\\/logo\\\/image\\\/\",\"url\":\"https:\\\/\\\/wein-werte.com\\\/wp-content\\\/uploads\\\/2023\\\/07\\\/Wein_werte_Logo700-1.png\",\"contentUrl\":\"https:\\\/\\\/wein-werte.com\\\/wp-content\\\/uploads\\\/2023\\\/07\\\/Wein_werte_Logo700-1.png\",\"width\":700,\"height\":272,\"caption\":\"Vins Fins Thorrold\"},\"image\":{\"@id\":\"https:\\\/\\\/wein-werte.com\\\/de\\\/#\\\/schema\\\/logo\\\/image\\\/\"}}]}<\/script>\n<!-- \/ Yoast SEO plugin. -->","yoast_head_json":{"title":"Ch\u00e2teau Falfas Ch\u00e2teau Falfas 2020","description":"Buy Ch\u00e2teau Falfas Ch\u00e2teau Falfas 2020 - a dry Cabernet Franc blend from Bordeaux, France - at Wein Werte, your sustainable online shop.","robots":{"index":"index","follow":"follow","max-snippet":"max-snippet:-1","max-image-preview":"max-image-preview:large","max-video-preview":"max-video-preview:-1"},"canonical":"https:\/\/wein-werte.com\/en\/product\/chateau-falfas-chateau-falfas-2020-750ml\/","og_locale":"en_US","og_type":"article","og_title":"Ch\u00e2teau Falfas Ch\u00e2teau Falfas 2020","og_description":"Buy Ch\u00e2teau Falfas Ch\u00e2teau Falfas 2020 - a dry Cabernet Franc blend from Bordeaux, France - at Wein Werte, your sustainable online shop.","og_url":"https:\/\/wein-werte.com\/en\/product\/chateau-falfas-chateau-falfas-2020-750ml\/","og_site_name":"Wein Werte","article_modified_time":"2026-05-08T18:10:32+00:00","og_image":[{"width":302,"height":1200,"url":"https:\/\/wein-werte.com\/wp-content\/uploads\/2026\/04\/Chateau-Falfas-Chateau-Falfas-2020-750ml.png","type":"image\/png"}],"twitter_card":"summary_large_image","twitter_misc":{"Est. reading time":"1 minute"},"schema":{"@context":"https:\/\/schema.org","@graph":[{"@type":"WebPage","@id":"https:\/\/wein-werte.com\/en\/product\/chateau-falfas-chateau-falfas-2020-750ml\/","url":"https:\/\/wein-werte.com\/en\/product\/chateau-falfas-chateau-falfas-2020-750ml\/","name":"Ch\u00e2teau Falfas Ch\u00e2teau Falfas 2020","isPartOf":{"@id":"https:\/\/wein-werte.com\/de\/#website"},"primaryImageOfPage":{"@id":"https:\/\/wein-werte.com\/en\/product\/chateau-falfas-chateau-falfas-2020-750ml\/#primaryimage"},"image":{"@id":"https:\/\/wein-werte.com\/en\/product\/chateau-falfas-chateau-falfas-2020-750ml\/#primaryimage"},"thumbnailUrl":"https:\/\/wein-werte.com\/wp-content\/uploads\/2026\/04\/Chateau-Falfas-Chateau-Falfas-2020-750ml.png","datePublished":"2026-05-08T18:10:31+00:00","dateModified":"2026-05-08T18:10:32+00:00","description":"Buy Ch\u00e2teau Falfas Ch\u00e2teau Falfas 2020 - a dry Cabernet Franc blend from Bordeaux, France - at Wein Werte, your sustainable online shop.","breadcrumb":{"@id":"https:\/\/wein-werte.com\/en\/product\/chateau-falfas-chateau-falfas-2020-750ml\/#breadcrumb"},"inLanguage":"en-US","potentialAction":[{"@type":"ReadAction","target":["https:\/\/wein-werte.com\/en\/product\/chateau-falfas-chateau-falfas-2020-750ml\/"]}]},{"@type":"ImageObject","inLanguage":"en-US","@id":"https:\/\/wein-werte.com\/en\/product\/chateau-falfas-chateau-falfas-2020-750ml\/#primaryimage","url":"https:\/\/wein-werte.com\/wp-content\/uploads\/2026\/04\/Chateau-Falfas-Chateau-Falfas-2020-750ml.png","contentUrl":"https:\/\/wein-werte.com\/wp-content\/uploads\/2026\/04\/Chateau-Falfas-Chateau-Falfas-2020-750ml.png","width":302,"height":1200,"caption":"Ch\u00e2teau Falfas Ch\u00e2teau Falfas, C\u00f4tes de Bourg AOC 2020 750ml"},{"@type":"BreadcrumbList","@id":"https:\/\/wein-werte.com\/en\/product\/chateau-falfas-chateau-falfas-2020-750ml\/#breadcrumb","itemListElement":[{"@type":"ListItem","position":1,"name":"Home","item":"https:\/\/wein-werte.com\/en\/"},{"@type":"ListItem","position":2,"name":"Shop Page","item":"https:\/\/wein-werte.com\/en\/shop\/"},{"@type":"ListItem","position":3,"name":"Ch\u00e2teau Falfas | Bordeaux | Ch\u00e2teau Falfas, C\u00f4tes de Bourg AOC | 2020 | 750ml | bio"}]},{"@type":"WebSite","@id":"https:\/\/wein-werte.com\/de\/#website","url":"https:\/\/wein-werte.com\/de\/","name":"Wein Werte","description":"","publisher":{"@id":"https:\/\/wein-werte.com\/de\/#organization"},"potentialAction":[{"@type":"SearchAction","target":{"@type":"EntryPoint","urlTemplate":"https:\/\/wein-werte.com\/de\/?s={search_term_string}"},"query-input":{"@type":"PropertyValueSpecification","valueRequired":true,"valueName":"search_term_string"}}],"inLanguage":"en-US"},{"@type":"Organization","@id":"https:\/\/wein-werte.com\/de\/#organization","name":"Vins Fins Thorrold","url":"https:\/\/wein-werte.com\/de\/","logo":{"@type":"ImageObject","inLanguage":"en-US","@id":"https:\/\/wein-werte.com\/de\/#\/schema\/logo\/image\/","url":"https:\/\/wein-werte.com\/wp-content\/uploads\/2023\/07\/Wein_werte_Logo700-1.png","contentUrl":"https:\/\/wein-werte.com\/wp-content\/uploads\/2023\/07\/Wein_werte_Logo700-1.png","width":700,"height":272,"caption":"Vins Fins Thorrold"},"image":{"@id":"https:\/\/wein-werte.com\/de\/#\/schema\/logo\/image\/"}}]}},"_links":{"self":[{"href":"https:\/\/wein-werte.com\/en\/wp-json\/wp\/v2\/product\/1125246","targetHints":{"allow":["GET"]}}],"collection":[{"href":"https:\/\/wein-werte.com\/en\/wp-json\/wp\/v2\/product"}],"about":[{"href":"https:\/\/wein-werte.com\/en\/wp-json\/wp\/v2\/types\/product"}],"wp:featuredmedia":[{"embeddable":true,"href":"https:\/\/wein-werte.com\/en\/wp-json\/wp\/v2\/media\/1146359"}],"wp:attachment":[{"href":"https:\/\/wein-werte.com\/en\/wp-json\/wp\/v2\/media?parent=1125246"}],"wp:term":[{"taxonomy":"product_brand","embeddable":true,"href":"https:\/\/wein-werte.com\/en\/wp-json\/wp\/v2\/product_brand?post=1125246"},{"taxonomy":"product_cat","embeddable":true,"href":"https:\/\/wein-werte.com\/en\/wp-json\/wp\/v2\/product_cat?post=1125246"},{"taxonomy":"product_tag","embeddable":true,"href":"https:\/\/wein-werte.com\/en\/wp-json\/wp\/v2\/product_tag?post=1125246"}],"curies":[{"name":"wp","href":"https:\/\/api.w.org\/{rel}","templated":true}]}}