{"id":1125242,"date":"2026-05-08T20:10:30","date_gmt":"2026-05-08T18:10:30","guid":{"rendered":"https:\/\/wein-werte.com\/product\/chateau-falfas-chateau-falfas-2019-375ml\/"},"modified":"2026-05-08T20:10:30","modified_gmt":"2026-05-08T18:10:30","slug":"chateau-falfas-chateau-falfas-2019-375ml","status":"publish","type":"product","link":"https:\/\/wein-werte.com\/en\/product\/chateau-falfas-chateau-falfas-2019-375ml\/","title":{"rendered":"Ch\u00e2teau Falfas | Bordeaux | Ch\u00e2teau Falfas, C\u00f4tes de Bourg AOC | 2019 | 375ml | bio"},"content":{"rendered":"<p>Product description for Ch\u00e2teau Falfas Ch\u00e2teau Falfas, C\u00f4tes de Bourg AOC 2019 (bio)<\/p>\n<h5>Color<\/h5>\n<p>Bright cherry red <\/p>\n<h5>Nose<\/h5>\n<p>2019 Ch\u00e2teau Falfas combines a great deal of character, animal spice, and a delicately smoky note on the nose. Wild cherry, raspberry, red currant, and cassis contribute ample fruit. It appears wild, untamed, and still somewhat restless. But that certainly has its charm. A hint of horse sweat and warm leather. But that&#8217;s exactly what the shape deserves. Bergamot and lavender convey an unusual range of aromas. Cinnamon plum, cinnamon zest, juniper, and black pepper impart wintry, spicy nuances that suit it very well. With patience and oxygen in the glass, it unfolds its chocolatey side, which is successfully supported by roasted coffee beans. It benefits enormously from a metallic, cool component that gives it a linear appearance. <\/p>\n<h5>Palate<\/h5>\n<p>On the first sip, it immediately confirms the expectations of the nose. Astringent and gripping. Present, yet well-integrated tannins. Subtle green nuances. A slight spiciness. Delicate with a graphite note that conveys plenty of coolness. The acidity characterizes it pleasantly. The fruit is fragmented, slightly acidic, and lingers long on the palate, especially in the finish. The hint of bergamot manifests itself again here. The animal notes are completely shed on the palate. It is balanced and relaxed. Bordeaux can also be enjoyed freely.<\/p>\n<p>Copyright Vinaturel 2025<\/p>\n<p>Keywords: <a href=\"https:\/\/wein-werte.com\/shop\/?swoof=1&#038;pa_producer=Ch\u00e2teau-Falfas\">Ch\u00e2teau Falfas<\/a> <a href=\"https:\/\/wein-werte.com\/shop\/?swoof=1&#038;woof_text=Ch\u00e2teau Falfas, C\u00f4tes de Bourg AOC\">Ch\u00e2teau Falfas, C\u00f4tes de Bourg AOC<\/a> 2019 bio <a href=\"https:\/\/wein-werte.com\/shop\/?swoof=1&#038;pa_region=Bordeaux\">Bordeaux<\/a> <a href=\"https:\/\/wein-werte.com\/shop\/?swoof=1&#038;pa_country=France\">France<\/a><\/p>\n<p>Producer website: <a href=\"https:\/\/www.chateaufalfas.com\/index.php\/fr\/\" target=\"_blank\">https:\/\/www.chateaufalfas.com\/index.php\/fr\/<\/a><\/p>\n","protected":false},"excerpt":{"rendered":"<p>Delivery time: 1 to 2 working days (DE), 2 to 5 working days (EU and CH)<\/p>\n","protected":false},"featured_media":1146349,"template":"","meta":[],"product_brand":[],"product_cat":[19],"product_tag":[],"class_list":{"0":"post-1125242","1":"product","2":"type-product","3":"status-publish","4":"has-post-thumbnail","6":"product_cat-unkategorisiert","7":"pa_alcohol-for-filter-13-5","8":"pa_certified-biodynamic-yes","9":"pa_certified-organic-yes","10":"pa_colour-red","11":"pa_country-france","12":"pa_grape-cabernet-franc-blend","13":"pa_price-for-filter-10569","14":"pa_producer-chateau-falfas","15":"pa_region-bordeaux","16":"pa_size-ml-6721","17":"pa_sweetness-dry","18":"pa_type-2-still","19":"pa_vintage-6583","20":"entry","21":"has-media","23":"first","24":"instock","25":"taxable","26":"shipping-taxable","27":"purchasable","28":"product-type-simple"},"yoast_head":"<!-- This site is optimized with the Yoast SEO plugin v27.5 - https:\/\/yoast.com\/product\/yoast-seo-wordpress\/ -->\n<title>Ch\u00e2teau Falfas Ch\u00e2teau Falfas 2019, 375ml<\/title>\n<meta name=\"description\" content=\"Buy Ch\u00e2teau Falfas Ch\u00e2teau Falfas 2019 - a dry Cabernet Franc blend from Bordeaux, France - at Wein Werte, your sustainable online shop.\" \/>\n<meta name=\"robots\" content=\"index, follow, max-snippet:-1, max-image-preview:large, max-video-preview:-1\" \/>\n<link rel=\"canonical\" href=\"https:\/\/wein-werte.com\/en\/product\/chateau-falfas-chateau-falfas-2019-375ml\/\" \/>\n<meta property=\"og:locale\" content=\"en_US\" \/>\n<meta property=\"og:type\" content=\"article\" \/>\n<meta property=\"og:title\" content=\"Ch\u00e2teau Falfas Ch\u00e2teau Falfas 2019, 375ml\" \/>\n<meta property=\"og:description\" content=\"Buy Ch\u00e2teau Falfas Ch\u00e2teau Falfas 2019 - a dry Cabernet Franc blend from Bordeaux, France - at Wein Werte, your sustainable online shop.\" \/>\n<meta property=\"og:url\" content=\"https:\/\/wein-werte.com\/en\/product\/chateau-falfas-chateau-falfas-2019-375ml\/\" \/>\n<meta property=\"og:site_name\" content=\"Wein Werte\" \/>\n<meta property=\"og:image\" content=\"https:\/\/wein-werte.com\/wp-content\/uploads\/2026\/04\/Chateau-Falfas-Chateau-Falfas-2019-375ml.png\" \/>\n\t<meta property=\"og:image:width\" content=\"306\" \/>\n\t<meta property=\"og:image:height\" content=\"1200\" \/>\n\t<meta property=\"og:image:type\" content=\"image\/png\" \/>\n<meta name=\"twitter:card\" content=\"summary_large_image\" \/>\n<meta name=\"twitter:label1\" content=\"Est. reading time\" \/>\n\t<meta name=\"twitter:data1\" content=\"1 minute\" \/>\n<script type=\"application\/ld+json\" class=\"yoast-schema-graph\">{\"@context\":\"https:\\\/\\\/schema.org\",\"@graph\":[{\"@type\":\"WebPage\",\"@id\":\"https:\\\/\\\/wein-werte.com\\\/en\\\/product\\\/chateau-falfas-chateau-falfas-2019-375ml\\\/\",\"url\":\"https:\\\/\\\/wein-werte.com\\\/en\\\/product\\\/chateau-falfas-chateau-falfas-2019-375ml\\\/\",\"name\":\"Ch\u00e2teau Falfas Ch\u00e2teau Falfas 2019, 375ml\",\"isPartOf\":{\"@id\":\"https:\\\/\\\/wein-werte.com\\\/de\\\/#website\"},\"primaryImageOfPage\":{\"@id\":\"https:\\\/\\\/wein-werte.com\\\/en\\\/product\\\/chateau-falfas-chateau-falfas-2019-375ml\\\/#primaryimage\"},\"image\":{\"@id\":\"https:\\\/\\\/wein-werte.com\\\/en\\\/product\\\/chateau-falfas-chateau-falfas-2019-375ml\\\/#primaryimage\"},\"thumbnailUrl\":\"https:\\\/\\\/wein-werte.com\\\/wp-content\\\/uploads\\\/2026\\\/04\\\/Chateau-Falfas-Chateau-Falfas-2019-375ml.png\",\"datePublished\":\"2026-05-08T18:10:30+00:00\",\"description\":\"Buy Ch\u00e2teau Falfas Ch\u00e2teau Falfas 2019 - a dry Cabernet Franc blend from Bordeaux, France - at Wein Werte, your sustainable online shop.\",\"breadcrumb\":{\"@id\":\"https:\\\/\\\/wein-werte.com\\\/en\\\/product\\\/chateau-falfas-chateau-falfas-2019-375ml\\\/#breadcrumb\"},\"inLanguage\":\"en-US\",\"potentialAction\":[{\"@type\":\"ReadAction\",\"target\":[\"https:\\\/\\\/wein-werte.com\\\/en\\\/product\\\/chateau-falfas-chateau-falfas-2019-375ml\\\/\"]}]},{\"@type\":\"ImageObject\",\"inLanguage\":\"en-US\",\"@id\":\"https:\\\/\\\/wein-werte.com\\\/en\\\/product\\\/chateau-falfas-chateau-falfas-2019-375ml\\\/#primaryimage\",\"url\":\"https:\\\/\\\/wein-werte.com\\\/wp-content\\\/uploads\\\/2026\\\/04\\\/Chateau-Falfas-Chateau-Falfas-2019-375ml.png\",\"contentUrl\":\"https:\\\/\\\/wein-werte.com\\\/wp-content\\\/uploads\\\/2026\\\/04\\\/Chateau-Falfas-Chateau-Falfas-2019-375ml.png\",\"width\":306,\"height\":1200,\"caption\":\"Ch\u00e2teau Falfas Ch\u00e2teau Falfas, C\u00f4tes de Bourg AOC 2019 375ml\"},{\"@type\":\"BreadcrumbList\",\"@id\":\"https:\\\/\\\/wein-werte.com\\\/en\\\/product\\\/chateau-falfas-chateau-falfas-2019-375ml\\\/#breadcrumb\",\"itemListElement\":[{\"@type\":\"ListItem\",\"position\":1,\"name\":\"Home\",\"item\":\"https:\\\/\\\/wein-werte.com\\\/en\\\/\"},{\"@type\":\"ListItem\",\"position\":2,\"name\":\"Shop Page\",\"item\":\"https:\\\/\\\/wein-werte.com\\\/en\\\/shop\\\/\"},{\"@type\":\"ListItem\",\"position\":3,\"name\":\"Ch\u00e2teau Falfas | Bordeaux | Ch\u00e2teau Falfas, C\u00f4tes de Bourg AOC | 2019 | 375ml | bio\"}]},{\"@type\":\"WebSite\",\"@id\":\"https:\\\/\\\/wein-werte.com\\\/de\\\/#website\",\"url\":\"https:\\\/\\\/wein-werte.com\\\/de\\\/\",\"name\":\"Wein Werte\",\"description\":\"\",\"publisher\":{\"@id\":\"https:\\\/\\\/wein-werte.com\\\/de\\\/#organization\"},\"potentialAction\":[{\"@type\":\"SearchAction\",\"target\":{\"@type\":\"EntryPoint\",\"urlTemplate\":\"https:\\\/\\\/wein-werte.com\\\/de\\\/?s={search_term_string}\"},\"query-input\":{\"@type\":\"PropertyValueSpecification\",\"valueRequired\":true,\"valueName\":\"search_term_string\"}}],\"inLanguage\":\"en-US\"},{\"@type\":\"Organization\",\"@id\":\"https:\\\/\\\/wein-werte.com\\\/de\\\/#organization\",\"name\":\"Vins Fins Thorrold\",\"url\":\"https:\\\/\\\/wein-werte.com\\\/de\\\/\",\"logo\":{\"@type\":\"ImageObject\",\"inLanguage\":\"en-US\",\"@id\":\"https:\\\/\\\/wein-werte.com\\\/de\\\/#\\\/schema\\\/logo\\\/image\\\/\",\"url\":\"https:\\\/\\\/wein-werte.com\\\/wp-content\\\/uploads\\\/2023\\\/07\\\/Wein_werte_Logo700-1.png\",\"contentUrl\":\"https:\\\/\\\/wein-werte.com\\\/wp-content\\\/uploads\\\/2023\\\/07\\\/Wein_werte_Logo700-1.png\",\"width\":700,\"height\":272,\"caption\":\"Vins Fins Thorrold\"},\"image\":{\"@id\":\"https:\\\/\\\/wein-werte.com\\\/de\\\/#\\\/schema\\\/logo\\\/image\\\/\"}}]}<\/script>\n<!-- \/ Yoast SEO plugin. -->","yoast_head_json":{"title":"Ch\u00e2teau Falfas Ch\u00e2teau Falfas 2019, 375ml","description":"Buy Ch\u00e2teau Falfas Ch\u00e2teau Falfas 2019 - a dry Cabernet Franc blend from Bordeaux, France - at Wein Werte, your sustainable online shop.","robots":{"index":"index","follow":"follow","max-snippet":"max-snippet:-1","max-image-preview":"max-image-preview:large","max-video-preview":"max-video-preview:-1"},"canonical":"https:\/\/wein-werte.com\/en\/product\/chateau-falfas-chateau-falfas-2019-375ml\/","og_locale":"en_US","og_type":"article","og_title":"Ch\u00e2teau Falfas Ch\u00e2teau Falfas 2019, 375ml","og_description":"Buy Ch\u00e2teau Falfas Ch\u00e2teau Falfas 2019 - a dry Cabernet Franc blend from Bordeaux, France - at Wein Werte, your sustainable online shop.","og_url":"https:\/\/wein-werte.com\/en\/product\/chateau-falfas-chateau-falfas-2019-375ml\/","og_site_name":"Wein Werte","og_image":[{"width":306,"height":1200,"url":"https:\/\/wein-werte.com\/wp-content\/uploads\/2026\/04\/Chateau-Falfas-Chateau-Falfas-2019-375ml.png","type":"image\/png"}],"twitter_card":"summary_large_image","twitter_misc":{"Est. reading time":"1 minute"},"schema":{"@context":"https:\/\/schema.org","@graph":[{"@type":"WebPage","@id":"https:\/\/wein-werte.com\/en\/product\/chateau-falfas-chateau-falfas-2019-375ml\/","url":"https:\/\/wein-werte.com\/en\/product\/chateau-falfas-chateau-falfas-2019-375ml\/","name":"Ch\u00e2teau Falfas Ch\u00e2teau Falfas 2019, 375ml","isPartOf":{"@id":"https:\/\/wein-werte.com\/de\/#website"},"primaryImageOfPage":{"@id":"https:\/\/wein-werte.com\/en\/product\/chateau-falfas-chateau-falfas-2019-375ml\/#primaryimage"},"image":{"@id":"https:\/\/wein-werte.com\/en\/product\/chateau-falfas-chateau-falfas-2019-375ml\/#primaryimage"},"thumbnailUrl":"https:\/\/wein-werte.com\/wp-content\/uploads\/2026\/04\/Chateau-Falfas-Chateau-Falfas-2019-375ml.png","datePublished":"2026-05-08T18:10:30+00:00","description":"Buy Ch\u00e2teau Falfas Ch\u00e2teau Falfas 2019 - a dry Cabernet Franc blend from Bordeaux, France - at Wein Werte, your sustainable online shop.","breadcrumb":{"@id":"https:\/\/wein-werte.com\/en\/product\/chateau-falfas-chateau-falfas-2019-375ml\/#breadcrumb"},"inLanguage":"en-US","potentialAction":[{"@type":"ReadAction","target":["https:\/\/wein-werte.com\/en\/product\/chateau-falfas-chateau-falfas-2019-375ml\/"]}]},{"@type":"ImageObject","inLanguage":"en-US","@id":"https:\/\/wein-werte.com\/en\/product\/chateau-falfas-chateau-falfas-2019-375ml\/#primaryimage","url":"https:\/\/wein-werte.com\/wp-content\/uploads\/2026\/04\/Chateau-Falfas-Chateau-Falfas-2019-375ml.png","contentUrl":"https:\/\/wein-werte.com\/wp-content\/uploads\/2026\/04\/Chateau-Falfas-Chateau-Falfas-2019-375ml.png","width":306,"height":1200,"caption":"Ch\u00e2teau Falfas Ch\u00e2teau Falfas, C\u00f4tes de Bourg AOC 2019 375ml"},{"@type":"BreadcrumbList","@id":"https:\/\/wein-werte.com\/en\/product\/chateau-falfas-chateau-falfas-2019-375ml\/#breadcrumb","itemListElement":[{"@type":"ListItem","position":1,"name":"Home","item":"https:\/\/wein-werte.com\/en\/"},{"@type":"ListItem","position":2,"name":"Shop Page","item":"https:\/\/wein-werte.com\/en\/shop\/"},{"@type":"ListItem","position":3,"name":"Ch\u00e2teau Falfas | Bordeaux | Ch\u00e2teau Falfas, C\u00f4tes de Bourg AOC | 2019 | 375ml | bio"}]},{"@type":"WebSite","@id":"https:\/\/wein-werte.com\/de\/#website","url":"https:\/\/wein-werte.com\/de\/","name":"Wein Werte","description":"","publisher":{"@id":"https:\/\/wein-werte.com\/de\/#organization"},"potentialAction":[{"@type":"SearchAction","target":{"@type":"EntryPoint","urlTemplate":"https:\/\/wein-werte.com\/de\/?s={search_term_string}"},"query-input":{"@type":"PropertyValueSpecification","valueRequired":true,"valueName":"search_term_string"}}],"inLanguage":"en-US"},{"@type":"Organization","@id":"https:\/\/wein-werte.com\/de\/#organization","name":"Vins Fins Thorrold","url":"https:\/\/wein-werte.com\/de\/","logo":{"@type":"ImageObject","inLanguage":"en-US","@id":"https:\/\/wein-werte.com\/de\/#\/schema\/logo\/image\/","url":"https:\/\/wein-werte.com\/wp-content\/uploads\/2023\/07\/Wein_werte_Logo700-1.png","contentUrl":"https:\/\/wein-werte.com\/wp-content\/uploads\/2023\/07\/Wein_werte_Logo700-1.png","width":700,"height":272,"caption":"Vins Fins Thorrold"},"image":{"@id":"https:\/\/wein-werte.com\/de\/#\/schema\/logo\/image\/"}}]}},"_links":{"self":[{"href":"https:\/\/wein-werte.com\/en\/wp-json\/wp\/v2\/product\/1125242","targetHints":{"allow":["GET"]}}],"collection":[{"href":"https:\/\/wein-werte.com\/en\/wp-json\/wp\/v2\/product"}],"about":[{"href":"https:\/\/wein-werte.com\/en\/wp-json\/wp\/v2\/types\/product"}],"wp:featuredmedia":[{"embeddable":true,"href":"https:\/\/wein-werte.com\/en\/wp-json\/wp\/v2\/media\/1146349"}],"wp:attachment":[{"href":"https:\/\/wein-werte.com\/en\/wp-json\/wp\/v2\/media?parent=1125242"}],"wp:term":[{"taxonomy":"product_brand","embeddable":true,"href":"https:\/\/wein-werte.com\/en\/wp-json\/wp\/v2\/product_brand?post=1125242"},{"taxonomy":"product_cat","embeddable":true,"href":"https:\/\/wein-werte.com\/en\/wp-json\/wp\/v2\/product_cat?post=1125242"},{"taxonomy":"product_tag","embeddable":true,"href":"https:\/\/wein-werte.com\/en\/wp-json\/wp\/v2\/product_tag?post=1125242"}],"curies":[{"name":"wp","href":"https:\/\/api.w.org\/{rel}","templated":true}]}}