{"id":1125238,"date":"2026-04-27T13:36:21","date_gmt":"2026-04-27T11:36:21","guid":{"rendered":"https:\/\/wein-werte.com\/product\/liv-vincendeau-cremant-de-loire-reserve-zeitlos-zero-brut-2019-750ml\/"},"modified":"2026-04-27T13:36:22","modified_gmt":"2026-04-27T11:36:22","slug":"liv-vincendeau-cremant-de-loire-reserve-zeitlos-zero-brut-2019-750ml","status":"publish","type":"product","link":"https:\/\/wein-werte.com\/en\/product\/liv-vincendeau-cremant-de-loire-reserve-zeitlos-zero-brut-2019-750ml\/","title":{"rendered":"Liv Vincendeau | Loire | Cr\u00e9mant de Loire R\u00e9serve &#8220;Zeitlos&#8221; Z\u00e9ro Brut AOP | 2019 | 750ml | bio"},"content":{"rendered":"<p>Product description for Liv Vincendeau Cr\u00e9mant de Loire R\u00e9serve &#8220;Zeitlos&#8221; Z\u00e9ro Brut AOP 2019 (bio)<\/p>\n<h5>Wine Information<\/h5>\n<p> This Cr\u00e9mant is a 100% Chenin Blanc. The fruit comes from an old vineyard with green and purple slate, volcanic rock, and quartz. The fruit was harvested in the first half of September 2019 with yields of around 45 hl\/ha. After whole-bunch pressing and spontaneous fermentation, the Chenin Blanc was bottled in February 2020, where it underwent a second fermentation. It was disgorged after 48 months of aging on the lees with zero dosage. <\/p>\n<h5>Colour<\/h5>\n<p> Intense straw yellow with fine perlage <\/p>\n<h5>Nose<\/h5>\n<p> The Zeitlos is a Cr\u00e9mant de Loire R\u00e9serve of great finesse and precision. This is Chenin Blanc at Champagne level. Thanks to its long lees aging, it has developed the finest pastry notes, blending aromas of lemons and grapefruits, pears, graphite, and herbs. Added to this are hints of almonds and chalk. The result is pure, clear, with a light attack and sensuality. <\/p>\n<h5>Palate<\/h5>\n<p> On the palate, the Zeitlos R\u00e9serve shows that Liv Vincendeau has reached her goal. She always wanted her Cr\u00e9mants to age longer on the lees, but she had to work hard to achieve this. Here, it has finally happened, and the Cr\u00e9mant showcases the full aging potential of Chenin Blanc in all its facets. Here, too, the wine is pure, clear, and precise, as well as subtly full-bodied with a pleasantly creamy texture and a silky, fine perlage. At the same time, the Cr\u00e9mant is distinctly fresh and mineral, complex in its structure and bright fruit, which also includes citrus notes, some stone fruit, and yellow pome fruit, accompanied by hints of almond cream, nuts, and puff pastry. It is a Cr\u00e9mant de Loire with punch, depth, energy, and a mouthwatering salinity on the finish.<\/p>\n<p>Copyright Vinaturel 2025<\/p>\n<p>Keywords: <a href=\"https:\/\/wein-werte.com\/shop\/?swoof=1&#038;pa_producer=Liv-Vincendeau\">Liv Vincendeau<\/a> <a href=\"https:\/\/wein-werte.com\/shop\/?swoof=1&#038;woof_text=Cr\u00e9mant de Loire R\u00e9serve \"Zeitlos\" Z\u00e9ro Brut AOP\">Cr\u00e9mant de Loire R\u00e9serve &#8220;Zeitlos&#8221; Z\u00e9ro Brut AOP<\/a> 2019 bio <a href=\"https:\/\/wein-werte.com\/shop\/?swoof=1&#038;pa_region=Loire\">Loire<\/a> <a href=\"https:\/\/wein-werte.com\/shop\/?swoof=1&#038;pa_country=France\">France<\/a><\/p>\n<p>Producer website: <a href=\"https:\/\/www.domaenevincendeau.com\/\" target=\"_blank\">https:\/\/www.domaenevincendeau.com\/<\/a><\/p>\n","protected":false},"excerpt":{"rendered":"<p>Delivery time: 1 to 2 working days (DE), 2 to 5 working days (EU and CH)<\/p>\n","protected":false},"featured_media":1146333,"template":"","meta":[],"product_brand":[],"product_cat":[19],"product_tag":[],"class_list":{"0":"post-1125238","1":"product","2":"type-product","3":"status-publish","4":"has-post-thumbnail","6":"product_cat-unkategorisiert","7":"pa_alcohol-for-filter-12-5","8":"pa_certified-biodynamic-yes","9":"pa_certified-organic-yes","10":"pa_colour-white","11":"pa_country-france","12":"pa_grape-chenin-blanc","13":"pa_price-for-filter-10625","14":"pa_producer-liv-vincendeau","15":"pa_region-loire","16":"pa_size-ml-6584","17":"pa_sweetness-dry","18":"pa_type-2-cremant","19":"pa_vintage-6583","20":"entry","21":"has-media","23":"first","24":"instock","25":"taxable","26":"shipping-taxable","27":"purchasable","28":"product-type-simple"},"yoast_head":"<!-- This site is optimized with the Yoast SEO plugin v27.5 - https:\/\/yoast.com\/product\/yoast-seo-wordpress\/ -->\n<title>Liv Vincendeau Cr\u00e9mant de Loire R\u00e9serve &quot;Zeitlos&quot; Z\u00e9ro Brut 2019<\/title>\n<meta name=\"description\" content=\"Buy Liv Vincendeau Cr\u00e9mant de Loire R\u00e9serve &quot;Zeitlos&quot; Z\u00e9ro Brut 2019 - a dry Chenin Blanc sparkling wine from Loire, France - at Wein Werte, your sustainable online shop.\" \/>\n<meta name=\"robots\" content=\"index, follow, max-snippet:-1, max-image-preview:large, max-video-preview:-1\" \/>\n<link rel=\"canonical\" href=\"https:\/\/wein-werte.com\/en\/product\/liv-vincendeau-cremant-de-loire-reserve-zeitlos-zero-brut-2019-750ml\/\" \/>\n<meta property=\"og:locale\" content=\"en_US\" \/>\n<meta property=\"og:type\" content=\"article\" \/>\n<meta property=\"og:title\" content=\"Liv Vincendeau Cr\u00e9mant de Loire R\u00e9serve &quot;Zeitlos&quot; Z\u00e9ro Brut 2019\" \/>\n<meta property=\"og:description\" content=\"Buy Liv Vincendeau Cr\u00e9mant de Loire R\u00e9serve &quot;Zeitlos&quot; Z\u00e9ro Brut 2019 - a dry Chenin Blanc sparkling wine from Loire, France - at Wein Werte, your sustainable online shop.\" \/>\n<meta property=\"og:url\" content=\"https:\/\/wein-werte.com\/en\/product\/liv-vincendeau-cremant-de-loire-reserve-zeitlos-zero-brut-2019-750ml\/\" \/>\n<meta property=\"og:site_name\" content=\"Wein Werte\" \/>\n<meta property=\"article:modified_time\" content=\"2026-04-27T11:36:22+00:00\" \/>\n<meta property=\"og:image\" content=\"https:\/\/wein-werte.com\/wp-content\/uploads\/2026\/04\/Liv-Vincendeau-Cremant-de-Loire-Reserve-Zeitlos-Zero-Brut-2019-750ml.png\" \/>\n\t<meta property=\"og:image:width\" content=\"315\" \/>\n\t<meta property=\"og:image:height\" content=\"1200\" \/>\n\t<meta property=\"og:image:type\" content=\"image\/png\" \/>\n<meta name=\"twitter:card\" content=\"summary_large_image\" \/>\n<meta name=\"twitter:label1\" content=\"Est. reading time\" \/>\n\t<meta name=\"twitter:data1\" content=\"2 minutes\" \/>\n<script type=\"application\/ld+json\" class=\"yoast-schema-graph\">{\"@context\":\"https:\\\/\\\/schema.org\",\"@graph\":[{\"@type\":\"WebPage\",\"@id\":\"https:\\\/\\\/wein-werte.com\\\/en\\\/product\\\/liv-vincendeau-cremant-de-loire-reserve-zeitlos-zero-brut-2019-750ml\\\/\",\"url\":\"https:\\\/\\\/wein-werte.com\\\/en\\\/product\\\/liv-vincendeau-cremant-de-loire-reserve-zeitlos-zero-brut-2019-750ml\\\/\",\"name\":\"Liv Vincendeau Cr\u00e9mant de Loire R\u00e9serve \\\"Zeitlos\\\" Z\u00e9ro Brut 2019\",\"isPartOf\":{\"@id\":\"https:\\\/\\\/wein-werte.com\\\/de\\\/#website\"},\"primaryImageOfPage\":{\"@id\":\"https:\\\/\\\/wein-werte.com\\\/en\\\/product\\\/liv-vincendeau-cremant-de-loire-reserve-zeitlos-zero-brut-2019-750ml\\\/#primaryimage\"},\"image\":{\"@id\":\"https:\\\/\\\/wein-werte.com\\\/en\\\/product\\\/liv-vincendeau-cremant-de-loire-reserve-zeitlos-zero-brut-2019-750ml\\\/#primaryimage\"},\"thumbnailUrl\":\"https:\\\/\\\/wein-werte.com\\\/wp-content\\\/uploads\\\/2026\\\/04\\\/Liv-Vincendeau-Cremant-de-Loire-Reserve-Zeitlos-Zero-Brut-2019-750ml.png\",\"datePublished\":\"2026-04-27T11:36:21+00:00\",\"dateModified\":\"2026-04-27T11:36:22+00:00\",\"description\":\"Buy Liv Vincendeau Cr\u00e9mant de Loire R\u00e9serve \\\"Zeitlos\\\" Z\u00e9ro Brut 2019 - a dry Chenin Blanc sparkling wine from Loire, France - at Wein Werte, your sustainable online shop.\",\"breadcrumb\":{\"@id\":\"https:\\\/\\\/wein-werte.com\\\/en\\\/product\\\/liv-vincendeau-cremant-de-loire-reserve-zeitlos-zero-brut-2019-750ml\\\/#breadcrumb\"},\"inLanguage\":\"en-US\",\"potentialAction\":[{\"@type\":\"ReadAction\",\"target\":[\"https:\\\/\\\/wein-werte.com\\\/en\\\/product\\\/liv-vincendeau-cremant-de-loire-reserve-zeitlos-zero-brut-2019-750ml\\\/\"]}]},{\"@type\":\"ImageObject\",\"inLanguage\":\"en-US\",\"@id\":\"https:\\\/\\\/wein-werte.com\\\/en\\\/product\\\/liv-vincendeau-cremant-de-loire-reserve-zeitlos-zero-brut-2019-750ml\\\/#primaryimage\",\"url\":\"https:\\\/\\\/wein-werte.com\\\/wp-content\\\/uploads\\\/2026\\\/04\\\/Liv-Vincendeau-Cremant-de-Loire-Reserve-Zeitlos-Zero-Brut-2019-750ml.png\",\"contentUrl\":\"https:\\\/\\\/wein-werte.com\\\/wp-content\\\/uploads\\\/2026\\\/04\\\/Liv-Vincendeau-Cremant-de-Loire-Reserve-Zeitlos-Zero-Brut-2019-750ml.png\",\"width\":315,\"height\":1200,\"caption\":\"Liv Vincendeau Cr\u00e9mant de Loire R\u00e9serve \\\"Zeitlos\\\" Z\u00e9ro Brut AOP 2019 750ml\"},{\"@type\":\"BreadcrumbList\",\"@id\":\"https:\\\/\\\/wein-werte.com\\\/en\\\/product\\\/liv-vincendeau-cremant-de-loire-reserve-zeitlos-zero-brut-2019-750ml\\\/#breadcrumb\",\"itemListElement\":[{\"@type\":\"ListItem\",\"position\":1,\"name\":\"Home\",\"item\":\"https:\\\/\\\/wein-werte.com\\\/en\\\/\"},{\"@type\":\"ListItem\",\"position\":2,\"name\":\"Shop Page\",\"item\":\"https:\\\/\\\/wein-werte.com\\\/en\\\/shop\\\/\"},{\"@type\":\"ListItem\",\"position\":3,\"name\":\"Liv Vincendeau | Loire | Cr\u00e9mant de Loire R\u00e9serve &#8220;Zeitlos&#8221; Z\u00e9ro Brut AOP | 2019 | 750ml | bio\"}]},{\"@type\":\"WebSite\",\"@id\":\"https:\\\/\\\/wein-werte.com\\\/de\\\/#website\",\"url\":\"https:\\\/\\\/wein-werte.com\\\/de\\\/\",\"name\":\"Wein Werte\",\"description\":\"\",\"publisher\":{\"@id\":\"https:\\\/\\\/wein-werte.com\\\/de\\\/#organization\"},\"potentialAction\":[{\"@type\":\"SearchAction\",\"target\":{\"@type\":\"EntryPoint\",\"urlTemplate\":\"https:\\\/\\\/wein-werte.com\\\/de\\\/?s={search_term_string}\"},\"query-input\":{\"@type\":\"PropertyValueSpecification\",\"valueRequired\":true,\"valueName\":\"search_term_string\"}}],\"inLanguage\":\"en-US\"},{\"@type\":\"Organization\",\"@id\":\"https:\\\/\\\/wein-werte.com\\\/de\\\/#organization\",\"name\":\"Vins Fins Thorrold\",\"url\":\"https:\\\/\\\/wein-werte.com\\\/de\\\/\",\"logo\":{\"@type\":\"ImageObject\",\"inLanguage\":\"en-US\",\"@id\":\"https:\\\/\\\/wein-werte.com\\\/de\\\/#\\\/schema\\\/logo\\\/image\\\/\",\"url\":\"https:\\\/\\\/wein-werte.com\\\/wp-content\\\/uploads\\\/2023\\\/07\\\/Wein_werte_Logo700-1.png\",\"contentUrl\":\"https:\\\/\\\/wein-werte.com\\\/wp-content\\\/uploads\\\/2023\\\/07\\\/Wein_werte_Logo700-1.png\",\"width\":700,\"height\":272,\"caption\":\"Vins Fins Thorrold\"},\"image\":{\"@id\":\"https:\\\/\\\/wein-werte.com\\\/de\\\/#\\\/schema\\\/logo\\\/image\\\/\"}}]}<\/script>\n<!-- \/ Yoast SEO plugin. -->","yoast_head_json":{"title":"Liv Vincendeau Cr\u00e9mant de Loire R\u00e9serve \"Zeitlos\" Z\u00e9ro Brut 2019","description":"Buy Liv Vincendeau Cr\u00e9mant de Loire R\u00e9serve \"Zeitlos\" Z\u00e9ro Brut 2019 - a dry Chenin Blanc sparkling wine from Loire, France - at Wein Werte, your sustainable online shop.","robots":{"index":"index","follow":"follow","max-snippet":"max-snippet:-1","max-image-preview":"max-image-preview:large","max-video-preview":"max-video-preview:-1"},"canonical":"https:\/\/wein-werte.com\/en\/product\/liv-vincendeau-cremant-de-loire-reserve-zeitlos-zero-brut-2019-750ml\/","og_locale":"en_US","og_type":"article","og_title":"Liv Vincendeau Cr\u00e9mant de Loire R\u00e9serve \"Zeitlos\" Z\u00e9ro Brut 2019","og_description":"Buy Liv Vincendeau Cr\u00e9mant de Loire R\u00e9serve \"Zeitlos\" Z\u00e9ro Brut 2019 - a dry Chenin Blanc sparkling wine from Loire, France - at Wein Werte, your sustainable online shop.","og_url":"https:\/\/wein-werte.com\/en\/product\/liv-vincendeau-cremant-de-loire-reserve-zeitlos-zero-brut-2019-750ml\/","og_site_name":"Wein Werte","article_modified_time":"2026-04-27T11:36:22+00:00","og_image":[{"width":315,"height":1200,"url":"https:\/\/wein-werte.com\/wp-content\/uploads\/2026\/04\/Liv-Vincendeau-Cremant-de-Loire-Reserve-Zeitlos-Zero-Brut-2019-750ml.png","type":"image\/png"}],"twitter_card":"summary_large_image","twitter_misc":{"Est. reading time":"2 minutes"},"schema":{"@context":"https:\/\/schema.org","@graph":[{"@type":"WebPage","@id":"https:\/\/wein-werte.com\/en\/product\/liv-vincendeau-cremant-de-loire-reserve-zeitlos-zero-brut-2019-750ml\/","url":"https:\/\/wein-werte.com\/en\/product\/liv-vincendeau-cremant-de-loire-reserve-zeitlos-zero-brut-2019-750ml\/","name":"Liv Vincendeau Cr\u00e9mant de Loire R\u00e9serve \"Zeitlos\" Z\u00e9ro Brut 2019","isPartOf":{"@id":"https:\/\/wein-werte.com\/de\/#website"},"primaryImageOfPage":{"@id":"https:\/\/wein-werte.com\/en\/product\/liv-vincendeau-cremant-de-loire-reserve-zeitlos-zero-brut-2019-750ml\/#primaryimage"},"image":{"@id":"https:\/\/wein-werte.com\/en\/product\/liv-vincendeau-cremant-de-loire-reserve-zeitlos-zero-brut-2019-750ml\/#primaryimage"},"thumbnailUrl":"https:\/\/wein-werte.com\/wp-content\/uploads\/2026\/04\/Liv-Vincendeau-Cremant-de-Loire-Reserve-Zeitlos-Zero-Brut-2019-750ml.png","datePublished":"2026-04-27T11:36:21+00:00","dateModified":"2026-04-27T11:36:22+00:00","description":"Buy Liv Vincendeau Cr\u00e9mant de Loire R\u00e9serve \"Zeitlos\" Z\u00e9ro Brut 2019 - a dry Chenin Blanc sparkling wine from Loire, France - at Wein Werte, your sustainable online shop.","breadcrumb":{"@id":"https:\/\/wein-werte.com\/en\/product\/liv-vincendeau-cremant-de-loire-reserve-zeitlos-zero-brut-2019-750ml\/#breadcrumb"},"inLanguage":"en-US","potentialAction":[{"@type":"ReadAction","target":["https:\/\/wein-werte.com\/en\/product\/liv-vincendeau-cremant-de-loire-reserve-zeitlos-zero-brut-2019-750ml\/"]}]},{"@type":"ImageObject","inLanguage":"en-US","@id":"https:\/\/wein-werte.com\/en\/product\/liv-vincendeau-cremant-de-loire-reserve-zeitlos-zero-brut-2019-750ml\/#primaryimage","url":"https:\/\/wein-werte.com\/wp-content\/uploads\/2026\/04\/Liv-Vincendeau-Cremant-de-Loire-Reserve-Zeitlos-Zero-Brut-2019-750ml.png","contentUrl":"https:\/\/wein-werte.com\/wp-content\/uploads\/2026\/04\/Liv-Vincendeau-Cremant-de-Loire-Reserve-Zeitlos-Zero-Brut-2019-750ml.png","width":315,"height":1200,"caption":"Liv Vincendeau Cr\u00e9mant de Loire R\u00e9serve \"Zeitlos\" Z\u00e9ro Brut AOP 2019 750ml"},{"@type":"BreadcrumbList","@id":"https:\/\/wein-werte.com\/en\/product\/liv-vincendeau-cremant-de-loire-reserve-zeitlos-zero-brut-2019-750ml\/#breadcrumb","itemListElement":[{"@type":"ListItem","position":1,"name":"Home","item":"https:\/\/wein-werte.com\/en\/"},{"@type":"ListItem","position":2,"name":"Shop Page","item":"https:\/\/wein-werte.com\/en\/shop\/"},{"@type":"ListItem","position":3,"name":"Liv Vincendeau | Loire | Cr\u00e9mant de Loire R\u00e9serve &#8220;Zeitlos&#8221; Z\u00e9ro Brut AOP | 2019 | 750ml | bio"}]},{"@type":"WebSite","@id":"https:\/\/wein-werte.com\/de\/#website","url":"https:\/\/wein-werte.com\/de\/","name":"Wein Werte","description":"","publisher":{"@id":"https:\/\/wein-werte.com\/de\/#organization"},"potentialAction":[{"@type":"SearchAction","target":{"@type":"EntryPoint","urlTemplate":"https:\/\/wein-werte.com\/de\/?s={search_term_string}"},"query-input":{"@type":"PropertyValueSpecification","valueRequired":true,"valueName":"search_term_string"}}],"inLanguage":"en-US"},{"@type":"Organization","@id":"https:\/\/wein-werte.com\/de\/#organization","name":"Vins Fins Thorrold","url":"https:\/\/wein-werte.com\/de\/","logo":{"@type":"ImageObject","inLanguage":"en-US","@id":"https:\/\/wein-werte.com\/de\/#\/schema\/logo\/image\/","url":"https:\/\/wein-werte.com\/wp-content\/uploads\/2023\/07\/Wein_werte_Logo700-1.png","contentUrl":"https:\/\/wein-werte.com\/wp-content\/uploads\/2023\/07\/Wein_werte_Logo700-1.png","width":700,"height":272,"caption":"Vins Fins Thorrold"},"image":{"@id":"https:\/\/wein-werte.com\/de\/#\/schema\/logo\/image\/"}}]}},"_links":{"self":[{"href":"https:\/\/wein-werte.com\/en\/wp-json\/wp\/v2\/product\/1125238","targetHints":{"allow":["GET"]}}],"collection":[{"href":"https:\/\/wein-werte.com\/en\/wp-json\/wp\/v2\/product"}],"about":[{"href":"https:\/\/wein-werte.com\/en\/wp-json\/wp\/v2\/types\/product"}],"wp:featuredmedia":[{"embeddable":true,"href":"https:\/\/wein-werte.com\/en\/wp-json\/wp\/v2\/media\/1146333"}],"wp:attachment":[{"href":"https:\/\/wein-werte.com\/en\/wp-json\/wp\/v2\/media?parent=1125238"}],"wp:term":[{"taxonomy":"product_brand","embeddable":true,"href":"https:\/\/wein-werte.com\/en\/wp-json\/wp\/v2\/product_brand?post=1125238"},{"taxonomy":"product_cat","embeddable":true,"href":"https:\/\/wein-werte.com\/en\/wp-json\/wp\/v2\/product_cat?post=1125238"},{"taxonomy":"product_tag","embeddable":true,"href":"https:\/\/wein-werte.com\/en\/wp-json\/wp\/v2\/product_tag?post=1125238"}],"curies":[{"name":"wp","href":"https:\/\/api.w.org\/{rel}","templated":true}]}}