{"id":1125136,"date":"2026-05-05T18:34:56","date_gmt":"2026-05-05T16:34:56","guid":{"rendered":"https:\/\/wein-werte.com\/product\/ca-del-vent-mfpc-brut-rose-pas-opere-2018-750ml\/"},"modified":"2026-05-05T18:34:56","modified_gmt":"2026-05-05T16:34:56","slug":"ca-del-vent-mfpc-brut-rose-pas-opere-2018-750ml","status":"publish","type":"product","link":"https:\/\/wein-werte.com\/en\/product\/ca-del-vent-mfpc-brut-rose-pas-opere-2018-750ml\/","title":{"rendered":"C\u00e0 del V\u00e9nt | Lombardy | MFPC VSQ Brut Ros\u00e9 Pas Oper\u00e9 | 2018 | 750ml"},"content":{"rendered":"<p>Product description for C\u00e0 del V\u00e9nt MFPC VSQ Brut Ros\u00e9 Pas Oper\u00e9 2018 <\/p>\n<p>C\u00e0 del V\u00e9nt MFPC Brut Ros\u00e9 Pas Oper\u00e9 2018 is a dry ros\u00e9 wine made from Pinot Noir grapes in the Lombardy region of Italy.<\/p>\n<p>Keywords: <a href=\"https:\/\/wein-werte.com\/shop\/?swoof=1&#038;pa_producer=C\u00e0-del-V\u00e9nt\">C\u00e0 del V\u00e9nt<\/a> <a href=\"https:\/\/wein-werte.com\/shop\/?swoof=1&#038;woof_text=MFPC VSQ Brut Ros\u00e9 Pas Oper\u00e9\">MFPC VSQ Brut Ros\u00e9 Pas Oper\u00e9<\/a> 2018  <a href=\"https:\/\/wein-werte.com\/shop\/?swoof=1&#038;pa_region=Lombardy\">Lombardy<\/a> <a href=\"https:\/\/wein-werte.com\/shop\/?swoof=1&#038;pa_country=Italy\">Italy<\/a><\/p>\n<p>Producer website: <a href=\"https:\/\/www.cadelvent.com\/\" target=\"_blank\">https:\/\/www.cadelvent.com\/<\/a><\/p>\n","protected":false},"excerpt":{"rendered":"<p>Delivery time: 1 to 2 working days (DE), 2 to 5 working days (EU and CH)<\/p>\n","protected":false},"featured_media":1145985,"template":"","meta":[],"product_brand":[],"product_cat":[19],"product_tag":[],"class_list":{"0":"post-1125136","1":"product","2":"type-product","3":"status-publish","4":"has-post-thumbnail","6":"product_cat-unkategorisiert","7":"pa_alcohol-for-filter-12-5","8":"pa_certified-biodynamic-no","9":"pa_certified-organic-no","10":"pa_colour-rose","11":"pa_country-italy","12":"pa_grape-pinot-noir-spatburgunder","13":"pa_price-for-filter-10576","14":"pa_producer-ca-del-vent","15":"pa_region-lombardy","16":"pa_size-ml-6584","17":"pa_sweetness-dry","18":"pa_type-2-still","19":"pa_vintage-6616","20":"entry","21":"has-media","23":"first","24":"instock","25":"taxable","26":"shipping-taxable","27":"purchasable","28":"product-type-simple"},"yoast_head":"<!-- This site is optimized with the Yoast SEO plugin v27.5 - https:\/\/yoast.com\/product\/yoast-seo-wordpress\/ -->\n<title>C\u00e0 del V\u00e9nt MFPC Brut Ros\u00e9 Pas Oper\u00e9 2018<\/title>\n<meta name=\"description\" content=\"Buy C\u00e0 del V\u00e9nt MFPC Brut Ros\u00e9 Pas Oper\u00e9 2018 - a dry Pinot Noir from Lombardy, Italy - at Wein Werte, your sustainable online shop.\" \/>\n<meta name=\"robots\" content=\"index, follow, max-snippet:-1, max-image-preview:large, max-video-preview:-1\" \/>\n<link rel=\"canonical\" href=\"https:\/\/wein-werte.com\/en\/product\/ca-del-vent-mfpc-brut-rose-pas-opere-2018-750ml\/\" \/>\n<meta property=\"og:locale\" content=\"en_US\" \/>\n<meta property=\"og:type\" content=\"article\" \/>\n<meta property=\"og:title\" content=\"C\u00e0 del V\u00e9nt MFPC Brut Ros\u00e9 Pas Oper\u00e9 2018\" \/>\n<meta property=\"og:description\" content=\"Buy C\u00e0 del V\u00e9nt MFPC Brut Ros\u00e9 Pas Oper\u00e9 2018 - a dry Pinot Noir from Lombardy, Italy - at Wein Werte, your sustainable online shop.\" \/>\n<meta property=\"og:url\" content=\"https:\/\/wein-werte.com\/en\/product\/ca-del-vent-mfpc-brut-rose-pas-opere-2018-750ml\/\" \/>\n<meta property=\"og:site_name\" content=\"Wein Werte\" \/>\n<meta property=\"og:image\" content=\"https:\/\/wein-werte.com\/wp-content\/uploads\/2026\/04\/Ca-del-Vent-MFPC-Brut-Rose-Pas-Opere-2018-750ml.png\" \/>\n\t<meta property=\"og:image:width\" content=\"327\" \/>\n\t<meta property=\"og:image:height\" content=\"1200\" \/>\n\t<meta property=\"og:image:type\" content=\"image\/png\" \/>\n<meta name=\"twitter:card\" content=\"summary_large_image\" \/>\n<script type=\"application\/ld+json\" class=\"yoast-schema-graph\">{\"@context\":\"https:\\\/\\\/schema.org\",\"@graph\":[{\"@type\":\"WebPage\",\"@id\":\"https:\\\/\\\/wein-werte.com\\\/en\\\/product\\\/ca-del-vent-mfpc-brut-rose-pas-opere-2018-750ml\\\/\",\"url\":\"https:\\\/\\\/wein-werte.com\\\/en\\\/product\\\/ca-del-vent-mfpc-brut-rose-pas-opere-2018-750ml\\\/\",\"name\":\"C\u00e0 del V\u00e9nt MFPC Brut Ros\u00e9 Pas Oper\u00e9 2018\",\"isPartOf\":{\"@id\":\"https:\\\/\\\/wein-werte.com\\\/de\\\/#website\"},\"primaryImageOfPage\":{\"@id\":\"https:\\\/\\\/wein-werte.com\\\/en\\\/product\\\/ca-del-vent-mfpc-brut-rose-pas-opere-2018-750ml\\\/#primaryimage\"},\"image\":{\"@id\":\"https:\\\/\\\/wein-werte.com\\\/en\\\/product\\\/ca-del-vent-mfpc-brut-rose-pas-opere-2018-750ml\\\/#primaryimage\"},\"thumbnailUrl\":\"https:\\\/\\\/wein-werte.com\\\/wp-content\\\/uploads\\\/2026\\\/04\\\/Ca-del-Vent-MFPC-Brut-Rose-Pas-Opere-2018-750ml.png\",\"datePublished\":\"2026-05-05T16:34:56+00:00\",\"description\":\"Buy C\u00e0 del V\u00e9nt MFPC Brut Ros\u00e9 Pas Oper\u00e9 2018 - a dry Pinot Noir from Lombardy, Italy - at Wein Werte, your sustainable online shop.\",\"breadcrumb\":{\"@id\":\"https:\\\/\\\/wein-werte.com\\\/en\\\/product\\\/ca-del-vent-mfpc-brut-rose-pas-opere-2018-750ml\\\/#breadcrumb\"},\"inLanguage\":\"en-US\",\"potentialAction\":[{\"@type\":\"ReadAction\",\"target\":[\"https:\\\/\\\/wein-werte.com\\\/en\\\/product\\\/ca-del-vent-mfpc-brut-rose-pas-opere-2018-750ml\\\/\"]}]},{\"@type\":\"ImageObject\",\"inLanguage\":\"en-US\",\"@id\":\"https:\\\/\\\/wein-werte.com\\\/en\\\/product\\\/ca-del-vent-mfpc-brut-rose-pas-opere-2018-750ml\\\/#primaryimage\",\"url\":\"https:\\\/\\\/wein-werte.com\\\/wp-content\\\/uploads\\\/2026\\\/04\\\/Ca-del-Vent-MFPC-Brut-Rose-Pas-Opere-2018-750ml.png\",\"contentUrl\":\"https:\\\/\\\/wein-werte.com\\\/wp-content\\\/uploads\\\/2026\\\/04\\\/Ca-del-Vent-MFPC-Brut-Rose-Pas-Opere-2018-750ml.png\",\"width\":327,\"height\":1200,\"caption\":\"C\u00e0 del V\u00e9nt MFPC VSQ Brut Ros\u00e9 Pas Oper\u00e9 2018 750ml\"},{\"@type\":\"BreadcrumbList\",\"@id\":\"https:\\\/\\\/wein-werte.com\\\/en\\\/product\\\/ca-del-vent-mfpc-brut-rose-pas-opere-2018-750ml\\\/#breadcrumb\",\"itemListElement\":[{\"@type\":\"ListItem\",\"position\":1,\"name\":\"Home\",\"item\":\"https:\\\/\\\/wein-werte.com\\\/en\\\/\"},{\"@type\":\"ListItem\",\"position\":2,\"name\":\"Shop Page\",\"item\":\"https:\\\/\\\/wein-werte.com\\\/en\\\/shop\\\/\"},{\"@type\":\"ListItem\",\"position\":3,\"name\":\"C\u00e0 del V\u00e9nt | Lombardy | MFPC VSQ Brut Ros\u00e9 Pas Oper\u00e9 | 2018 | 750ml\"}]},{\"@type\":\"WebSite\",\"@id\":\"https:\\\/\\\/wein-werte.com\\\/de\\\/#website\",\"url\":\"https:\\\/\\\/wein-werte.com\\\/de\\\/\",\"name\":\"Wein Werte\",\"description\":\"\",\"publisher\":{\"@id\":\"https:\\\/\\\/wein-werte.com\\\/de\\\/#organization\"},\"potentialAction\":[{\"@type\":\"SearchAction\",\"target\":{\"@type\":\"EntryPoint\",\"urlTemplate\":\"https:\\\/\\\/wein-werte.com\\\/de\\\/?s={search_term_string}\"},\"query-input\":{\"@type\":\"PropertyValueSpecification\",\"valueRequired\":true,\"valueName\":\"search_term_string\"}}],\"inLanguage\":\"en-US\"},{\"@type\":\"Organization\",\"@id\":\"https:\\\/\\\/wein-werte.com\\\/de\\\/#organization\",\"name\":\"Vins Fins Thorrold\",\"url\":\"https:\\\/\\\/wein-werte.com\\\/de\\\/\",\"logo\":{\"@type\":\"ImageObject\",\"inLanguage\":\"en-US\",\"@id\":\"https:\\\/\\\/wein-werte.com\\\/de\\\/#\\\/schema\\\/logo\\\/image\\\/\",\"url\":\"https:\\\/\\\/wein-werte.com\\\/wp-content\\\/uploads\\\/2023\\\/07\\\/Wein_werte_Logo700-1.png\",\"contentUrl\":\"https:\\\/\\\/wein-werte.com\\\/wp-content\\\/uploads\\\/2023\\\/07\\\/Wein_werte_Logo700-1.png\",\"width\":700,\"height\":272,\"caption\":\"Vins Fins Thorrold\"},\"image\":{\"@id\":\"https:\\\/\\\/wein-werte.com\\\/de\\\/#\\\/schema\\\/logo\\\/image\\\/\"}}]}<\/script>\n<!-- \/ Yoast SEO plugin. -->","yoast_head_json":{"title":"C\u00e0 del V\u00e9nt MFPC Brut Ros\u00e9 Pas Oper\u00e9 2018","description":"Buy C\u00e0 del V\u00e9nt MFPC Brut Ros\u00e9 Pas Oper\u00e9 2018 - a dry Pinot Noir from Lombardy, Italy - at Wein Werte, your sustainable online shop.","robots":{"index":"index","follow":"follow","max-snippet":"max-snippet:-1","max-image-preview":"max-image-preview:large","max-video-preview":"max-video-preview:-1"},"canonical":"https:\/\/wein-werte.com\/en\/product\/ca-del-vent-mfpc-brut-rose-pas-opere-2018-750ml\/","og_locale":"en_US","og_type":"article","og_title":"C\u00e0 del V\u00e9nt MFPC Brut Ros\u00e9 Pas Oper\u00e9 2018","og_description":"Buy C\u00e0 del V\u00e9nt MFPC Brut Ros\u00e9 Pas Oper\u00e9 2018 - a dry Pinot Noir from Lombardy, Italy - at Wein Werte, your sustainable online shop.","og_url":"https:\/\/wein-werte.com\/en\/product\/ca-del-vent-mfpc-brut-rose-pas-opere-2018-750ml\/","og_site_name":"Wein Werte","og_image":[{"width":327,"height":1200,"url":"https:\/\/wein-werte.com\/wp-content\/uploads\/2026\/04\/Ca-del-Vent-MFPC-Brut-Rose-Pas-Opere-2018-750ml.png","type":"image\/png"}],"twitter_card":"summary_large_image","schema":{"@context":"https:\/\/schema.org","@graph":[{"@type":"WebPage","@id":"https:\/\/wein-werte.com\/en\/product\/ca-del-vent-mfpc-brut-rose-pas-opere-2018-750ml\/","url":"https:\/\/wein-werte.com\/en\/product\/ca-del-vent-mfpc-brut-rose-pas-opere-2018-750ml\/","name":"C\u00e0 del V\u00e9nt MFPC Brut Ros\u00e9 Pas Oper\u00e9 2018","isPartOf":{"@id":"https:\/\/wein-werte.com\/de\/#website"},"primaryImageOfPage":{"@id":"https:\/\/wein-werte.com\/en\/product\/ca-del-vent-mfpc-brut-rose-pas-opere-2018-750ml\/#primaryimage"},"image":{"@id":"https:\/\/wein-werte.com\/en\/product\/ca-del-vent-mfpc-brut-rose-pas-opere-2018-750ml\/#primaryimage"},"thumbnailUrl":"https:\/\/wein-werte.com\/wp-content\/uploads\/2026\/04\/Ca-del-Vent-MFPC-Brut-Rose-Pas-Opere-2018-750ml.png","datePublished":"2026-05-05T16:34:56+00:00","description":"Buy C\u00e0 del V\u00e9nt MFPC Brut Ros\u00e9 Pas Oper\u00e9 2018 - a dry Pinot Noir from Lombardy, Italy - at Wein Werte, your sustainable online shop.","breadcrumb":{"@id":"https:\/\/wein-werte.com\/en\/product\/ca-del-vent-mfpc-brut-rose-pas-opere-2018-750ml\/#breadcrumb"},"inLanguage":"en-US","potentialAction":[{"@type":"ReadAction","target":["https:\/\/wein-werte.com\/en\/product\/ca-del-vent-mfpc-brut-rose-pas-opere-2018-750ml\/"]}]},{"@type":"ImageObject","inLanguage":"en-US","@id":"https:\/\/wein-werte.com\/en\/product\/ca-del-vent-mfpc-brut-rose-pas-opere-2018-750ml\/#primaryimage","url":"https:\/\/wein-werte.com\/wp-content\/uploads\/2026\/04\/Ca-del-Vent-MFPC-Brut-Rose-Pas-Opere-2018-750ml.png","contentUrl":"https:\/\/wein-werte.com\/wp-content\/uploads\/2026\/04\/Ca-del-Vent-MFPC-Brut-Rose-Pas-Opere-2018-750ml.png","width":327,"height":1200,"caption":"C\u00e0 del V\u00e9nt MFPC VSQ Brut Ros\u00e9 Pas Oper\u00e9 2018 750ml"},{"@type":"BreadcrumbList","@id":"https:\/\/wein-werte.com\/en\/product\/ca-del-vent-mfpc-brut-rose-pas-opere-2018-750ml\/#breadcrumb","itemListElement":[{"@type":"ListItem","position":1,"name":"Home","item":"https:\/\/wein-werte.com\/en\/"},{"@type":"ListItem","position":2,"name":"Shop Page","item":"https:\/\/wein-werte.com\/en\/shop\/"},{"@type":"ListItem","position":3,"name":"C\u00e0 del V\u00e9nt | Lombardy | MFPC VSQ Brut Ros\u00e9 Pas Oper\u00e9 | 2018 | 750ml"}]},{"@type":"WebSite","@id":"https:\/\/wein-werte.com\/de\/#website","url":"https:\/\/wein-werte.com\/de\/","name":"Wein Werte","description":"","publisher":{"@id":"https:\/\/wein-werte.com\/de\/#organization"},"potentialAction":[{"@type":"SearchAction","target":{"@type":"EntryPoint","urlTemplate":"https:\/\/wein-werte.com\/de\/?s={search_term_string}"},"query-input":{"@type":"PropertyValueSpecification","valueRequired":true,"valueName":"search_term_string"}}],"inLanguage":"en-US"},{"@type":"Organization","@id":"https:\/\/wein-werte.com\/de\/#organization","name":"Vins Fins Thorrold","url":"https:\/\/wein-werte.com\/de\/","logo":{"@type":"ImageObject","inLanguage":"en-US","@id":"https:\/\/wein-werte.com\/de\/#\/schema\/logo\/image\/","url":"https:\/\/wein-werte.com\/wp-content\/uploads\/2023\/07\/Wein_werte_Logo700-1.png","contentUrl":"https:\/\/wein-werte.com\/wp-content\/uploads\/2023\/07\/Wein_werte_Logo700-1.png","width":700,"height":272,"caption":"Vins Fins Thorrold"},"image":{"@id":"https:\/\/wein-werte.com\/de\/#\/schema\/logo\/image\/"}}]}},"_links":{"self":[{"href":"https:\/\/wein-werte.com\/en\/wp-json\/wp\/v2\/product\/1125136","targetHints":{"allow":["GET"]}}],"collection":[{"href":"https:\/\/wein-werte.com\/en\/wp-json\/wp\/v2\/product"}],"about":[{"href":"https:\/\/wein-werte.com\/en\/wp-json\/wp\/v2\/types\/product"}],"wp:featuredmedia":[{"embeddable":true,"href":"https:\/\/wein-werte.com\/en\/wp-json\/wp\/v2\/media\/1145985"}],"wp:attachment":[{"href":"https:\/\/wein-werte.com\/en\/wp-json\/wp\/v2\/media?parent=1125136"}],"wp:term":[{"taxonomy":"product_brand","embeddable":true,"href":"https:\/\/wein-werte.com\/en\/wp-json\/wp\/v2\/product_brand?post=1125136"},{"taxonomy":"product_cat","embeddable":true,"href":"https:\/\/wein-werte.com\/en\/wp-json\/wp\/v2\/product_cat?post=1125136"},{"taxonomy":"product_tag","embeddable":true,"href":"https:\/\/wein-werte.com\/en\/wp-json\/wp\/v2\/product_tag?post=1125136"}],"curies":[{"name":"wp","href":"https:\/\/api.w.org\/{rel}","templated":true}]}}