{"id":1125101,"date":"2026-05-05T18:34:45","date_gmt":"2026-05-05T16:34:45","guid":{"rendered":"https:\/\/wein-werte.com\/product\/grand-cotes-du-jura-cuvee-tradition-vin-de-voile-2021-750ml\/"},"modified":"2026-05-05T18:34:46","modified_gmt":"2026-05-05T16:34:46","slug":"grand-cotes-du-jura-cuvee-tradition-vin-de-voile-2021-750ml","status":"publish","type":"product","link":"https:\/\/wein-werte.com\/en\/product\/grand-cotes-du-jura-cuvee-tradition-vin-de-voile-2021-750ml\/","title":{"rendered":"Grand | Jura | C\u00f4tes du Jura, Cuv\u00e9e Tradition, Vin de Voile | 2021 | 750ml"},"content":{"rendered":"<p>Product description for Grand C\u00f4tes du Jura, Cuv\u00e9e Tradition, Vin de Voile 2021 <\/p>\n<h5>Wine Information<\/h5>\n<p> Although the winery remains tight-lipped about the exact composition of the cuv\u00e9e, the basis of this wine is evidently a Cuv\u00e9e Blanc Tradition, which usually consists of one-third Savagnin and two-thirds Chardonnay. Both varieties are traditionally fermented and aged together in barrels. It is a vin de voile, meaning it is not topped up during storage. However, the wine appears significantly less oxidative than the 2021 Savagnin vin de voile. In this respect, topping up may have only been omitted sporadically, and only a light layer of flor has formed. <\/p>\n<h5>Color<\/h5>\n<p> Golden yellow <\/p>\n<h5>Nose<\/h5>\n<p> The 2021 Cuv\u00e9e Tradition smells of walnuts, dried figs, salted lemons, and salted almonds. Added to this are a few yellow plums, yellow and green apples, lemons, zest, and salted lemons, as well as a subtle hint of nougat and marzipan. You can certainly tell this is vin de voile, but the oxidative quality is subtle. <\/p>\n<h5> <\/h5>\n<h5>Palate<\/h5>\n<p> On the palate, the Cuv\u00e9e Tradition strikes a delicate balance between the rondeur of Savagnin and the freshness of Chardonnay, between juiciness and gentle acidity. The wine has a fine tannin, displays tart notes of citrus fruits and green apple, is reminiscent of curry leaves and salted almonds, and offers a subtle wood tone with toasted notes and caramel. Here, you&#8217;ll find power and elegance, a light, lively bitterness, and plenty of umami.<\/p>\n<p>Copyright Vinaturel 2025<\/p>\n<p>Keywords: <a href=\"https:\/\/wein-werte.com\/shop\/?swoof=1&#038;pa_producer=Grand\">Grand<\/a> <a href=\"https:\/\/wein-werte.com\/shop\/?swoof=1&#038;woof_text=C\u00f4tes du Jura, Cuv\u00e9e Tradition, Vin de Voile\">C\u00f4tes du Jura, Cuv\u00e9e Tradition, Vin de Voile<\/a> 2021  <a href=\"https:\/\/wein-werte.com\/shop\/?swoof=1&#038;pa_region=Jura\">Jura<\/a> <a href=\"https:\/\/wein-werte.com\/shop\/?swoof=1&#038;pa_country=France\">France<\/a><\/p>\n<p>Producer website: <a href=\"https:\/\/domaine-grand.plugwine.com\/?lg=en\" target=\"_blank\">https:\/\/domaine-grand.plugwine.com\/?lg=en<\/a><\/p>\n","protected":false},"excerpt":{"rendered":"<p>Delivery time: 1 to 2 working days (DE), 2 to 5 working days (EU and CH)<\/p>\n","protected":false},"featured_media":1145877,"template":"","meta":[],"product_brand":[],"product_cat":[19],"product_tag":[],"class_list":{"0":"post-1125101","1":"product","2":"type-product","3":"status-publish","4":"has-post-thumbnail","6":"product_cat-unkategorisiert","7":"pa_alcohol-for-filter-13-5","8":"pa_certified-biodynamic-no","9":"pa_certified-organic-no","10":"pa_colour-white","11":"pa_country-france","12":"pa_grape-chardonnay-blend","13":"pa_price-for-filter-10599","14":"pa_producer-grand","15":"pa_region-jura","16":"pa_size-ml-6584","17":"pa_sweetness-dry","18":"pa_type-2-still","19":"pa_vintage-6634","20":"entry","21":"has-media","23":"first","24":"instock","25":"taxable","26":"shipping-taxable","27":"purchasable","28":"product-type-simple"},"yoast_head":"<!-- This site is optimized with the Yoast SEO plugin v27.5 - https:\/\/yoast.com\/product\/yoast-seo-wordpress\/ -->\n<title>Grand C\u00f4tes du Jura Cuv\u00e9e Tradition Vin de Voile 2021<\/title>\n<meta name=\"description\" content=\"Buy Grand C\u00f4tes du Jura Cuv\u00e9e Tradition Vin de Voile 2021 - a dry Chardonnay blend from Jura, France - at Wein Werte, your sustainable online shop.\" \/>\n<meta name=\"robots\" content=\"index, follow, max-snippet:-1, max-image-preview:large, max-video-preview:-1\" \/>\n<link rel=\"canonical\" href=\"https:\/\/wein-werte.com\/en\/product\/grand-cotes-du-jura-cuvee-tradition-vin-de-voile-2021-750ml\/\" \/>\n<meta property=\"og:locale\" content=\"en_US\" \/>\n<meta property=\"og:type\" content=\"article\" \/>\n<meta property=\"og:title\" content=\"Grand C\u00f4tes du Jura Cuv\u00e9e Tradition Vin de Voile 2021\" \/>\n<meta property=\"og:description\" content=\"Buy Grand C\u00f4tes du Jura Cuv\u00e9e Tradition Vin de Voile 2021 - a dry Chardonnay blend from Jura, France - at Wein Werte, your sustainable online shop.\" \/>\n<meta property=\"og:url\" content=\"https:\/\/wein-werte.com\/en\/product\/grand-cotes-du-jura-cuvee-tradition-vin-de-voile-2021-750ml\/\" \/>\n<meta property=\"og:site_name\" content=\"Wein Werte\" \/>\n<meta property=\"article:modified_time\" content=\"2026-05-05T16:34:46+00:00\" \/>\n<meta property=\"og:image\" content=\"https:\/\/wein-werte.com\/wp-content\/uploads\/2026\/04\/Grand-Cotes-du-Jura-Cuvee-Tradition-Vin-de-Voile-2021-750ml.png\" \/>\n\t<meta property=\"og:image:width\" content=\"335\" \/>\n\t<meta property=\"og:image:height\" content=\"1200\" \/>\n\t<meta property=\"og:image:type\" content=\"image\/png\" \/>\n<meta name=\"twitter:card\" content=\"summary_large_image\" \/>\n<meta name=\"twitter:label1\" content=\"Est. reading time\" \/>\n\t<meta name=\"twitter:data1\" content=\"1 minute\" \/>\n<script type=\"application\/ld+json\" class=\"yoast-schema-graph\">{\"@context\":\"https:\\\/\\\/schema.org\",\"@graph\":[{\"@type\":\"WebPage\",\"@id\":\"https:\\\/\\\/wein-werte.com\\\/en\\\/product\\\/grand-cotes-du-jura-cuvee-tradition-vin-de-voile-2021-750ml\\\/\",\"url\":\"https:\\\/\\\/wein-werte.com\\\/en\\\/product\\\/grand-cotes-du-jura-cuvee-tradition-vin-de-voile-2021-750ml\\\/\",\"name\":\"Grand C\u00f4tes du Jura Cuv\u00e9e Tradition Vin de Voile 2021\",\"isPartOf\":{\"@id\":\"https:\\\/\\\/wein-werte.com\\\/de\\\/#website\"},\"primaryImageOfPage\":{\"@id\":\"https:\\\/\\\/wein-werte.com\\\/en\\\/product\\\/grand-cotes-du-jura-cuvee-tradition-vin-de-voile-2021-750ml\\\/#primaryimage\"},\"image\":{\"@id\":\"https:\\\/\\\/wein-werte.com\\\/en\\\/product\\\/grand-cotes-du-jura-cuvee-tradition-vin-de-voile-2021-750ml\\\/#primaryimage\"},\"thumbnailUrl\":\"https:\\\/\\\/wein-werte.com\\\/wp-content\\\/uploads\\\/2026\\\/04\\\/Grand-Cotes-du-Jura-Cuvee-Tradition-Vin-de-Voile-2021-750ml.png\",\"datePublished\":\"2026-05-05T16:34:45+00:00\",\"dateModified\":\"2026-05-05T16:34:46+00:00\",\"description\":\"Buy Grand C\u00f4tes du Jura Cuv\u00e9e Tradition Vin de Voile 2021 - a dry Chardonnay blend from Jura, France - at Wein Werte, your sustainable online shop.\",\"breadcrumb\":{\"@id\":\"https:\\\/\\\/wein-werte.com\\\/en\\\/product\\\/grand-cotes-du-jura-cuvee-tradition-vin-de-voile-2021-750ml\\\/#breadcrumb\"},\"inLanguage\":\"en-US\",\"potentialAction\":[{\"@type\":\"ReadAction\",\"target\":[\"https:\\\/\\\/wein-werte.com\\\/en\\\/product\\\/grand-cotes-du-jura-cuvee-tradition-vin-de-voile-2021-750ml\\\/\"]}]},{\"@type\":\"ImageObject\",\"inLanguage\":\"en-US\",\"@id\":\"https:\\\/\\\/wein-werte.com\\\/en\\\/product\\\/grand-cotes-du-jura-cuvee-tradition-vin-de-voile-2021-750ml\\\/#primaryimage\",\"url\":\"https:\\\/\\\/wein-werte.com\\\/wp-content\\\/uploads\\\/2026\\\/04\\\/Grand-Cotes-du-Jura-Cuvee-Tradition-Vin-de-Voile-2021-750ml.png\",\"contentUrl\":\"https:\\\/\\\/wein-werte.com\\\/wp-content\\\/uploads\\\/2026\\\/04\\\/Grand-Cotes-du-Jura-Cuvee-Tradition-Vin-de-Voile-2021-750ml.png\",\"width\":335,\"height\":1200,\"caption\":\"Grand C\u00f4tes du Jura, Cuv\u00e9e Tradition, Vin de Voile 2021 750ml\"},{\"@type\":\"BreadcrumbList\",\"@id\":\"https:\\\/\\\/wein-werte.com\\\/en\\\/product\\\/grand-cotes-du-jura-cuvee-tradition-vin-de-voile-2021-750ml\\\/#breadcrumb\",\"itemListElement\":[{\"@type\":\"ListItem\",\"position\":1,\"name\":\"Home\",\"item\":\"https:\\\/\\\/wein-werte.com\\\/en\\\/\"},{\"@type\":\"ListItem\",\"position\":2,\"name\":\"Shop Page\",\"item\":\"https:\\\/\\\/wein-werte.com\\\/en\\\/shop\\\/\"},{\"@type\":\"ListItem\",\"position\":3,\"name\":\"Grand | Jura | C\u00f4tes du Jura, Cuv\u00e9e Tradition, Vin de Voile | 2021 | 750ml\"}]},{\"@type\":\"WebSite\",\"@id\":\"https:\\\/\\\/wein-werte.com\\\/de\\\/#website\",\"url\":\"https:\\\/\\\/wein-werte.com\\\/de\\\/\",\"name\":\"Wein Werte\",\"description\":\"\",\"publisher\":{\"@id\":\"https:\\\/\\\/wein-werte.com\\\/de\\\/#organization\"},\"potentialAction\":[{\"@type\":\"SearchAction\",\"target\":{\"@type\":\"EntryPoint\",\"urlTemplate\":\"https:\\\/\\\/wein-werte.com\\\/de\\\/?s={search_term_string}\"},\"query-input\":{\"@type\":\"PropertyValueSpecification\",\"valueRequired\":true,\"valueName\":\"search_term_string\"}}],\"inLanguage\":\"en-US\"},{\"@type\":\"Organization\",\"@id\":\"https:\\\/\\\/wein-werte.com\\\/de\\\/#organization\",\"name\":\"Vins Fins Thorrold\",\"url\":\"https:\\\/\\\/wein-werte.com\\\/de\\\/\",\"logo\":{\"@type\":\"ImageObject\",\"inLanguage\":\"en-US\",\"@id\":\"https:\\\/\\\/wein-werte.com\\\/de\\\/#\\\/schema\\\/logo\\\/image\\\/\",\"url\":\"https:\\\/\\\/wein-werte.com\\\/wp-content\\\/uploads\\\/2023\\\/07\\\/Wein_werte_Logo700-1.png\",\"contentUrl\":\"https:\\\/\\\/wein-werte.com\\\/wp-content\\\/uploads\\\/2023\\\/07\\\/Wein_werte_Logo700-1.png\",\"width\":700,\"height\":272,\"caption\":\"Vins Fins Thorrold\"},\"image\":{\"@id\":\"https:\\\/\\\/wein-werte.com\\\/de\\\/#\\\/schema\\\/logo\\\/image\\\/\"}}]}<\/script>\n<!-- \/ Yoast SEO plugin. -->","yoast_head_json":{"title":"Grand C\u00f4tes du Jura Cuv\u00e9e Tradition Vin de Voile 2021","description":"Buy Grand C\u00f4tes du Jura Cuv\u00e9e Tradition Vin de Voile 2021 - a dry Chardonnay blend from Jura, France - at Wein Werte, your sustainable online shop.","robots":{"index":"index","follow":"follow","max-snippet":"max-snippet:-1","max-image-preview":"max-image-preview:large","max-video-preview":"max-video-preview:-1"},"canonical":"https:\/\/wein-werte.com\/en\/product\/grand-cotes-du-jura-cuvee-tradition-vin-de-voile-2021-750ml\/","og_locale":"en_US","og_type":"article","og_title":"Grand C\u00f4tes du Jura Cuv\u00e9e Tradition Vin de Voile 2021","og_description":"Buy Grand C\u00f4tes du Jura Cuv\u00e9e Tradition Vin de Voile 2021 - a dry Chardonnay blend from Jura, France - at Wein Werte, your sustainable online shop.","og_url":"https:\/\/wein-werte.com\/en\/product\/grand-cotes-du-jura-cuvee-tradition-vin-de-voile-2021-750ml\/","og_site_name":"Wein Werte","article_modified_time":"2026-05-05T16:34:46+00:00","og_image":[{"width":335,"height":1200,"url":"https:\/\/wein-werte.com\/wp-content\/uploads\/2026\/04\/Grand-Cotes-du-Jura-Cuvee-Tradition-Vin-de-Voile-2021-750ml.png","type":"image\/png"}],"twitter_card":"summary_large_image","twitter_misc":{"Est. reading time":"1 minute"},"schema":{"@context":"https:\/\/schema.org","@graph":[{"@type":"WebPage","@id":"https:\/\/wein-werte.com\/en\/product\/grand-cotes-du-jura-cuvee-tradition-vin-de-voile-2021-750ml\/","url":"https:\/\/wein-werte.com\/en\/product\/grand-cotes-du-jura-cuvee-tradition-vin-de-voile-2021-750ml\/","name":"Grand C\u00f4tes du Jura Cuv\u00e9e Tradition Vin de Voile 2021","isPartOf":{"@id":"https:\/\/wein-werte.com\/de\/#website"},"primaryImageOfPage":{"@id":"https:\/\/wein-werte.com\/en\/product\/grand-cotes-du-jura-cuvee-tradition-vin-de-voile-2021-750ml\/#primaryimage"},"image":{"@id":"https:\/\/wein-werte.com\/en\/product\/grand-cotes-du-jura-cuvee-tradition-vin-de-voile-2021-750ml\/#primaryimage"},"thumbnailUrl":"https:\/\/wein-werte.com\/wp-content\/uploads\/2026\/04\/Grand-Cotes-du-Jura-Cuvee-Tradition-Vin-de-Voile-2021-750ml.png","datePublished":"2026-05-05T16:34:45+00:00","dateModified":"2026-05-05T16:34:46+00:00","description":"Buy Grand C\u00f4tes du Jura Cuv\u00e9e Tradition Vin de Voile 2021 - a dry Chardonnay blend from Jura, France - at Wein Werte, your sustainable online shop.","breadcrumb":{"@id":"https:\/\/wein-werte.com\/en\/product\/grand-cotes-du-jura-cuvee-tradition-vin-de-voile-2021-750ml\/#breadcrumb"},"inLanguage":"en-US","potentialAction":[{"@type":"ReadAction","target":["https:\/\/wein-werte.com\/en\/product\/grand-cotes-du-jura-cuvee-tradition-vin-de-voile-2021-750ml\/"]}]},{"@type":"ImageObject","inLanguage":"en-US","@id":"https:\/\/wein-werte.com\/en\/product\/grand-cotes-du-jura-cuvee-tradition-vin-de-voile-2021-750ml\/#primaryimage","url":"https:\/\/wein-werte.com\/wp-content\/uploads\/2026\/04\/Grand-Cotes-du-Jura-Cuvee-Tradition-Vin-de-Voile-2021-750ml.png","contentUrl":"https:\/\/wein-werte.com\/wp-content\/uploads\/2026\/04\/Grand-Cotes-du-Jura-Cuvee-Tradition-Vin-de-Voile-2021-750ml.png","width":335,"height":1200,"caption":"Grand C\u00f4tes du Jura, Cuv\u00e9e Tradition, Vin de Voile 2021 750ml"},{"@type":"BreadcrumbList","@id":"https:\/\/wein-werte.com\/en\/product\/grand-cotes-du-jura-cuvee-tradition-vin-de-voile-2021-750ml\/#breadcrumb","itemListElement":[{"@type":"ListItem","position":1,"name":"Home","item":"https:\/\/wein-werte.com\/en\/"},{"@type":"ListItem","position":2,"name":"Shop Page","item":"https:\/\/wein-werte.com\/en\/shop\/"},{"@type":"ListItem","position":3,"name":"Grand | Jura | C\u00f4tes du Jura, Cuv\u00e9e Tradition, Vin de Voile | 2021 | 750ml"}]},{"@type":"WebSite","@id":"https:\/\/wein-werte.com\/de\/#website","url":"https:\/\/wein-werte.com\/de\/","name":"Wein Werte","description":"","publisher":{"@id":"https:\/\/wein-werte.com\/de\/#organization"},"potentialAction":[{"@type":"SearchAction","target":{"@type":"EntryPoint","urlTemplate":"https:\/\/wein-werte.com\/de\/?s={search_term_string}"},"query-input":{"@type":"PropertyValueSpecification","valueRequired":true,"valueName":"search_term_string"}}],"inLanguage":"en-US"},{"@type":"Organization","@id":"https:\/\/wein-werte.com\/de\/#organization","name":"Vins Fins Thorrold","url":"https:\/\/wein-werte.com\/de\/","logo":{"@type":"ImageObject","inLanguage":"en-US","@id":"https:\/\/wein-werte.com\/de\/#\/schema\/logo\/image\/","url":"https:\/\/wein-werte.com\/wp-content\/uploads\/2023\/07\/Wein_werte_Logo700-1.png","contentUrl":"https:\/\/wein-werte.com\/wp-content\/uploads\/2023\/07\/Wein_werte_Logo700-1.png","width":700,"height":272,"caption":"Vins Fins Thorrold"},"image":{"@id":"https:\/\/wein-werte.com\/de\/#\/schema\/logo\/image\/"}}]}},"_links":{"self":[{"href":"https:\/\/wein-werte.com\/en\/wp-json\/wp\/v2\/product\/1125101","targetHints":{"allow":["GET"]}}],"collection":[{"href":"https:\/\/wein-werte.com\/en\/wp-json\/wp\/v2\/product"}],"about":[{"href":"https:\/\/wein-werte.com\/en\/wp-json\/wp\/v2\/types\/product"}],"wp:featuredmedia":[{"embeddable":true,"href":"https:\/\/wein-werte.com\/en\/wp-json\/wp\/v2\/media\/1145877"}],"wp:attachment":[{"href":"https:\/\/wein-werte.com\/en\/wp-json\/wp\/v2\/media?parent=1125101"}],"wp:term":[{"taxonomy":"product_brand","embeddable":true,"href":"https:\/\/wein-werte.com\/en\/wp-json\/wp\/v2\/product_brand?post=1125101"},{"taxonomy":"product_cat","embeddable":true,"href":"https:\/\/wein-werte.com\/en\/wp-json\/wp\/v2\/product_cat?post=1125101"},{"taxonomy":"product_tag","embeddable":true,"href":"https:\/\/wein-werte.com\/en\/wp-json\/wp\/v2\/product_tag?post=1125101"}],"curies":[{"name":"wp","href":"https:\/\/api.w.org\/{rel}","templated":true}]}}