{"id":1125098,"date":"2026-05-08T20:09:45","date_gmt":"2026-05-08T18:09:45","guid":{"rendered":"https:\/\/wein-werte.com\/product\/grand-chateau-chalon-en-beaumont-vin-de-voile-2015-620ml\/"},"modified":"2026-05-08T20:09:45","modified_gmt":"2026-05-08T18:09:45","slug":"grand-chateau-chalon-en-beaumont-vin-de-voile-2015-620ml","status":"publish","type":"product","link":"https:\/\/wein-werte.com\/en\/product\/grand-chateau-chalon-en-beaumont-vin-de-voile-2015-620ml\/","title":{"rendered":"Grand | Jura | Ch\u00e2teau-Chalon &#8220;En Beaumont&#8221; Vin de Voile | 2015 | 620ml"},"content":{"rendered":"<p>Product description for Grand Ch\u00e2teau-Chalon &#8220;En Beaumont&#8221; Vin de Voile 2015 <\/p>\n<p>The roots of Domaine Grand date back to the 17th century. The Jura winery rose to prominence under the leadership of the Lothain brothers, Dominique and Georges Grand, who significantly shaped its fortunes between 1970 and 2015. Then Emmanuel, Lothain&#8217;s son, and his wife Nathalie took over and fundamentally transformed the estate. They reduced the Passenans vineyard from 15 to 10 hectares and introduced organic viticulture. After a three-year trial period, this was officially registered in 2018 and officially certified with the 2021 vintage. The estate&#8217;s vineyards extend across the municipalities of Passenans, Saint-Lothain, Arbois, and M\u00e9n\u00e9tru-le-Vignoble. Passenans, part of the C\u00f4tes du Jura appellation, boasts the greatest diversity of terroirs. The selection is classic and ranges from Savagnin to Chardonnay to Ch\u00e2teau-Chalon. The wines are powerful and are skillfully aged in wood.<\/p>\n<p>Copyright Vinaturel 2025<\/p>\n<p>Keywords: <a href=\"https:\/\/wein-werte.com\/shop\/?swoof=1&#038;pa_producer=Grand\">Grand<\/a> <a href=\"https:\/\/wein-werte.com\/shop\/?swoof=1&#038;woof_text=Ch\u00e2teau-Chalon \"En Beaumont\" Vin de Voile\">Ch\u00e2teau-Chalon &#8220;En Beaumont&#8221; Vin de Voile<\/a> 2015  <a href=\"https:\/\/wein-werte.com\/shop\/?swoof=1&#038;pa_region=Jura\">Jura<\/a> <a href=\"https:\/\/wein-werte.com\/shop\/?swoof=1&#038;pa_country=France\">France<\/a><\/p>\n<p>Producer website: <a href=\"https:\/\/domaine-grand.plugwine.com\/?lg=en\" target=\"_blank\">https:\/\/domaine-grand.plugwine.com\/?lg=en<\/a><\/p>\n","protected":false},"excerpt":{"rendered":"<p>Delivery time: 1 to 2 working days (DE), 2 to 5 working days (EU and CH)<\/p>\n","protected":false},"featured_media":1145865,"template":"","meta":[],"product_brand":[],"product_cat":[19],"product_tag":[],"class_list":{"0":"post-1125098","1":"product","2":"type-product","3":"status-publish","4":"has-post-thumbnail","6":"product_cat-unkategorisiert","7":"pa_alcohol-for-filter-12892","8":"pa_certified-biodynamic-no","9":"pa_certified-organic-no","10":"pa_colour-white","11":"pa_country-france","12":"pa_grape-savagnin","13":"pa_price-for-filter-10616","14":"pa_producer-grand","15":"pa_region-jura","16":"pa_size-ml-7540","17":"pa_sweetness-dry","18":"pa_type-2-still","19":"pa_vintage-6668","20":"entry","21":"has-media","23":"first","24":"instock","25":"taxable","26":"shipping-taxable","27":"purchasable","28":"product-type-simple"},"yoast_head":"<!-- This site is optimized with the Yoast SEO plugin v27.5 - https:\/\/yoast.com\/product\/yoast-seo-wordpress\/ -->\n<title>Grand Ch\u00e2teau-Chalon &quot;En Beaumont&quot; Vin de Voile 2015, 620ml<\/title>\n<meta name=\"description\" content=\"Buy Grand Ch\u00e2teau-Chalon &quot;En Beaumont&quot; Vin de Voile 2015 - a dry Savagnin from Jura, France - at Wein Werte, your sustainable online shop.\" \/>\n<meta name=\"robots\" content=\"index, follow, max-snippet:-1, max-image-preview:large, max-video-preview:-1\" \/>\n<link rel=\"canonical\" href=\"https:\/\/wein-werte.com\/en\/product\/grand-chateau-chalon-en-beaumont-vin-de-voile-2015-620ml\/\" \/>\n<meta property=\"og:locale\" content=\"en_US\" \/>\n<meta property=\"og:type\" content=\"article\" \/>\n<meta property=\"og:title\" content=\"Grand Ch\u00e2teau-Chalon &quot;En Beaumont&quot; Vin de Voile 2015, 620ml\" \/>\n<meta property=\"og:description\" content=\"Buy Grand Ch\u00e2teau-Chalon &quot;En Beaumont&quot; Vin de Voile 2015 - a dry Savagnin from Jura, France - at Wein Werte, your sustainable online shop.\" \/>\n<meta property=\"og:url\" content=\"https:\/\/wein-werte.com\/en\/product\/grand-chateau-chalon-en-beaumont-vin-de-voile-2015-620ml\/\" \/>\n<meta property=\"og:site_name\" content=\"Wein Werte\" \/>\n<meta property=\"og:image\" content=\"https:\/\/wein-werte.com\/wp-content\/uploads\/2026\/04\/Grand-Chateau-Chalon-En-Beaumont-Vin-de-Voile-2015-620ml.png\" \/>\n\t<meta property=\"og:image:width\" content=\"400\" \/>\n\t<meta property=\"og:image:height\" content=\"1118\" \/>\n\t<meta property=\"og:image:type\" content=\"image\/png\" \/>\n<meta name=\"twitter:card\" content=\"summary_large_image\" \/>\n<meta name=\"twitter:label1\" content=\"Est. reading time\" \/>\n\t<meta name=\"twitter:data1\" content=\"1 minute\" \/>\n<script type=\"application\/ld+json\" class=\"yoast-schema-graph\">{\"@context\":\"https:\\\/\\\/schema.org\",\"@graph\":[{\"@type\":\"WebPage\",\"@id\":\"https:\\\/\\\/wein-werte.com\\\/en\\\/product\\\/grand-chateau-chalon-en-beaumont-vin-de-voile-2015-620ml\\\/\",\"url\":\"https:\\\/\\\/wein-werte.com\\\/en\\\/product\\\/grand-chateau-chalon-en-beaumont-vin-de-voile-2015-620ml\\\/\",\"name\":\"Grand Ch\u00e2teau-Chalon \\\"En Beaumont\\\" Vin de Voile 2015, 620ml\",\"isPartOf\":{\"@id\":\"https:\\\/\\\/wein-werte.com\\\/de\\\/#website\"},\"primaryImageOfPage\":{\"@id\":\"https:\\\/\\\/wein-werte.com\\\/en\\\/product\\\/grand-chateau-chalon-en-beaumont-vin-de-voile-2015-620ml\\\/#primaryimage\"},\"image\":{\"@id\":\"https:\\\/\\\/wein-werte.com\\\/en\\\/product\\\/grand-chateau-chalon-en-beaumont-vin-de-voile-2015-620ml\\\/#primaryimage\"},\"thumbnailUrl\":\"https:\\\/\\\/wein-werte.com\\\/wp-content\\\/uploads\\\/2026\\\/04\\\/Grand-Chateau-Chalon-En-Beaumont-Vin-de-Voile-2015-620ml.png\",\"datePublished\":\"2026-05-08T18:09:45+00:00\",\"description\":\"Buy Grand Ch\u00e2teau-Chalon \\\"En Beaumont\\\" Vin de Voile 2015 - a dry Savagnin from Jura, France - at Wein Werte, your sustainable online shop.\",\"breadcrumb\":{\"@id\":\"https:\\\/\\\/wein-werte.com\\\/en\\\/product\\\/grand-chateau-chalon-en-beaumont-vin-de-voile-2015-620ml\\\/#breadcrumb\"},\"inLanguage\":\"en-US\",\"potentialAction\":[{\"@type\":\"ReadAction\",\"target\":[\"https:\\\/\\\/wein-werte.com\\\/en\\\/product\\\/grand-chateau-chalon-en-beaumont-vin-de-voile-2015-620ml\\\/\"]}]},{\"@type\":\"ImageObject\",\"inLanguage\":\"en-US\",\"@id\":\"https:\\\/\\\/wein-werte.com\\\/en\\\/product\\\/grand-chateau-chalon-en-beaumont-vin-de-voile-2015-620ml\\\/#primaryimage\",\"url\":\"https:\\\/\\\/wein-werte.com\\\/wp-content\\\/uploads\\\/2026\\\/04\\\/Grand-Chateau-Chalon-En-Beaumont-Vin-de-Voile-2015-620ml.png\",\"contentUrl\":\"https:\\\/\\\/wein-werte.com\\\/wp-content\\\/uploads\\\/2026\\\/04\\\/Grand-Chateau-Chalon-En-Beaumont-Vin-de-Voile-2015-620ml.png\",\"width\":400,\"height\":1118,\"caption\":\"Grand Ch\u00e2teau-Chalon \\\"En Beaumont\\\" Vin de Voile 2015 620ml\"},{\"@type\":\"BreadcrumbList\",\"@id\":\"https:\\\/\\\/wein-werte.com\\\/en\\\/product\\\/grand-chateau-chalon-en-beaumont-vin-de-voile-2015-620ml\\\/#breadcrumb\",\"itemListElement\":[{\"@type\":\"ListItem\",\"position\":1,\"name\":\"Home\",\"item\":\"https:\\\/\\\/wein-werte.com\\\/en\\\/\"},{\"@type\":\"ListItem\",\"position\":2,\"name\":\"Shop Page\",\"item\":\"https:\\\/\\\/wein-werte.com\\\/en\\\/shop\\\/\"},{\"@type\":\"ListItem\",\"position\":3,\"name\":\"Grand | Jura | Ch\u00e2teau-Chalon &#8220;En Beaumont&#8221; Vin de Voile | 2015 | 620ml\"}]},{\"@type\":\"WebSite\",\"@id\":\"https:\\\/\\\/wein-werte.com\\\/de\\\/#website\",\"url\":\"https:\\\/\\\/wein-werte.com\\\/de\\\/\",\"name\":\"Wein Werte\",\"description\":\"\",\"publisher\":{\"@id\":\"https:\\\/\\\/wein-werte.com\\\/de\\\/#organization\"},\"potentialAction\":[{\"@type\":\"SearchAction\",\"target\":{\"@type\":\"EntryPoint\",\"urlTemplate\":\"https:\\\/\\\/wein-werte.com\\\/de\\\/?s={search_term_string}\"},\"query-input\":{\"@type\":\"PropertyValueSpecification\",\"valueRequired\":true,\"valueName\":\"search_term_string\"}}],\"inLanguage\":\"en-US\"},{\"@type\":\"Organization\",\"@id\":\"https:\\\/\\\/wein-werte.com\\\/de\\\/#organization\",\"name\":\"Vins Fins Thorrold\",\"url\":\"https:\\\/\\\/wein-werte.com\\\/de\\\/\",\"logo\":{\"@type\":\"ImageObject\",\"inLanguage\":\"en-US\",\"@id\":\"https:\\\/\\\/wein-werte.com\\\/de\\\/#\\\/schema\\\/logo\\\/image\\\/\",\"url\":\"https:\\\/\\\/wein-werte.com\\\/wp-content\\\/uploads\\\/2023\\\/07\\\/Wein_werte_Logo700-1.png\",\"contentUrl\":\"https:\\\/\\\/wein-werte.com\\\/wp-content\\\/uploads\\\/2023\\\/07\\\/Wein_werte_Logo700-1.png\",\"width\":700,\"height\":272,\"caption\":\"Vins Fins Thorrold\"},\"image\":{\"@id\":\"https:\\\/\\\/wein-werte.com\\\/de\\\/#\\\/schema\\\/logo\\\/image\\\/\"}}]}<\/script>\n<!-- \/ Yoast SEO plugin. -->","yoast_head_json":{"title":"Grand Ch\u00e2teau-Chalon \"En Beaumont\" Vin de Voile 2015, 620ml","description":"Buy Grand Ch\u00e2teau-Chalon \"En Beaumont\" Vin de Voile 2015 - a dry Savagnin from Jura, France - at Wein Werte, your sustainable online shop.","robots":{"index":"index","follow":"follow","max-snippet":"max-snippet:-1","max-image-preview":"max-image-preview:large","max-video-preview":"max-video-preview:-1"},"canonical":"https:\/\/wein-werte.com\/en\/product\/grand-chateau-chalon-en-beaumont-vin-de-voile-2015-620ml\/","og_locale":"en_US","og_type":"article","og_title":"Grand Ch\u00e2teau-Chalon \"En Beaumont\" Vin de Voile 2015, 620ml","og_description":"Buy Grand Ch\u00e2teau-Chalon \"En Beaumont\" Vin de Voile 2015 - a dry Savagnin from Jura, France - at Wein Werte, your sustainable online shop.","og_url":"https:\/\/wein-werte.com\/en\/product\/grand-chateau-chalon-en-beaumont-vin-de-voile-2015-620ml\/","og_site_name":"Wein Werte","og_image":[{"width":400,"height":1118,"url":"https:\/\/wein-werte.com\/wp-content\/uploads\/2026\/04\/Grand-Chateau-Chalon-En-Beaumont-Vin-de-Voile-2015-620ml.png","type":"image\/png"}],"twitter_card":"summary_large_image","twitter_misc":{"Est. reading time":"1 minute"},"schema":{"@context":"https:\/\/schema.org","@graph":[{"@type":"WebPage","@id":"https:\/\/wein-werte.com\/en\/product\/grand-chateau-chalon-en-beaumont-vin-de-voile-2015-620ml\/","url":"https:\/\/wein-werte.com\/en\/product\/grand-chateau-chalon-en-beaumont-vin-de-voile-2015-620ml\/","name":"Grand Ch\u00e2teau-Chalon \"En Beaumont\" Vin de Voile 2015, 620ml","isPartOf":{"@id":"https:\/\/wein-werte.com\/de\/#website"},"primaryImageOfPage":{"@id":"https:\/\/wein-werte.com\/en\/product\/grand-chateau-chalon-en-beaumont-vin-de-voile-2015-620ml\/#primaryimage"},"image":{"@id":"https:\/\/wein-werte.com\/en\/product\/grand-chateau-chalon-en-beaumont-vin-de-voile-2015-620ml\/#primaryimage"},"thumbnailUrl":"https:\/\/wein-werte.com\/wp-content\/uploads\/2026\/04\/Grand-Chateau-Chalon-En-Beaumont-Vin-de-Voile-2015-620ml.png","datePublished":"2026-05-08T18:09:45+00:00","description":"Buy Grand Ch\u00e2teau-Chalon \"En Beaumont\" Vin de Voile 2015 - a dry Savagnin from Jura, France - at Wein Werte, your sustainable online shop.","breadcrumb":{"@id":"https:\/\/wein-werte.com\/en\/product\/grand-chateau-chalon-en-beaumont-vin-de-voile-2015-620ml\/#breadcrumb"},"inLanguage":"en-US","potentialAction":[{"@type":"ReadAction","target":["https:\/\/wein-werte.com\/en\/product\/grand-chateau-chalon-en-beaumont-vin-de-voile-2015-620ml\/"]}]},{"@type":"ImageObject","inLanguage":"en-US","@id":"https:\/\/wein-werte.com\/en\/product\/grand-chateau-chalon-en-beaumont-vin-de-voile-2015-620ml\/#primaryimage","url":"https:\/\/wein-werte.com\/wp-content\/uploads\/2026\/04\/Grand-Chateau-Chalon-En-Beaumont-Vin-de-Voile-2015-620ml.png","contentUrl":"https:\/\/wein-werte.com\/wp-content\/uploads\/2026\/04\/Grand-Chateau-Chalon-En-Beaumont-Vin-de-Voile-2015-620ml.png","width":400,"height":1118,"caption":"Grand Ch\u00e2teau-Chalon \"En Beaumont\" Vin de Voile 2015 620ml"},{"@type":"BreadcrumbList","@id":"https:\/\/wein-werte.com\/en\/product\/grand-chateau-chalon-en-beaumont-vin-de-voile-2015-620ml\/#breadcrumb","itemListElement":[{"@type":"ListItem","position":1,"name":"Home","item":"https:\/\/wein-werte.com\/en\/"},{"@type":"ListItem","position":2,"name":"Shop Page","item":"https:\/\/wein-werte.com\/en\/shop\/"},{"@type":"ListItem","position":3,"name":"Grand | Jura | Ch\u00e2teau-Chalon &#8220;En Beaumont&#8221; Vin de Voile | 2015 | 620ml"}]},{"@type":"WebSite","@id":"https:\/\/wein-werte.com\/de\/#website","url":"https:\/\/wein-werte.com\/de\/","name":"Wein Werte","description":"","publisher":{"@id":"https:\/\/wein-werte.com\/de\/#organization"},"potentialAction":[{"@type":"SearchAction","target":{"@type":"EntryPoint","urlTemplate":"https:\/\/wein-werte.com\/de\/?s={search_term_string}"},"query-input":{"@type":"PropertyValueSpecification","valueRequired":true,"valueName":"search_term_string"}}],"inLanguage":"en-US"},{"@type":"Organization","@id":"https:\/\/wein-werte.com\/de\/#organization","name":"Vins Fins Thorrold","url":"https:\/\/wein-werte.com\/de\/","logo":{"@type":"ImageObject","inLanguage":"en-US","@id":"https:\/\/wein-werte.com\/de\/#\/schema\/logo\/image\/","url":"https:\/\/wein-werte.com\/wp-content\/uploads\/2023\/07\/Wein_werte_Logo700-1.png","contentUrl":"https:\/\/wein-werte.com\/wp-content\/uploads\/2023\/07\/Wein_werte_Logo700-1.png","width":700,"height":272,"caption":"Vins Fins Thorrold"},"image":{"@id":"https:\/\/wein-werte.com\/de\/#\/schema\/logo\/image\/"}}]}},"_links":{"self":[{"href":"https:\/\/wein-werte.com\/en\/wp-json\/wp\/v2\/product\/1125098","targetHints":{"allow":["GET"]}}],"collection":[{"href":"https:\/\/wein-werte.com\/en\/wp-json\/wp\/v2\/product"}],"about":[{"href":"https:\/\/wein-werte.com\/en\/wp-json\/wp\/v2\/types\/product"}],"wp:featuredmedia":[{"embeddable":true,"href":"https:\/\/wein-werte.com\/en\/wp-json\/wp\/v2\/media\/1145865"}],"wp:attachment":[{"href":"https:\/\/wein-werte.com\/en\/wp-json\/wp\/v2\/media?parent=1125098"}],"wp:term":[{"taxonomy":"product_brand","embeddable":true,"href":"https:\/\/wein-werte.com\/en\/wp-json\/wp\/v2\/product_brand?post=1125098"},{"taxonomy":"product_cat","embeddable":true,"href":"https:\/\/wein-werte.com\/en\/wp-json\/wp\/v2\/product_cat?post=1125098"},{"taxonomy":"product_tag","embeddable":true,"href":"https:\/\/wein-werte.com\/en\/wp-json\/wp\/v2\/product_tag?post=1125098"}],"curies":[{"name":"wp","href":"https:\/\/api.w.org\/{rel}","templated":true}]}}