{"id":1125058,"date":"2026-05-08T20:09:34","date_gmt":"2026-05-08T18:09:34","guid":{"rendered":"https:\/\/wein-werte.com\/product\/luneau-papin-excelsior-2020-750ml\/"},"modified":"2026-05-08T20:09:34","modified_gmt":"2026-05-08T18:09:34","slug":"luneau-papin-excelsior-2020-750ml","status":"publish","type":"product","link":"https:\/\/wein-werte.com\/en\/product\/luneau-papin-excelsior-2020-750ml\/","title":{"rendered":"Luneau-Papin | Loire | Excelsior AOP | 2020 | 750ml | bio"},"content":{"rendered":"<p>Product description for Luneau-Papin Excelsior AOP 2020 (bio)<\/p>\n<h5>Wine Information<\/h5>\n<p> This Muscadet, made from the Melon de Bourgogne variety, comes from the Clos des No\u00eblles in the La Pl\u00e9cisi\u00e8re vineyard in the village of La Chapelle-Heulin. Planted in 1936, these vines are among the oldest in the entire Nantais region. The soil consists of slate and mica schist. The Muscadet comes from plots belonging to the Cru Communal Goulaine, which has existed in Nantais since the late 1990s. Its name refers to the river that flows through the vineyards and flows into the Loire. From the vantage point on La Butte de la Roche, you can enjoy a view over the Goulaine marshland. The grapes were harvested by hand and pressed in a pneumatic press, with the force and duration of the pressing being adjusted according to the vintage. This was followed by spontaneous fermentation with natural yeasts, followed by fermentation and aging on the lees in underground, glass-lined cement cuv\u00e9es for 24 to 36 months. <\/p>\n<h5>Colour<\/h5>\n<p> Intense straw yellow <\/p>\n<h5>Nose<\/h5>\n<p> If there were a Grand Cru in Muscadet, then the Muscadet Excelsior would be its expression. It has all the makings of a great wine. And since bottles of this wine from the outstanding 2002 vintage are still on the market, we know how well the Excelsior can age. But it is also enjoyable in its young version. The aroma of the Muscadet is reminiscent of ripe white-fleshed fruit such as apples, pears, quinces, and peaches. There are also notes of dried apple, a touch of nutmeg, yeast, and bread crust, as well as some mint, lichen, and wet stone. <\/p>\n<h5>Palate<\/h5>\n<p> On the palate, the young Excelsior presents itself deep and powerfully, with a blend of ripe fruit, almond butter, yeast, and apple and grapefruit peel. The almond notes are particularly typical of this Muscadet and can be found in both young and mature examples. The Muscadet is precise and linear, with a ripe yet lively acidity and underlying minerality and stoniness. All of this is underpinned by a hint of mille-feuille, yeast, yellow fruit, and the finest tannins. The Excelsior has all the qualities of a great white wine.<\/p>\n<p>Copyright Vinaturel 2025<\/p>\n<p>Keywords: <a href=\"https:\/\/wein-werte.com\/shop\/?swoof=1&#038;pa_producer=Luneau-Papin\">Luneau-Papin<\/a> <a href=\"https:\/\/wein-werte.com\/shop\/?swoof=1&#038;woof_text=Excelsior AOP\">Excelsior AOP<\/a> 2020 bio <a href=\"https:\/\/wein-werte.com\/shop\/?swoof=1&#038;pa_region=Loire\">Loire<\/a> <a href=\"https:\/\/wein-werte.com\/shop\/?swoof=1&#038;pa_country=France\">France<\/a><\/p>\n<h3>Wine Advocate<\/h3>\n<p>Score: 91+<\/p>\n<p>The 2020 Excelsior was crafted from vines planted in 1936 with a massal selection on schist and mica-schist soils. Evoking aromas of herbs, smoke, lemon oil and pear, it\u2019s fleshy and tense with excellent concentration, schist structuring extract and a long, saline finish. This well-made, forward, balanced wine will drink well right out of the gate and over the next decade.<br \/>Yohan Castaing<\/p>\n<p>Producer website: <a href=\"https:\/\/www.domaineluneaupapin.com\/en\/\" target=\"_blank\">https:\/\/www.domaineluneaupapin.com\/en\/<\/a><\/p>\n","protected":false},"excerpt":{"rendered":"<p>Delivery time: 1 to 2 working days (DE), 2 to 5 working days (EU and CH)<\/p>\n","protected":false},"featured_media":1145721,"template":"","meta":[],"product_brand":[],"product_cat":[19],"product_tag":[],"class_list":{"0":"post-1125058","1":"product","2":"type-product","3":"status-publish","4":"has-post-thumbnail","6":"product_cat-unkategorisiert","7":"pa_alcohol-for-filter-12893","8":"pa_certified-biodynamic-yes","9":"pa_certified-organic-yes","10":"pa_colour-white","11":"pa_country-france","12":"pa_grape-melon-de-bourgogne","13":"pa_parker-points-for-filter-16150","14":"pa_price-for-filter-10599","15":"pa_producer-luneau-papin","16":"pa_region-loire","17":"pa_size-ml-6584","18":"pa_sweetness-dry","19":"pa_type-2-still","20":"pa_vintage-6599","21":"entry","22":"has-media","24":"first","25":"instock","26":"taxable","27":"shipping-taxable","28":"purchasable","29":"product-type-simple"},"yoast_head":"<!-- This site is optimized with the Yoast SEO plugin v27.5 - https:\/\/yoast.com\/product\/yoast-seo-wordpress\/ -->\n<title>Luneau-Papin Excelsior 2020<\/title>\n<meta name=\"description\" content=\"Buy Luneau-Papin Excelsior 2020 - a dry Melon de Bourgogne from Loire, France - at Wein Werte, your sustainable online shop.\" \/>\n<meta name=\"robots\" content=\"index, follow, max-snippet:-1, max-image-preview:large, max-video-preview:-1\" \/>\n<link rel=\"canonical\" href=\"https:\/\/wein-werte.com\/en\/product\/luneau-papin-excelsior-2020-750ml\/\" \/>\n<meta property=\"og:locale\" content=\"en_US\" \/>\n<meta property=\"og:type\" content=\"article\" \/>\n<meta property=\"og:title\" content=\"Luneau-Papin Excelsior 2020\" \/>\n<meta property=\"og:description\" content=\"Buy Luneau-Papin Excelsior 2020 - a dry Melon de Bourgogne from Loire, France - at Wein Werte, your sustainable online shop.\" \/>\n<meta property=\"og:url\" content=\"https:\/\/wein-werte.com\/en\/product\/luneau-papin-excelsior-2020-750ml\/\" \/>\n<meta property=\"og:site_name\" content=\"Wein Werte\" \/>\n<meta property=\"og:image\" content=\"https:\/\/wein-werte.com\/wp-content\/uploads\/2026\/04\/Luneau-Papin-Excelsior-2020-750ml.png\" \/>\n\t<meta property=\"og:image:width\" content=\"315\" \/>\n\t<meta property=\"og:image:height\" content=\"1200\" \/>\n\t<meta property=\"og:image:type\" content=\"image\/png\" \/>\n<meta name=\"twitter:card\" content=\"summary_large_image\" \/>\n<meta name=\"twitter:label1\" content=\"Est. reading time\" \/>\n\t<meta name=\"twitter:data1\" content=\"2 minutes\" \/>\n<script type=\"application\/ld+json\" class=\"yoast-schema-graph\">{\"@context\":\"https:\\\/\\\/schema.org\",\"@graph\":[{\"@type\":\"WebPage\",\"@id\":\"https:\\\/\\\/wein-werte.com\\\/en\\\/product\\\/luneau-papin-excelsior-2020-750ml\\\/\",\"url\":\"https:\\\/\\\/wein-werte.com\\\/en\\\/product\\\/luneau-papin-excelsior-2020-750ml\\\/\",\"name\":\"Luneau-Papin Excelsior 2020\",\"isPartOf\":{\"@id\":\"https:\\\/\\\/wein-werte.com\\\/de\\\/#website\"},\"primaryImageOfPage\":{\"@id\":\"https:\\\/\\\/wein-werte.com\\\/en\\\/product\\\/luneau-papin-excelsior-2020-750ml\\\/#primaryimage\"},\"image\":{\"@id\":\"https:\\\/\\\/wein-werte.com\\\/en\\\/product\\\/luneau-papin-excelsior-2020-750ml\\\/#primaryimage\"},\"thumbnailUrl\":\"https:\\\/\\\/wein-werte.com\\\/wp-content\\\/uploads\\\/2026\\\/04\\\/Luneau-Papin-Excelsior-2020-750ml.png\",\"datePublished\":\"2026-05-08T18:09:34+00:00\",\"description\":\"Buy Luneau-Papin Excelsior 2020 - a dry Melon de Bourgogne from Loire, France - at Wein Werte, your sustainable online shop.\",\"breadcrumb\":{\"@id\":\"https:\\\/\\\/wein-werte.com\\\/en\\\/product\\\/luneau-papin-excelsior-2020-750ml\\\/#breadcrumb\"},\"inLanguage\":\"en-US\",\"potentialAction\":[{\"@type\":\"ReadAction\",\"target\":[\"https:\\\/\\\/wein-werte.com\\\/en\\\/product\\\/luneau-papin-excelsior-2020-750ml\\\/\"]}]},{\"@type\":\"ImageObject\",\"inLanguage\":\"en-US\",\"@id\":\"https:\\\/\\\/wein-werte.com\\\/en\\\/product\\\/luneau-papin-excelsior-2020-750ml\\\/#primaryimage\",\"url\":\"https:\\\/\\\/wein-werte.com\\\/wp-content\\\/uploads\\\/2026\\\/04\\\/Luneau-Papin-Excelsior-2020-750ml.png\",\"contentUrl\":\"https:\\\/\\\/wein-werte.com\\\/wp-content\\\/uploads\\\/2026\\\/04\\\/Luneau-Papin-Excelsior-2020-750ml.png\",\"width\":315,\"height\":1200,\"caption\":\"Luneau-Papin Excelsior AOP 2020 750ml\"},{\"@type\":\"BreadcrumbList\",\"@id\":\"https:\\\/\\\/wein-werte.com\\\/en\\\/product\\\/luneau-papin-excelsior-2020-750ml\\\/#breadcrumb\",\"itemListElement\":[{\"@type\":\"ListItem\",\"position\":1,\"name\":\"Home\",\"item\":\"https:\\\/\\\/wein-werte.com\\\/en\\\/\"},{\"@type\":\"ListItem\",\"position\":2,\"name\":\"Shop Page\",\"item\":\"https:\\\/\\\/wein-werte.com\\\/en\\\/shop\\\/\"},{\"@type\":\"ListItem\",\"position\":3,\"name\":\"Luneau-Papin | Loire | Excelsior AOP | 2020 | 750ml | bio\"}]},{\"@type\":\"WebSite\",\"@id\":\"https:\\\/\\\/wein-werte.com\\\/de\\\/#website\",\"url\":\"https:\\\/\\\/wein-werte.com\\\/de\\\/\",\"name\":\"Wein Werte\",\"description\":\"\",\"publisher\":{\"@id\":\"https:\\\/\\\/wein-werte.com\\\/de\\\/#organization\"},\"potentialAction\":[{\"@type\":\"SearchAction\",\"target\":{\"@type\":\"EntryPoint\",\"urlTemplate\":\"https:\\\/\\\/wein-werte.com\\\/de\\\/?s={search_term_string}\"},\"query-input\":{\"@type\":\"PropertyValueSpecification\",\"valueRequired\":true,\"valueName\":\"search_term_string\"}}],\"inLanguage\":\"en-US\"},{\"@type\":\"Organization\",\"@id\":\"https:\\\/\\\/wein-werte.com\\\/de\\\/#organization\",\"name\":\"Vins Fins Thorrold\",\"url\":\"https:\\\/\\\/wein-werte.com\\\/de\\\/\",\"logo\":{\"@type\":\"ImageObject\",\"inLanguage\":\"en-US\",\"@id\":\"https:\\\/\\\/wein-werte.com\\\/de\\\/#\\\/schema\\\/logo\\\/image\\\/\",\"url\":\"https:\\\/\\\/wein-werte.com\\\/wp-content\\\/uploads\\\/2023\\\/07\\\/Wein_werte_Logo700-1.png\",\"contentUrl\":\"https:\\\/\\\/wein-werte.com\\\/wp-content\\\/uploads\\\/2023\\\/07\\\/Wein_werte_Logo700-1.png\",\"width\":700,\"height\":272,\"caption\":\"Vins Fins Thorrold\"},\"image\":{\"@id\":\"https:\\\/\\\/wein-werte.com\\\/de\\\/#\\\/schema\\\/logo\\\/image\\\/\"}}]}<\/script>\n<!-- \/ Yoast SEO plugin. -->","yoast_head_json":{"title":"Luneau-Papin Excelsior 2020","description":"Buy Luneau-Papin Excelsior 2020 - a dry Melon de Bourgogne from Loire, France - at Wein Werte, your sustainable online shop.","robots":{"index":"index","follow":"follow","max-snippet":"max-snippet:-1","max-image-preview":"max-image-preview:large","max-video-preview":"max-video-preview:-1"},"canonical":"https:\/\/wein-werte.com\/en\/product\/luneau-papin-excelsior-2020-750ml\/","og_locale":"en_US","og_type":"article","og_title":"Luneau-Papin Excelsior 2020","og_description":"Buy Luneau-Papin Excelsior 2020 - a dry Melon de Bourgogne from Loire, France - at Wein Werte, your sustainable online shop.","og_url":"https:\/\/wein-werte.com\/en\/product\/luneau-papin-excelsior-2020-750ml\/","og_site_name":"Wein Werte","og_image":[{"width":315,"height":1200,"url":"https:\/\/wein-werte.com\/wp-content\/uploads\/2026\/04\/Luneau-Papin-Excelsior-2020-750ml.png","type":"image\/png"}],"twitter_card":"summary_large_image","twitter_misc":{"Est. reading time":"2 minutes"},"schema":{"@context":"https:\/\/schema.org","@graph":[{"@type":"WebPage","@id":"https:\/\/wein-werte.com\/en\/product\/luneau-papin-excelsior-2020-750ml\/","url":"https:\/\/wein-werte.com\/en\/product\/luneau-papin-excelsior-2020-750ml\/","name":"Luneau-Papin Excelsior 2020","isPartOf":{"@id":"https:\/\/wein-werte.com\/de\/#website"},"primaryImageOfPage":{"@id":"https:\/\/wein-werte.com\/en\/product\/luneau-papin-excelsior-2020-750ml\/#primaryimage"},"image":{"@id":"https:\/\/wein-werte.com\/en\/product\/luneau-papin-excelsior-2020-750ml\/#primaryimage"},"thumbnailUrl":"https:\/\/wein-werte.com\/wp-content\/uploads\/2026\/04\/Luneau-Papin-Excelsior-2020-750ml.png","datePublished":"2026-05-08T18:09:34+00:00","description":"Buy Luneau-Papin Excelsior 2020 - a dry Melon de Bourgogne from Loire, France - at Wein Werte, your sustainable online shop.","breadcrumb":{"@id":"https:\/\/wein-werte.com\/en\/product\/luneau-papin-excelsior-2020-750ml\/#breadcrumb"},"inLanguage":"en-US","potentialAction":[{"@type":"ReadAction","target":["https:\/\/wein-werte.com\/en\/product\/luneau-papin-excelsior-2020-750ml\/"]}]},{"@type":"ImageObject","inLanguage":"en-US","@id":"https:\/\/wein-werte.com\/en\/product\/luneau-papin-excelsior-2020-750ml\/#primaryimage","url":"https:\/\/wein-werte.com\/wp-content\/uploads\/2026\/04\/Luneau-Papin-Excelsior-2020-750ml.png","contentUrl":"https:\/\/wein-werte.com\/wp-content\/uploads\/2026\/04\/Luneau-Papin-Excelsior-2020-750ml.png","width":315,"height":1200,"caption":"Luneau-Papin Excelsior AOP 2020 750ml"},{"@type":"BreadcrumbList","@id":"https:\/\/wein-werte.com\/en\/product\/luneau-papin-excelsior-2020-750ml\/#breadcrumb","itemListElement":[{"@type":"ListItem","position":1,"name":"Home","item":"https:\/\/wein-werte.com\/en\/"},{"@type":"ListItem","position":2,"name":"Shop Page","item":"https:\/\/wein-werte.com\/en\/shop\/"},{"@type":"ListItem","position":3,"name":"Luneau-Papin | Loire | Excelsior AOP | 2020 | 750ml | bio"}]},{"@type":"WebSite","@id":"https:\/\/wein-werte.com\/de\/#website","url":"https:\/\/wein-werte.com\/de\/","name":"Wein Werte","description":"","publisher":{"@id":"https:\/\/wein-werte.com\/de\/#organization"},"potentialAction":[{"@type":"SearchAction","target":{"@type":"EntryPoint","urlTemplate":"https:\/\/wein-werte.com\/de\/?s={search_term_string}"},"query-input":{"@type":"PropertyValueSpecification","valueRequired":true,"valueName":"search_term_string"}}],"inLanguage":"en-US"},{"@type":"Organization","@id":"https:\/\/wein-werte.com\/de\/#organization","name":"Vins Fins Thorrold","url":"https:\/\/wein-werte.com\/de\/","logo":{"@type":"ImageObject","inLanguage":"en-US","@id":"https:\/\/wein-werte.com\/de\/#\/schema\/logo\/image\/","url":"https:\/\/wein-werte.com\/wp-content\/uploads\/2023\/07\/Wein_werte_Logo700-1.png","contentUrl":"https:\/\/wein-werte.com\/wp-content\/uploads\/2023\/07\/Wein_werte_Logo700-1.png","width":700,"height":272,"caption":"Vins Fins Thorrold"},"image":{"@id":"https:\/\/wein-werte.com\/de\/#\/schema\/logo\/image\/"}}]}},"_links":{"self":[{"href":"https:\/\/wein-werte.com\/en\/wp-json\/wp\/v2\/product\/1125058","targetHints":{"allow":["GET"]}}],"collection":[{"href":"https:\/\/wein-werte.com\/en\/wp-json\/wp\/v2\/product"}],"about":[{"href":"https:\/\/wein-werte.com\/en\/wp-json\/wp\/v2\/types\/product"}],"wp:featuredmedia":[{"embeddable":true,"href":"https:\/\/wein-werte.com\/en\/wp-json\/wp\/v2\/media\/1145721"}],"wp:attachment":[{"href":"https:\/\/wein-werte.com\/en\/wp-json\/wp\/v2\/media?parent=1125058"}],"wp:term":[{"taxonomy":"product_brand","embeddable":true,"href":"https:\/\/wein-werte.com\/en\/wp-json\/wp\/v2\/product_brand?post=1125058"},{"taxonomy":"product_cat","embeddable":true,"href":"https:\/\/wein-werte.com\/en\/wp-json\/wp\/v2\/product_cat?post=1125058"},{"taxonomy":"product_tag","embeddable":true,"href":"https:\/\/wein-werte.com\/en\/wp-json\/wp\/v2\/product_tag?post=1125058"}],"curies":[{"name":"wp","href":"https:\/\/api.w.org\/{rel}","templated":true}]}}