{"id":1124976,"date":"2026-05-12T15:57:13","date_gmt":"2026-05-12T13:57:13","guid":{"rendered":"https:\/\/wein-werte.com\/product\/zind-humbrecht-gewurztraminer-roche-calcaire-2023-750ml\/"},"modified":"2026-05-13T15:17:11","modified_gmt":"2026-05-13T13:17:11","slug":"zind-humbrecht-gewurztraminer-roche-calcaire-2023-750ml","status":"publish","type":"product","link":"https:\/\/wein-werte.com\/en\/product\/zind-humbrecht-gewurztraminer-roche-calcaire-2023-750ml\/","title":{"rendered":"Zind-Humbrecht | Alsace | Gew\u00fcrztraminer Roche Calcaire | 2023 | 750ml | bio"},"content":{"rendered":"<p>Product description for Zind-Humbrecht Gew\u00fcrztraminer Roche Calcaire 2023 (bio)<\/p>\n<p>The Gewurztraminer Roche Calcaire comes from a small plot near Gueberschwihr, close to the Goldert, as well as from young vines at the Grand Cru Hengst and Clos Windsbuhl. The soils\u2014a mixture of oolitic limestone and siliceous marls\u2014significantly shape the character of this wine. The 2023 harvest was somewhat later, but sugar levels remained moderate, resulting in a pleasantly dry style. The aromas are unusually subtle and less varietal for a Gewurztraminer\u2014an effect of the calcareous terroir. The vines are on average 41 years old, and the yield was 51 hl\/ha. Bottled in August 2024. <\/p>\n<h5>Colour<\/h5>\n<p> Intense straw yellow with bright reflections. <\/p>\n<h5>Nose<\/h5>\n<p> The 2023 Gewurztraminer Roche Calcaire from Zind-Humbrecht initially appears hesitant on the nose. With increasing aeration and temperature, it begins to speak tentatively \u2013 not of roses and the like, but of mild spices such as mace and clove, which symbolize the first part of its name. Then, little by little, it noticeably begins to resemble Traminer, without, however, slipping into the exalted or even eccentric. Disciplined with cool understatement, it seems like the James Bond of Gew\u00fcrztraminers. <\/p>\n<h5>Palate<\/h5>\n<p> The first sip is more spice than Traminer. The texture is also taut, with a fine tannin structure and firm tension instead of the usual oily feel. Sensorially, it appears dry, even though, at just under 7 g\/l, it is on the upper end of the dry range. A sweet, extract-sweet core with light tropical fruit, cinnamon blossom, rose, and pink guava\u2014all carried by the tight and powerful structure of this contemporary Gew\u00fcrztraminer. Chapeau!<\/p>\n<p>Copyright Vinaturel 2025<\/p>\n<p>Keywords: <a href=\"https:\/\/wein-werte.com\/shop\/?swoof=1&#038;pa_producer=Zind-Humbrecht\">Zind-Humbrecht<\/a> <a href=\"https:\/\/wein-werte.com\/shop\/?swoof=1&#038;woof_text=Gew\u00fcrztraminer Roche Calcaire\">Gew\u00fcrztraminer Roche Calcaire<\/a> 2023 bio <a href=\"https:\/\/wein-werte.com\/shop\/?swoof=1&#038;pa_region=Alsace\">Alsace<\/a> <a href=\"https:\/\/wein-werte.com\/shop\/?swoof=1&#038;pa_country=France\">France<\/a><\/p>\n<p>Producer website: <a href=\"http:\/\/www.zindhumbrecht.fr\/\" target=\"_blank\">http:\/\/www.zindhumbrecht.fr\/<\/a><\/p>\n","protected":false},"excerpt":{"rendered":"<div style=\"font-size: 14px;\">\n<p>Delivery time: 1 to 2 working days (DE), 2 to 5 working days (EU and CH)<\/p>\n<p>Approximate energy content per 125ml glass: 110 kcal<\/p>\n<\/p><\/div>\n","protected":false},"featured_media":1145453,"template":"","meta":[],"product_brand":[],"product_cat":[19],"product_tag":[],"class_list":{"0":"post-1124976","1":"product","2":"type-product","3":"status-publish","4":"has-post-thumbnail","6":"product_cat-unkategorisiert","7":"pa_alcohol-for-filter-12892","8":"pa_certified-biodynamic-yes","9":"pa_certified-organic-yes","10":"pa_colour-white","11":"pa_country-france","12":"pa_grape-gewurztraminer","13":"pa_price-for-filter-10601","14":"pa_producer-zind-humbrecht","15":"pa_region-alsace","16":"pa_size-ml-6584","17":"pa_sweetness-dry","18":"pa_type-2-still","19":"pa_vintage-12619","20":"entry","21":"has-media","23":"first","24":"instock","25":"taxable","26":"shipping-taxable","27":"purchasable","28":"product-type-simple"},"yoast_head":"<!-- This site is optimized with the Yoast SEO plugin v27.6 - https:\/\/yoast.com\/product\/yoast-seo-wordpress\/ -->\n<title>Zind-Humbrecht Gew\u00fcrztraminer Roche Calcaire 2023 750ml<\/title>\n<meta name=\"description\" content=\"Buy Zind-Humbrecht Gew\u00fcrztraminer Roche Calcaire 2023 - a dry Gew\u00fcrztraminer from Alsace, France - at Wein Werte, your sustainable online shop.\" \/>\n<meta name=\"robots\" content=\"index, follow, max-snippet:-1, max-image-preview:large, max-video-preview:-1\" \/>\n<link rel=\"canonical\" href=\"https:\/\/wein-werte.com\/en\/product\/zind-humbrecht-gewurztraminer-roche-calcaire-2023-750ml\/\" \/>\n<meta property=\"og:locale\" content=\"en_US\" \/>\n<meta property=\"og:type\" content=\"article\" \/>\n<meta property=\"og:title\" content=\"Zind-Humbrecht Gew\u00fcrztraminer Roche Calcaire 2023 750ml\" \/>\n<meta property=\"og:description\" content=\"Buy Zind-Humbrecht Gew\u00fcrztraminer Roche Calcaire 2023 - a dry Gew\u00fcrztraminer from Alsace, France - at Wein Werte, your sustainable online shop.\" \/>\n<meta property=\"og:url\" content=\"https:\/\/wein-werte.com\/en\/product\/zind-humbrecht-gewurztraminer-roche-calcaire-2023-750ml\/\" \/>\n<meta property=\"og:site_name\" content=\"Wein Werte\" \/>\n<meta property=\"article:modified_time\" content=\"2026-05-13T13:17:11+00:00\" \/>\n<meta property=\"og:image\" content=\"https:\/\/wein-werte.com\/wp-content\/uploads\/2026\/04\/Zind-Humbrecht-Gewurztraminer-Roche-Calcaire-2023-750ml.png\" \/>\n\t<meta property=\"og:image:width\" content=\"274\" \/>\n\t<meta property=\"og:image:height\" content=\"1200\" \/>\n\t<meta property=\"og:image:type\" content=\"image\/png\" \/>\n<meta name=\"twitter:card\" content=\"summary_large_image\" \/>\n<meta name=\"twitter:label1\" content=\"Est. reading time\" \/>\n\t<meta name=\"twitter:data1\" content=\"1 minute\" \/>\n<script type=\"application\/ld+json\" class=\"yoast-schema-graph\">{\"@context\":\"https:\\\/\\\/schema.org\",\"@graph\":[{\"@type\":\"WebPage\",\"@id\":\"https:\\\/\\\/wein-werte.com\\\/en\\\/product\\\/zind-humbrecht-gewurztraminer-roche-calcaire-2023-750ml\\\/\",\"url\":\"https:\\\/\\\/wein-werte.com\\\/en\\\/product\\\/zind-humbrecht-gewurztraminer-roche-calcaire-2023-750ml\\\/\",\"name\":\"Zind-Humbrecht Gew\u00fcrztraminer Roche Calcaire 2023 750ml\",\"isPartOf\":{\"@id\":\"https:\\\/\\\/wein-werte.com\\\/de\\\/#website\"},\"primaryImageOfPage\":{\"@id\":\"https:\\\/\\\/wein-werte.com\\\/en\\\/product\\\/zind-humbrecht-gewurztraminer-roche-calcaire-2023-750ml\\\/#primaryimage\"},\"image\":{\"@id\":\"https:\\\/\\\/wein-werte.com\\\/en\\\/product\\\/zind-humbrecht-gewurztraminer-roche-calcaire-2023-750ml\\\/#primaryimage\"},\"thumbnailUrl\":\"https:\\\/\\\/wein-werte.com\\\/wp-content\\\/uploads\\\/2026\\\/04\\\/Zind-Humbrecht-Gewurztraminer-Roche-Calcaire-2023-750ml.png\",\"datePublished\":\"2026-05-12T13:57:13+00:00\",\"dateModified\":\"2026-05-13T13:17:11+00:00\",\"description\":\"Buy Zind-Humbrecht Gew\u00fcrztraminer Roche Calcaire 2023 - a dry Gew\u00fcrztraminer from Alsace, France - at Wein Werte, your sustainable online shop.\",\"breadcrumb\":{\"@id\":\"https:\\\/\\\/wein-werte.com\\\/en\\\/product\\\/zind-humbrecht-gewurztraminer-roche-calcaire-2023-750ml\\\/#breadcrumb\"},\"inLanguage\":\"en-US\",\"potentialAction\":[{\"@type\":\"ReadAction\",\"target\":[\"https:\\\/\\\/wein-werte.com\\\/en\\\/product\\\/zind-humbrecht-gewurztraminer-roche-calcaire-2023-750ml\\\/\"]}]},{\"@type\":\"ImageObject\",\"inLanguage\":\"en-US\",\"@id\":\"https:\\\/\\\/wein-werte.com\\\/en\\\/product\\\/zind-humbrecht-gewurztraminer-roche-calcaire-2023-750ml\\\/#primaryimage\",\"url\":\"https:\\\/\\\/wein-werte.com\\\/wp-content\\\/uploads\\\/2026\\\/04\\\/Zind-Humbrecht-Gewurztraminer-Roche-Calcaire-2023-750ml.png\",\"contentUrl\":\"https:\\\/\\\/wein-werte.com\\\/wp-content\\\/uploads\\\/2026\\\/04\\\/Zind-Humbrecht-Gewurztraminer-Roche-Calcaire-2023-750ml.png\",\"width\":274,\"height\":1200,\"caption\":\"Zind-Humbrecht Gew\u00fcrztraminer Roche Calcaire 2023 750ml\"},{\"@type\":\"BreadcrumbList\",\"@id\":\"https:\\\/\\\/wein-werte.com\\\/en\\\/product\\\/zind-humbrecht-gewurztraminer-roche-calcaire-2023-750ml\\\/#breadcrumb\",\"itemListElement\":[{\"@type\":\"ListItem\",\"position\":1,\"name\":\"Home\",\"item\":\"https:\\\/\\\/wein-werte.com\\\/en\\\/\"},{\"@type\":\"ListItem\",\"position\":2,\"name\":\"Shop Page\",\"item\":\"https:\\\/\\\/wein-werte.com\\\/en\\\/shop\\\/\"},{\"@type\":\"ListItem\",\"position\":3,\"name\":\"Zind-Humbrecht | Alsace | Gew\u00fcrztraminer Roche Calcaire | 2023 | 750ml | bio\"}]},{\"@type\":\"WebSite\",\"@id\":\"https:\\\/\\\/wein-werte.com\\\/de\\\/#website\",\"url\":\"https:\\\/\\\/wein-werte.com\\\/de\\\/\",\"name\":\"Wein Werte\",\"description\":\"\",\"publisher\":{\"@id\":\"https:\\\/\\\/wein-werte.com\\\/de\\\/#organization\"},\"potentialAction\":[{\"@type\":\"SearchAction\",\"target\":{\"@type\":\"EntryPoint\",\"urlTemplate\":\"https:\\\/\\\/wein-werte.com\\\/de\\\/?s={search_term_string}\"},\"query-input\":{\"@type\":\"PropertyValueSpecification\",\"valueRequired\":true,\"valueName\":\"search_term_string\"}}],\"inLanguage\":\"en-US\"},{\"@type\":\"Organization\",\"@id\":\"https:\\\/\\\/wein-werte.com\\\/de\\\/#organization\",\"name\":\"Vins Fins Thorrold\",\"url\":\"https:\\\/\\\/wein-werte.com\\\/de\\\/\",\"logo\":{\"@type\":\"ImageObject\",\"inLanguage\":\"en-US\",\"@id\":\"https:\\\/\\\/wein-werte.com\\\/de\\\/#\\\/schema\\\/logo\\\/image\\\/\",\"url\":\"https:\\\/\\\/wein-werte.com\\\/wp-content\\\/uploads\\\/2023\\\/07\\\/Wein_werte_Logo700-1.png\",\"contentUrl\":\"https:\\\/\\\/wein-werte.com\\\/wp-content\\\/uploads\\\/2023\\\/07\\\/Wein_werte_Logo700-1.png\",\"width\":700,\"height\":272,\"caption\":\"Vins Fins Thorrold\"},\"image\":{\"@id\":\"https:\\\/\\\/wein-werte.com\\\/de\\\/#\\\/schema\\\/logo\\\/image\\\/\"}}]}<\/script>\n<!-- \/ Yoast SEO plugin. -->","yoast_head_json":{"title":"Zind-Humbrecht Gew\u00fcrztraminer Roche Calcaire 2023 750ml","description":"Buy Zind-Humbrecht Gew\u00fcrztraminer Roche Calcaire 2023 - a dry Gew\u00fcrztraminer from Alsace, France - at Wein Werte, your sustainable online shop.","robots":{"index":"index","follow":"follow","max-snippet":"max-snippet:-1","max-image-preview":"max-image-preview:large","max-video-preview":"max-video-preview:-1"},"canonical":"https:\/\/wein-werte.com\/en\/product\/zind-humbrecht-gewurztraminer-roche-calcaire-2023-750ml\/","og_locale":"en_US","og_type":"article","og_title":"Zind-Humbrecht Gew\u00fcrztraminer Roche Calcaire 2023 750ml","og_description":"Buy Zind-Humbrecht Gew\u00fcrztraminer Roche Calcaire 2023 - a dry Gew\u00fcrztraminer from Alsace, France - at Wein Werte, your sustainable online shop.","og_url":"https:\/\/wein-werte.com\/en\/product\/zind-humbrecht-gewurztraminer-roche-calcaire-2023-750ml\/","og_site_name":"Wein Werte","article_modified_time":"2026-05-13T13:17:11+00:00","og_image":[{"width":274,"height":1200,"url":"https:\/\/wein-werte.com\/wp-content\/uploads\/2026\/04\/Zind-Humbrecht-Gewurztraminer-Roche-Calcaire-2023-750ml.png","type":"image\/png"}],"twitter_card":"summary_large_image","twitter_misc":{"Est. reading time":"1 minute"},"schema":{"@context":"https:\/\/schema.org","@graph":[{"@type":"WebPage","@id":"https:\/\/wein-werte.com\/en\/product\/zind-humbrecht-gewurztraminer-roche-calcaire-2023-750ml\/","url":"https:\/\/wein-werte.com\/en\/product\/zind-humbrecht-gewurztraminer-roche-calcaire-2023-750ml\/","name":"Zind-Humbrecht Gew\u00fcrztraminer Roche Calcaire 2023 750ml","isPartOf":{"@id":"https:\/\/wein-werte.com\/de\/#website"},"primaryImageOfPage":{"@id":"https:\/\/wein-werte.com\/en\/product\/zind-humbrecht-gewurztraminer-roche-calcaire-2023-750ml\/#primaryimage"},"image":{"@id":"https:\/\/wein-werte.com\/en\/product\/zind-humbrecht-gewurztraminer-roche-calcaire-2023-750ml\/#primaryimage"},"thumbnailUrl":"https:\/\/wein-werte.com\/wp-content\/uploads\/2026\/04\/Zind-Humbrecht-Gewurztraminer-Roche-Calcaire-2023-750ml.png","datePublished":"2026-05-12T13:57:13+00:00","dateModified":"2026-05-13T13:17:11+00:00","description":"Buy Zind-Humbrecht Gew\u00fcrztraminer Roche Calcaire 2023 - a dry Gew\u00fcrztraminer from Alsace, France - at Wein Werte, your sustainable online shop.","breadcrumb":{"@id":"https:\/\/wein-werte.com\/en\/product\/zind-humbrecht-gewurztraminer-roche-calcaire-2023-750ml\/#breadcrumb"},"inLanguage":"en-US","potentialAction":[{"@type":"ReadAction","target":["https:\/\/wein-werte.com\/en\/product\/zind-humbrecht-gewurztraminer-roche-calcaire-2023-750ml\/"]}]},{"@type":"ImageObject","inLanguage":"en-US","@id":"https:\/\/wein-werte.com\/en\/product\/zind-humbrecht-gewurztraminer-roche-calcaire-2023-750ml\/#primaryimage","url":"https:\/\/wein-werte.com\/wp-content\/uploads\/2026\/04\/Zind-Humbrecht-Gewurztraminer-Roche-Calcaire-2023-750ml.png","contentUrl":"https:\/\/wein-werte.com\/wp-content\/uploads\/2026\/04\/Zind-Humbrecht-Gewurztraminer-Roche-Calcaire-2023-750ml.png","width":274,"height":1200,"caption":"Zind-Humbrecht Gew\u00fcrztraminer Roche Calcaire 2023 750ml"},{"@type":"BreadcrumbList","@id":"https:\/\/wein-werte.com\/en\/product\/zind-humbrecht-gewurztraminer-roche-calcaire-2023-750ml\/#breadcrumb","itemListElement":[{"@type":"ListItem","position":1,"name":"Home","item":"https:\/\/wein-werte.com\/en\/"},{"@type":"ListItem","position":2,"name":"Shop Page","item":"https:\/\/wein-werte.com\/en\/shop\/"},{"@type":"ListItem","position":3,"name":"Zind-Humbrecht | Alsace | Gew\u00fcrztraminer Roche Calcaire | 2023 | 750ml | bio"}]},{"@type":"WebSite","@id":"https:\/\/wein-werte.com\/de\/#website","url":"https:\/\/wein-werte.com\/de\/","name":"Wein Werte","description":"","publisher":{"@id":"https:\/\/wein-werte.com\/de\/#organization"},"potentialAction":[{"@type":"SearchAction","target":{"@type":"EntryPoint","urlTemplate":"https:\/\/wein-werte.com\/de\/?s={search_term_string}"},"query-input":{"@type":"PropertyValueSpecification","valueRequired":true,"valueName":"search_term_string"}}],"inLanguage":"en-US"},{"@type":"Organization","@id":"https:\/\/wein-werte.com\/de\/#organization","name":"Vins Fins Thorrold","url":"https:\/\/wein-werte.com\/de\/","logo":{"@type":"ImageObject","inLanguage":"en-US","@id":"https:\/\/wein-werte.com\/de\/#\/schema\/logo\/image\/","url":"https:\/\/wein-werte.com\/wp-content\/uploads\/2023\/07\/Wein_werte_Logo700-1.png","contentUrl":"https:\/\/wein-werte.com\/wp-content\/uploads\/2023\/07\/Wein_werte_Logo700-1.png","width":700,"height":272,"caption":"Vins Fins Thorrold"},"image":{"@id":"https:\/\/wein-werte.com\/de\/#\/schema\/logo\/image\/"}}]}},"_links":{"self":[{"href":"https:\/\/wein-werte.com\/en\/wp-json\/wp\/v2\/product\/1124976","targetHints":{"allow":["GET"]}}],"collection":[{"href":"https:\/\/wein-werte.com\/en\/wp-json\/wp\/v2\/product"}],"about":[{"href":"https:\/\/wein-werte.com\/en\/wp-json\/wp\/v2\/types\/product"}],"wp:featuredmedia":[{"embeddable":true,"href":"https:\/\/wein-werte.com\/en\/wp-json\/wp\/v2\/media\/1145453"}],"wp:attachment":[{"href":"https:\/\/wein-werte.com\/en\/wp-json\/wp\/v2\/media?parent=1124976"}],"wp:term":[{"taxonomy":"product_brand","embeddable":true,"href":"https:\/\/wein-werte.com\/en\/wp-json\/wp\/v2\/product_brand?post=1124976"},{"taxonomy":"product_cat","embeddable":true,"href":"https:\/\/wein-werte.com\/en\/wp-json\/wp\/v2\/product_cat?post=1124976"},{"taxonomy":"product_tag","embeddable":true,"href":"https:\/\/wein-werte.com\/en\/wp-json\/wp\/v2\/product_tag?post=1124976"}],"curies":[{"name":"wp","href":"https:\/\/api.w.org\/{rel}","templated":true}]}}