{"id":1124814,"date":"2026-05-05T18:31:47","date_gmt":"2026-05-05T16:31:47","guid":{"rendered":"https:\/\/wein-werte.com\/product\/chateau-de-beru-athenais-bourgogne-chardonnay-2022-750ml\/"},"modified":"2026-05-05T18:31:48","modified_gmt":"2026-05-05T16:31:48","slug":"chateau-de-beru-athenais-bourgogne-chardonnay-2022-750ml","status":"publish","type":"product","link":"https:\/\/wein-werte.com\/en\/product\/chateau-de-beru-athenais-bourgogne-chardonnay-2022-750ml\/","title":{"rendered":"Ch\u00e2teau de B\u00e9ru | Burgundy | Ath\u00e9na\u00efs Bourgogne Chardonnay AOC | 2022 | 750ml | bio"},"content":{"rendered":"<p>Product description for Ch\u00e2teau de B\u00e9ru Ath\u00e9na\u00efs Bourgogne Chardonnay AOC 2022 (bio)<\/p>\n<h5>Wine Information<\/h5>\n<p> This wine comes from grapes from friendly, organic and biodynamic farms with which Athena\u00efs de B\u00e9ru has a long-standing association. The plots are cultivated and harvested by the B\u00e9ru team. The vineyards are located in Saint Bris and the C\u00f4te Auxerre, two appellations not far from Chablis that also have Kimmeridge limestone in their soils. <\/p>\n<h5>Colour<\/h5>\n<p> Delicate golden yellow <\/p>\n<h5>Nose<\/h5>\n<p> The aroma of this 2022 Bourgogne Chardonnay promises pure energy. It is reminiscent of crushed limestone and chalk, herbs and lichens, limequats, lemons and zest with a hint of green apple, some peach and pear. Overlying notes are white flowers and a hint of patisserie. <\/p>\n<h5>Palate<\/h5>\n<p> The palate confirms the impression already offered by the nose. The wine is full of energy, chalky, cool, and powerful, yet not without charm. This is ensured by the fine, slightly creamy texture and a hint of nut and almond, as well as the salty character, which ensures easy drinking. Furthermore, this is a pure, slightly tart wine, reminiscent of citrus fruits and cider apples, full of life and a successful acidity, which, uncomplicated yet sophisticated, should ensure much enjoyment at the table.<\/p>\n<p>Copyright Vinaturel 2025<\/p>\n<p>Keywords: <a href=\"https:\/\/wein-werte.com\/shop\/?swoof=1&#038;pa_producer=Ch\u00e2teau-de-B\u00e9ru\">Ch\u00e2teau de B\u00e9ru<\/a> <a href=\"https:\/\/wein-werte.com\/shop\/?swoof=1&#038;woof_text=Ath\u00e9na\u00efs Bourgogne Chardonnay AOC\">Ath\u00e9na\u00efs Bourgogne Chardonnay AOC<\/a> 2022 bio <a href=\"https:\/\/wein-werte.com\/shop\/?swoof=1&#038;pa_region=Burgundy\">Burgundy<\/a> <a href=\"https:\/\/wein-werte.com\/shop\/?swoof=1&#038;pa_country=France\">France<\/a><\/p>\n<p>Producer website: <a href=\"https:\/\/www.en.chateaudeberu.com\/\" target=\"_blank\">https:\/\/www.en.chateaudeberu.com\/<\/a><\/p>\n","protected":false},"excerpt":{"rendered":"<p>Delivery time: 1 to 2 working days (DE), 2 to 5 working days (EU and CH)<\/p>\n","protected":false},"featured_media":1144927,"template":"","meta":[],"product_brand":[],"product_cat":[19],"product_tag":[],"class_list":{"0":"post-1124814","1":"product","2":"type-product","3":"status-publish","4":"has-post-thumbnail","6":"product_cat-unkategorisiert","7":"pa_alcohol-for-filter-13-5","8":"pa_certified-biodynamic-yes","9":"pa_certified-organic-yes","10":"pa_colour-white","11":"pa_country-france","12":"pa_grape-chardonnay","13":"pa_price-for-filter-10584","14":"pa_producer-chateau-de-beru","15":"pa_region-burgundy","16":"pa_size-ml-6584","17":"pa_sweetness-dry","18":"pa_type-2-still","19":"pa_vintage-9698","20":"entry","21":"has-media","23":"first","24":"instock","25":"taxable","26":"shipping-taxable","27":"purchasable","28":"product-type-simple"},"yoast_head":"<!-- This site is optimized with the Yoast SEO plugin v27.5 - https:\/\/yoast.com\/product\/yoast-seo-wordpress\/ -->\n<title>Ch\u00e2teau de B\u00e9ru Ath\u00e9na\u00efs Bourgogne Chardonnay 2022<\/title>\n<meta name=\"description\" content=\"Buy Ch\u00e2teau de B\u00e9ru Ath\u00e9na\u00efs Bourgogne Chardonnay 2022 - a dry Chardonnay from Burgundy, France - at Wein Werte, your sustainable online shop.\" \/>\n<meta name=\"robots\" content=\"index, follow, max-snippet:-1, max-image-preview:large, max-video-preview:-1\" \/>\n<link rel=\"canonical\" href=\"https:\/\/wein-werte.com\/en\/product\/chateau-de-beru-athenais-bourgogne-chardonnay-2022-750ml\/\" \/>\n<meta property=\"og:locale\" content=\"en_US\" \/>\n<meta property=\"og:type\" content=\"article\" \/>\n<meta property=\"og:title\" content=\"Ch\u00e2teau de B\u00e9ru Ath\u00e9na\u00efs Bourgogne Chardonnay 2022\" \/>\n<meta property=\"og:description\" content=\"Buy Ch\u00e2teau de B\u00e9ru Ath\u00e9na\u00efs Bourgogne Chardonnay 2022 - a dry Chardonnay from Burgundy, France - at Wein Werte, your sustainable online shop.\" \/>\n<meta property=\"og:url\" content=\"https:\/\/wein-werte.com\/en\/product\/chateau-de-beru-athenais-bourgogne-chardonnay-2022-750ml\/\" \/>\n<meta property=\"og:site_name\" content=\"Wein Werte\" \/>\n<meta property=\"article:modified_time\" content=\"2026-05-05T16:31:48+00:00\" \/>\n<meta property=\"og:image\" content=\"https:\/\/wein-werte.com\/wp-content\/uploads\/2026\/04\/Chateau-de-Beru-Athenais-Bourgogne-Chardonnay-2022-750ml.png\" \/>\n\t<meta property=\"og:image:width\" content=\"323\" \/>\n\t<meta property=\"og:image:height\" content=\"1200\" \/>\n\t<meta property=\"og:image:type\" content=\"image\/png\" \/>\n<meta name=\"twitter:card\" content=\"summary_large_image\" \/>\n<meta name=\"twitter:label1\" content=\"Est. reading time\" \/>\n\t<meta name=\"twitter:data1\" content=\"1 minute\" \/>\n<script type=\"application\/ld+json\" class=\"yoast-schema-graph\">{\"@context\":\"https:\\\/\\\/schema.org\",\"@graph\":[{\"@type\":\"WebPage\",\"@id\":\"https:\\\/\\\/wein-werte.com\\\/en\\\/product\\\/chateau-de-beru-athenais-bourgogne-chardonnay-2022-750ml\\\/\",\"url\":\"https:\\\/\\\/wein-werte.com\\\/en\\\/product\\\/chateau-de-beru-athenais-bourgogne-chardonnay-2022-750ml\\\/\",\"name\":\"Ch\u00e2teau de B\u00e9ru Ath\u00e9na\u00efs Bourgogne Chardonnay 2022\",\"isPartOf\":{\"@id\":\"https:\\\/\\\/wein-werte.com\\\/de\\\/#website\"},\"primaryImageOfPage\":{\"@id\":\"https:\\\/\\\/wein-werte.com\\\/en\\\/product\\\/chateau-de-beru-athenais-bourgogne-chardonnay-2022-750ml\\\/#primaryimage\"},\"image\":{\"@id\":\"https:\\\/\\\/wein-werte.com\\\/en\\\/product\\\/chateau-de-beru-athenais-bourgogne-chardonnay-2022-750ml\\\/#primaryimage\"},\"thumbnailUrl\":\"https:\\\/\\\/wein-werte.com\\\/wp-content\\\/uploads\\\/2026\\\/04\\\/Chateau-de-Beru-Athenais-Bourgogne-Chardonnay-2022-750ml.png\",\"datePublished\":\"2026-05-05T16:31:47+00:00\",\"dateModified\":\"2026-05-05T16:31:48+00:00\",\"description\":\"Buy Ch\u00e2teau de B\u00e9ru Ath\u00e9na\u00efs Bourgogne Chardonnay 2022 - a dry Chardonnay from Burgundy, France - at Wein Werte, your sustainable online shop.\",\"breadcrumb\":{\"@id\":\"https:\\\/\\\/wein-werte.com\\\/en\\\/product\\\/chateau-de-beru-athenais-bourgogne-chardonnay-2022-750ml\\\/#breadcrumb\"},\"inLanguage\":\"en-US\",\"potentialAction\":[{\"@type\":\"ReadAction\",\"target\":[\"https:\\\/\\\/wein-werte.com\\\/en\\\/product\\\/chateau-de-beru-athenais-bourgogne-chardonnay-2022-750ml\\\/\"]}]},{\"@type\":\"ImageObject\",\"inLanguage\":\"en-US\",\"@id\":\"https:\\\/\\\/wein-werte.com\\\/en\\\/product\\\/chateau-de-beru-athenais-bourgogne-chardonnay-2022-750ml\\\/#primaryimage\",\"url\":\"https:\\\/\\\/wein-werte.com\\\/wp-content\\\/uploads\\\/2026\\\/04\\\/Chateau-de-Beru-Athenais-Bourgogne-Chardonnay-2022-750ml.png\",\"contentUrl\":\"https:\\\/\\\/wein-werte.com\\\/wp-content\\\/uploads\\\/2026\\\/04\\\/Chateau-de-Beru-Athenais-Bourgogne-Chardonnay-2022-750ml.png\",\"width\":323,\"height\":1200,\"caption\":\"Ch\u00e2teau de B\u00e9ru Ath\u00e9na\u00efs Bourgogne Chardonnay AOC 2022 750ml\"},{\"@type\":\"BreadcrumbList\",\"@id\":\"https:\\\/\\\/wein-werte.com\\\/en\\\/product\\\/chateau-de-beru-athenais-bourgogne-chardonnay-2022-750ml\\\/#breadcrumb\",\"itemListElement\":[{\"@type\":\"ListItem\",\"position\":1,\"name\":\"Home\",\"item\":\"https:\\\/\\\/wein-werte.com\\\/en\\\/\"},{\"@type\":\"ListItem\",\"position\":2,\"name\":\"Shop Page\",\"item\":\"https:\\\/\\\/wein-werte.com\\\/en\\\/shop\\\/\"},{\"@type\":\"ListItem\",\"position\":3,\"name\":\"Ch\u00e2teau de B\u00e9ru | Burgundy | Ath\u00e9na\u00efs Bourgogne Chardonnay AOC | 2022 | 750ml | bio\"}]},{\"@type\":\"WebSite\",\"@id\":\"https:\\\/\\\/wein-werte.com\\\/de\\\/#website\",\"url\":\"https:\\\/\\\/wein-werte.com\\\/de\\\/\",\"name\":\"Wein Werte\",\"description\":\"\",\"publisher\":{\"@id\":\"https:\\\/\\\/wein-werte.com\\\/de\\\/#organization\"},\"potentialAction\":[{\"@type\":\"SearchAction\",\"target\":{\"@type\":\"EntryPoint\",\"urlTemplate\":\"https:\\\/\\\/wein-werte.com\\\/de\\\/?s={search_term_string}\"},\"query-input\":{\"@type\":\"PropertyValueSpecification\",\"valueRequired\":true,\"valueName\":\"search_term_string\"}}],\"inLanguage\":\"en-US\"},{\"@type\":\"Organization\",\"@id\":\"https:\\\/\\\/wein-werte.com\\\/de\\\/#organization\",\"name\":\"Vins Fins Thorrold\",\"url\":\"https:\\\/\\\/wein-werte.com\\\/de\\\/\",\"logo\":{\"@type\":\"ImageObject\",\"inLanguage\":\"en-US\",\"@id\":\"https:\\\/\\\/wein-werte.com\\\/de\\\/#\\\/schema\\\/logo\\\/image\\\/\",\"url\":\"https:\\\/\\\/wein-werte.com\\\/wp-content\\\/uploads\\\/2023\\\/07\\\/Wein_werte_Logo700-1.png\",\"contentUrl\":\"https:\\\/\\\/wein-werte.com\\\/wp-content\\\/uploads\\\/2023\\\/07\\\/Wein_werte_Logo700-1.png\",\"width\":700,\"height\":272,\"caption\":\"Vins Fins Thorrold\"},\"image\":{\"@id\":\"https:\\\/\\\/wein-werte.com\\\/de\\\/#\\\/schema\\\/logo\\\/image\\\/\"}}]}<\/script>\n<!-- \/ Yoast SEO plugin. -->","yoast_head_json":{"title":"Ch\u00e2teau de B\u00e9ru Ath\u00e9na\u00efs Bourgogne Chardonnay 2022","description":"Buy Ch\u00e2teau de B\u00e9ru Ath\u00e9na\u00efs Bourgogne Chardonnay 2022 - a dry Chardonnay from Burgundy, France - at Wein Werte, your sustainable online shop.","robots":{"index":"index","follow":"follow","max-snippet":"max-snippet:-1","max-image-preview":"max-image-preview:large","max-video-preview":"max-video-preview:-1"},"canonical":"https:\/\/wein-werte.com\/en\/product\/chateau-de-beru-athenais-bourgogne-chardonnay-2022-750ml\/","og_locale":"en_US","og_type":"article","og_title":"Ch\u00e2teau de B\u00e9ru Ath\u00e9na\u00efs Bourgogne Chardonnay 2022","og_description":"Buy Ch\u00e2teau de B\u00e9ru Ath\u00e9na\u00efs Bourgogne Chardonnay 2022 - a dry Chardonnay from Burgundy, France - at Wein Werte, your sustainable online shop.","og_url":"https:\/\/wein-werte.com\/en\/product\/chateau-de-beru-athenais-bourgogne-chardonnay-2022-750ml\/","og_site_name":"Wein Werte","article_modified_time":"2026-05-05T16:31:48+00:00","og_image":[{"width":323,"height":1200,"url":"https:\/\/wein-werte.com\/wp-content\/uploads\/2026\/04\/Chateau-de-Beru-Athenais-Bourgogne-Chardonnay-2022-750ml.png","type":"image\/png"}],"twitter_card":"summary_large_image","twitter_misc":{"Est. reading time":"1 minute"},"schema":{"@context":"https:\/\/schema.org","@graph":[{"@type":"WebPage","@id":"https:\/\/wein-werte.com\/en\/product\/chateau-de-beru-athenais-bourgogne-chardonnay-2022-750ml\/","url":"https:\/\/wein-werte.com\/en\/product\/chateau-de-beru-athenais-bourgogne-chardonnay-2022-750ml\/","name":"Ch\u00e2teau de B\u00e9ru Ath\u00e9na\u00efs Bourgogne Chardonnay 2022","isPartOf":{"@id":"https:\/\/wein-werte.com\/de\/#website"},"primaryImageOfPage":{"@id":"https:\/\/wein-werte.com\/en\/product\/chateau-de-beru-athenais-bourgogne-chardonnay-2022-750ml\/#primaryimage"},"image":{"@id":"https:\/\/wein-werte.com\/en\/product\/chateau-de-beru-athenais-bourgogne-chardonnay-2022-750ml\/#primaryimage"},"thumbnailUrl":"https:\/\/wein-werte.com\/wp-content\/uploads\/2026\/04\/Chateau-de-Beru-Athenais-Bourgogne-Chardonnay-2022-750ml.png","datePublished":"2026-05-05T16:31:47+00:00","dateModified":"2026-05-05T16:31:48+00:00","description":"Buy Ch\u00e2teau de B\u00e9ru Ath\u00e9na\u00efs Bourgogne Chardonnay 2022 - a dry Chardonnay from Burgundy, France - at Wein Werte, your sustainable online shop.","breadcrumb":{"@id":"https:\/\/wein-werte.com\/en\/product\/chateau-de-beru-athenais-bourgogne-chardonnay-2022-750ml\/#breadcrumb"},"inLanguage":"en-US","potentialAction":[{"@type":"ReadAction","target":["https:\/\/wein-werte.com\/en\/product\/chateau-de-beru-athenais-bourgogne-chardonnay-2022-750ml\/"]}]},{"@type":"ImageObject","inLanguage":"en-US","@id":"https:\/\/wein-werte.com\/en\/product\/chateau-de-beru-athenais-bourgogne-chardonnay-2022-750ml\/#primaryimage","url":"https:\/\/wein-werte.com\/wp-content\/uploads\/2026\/04\/Chateau-de-Beru-Athenais-Bourgogne-Chardonnay-2022-750ml.png","contentUrl":"https:\/\/wein-werte.com\/wp-content\/uploads\/2026\/04\/Chateau-de-Beru-Athenais-Bourgogne-Chardonnay-2022-750ml.png","width":323,"height":1200,"caption":"Ch\u00e2teau de B\u00e9ru Ath\u00e9na\u00efs Bourgogne Chardonnay AOC 2022 750ml"},{"@type":"BreadcrumbList","@id":"https:\/\/wein-werte.com\/en\/product\/chateau-de-beru-athenais-bourgogne-chardonnay-2022-750ml\/#breadcrumb","itemListElement":[{"@type":"ListItem","position":1,"name":"Home","item":"https:\/\/wein-werte.com\/en\/"},{"@type":"ListItem","position":2,"name":"Shop Page","item":"https:\/\/wein-werte.com\/en\/shop\/"},{"@type":"ListItem","position":3,"name":"Ch\u00e2teau de B\u00e9ru | Burgundy | Ath\u00e9na\u00efs Bourgogne Chardonnay AOC | 2022 | 750ml | bio"}]},{"@type":"WebSite","@id":"https:\/\/wein-werte.com\/de\/#website","url":"https:\/\/wein-werte.com\/de\/","name":"Wein Werte","description":"","publisher":{"@id":"https:\/\/wein-werte.com\/de\/#organization"},"potentialAction":[{"@type":"SearchAction","target":{"@type":"EntryPoint","urlTemplate":"https:\/\/wein-werte.com\/de\/?s={search_term_string}"},"query-input":{"@type":"PropertyValueSpecification","valueRequired":true,"valueName":"search_term_string"}}],"inLanguage":"en-US"},{"@type":"Organization","@id":"https:\/\/wein-werte.com\/de\/#organization","name":"Vins Fins Thorrold","url":"https:\/\/wein-werte.com\/de\/","logo":{"@type":"ImageObject","inLanguage":"en-US","@id":"https:\/\/wein-werte.com\/de\/#\/schema\/logo\/image\/","url":"https:\/\/wein-werte.com\/wp-content\/uploads\/2023\/07\/Wein_werte_Logo700-1.png","contentUrl":"https:\/\/wein-werte.com\/wp-content\/uploads\/2023\/07\/Wein_werte_Logo700-1.png","width":700,"height":272,"caption":"Vins Fins Thorrold"},"image":{"@id":"https:\/\/wein-werte.com\/de\/#\/schema\/logo\/image\/"}}]}},"_links":{"self":[{"href":"https:\/\/wein-werte.com\/en\/wp-json\/wp\/v2\/product\/1124814","targetHints":{"allow":["GET"]}}],"collection":[{"href":"https:\/\/wein-werte.com\/en\/wp-json\/wp\/v2\/product"}],"about":[{"href":"https:\/\/wein-werte.com\/en\/wp-json\/wp\/v2\/types\/product"}],"wp:featuredmedia":[{"embeddable":true,"href":"https:\/\/wein-werte.com\/en\/wp-json\/wp\/v2\/media\/1144927"}],"wp:attachment":[{"href":"https:\/\/wein-werte.com\/en\/wp-json\/wp\/v2\/media?parent=1124814"}],"wp:term":[{"taxonomy":"product_brand","embeddable":true,"href":"https:\/\/wein-werte.com\/en\/wp-json\/wp\/v2\/product_brand?post=1124814"},{"taxonomy":"product_cat","embeddable":true,"href":"https:\/\/wein-werte.com\/en\/wp-json\/wp\/v2\/product_cat?post=1124814"},{"taxonomy":"product_tag","embeddable":true,"href":"https:\/\/wein-werte.com\/en\/wp-json\/wp\/v2\/product_tag?post=1124814"}],"curies":[{"name":"wp","href":"https:\/\/api.w.org\/{rel}","templated":true}]}}