{"id":1124813,"date":"2026-05-05T18:31:47","date_gmt":"2026-05-05T16:31:47","guid":{"rendered":"https:\/\/wein-werte.com\/product\/chateau-de-beru-chablis-clos-beru-monopole-2020-1500ml\/"},"modified":"2026-05-05T18:31:48","modified_gmt":"2026-05-05T16:31:48","slug":"chateau-de-beru-chablis-clos-beru-monopole-2020-1500ml","status":"publish","type":"product","link":"https:\/\/wein-werte.com\/en\/product\/chateau-de-beru-chablis-clos-beru-monopole-2020-1500ml\/","title":{"rendered":"Ch\u00e2teau de B\u00e9ru | Burgundy | Chablis Clos B\u00e9ru Monopole AOC | 2020 | 1500ml | bio"},"content":{"rendered":"<p>Product description for Ch\u00e2teau de B\u00e9ru Chablis Clos B\u00e9ru Monopole AOC 2020 (bio)<\/p>\n<h5>Wine Information<\/h5>\n<p> The Clos de B\u00e9ru vineyard is the house&#8217;s monopoly site. The only reason the Clos de B\u00e9ru is not classified as a Premier Cru in Chablis is because it was leased at the time of Comte Eric de B\u00e9ru&#8217;s untimely death, and the family showed no interest in classification. Historically, the Clos de B\u00e9ru has always been considered on a par with good Premier Cru sites. When you stand in the vineyard, it&#8217;s immediately clear why: pure, south-facing, not very steep, but quite sloping and very stony, typical Kimmeridge soil. The boundaries were originally drawn by the monks along the terroir. This is why the Clos does not have a uniform shape, but rather that of a slanted trapezoid. The wine is aged in tonneaux for the first year, then in tanks (Christoph Raffelt). <\/p>\n<h5>Colour<\/h5>\n<p> Brilliant golden yellow. <\/p>\n<h5>Nose<\/h5>\n<p> The 2020 Chablis Clos B\u00e9ru reveals itself after decanting with a fruity and mineral firework. Precise fruit notes of citrus, sugared grapefruit, quince, apricot, and honeydew melon meet cool, stony notes, seaweed, and dried oyster shell. The whole is perfectly interwoven with cereal notes, dried pastries, almonds, and a hint of light tobacco, as well as distinct herbal notes. The finest aromas of porcini mushrooms and brioche underscore its Burgundian character. It&#8217;s hard to find a more purist and clearly defined Chablis. A wine that, even upon first smell, begs to be sipped on the tongue, but which will also benefit from further ageing. <\/p>\n<h5>Palate<\/h5>\n<p> The fireworks of the nose continue on the tongue. Taut, chalky, and clearly structured, it pleasantly challenges us. Its salty notes and pronounced acidity leave you salivating and wanting more. A wine that presents itself perfectly, with a straightforward, incredibly beautiful, and powerful fullness that is unparalleled. My advice for the impatient: Buy it by the case now and follow its magnificent development over the next few years! Enjoy decanted, not too cold, from a large glass; a few days of opening will allow it to truly excel!<\/p>\n<p>Copyright Vinaturel 2025<\/p>\n<p>Keywords: <a href=\"https:\/\/wein-werte.com\/shop\/?swoof=1&#038;pa_producer=Ch\u00e2teau-de-B\u00e9ru\">Ch\u00e2teau de B\u00e9ru<\/a> <a href=\"https:\/\/wein-werte.com\/shop\/?swoof=1&#038;woof_text=Chablis Clos B\u00e9ru Monopole AOC\">Chablis Clos B\u00e9ru Monopole AOC<\/a> 2020 bio <a href=\"https:\/\/wein-werte.com\/shop\/?swoof=1&#038;pa_region=Burgundy\">Burgundy<\/a> <a href=\"https:\/\/wein-werte.com\/shop\/?swoof=1&#038;pa_country=France\">France<\/a><\/p>\n<h3>Vinous<\/h3>\n<p>Score: 93<\/p>\n<p>The 2020 Chablis Clos de B\u00e9ru, aged in foudres and stainless steel (they are using more and more of the former), had been opened a day before my visit. It has a delectable bouquet with yellow fruit, lanolin, struck flint and a touch of smoke. Very complex and quite arresting. The palate is well balanced with a vivacious, bell pepper tinged opening, touches of dried fig and sour lemon, it segues into a very harmonious and persistent finish. Fulfills all the promise I found in the barrel sample last year.<br \/>\n &#8212; Neal Martin<br \/>Drinking window: 2027 &#8211; 2048<br \/>Review date: Aug 2024<\/p>\n<p>Producer website: <a href=\"https:\/\/www.en.chateaudeberu.com\/\" target=\"_blank\">https:\/\/www.en.chateaudeberu.com\/<\/a><\/p>\n","protected":false},"excerpt":{"rendered":"<p>Delivery time: 1 to 2 working days (DE), 2 to 5 working days (EU and CH)<\/p>\n","protected":false},"featured_media":1144925,"template":"","meta":[],"product_brand":[],"product_cat":[19],"product_tag":[],"class_list":{"0":"post-1124813","1":"product","2":"type-product","3":"status-publish","4":"has-post-thumbnail","6":"product_cat-unkategorisiert","7":"pa_alcohol-for-filter-12-5","8":"pa_certified-biodynamic-yes","9":"pa_certified-organic-yes","10":"pa_colour-white","11":"pa_country-france","12":"pa_grape-chardonnay","13":"pa_price-for-filter-10701","14":"pa_producer-chateau-de-beru","15":"pa_region-burgundy","16":"pa_size-ml-6657","17":"pa_sweetness-dry","18":"pa_type-2-still","19":"pa_vinous-points-for-filter-16140","20":"pa_vintage-6599","21":"entry","22":"has-media","24":"first","25":"instock","26":"taxable","27":"shipping-taxable","28":"purchasable","29":"product-type-simple"},"yoast_head":"<!-- This site is optimized with the Yoast SEO plugin v27.5 - https:\/\/yoast.com\/product\/yoast-seo-wordpress\/ -->\n<title>Ch\u00e2teau de B\u00e9ru Chablis Clos B\u00e9ru Monopole 2020, 1500ml<\/title>\n<meta name=\"description\" content=\"Buy Ch\u00e2teau de B\u00e9ru Chablis Clos B\u00e9ru Monopole 2020 - a dry Chardonnay from Burgundy, France - at Wein Werte, your sustainable online shop.\" \/>\n<meta name=\"robots\" content=\"index, follow, max-snippet:-1, max-image-preview:large, max-video-preview:-1\" \/>\n<link rel=\"canonical\" href=\"https:\/\/wein-werte.com\/en\/product\/chateau-de-beru-chablis-clos-beru-monopole-2020-1500ml\/\" \/>\n<meta property=\"og:locale\" content=\"en_US\" \/>\n<meta property=\"og:type\" content=\"article\" \/>\n<meta property=\"og:title\" content=\"Ch\u00e2teau de B\u00e9ru Chablis Clos B\u00e9ru Monopole 2020, 1500ml\" \/>\n<meta property=\"og:description\" content=\"Buy Ch\u00e2teau de B\u00e9ru Chablis Clos B\u00e9ru Monopole 2020 - a dry Chardonnay from Burgundy, France - at Wein Werte, your sustainable online shop.\" \/>\n<meta property=\"og:url\" content=\"https:\/\/wein-werte.com\/en\/product\/chateau-de-beru-chablis-clos-beru-monopole-2020-1500ml\/\" \/>\n<meta property=\"og:site_name\" content=\"Wein Werte\" \/>\n<meta property=\"article:modified_time\" content=\"2026-05-05T16:31:48+00:00\" \/>\n<meta property=\"og:image\" content=\"https:\/\/wein-werte.com\/wp-content\/uploads\/2026\/04\/Chateau-de-Beru-Chablis-Clos-Beru-Monopole-2020-1500ml.png\" \/>\n\t<meta property=\"og:image:width\" content=\"352\" \/>\n\t<meta property=\"og:image:height\" content=\"1200\" \/>\n\t<meta property=\"og:image:type\" content=\"image\/png\" \/>\n<meta name=\"twitter:card\" content=\"summary_large_image\" \/>\n<meta name=\"twitter:label1\" content=\"Est. reading time\" \/>\n\t<meta name=\"twitter:data1\" content=\"2 minutes\" \/>\n<script type=\"application\/ld+json\" class=\"yoast-schema-graph\">{\"@context\":\"https:\\\/\\\/schema.org\",\"@graph\":[{\"@type\":\"WebPage\",\"@id\":\"https:\\\/\\\/wein-werte.com\\\/en\\\/product\\\/chateau-de-beru-chablis-clos-beru-monopole-2020-1500ml\\\/\",\"url\":\"https:\\\/\\\/wein-werte.com\\\/en\\\/product\\\/chateau-de-beru-chablis-clos-beru-monopole-2020-1500ml\\\/\",\"name\":\"Ch\u00e2teau de B\u00e9ru Chablis Clos B\u00e9ru Monopole 2020, 1500ml\",\"isPartOf\":{\"@id\":\"https:\\\/\\\/wein-werte.com\\\/de\\\/#website\"},\"primaryImageOfPage\":{\"@id\":\"https:\\\/\\\/wein-werte.com\\\/en\\\/product\\\/chateau-de-beru-chablis-clos-beru-monopole-2020-1500ml\\\/#primaryimage\"},\"image\":{\"@id\":\"https:\\\/\\\/wein-werte.com\\\/en\\\/product\\\/chateau-de-beru-chablis-clos-beru-monopole-2020-1500ml\\\/#primaryimage\"},\"thumbnailUrl\":\"https:\\\/\\\/wein-werte.com\\\/wp-content\\\/uploads\\\/2026\\\/04\\\/Chateau-de-Beru-Chablis-Clos-Beru-Monopole-2020-1500ml.png\",\"datePublished\":\"2026-05-05T16:31:47+00:00\",\"dateModified\":\"2026-05-05T16:31:48+00:00\",\"description\":\"Buy Ch\u00e2teau de B\u00e9ru Chablis Clos B\u00e9ru Monopole 2020 - a dry Chardonnay from Burgundy, France - at Wein Werte, your sustainable online shop.\",\"breadcrumb\":{\"@id\":\"https:\\\/\\\/wein-werte.com\\\/en\\\/product\\\/chateau-de-beru-chablis-clos-beru-monopole-2020-1500ml\\\/#breadcrumb\"},\"inLanguage\":\"en-US\",\"potentialAction\":[{\"@type\":\"ReadAction\",\"target\":[\"https:\\\/\\\/wein-werte.com\\\/en\\\/product\\\/chateau-de-beru-chablis-clos-beru-monopole-2020-1500ml\\\/\"]}]},{\"@type\":\"ImageObject\",\"inLanguage\":\"en-US\",\"@id\":\"https:\\\/\\\/wein-werte.com\\\/en\\\/product\\\/chateau-de-beru-chablis-clos-beru-monopole-2020-1500ml\\\/#primaryimage\",\"url\":\"https:\\\/\\\/wein-werte.com\\\/wp-content\\\/uploads\\\/2026\\\/04\\\/Chateau-de-Beru-Chablis-Clos-Beru-Monopole-2020-1500ml.png\",\"contentUrl\":\"https:\\\/\\\/wein-werte.com\\\/wp-content\\\/uploads\\\/2026\\\/04\\\/Chateau-de-Beru-Chablis-Clos-Beru-Monopole-2020-1500ml.png\",\"width\":352,\"height\":1200,\"caption\":\"Ch\u00e2teau de B\u00e9ru Chablis Clos B\u00e9ru Monopole AOC 2020 1500ml\"},{\"@type\":\"BreadcrumbList\",\"@id\":\"https:\\\/\\\/wein-werte.com\\\/en\\\/product\\\/chateau-de-beru-chablis-clos-beru-monopole-2020-1500ml\\\/#breadcrumb\",\"itemListElement\":[{\"@type\":\"ListItem\",\"position\":1,\"name\":\"Home\",\"item\":\"https:\\\/\\\/wein-werte.com\\\/en\\\/\"},{\"@type\":\"ListItem\",\"position\":2,\"name\":\"Shop Page\",\"item\":\"https:\\\/\\\/wein-werte.com\\\/en\\\/shop\\\/\"},{\"@type\":\"ListItem\",\"position\":3,\"name\":\"Ch\u00e2teau de B\u00e9ru | Burgundy | Chablis Clos B\u00e9ru Monopole AOC | 2020 | 1500ml | bio\"}]},{\"@type\":\"WebSite\",\"@id\":\"https:\\\/\\\/wein-werte.com\\\/de\\\/#website\",\"url\":\"https:\\\/\\\/wein-werte.com\\\/de\\\/\",\"name\":\"Wein Werte\",\"description\":\"\",\"publisher\":{\"@id\":\"https:\\\/\\\/wein-werte.com\\\/de\\\/#organization\"},\"potentialAction\":[{\"@type\":\"SearchAction\",\"target\":{\"@type\":\"EntryPoint\",\"urlTemplate\":\"https:\\\/\\\/wein-werte.com\\\/de\\\/?s={search_term_string}\"},\"query-input\":{\"@type\":\"PropertyValueSpecification\",\"valueRequired\":true,\"valueName\":\"search_term_string\"}}],\"inLanguage\":\"en-US\"},{\"@type\":\"Organization\",\"@id\":\"https:\\\/\\\/wein-werte.com\\\/de\\\/#organization\",\"name\":\"Vins Fins Thorrold\",\"url\":\"https:\\\/\\\/wein-werte.com\\\/de\\\/\",\"logo\":{\"@type\":\"ImageObject\",\"inLanguage\":\"en-US\",\"@id\":\"https:\\\/\\\/wein-werte.com\\\/de\\\/#\\\/schema\\\/logo\\\/image\\\/\",\"url\":\"https:\\\/\\\/wein-werte.com\\\/wp-content\\\/uploads\\\/2023\\\/07\\\/Wein_werte_Logo700-1.png\",\"contentUrl\":\"https:\\\/\\\/wein-werte.com\\\/wp-content\\\/uploads\\\/2023\\\/07\\\/Wein_werte_Logo700-1.png\",\"width\":700,\"height\":272,\"caption\":\"Vins Fins Thorrold\"},\"image\":{\"@id\":\"https:\\\/\\\/wein-werte.com\\\/de\\\/#\\\/schema\\\/logo\\\/image\\\/\"}}]}<\/script>\n<!-- \/ Yoast SEO plugin. -->","yoast_head_json":{"title":"Ch\u00e2teau de B\u00e9ru Chablis Clos B\u00e9ru Monopole 2020, 1500ml","description":"Buy Ch\u00e2teau de B\u00e9ru Chablis Clos B\u00e9ru Monopole 2020 - a dry Chardonnay from Burgundy, France - at Wein Werte, your sustainable online shop.","robots":{"index":"index","follow":"follow","max-snippet":"max-snippet:-1","max-image-preview":"max-image-preview:large","max-video-preview":"max-video-preview:-1"},"canonical":"https:\/\/wein-werte.com\/en\/product\/chateau-de-beru-chablis-clos-beru-monopole-2020-1500ml\/","og_locale":"en_US","og_type":"article","og_title":"Ch\u00e2teau de B\u00e9ru Chablis Clos B\u00e9ru Monopole 2020, 1500ml","og_description":"Buy Ch\u00e2teau de B\u00e9ru Chablis Clos B\u00e9ru Monopole 2020 - a dry Chardonnay from Burgundy, France - at Wein Werte, your sustainable online shop.","og_url":"https:\/\/wein-werte.com\/en\/product\/chateau-de-beru-chablis-clos-beru-monopole-2020-1500ml\/","og_site_name":"Wein Werte","article_modified_time":"2026-05-05T16:31:48+00:00","og_image":[{"width":352,"height":1200,"url":"https:\/\/wein-werte.com\/wp-content\/uploads\/2026\/04\/Chateau-de-Beru-Chablis-Clos-Beru-Monopole-2020-1500ml.png","type":"image\/png"}],"twitter_card":"summary_large_image","twitter_misc":{"Est. reading time":"2 minutes"},"schema":{"@context":"https:\/\/schema.org","@graph":[{"@type":"WebPage","@id":"https:\/\/wein-werte.com\/en\/product\/chateau-de-beru-chablis-clos-beru-monopole-2020-1500ml\/","url":"https:\/\/wein-werte.com\/en\/product\/chateau-de-beru-chablis-clos-beru-monopole-2020-1500ml\/","name":"Ch\u00e2teau de B\u00e9ru Chablis Clos B\u00e9ru Monopole 2020, 1500ml","isPartOf":{"@id":"https:\/\/wein-werte.com\/de\/#website"},"primaryImageOfPage":{"@id":"https:\/\/wein-werte.com\/en\/product\/chateau-de-beru-chablis-clos-beru-monopole-2020-1500ml\/#primaryimage"},"image":{"@id":"https:\/\/wein-werte.com\/en\/product\/chateau-de-beru-chablis-clos-beru-monopole-2020-1500ml\/#primaryimage"},"thumbnailUrl":"https:\/\/wein-werte.com\/wp-content\/uploads\/2026\/04\/Chateau-de-Beru-Chablis-Clos-Beru-Monopole-2020-1500ml.png","datePublished":"2026-05-05T16:31:47+00:00","dateModified":"2026-05-05T16:31:48+00:00","description":"Buy Ch\u00e2teau de B\u00e9ru Chablis Clos B\u00e9ru Monopole 2020 - a dry Chardonnay from Burgundy, France - at Wein Werte, your sustainable online shop.","breadcrumb":{"@id":"https:\/\/wein-werte.com\/en\/product\/chateau-de-beru-chablis-clos-beru-monopole-2020-1500ml\/#breadcrumb"},"inLanguage":"en-US","potentialAction":[{"@type":"ReadAction","target":["https:\/\/wein-werte.com\/en\/product\/chateau-de-beru-chablis-clos-beru-monopole-2020-1500ml\/"]}]},{"@type":"ImageObject","inLanguage":"en-US","@id":"https:\/\/wein-werte.com\/en\/product\/chateau-de-beru-chablis-clos-beru-monopole-2020-1500ml\/#primaryimage","url":"https:\/\/wein-werte.com\/wp-content\/uploads\/2026\/04\/Chateau-de-Beru-Chablis-Clos-Beru-Monopole-2020-1500ml.png","contentUrl":"https:\/\/wein-werte.com\/wp-content\/uploads\/2026\/04\/Chateau-de-Beru-Chablis-Clos-Beru-Monopole-2020-1500ml.png","width":352,"height":1200,"caption":"Ch\u00e2teau de B\u00e9ru Chablis Clos B\u00e9ru Monopole AOC 2020 1500ml"},{"@type":"BreadcrumbList","@id":"https:\/\/wein-werte.com\/en\/product\/chateau-de-beru-chablis-clos-beru-monopole-2020-1500ml\/#breadcrumb","itemListElement":[{"@type":"ListItem","position":1,"name":"Home","item":"https:\/\/wein-werte.com\/en\/"},{"@type":"ListItem","position":2,"name":"Shop Page","item":"https:\/\/wein-werte.com\/en\/shop\/"},{"@type":"ListItem","position":3,"name":"Ch\u00e2teau de B\u00e9ru | Burgundy | Chablis Clos B\u00e9ru Monopole AOC | 2020 | 1500ml | bio"}]},{"@type":"WebSite","@id":"https:\/\/wein-werte.com\/de\/#website","url":"https:\/\/wein-werte.com\/de\/","name":"Wein Werte","description":"","publisher":{"@id":"https:\/\/wein-werte.com\/de\/#organization"},"potentialAction":[{"@type":"SearchAction","target":{"@type":"EntryPoint","urlTemplate":"https:\/\/wein-werte.com\/de\/?s={search_term_string}"},"query-input":{"@type":"PropertyValueSpecification","valueRequired":true,"valueName":"search_term_string"}}],"inLanguage":"en-US"},{"@type":"Organization","@id":"https:\/\/wein-werte.com\/de\/#organization","name":"Vins Fins Thorrold","url":"https:\/\/wein-werte.com\/de\/","logo":{"@type":"ImageObject","inLanguage":"en-US","@id":"https:\/\/wein-werte.com\/de\/#\/schema\/logo\/image\/","url":"https:\/\/wein-werte.com\/wp-content\/uploads\/2023\/07\/Wein_werte_Logo700-1.png","contentUrl":"https:\/\/wein-werte.com\/wp-content\/uploads\/2023\/07\/Wein_werte_Logo700-1.png","width":700,"height":272,"caption":"Vins Fins Thorrold"},"image":{"@id":"https:\/\/wein-werte.com\/de\/#\/schema\/logo\/image\/"}}]}},"_links":{"self":[{"href":"https:\/\/wein-werte.com\/en\/wp-json\/wp\/v2\/product\/1124813","targetHints":{"allow":["GET"]}}],"collection":[{"href":"https:\/\/wein-werte.com\/en\/wp-json\/wp\/v2\/product"}],"about":[{"href":"https:\/\/wein-werte.com\/en\/wp-json\/wp\/v2\/types\/product"}],"wp:featuredmedia":[{"embeddable":true,"href":"https:\/\/wein-werte.com\/en\/wp-json\/wp\/v2\/media\/1144925"}],"wp:attachment":[{"href":"https:\/\/wein-werte.com\/en\/wp-json\/wp\/v2\/media?parent=1124813"}],"wp:term":[{"taxonomy":"product_brand","embeddable":true,"href":"https:\/\/wein-werte.com\/en\/wp-json\/wp\/v2\/product_brand?post=1124813"},{"taxonomy":"product_cat","embeddable":true,"href":"https:\/\/wein-werte.com\/en\/wp-json\/wp\/v2\/product_cat?post=1124813"},{"taxonomy":"product_tag","embeddable":true,"href":"https:\/\/wein-werte.com\/en\/wp-json\/wp\/v2\/product_tag?post=1124813"}],"curies":[{"name":"wp","href":"https:\/\/api.w.org\/{rel}","templated":true}]}}