{"id":1124808,"date":"2026-05-05T18:31:46","date_gmt":"2026-05-05T16:31:46","guid":{"rendered":"https:\/\/wein-werte.com\/product\/chateau-de-beru-chablis-terroirs-de-beru-2022-1500ml\/"},"modified":"2026-05-05T18:31:47","modified_gmt":"2026-05-05T16:31:47","slug":"chateau-de-beru-chablis-terroirs-de-beru-2022-1500ml","status":"publish","type":"product","link":"https:\/\/wein-werte.com\/en\/product\/chateau-de-beru-chablis-terroirs-de-beru-2022-1500ml\/","title":{"rendered":"Ch\u00e2teau de B\u00e9ru | Burgundy | Chablis Terroirs de B\u00e9ru AOC | 2022 | 1500ml | bio"},"content":{"rendered":"<p>Product description for Ch\u00e2teau de B\u00e9ru Chablis Terroirs de B\u00e9ru AOC 2022 (bio)<\/p>\n<h5>Wine Information<\/h5>\n<p> This cuv\u00e9e reflects the specific character of the B\u00e9ru hills. It is a blend of the domaine&#8217;s various northern-facing plots, which boast a strong presence of Kimmeridge limestone in the soil. Long aging on the fine lees in vats and barrels underlines the purity of the expression of the place where it grew. <\/p>\n<h5>Colour<\/h5>\n<p> Medium golden yellow with delicate green reflections. <\/p>\n<h5>Nose<\/h5>\n<p> The 2022 Chablis &#8220;Terroirs de B\u00e9ru&#8221; displays delicate yet profound and mineral aromas. Apple, pear, and apricot pair with delicate toasted notes of almonds and distinct hints of mussel shells and sea breeze. <\/p>\n<h5>Palate<\/h5>\n<p> On the palate, it is extremely elegant and refreshing with its delicate fruit and stimulating acidity. At the same time, it captivates with its wonderful juiciness and a stimulating salty note. The perfect accompaniment to fish and seafood!<\/p>\n<p>Copyright Vinaturel 2025<\/p>\n<p>Keywords: <a href=\"https:\/\/wein-werte.com\/shop\/?swoof=1&#038;pa_producer=Ch\u00e2teau-de-B\u00e9ru\">Ch\u00e2teau de B\u00e9ru<\/a> <a href=\"https:\/\/wein-werte.com\/shop\/?swoof=1&#038;woof_text=Chablis Terroirs de B\u00e9ru AOC\">Chablis Terroirs de B\u00e9ru AOC<\/a> 2022 bio <a href=\"https:\/\/wein-werte.com\/shop\/?swoof=1&#038;pa_region=Burgundy\">Burgundy<\/a> <a href=\"https:\/\/wein-werte.com\/shop\/?swoof=1&#038;pa_country=France\">France<\/a><\/p>\n<h3>Vinous<\/h3>\n<p>Score: 91<\/p>\n<p>The 2022 Chablis Terroirs de B\u00e9ru has been opened one day before in order to allow it to open, is partly fermented in wooden foudres but mostly in stainless steel. It has an aromatic nose: dried honey and dried fig, beeswax and light seaweed scents. The palate is fresh and saline with fine weight and vivacity. Lovely bitterness here, a wine that will really come alive at the dinner table. Excellent.<br \/>\n &#8212; Neal Martin<br \/>Drinking window: 2025 &#8211; 2034<br \/>Review date: Aug 2024<\/p>\n<p>Producer website: <a href=\"https:\/\/www.en.chateaudeberu.com\/\" target=\"_blank\">https:\/\/www.en.chateaudeberu.com\/<\/a><\/p>\n","protected":false},"excerpt":{"rendered":"<p>Delivery time: 1 to 2 working days (DE), 2 to 5 working days (EU and CH)<\/p>\n","protected":false},"featured_media":1144905,"template":"","meta":[],"product_brand":[],"product_cat":[19],"product_tag":[],"class_list":{"0":"post-1124808","1":"product","2":"type-product","3":"status-publish","4":"has-post-thumbnail","6":"product_cat-unkategorisiert","7":"pa_alcohol-for-filter-12897","8":"pa_certified-biodynamic-yes","9":"pa_certified-organic-yes","10":"pa_colour-white","11":"pa_country-france","12":"pa_grape-chardonnay","13":"pa_price-for-filter-10605","14":"pa_producer-chateau-de-beru","15":"pa_region-burgundy","16":"pa_size-ml-6657","17":"pa_sweetness-dry","18":"pa_type-2-still","19":"pa_vinous-points-for-filter-16141","20":"pa_vintage-9698","21":"entry","22":"has-media","24":"first","25":"instock","26":"taxable","27":"shipping-taxable","28":"purchasable","29":"product-type-simple"},"yoast_head":"<!-- This site is optimized with the Yoast SEO plugin v27.5 - https:\/\/yoast.com\/product\/yoast-seo-wordpress\/ -->\n<title>Ch\u00e2teau de B\u00e9ru Chablis Terroirs de B\u00e9ru 2022, 1500ml<\/title>\n<meta name=\"description\" content=\"Buy Ch\u00e2teau de B\u00e9ru Chablis Terroirs de B\u00e9ru 2022 - a dry Chardonnay from Burgundy, France - at Wein Werte, your sustainable online shop.\" \/>\n<meta name=\"robots\" content=\"index, follow, max-snippet:-1, max-image-preview:large, max-video-preview:-1\" \/>\n<link rel=\"canonical\" href=\"https:\/\/wein-werte.com\/en\/product\/chateau-de-beru-chablis-terroirs-de-beru-2022-1500ml\/\" \/>\n<meta property=\"og:locale\" content=\"en_US\" \/>\n<meta property=\"og:type\" content=\"article\" \/>\n<meta property=\"og:title\" content=\"Ch\u00e2teau de B\u00e9ru Chablis Terroirs de B\u00e9ru 2022, 1500ml\" \/>\n<meta property=\"og:description\" content=\"Buy Ch\u00e2teau de B\u00e9ru Chablis Terroirs de B\u00e9ru 2022 - a dry Chardonnay from Burgundy, France - at Wein Werte, your sustainable online shop.\" \/>\n<meta property=\"og:url\" content=\"https:\/\/wein-werte.com\/en\/product\/chateau-de-beru-chablis-terroirs-de-beru-2022-1500ml\/\" \/>\n<meta property=\"og:site_name\" content=\"Wein Werte\" \/>\n<meta property=\"article:modified_time\" content=\"2026-05-05T16:31:47+00:00\" \/>\n<meta property=\"og:image\" content=\"https:\/\/wein-werte.com\/wp-content\/uploads\/2026\/04\/Chateau-de-Beru-Chablis-Terroirs-de-Beru-2022-1500ml.png\" \/>\n\t<meta property=\"og:image:width\" content=\"350\" \/>\n\t<meta property=\"og:image:height\" content=\"1200\" \/>\n\t<meta property=\"og:image:type\" content=\"image\/png\" \/>\n<meta name=\"twitter:card\" content=\"summary_large_image\" \/>\n<meta name=\"twitter:label1\" content=\"Est. reading time\" \/>\n\t<meta name=\"twitter:data1\" content=\"1 minute\" \/>\n<script type=\"application\/ld+json\" class=\"yoast-schema-graph\">{\"@context\":\"https:\\\/\\\/schema.org\",\"@graph\":[{\"@type\":\"WebPage\",\"@id\":\"https:\\\/\\\/wein-werte.com\\\/en\\\/product\\\/chateau-de-beru-chablis-terroirs-de-beru-2022-1500ml\\\/\",\"url\":\"https:\\\/\\\/wein-werte.com\\\/en\\\/product\\\/chateau-de-beru-chablis-terroirs-de-beru-2022-1500ml\\\/\",\"name\":\"Ch\u00e2teau de B\u00e9ru Chablis Terroirs de B\u00e9ru 2022, 1500ml\",\"isPartOf\":{\"@id\":\"https:\\\/\\\/wein-werte.com\\\/de\\\/#website\"},\"primaryImageOfPage\":{\"@id\":\"https:\\\/\\\/wein-werte.com\\\/en\\\/product\\\/chateau-de-beru-chablis-terroirs-de-beru-2022-1500ml\\\/#primaryimage\"},\"image\":{\"@id\":\"https:\\\/\\\/wein-werte.com\\\/en\\\/product\\\/chateau-de-beru-chablis-terroirs-de-beru-2022-1500ml\\\/#primaryimage\"},\"thumbnailUrl\":\"https:\\\/\\\/wein-werte.com\\\/wp-content\\\/uploads\\\/2026\\\/04\\\/Chateau-de-Beru-Chablis-Terroirs-de-Beru-2022-1500ml.png\",\"datePublished\":\"2026-05-05T16:31:46+00:00\",\"dateModified\":\"2026-05-05T16:31:47+00:00\",\"description\":\"Buy Ch\u00e2teau de B\u00e9ru Chablis Terroirs de B\u00e9ru 2022 - a dry Chardonnay from Burgundy, France - at Wein Werte, your sustainable online shop.\",\"breadcrumb\":{\"@id\":\"https:\\\/\\\/wein-werte.com\\\/en\\\/product\\\/chateau-de-beru-chablis-terroirs-de-beru-2022-1500ml\\\/#breadcrumb\"},\"inLanguage\":\"en-US\",\"potentialAction\":[{\"@type\":\"ReadAction\",\"target\":[\"https:\\\/\\\/wein-werte.com\\\/en\\\/product\\\/chateau-de-beru-chablis-terroirs-de-beru-2022-1500ml\\\/\"]}]},{\"@type\":\"ImageObject\",\"inLanguage\":\"en-US\",\"@id\":\"https:\\\/\\\/wein-werte.com\\\/en\\\/product\\\/chateau-de-beru-chablis-terroirs-de-beru-2022-1500ml\\\/#primaryimage\",\"url\":\"https:\\\/\\\/wein-werte.com\\\/wp-content\\\/uploads\\\/2026\\\/04\\\/Chateau-de-Beru-Chablis-Terroirs-de-Beru-2022-1500ml.png\",\"contentUrl\":\"https:\\\/\\\/wein-werte.com\\\/wp-content\\\/uploads\\\/2026\\\/04\\\/Chateau-de-Beru-Chablis-Terroirs-de-Beru-2022-1500ml.png\",\"width\":350,\"height\":1200,\"caption\":\"Ch\u00e2teau de B\u00e9ru Chablis Terroirs de B\u00e9ru AOC 2022 1500ml\"},{\"@type\":\"BreadcrumbList\",\"@id\":\"https:\\\/\\\/wein-werte.com\\\/en\\\/product\\\/chateau-de-beru-chablis-terroirs-de-beru-2022-1500ml\\\/#breadcrumb\",\"itemListElement\":[{\"@type\":\"ListItem\",\"position\":1,\"name\":\"Home\",\"item\":\"https:\\\/\\\/wein-werte.com\\\/en\\\/\"},{\"@type\":\"ListItem\",\"position\":2,\"name\":\"Shop Page\",\"item\":\"https:\\\/\\\/wein-werte.com\\\/en\\\/shop\\\/\"},{\"@type\":\"ListItem\",\"position\":3,\"name\":\"Ch\u00e2teau de B\u00e9ru | Burgundy | Chablis Terroirs de B\u00e9ru AOC | 2022 | 1500ml | bio\"}]},{\"@type\":\"WebSite\",\"@id\":\"https:\\\/\\\/wein-werte.com\\\/de\\\/#website\",\"url\":\"https:\\\/\\\/wein-werte.com\\\/de\\\/\",\"name\":\"Wein Werte\",\"description\":\"\",\"publisher\":{\"@id\":\"https:\\\/\\\/wein-werte.com\\\/de\\\/#organization\"},\"potentialAction\":[{\"@type\":\"SearchAction\",\"target\":{\"@type\":\"EntryPoint\",\"urlTemplate\":\"https:\\\/\\\/wein-werte.com\\\/de\\\/?s={search_term_string}\"},\"query-input\":{\"@type\":\"PropertyValueSpecification\",\"valueRequired\":true,\"valueName\":\"search_term_string\"}}],\"inLanguage\":\"en-US\"},{\"@type\":\"Organization\",\"@id\":\"https:\\\/\\\/wein-werte.com\\\/de\\\/#organization\",\"name\":\"Vins Fins Thorrold\",\"url\":\"https:\\\/\\\/wein-werte.com\\\/de\\\/\",\"logo\":{\"@type\":\"ImageObject\",\"inLanguage\":\"en-US\",\"@id\":\"https:\\\/\\\/wein-werte.com\\\/de\\\/#\\\/schema\\\/logo\\\/image\\\/\",\"url\":\"https:\\\/\\\/wein-werte.com\\\/wp-content\\\/uploads\\\/2023\\\/07\\\/Wein_werte_Logo700-1.png\",\"contentUrl\":\"https:\\\/\\\/wein-werte.com\\\/wp-content\\\/uploads\\\/2023\\\/07\\\/Wein_werte_Logo700-1.png\",\"width\":700,\"height\":272,\"caption\":\"Vins Fins Thorrold\"},\"image\":{\"@id\":\"https:\\\/\\\/wein-werte.com\\\/de\\\/#\\\/schema\\\/logo\\\/image\\\/\"}}]}<\/script>\n<!-- \/ Yoast SEO plugin. -->","yoast_head_json":{"title":"Ch\u00e2teau de B\u00e9ru Chablis Terroirs de B\u00e9ru 2022, 1500ml","description":"Buy Ch\u00e2teau de B\u00e9ru Chablis Terroirs de B\u00e9ru 2022 - a dry Chardonnay from Burgundy, France - at Wein Werte, your sustainable online shop.","robots":{"index":"index","follow":"follow","max-snippet":"max-snippet:-1","max-image-preview":"max-image-preview:large","max-video-preview":"max-video-preview:-1"},"canonical":"https:\/\/wein-werte.com\/en\/product\/chateau-de-beru-chablis-terroirs-de-beru-2022-1500ml\/","og_locale":"en_US","og_type":"article","og_title":"Ch\u00e2teau de B\u00e9ru Chablis Terroirs de B\u00e9ru 2022, 1500ml","og_description":"Buy Ch\u00e2teau de B\u00e9ru Chablis Terroirs de B\u00e9ru 2022 - a dry Chardonnay from Burgundy, France - at Wein Werte, your sustainable online shop.","og_url":"https:\/\/wein-werte.com\/en\/product\/chateau-de-beru-chablis-terroirs-de-beru-2022-1500ml\/","og_site_name":"Wein Werte","article_modified_time":"2026-05-05T16:31:47+00:00","og_image":[{"width":350,"height":1200,"url":"https:\/\/wein-werte.com\/wp-content\/uploads\/2026\/04\/Chateau-de-Beru-Chablis-Terroirs-de-Beru-2022-1500ml.png","type":"image\/png"}],"twitter_card":"summary_large_image","twitter_misc":{"Est. reading time":"1 minute"},"schema":{"@context":"https:\/\/schema.org","@graph":[{"@type":"WebPage","@id":"https:\/\/wein-werte.com\/en\/product\/chateau-de-beru-chablis-terroirs-de-beru-2022-1500ml\/","url":"https:\/\/wein-werte.com\/en\/product\/chateau-de-beru-chablis-terroirs-de-beru-2022-1500ml\/","name":"Ch\u00e2teau de B\u00e9ru Chablis Terroirs de B\u00e9ru 2022, 1500ml","isPartOf":{"@id":"https:\/\/wein-werte.com\/de\/#website"},"primaryImageOfPage":{"@id":"https:\/\/wein-werte.com\/en\/product\/chateau-de-beru-chablis-terroirs-de-beru-2022-1500ml\/#primaryimage"},"image":{"@id":"https:\/\/wein-werte.com\/en\/product\/chateau-de-beru-chablis-terroirs-de-beru-2022-1500ml\/#primaryimage"},"thumbnailUrl":"https:\/\/wein-werte.com\/wp-content\/uploads\/2026\/04\/Chateau-de-Beru-Chablis-Terroirs-de-Beru-2022-1500ml.png","datePublished":"2026-05-05T16:31:46+00:00","dateModified":"2026-05-05T16:31:47+00:00","description":"Buy Ch\u00e2teau de B\u00e9ru Chablis Terroirs de B\u00e9ru 2022 - a dry Chardonnay from Burgundy, France - at Wein Werte, your sustainable online shop.","breadcrumb":{"@id":"https:\/\/wein-werte.com\/en\/product\/chateau-de-beru-chablis-terroirs-de-beru-2022-1500ml\/#breadcrumb"},"inLanguage":"en-US","potentialAction":[{"@type":"ReadAction","target":["https:\/\/wein-werte.com\/en\/product\/chateau-de-beru-chablis-terroirs-de-beru-2022-1500ml\/"]}]},{"@type":"ImageObject","inLanguage":"en-US","@id":"https:\/\/wein-werte.com\/en\/product\/chateau-de-beru-chablis-terroirs-de-beru-2022-1500ml\/#primaryimage","url":"https:\/\/wein-werte.com\/wp-content\/uploads\/2026\/04\/Chateau-de-Beru-Chablis-Terroirs-de-Beru-2022-1500ml.png","contentUrl":"https:\/\/wein-werte.com\/wp-content\/uploads\/2026\/04\/Chateau-de-Beru-Chablis-Terroirs-de-Beru-2022-1500ml.png","width":350,"height":1200,"caption":"Ch\u00e2teau de B\u00e9ru Chablis Terroirs de B\u00e9ru AOC 2022 1500ml"},{"@type":"BreadcrumbList","@id":"https:\/\/wein-werte.com\/en\/product\/chateau-de-beru-chablis-terroirs-de-beru-2022-1500ml\/#breadcrumb","itemListElement":[{"@type":"ListItem","position":1,"name":"Home","item":"https:\/\/wein-werte.com\/en\/"},{"@type":"ListItem","position":2,"name":"Shop Page","item":"https:\/\/wein-werte.com\/en\/shop\/"},{"@type":"ListItem","position":3,"name":"Ch\u00e2teau de B\u00e9ru | Burgundy | Chablis Terroirs de B\u00e9ru AOC | 2022 | 1500ml | bio"}]},{"@type":"WebSite","@id":"https:\/\/wein-werte.com\/de\/#website","url":"https:\/\/wein-werte.com\/de\/","name":"Wein Werte","description":"","publisher":{"@id":"https:\/\/wein-werte.com\/de\/#organization"},"potentialAction":[{"@type":"SearchAction","target":{"@type":"EntryPoint","urlTemplate":"https:\/\/wein-werte.com\/de\/?s={search_term_string}"},"query-input":{"@type":"PropertyValueSpecification","valueRequired":true,"valueName":"search_term_string"}}],"inLanguage":"en-US"},{"@type":"Organization","@id":"https:\/\/wein-werte.com\/de\/#organization","name":"Vins Fins Thorrold","url":"https:\/\/wein-werte.com\/de\/","logo":{"@type":"ImageObject","inLanguage":"en-US","@id":"https:\/\/wein-werte.com\/de\/#\/schema\/logo\/image\/","url":"https:\/\/wein-werte.com\/wp-content\/uploads\/2023\/07\/Wein_werte_Logo700-1.png","contentUrl":"https:\/\/wein-werte.com\/wp-content\/uploads\/2023\/07\/Wein_werte_Logo700-1.png","width":700,"height":272,"caption":"Vins Fins Thorrold"},"image":{"@id":"https:\/\/wein-werte.com\/de\/#\/schema\/logo\/image\/"}}]}},"_links":{"self":[{"href":"https:\/\/wein-werte.com\/en\/wp-json\/wp\/v2\/product\/1124808","targetHints":{"allow":["GET"]}}],"collection":[{"href":"https:\/\/wein-werte.com\/en\/wp-json\/wp\/v2\/product"}],"about":[{"href":"https:\/\/wein-werte.com\/en\/wp-json\/wp\/v2\/types\/product"}],"wp:featuredmedia":[{"embeddable":true,"href":"https:\/\/wein-werte.com\/en\/wp-json\/wp\/v2\/media\/1144905"}],"wp:attachment":[{"href":"https:\/\/wein-werte.com\/en\/wp-json\/wp\/v2\/media?parent=1124808"}],"wp:term":[{"taxonomy":"product_brand","embeddable":true,"href":"https:\/\/wein-werte.com\/en\/wp-json\/wp\/v2\/product_brand?post=1124808"},{"taxonomy":"product_cat","embeddable":true,"href":"https:\/\/wein-werte.com\/en\/wp-json\/wp\/v2\/product_cat?post=1124808"},{"taxonomy":"product_tag","embeddable":true,"href":"https:\/\/wein-werte.com\/en\/wp-json\/wp\/v2\/product_tag?post=1124808"}],"curies":[{"name":"wp","href":"https:\/\/api.w.org\/{rel}","templated":true}]}}