{"id":1124804,"date":"2026-05-08T20:08:19","date_gmt":"2026-05-08T18:08:19","guid":{"rendered":"https:\/\/wein-werte.com\/product\/chateau-de-beru-chablis-clos-beru-monopole-2019-750ml\/"},"modified":"2026-05-08T20:08:19","modified_gmt":"2026-05-08T18:08:19","slug":"chateau-de-beru-chablis-clos-beru-monopole-2019-750ml","status":"publish","type":"product","link":"https:\/\/wein-werte.com\/en\/product\/chateau-de-beru-chablis-clos-beru-monopole-2019-750ml\/","title":{"rendered":"Ch\u00e2teau de B\u00e9ru | Burgundy | Chablis Clos B\u00e9ru Monopole AOC | 2019 | 750ml | bio"},"content":{"rendered":"<p>Product description for Ch\u00e2teau de B\u00e9ru Chablis Clos B\u00e9ru Monopole AOC 2019 (bio)<\/p>\n<h5>Information about the Wine<\/h5>\n<p> The Clos de B\u00e9ru vineyard is the house&#8217;s monopoly site. The only reason the Clos de B\u00e9ru is not classified as a Premier Cru in Chablis is because it was leased after the untimely death of Comte \u00c9ric de B\u00e9ru, and the family showed no interest in classification. Historically, the Clos de B\u00e9ru has always been considered on a par with good Premier Cru sites. Standing in the vineyard, it&#8217;s immediately clear why: pure, south-facing, not very steep, but certainly sloping and very stony, typical Kimmeridge soil. The boundaries were originally drawn by monks along the terroir. This is why the Clos is not rectangular, but rather that of a slanted trapezoid. After a spontaneous and long fermentation, the wine is aged for 18 months in tonneaux, then a year in foudres and six months in the bottle to tame the intensity of this powerful, mineral, and complex wine. It was bottled unfiltered, unfined, and with only minimal use of sulfur. <\/p>\n<h5>Colour<\/h5>\n<p>: Bright straw yellow <\/p>\n<h5>Nose<\/h5>\n<p> No matter how enthusiastic one may be about B\u00e9ru&#8217;s three other single-vineyard Chablis, the Clos de B\u00e9ru always manages to increase the enthusiasm even further. The nose is simply spectacular in its finesse and density. It is a fantastic blend of green, yellow, orange, and even red facets, ranging from mirabelle plums, limes, and gooseberries to Cedrat lemons, bergamots, tangerines, oranges, apricots, and quinces, as well as a few red currants. And that&#8217;s just the fruit aspect. Of course, there are also herbs like mint and green almonds, as well as crushed lime, iodine, smoke, and enveloping notes of brioche and lemon curd. Added to this is the very slight, typical B\u00e9ru oxidation, which lends a somewhat crumbly quality to the whole. This is fascinating, especially when you&#8217;ve poured the wine into a large carafe and watched it develop. <\/p>\n<h5>Palate<\/h5>\n<p> From the very first moment, the palate is filled with Chablis with the perfect acidity structure. It&#8217;s present at the top of the palate and pairs with an elegant, yet electrifying minerality. Then it branches out into the complex fruitiness, remaining present and somehow linear despite the branching. Then it stretches into a finish that seems almost endless. And a lot happens along the way: There&#8217;s the ripeness of apricots, peaches, quinces, and kumquats; there&#8217;s the creaminess from the long lees aging; there&#8217;s the tautness of limes, lemons, and grapefruit with the tangy zest of the peel; there&#8217;s the mouthwatering salt; there&#8217;s that subtle hint of white pepper and the iodine of oyster water. All of this is permeated by the acidity and brought together into a whole. Is that too effusive a eulogy for the Clos de B\u00e9ru? It&#8217;s simply an inspiring Chablis\u2014without a Cru classification, but definitely at Grand Cru level.<\/p>\n<p>Copyright Vinaturel 2025<\/p>\n<p>Keywords: <a href=\"https:\/\/wein-werte.com\/shop\/?swoof=1&#038;pa_producer=Ch\u00e2teau-de-B\u00e9ru\">Ch\u00e2teau de B\u00e9ru<\/a> <a href=\"https:\/\/wein-werte.com\/shop\/?swoof=1&#038;woof_text=Chablis Clos B\u00e9ru Monopole AOC\">Chablis Clos B\u00e9ru Monopole AOC<\/a> 2019 bio <a href=\"https:\/\/wein-werte.com\/shop\/?swoof=1&#038;pa_region=Burgundy\">Burgundy<\/a> <a href=\"https:\/\/wein-werte.com\/shop\/?swoof=1&#038;pa_country=France\">France<\/a><\/p>\n<h3>Vinous<\/h3>\n<p>Score: 93<\/p>\n<p>The 2019 Chablis Clos B\u00e9ru, which undergoes an additional year in barrel (demi-muids), is a three-hectare monopole belonging to the domaine, the mother rock close to the surface. It has a very complex bouquet with apricot blossom, clementine, hints of peach and crushed stone. The palate is well balanced with fine tension on the entry, a superb bead of acidity, lightly spiced with touches of ginger towards the finish. Lots of energy here &#8211; you can feel the terroir expressed on the finish. Excellent.<br \/>\n &#8212; Neal Martin<br \/>Drinking window: 2024 &#8211; 2042<br \/>Review date: Sep 2022<\/p>\n<p>Producer website: <a href=\"https:\/\/www.en.chateaudeberu.com\/\" target=\"_blank\">https:\/\/www.en.chateaudeberu.com\/<\/a><\/p>\n","protected":false},"excerpt":{"rendered":"<p>Delivery time: 1 to 2 working days (DE), 2 to 5 working days (EU and CH)<\/p>\n","protected":false},"featured_media":1144889,"template":"","meta":[],"product_brand":[],"product_cat":[19],"product_tag":[],"class_list":{"0":"post-1124804","1":"product","2":"type-product","3":"status-publish","4":"has-post-thumbnail","6":"product_cat-unkategorisiert","7":"pa_alcohol-for-filter-13-5","8":"pa_certified-biodynamic-yes","9":"pa_certified-organic-yes","10":"pa_colour-white","11":"pa_country-france","12":"pa_grape-chardonnay","13":"pa_price-for-filter-10646","14":"pa_producer-chateau-de-beru","15":"pa_region-burgundy","16":"pa_size-ml-6584","17":"pa_sweetness-dry","18":"pa_type-2-still","19":"pa_vinous-points-for-filter-16140","20":"pa_vintage-6583","21":"entry","22":"has-media","24":"first","25":"instock","26":"taxable","27":"shipping-taxable","28":"purchasable","29":"product-type-simple"},"yoast_head":"<!-- This site is optimized with the Yoast SEO plugin v27.5 - https:\/\/yoast.com\/product\/yoast-seo-wordpress\/ -->\n<title>Ch\u00e2teau de B\u00e9ru Chablis Clos B\u00e9ru Monopole 2019<\/title>\n<meta name=\"description\" content=\"Buy Ch\u00e2teau de B\u00e9ru Chablis Clos B\u00e9ru Monopole 2019 - a dry Chardonnay from Burgundy, France - at Wein Werte, your sustainable online shop.\" \/>\n<meta name=\"robots\" content=\"index, follow, max-snippet:-1, max-image-preview:large, max-video-preview:-1\" \/>\n<link rel=\"canonical\" href=\"https:\/\/wein-werte.com\/en\/product\/chateau-de-beru-chablis-clos-beru-monopole-2019-750ml\/\" \/>\n<meta property=\"og:locale\" content=\"en_US\" \/>\n<meta property=\"og:type\" content=\"article\" \/>\n<meta property=\"og:title\" content=\"Ch\u00e2teau de B\u00e9ru Chablis Clos B\u00e9ru Monopole 2019\" \/>\n<meta property=\"og:description\" content=\"Buy Ch\u00e2teau de B\u00e9ru Chablis Clos B\u00e9ru Monopole 2019 - a dry Chardonnay from Burgundy, France - at Wein Werte, your sustainable online shop.\" \/>\n<meta property=\"og:url\" content=\"https:\/\/wein-werte.com\/en\/product\/chateau-de-beru-chablis-clos-beru-monopole-2019-750ml\/\" \/>\n<meta property=\"og:site_name\" content=\"Wein Werte\" \/>\n<meta property=\"og:image\" content=\"https:\/\/wein-werte.com\/wp-content\/uploads\/2026\/04\/Chateau-de-Beru-Chablis-Clos-Beru-Monopole-2019-750ml.png\" \/>\n\t<meta property=\"og:image:width\" content=\"339\" \/>\n\t<meta property=\"og:image:height\" content=\"1200\" \/>\n\t<meta property=\"og:image:type\" content=\"image\/png\" \/>\n<meta name=\"twitter:card\" content=\"summary_large_image\" \/>\n<meta name=\"twitter:label1\" content=\"Est. reading time\" \/>\n\t<meta name=\"twitter:data1\" content=\"3 minutes\" \/>\n<script type=\"application\/ld+json\" class=\"yoast-schema-graph\">{\"@context\":\"https:\\\/\\\/schema.org\",\"@graph\":[{\"@type\":\"WebPage\",\"@id\":\"https:\\\/\\\/wein-werte.com\\\/en\\\/product\\\/chateau-de-beru-chablis-clos-beru-monopole-2019-750ml\\\/\",\"url\":\"https:\\\/\\\/wein-werte.com\\\/en\\\/product\\\/chateau-de-beru-chablis-clos-beru-monopole-2019-750ml\\\/\",\"name\":\"Ch\u00e2teau de B\u00e9ru Chablis Clos B\u00e9ru Monopole 2019\",\"isPartOf\":{\"@id\":\"https:\\\/\\\/wein-werte.com\\\/de\\\/#website\"},\"primaryImageOfPage\":{\"@id\":\"https:\\\/\\\/wein-werte.com\\\/en\\\/product\\\/chateau-de-beru-chablis-clos-beru-monopole-2019-750ml\\\/#primaryimage\"},\"image\":{\"@id\":\"https:\\\/\\\/wein-werte.com\\\/en\\\/product\\\/chateau-de-beru-chablis-clos-beru-monopole-2019-750ml\\\/#primaryimage\"},\"thumbnailUrl\":\"https:\\\/\\\/wein-werte.com\\\/wp-content\\\/uploads\\\/2026\\\/04\\\/Chateau-de-Beru-Chablis-Clos-Beru-Monopole-2019-750ml.png\",\"datePublished\":\"2026-05-08T18:08:19+00:00\",\"description\":\"Buy Ch\u00e2teau de B\u00e9ru Chablis Clos B\u00e9ru Monopole 2019 - a dry Chardonnay from Burgundy, France - at Wein Werte, your sustainable online shop.\",\"breadcrumb\":{\"@id\":\"https:\\\/\\\/wein-werte.com\\\/en\\\/product\\\/chateau-de-beru-chablis-clos-beru-monopole-2019-750ml\\\/#breadcrumb\"},\"inLanguage\":\"en-US\",\"potentialAction\":[{\"@type\":\"ReadAction\",\"target\":[\"https:\\\/\\\/wein-werte.com\\\/en\\\/product\\\/chateau-de-beru-chablis-clos-beru-monopole-2019-750ml\\\/\"]}]},{\"@type\":\"ImageObject\",\"inLanguage\":\"en-US\",\"@id\":\"https:\\\/\\\/wein-werte.com\\\/en\\\/product\\\/chateau-de-beru-chablis-clos-beru-monopole-2019-750ml\\\/#primaryimage\",\"url\":\"https:\\\/\\\/wein-werte.com\\\/wp-content\\\/uploads\\\/2026\\\/04\\\/Chateau-de-Beru-Chablis-Clos-Beru-Monopole-2019-750ml.png\",\"contentUrl\":\"https:\\\/\\\/wein-werte.com\\\/wp-content\\\/uploads\\\/2026\\\/04\\\/Chateau-de-Beru-Chablis-Clos-Beru-Monopole-2019-750ml.png\",\"width\":339,\"height\":1200,\"caption\":\"Ch\u00e2teau de B\u00e9ru Chablis Clos B\u00e9ru Monopole AOC 2019 750ml\"},{\"@type\":\"BreadcrumbList\",\"@id\":\"https:\\\/\\\/wein-werte.com\\\/en\\\/product\\\/chateau-de-beru-chablis-clos-beru-monopole-2019-750ml\\\/#breadcrumb\",\"itemListElement\":[{\"@type\":\"ListItem\",\"position\":1,\"name\":\"Home\",\"item\":\"https:\\\/\\\/wein-werte.com\\\/en\\\/\"},{\"@type\":\"ListItem\",\"position\":2,\"name\":\"Shop Page\",\"item\":\"https:\\\/\\\/wein-werte.com\\\/en\\\/shop\\\/\"},{\"@type\":\"ListItem\",\"position\":3,\"name\":\"Ch\u00e2teau de B\u00e9ru | Burgundy | Chablis Clos B\u00e9ru Monopole AOC | 2019 | 750ml | bio\"}]},{\"@type\":\"WebSite\",\"@id\":\"https:\\\/\\\/wein-werte.com\\\/de\\\/#website\",\"url\":\"https:\\\/\\\/wein-werte.com\\\/de\\\/\",\"name\":\"Wein Werte\",\"description\":\"\",\"publisher\":{\"@id\":\"https:\\\/\\\/wein-werte.com\\\/de\\\/#organization\"},\"potentialAction\":[{\"@type\":\"SearchAction\",\"target\":{\"@type\":\"EntryPoint\",\"urlTemplate\":\"https:\\\/\\\/wein-werte.com\\\/de\\\/?s={search_term_string}\"},\"query-input\":{\"@type\":\"PropertyValueSpecification\",\"valueRequired\":true,\"valueName\":\"search_term_string\"}}],\"inLanguage\":\"en-US\"},{\"@type\":\"Organization\",\"@id\":\"https:\\\/\\\/wein-werte.com\\\/de\\\/#organization\",\"name\":\"Vins Fins Thorrold\",\"url\":\"https:\\\/\\\/wein-werte.com\\\/de\\\/\",\"logo\":{\"@type\":\"ImageObject\",\"inLanguage\":\"en-US\",\"@id\":\"https:\\\/\\\/wein-werte.com\\\/de\\\/#\\\/schema\\\/logo\\\/image\\\/\",\"url\":\"https:\\\/\\\/wein-werte.com\\\/wp-content\\\/uploads\\\/2023\\\/07\\\/Wein_werte_Logo700-1.png\",\"contentUrl\":\"https:\\\/\\\/wein-werte.com\\\/wp-content\\\/uploads\\\/2023\\\/07\\\/Wein_werte_Logo700-1.png\",\"width\":700,\"height\":272,\"caption\":\"Vins Fins Thorrold\"},\"image\":{\"@id\":\"https:\\\/\\\/wein-werte.com\\\/de\\\/#\\\/schema\\\/logo\\\/image\\\/\"}}]}<\/script>\n<!-- \/ Yoast SEO plugin. -->","yoast_head_json":{"title":"Ch\u00e2teau de B\u00e9ru Chablis Clos B\u00e9ru Monopole 2019","description":"Buy Ch\u00e2teau de B\u00e9ru Chablis Clos B\u00e9ru Monopole 2019 - a dry Chardonnay from Burgundy, France - at Wein Werte, your sustainable online shop.","robots":{"index":"index","follow":"follow","max-snippet":"max-snippet:-1","max-image-preview":"max-image-preview:large","max-video-preview":"max-video-preview:-1"},"canonical":"https:\/\/wein-werte.com\/en\/product\/chateau-de-beru-chablis-clos-beru-monopole-2019-750ml\/","og_locale":"en_US","og_type":"article","og_title":"Ch\u00e2teau de B\u00e9ru Chablis Clos B\u00e9ru Monopole 2019","og_description":"Buy Ch\u00e2teau de B\u00e9ru Chablis Clos B\u00e9ru Monopole 2019 - a dry Chardonnay from Burgundy, France - at Wein Werte, your sustainable online shop.","og_url":"https:\/\/wein-werte.com\/en\/product\/chateau-de-beru-chablis-clos-beru-monopole-2019-750ml\/","og_site_name":"Wein Werte","og_image":[{"width":339,"height":1200,"url":"https:\/\/wein-werte.com\/wp-content\/uploads\/2026\/04\/Chateau-de-Beru-Chablis-Clos-Beru-Monopole-2019-750ml.png","type":"image\/png"}],"twitter_card":"summary_large_image","twitter_misc":{"Est. reading time":"3 minutes"},"schema":{"@context":"https:\/\/schema.org","@graph":[{"@type":"WebPage","@id":"https:\/\/wein-werte.com\/en\/product\/chateau-de-beru-chablis-clos-beru-monopole-2019-750ml\/","url":"https:\/\/wein-werte.com\/en\/product\/chateau-de-beru-chablis-clos-beru-monopole-2019-750ml\/","name":"Ch\u00e2teau de B\u00e9ru Chablis Clos B\u00e9ru Monopole 2019","isPartOf":{"@id":"https:\/\/wein-werte.com\/de\/#website"},"primaryImageOfPage":{"@id":"https:\/\/wein-werte.com\/en\/product\/chateau-de-beru-chablis-clos-beru-monopole-2019-750ml\/#primaryimage"},"image":{"@id":"https:\/\/wein-werte.com\/en\/product\/chateau-de-beru-chablis-clos-beru-monopole-2019-750ml\/#primaryimage"},"thumbnailUrl":"https:\/\/wein-werte.com\/wp-content\/uploads\/2026\/04\/Chateau-de-Beru-Chablis-Clos-Beru-Monopole-2019-750ml.png","datePublished":"2026-05-08T18:08:19+00:00","description":"Buy Ch\u00e2teau de B\u00e9ru Chablis Clos B\u00e9ru Monopole 2019 - a dry Chardonnay from Burgundy, France - at Wein Werte, your sustainable online shop.","breadcrumb":{"@id":"https:\/\/wein-werte.com\/en\/product\/chateau-de-beru-chablis-clos-beru-monopole-2019-750ml\/#breadcrumb"},"inLanguage":"en-US","potentialAction":[{"@type":"ReadAction","target":["https:\/\/wein-werte.com\/en\/product\/chateau-de-beru-chablis-clos-beru-monopole-2019-750ml\/"]}]},{"@type":"ImageObject","inLanguage":"en-US","@id":"https:\/\/wein-werte.com\/en\/product\/chateau-de-beru-chablis-clos-beru-monopole-2019-750ml\/#primaryimage","url":"https:\/\/wein-werte.com\/wp-content\/uploads\/2026\/04\/Chateau-de-Beru-Chablis-Clos-Beru-Monopole-2019-750ml.png","contentUrl":"https:\/\/wein-werte.com\/wp-content\/uploads\/2026\/04\/Chateau-de-Beru-Chablis-Clos-Beru-Monopole-2019-750ml.png","width":339,"height":1200,"caption":"Ch\u00e2teau de B\u00e9ru Chablis Clos B\u00e9ru Monopole AOC 2019 750ml"},{"@type":"BreadcrumbList","@id":"https:\/\/wein-werte.com\/en\/product\/chateau-de-beru-chablis-clos-beru-monopole-2019-750ml\/#breadcrumb","itemListElement":[{"@type":"ListItem","position":1,"name":"Home","item":"https:\/\/wein-werte.com\/en\/"},{"@type":"ListItem","position":2,"name":"Shop Page","item":"https:\/\/wein-werte.com\/en\/shop\/"},{"@type":"ListItem","position":3,"name":"Ch\u00e2teau de B\u00e9ru | Burgundy | Chablis Clos B\u00e9ru Monopole AOC | 2019 | 750ml | bio"}]},{"@type":"WebSite","@id":"https:\/\/wein-werte.com\/de\/#website","url":"https:\/\/wein-werte.com\/de\/","name":"Wein Werte","description":"","publisher":{"@id":"https:\/\/wein-werte.com\/de\/#organization"},"potentialAction":[{"@type":"SearchAction","target":{"@type":"EntryPoint","urlTemplate":"https:\/\/wein-werte.com\/de\/?s={search_term_string}"},"query-input":{"@type":"PropertyValueSpecification","valueRequired":true,"valueName":"search_term_string"}}],"inLanguage":"en-US"},{"@type":"Organization","@id":"https:\/\/wein-werte.com\/de\/#organization","name":"Vins Fins Thorrold","url":"https:\/\/wein-werte.com\/de\/","logo":{"@type":"ImageObject","inLanguage":"en-US","@id":"https:\/\/wein-werte.com\/de\/#\/schema\/logo\/image\/","url":"https:\/\/wein-werte.com\/wp-content\/uploads\/2023\/07\/Wein_werte_Logo700-1.png","contentUrl":"https:\/\/wein-werte.com\/wp-content\/uploads\/2023\/07\/Wein_werte_Logo700-1.png","width":700,"height":272,"caption":"Vins Fins Thorrold"},"image":{"@id":"https:\/\/wein-werte.com\/de\/#\/schema\/logo\/image\/"}}]}},"_links":{"self":[{"href":"https:\/\/wein-werte.com\/en\/wp-json\/wp\/v2\/product\/1124804","targetHints":{"allow":["GET"]}}],"collection":[{"href":"https:\/\/wein-werte.com\/en\/wp-json\/wp\/v2\/product"}],"about":[{"href":"https:\/\/wein-werte.com\/en\/wp-json\/wp\/v2\/types\/product"}],"wp:featuredmedia":[{"embeddable":true,"href":"https:\/\/wein-werte.com\/en\/wp-json\/wp\/v2\/media\/1144889"}],"wp:attachment":[{"href":"https:\/\/wein-werte.com\/en\/wp-json\/wp\/v2\/media?parent=1124804"}],"wp:term":[{"taxonomy":"product_brand","embeddable":true,"href":"https:\/\/wein-werte.com\/en\/wp-json\/wp\/v2\/product_brand?post=1124804"},{"taxonomy":"product_cat","embeddable":true,"href":"https:\/\/wein-werte.com\/en\/wp-json\/wp\/v2\/product_cat?post=1124804"},{"taxonomy":"product_tag","embeddable":true,"href":"https:\/\/wein-werte.com\/en\/wp-json\/wp\/v2\/product_tag?post=1124804"}],"curies":[{"name":"wp","href":"https:\/\/api.w.org\/{rel}","templated":true}]}}