{"id":1124800,"date":"2026-05-05T18:31:44","date_gmt":"2026-05-05T16:31:44","guid":{"rendered":"https:\/\/wein-werte.com\/product\/bret-brothers-beaujolais-lantignie-glou-des-bret-zen-2023-750ml\/"},"modified":"2026-05-05T18:31:45","modified_gmt":"2026-05-05T16:31:45","slug":"bret-brothers-beaujolais-lantignie-glou-des-bret-zen-2023-750ml","status":"publish","type":"product","link":"https:\/\/wein-werte.com\/en\/product\/bret-brothers-beaujolais-lantignie-glou-des-bret-zen-2023-750ml\/","title":{"rendered":"Bret Brothers | Beaujolais | Beaujolais-Lantigni\u00e9 &#8220;Glou des Bret&#8221; Zen AOC | 2023 | 750ml | bio"},"content":{"rendered":"<p>Product description for Bret Brothers Beaujolais-Lantigni\u00e9 &#8220;Glou des Bret&#8221; Zen AOC 2023 (bio)<\/p>\n<h5>Wine Information<\/h5>\n<p> The wine comes from a 0.7-hectare plot located 230 meters above the village of Lantigni\u00e9, which borders the Cru R\u00e9gni\u00e9. The &#8220;Glou de Bret&#8221; is a Beaujolais-Villages de Montagne, whose vines are rooted partly in pink granite and partly in blue sandstone. The grapes were harvested on September 15, 2023, and fermented spontaneously as whole bunches in a carbonic maceration. There was no filtration or fining. The pH is 3.47, and the total SO2 is less than 10 mg\/l. <\/p>\n<h5>Colour<\/h5>\n<p> Light, transparent crimson red. <\/p>\n<h5>Nose<\/h5>\n<p> This Beaujolais is spicy, juicy, fresh, cool, and refined. The &#8220;Glou des Bret&#8221; smells of tobacco and freshly opened walnut shells, red berries and violet blossoms, wild herbs and undergrowth. <\/p>\n<h5>Palate<\/h5>\n<p> On the palate, the Beaujolais-Village vibrates with freshness. It appears lively, transparent, and juicy with little extract, but a sensation of tingling on the tongue. The finish is spicy with light hints of licorice and deep red fruit, again with some tobacco and violet.<\/p>\n<p>Copyright Vinaturel 2025<\/p>\n<p>Keywords: <a href=\"https:\/\/wein-werte.com\/shop\/?swoof=1&#038;pa_producer=Bret-Brothers\">Bret Brothers<\/a> <a href=\"https:\/\/wein-werte.com\/shop\/?swoof=1&#038;woof_text=Beaujolais-Lantigni\u00e9 \"Glou des Bret\" Zen AOC\">Beaujolais-Lantigni\u00e9 &#8220;Glou des Bret&#8221; Zen AOC<\/a> 2023 bio <a href=\"https:\/\/wein-werte.com\/shop\/?swoof=1&#038;pa_region=Beaujolais\">Beaujolais<\/a> <a href=\"https:\/\/wein-werte.com\/shop\/?swoof=1&#038;pa_country=France\">France<\/a><\/p>\n<p>Producer website: <a href=\"https:\/\/www.bretbrothers.com\/en\/\" target=\"_blank\">https:\/\/www.bretbrothers.com\/en\/<\/a><\/p>\n","protected":false},"excerpt":{"rendered":"<p>Delivery time: 1 to 2 working days (DE), 2 to 5 working days (EU and CH)<\/p>\n","protected":false},"featured_media":1144867,"template":"","meta":[],"product_brand":[],"product_cat":[19],"product_tag":[],"class_list":{"0":"post-1124800","1":"product","2":"type-product","3":"status-publish","4":"has-post-thumbnail","6":"product_cat-unkategorisiert","7":"pa_alcohol-for-filter-12893","8":"pa_certified-biodynamic-no","9":"pa_certified-organic-yes","10":"pa_colour-red","11":"pa_country-france","12":"pa_grape-gamay","13":"pa_price-for-filter-10588","14":"pa_producer-bret-brothers","15":"pa_region-beaujolais","16":"pa_size-ml-6584","17":"pa_sweetness-dry","18":"pa_type-2-still","19":"pa_vintage-12619","20":"entry","21":"has-media","23":"first","24":"instock","25":"taxable","26":"shipping-taxable","27":"purchasable","28":"product-type-simple"},"yoast_head":"<!-- This site is optimized with the Yoast SEO plugin v27.5 - https:\/\/yoast.com\/product\/yoast-seo-wordpress\/ -->\n<title>Bret Brothers Beaujolais-Lantigni\u00e9 &quot;Glou des Bret&quot; Zen 2023<\/title>\n<meta name=\"description\" content=\"Buy Bret Brothers Beaujolais-Lantigni\u00e9 &quot;Glou des Bret&quot; Zen 2023 - a dry Gamay from Beaujolais, France - at Wein Werte, your sustainable online shop.\" \/>\n<meta name=\"robots\" content=\"index, follow, max-snippet:-1, max-image-preview:large, max-video-preview:-1\" \/>\n<link rel=\"canonical\" href=\"https:\/\/wein-werte.com\/en\/product\/bret-brothers-beaujolais-lantignie-glou-des-bret-zen-2023-750ml\/\" \/>\n<meta property=\"og:locale\" content=\"en_US\" \/>\n<meta property=\"og:type\" content=\"article\" \/>\n<meta property=\"og:title\" content=\"Bret Brothers Beaujolais-Lantigni\u00e9 &quot;Glou des Bret&quot; Zen 2023\" \/>\n<meta property=\"og:description\" content=\"Buy Bret Brothers Beaujolais-Lantigni\u00e9 &quot;Glou des Bret&quot; Zen 2023 - a dry Gamay from Beaujolais, France - at Wein Werte, your sustainable online shop.\" \/>\n<meta property=\"og:url\" content=\"https:\/\/wein-werte.com\/en\/product\/bret-brothers-beaujolais-lantignie-glou-des-bret-zen-2023-750ml\/\" \/>\n<meta property=\"og:site_name\" content=\"Wein Werte\" \/>\n<meta property=\"article:modified_time\" content=\"2026-05-05T16:31:45+00:00\" \/>\n<meta property=\"og:image\" content=\"https:\/\/wein-werte.com\/wp-content\/uploads\/2026\/04\/Bret-Brothers-Beaujolais-Lantignie-Glou-des-Bret-Zen-2023-750ml.png\" \/>\n\t<meta property=\"og:image:width\" content=\"337\" \/>\n\t<meta property=\"og:image:height\" content=\"1200\" \/>\n\t<meta property=\"og:image:type\" content=\"image\/png\" \/>\n<meta name=\"twitter:card\" content=\"summary_large_image\" \/>\n<meta name=\"twitter:label1\" content=\"Est. reading time\" \/>\n\t<meta name=\"twitter:data1\" content=\"1 minute\" \/>\n<script type=\"application\/ld+json\" class=\"yoast-schema-graph\">{\"@context\":\"https:\\\/\\\/schema.org\",\"@graph\":[{\"@type\":\"WebPage\",\"@id\":\"https:\\\/\\\/wein-werte.com\\\/en\\\/product\\\/bret-brothers-beaujolais-lantignie-glou-des-bret-zen-2023-750ml\\\/\",\"url\":\"https:\\\/\\\/wein-werte.com\\\/en\\\/product\\\/bret-brothers-beaujolais-lantignie-glou-des-bret-zen-2023-750ml\\\/\",\"name\":\"Bret Brothers Beaujolais-Lantigni\u00e9 \\\"Glou des Bret\\\" Zen 2023\",\"isPartOf\":{\"@id\":\"https:\\\/\\\/wein-werte.com\\\/de\\\/#website\"},\"primaryImageOfPage\":{\"@id\":\"https:\\\/\\\/wein-werte.com\\\/en\\\/product\\\/bret-brothers-beaujolais-lantignie-glou-des-bret-zen-2023-750ml\\\/#primaryimage\"},\"image\":{\"@id\":\"https:\\\/\\\/wein-werte.com\\\/en\\\/product\\\/bret-brothers-beaujolais-lantignie-glou-des-bret-zen-2023-750ml\\\/#primaryimage\"},\"thumbnailUrl\":\"https:\\\/\\\/wein-werte.com\\\/wp-content\\\/uploads\\\/2026\\\/04\\\/Bret-Brothers-Beaujolais-Lantignie-Glou-des-Bret-Zen-2023-750ml.png\",\"datePublished\":\"2026-05-05T16:31:44+00:00\",\"dateModified\":\"2026-05-05T16:31:45+00:00\",\"description\":\"Buy Bret Brothers Beaujolais-Lantigni\u00e9 \\\"Glou des Bret\\\" Zen 2023 - a dry Gamay from Beaujolais, France - at Wein Werte, your sustainable online shop.\",\"breadcrumb\":{\"@id\":\"https:\\\/\\\/wein-werte.com\\\/en\\\/product\\\/bret-brothers-beaujolais-lantignie-glou-des-bret-zen-2023-750ml\\\/#breadcrumb\"},\"inLanguage\":\"en-US\",\"potentialAction\":[{\"@type\":\"ReadAction\",\"target\":[\"https:\\\/\\\/wein-werte.com\\\/en\\\/product\\\/bret-brothers-beaujolais-lantignie-glou-des-bret-zen-2023-750ml\\\/\"]}]},{\"@type\":\"ImageObject\",\"inLanguage\":\"en-US\",\"@id\":\"https:\\\/\\\/wein-werte.com\\\/en\\\/product\\\/bret-brothers-beaujolais-lantignie-glou-des-bret-zen-2023-750ml\\\/#primaryimage\",\"url\":\"https:\\\/\\\/wein-werte.com\\\/wp-content\\\/uploads\\\/2026\\\/04\\\/Bret-Brothers-Beaujolais-Lantignie-Glou-des-Bret-Zen-2023-750ml.png\",\"contentUrl\":\"https:\\\/\\\/wein-werte.com\\\/wp-content\\\/uploads\\\/2026\\\/04\\\/Bret-Brothers-Beaujolais-Lantignie-Glou-des-Bret-Zen-2023-750ml.png\",\"width\":337,\"height\":1200,\"caption\":\"Bret Brothers Beaujolais-Lantigni\u00e9 \\\"Glou des Bret\\\" Zen AOC 2023 750ml\"},{\"@type\":\"BreadcrumbList\",\"@id\":\"https:\\\/\\\/wein-werte.com\\\/en\\\/product\\\/bret-brothers-beaujolais-lantignie-glou-des-bret-zen-2023-750ml\\\/#breadcrumb\",\"itemListElement\":[{\"@type\":\"ListItem\",\"position\":1,\"name\":\"Home\",\"item\":\"https:\\\/\\\/wein-werte.com\\\/en\\\/\"},{\"@type\":\"ListItem\",\"position\":2,\"name\":\"Shop Page\",\"item\":\"https:\\\/\\\/wein-werte.com\\\/en\\\/shop\\\/\"},{\"@type\":\"ListItem\",\"position\":3,\"name\":\"Bret Brothers | Beaujolais | Beaujolais-Lantigni\u00e9 &#8220;Glou des Bret&#8221; Zen AOC | 2023 | 750ml | bio\"}]},{\"@type\":\"WebSite\",\"@id\":\"https:\\\/\\\/wein-werte.com\\\/de\\\/#website\",\"url\":\"https:\\\/\\\/wein-werte.com\\\/de\\\/\",\"name\":\"Wein Werte\",\"description\":\"\",\"publisher\":{\"@id\":\"https:\\\/\\\/wein-werte.com\\\/de\\\/#organization\"},\"potentialAction\":[{\"@type\":\"SearchAction\",\"target\":{\"@type\":\"EntryPoint\",\"urlTemplate\":\"https:\\\/\\\/wein-werte.com\\\/de\\\/?s={search_term_string}\"},\"query-input\":{\"@type\":\"PropertyValueSpecification\",\"valueRequired\":true,\"valueName\":\"search_term_string\"}}],\"inLanguage\":\"en-US\"},{\"@type\":\"Organization\",\"@id\":\"https:\\\/\\\/wein-werte.com\\\/de\\\/#organization\",\"name\":\"Vins Fins Thorrold\",\"url\":\"https:\\\/\\\/wein-werte.com\\\/de\\\/\",\"logo\":{\"@type\":\"ImageObject\",\"inLanguage\":\"en-US\",\"@id\":\"https:\\\/\\\/wein-werte.com\\\/de\\\/#\\\/schema\\\/logo\\\/image\\\/\",\"url\":\"https:\\\/\\\/wein-werte.com\\\/wp-content\\\/uploads\\\/2023\\\/07\\\/Wein_werte_Logo700-1.png\",\"contentUrl\":\"https:\\\/\\\/wein-werte.com\\\/wp-content\\\/uploads\\\/2023\\\/07\\\/Wein_werte_Logo700-1.png\",\"width\":700,\"height\":272,\"caption\":\"Vins Fins Thorrold\"},\"image\":{\"@id\":\"https:\\\/\\\/wein-werte.com\\\/de\\\/#\\\/schema\\\/logo\\\/image\\\/\"}}]}<\/script>\n<!-- \/ Yoast SEO plugin. -->","yoast_head_json":{"title":"Bret Brothers Beaujolais-Lantigni\u00e9 \"Glou des Bret\" Zen 2023","description":"Buy Bret Brothers Beaujolais-Lantigni\u00e9 \"Glou des Bret\" Zen 2023 - a dry Gamay from Beaujolais, France - at Wein Werte, your sustainable online shop.","robots":{"index":"index","follow":"follow","max-snippet":"max-snippet:-1","max-image-preview":"max-image-preview:large","max-video-preview":"max-video-preview:-1"},"canonical":"https:\/\/wein-werte.com\/en\/product\/bret-brothers-beaujolais-lantignie-glou-des-bret-zen-2023-750ml\/","og_locale":"en_US","og_type":"article","og_title":"Bret Brothers Beaujolais-Lantigni\u00e9 \"Glou des Bret\" Zen 2023","og_description":"Buy Bret Brothers Beaujolais-Lantigni\u00e9 \"Glou des Bret\" Zen 2023 - a dry Gamay from Beaujolais, France - at Wein Werte, your sustainable online shop.","og_url":"https:\/\/wein-werte.com\/en\/product\/bret-brothers-beaujolais-lantignie-glou-des-bret-zen-2023-750ml\/","og_site_name":"Wein Werte","article_modified_time":"2026-05-05T16:31:45+00:00","og_image":[{"width":337,"height":1200,"url":"https:\/\/wein-werte.com\/wp-content\/uploads\/2026\/04\/Bret-Brothers-Beaujolais-Lantignie-Glou-des-Bret-Zen-2023-750ml.png","type":"image\/png"}],"twitter_card":"summary_large_image","twitter_misc":{"Est. reading time":"1 minute"},"schema":{"@context":"https:\/\/schema.org","@graph":[{"@type":"WebPage","@id":"https:\/\/wein-werte.com\/en\/product\/bret-brothers-beaujolais-lantignie-glou-des-bret-zen-2023-750ml\/","url":"https:\/\/wein-werte.com\/en\/product\/bret-brothers-beaujolais-lantignie-glou-des-bret-zen-2023-750ml\/","name":"Bret Brothers Beaujolais-Lantigni\u00e9 \"Glou des Bret\" Zen 2023","isPartOf":{"@id":"https:\/\/wein-werte.com\/de\/#website"},"primaryImageOfPage":{"@id":"https:\/\/wein-werte.com\/en\/product\/bret-brothers-beaujolais-lantignie-glou-des-bret-zen-2023-750ml\/#primaryimage"},"image":{"@id":"https:\/\/wein-werte.com\/en\/product\/bret-brothers-beaujolais-lantignie-glou-des-bret-zen-2023-750ml\/#primaryimage"},"thumbnailUrl":"https:\/\/wein-werte.com\/wp-content\/uploads\/2026\/04\/Bret-Brothers-Beaujolais-Lantignie-Glou-des-Bret-Zen-2023-750ml.png","datePublished":"2026-05-05T16:31:44+00:00","dateModified":"2026-05-05T16:31:45+00:00","description":"Buy Bret Brothers Beaujolais-Lantigni\u00e9 \"Glou des Bret\" Zen 2023 - a dry Gamay from Beaujolais, France - at Wein Werte, your sustainable online shop.","breadcrumb":{"@id":"https:\/\/wein-werte.com\/en\/product\/bret-brothers-beaujolais-lantignie-glou-des-bret-zen-2023-750ml\/#breadcrumb"},"inLanguage":"en-US","potentialAction":[{"@type":"ReadAction","target":["https:\/\/wein-werte.com\/en\/product\/bret-brothers-beaujolais-lantignie-glou-des-bret-zen-2023-750ml\/"]}]},{"@type":"ImageObject","inLanguage":"en-US","@id":"https:\/\/wein-werte.com\/en\/product\/bret-brothers-beaujolais-lantignie-glou-des-bret-zen-2023-750ml\/#primaryimage","url":"https:\/\/wein-werte.com\/wp-content\/uploads\/2026\/04\/Bret-Brothers-Beaujolais-Lantignie-Glou-des-Bret-Zen-2023-750ml.png","contentUrl":"https:\/\/wein-werte.com\/wp-content\/uploads\/2026\/04\/Bret-Brothers-Beaujolais-Lantignie-Glou-des-Bret-Zen-2023-750ml.png","width":337,"height":1200,"caption":"Bret Brothers Beaujolais-Lantigni\u00e9 \"Glou des Bret\" Zen AOC 2023 750ml"},{"@type":"BreadcrumbList","@id":"https:\/\/wein-werte.com\/en\/product\/bret-brothers-beaujolais-lantignie-glou-des-bret-zen-2023-750ml\/#breadcrumb","itemListElement":[{"@type":"ListItem","position":1,"name":"Home","item":"https:\/\/wein-werte.com\/en\/"},{"@type":"ListItem","position":2,"name":"Shop Page","item":"https:\/\/wein-werte.com\/en\/shop\/"},{"@type":"ListItem","position":3,"name":"Bret Brothers | Beaujolais | Beaujolais-Lantigni\u00e9 &#8220;Glou des Bret&#8221; Zen AOC | 2023 | 750ml | bio"}]},{"@type":"WebSite","@id":"https:\/\/wein-werte.com\/de\/#website","url":"https:\/\/wein-werte.com\/de\/","name":"Wein Werte","description":"","publisher":{"@id":"https:\/\/wein-werte.com\/de\/#organization"},"potentialAction":[{"@type":"SearchAction","target":{"@type":"EntryPoint","urlTemplate":"https:\/\/wein-werte.com\/de\/?s={search_term_string}"},"query-input":{"@type":"PropertyValueSpecification","valueRequired":true,"valueName":"search_term_string"}}],"inLanguage":"en-US"},{"@type":"Organization","@id":"https:\/\/wein-werte.com\/de\/#organization","name":"Vins Fins Thorrold","url":"https:\/\/wein-werte.com\/de\/","logo":{"@type":"ImageObject","inLanguage":"en-US","@id":"https:\/\/wein-werte.com\/de\/#\/schema\/logo\/image\/","url":"https:\/\/wein-werte.com\/wp-content\/uploads\/2023\/07\/Wein_werte_Logo700-1.png","contentUrl":"https:\/\/wein-werte.com\/wp-content\/uploads\/2023\/07\/Wein_werte_Logo700-1.png","width":700,"height":272,"caption":"Vins Fins Thorrold"},"image":{"@id":"https:\/\/wein-werte.com\/de\/#\/schema\/logo\/image\/"}}]}},"_links":{"self":[{"href":"https:\/\/wein-werte.com\/en\/wp-json\/wp\/v2\/product\/1124800","targetHints":{"allow":["GET"]}}],"collection":[{"href":"https:\/\/wein-werte.com\/en\/wp-json\/wp\/v2\/product"}],"about":[{"href":"https:\/\/wein-werte.com\/en\/wp-json\/wp\/v2\/types\/product"}],"wp:featuredmedia":[{"embeddable":true,"href":"https:\/\/wein-werte.com\/en\/wp-json\/wp\/v2\/media\/1144867"}],"wp:attachment":[{"href":"https:\/\/wein-werte.com\/en\/wp-json\/wp\/v2\/media?parent=1124800"}],"wp:term":[{"taxonomy":"product_brand","embeddable":true,"href":"https:\/\/wein-werte.com\/en\/wp-json\/wp\/v2\/product_brand?post=1124800"},{"taxonomy":"product_cat","embeddable":true,"href":"https:\/\/wein-werte.com\/en\/wp-json\/wp\/v2\/product_cat?post=1124800"},{"taxonomy":"product_tag","embeddable":true,"href":"https:\/\/wein-werte.com\/en\/wp-json\/wp\/v2\/product_tag?post=1124800"}],"curies":[{"name":"wp","href":"https:\/\/api.w.org\/{rel}","templated":true}]}}