{"id":1124772,"date":"2026-05-08T20:08:07","date_gmt":"2026-05-08T18:08:07","guid":{"rendered":"https:\/\/wein-werte.com\/product\/la-soufrandiere-pouilly-vinzelles-climat-les-quarts-cuvee-millerandee-2022-1500ml\/"},"modified":"2026-05-08T20:08:08","modified_gmt":"2026-05-08T18:08:08","slug":"la-soufrandiere-pouilly-vinzelles-climat-les-quarts-cuvee-millerandee-2022-1500ml","status":"publish","type":"product","link":"https:\/\/wein-werte.com\/en\/product\/la-soufrandiere-pouilly-vinzelles-climat-les-quarts-cuvee-millerandee-2022-1500ml\/","title":{"rendered":"La Soufrandi\u00e8re | Burgundy | Pouilly-Vinzelles Climat &#8220;Les Quarts&#8221; Cuv\u00e9e Millerand\u00e9e AOC | 2022 | 1500ml | bio"},"content":{"rendered":"<p>Product description for La Soufrandi\u00e8re Pouilly-Vinzelles Climat &#8220;Les Quarts&#8221; Cuv\u00e9e Millerand\u00e9e AOC 2022 (bio)<\/p>\n<p>Since the younger generation took over the domaine, founded by their paternal grandfather in 1947, in 2000, the winery has experienced a steep and steady upward trend. The numerous accolades from the international wine press impressively confirm this development. Immediately after their launch, the young Bret brothers switched to organic and biodynamic farming and have been certified organic since 2006. They recently acquired five hectares of vineyards in various locations, all of which were already certified organic. Jean-Guillaume and Jean Philipe Bret remain constantly on the ball, constantly present in the vineyard, and leave nothing to chance. Their wines are therefore characterized by absolute reliability of the highest quality. All wines undergo malolactic fermentation and are very mineral and precise.<\/p>\n<p>Copyright Vinaturel 2025<\/p>\n<p>Keywords: <a href=\"https:\/\/wein-werte.com\/shop\/?swoof=1&#038;pa_producer=La-Soufrandi\u00e8re\">La Soufrandi\u00e8re<\/a> <a href=\"https:\/\/wein-werte.com\/shop\/?swoof=1&#038;woof_text=Pouilly-Vinzelles Climat \"Les Quarts\" Cuv\u00e9e Millerand\u00e9e AOC\">Pouilly-Vinzelles Climat &#8220;Les Quarts&#8221; Cuv\u00e9e Millerand\u00e9e AOC<\/a> 2022 bio <a href=\"https:\/\/wein-werte.com\/shop\/?swoof=1&#038;pa_region=Burgundy\">Burgundy<\/a> <a href=\"https:\/\/wein-werte.com\/shop\/?swoof=1&#038;pa_country=France\">France<\/a><\/p>\n<h3>Vinous<\/h3>\n<p>Score: 94<\/p>\n<p>The 2022 Pouilly-Vinzelles Climat Les Quarts Cuv\u00e9e Millerand\u00e9e comes from the small part of the vineyard that suffers millerandage and constitutes four or five barrels. This is a little more backward on the nose than the regular cuv\u00e9e and demands more coaxing. Pear and peach skin, lanolin and light apple blossom scents unfurl in the glass. The palate is beautifully balanced with a dash of stem ginger on the entry. It is very poised, and I love the way this crescendos towards its bravura finish that lingers long in the mouth. Outstanding.<br \/>\n &#8212; Neal Martin<br \/>Drinking window: 2026 &#8211; 2044<br \/>Review date: Aug 2024<\/p>\n<p>Producer website: <a href=\"https:\/\/www.bretbrothers.com\/lasoufrandiere.php\" target=\"_blank\">https:\/\/www.bretbrothers.com\/lasoufrandiere.php<\/a><\/p>\n","protected":false},"excerpt":{"rendered":"<p>Delivery time: 1 to 2 working days (DE), 2 to 5 working days (EU and CH)<\/p>\n","protected":false},"featured_media":1144763,"template":"","meta":[],"product_brand":[],"product_cat":[19],"product_tag":[],"class_list":{"0":"post-1124772","1":"product","2":"type-product","3":"status-publish","4":"has-post-thumbnail","6":"product_cat-unkategorisiert","7":"pa_alcohol-for-filter-13-5","8":"pa_certified-biodynamic-yes","9":"pa_certified-organic-yes","10":"pa_colour-white","11":"pa_country-france","12":"pa_grape-chardonnay","13":"pa_price-for-filter-10647","14":"pa_producer-la-soufrandiere","15":"pa_region-burgundy","16":"pa_size-ml-6657","17":"pa_sweetness-dry","18":"pa_type-2-still","19":"pa_vinous-points-for-filter-16151","20":"pa_vintage-9698","21":"entry","22":"has-media","24":"first","25":"instock","26":"taxable","27":"shipping-taxable","28":"purchasable","29":"product-type-simple"},"yoast_head":"<!-- This site is optimized with the Yoast SEO plugin v27.5 - https:\/\/yoast.com\/product\/yoast-seo-wordpress\/ -->\n<title>La Soufrandi\u00e8re Pouilly-Vinzelles Climat &quot;Les Quarts&quot; Cuv\u00e9e Millerand\u00e9e 2022, 1500ml<\/title>\n<meta name=\"description\" content=\"Buy La Soufrandi\u00e8re Pouilly-Vinzelles Climat &quot;Les Quarts&quot; Cuv\u00e9e Millerand\u00e9e 2022 - a dry Chardonnay from Burgundy, France - at Wein Werte, your sustainable online shop.\" \/>\n<meta name=\"robots\" content=\"index, follow, max-snippet:-1, max-image-preview:large, max-video-preview:-1\" \/>\n<link rel=\"canonical\" href=\"https:\/\/wein-werte.com\/en\/product\/la-soufrandiere-pouilly-vinzelles-climat-les-quarts-cuvee-millerandee-2022-1500ml\/\" \/>\n<meta property=\"og:locale\" content=\"en_US\" \/>\n<meta property=\"og:type\" content=\"article\" \/>\n<meta property=\"og:title\" content=\"La Soufrandi\u00e8re Pouilly-Vinzelles Climat &quot;Les Quarts&quot; Cuv\u00e9e Millerand\u00e9e 2022, 1500ml\" \/>\n<meta property=\"og:description\" content=\"Buy La Soufrandi\u00e8re Pouilly-Vinzelles Climat &quot;Les Quarts&quot; Cuv\u00e9e Millerand\u00e9e 2022 - a dry Chardonnay from Burgundy, France - at Wein Werte, your sustainable online shop.\" \/>\n<meta property=\"og:url\" content=\"https:\/\/wein-werte.com\/en\/product\/la-soufrandiere-pouilly-vinzelles-climat-les-quarts-cuvee-millerandee-2022-1500ml\/\" \/>\n<meta property=\"og:site_name\" content=\"Wein Werte\" \/>\n<meta property=\"article:modified_time\" content=\"2026-05-08T18:08:08+00:00\" \/>\n<meta property=\"og:image\" content=\"https:\/\/wein-werte.com\/wp-content\/uploads\/2026\/04\/La-Soufrandiere-Pouilly-Vinzelles-Climat-Les-Quarts-Cuvee-Millerandee-2022-1500ml.png\" \/>\n\t<meta property=\"og:image:width\" content=\"352\" \/>\n\t<meta property=\"og:image:height\" content=\"1200\" \/>\n\t<meta property=\"og:image:type\" content=\"image\/png\" \/>\n<meta name=\"twitter:card\" content=\"summary_large_image\" \/>\n<meta name=\"twitter:label1\" content=\"Est. reading time\" \/>\n\t<meta name=\"twitter:data1\" content=\"1 minute\" \/>\n<script type=\"application\/ld+json\" class=\"yoast-schema-graph\">{\"@context\":\"https:\\\/\\\/schema.org\",\"@graph\":[{\"@type\":\"WebPage\",\"@id\":\"https:\\\/\\\/wein-werte.com\\\/en\\\/product\\\/la-soufrandiere-pouilly-vinzelles-climat-les-quarts-cuvee-millerandee-2022-1500ml\\\/\",\"url\":\"https:\\\/\\\/wein-werte.com\\\/en\\\/product\\\/la-soufrandiere-pouilly-vinzelles-climat-les-quarts-cuvee-millerandee-2022-1500ml\\\/\",\"name\":\"La Soufrandi\u00e8re Pouilly-Vinzelles Climat \\\"Les Quarts\\\" Cuv\u00e9e Millerand\u00e9e 2022, 1500ml\",\"isPartOf\":{\"@id\":\"https:\\\/\\\/wein-werte.com\\\/de\\\/#website\"},\"primaryImageOfPage\":{\"@id\":\"https:\\\/\\\/wein-werte.com\\\/en\\\/product\\\/la-soufrandiere-pouilly-vinzelles-climat-les-quarts-cuvee-millerandee-2022-1500ml\\\/#primaryimage\"},\"image\":{\"@id\":\"https:\\\/\\\/wein-werte.com\\\/en\\\/product\\\/la-soufrandiere-pouilly-vinzelles-climat-les-quarts-cuvee-millerandee-2022-1500ml\\\/#primaryimage\"},\"thumbnailUrl\":\"https:\\\/\\\/wein-werte.com\\\/wp-content\\\/uploads\\\/2026\\\/04\\\/La-Soufrandiere-Pouilly-Vinzelles-Climat-Les-Quarts-Cuvee-Millerandee-2022-1500ml.png\",\"datePublished\":\"2026-05-08T18:08:07+00:00\",\"dateModified\":\"2026-05-08T18:08:08+00:00\",\"description\":\"Buy La Soufrandi\u00e8re Pouilly-Vinzelles Climat \\\"Les Quarts\\\" Cuv\u00e9e Millerand\u00e9e 2022 - a dry Chardonnay from Burgundy, France - at Wein Werte, your sustainable online shop.\",\"breadcrumb\":{\"@id\":\"https:\\\/\\\/wein-werte.com\\\/en\\\/product\\\/la-soufrandiere-pouilly-vinzelles-climat-les-quarts-cuvee-millerandee-2022-1500ml\\\/#breadcrumb\"},\"inLanguage\":\"en-US\",\"potentialAction\":[{\"@type\":\"ReadAction\",\"target\":[\"https:\\\/\\\/wein-werte.com\\\/en\\\/product\\\/la-soufrandiere-pouilly-vinzelles-climat-les-quarts-cuvee-millerandee-2022-1500ml\\\/\"]}]},{\"@type\":\"ImageObject\",\"inLanguage\":\"en-US\",\"@id\":\"https:\\\/\\\/wein-werte.com\\\/en\\\/product\\\/la-soufrandiere-pouilly-vinzelles-climat-les-quarts-cuvee-millerandee-2022-1500ml\\\/#primaryimage\",\"url\":\"https:\\\/\\\/wein-werte.com\\\/wp-content\\\/uploads\\\/2026\\\/04\\\/La-Soufrandiere-Pouilly-Vinzelles-Climat-Les-Quarts-Cuvee-Millerandee-2022-1500ml.png\",\"contentUrl\":\"https:\\\/\\\/wein-werte.com\\\/wp-content\\\/uploads\\\/2026\\\/04\\\/La-Soufrandiere-Pouilly-Vinzelles-Climat-Les-Quarts-Cuvee-Millerandee-2022-1500ml.png\",\"width\":352,\"height\":1200,\"caption\":\"La Soufrandi\u00e8re Pouilly-Vinzelles Climat \\\"Les Quarts\\\" Cuv\u00e9e Millerand\u00e9e AOC 2022 1500ml\"},{\"@type\":\"BreadcrumbList\",\"@id\":\"https:\\\/\\\/wein-werte.com\\\/en\\\/product\\\/la-soufrandiere-pouilly-vinzelles-climat-les-quarts-cuvee-millerandee-2022-1500ml\\\/#breadcrumb\",\"itemListElement\":[{\"@type\":\"ListItem\",\"position\":1,\"name\":\"Home\",\"item\":\"https:\\\/\\\/wein-werte.com\\\/en\\\/\"},{\"@type\":\"ListItem\",\"position\":2,\"name\":\"Shop Page\",\"item\":\"https:\\\/\\\/wein-werte.com\\\/en\\\/shop\\\/\"},{\"@type\":\"ListItem\",\"position\":3,\"name\":\"La Soufrandi\u00e8re | Burgundy | Pouilly-Vinzelles Climat &#8220;Les Quarts&#8221; Cuv\u00e9e Millerand\u00e9e AOC | 2022 | 1500ml | bio\"}]},{\"@type\":\"WebSite\",\"@id\":\"https:\\\/\\\/wein-werte.com\\\/de\\\/#website\",\"url\":\"https:\\\/\\\/wein-werte.com\\\/de\\\/\",\"name\":\"Wein Werte\",\"description\":\"\",\"publisher\":{\"@id\":\"https:\\\/\\\/wein-werte.com\\\/de\\\/#organization\"},\"potentialAction\":[{\"@type\":\"SearchAction\",\"target\":{\"@type\":\"EntryPoint\",\"urlTemplate\":\"https:\\\/\\\/wein-werte.com\\\/de\\\/?s={search_term_string}\"},\"query-input\":{\"@type\":\"PropertyValueSpecification\",\"valueRequired\":true,\"valueName\":\"search_term_string\"}}],\"inLanguage\":\"en-US\"},{\"@type\":\"Organization\",\"@id\":\"https:\\\/\\\/wein-werte.com\\\/de\\\/#organization\",\"name\":\"Vins Fins Thorrold\",\"url\":\"https:\\\/\\\/wein-werte.com\\\/de\\\/\",\"logo\":{\"@type\":\"ImageObject\",\"inLanguage\":\"en-US\",\"@id\":\"https:\\\/\\\/wein-werte.com\\\/de\\\/#\\\/schema\\\/logo\\\/image\\\/\",\"url\":\"https:\\\/\\\/wein-werte.com\\\/wp-content\\\/uploads\\\/2023\\\/07\\\/Wein_werte_Logo700-1.png\",\"contentUrl\":\"https:\\\/\\\/wein-werte.com\\\/wp-content\\\/uploads\\\/2023\\\/07\\\/Wein_werte_Logo700-1.png\",\"width\":700,\"height\":272,\"caption\":\"Vins Fins Thorrold\"},\"image\":{\"@id\":\"https:\\\/\\\/wein-werte.com\\\/de\\\/#\\\/schema\\\/logo\\\/image\\\/\"}}]}<\/script>\n<!-- \/ Yoast SEO plugin. -->","yoast_head_json":{"title":"La Soufrandi\u00e8re Pouilly-Vinzelles Climat \"Les Quarts\" Cuv\u00e9e Millerand\u00e9e 2022, 1500ml","description":"Buy La Soufrandi\u00e8re Pouilly-Vinzelles Climat \"Les Quarts\" Cuv\u00e9e Millerand\u00e9e 2022 - a dry Chardonnay from Burgundy, France - at Wein Werte, your sustainable online shop.","robots":{"index":"index","follow":"follow","max-snippet":"max-snippet:-1","max-image-preview":"max-image-preview:large","max-video-preview":"max-video-preview:-1"},"canonical":"https:\/\/wein-werte.com\/en\/product\/la-soufrandiere-pouilly-vinzelles-climat-les-quarts-cuvee-millerandee-2022-1500ml\/","og_locale":"en_US","og_type":"article","og_title":"La Soufrandi\u00e8re Pouilly-Vinzelles Climat \"Les Quarts\" Cuv\u00e9e Millerand\u00e9e 2022, 1500ml","og_description":"Buy La Soufrandi\u00e8re Pouilly-Vinzelles Climat \"Les Quarts\" Cuv\u00e9e Millerand\u00e9e 2022 - a dry Chardonnay from Burgundy, France - at Wein Werte, your sustainable online shop.","og_url":"https:\/\/wein-werte.com\/en\/product\/la-soufrandiere-pouilly-vinzelles-climat-les-quarts-cuvee-millerandee-2022-1500ml\/","og_site_name":"Wein Werte","article_modified_time":"2026-05-08T18:08:08+00:00","og_image":[{"width":352,"height":1200,"url":"https:\/\/wein-werte.com\/wp-content\/uploads\/2026\/04\/La-Soufrandiere-Pouilly-Vinzelles-Climat-Les-Quarts-Cuvee-Millerandee-2022-1500ml.png","type":"image\/png"}],"twitter_card":"summary_large_image","twitter_misc":{"Est. reading time":"1 minute"},"schema":{"@context":"https:\/\/schema.org","@graph":[{"@type":"WebPage","@id":"https:\/\/wein-werte.com\/en\/product\/la-soufrandiere-pouilly-vinzelles-climat-les-quarts-cuvee-millerandee-2022-1500ml\/","url":"https:\/\/wein-werte.com\/en\/product\/la-soufrandiere-pouilly-vinzelles-climat-les-quarts-cuvee-millerandee-2022-1500ml\/","name":"La Soufrandi\u00e8re Pouilly-Vinzelles Climat \"Les Quarts\" Cuv\u00e9e Millerand\u00e9e 2022, 1500ml","isPartOf":{"@id":"https:\/\/wein-werte.com\/de\/#website"},"primaryImageOfPage":{"@id":"https:\/\/wein-werte.com\/en\/product\/la-soufrandiere-pouilly-vinzelles-climat-les-quarts-cuvee-millerandee-2022-1500ml\/#primaryimage"},"image":{"@id":"https:\/\/wein-werte.com\/en\/product\/la-soufrandiere-pouilly-vinzelles-climat-les-quarts-cuvee-millerandee-2022-1500ml\/#primaryimage"},"thumbnailUrl":"https:\/\/wein-werte.com\/wp-content\/uploads\/2026\/04\/La-Soufrandiere-Pouilly-Vinzelles-Climat-Les-Quarts-Cuvee-Millerandee-2022-1500ml.png","datePublished":"2026-05-08T18:08:07+00:00","dateModified":"2026-05-08T18:08:08+00:00","description":"Buy La Soufrandi\u00e8re Pouilly-Vinzelles Climat \"Les Quarts\" Cuv\u00e9e Millerand\u00e9e 2022 - a dry Chardonnay from Burgundy, France - at Wein Werte, your sustainable online shop.","breadcrumb":{"@id":"https:\/\/wein-werte.com\/en\/product\/la-soufrandiere-pouilly-vinzelles-climat-les-quarts-cuvee-millerandee-2022-1500ml\/#breadcrumb"},"inLanguage":"en-US","potentialAction":[{"@type":"ReadAction","target":["https:\/\/wein-werte.com\/en\/product\/la-soufrandiere-pouilly-vinzelles-climat-les-quarts-cuvee-millerandee-2022-1500ml\/"]}]},{"@type":"ImageObject","inLanguage":"en-US","@id":"https:\/\/wein-werte.com\/en\/product\/la-soufrandiere-pouilly-vinzelles-climat-les-quarts-cuvee-millerandee-2022-1500ml\/#primaryimage","url":"https:\/\/wein-werte.com\/wp-content\/uploads\/2026\/04\/La-Soufrandiere-Pouilly-Vinzelles-Climat-Les-Quarts-Cuvee-Millerandee-2022-1500ml.png","contentUrl":"https:\/\/wein-werte.com\/wp-content\/uploads\/2026\/04\/La-Soufrandiere-Pouilly-Vinzelles-Climat-Les-Quarts-Cuvee-Millerandee-2022-1500ml.png","width":352,"height":1200,"caption":"La Soufrandi\u00e8re Pouilly-Vinzelles Climat \"Les Quarts\" Cuv\u00e9e Millerand\u00e9e AOC 2022 1500ml"},{"@type":"BreadcrumbList","@id":"https:\/\/wein-werte.com\/en\/product\/la-soufrandiere-pouilly-vinzelles-climat-les-quarts-cuvee-millerandee-2022-1500ml\/#breadcrumb","itemListElement":[{"@type":"ListItem","position":1,"name":"Home","item":"https:\/\/wein-werte.com\/en\/"},{"@type":"ListItem","position":2,"name":"Shop Page","item":"https:\/\/wein-werte.com\/en\/shop\/"},{"@type":"ListItem","position":3,"name":"La Soufrandi\u00e8re | Burgundy | Pouilly-Vinzelles Climat &#8220;Les Quarts&#8221; Cuv\u00e9e Millerand\u00e9e AOC | 2022 | 1500ml | bio"}]},{"@type":"WebSite","@id":"https:\/\/wein-werte.com\/de\/#website","url":"https:\/\/wein-werte.com\/de\/","name":"Wein Werte","description":"","publisher":{"@id":"https:\/\/wein-werte.com\/de\/#organization"},"potentialAction":[{"@type":"SearchAction","target":{"@type":"EntryPoint","urlTemplate":"https:\/\/wein-werte.com\/de\/?s={search_term_string}"},"query-input":{"@type":"PropertyValueSpecification","valueRequired":true,"valueName":"search_term_string"}}],"inLanguage":"en-US"},{"@type":"Organization","@id":"https:\/\/wein-werte.com\/de\/#organization","name":"Vins Fins Thorrold","url":"https:\/\/wein-werte.com\/de\/","logo":{"@type":"ImageObject","inLanguage":"en-US","@id":"https:\/\/wein-werte.com\/de\/#\/schema\/logo\/image\/","url":"https:\/\/wein-werte.com\/wp-content\/uploads\/2023\/07\/Wein_werte_Logo700-1.png","contentUrl":"https:\/\/wein-werte.com\/wp-content\/uploads\/2023\/07\/Wein_werte_Logo700-1.png","width":700,"height":272,"caption":"Vins Fins Thorrold"},"image":{"@id":"https:\/\/wein-werte.com\/de\/#\/schema\/logo\/image\/"}}]}},"_links":{"self":[{"href":"https:\/\/wein-werte.com\/en\/wp-json\/wp\/v2\/product\/1124772","targetHints":{"allow":["GET"]}}],"collection":[{"href":"https:\/\/wein-werte.com\/en\/wp-json\/wp\/v2\/product"}],"about":[{"href":"https:\/\/wein-werte.com\/en\/wp-json\/wp\/v2\/types\/product"}],"wp:featuredmedia":[{"embeddable":true,"href":"https:\/\/wein-werte.com\/en\/wp-json\/wp\/v2\/media\/1144763"}],"wp:attachment":[{"href":"https:\/\/wein-werte.com\/en\/wp-json\/wp\/v2\/media?parent=1124772"}],"wp:term":[{"taxonomy":"product_brand","embeddable":true,"href":"https:\/\/wein-werte.com\/en\/wp-json\/wp\/v2\/product_brand?post=1124772"},{"taxonomy":"product_cat","embeddable":true,"href":"https:\/\/wein-werte.com\/en\/wp-json\/wp\/v2\/product_cat?post=1124772"},{"taxonomy":"product_tag","embeddable":true,"href":"https:\/\/wein-werte.com\/en\/wp-json\/wp\/v2\/product_tag?post=1124772"}],"curies":[{"name":"wp","href":"https:\/\/api.w.org\/{rel}","templated":true}]}}