{"id":1124766,"date":"2026-05-12T15:55:16","date_gmt":"2026-05-12T13:55:16","guid":{"rendered":"https:\/\/wein-werte.com\/product\/la-soufrandiere-pouilly-fuisse-climat-en-chatenay-zen-2022-750ml\/"},"modified":"2026-05-13T15:16:24","modified_gmt":"2026-05-13T13:16:24","slug":"la-soufrandiere-pouilly-fuisse-climat-en-chatenay-zen-2022-750ml","status":"publish","type":"product","link":"https:\/\/wein-werte.com\/en\/product\/la-soufrandiere-pouilly-fuisse-climat-en-chatenay-zen-2022-750ml\/","title":{"rendered":"La Soufrandi\u00e8re | Burgundy | Pouilly-Fuiss\u00e9 Climat &#8220;En Chatenay&#8221; Zen AOC | 2022 | 750ml | bio"},"content":{"rendered":"<p>Product description for La Soufrandi\u00e8re Pouilly-Fuiss\u00e9 Climat &#8220;En Chatenay&#8221; Zen AOC 2022 (bio)<\/p>\n<h5>Wine Information<\/h5>\n<p> The Bret brothers cultivate a plot of just 0.69 hectares in the Climat En Chatenay in Puilly-Fuiss\u00e9. It lies at an altitude of 250 meters and faces northeast. The Bret brothers share the site with the Comtes Lafon. Located below the Roche de Vergisson, the plot is characterized by reddish-brown clay on limestone. The vines are 55 years old. The harvest took place on September 2, 2022, by hand. This was followed by whole-bunch pressing and spontaneous fermentation. The Chardonnay was then aged for 17 months, initially in used barrels and, after blending, in neutral cuv\u00e9es. 100% malolactic fermentation took place. The wine was only lightly sulfurized before bottling. The total sulphur content is 21 mg\/l. The wine has a pH of 3.17. <\/p>\n<h5>Colour<\/h5>\n<p> Light golden yellow <\/p>\n<h5>Nose<\/h5>\n<p> The Pouilly-Fuiss\u00e9 En Chatenay Cuv\u00e9e Zen smells of pastries with lemon curd, salted lemons, and green and yellow pears. Added to this are some lanolin and a slightly smoky note, along with a few lightly toasted hazelnuts. Everything appears ripe, fresh, and juicy. <\/p>\n<h5>Palate<\/h5>\n<p> On the palate, this is a juicy, bright, fresh, and lively Chardonnay with agile acidity that, together with tart, zesty, lemony notes and a hint of salt, is very mouthwatering. This is a very pure expression of Pouilly-Fuiss\u00e9 without any airs and graces, but with crystal-clear, bright aromas.<\/p>\n<p>Copyright Vinaturel 2025<\/p>\n<p>Keywords: <a href=\"https:\/\/wein-werte.com\/shop\/?swoof=1&#038;pa_producer=La-Soufrandi\u00e8re\">La Soufrandi\u00e8re<\/a> <a href=\"https:\/\/wein-werte.com\/shop\/?swoof=1&#038;woof_text=Pouilly-Fuiss\u00e9 Climat \"En Chatenay\" Zen AOC\">Pouilly-Fuiss\u00e9 Climat &#8220;En Chatenay&#8221; Zen AOC<\/a> 2022 bio <a href=\"https:\/\/wein-werte.com\/shop\/?swoof=1&#038;pa_region=Burgundy\">Burgundy<\/a> <a href=\"https:\/\/wein-werte.com\/shop\/?swoof=1&#038;pa_country=France\">France<\/a><\/p>\n<h3>Vinous<\/h3>\n<p>Score: 90<\/p>\n<p>The 2022 Pouilly-Fuiss\u00e9 Climat En Chatenay Cuv\u00e9e Zen has a little SO2 added just before bottling. I actually prefer this on the nose to the Au Vignerais cuv\u00e9e since it has more terroir expression and is fresher and more saline. The palate is well-balanced, with a twist of sour lemon mixed with orange rind on the entry. It shows fine depth but is not as viscous as the Vignerais, though I find more complexity amongst the Domaine&#8217;s Pouilly-Vinzelles this year.<br \/>\n &#8212; Neal Martin<br \/>Drinking window: 2024 &#8211; 2034<br \/>Review date: Aug 2024<\/p>\n<p>Producer website: <a href=\"https:\/\/www.bretbrothers.com\/lasoufrandiere.php\" target=\"_blank\">https:\/\/www.bretbrothers.com\/lasoufrandiere.php<\/a><\/p>\n","protected":false},"excerpt":{"rendered":"<div style=\"font-size: 14px;\">\n<p>Delivery time: 1 to 2 working days (DE), 2 to 5 working days (EU and CH)<\/p>\n<p>Approximate energy content per 125ml glass: 105 kcal<\/p>\n<\/p><\/div>\n","protected":false},"featured_media":1144751,"template":"","meta":[],"product_brand":[],"product_cat":[19],"product_tag":[],"class_list":{"0":"post-1124766","1":"product","2":"type-product","3":"status-publish","4":"has-post-thumbnail","6":"product_cat-unkategorisiert","7":"pa_alcohol-for-filter-12897","8":"pa_certified-biodynamic-yes","9":"pa_certified-organic-yes","10":"pa_colour-white","11":"pa_country-france","12":"pa_grape-chardonnay","13":"pa_price-for-filter-10629","14":"pa_producer-la-soufrandiere","15":"pa_region-burgundy","16":"pa_size-ml-6584","17":"pa_sweetness-dry","18":"pa_type-2-still","19":"pa_vinous-points-for-filter-16139","20":"pa_vintage-9698","21":"entry","22":"has-media","24":"first","25":"instock","26":"taxable","27":"shipping-taxable","28":"purchasable","29":"product-type-simple"},"yoast_head":"<!-- This site is optimized with the Yoast SEO plugin v27.6 - https:\/\/yoast.com\/product\/yoast-seo-wordpress\/ -->\n<title>La Soufrandi\u00e8re Pouilly-Fuiss\u00e9 Climat &quot;En Chatenay&quot; Zen 2022 750ml<\/title>\n<meta name=\"description\" content=\"Buy La Soufrandi\u00e8re Pouilly-Fuiss\u00e9 Climat &quot;En Chatenay&quot; Zen 2022 - a dry Chardonnay from Burgundy, France - at Wein Werte, your sustainable online shop.\" \/>\n<meta name=\"robots\" content=\"index, follow, max-snippet:-1, max-image-preview:large, max-video-preview:-1\" \/>\n<link rel=\"canonical\" href=\"https:\/\/wein-werte.com\/en\/product\/la-soufrandiere-pouilly-fuisse-climat-en-chatenay-zen-2022-750ml\/\" \/>\n<meta property=\"og:locale\" content=\"en_US\" \/>\n<meta property=\"og:type\" content=\"article\" \/>\n<meta property=\"og:title\" content=\"La Soufrandi\u00e8re Pouilly-Fuiss\u00e9 Climat &quot;En Chatenay&quot; Zen 2022 750ml\" \/>\n<meta property=\"og:description\" content=\"Buy La Soufrandi\u00e8re Pouilly-Fuiss\u00e9 Climat &quot;En Chatenay&quot; Zen 2022 - a dry Chardonnay from Burgundy, France - at Wein Werte, your sustainable online shop.\" \/>\n<meta property=\"og:url\" content=\"https:\/\/wein-werte.com\/en\/product\/la-soufrandiere-pouilly-fuisse-climat-en-chatenay-zen-2022-750ml\/\" \/>\n<meta property=\"og:site_name\" content=\"Wein Werte\" \/>\n<meta property=\"article:modified_time\" content=\"2026-05-13T13:16:24+00:00\" \/>\n<meta property=\"og:image\" content=\"https:\/\/wein-werte.com\/wp-content\/uploads\/2026\/04\/La-Soufrandiere-Pouilly-Fuisse-Climat-En-Chatenay-Zen-2022-750ml.png\" \/>\n\t<meta property=\"og:image:width\" content=\"347\" \/>\n\t<meta property=\"og:image:height\" content=\"1200\" \/>\n\t<meta property=\"og:image:type\" content=\"image\/png\" \/>\n<meta name=\"twitter:card\" content=\"summary_large_image\" \/>\n<meta name=\"twitter:label1\" content=\"Est. reading time\" \/>\n\t<meta name=\"twitter:data1\" content=\"2 minutes\" \/>\n<script type=\"application\/ld+json\" class=\"yoast-schema-graph\">{\"@context\":\"https:\\\/\\\/schema.org\",\"@graph\":[{\"@type\":\"WebPage\",\"@id\":\"https:\\\/\\\/wein-werte.com\\\/en\\\/product\\\/la-soufrandiere-pouilly-fuisse-climat-en-chatenay-zen-2022-750ml\\\/\",\"url\":\"https:\\\/\\\/wein-werte.com\\\/en\\\/product\\\/la-soufrandiere-pouilly-fuisse-climat-en-chatenay-zen-2022-750ml\\\/\",\"name\":\"La Soufrandi\u00e8re Pouilly-Fuiss\u00e9 Climat \\\"En Chatenay\\\" Zen 2022 750ml\",\"isPartOf\":{\"@id\":\"https:\\\/\\\/wein-werte.com\\\/de\\\/#website\"},\"primaryImageOfPage\":{\"@id\":\"https:\\\/\\\/wein-werte.com\\\/en\\\/product\\\/la-soufrandiere-pouilly-fuisse-climat-en-chatenay-zen-2022-750ml\\\/#primaryimage\"},\"image\":{\"@id\":\"https:\\\/\\\/wein-werte.com\\\/en\\\/product\\\/la-soufrandiere-pouilly-fuisse-climat-en-chatenay-zen-2022-750ml\\\/#primaryimage\"},\"thumbnailUrl\":\"https:\\\/\\\/wein-werte.com\\\/wp-content\\\/uploads\\\/2026\\\/04\\\/La-Soufrandiere-Pouilly-Fuisse-Climat-En-Chatenay-Zen-2022-750ml.png\",\"datePublished\":\"2026-05-12T13:55:16+00:00\",\"dateModified\":\"2026-05-13T13:16:24+00:00\",\"description\":\"Buy La Soufrandi\u00e8re Pouilly-Fuiss\u00e9 Climat \\\"En Chatenay\\\" Zen 2022 - a dry Chardonnay from Burgundy, France - at Wein Werte, your sustainable online shop.\",\"breadcrumb\":{\"@id\":\"https:\\\/\\\/wein-werte.com\\\/en\\\/product\\\/la-soufrandiere-pouilly-fuisse-climat-en-chatenay-zen-2022-750ml\\\/#breadcrumb\"},\"inLanguage\":\"en-US\",\"potentialAction\":[{\"@type\":\"ReadAction\",\"target\":[\"https:\\\/\\\/wein-werte.com\\\/en\\\/product\\\/la-soufrandiere-pouilly-fuisse-climat-en-chatenay-zen-2022-750ml\\\/\"]}]},{\"@type\":\"ImageObject\",\"inLanguage\":\"en-US\",\"@id\":\"https:\\\/\\\/wein-werte.com\\\/en\\\/product\\\/la-soufrandiere-pouilly-fuisse-climat-en-chatenay-zen-2022-750ml\\\/#primaryimage\",\"url\":\"https:\\\/\\\/wein-werte.com\\\/wp-content\\\/uploads\\\/2026\\\/04\\\/La-Soufrandiere-Pouilly-Fuisse-Climat-En-Chatenay-Zen-2022-750ml.png\",\"contentUrl\":\"https:\\\/\\\/wein-werte.com\\\/wp-content\\\/uploads\\\/2026\\\/04\\\/La-Soufrandiere-Pouilly-Fuisse-Climat-En-Chatenay-Zen-2022-750ml.png\",\"width\":347,\"height\":1200,\"caption\":\"La Soufrandi\u00e8re Pouilly-Fuiss\u00e9 Climat \\\"En Chatenay\\\" Zen AOC 2022 750ml\"},{\"@type\":\"BreadcrumbList\",\"@id\":\"https:\\\/\\\/wein-werte.com\\\/en\\\/product\\\/la-soufrandiere-pouilly-fuisse-climat-en-chatenay-zen-2022-750ml\\\/#breadcrumb\",\"itemListElement\":[{\"@type\":\"ListItem\",\"position\":1,\"name\":\"Home\",\"item\":\"https:\\\/\\\/wein-werte.com\\\/en\\\/\"},{\"@type\":\"ListItem\",\"position\":2,\"name\":\"Shop Page\",\"item\":\"https:\\\/\\\/wein-werte.com\\\/en\\\/shop\\\/\"},{\"@type\":\"ListItem\",\"position\":3,\"name\":\"La Soufrandi\u00e8re | Burgundy | Pouilly-Fuiss\u00e9 Climat &#8220;En Chatenay&#8221; Zen AOC | 2022 | 750ml | bio\"}]},{\"@type\":\"WebSite\",\"@id\":\"https:\\\/\\\/wein-werte.com\\\/de\\\/#website\",\"url\":\"https:\\\/\\\/wein-werte.com\\\/de\\\/\",\"name\":\"Wein Werte\",\"description\":\"\",\"publisher\":{\"@id\":\"https:\\\/\\\/wein-werte.com\\\/de\\\/#organization\"},\"potentialAction\":[{\"@type\":\"SearchAction\",\"target\":{\"@type\":\"EntryPoint\",\"urlTemplate\":\"https:\\\/\\\/wein-werte.com\\\/de\\\/?s={search_term_string}\"},\"query-input\":{\"@type\":\"PropertyValueSpecification\",\"valueRequired\":true,\"valueName\":\"search_term_string\"}}],\"inLanguage\":\"en-US\"},{\"@type\":\"Organization\",\"@id\":\"https:\\\/\\\/wein-werte.com\\\/de\\\/#organization\",\"name\":\"Vins Fins Thorrold\",\"url\":\"https:\\\/\\\/wein-werte.com\\\/de\\\/\",\"logo\":{\"@type\":\"ImageObject\",\"inLanguage\":\"en-US\",\"@id\":\"https:\\\/\\\/wein-werte.com\\\/de\\\/#\\\/schema\\\/logo\\\/image\\\/\",\"url\":\"https:\\\/\\\/wein-werte.com\\\/wp-content\\\/uploads\\\/2023\\\/07\\\/Wein_werte_Logo700-1.png\",\"contentUrl\":\"https:\\\/\\\/wein-werte.com\\\/wp-content\\\/uploads\\\/2023\\\/07\\\/Wein_werte_Logo700-1.png\",\"width\":700,\"height\":272,\"caption\":\"Vins Fins Thorrold\"},\"image\":{\"@id\":\"https:\\\/\\\/wein-werte.com\\\/de\\\/#\\\/schema\\\/logo\\\/image\\\/\"}}]}<\/script>\n<!-- \/ Yoast SEO plugin. -->","yoast_head_json":{"title":"La Soufrandi\u00e8re Pouilly-Fuiss\u00e9 Climat \"En Chatenay\" Zen 2022 750ml","description":"Buy La Soufrandi\u00e8re Pouilly-Fuiss\u00e9 Climat \"En Chatenay\" Zen 2022 - a dry Chardonnay from Burgundy, France - at Wein Werte, your sustainable online shop.","robots":{"index":"index","follow":"follow","max-snippet":"max-snippet:-1","max-image-preview":"max-image-preview:large","max-video-preview":"max-video-preview:-1"},"canonical":"https:\/\/wein-werte.com\/en\/product\/la-soufrandiere-pouilly-fuisse-climat-en-chatenay-zen-2022-750ml\/","og_locale":"en_US","og_type":"article","og_title":"La Soufrandi\u00e8re Pouilly-Fuiss\u00e9 Climat \"En Chatenay\" Zen 2022 750ml","og_description":"Buy La Soufrandi\u00e8re Pouilly-Fuiss\u00e9 Climat \"En Chatenay\" Zen 2022 - a dry Chardonnay from Burgundy, France - at Wein Werte, your sustainable online shop.","og_url":"https:\/\/wein-werte.com\/en\/product\/la-soufrandiere-pouilly-fuisse-climat-en-chatenay-zen-2022-750ml\/","og_site_name":"Wein Werte","article_modified_time":"2026-05-13T13:16:24+00:00","og_image":[{"width":347,"height":1200,"url":"https:\/\/wein-werte.com\/wp-content\/uploads\/2026\/04\/La-Soufrandiere-Pouilly-Fuisse-Climat-En-Chatenay-Zen-2022-750ml.png","type":"image\/png"}],"twitter_card":"summary_large_image","twitter_misc":{"Est. reading time":"2 minutes"},"schema":{"@context":"https:\/\/schema.org","@graph":[{"@type":"WebPage","@id":"https:\/\/wein-werte.com\/en\/product\/la-soufrandiere-pouilly-fuisse-climat-en-chatenay-zen-2022-750ml\/","url":"https:\/\/wein-werte.com\/en\/product\/la-soufrandiere-pouilly-fuisse-climat-en-chatenay-zen-2022-750ml\/","name":"La Soufrandi\u00e8re Pouilly-Fuiss\u00e9 Climat \"En Chatenay\" Zen 2022 750ml","isPartOf":{"@id":"https:\/\/wein-werte.com\/de\/#website"},"primaryImageOfPage":{"@id":"https:\/\/wein-werte.com\/en\/product\/la-soufrandiere-pouilly-fuisse-climat-en-chatenay-zen-2022-750ml\/#primaryimage"},"image":{"@id":"https:\/\/wein-werte.com\/en\/product\/la-soufrandiere-pouilly-fuisse-climat-en-chatenay-zen-2022-750ml\/#primaryimage"},"thumbnailUrl":"https:\/\/wein-werte.com\/wp-content\/uploads\/2026\/04\/La-Soufrandiere-Pouilly-Fuisse-Climat-En-Chatenay-Zen-2022-750ml.png","datePublished":"2026-05-12T13:55:16+00:00","dateModified":"2026-05-13T13:16:24+00:00","description":"Buy La Soufrandi\u00e8re Pouilly-Fuiss\u00e9 Climat \"En Chatenay\" Zen 2022 - a dry Chardonnay from Burgundy, France - at Wein Werte, your sustainable online shop.","breadcrumb":{"@id":"https:\/\/wein-werte.com\/en\/product\/la-soufrandiere-pouilly-fuisse-climat-en-chatenay-zen-2022-750ml\/#breadcrumb"},"inLanguage":"en-US","potentialAction":[{"@type":"ReadAction","target":["https:\/\/wein-werte.com\/en\/product\/la-soufrandiere-pouilly-fuisse-climat-en-chatenay-zen-2022-750ml\/"]}]},{"@type":"ImageObject","inLanguage":"en-US","@id":"https:\/\/wein-werte.com\/en\/product\/la-soufrandiere-pouilly-fuisse-climat-en-chatenay-zen-2022-750ml\/#primaryimage","url":"https:\/\/wein-werte.com\/wp-content\/uploads\/2026\/04\/La-Soufrandiere-Pouilly-Fuisse-Climat-En-Chatenay-Zen-2022-750ml.png","contentUrl":"https:\/\/wein-werte.com\/wp-content\/uploads\/2026\/04\/La-Soufrandiere-Pouilly-Fuisse-Climat-En-Chatenay-Zen-2022-750ml.png","width":347,"height":1200,"caption":"La Soufrandi\u00e8re Pouilly-Fuiss\u00e9 Climat \"En Chatenay\" Zen AOC 2022 750ml"},{"@type":"BreadcrumbList","@id":"https:\/\/wein-werte.com\/en\/product\/la-soufrandiere-pouilly-fuisse-climat-en-chatenay-zen-2022-750ml\/#breadcrumb","itemListElement":[{"@type":"ListItem","position":1,"name":"Home","item":"https:\/\/wein-werte.com\/en\/"},{"@type":"ListItem","position":2,"name":"Shop Page","item":"https:\/\/wein-werte.com\/en\/shop\/"},{"@type":"ListItem","position":3,"name":"La Soufrandi\u00e8re | Burgundy | Pouilly-Fuiss\u00e9 Climat &#8220;En Chatenay&#8221; Zen AOC | 2022 | 750ml | bio"}]},{"@type":"WebSite","@id":"https:\/\/wein-werte.com\/de\/#website","url":"https:\/\/wein-werte.com\/de\/","name":"Wein Werte","description":"","publisher":{"@id":"https:\/\/wein-werte.com\/de\/#organization"},"potentialAction":[{"@type":"SearchAction","target":{"@type":"EntryPoint","urlTemplate":"https:\/\/wein-werte.com\/de\/?s={search_term_string}"},"query-input":{"@type":"PropertyValueSpecification","valueRequired":true,"valueName":"search_term_string"}}],"inLanguage":"en-US"},{"@type":"Organization","@id":"https:\/\/wein-werte.com\/de\/#organization","name":"Vins Fins Thorrold","url":"https:\/\/wein-werte.com\/de\/","logo":{"@type":"ImageObject","inLanguage":"en-US","@id":"https:\/\/wein-werte.com\/de\/#\/schema\/logo\/image\/","url":"https:\/\/wein-werte.com\/wp-content\/uploads\/2023\/07\/Wein_werte_Logo700-1.png","contentUrl":"https:\/\/wein-werte.com\/wp-content\/uploads\/2023\/07\/Wein_werte_Logo700-1.png","width":700,"height":272,"caption":"Vins Fins Thorrold"},"image":{"@id":"https:\/\/wein-werte.com\/de\/#\/schema\/logo\/image\/"}}]}},"_links":{"self":[{"href":"https:\/\/wein-werte.com\/en\/wp-json\/wp\/v2\/product\/1124766","targetHints":{"allow":["GET"]}}],"collection":[{"href":"https:\/\/wein-werte.com\/en\/wp-json\/wp\/v2\/product"}],"about":[{"href":"https:\/\/wein-werte.com\/en\/wp-json\/wp\/v2\/types\/product"}],"wp:featuredmedia":[{"embeddable":true,"href":"https:\/\/wein-werte.com\/en\/wp-json\/wp\/v2\/media\/1144751"}],"wp:attachment":[{"href":"https:\/\/wein-werte.com\/en\/wp-json\/wp\/v2\/media?parent=1124766"}],"wp:term":[{"taxonomy":"product_brand","embeddable":true,"href":"https:\/\/wein-werte.com\/en\/wp-json\/wp\/v2\/product_brand?post=1124766"},{"taxonomy":"product_cat","embeddable":true,"href":"https:\/\/wein-werte.com\/en\/wp-json\/wp\/v2\/product_cat?post=1124766"},{"taxonomy":"product_tag","embeddable":true,"href":"https:\/\/wein-werte.com\/en\/wp-json\/wp\/v2\/product_tag?post=1124766"}],"curies":[{"name":"wp","href":"https:\/\/api.w.org\/{rel}","templated":true}]}}