{"id":1124734,"date":"2026-05-05T18:31:22","date_gmt":"2026-05-05T16:31:22","guid":{"rendered":"https:\/\/wein-werte.com\/product\/alta-alella-aus-puput-rose-pet-nat-2025-750ml\/"},"modified":"2026-05-05T18:31:22","modified_gmt":"2026-05-05T16:31:22","slug":"alta-alella-aus-puput-rose-pet-nat-2025-750ml","status":"publish","type":"product","link":"https:\/\/wein-werte.com\/en\/product\/alta-alella-aus-puput-rose-pet-nat-2025-750ml\/","title":{"rendered":"Alta Alella | Cava | AUS Puput Ros\u00e9 P\u00e9t-Nat, | 2025 | 750ml | bio"},"content":{"rendered":"<p>Product description for Alta Alella AUS Puput Ros\u00e9 P\u00e9t-Nat, 2025 (bio)<\/p>\n<p>Alta Alella AUS Puput Ros\u00e9 P\u00e9t-Nat 2025 is a dry ros\u00e9 sparkling wine made from Mourv\u00e8dre grapes in the Cava region of Spain.<\/p>\n<p>Keywords: <a href=\"https:\/\/wein-werte.com\/shop\/?swoof=1&#038;pa_producer=Alta-Alella\">Alta Alella<\/a> <a href=\"https:\/\/wein-werte.com\/shop\/?swoof=1&#038;woof_text=AUS Puput Ros\u00e9 P\u00e9t-Nat,\">AUS Puput Ros\u00e9 P\u00e9t-Nat,<\/a> 2025 bio <a href=\"https:\/\/wein-werte.com\/shop\/?swoof=1&#038;pa_region=Cava\">Cava<\/a> <a href=\"https:\/\/wein-werte.com\/shop\/?swoof=1&#038;pa_country=Spain\">Spain<\/a><\/p>\n<p>Producer website: <a href=\"https:\/\/altaalella.wine\/\" target=\"_blank\">https:\/\/altaalella.wine\/<\/a><\/p>\n","protected":false},"excerpt":{"rendered":"<p>Delivery time: 1 to 2 working days (DE), 2 to 5 working days (EU and CH)<\/p>\n","protected":false},"featured_media":1144647,"template":"","meta":[],"product_brand":[],"product_cat":[19],"product_tag":[],"class_list":{"0":"post-1124734","1":"product","2":"type-product","3":"status-publish","4":"has-post-thumbnail","6":"product_cat-unkategorisiert","7":"pa_alcohol-for-filter-12895","8":"pa_certified-biodynamic-no","9":"pa_certified-organic-yes","10":"pa_colour-rose","11":"pa_country-spain","12":"pa_grape-mourvedre-monastrell","13":"pa_price-for-filter-10581","14":"pa_producer-alta-alella","15":"pa_region-cava","16":"pa_size-ml-6584","17":"pa_sweetness-dry","18":"pa_type-2-pet-nat","19":"pa_vintage-16405","20":"entry","21":"has-media","23":"first","24":"instock","25":"taxable","26":"shipping-taxable","27":"purchasable","28":"product-type-simple"},"yoast_head":"<!-- This site is optimized with the Yoast SEO plugin v27.5 - https:\/\/yoast.com\/product\/yoast-seo-wordpress\/ -->\n<title>Alta Alella AUS Puput Ros\u00e9 P\u00e9t-Nat 2025<\/title>\n<meta name=\"description\" content=\"Buy Alta Alella AUS Puput Ros\u00e9 P\u00e9t-Nat 2025 - a dry Mourv\u00e8dre sparkling wine from Cava, Spain - at Wein Werte, your sustainable online shop.\" \/>\n<meta name=\"robots\" content=\"index, follow, max-snippet:-1, max-image-preview:large, max-video-preview:-1\" \/>\n<link rel=\"canonical\" href=\"https:\/\/wein-werte.com\/en\/product\/alta-alella-aus-puput-rose-pet-nat-2025-750ml\/\" \/>\n<meta property=\"og:locale\" content=\"en_US\" \/>\n<meta property=\"og:type\" content=\"article\" \/>\n<meta property=\"og:title\" content=\"Alta Alella AUS Puput Ros\u00e9 P\u00e9t-Nat 2025\" \/>\n<meta property=\"og:description\" content=\"Buy Alta Alella AUS Puput Ros\u00e9 P\u00e9t-Nat 2025 - a dry Mourv\u00e8dre sparkling wine from Cava, Spain - at Wein Werte, your sustainable online shop.\" \/>\n<meta property=\"og:url\" content=\"https:\/\/wein-werte.com\/en\/product\/alta-alella-aus-puput-rose-pet-nat-2025-750ml\/\" \/>\n<meta property=\"og:site_name\" content=\"Wein Werte\" \/>\n<meta property=\"og:image\" content=\"https:\/\/wein-werte.com\/wp-content\/uploads\/2026\/04\/Alta-Alella-AUS-Puput-Rose-Pet-Nat-2025-750ml.png\" \/>\n\t<meta property=\"og:image:width\" content=\"321\" \/>\n\t<meta property=\"og:image:height\" content=\"1200\" \/>\n\t<meta property=\"og:image:type\" content=\"image\/png\" \/>\n<meta name=\"twitter:card\" content=\"summary_large_image\" \/>\n<script type=\"application\/ld+json\" class=\"yoast-schema-graph\">{\"@context\":\"https:\\\/\\\/schema.org\",\"@graph\":[{\"@type\":\"WebPage\",\"@id\":\"https:\\\/\\\/wein-werte.com\\\/en\\\/product\\\/alta-alella-aus-puput-rose-pet-nat-2025-750ml\\\/\",\"url\":\"https:\\\/\\\/wein-werte.com\\\/en\\\/product\\\/alta-alella-aus-puput-rose-pet-nat-2025-750ml\\\/\",\"name\":\"Alta Alella AUS Puput Ros\u00e9 P\u00e9t-Nat 2025\",\"isPartOf\":{\"@id\":\"https:\\\/\\\/wein-werte.com\\\/de\\\/#website\"},\"primaryImageOfPage\":{\"@id\":\"https:\\\/\\\/wein-werte.com\\\/en\\\/product\\\/alta-alella-aus-puput-rose-pet-nat-2025-750ml\\\/#primaryimage\"},\"image\":{\"@id\":\"https:\\\/\\\/wein-werte.com\\\/en\\\/product\\\/alta-alella-aus-puput-rose-pet-nat-2025-750ml\\\/#primaryimage\"},\"thumbnailUrl\":\"https:\\\/\\\/wein-werte.com\\\/wp-content\\\/uploads\\\/2026\\\/04\\\/Alta-Alella-AUS-Puput-Rose-Pet-Nat-2025-750ml.png\",\"datePublished\":\"2026-05-05T16:31:22+00:00\",\"description\":\"Buy Alta Alella AUS Puput Ros\u00e9 P\u00e9t-Nat 2025 - a dry Mourv\u00e8dre sparkling wine from Cava, Spain - at Wein Werte, your sustainable online shop.\",\"breadcrumb\":{\"@id\":\"https:\\\/\\\/wein-werte.com\\\/en\\\/product\\\/alta-alella-aus-puput-rose-pet-nat-2025-750ml\\\/#breadcrumb\"},\"inLanguage\":\"en-US\",\"potentialAction\":[{\"@type\":\"ReadAction\",\"target\":[\"https:\\\/\\\/wein-werte.com\\\/en\\\/product\\\/alta-alella-aus-puput-rose-pet-nat-2025-750ml\\\/\"]}]},{\"@type\":\"ImageObject\",\"inLanguage\":\"en-US\",\"@id\":\"https:\\\/\\\/wein-werte.com\\\/en\\\/product\\\/alta-alella-aus-puput-rose-pet-nat-2025-750ml\\\/#primaryimage\",\"url\":\"https:\\\/\\\/wein-werte.com\\\/wp-content\\\/uploads\\\/2026\\\/04\\\/Alta-Alella-AUS-Puput-Rose-Pet-Nat-2025-750ml.png\",\"contentUrl\":\"https:\\\/\\\/wein-werte.com\\\/wp-content\\\/uploads\\\/2026\\\/04\\\/Alta-Alella-AUS-Puput-Rose-Pet-Nat-2025-750ml.png\",\"width\":321,\"height\":1200,\"caption\":\"Alta Alella AUS Puput Ros\u00e9 P\u00e9t-Nat, 2025 750ml\"},{\"@type\":\"BreadcrumbList\",\"@id\":\"https:\\\/\\\/wein-werte.com\\\/en\\\/product\\\/alta-alella-aus-puput-rose-pet-nat-2025-750ml\\\/#breadcrumb\",\"itemListElement\":[{\"@type\":\"ListItem\",\"position\":1,\"name\":\"Home\",\"item\":\"https:\\\/\\\/wein-werte.com\\\/en\\\/\"},{\"@type\":\"ListItem\",\"position\":2,\"name\":\"Shop Page\",\"item\":\"https:\\\/\\\/wein-werte.com\\\/en\\\/shop\\\/\"},{\"@type\":\"ListItem\",\"position\":3,\"name\":\"Alta Alella | Cava | AUS Puput Ros\u00e9 P\u00e9t-Nat, | 2025 | 750ml | bio\"}]},{\"@type\":\"WebSite\",\"@id\":\"https:\\\/\\\/wein-werte.com\\\/de\\\/#website\",\"url\":\"https:\\\/\\\/wein-werte.com\\\/de\\\/\",\"name\":\"Wein Werte\",\"description\":\"\",\"publisher\":{\"@id\":\"https:\\\/\\\/wein-werte.com\\\/de\\\/#organization\"},\"potentialAction\":[{\"@type\":\"SearchAction\",\"target\":{\"@type\":\"EntryPoint\",\"urlTemplate\":\"https:\\\/\\\/wein-werte.com\\\/de\\\/?s={search_term_string}\"},\"query-input\":{\"@type\":\"PropertyValueSpecification\",\"valueRequired\":true,\"valueName\":\"search_term_string\"}}],\"inLanguage\":\"en-US\"},{\"@type\":\"Organization\",\"@id\":\"https:\\\/\\\/wein-werte.com\\\/de\\\/#organization\",\"name\":\"Vins Fins Thorrold\",\"url\":\"https:\\\/\\\/wein-werte.com\\\/de\\\/\",\"logo\":{\"@type\":\"ImageObject\",\"inLanguage\":\"en-US\",\"@id\":\"https:\\\/\\\/wein-werte.com\\\/de\\\/#\\\/schema\\\/logo\\\/image\\\/\",\"url\":\"https:\\\/\\\/wein-werte.com\\\/wp-content\\\/uploads\\\/2023\\\/07\\\/Wein_werte_Logo700-1.png\",\"contentUrl\":\"https:\\\/\\\/wein-werte.com\\\/wp-content\\\/uploads\\\/2023\\\/07\\\/Wein_werte_Logo700-1.png\",\"width\":700,\"height\":272,\"caption\":\"Vins Fins Thorrold\"},\"image\":{\"@id\":\"https:\\\/\\\/wein-werte.com\\\/de\\\/#\\\/schema\\\/logo\\\/image\\\/\"}}]}<\/script>\n<!-- \/ Yoast SEO plugin. -->","yoast_head_json":{"title":"Alta Alella AUS Puput Ros\u00e9 P\u00e9t-Nat 2025","description":"Buy Alta Alella AUS Puput Ros\u00e9 P\u00e9t-Nat 2025 - a dry Mourv\u00e8dre sparkling wine from Cava, Spain - at Wein Werte, your sustainable online shop.","robots":{"index":"index","follow":"follow","max-snippet":"max-snippet:-1","max-image-preview":"max-image-preview:large","max-video-preview":"max-video-preview:-1"},"canonical":"https:\/\/wein-werte.com\/en\/product\/alta-alella-aus-puput-rose-pet-nat-2025-750ml\/","og_locale":"en_US","og_type":"article","og_title":"Alta Alella AUS Puput Ros\u00e9 P\u00e9t-Nat 2025","og_description":"Buy Alta Alella AUS Puput Ros\u00e9 P\u00e9t-Nat 2025 - a dry Mourv\u00e8dre sparkling wine from Cava, Spain - at Wein Werte, your sustainable online shop.","og_url":"https:\/\/wein-werte.com\/en\/product\/alta-alella-aus-puput-rose-pet-nat-2025-750ml\/","og_site_name":"Wein Werte","og_image":[{"width":321,"height":1200,"url":"https:\/\/wein-werte.com\/wp-content\/uploads\/2026\/04\/Alta-Alella-AUS-Puput-Rose-Pet-Nat-2025-750ml.png","type":"image\/png"}],"twitter_card":"summary_large_image","schema":{"@context":"https:\/\/schema.org","@graph":[{"@type":"WebPage","@id":"https:\/\/wein-werte.com\/en\/product\/alta-alella-aus-puput-rose-pet-nat-2025-750ml\/","url":"https:\/\/wein-werte.com\/en\/product\/alta-alella-aus-puput-rose-pet-nat-2025-750ml\/","name":"Alta Alella AUS Puput Ros\u00e9 P\u00e9t-Nat 2025","isPartOf":{"@id":"https:\/\/wein-werte.com\/de\/#website"},"primaryImageOfPage":{"@id":"https:\/\/wein-werte.com\/en\/product\/alta-alella-aus-puput-rose-pet-nat-2025-750ml\/#primaryimage"},"image":{"@id":"https:\/\/wein-werte.com\/en\/product\/alta-alella-aus-puput-rose-pet-nat-2025-750ml\/#primaryimage"},"thumbnailUrl":"https:\/\/wein-werte.com\/wp-content\/uploads\/2026\/04\/Alta-Alella-AUS-Puput-Rose-Pet-Nat-2025-750ml.png","datePublished":"2026-05-05T16:31:22+00:00","description":"Buy Alta Alella AUS Puput Ros\u00e9 P\u00e9t-Nat 2025 - a dry Mourv\u00e8dre sparkling wine from Cava, Spain - at Wein Werte, your sustainable online shop.","breadcrumb":{"@id":"https:\/\/wein-werte.com\/en\/product\/alta-alella-aus-puput-rose-pet-nat-2025-750ml\/#breadcrumb"},"inLanguage":"en-US","potentialAction":[{"@type":"ReadAction","target":["https:\/\/wein-werte.com\/en\/product\/alta-alella-aus-puput-rose-pet-nat-2025-750ml\/"]}]},{"@type":"ImageObject","inLanguage":"en-US","@id":"https:\/\/wein-werte.com\/en\/product\/alta-alella-aus-puput-rose-pet-nat-2025-750ml\/#primaryimage","url":"https:\/\/wein-werte.com\/wp-content\/uploads\/2026\/04\/Alta-Alella-AUS-Puput-Rose-Pet-Nat-2025-750ml.png","contentUrl":"https:\/\/wein-werte.com\/wp-content\/uploads\/2026\/04\/Alta-Alella-AUS-Puput-Rose-Pet-Nat-2025-750ml.png","width":321,"height":1200,"caption":"Alta Alella AUS Puput Ros\u00e9 P\u00e9t-Nat, 2025 750ml"},{"@type":"BreadcrumbList","@id":"https:\/\/wein-werte.com\/en\/product\/alta-alella-aus-puput-rose-pet-nat-2025-750ml\/#breadcrumb","itemListElement":[{"@type":"ListItem","position":1,"name":"Home","item":"https:\/\/wein-werte.com\/en\/"},{"@type":"ListItem","position":2,"name":"Shop Page","item":"https:\/\/wein-werte.com\/en\/shop\/"},{"@type":"ListItem","position":3,"name":"Alta Alella | Cava | AUS Puput Ros\u00e9 P\u00e9t-Nat, | 2025 | 750ml | bio"}]},{"@type":"WebSite","@id":"https:\/\/wein-werte.com\/de\/#website","url":"https:\/\/wein-werte.com\/de\/","name":"Wein Werte","description":"","publisher":{"@id":"https:\/\/wein-werte.com\/de\/#organization"},"potentialAction":[{"@type":"SearchAction","target":{"@type":"EntryPoint","urlTemplate":"https:\/\/wein-werte.com\/de\/?s={search_term_string}"},"query-input":{"@type":"PropertyValueSpecification","valueRequired":true,"valueName":"search_term_string"}}],"inLanguage":"en-US"},{"@type":"Organization","@id":"https:\/\/wein-werte.com\/de\/#organization","name":"Vins Fins Thorrold","url":"https:\/\/wein-werte.com\/de\/","logo":{"@type":"ImageObject","inLanguage":"en-US","@id":"https:\/\/wein-werte.com\/de\/#\/schema\/logo\/image\/","url":"https:\/\/wein-werte.com\/wp-content\/uploads\/2023\/07\/Wein_werte_Logo700-1.png","contentUrl":"https:\/\/wein-werte.com\/wp-content\/uploads\/2023\/07\/Wein_werte_Logo700-1.png","width":700,"height":272,"caption":"Vins Fins Thorrold"},"image":{"@id":"https:\/\/wein-werte.com\/de\/#\/schema\/logo\/image\/"}}]}},"_links":{"self":[{"href":"https:\/\/wein-werte.com\/en\/wp-json\/wp\/v2\/product\/1124734","targetHints":{"allow":["GET"]}}],"collection":[{"href":"https:\/\/wein-werte.com\/en\/wp-json\/wp\/v2\/product"}],"about":[{"href":"https:\/\/wein-werte.com\/en\/wp-json\/wp\/v2\/types\/product"}],"wp:featuredmedia":[{"embeddable":true,"href":"https:\/\/wein-werte.com\/en\/wp-json\/wp\/v2\/media\/1144647"}],"wp:attachment":[{"href":"https:\/\/wein-werte.com\/en\/wp-json\/wp\/v2\/media?parent=1124734"}],"wp:term":[{"taxonomy":"product_brand","embeddable":true,"href":"https:\/\/wein-werte.com\/en\/wp-json\/wp\/v2\/product_brand?post=1124734"},{"taxonomy":"product_cat","embeddable":true,"href":"https:\/\/wein-werte.com\/en\/wp-json\/wp\/v2\/product_cat?post=1124734"},{"taxonomy":"product_tag","embeddable":true,"href":"https:\/\/wein-werte.com\/en\/wp-json\/wp\/v2\/product_tag?post=1124734"}],"curies":[{"name":"wp","href":"https:\/\/api.w.org\/{rel}","templated":true}]}}