{"id":1124682,"date":"2026-05-12T15:54:04","date_gmt":"2026-05-12T13:54:04","guid":{"rendered":"https:\/\/wein-werte.com\/product\/artuke-trascuevas-2021-750ml\/"},"modified":"2026-05-13T15:16:08","modified_gmt":"2026-05-13T13:16:08","slug":"artuke-trascuevas-2021-750ml","status":"publish","type":"product","link":"https:\/\/wein-werte.com\/en\/product\/artuke-trascuevas-2021-750ml\/","title":{"rendered":"Artuke | Rioja | Trascuevas | 2021 | 750ml | bio"},"content":{"rendered":"<p>Product description for Artuke Trascuevas 2021 (bio)<\/p>\n<h5>Wine Information<\/h5>\n<p> High-quality white wines from Rioja are making a comeback. The Trascuevas is a great example of this development. It is the only white wine in the Artuke winery&#8217;s portfolio, and 2021 is only the second vintage. It is 90 percent Viura (Macabeo) and contains small amounts of Malvasia Riojana and Palomino Fino. The grapes come from various vineyards in the Rioja Alavesa and from bush-trained vines over 50 years old. The wine matures for 10 months in 500-liter French oak barrels. Part of the wine is also aged in concrete tanks. <\/p>\n<h5>Colour<\/h5>\n<p> Light yellow <\/p>\n<h5>Nose<\/h5>\n<p> The nose has a predominantly floral character and is overall complex. In addition to white blossoms, there are notes of apple and brioche, typical of Viura aged in barrels and on the fine lees. The bouquet is beautifully balanced and intense. <\/p>\n<h5>Palate<\/h5>\n<p> The attack on the palate is powerful and spicy, and the Trascuevas 2021 feels silky and creamy in the mouth. The smooth texture envelops the rich body and lends the wine great elegance. The wood is superbly integrated, adding complexity to the wine without masking it. The super-juicy finish is particularly stimulating, with notes of red grapefruit that are very citrusy and crisp. This subtle tartness and juicy freshness make you want the next sip. All in all, Trascuevas 2021 is a great blend of new and traditional Rioja styles. The former focuses on freshness and drinkability, the latter on micro-oxidation and complexity through barrel aging.<\/p>\n<p>Copyright Vinaturel 2025<\/p>\n<p>Keywords: <a href=\"https:\/\/wein-werte.com\/shop\/?swoof=1&#038;pa_producer=Artuke\">Artuke<\/a> <a href=\"https:\/\/wein-werte.com\/shop\/?swoof=1&#038;woof_text=Trascuevas\">Trascuevas<\/a> 2021 bio <a href=\"https:\/\/wein-werte.com\/shop\/?swoof=1&#038;pa_region=Rioja\">Rioja<\/a> <a href=\"https:\/\/wein-werte.com\/shop\/?swoof=1&#038;pa_country=Spain\">Spain<\/a><\/p>\n<h3>Wine Advocate<\/h3>\n<p>Score: 94<\/p>\n<p>The first white I tasted from Artuke is the 2021 Trascuevas Blanco, a blend of 90% Viura with 5% each Malvas\u00eda Riojana and Palomino Fino from three vineyards in the villages of Ba\u00f1os de Ebro, Samaniego and \u00c1balos. The clusters were pressed, and the juice fermented with indigenous yeasts. The wine matured in similar proportions in 600-liter oak foudres and concrete tanks for 11 months. It&#8217;s expressive, clean and balanced, modern but with clear Rioja typicity, a little balsamic and spicy. It&#8217;s serious, very balanced and fresh, super tasty and with a chalky sensation in the finish. It has 13.1% alcohol and has a low pH of 3.04. 4,000 bottles produced. It was bottled in August 2022.<br \/>Luis Guti\u00e9rrez<\/p>\n<p>Producer website: <a href=\"https:\/\/www.artuke.com\/\" target=\"_blank\">https:\/\/www.artuke.com\/<\/a><\/p>\n","protected":false},"excerpt":{"rendered":"<div style=\"font-size: 14px;\">\n<p>Delivery time: 1 to 2 working days (DE), 2 to 5 working days (EU and CH)<\/p>\n<p>Approximate energy content per 125ml glass: 105 kcal<\/p>\n<\/p><\/div>\n","protected":false},"featured_media":1144457,"template":"","meta":[],"product_brand":[],"product_cat":[19],"product_tag":[],"class_list":{"0":"post-1124682","1":"product","2":"type-product","3":"status-publish","4":"has-post-thumbnail","6":"product_cat-unkategorisiert","7":"pa_alcohol-for-filter-12897","8":"pa_certified-biodynamic-no","9":"pa_certified-organic-yes","10":"pa_colour-white","11":"pa_country-spain","12":"pa_grape-viura-blend","13":"pa_parker-points-for-filter-16143","14":"pa_price-for-filter-10611","15":"pa_producer-artuke","16":"pa_region-rioja","17":"pa_size-ml-6584","18":"pa_sweetness-dry","19":"pa_type-2-still","20":"pa_vintage-6634","21":"entry","22":"has-media","24":"first","25":"instock","26":"taxable","27":"shipping-taxable","28":"purchasable","29":"product-type-simple"},"yoast_head":"<!-- This site is optimized with the Yoast SEO plugin v27.6 - https:\/\/yoast.com\/product\/yoast-seo-wordpress\/ -->\n<title>Artuke Trascuevas 2021 750ml<\/title>\n<meta name=\"description\" content=\"Buy Artuke Trascuevas 2021 - a dry Viura blend from Rioja, Spain - at Wein Werte, your sustainable online shop.\" \/>\n<meta name=\"robots\" content=\"index, follow, max-snippet:-1, max-image-preview:large, max-video-preview:-1\" \/>\n<link rel=\"canonical\" href=\"https:\/\/wein-werte.com\/en\/product\/artuke-trascuevas-2021-750ml\/\" \/>\n<meta property=\"og:locale\" content=\"en_US\" \/>\n<meta property=\"og:type\" content=\"article\" \/>\n<meta property=\"og:title\" content=\"Artuke Trascuevas 2021 750ml\" \/>\n<meta property=\"og:description\" content=\"Buy Artuke Trascuevas 2021 - a dry Viura blend from Rioja, Spain - at Wein Werte, your sustainable online shop.\" \/>\n<meta property=\"og:url\" content=\"https:\/\/wein-werte.com\/en\/product\/artuke-trascuevas-2021-750ml\/\" \/>\n<meta property=\"og:site_name\" content=\"Wein Werte\" \/>\n<meta property=\"article:modified_time\" content=\"2026-05-13T13:16:08+00:00\" \/>\n<meta property=\"og:image\" content=\"https:\/\/wein-werte.com\/wp-content\/uploads\/2026\/04\/Artuke-Trascuevas-2021-750ml.png\" \/>\n\t<meta property=\"og:image:width\" content=\"321\" \/>\n\t<meta property=\"og:image:height\" content=\"1200\" \/>\n\t<meta property=\"og:image:type\" content=\"image\/png\" \/>\n<meta name=\"twitter:card\" content=\"summary_large_image\" \/>\n<meta name=\"twitter:label1\" content=\"Est. reading time\" \/>\n\t<meta name=\"twitter:data1\" content=\"2 minutes\" \/>\n<script type=\"application\/ld+json\" class=\"yoast-schema-graph\">{\"@context\":\"https:\\\/\\\/schema.org\",\"@graph\":[{\"@type\":\"WebPage\",\"@id\":\"https:\\\/\\\/wein-werte.com\\\/en\\\/product\\\/artuke-trascuevas-2021-750ml\\\/\",\"url\":\"https:\\\/\\\/wein-werte.com\\\/en\\\/product\\\/artuke-trascuevas-2021-750ml\\\/\",\"name\":\"Artuke Trascuevas 2021 750ml\",\"isPartOf\":{\"@id\":\"https:\\\/\\\/wein-werte.com\\\/de\\\/#website\"},\"primaryImageOfPage\":{\"@id\":\"https:\\\/\\\/wein-werte.com\\\/en\\\/product\\\/artuke-trascuevas-2021-750ml\\\/#primaryimage\"},\"image\":{\"@id\":\"https:\\\/\\\/wein-werte.com\\\/en\\\/product\\\/artuke-trascuevas-2021-750ml\\\/#primaryimage\"},\"thumbnailUrl\":\"https:\\\/\\\/wein-werte.com\\\/wp-content\\\/uploads\\\/2026\\\/04\\\/Artuke-Trascuevas-2021-750ml.png\",\"datePublished\":\"2026-05-12T13:54:04+00:00\",\"dateModified\":\"2026-05-13T13:16:08+00:00\",\"description\":\"Buy Artuke Trascuevas 2021 - a dry Viura blend from Rioja, Spain - at Wein Werte, your sustainable online shop.\",\"breadcrumb\":{\"@id\":\"https:\\\/\\\/wein-werte.com\\\/en\\\/product\\\/artuke-trascuevas-2021-750ml\\\/#breadcrumb\"},\"inLanguage\":\"en-US\",\"potentialAction\":[{\"@type\":\"ReadAction\",\"target\":[\"https:\\\/\\\/wein-werte.com\\\/en\\\/product\\\/artuke-trascuevas-2021-750ml\\\/\"]}]},{\"@type\":\"ImageObject\",\"inLanguage\":\"en-US\",\"@id\":\"https:\\\/\\\/wein-werte.com\\\/en\\\/product\\\/artuke-trascuevas-2021-750ml\\\/#primaryimage\",\"url\":\"https:\\\/\\\/wein-werte.com\\\/wp-content\\\/uploads\\\/2026\\\/04\\\/Artuke-Trascuevas-2021-750ml.png\",\"contentUrl\":\"https:\\\/\\\/wein-werte.com\\\/wp-content\\\/uploads\\\/2026\\\/04\\\/Artuke-Trascuevas-2021-750ml.png\",\"width\":321,\"height\":1200,\"caption\":\"Artuke Trascuevas 2021 750ml\"},{\"@type\":\"BreadcrumbList\",\"@id\":\"https:\\\/\\\/wein-werte.com\\\/en\\\/product\\\/artuke-trascuevas-2021-750ml\\\/#breadcrumb\",\"itemListElement\":[{\"@type\":\"ListItem\",\"position\":1,\"name\":\"Home\",\"item\":\"https:\\\/\\\/wein-werte.com\\\/en\\\/\"},{\"@type\":\"ListItem\",\"position\":2,\"name\":\"Shop Page\",\"item\":\"https:\\\/\\\/wein-werte.com\\\/en\\\/shop\\\/\"},{\"@type\":\"ListItem\",\"position\":3,\"name\":\"Artuke | Rioja | Trascuevas | 2021 | 750ml | bio\"}]},{\"@type\":\"WebSite\",\"@id\":\"https:\\\/\\\/wein-werte.com\\\/de\\\/#website\",\"url\":\"https:\\\/\\\/wein-werte.com\\\/de\\\/\",\"name\":\"Wein Werte\",\"description\":\"\",\"publisher\":{\"@id\":\"https:\\\/\\\/wein-werte.com\\\/de\\\/#organization\"},\"potentialAction\":[{\"@type\":\"SearchAction\",\"target\":{\"@type\":\"EntryPoint\",\"urlTemplate\":\"https:\\\/\\\/wein-werte.com\\\/de\\\/?s={search_term_string}\"},\"query-input\":{\"@type\":\"PropertyValueSpecification\",\"valueRequired\":true,\"valueName\":\"search_term_string\"}}],\"inLanguage\":\"en-US\"},{\"@type\":\"Organization\",\"@id\":\"https:\\\/\\\/wein-werte.com\\\/de\\\/#organization\",\"name\":\"Vins Fins Thorrold\",\"url\":\"https:\\\/\\\/wein-werte.com\\\/de\\\/\",\"logo\":{\"@type\":\"ImageObject\",\"inLanguage\":\"en-US\",\"@id\":\"https:\\\/\\\/wein-werte.com\\\/de\\\/#\\\/schema\\\/logo\\\/image\\\/\",\"url\":\"https:\\\/\\\/wein-werte.com\\\/wp-content\\\/uploads\\\/2023\\\/07\\\/Wein_werte_Logo700-1.png\",\"contentUrl\":\"https:\\\/\\\/wein-werte.com\\\/wp-content\\\/uploads\\\/2023\\\/07\\\/Wein_werte_Logo700-1.png\",\"width\":700,\"height\":272,\"caption\":\"Vins Fins Thorrold\"},\"image\":{\"@id\":\"https:\\\/\\\/wein-werte.com\\\/de\\\/#\\\/schema\\\/logo\\\/image\\\/\"}}]}<\/script>\n<!-- \/ Yoast SEO plugin. -->","yoast_head_json":{"title":"Artuke Trascuevas 2021 750ml","description":"Buy Artuke Trascuevas 2021 - a dry Viura blend from Rioja, Spain - at Wein Werte, your sustainable online shop.","robots":{"index":"index","follow":"follow","max-snippet":"max-snippet:-1","max-image-preview":"max-image-preview:large","max-video-preview":"max-video-preview:-1"},"canonical":"https:\/\/wein-werte.com\/en\/product\/artuke-trascuevas-2021-750ml\/","og_locale":"en_US","og_type":"article","og_title":"Artuke Trascuevas 2021 750ml","og_description":"Buy Artuke Trascuevas 2021 - a dry Viura blend from Rioja, Spain - at Wein Werte, your sustainable online shop.","og_url":"https:\/\/wein-werte.com\/en\/product\/artuke-trascuevas-2021-750ml\/","og_site_name":"Wein Werte","article_modified_time":"2026-05-13T13:16:08+00:00","og_image":[{"width":321,"height":1200,"url":"https:\/\/wein-werte.com\/wp-content\/uploads\/2026\/04\/Artuke-Trascuevas-2021-750ml.png","type":"image\/png"}],"twitter_card":"summary_large_image","twitter_misc":{"Est. reading time":"2 minutes"},"schema":{"@context":"https:\/\/schema.org","@graph":[{"@type":"WebPage","@id":"https:\/\/wein-werte.com\/en\/product\/artuke-trascuevas-2021-750ml\/","url":"https:\/\/wein-werte.com\/en\/product\/artuke-trascuevas-2021-750ml\/","name":"Artuke Trascuevas 2021 750ml","isPartOf":{"@id":"https:\/\/wein-werte.com\/de\/#website"},"primaryImageOfPage":{"@id":"https:\/\/wein-werte.com\/en\/product\/artuke-trascuevas-2021-750ml\/#primaryimage"},"image":{"@id":"https:\/\/wein-werte.com\/en\/product\/artuke-trascuevas-2021-750ml\/#primaryimage"},"thumbnailUrl":"https:\/\/wein-werte.com\/wp-content\/uploads\/2026\/04\/Artuke-Trascuevas-2021-750ml.png","datePublished":"2026-05-12T13:54:04+00:00","dateModified":"2026-05-13T13:16:08+00:00","description":"Buy Artuke Trascuevas 2021 - a dry Viura blend from Rioja, Spain - at Wein Werte, your sustainable online shop.","breadcrumb":{"@id":"https:\/\/wein-werte.com\/en\/product\/artuke-trascuevas-2021-750ml\/#breadcrumb"},"inLanguage":"en-US","potentialAction":[{"@type":"ReadAction","target":["https:\/\/wein-werte.com\/en\/product\/artuke-trascuevas-2021-750ml\/"]}]},{"@type":"ImageObject","inLanguage":"en-US","@id":"https:\/\/wein-werte.com\/en\/product\/artuke-trascuevas-2021-750ml\/#primaryimage","url":"https:\/\/wein-werte.com\/wp-content\/uploads\/2026\/04\/Artuke-Trascuevas-2021-750ml.png","contentUrl":"https:\/\/wein-werte.com\/wp-content\/uploads\/2026\/04\/Artuke-Trascuevas-2021-750ml.png","width":321,"height":1200,"caption":"Artuke Trascuevas 2021 750ml"},{"@type":"BreadcrumbList","@id":"https:\/\/wein-werte.com\/en\/product\/artuke-trascuevas-2021-750ml\/#breadcrumb","itemListElement":[{"@type":"ListItem","position":1,"name":"Home","item":"https:\/\/wein-werte.com\/en\/"},{"@type":"ListItem","position":2,"name":"Shop Page","item":"https:\/\/wein-werte.com\/en\/shop\/"},{"@type":"ListItem","position":3,"name":"Artuke | Rioja | Trascuevas | 2021 | 750ml | bio"}]},{"@type":"WebSite","@id":"https:\/\/wein-werte.com\/de\/#website","url":"https:\/\/wein-werte.com\/de\/","name":"Wein Werte","description":"","publisher":{"@id":"https:\/\/wein-werte.com\/de\/#organization"},"potentialAction":[{"@type":"SearchAction","target":{"@type":"EntryPoint","urlTemplate":"https:\/\/wein-werte.com\/de\/?s={search_term_string}"},"query-input":{"@type":"PropertyValueSpecification","valueRequired":true,"valueName":"search_term_string"}}],"inLanguage":"en-US"},{"@type":"Organization","@id":"https:\/\/wein-werte.com\/de\/#organization","name":"Vins Fins Thorrold","url":"https:\/\/wein-werte.com\/de\/","logo":{"@type":"ImageObject","inLanguage":"en-US","@id":"https:\/\/wein-werte.com\/de\/#\/schema\/logo\/image\/","url":"https:\/\/wein-werte.com\/wp-content\/uploads\/2023\/07\/Wein_werte_Logo700-1.png","contentUrl":"https:\/\/wein-werte.com\/wp-content\/uploads\/2023\/07\/Wein_werte_Logo700-1.png","width":700,"height":272,"caption":"Vins Fins Thorrold"},"image":{"@id":"https:\/\/wein-werte.com\/de\/#\/schema\/logo\/image\/"}}]}},"_links":{"self":[{"href":"https:\/\/wein-werte.com\/en\/wp-json\/wp\/v2\/product\/1124682","targetHints":{"allow":["GET"]}}],"collection":[{"href":"https:\/\/wein-werte.com\/en\/wp-json\/wp\/v2\/product"}],"about":[{"href":"https:\/\/wein-werte.com\/en\/wp-json\/wp\/v2\/types\/product"}],"wp:featuredmedia":[{"embeddable":true,"href":"https:\/\/wein-werte.com\/en\/wp-json\/wp\/v2\/media\/1144457"}],"wp:attachment":[{"href":"https:\/\/wein-werte.com\/en\/wp-json\/wp\/v2\/media?parent=1124682"}],"wp:term":[{"taxonomy":"product_brand","embeddable":true,"href":"https:\/\/wein-werte.com\/en\/wp-json\/wp\/v2\/product_brand?post=1124682"},{"taxonomy":"product_cat","embeddable":true,"href":"https:\/\/wein-werte.com\/en\/wp-json\/wp\/v2\/product_cat?post=1124682"},{"taxonomy":"product_tag","embeddable":true,"href":"https:\/\/wein-werte.com\/en\/wp-json\/wp\/v2\/product_tag?post=1124682"}],"curies":[{"name":"wp","href":"https:\/\/api.w.org\/{rel}","templated":true}]}}