{"id":1124651,"date":"2026-05-08T20:06:29","date_gmt":"2026-05-08T18:06:29","guid":{"rendered":"https:\/\/wein-werte.com\/product\/el-seque-el-seque-2021-1500ml\/"},"modified":"2026-05-08T20:06:29","modified_gmt":"2026-05-08T18:06:29","slug":"el-seque-el-seque-2021-1500ml","status":"publish","type":"product","link":"https:\/\/wein-werte.com\/en\/product\/el-seque-el-seque-2021-1500ml\/","title":{"rendered":"El Sequ\u00e9 (Artadi) | Alicante | El Sequ\u00e9 | 2021 | 1500ml | bio"},"content":{"rendered":"<p>Product description for El Sequ\u00e9 (Artadi) El Sequ\u00e9 2021 (bio)<\/p>\n<p>Marian Hen\u00df:This interplay of (fruit) sweetness and acidity continues on the palate. Juicy and fleshy, it offers a full-bodied taste experience. Delicate tannins complement the taut acidity very well. Both elements suggest considerable ageing potential. This wine progresses in large sips. The sour cherry clearly characterizes the aromatic aftertaste. Some cedarwood and sage, along with light smoky nuances, complement the final moments.<\/p>\n<p>Copyright Vinaturel 2025<\/p>\n<p>Keywords: <a href=\"https:\/\/wein-werte.com\/shop\/?swoof=1&#038;pa_producer=El-Sequ\u00e9-(Artadi)\">El Sequ\u00e9 (Artadi)<\/a> <a href=\"https:\/\/wein-werte.com\/shop\/?swoof=1&#038;woof_text=El Sequ\u00e9\">El Sequ\u00e9<\/a> 2021 bio <a href=\"https:\/\/wein-werte.com\/shop\/?swoof=1&#038;pa_region=Alicante\">Alicante<\/a> <a href=\"https:\/\/wein-werte.com\/shop\/?swoof=1&#038;pa_country=Spain\">Spain<\/a><\/p>\n<h3>Wine Advocate<\/h3>\n<p>Score: 93+<\/p>\n<p>The 2021 El Sequ\u00e9 was produced with ripe Monastrell grapes that achieved 14.7% alcohol from organically farmed vineyards at 600 meters in altitude in Alicante on sandy and clay soils. The wine matured in 500-liter French oak barrels for six months, down from 12 months in the past. They are very happy with the result of the 2021 vintage; the wine is very ripe but has lots of freshness. It&#8217;s serious and fruit-driven, with ripeness but without hints of over-ripeness. 60,000 bottles produced. It was bottled in December 2022.<br \/>Luis Guti\u00e9rrez<\/p>\n<h3>Vinous<\/h3>\n<p>Score: 95<\/p>\n<p>The 2020 Suisassi is bursting with fresh blueberry, lavender, mint, spice, black pepper, cloves and incense. This brisk, vibrant Syrah is quite charming. The mid-weight, intensely savory style offers tons of freshness, a rarity on the Tuscan coast.<br \/>\n &#8212; Antonio Galloni<br \/>Drinking window: 2023 &#8211; 2032<br \/>Review date: Aug 2023<\/p>\n<p>Producer website: <a href=\"https:\/\/artadi.com\/en\/seque-alicante\" target=\"_blank\">https:\/\/artadi.com\/en\/seque-alicante<\/a><\/p>\n","protected":false},"excerpt":{"rendered":"<p>Delivery time: 1 to 2 working days (DE), 2 to 5 working days (EU and CH)<\/p>\n","protected":false},"featured_media":1144343,"template":"","meta":[],"product_brand":[],"product_cat":[19],"product_tag":[],"class_list":{"0":"post-1124651","1":"product","2":"type-product","3":"status-publish","4":"has-post-thumbnail","6":"product_cat-unkategorisiert","7":"pa_alcohol-for-filter-14-5","8":"pa_certified-biodynamic-no","9":"pa_certified-organic-yes","10":"pa_colour-red","11":"pa_country-spain","12":"pa_grape-mourvedre-blend","13":"pa_parker-points-for-filter-16142","14":"pa_price-for-filter-10600","15":"pa_producer-el-seque-artadi","16":"pa_region-alicante","17":"pa_size-ml-6657","18":"pa_sweetness-dry","19":"pa_type-2-still","20":"pa_vinous-points-for-filter-16152","21":"pa_vintage-6634","22":"entry","23":"has-media","25":"first","26":"instock","27":"taxable","28":"shipping-taxable","29":"purchasable","30":"product-type-simple"},"yoast_head":"<!-- This site is optimized with the Yoast SEO plugin v27.5 - https:\/\/yoast.com\/product\/yoast-seo-wordpress\/ -->\n<title>El Sequ\u00e9 El Sequ\u00e9 2021, 1500ml<\/title>\n<meta name=\"description\" content=\"Buy El Sequ\u00e9 El Sequ\u00e9 2021 - a dry Mourv\u00e8dre blend from Alicante, Spain - at Wein Werte, your sustainable online shop.\" \/>\n<meta name=\"robots\" content=\"index, follow, max-snippet:-1, max-image-preview:large, max-video-preview:-1\" \/>\n<link rel=\"canonical\" href=\"https:\/\/wein-werte.com\/en\/product\/el-seque-el-seque-2021-1500ml\/\" \/>\n<meta property=\"og:locale\" content=\"en_US\" \/>\n<meta property=\"og:type\" content=\"article\" \/>\n<meta property=\"og:title\" content=\"El Sequ\u00e9 El Sequ\u00e9 2021, 1500ml\" \/>\n<meta property=\"og:description\" content=\"Buy El Sequ\u00e9 El Sequ\u00e9 2021 - a dry Mourv\u00e8dre blend from Alicante, Spain - at Wein Werte, your sustainable online shop.\" \/>\n<meta property=\"og:url\" content=\"https:\/\/wein-werte.com\/en\/product\/el-seque-el-seque-2021-1500ml\/\" \/>\n<meta property=\"og:site_name\" content=\"Wein Werte\" \/>\n<meta property=\"og:image\" content=\"https:\/\/wein-werte.com\/wp-content\/uploads\/2026\/04\/El-Seque-El-Seque-2021-1500ml.png\" \/>\n\t<meta property=\"og:image:width\" content=\"328\" \/>\n\t<meta property=\"og:image:height\" content=\"1200\" \/>\n\t<meta property=\"og:image:type\" content=\"image\/png\" \/>\n<meta name=\"twitter:card\" content=\"summary_large_image\" \/>\n<meta name=\"twitter:label1\" content=\"Est. reading time\" \/>\n\t<meta name=\"twitter:data1\" content=\"1 minute\" \/>\n<script type=\"application\/ld+json\" class=\"yoast-schema-graph\">{\"@context\":\"https:\\\/\\\/schema.org\",\"@graph\":[{\"@type\":\"WebPage\",\"@id\":\"https:\\\/\\\/wein-werte.com\\\/en\\\/product\\\/el-seque-el-seque-2021-1500ml\\\/\",\"url\":\"https:\\\/\\\/wein-werte.com\\\/en\\\/product\\\/el-seque-el-seque-2021-1500ml\\\/\",\"name\":\"El Sequ\u00e9 El Sequ\u00e9 2021, 1500ml\",\"isPartOf\":{\"@id\":\"https:\\\/\\\/wein-werte.com\\\/de\\\/#website\"},\"primaryImageOfPage\":{\"@id\":\"https:\\\/\\\/wein-werte.com\\\/en\\\/product\\\/el-seque-el-seque-2021-1500ml\\\/#primaryimage\"},\"image\":{\"@id\":\"https:\\\/\\\/wein-werte.com\\\/en\\\/product\\\/el-seque-el-seque-2021-1500ml\\\/#primaryimage\"},\"thumbnailUrl\":\"https:\\\/\\\/wein-werte.com\\\/wp-content\\\/uploads\\\/2026\\\/04\\\/El-Seque-El-Seque-2021-1500ml.png\",\"datePublished\":\"2026-05-08T18:06:29+00:00\",\"description\":\"Buy El Sequ\u00e9 El Sequ\u00e9 2021 - a dry Mourv\u00e8dre blend from Alicante, Spain - at Wein Werte, your sustainable online shop.\",\"breadcrumb\":{\"@id\":\"https:\\\/\\\/wein-werte.com\\\/en\\\/product\\\/el-seque-el-seque-2021-1500ml\\\/#breadcrumb\"},\"inLanguage\":\"en-US\",\"potentialAction\":[{\"@type\":\"ReadAction\",\"target\":[\"https:\\\/\\\/wein-werte.com\\\/en\\\/product\\\/el-seque-el-seque-2021-1500ml\\\/\"]}]},{\"@type\":\"ImageObject\",\"inLanguage\":\"en-US\",\"@id\":\"https:\\\/\\\/wein-werte.com\\\/en\\\/product\\\/el-seque-el-seque-2021-1500ml\\\/#primaryimage\",\"url\":\"https:\\\/\\\/wein-werte.com\\\/wp-content\\\/uploads\\\/2026\\\/04\\\/El-Seque-El-Seque-2021-1500ml.png\",\"contentUrl\":\"https:\\\/\\\/wein-werte.com\\\/wp-content\\\/uploads\\\/2026\\\/04\\\/El-Seque-El-Seque-2021-1500ml.png\",\"width\":328,\"height\":1200,\"caption\":\"El Sequ\u00e9 (Artadi) El Sequ\u00e9 2021 1500ml\"},{\"@type\":\"BreadcrumbList\",\"@id\":\"https:\\\/\\\/wein-werte.com\\\/en\\\/product\\\/el-seque-el-seque-2021-1500ml\\\/#breadcrumb\",\"itemListElement\":[{\"@type\":\"ListItem\",\"position\":1,\"name\":\"Home\",\"item\":\"https:\\\/\\\/wein-werte.com\\\/en\\\/\"},{\"@type\":\"ListItem\",\"position\":2,\"name\":\"Shop Page\",\"item\":\"https:\\\/\\\/wein-werte.com\\\/en\\\/shop\\\/\"},{\"@type\":\"ListItem\",\"position\":3,\"name\":\"El Sequ\u00e9 (Artadi) | Alicante | El Sequ\u00e9 | 2021 | 1500ml | bio\"}]},{\"@type\":\"WebSite\",\"@id\":\"https:\\\/\\\/wein-werte.com\\\/de\\\/#website\",\"url\":\"https:\\\/\\\/wein-werte.com\\\/de\\\/\",\"name\":\"Wein Werte\",\"description\":\"\",\"publisher\":{\"@id\":\"https:\\\/\\\/wein-werte.com\\\/de\\\/#organization\"},\"potentialAction\":[{\"@type\":\"SearchAction\",\"target\":{\"@type\":\"EntryPoint\",\"urlTemplate\":\"https:\\\/\\\/wein-werte.com\\\/de\\\/?s={search_term_string}\"},\"query-input\":{\"@type\":\"PropertyValueSpecification\",\"valueRequired\":true,\"valueName\":\"search_term_string\"}}],\"inLanguage\":\"en-US\"},{\"@type\":\"Organization\",\"@id\":\"https:\\\/\\\/wein-werte.com\\\/de\\\/#organization\",\"name\":\"Vins Fins Thorrold\",\"url\":\"https:\\\/\\\/wein-werte.com\\\/de\\\/\",\"logo\":{\"@type\":\"ImageObject\",\"inLanguage\":\"en-US\",\"@id\":\"https:\\\/\\\/wein-werte.com\\\/de\\\/#\\\/schema\\\/logo\\\/image\\\/\",\"url\":\"https:\\\/\\\/wein-werte.com\\\/wp-content\\\/uploads\\\/2023\\\/07\\\/Wein_werte_Logo700-1.png\",\"contentUrl\":\"https:\\\/\\\/wein-werte.com\\\/wp-content\\\/uploads\\\/2023\\\/07\\\/Wein_werte_Logo700-1.png\",\"width\":700,\"height\":272,\"caption\":\"Vins Fins Thorrold\"},\"image\":{\"@id\":\"https:\\\/\\\/wein-werte.com\\\/de\\\/#\\\/schema\\\/logo\\\/image\\\/\"}}]}<\/script>\n<!-- \/ Yoast SEO plugin. -->","yoast_head_json":{"title":"El Sequ\u00e9 El Sequ\u00e9 2021, 1500ml","description":"Buy El Sequ\u00e9 El Sequ\u00e9 2021 - a dry Mourv\u00e8dre blend from Alicante, Spain - at Wein Werte, your sustainable online shop.","robots":{"index":"index","follow":"follow","max-snippet":"max-snippet:-1","max-image-preview":"max-image-preview:large","max-video-preview":"max-video-preview:-1"},"canonical":"https:\/\/wein-werte.com\/en\/product\/el-seque-el-seque-2021-1500ml\/","og_locale":"en_US","og_type":"article","og_title":"El Sequ\u00e9 El Sequ\u00e9 2021, 1500ml","og_description":"Buy El Sequ\u00e9 El Sequ\u00e9 2021 - a dry Mourv\u00e8dre blend from Alicante, Spain - at Wein Werte, your sustainable online shop.","og_url":"https:\/\/wein-werte.com\/en\/product\/el-seque-el-seque-2021-1500ml\/","og_site_name":"Wein Werte","og_image":[{"width":328,"height":1200,"url":"https:\/\/wein-werte.com\/wp-content\/uploads\/2026\/04\/El-Seque-El-Seque-2021-1500ml.png","type":"image\/png"}],"twitter_card":"summary_large_image","twitter_misc":{"Est. reading time":"1 minute"},"schema":{"@context":"https:\/\/schema.org","@graph":[{"@type":"WebPage","@id":"https:\/\/wein-werte.com\/en\/product\/el-seque-el-seque-2021-1500ml\/","url":"https:\/\/wein-werte.com\/en\/product\/el-seque-el-seque-2021-1500ml\/","name":"El Sequ\u00e9 El Sequ\u00e9 2021, 1500ml","isPartOf":{"@id":"https:\/\/wein-werte.com\/de\/#website"},"primaryImageOfPage":{"@id":"https:\/\/wein-werte.com\/en\/product\/el-seque-el-seque-2021-1500ml\/#primaryimage"},"image":{"@id":"https:\/\/wein-werte.com\/en\/product\/el-seque-el-seque-2021-1500ml\/#primaryimage"},"thumbnailUrl":"https:\/\/wein-werte.com\/wp-content\/uploads\/2026\/04\/El-Seque-El-Seque-2021-1500ml.png","datePublished":"2026-05-08T18:06:29+00:00","description":"Buy El Sequ\u00e9 El Sequ\u00e9 2021 - a dry Mourv\u00e8dre blend from Alicante, Spain - at Wein Werte, your sustainable online shop.","breadcrumb":{"@id":"https:\/\/wein-werte.com\/en\/product\/el-seque-el-seque-2021-1500ml\/#breadcrumb"},"inLanguage":"en-US","potentialAction":[{"@type":"ReadAction","target":["https:\/\/wein-werte.com\/en\/product\/el-seque-el-seque-2021-1500ml\/"]}]},{"@type":"ImageObject","inLanguage":"en-US","@id":"https:\/\/wein-werte.com\/en\/product\/el-seque-el-seque-2021-1500ml\/#primaryimage","url":"https:\/\/wein-werte.com\/wp-content\/uploads\/2026\/04\/El-Seque-El-Seque-2021-1500ml.png","contentUrl":"https:\/\/wein-werte.com\/wp-content\/uploads\/2026\/04\/El-Seque-El-Seque-2021-1500ml.png","width":328,"height":1200,"caption":"El Sequ\u00e9 (Artadi) El Sequ\u00e9 2021 1500ml"},{"@type":"BreadcrumbList","@id":"https:\/\/wein-werte.com\/en\/product\/el-seque-el-seque-2021-1500ml\/#breadcrumb","itemListElement":[{"@type":"ListItem","position":1,"name":"Home","item":"https:\/\/wein-werte.com\/en\/"},{"@type":"ListItem","position":2,"name":"Shop Page","item":"https:\/\/wein-werte.com\/en\/shop\/"},{"@type":"ListItem","position":3,"name":"El Sequ\u00e9 (Artadi) | Alicante | El Sequ\u00e9 | 2021 | 1500ml | bio"}]},{"@type":"WebSite","@id":"https:\/\/wein-werte.com\/de\/#website","url":"https:\/\/wein-werte.com\/de\/","name":"Wein Werte","description":"","publisher":{"@id":"https:\/\/wein-werte.com\/de\/#organization"},"potentialAction":[{"@type":"SearchAction","target":{"@type":"EntryPoint","urlTemplate":"https:\/\/wein-werte.com\/de\/?s={search_term_string}"},"query-input":{"@type":"PropertyValueSpecification","valueRequired":true,"valueName":"search_term_string"}}],"inLanguage":"en-US"},{"@type":"Organization","@id":"https:\/\/wein-werte.com\/de\/#organization","name":"Vins Fins Thorrold","url":"https:\/\/wein-werte.com\/de\/","logo":{"@type":"ImageObject","inLanguage":"en-US","@id":"https:\/\/wein-werte.com\/de\/#\/schema\/logo\/image\/","url":"https:\/\/wein-werte.com\/wp-content\/uploads\/2023\/07\/Wein_werte_Logo700-1.png","contentUrl":"https:\/\/wein-werte.com\/wp-content\/uploads\/2023\/07\/Wein_werte_Logo700-1.png","width":700,"height":272,"caption":"Vins Fins Thorrold"},"image":{"@id":"https:\/\/wein-werte.com\/de\/#\/schema\/logo\/image\/"}}]}},"_links":{"self":[{"href":"https:\/\/wein-werte.com\/en\/wp-json\/wp\/v2\/product\/1124651","targetHints":{"allow":["GET"]}}],"collection":[{"href":"https:\/\/wein-werte.com\/en\/wp-json\/wp\/v2\/product"}],"about":[{"href":"https:\/\/wein-werte.com\/en\/wp-json\/wp\/v2\/types\/product"}],"wp:featuredmedia":[{"embeddable":true,"href":"https:\/\/wein-werte.com\/en\/wp-json\/wp\/v2\/media\/1144343"}],"wp:attachment":[{"href":"https:\/\/wein-werte.com\/en\/wp-json\/wp\/v2\/media?parent=1124651"}],"wp:term":[{"taxonomy":"product_brand","embeddable":true,"href":"https:\/\/wein-werte.com\/en\/wp-json\/wp\/v2\/product_brand?post=1124651"},{"taxonomy":"product_cat","embeddable":true,"href":"https:\/\/wein-werte.com\/en\/wp-json\/wp\/v2\/product_cat?post=1124651"},{"taxonomy":"product_tag","embeddable":true,"href":"https:\/\/wein-werte.com\/en\/wp-json\/wp\/v2\/product_tag?post=1124651"}],"curies":[{"name":"wp","href":"https:\/\/api.w.org\/{rel}","templated":true}]}}