{"id":1124601,"date":"2026-05-08T20:06:17","date_gmt":"2026-05-08T18:06:17","guid":{"rendered":"https:\/\/wein-werte.com\/product\/familia-nin-ortiz-planetes-classic-2019-750ml\/"},"modified":"2026-05-08T20:06:17","modified_gmt":"2026-05-08T18:06:17","slug":"familia-nin-ortiz-planetes-classic-2019-750ml","status":"publish","type":"product","link":"https:\/\/wein-werte.com\/en\/product\/familia-nin-ortiz-planetes-classic-2019-750ml\/","title":{"rendered":"Familia Nin Ortiz | Priorat | Planetes &#8220;Classic&#8221; | 2019 | 750ml"},"content":{"rendered":"<p>Product description for Familia Nin Ortiz Planetes &#8220;Classic&#8221; 2019 <\/p>\n<p>Star oenologist Ester Nin launched this project in 2003 and immediately received top marks from international wine critics. Through her work as a bodega manager and oenologist at the Clos i Terasses (Clos Erasmus) winery, she has gained extensive experience in producing world-class wines. The Mas den Ca\u00e7ador plot, which forms the basis for Nit de Nin, is undoubtedly one of the most spectacular and best sites in the Priorat region. But this special location also takes its toll. Working in the vineyard is only possible with mules, which is no easy task given the extremely steep slope. The location of Finca Planetes is hardly inferior. Together with her husband, Carles Ortiz, she cultivates both plots entirely biodynamically. <\/p>\n<h5>Wine Information<\/h5>\n<p> 22-year-old terraced vines planted with Garnacha and 13-year-old Carignan vines in the climate zone of Porrera. The harvest took place from September 4 to 16, 2021, with minimum yields of 16 hl\/ha. After a four-week maceration of the whole bunches, spontaneous fermentation took place with wild yeasts in three large (3,200 l) French oak barrels, followed by a further 18 months of aging in two of these barrels and a 1,000 l amphora. 9,975 bottles were bottled in May 2021. <\/p>\n<h5>Colour<\/h5>\n<p> Deep black-red, full-bodied to the rim. <\/p>\n<h5>Nose<\/h5>\n<p> The 2019 Planetes &#8220;Classic&#8221; presents itself with opulent fruitiness and distinct earthy aromas on the nose. Aromas of black cherries, pickled dark berries, and plum jam combine with the scent of fine dark chocolate, wild Mediterranean herbs, and spices such as pepper, cloves, and cardamom. A powerful yet elegant wine with plenty of elegance and complexity, this is evident even in the nose. <\/p>\n<h5>Palate<\/h5>\n<p> On the palate, it settles on the tongue with a carpet of dark fruits, surrounded by the herbs and spices of the nose. The acidity and tannin structure are still pleasantly youthful, which lends its power playfulness and vibrancy. It doesn&#8217;t fill you up, but rather leaves you wanting more. Best enjoyed slightly chilled with rich, aromatic cuisine.<\/p>\n<p>Copyright Vinaturel 2025<\/p>\n<p>Keywords: <a href=\"https:\/\/wein-werte.com\/shop\/?swoof=1&#038;pa_producer=Familia-Nin-Ortiz\">Familia Nin Ortiz<\/a> <a href=\"https:\/\/wein-werte.com\/shop\/?swoof=1&#038;woof_text=Planetes \"Classic\"\">Planetes &#8220;Classic&#8221;<\/a> 2019  <a href=\"https:\/\/wein-werte.com\/shop\/?swoof=1&#038;pa_region=Priorat\">Priorat<\/a> <a href=\"https:\/\/wein-werte.com\/shop\/?swoof=1&#038;pa_country=Spain\">Spain<\/a><\/p>\n<h3>Wine Advocate<\/h3>\n<p>Score: 95<\/p>\n<p>From 2019 the Planetes de Nin has added &#8220;Cl\u00e0ssic&#8221; to the name, so it&#8217;s the 2019 Planetes de Nin Cl\u00e0ssic, because for Ester Nin, the classical Priorat is Garnacha, Garnacha Peluda, Cari\u00f1ena and using stems, like a small Nit de Nin from Mas d&#8217;en Ca\u00e7ador, which is what the wine is. 2019 is a warm vintage, and the wine has ripeness and some oak-like, slightly burnt aromas that they think come from the stems and the ripeness of the grapes. It&#8217;s hedonistic, round and lush, with notes of iron and earth. Quite classical Priorat. 10,130 bottles produced.<br \/>Luis Guti\u00e9rrez<\/p>\n<p>Producer website: <a href=\"https:\/\/familianinortiz.com\/\" target=\"_blank\">https:\/\/familianinortiz.com\/<\/a><\/p>\n","protected":false},"excerpt":{"rendered":"<p>Delivery time: 1 to 2 working days (DE), 2 to 5 working days (EU and CH)<\/p>\n","protected":false},"featured_media":1144161,"template":"","meta":[],"product_brand":[],"product_cat":[19],"product_tag":[],"class_list":{"0":"post-1124601","1":"product","2":"type-product","3":"status-publish","4":"has-post-thumbnail","6":"product_cat-unkategorisiert","7":"pa_alcohol-for-filter-14-5","8":"pa_certified-biodynamic-no","9":"pa_certified-organic-no","10":"pa_colour-red","11":"pa_country-spain","12":"pa_grape-grenache-blend","13":"pa_parker-points-for-filter-16136","14":"pa_price-for-filter-10612","15":"pa_producer-familia-nin-ortiz","16":"pa_region-priorat","17":"pa_size-ml-6584","18":"pa_sweetness-dry","19":"pa_type-2-still","20":"pa_vintage-6583","21":"entry","22":"has-media","24":"first","25":"instock","26":"taxable","27":"shipping-taxable","28":"purchasable","29":"product-type-simple"},"yoast_head":"<!-- This site is optimized with the Yoast SEO plugin v27.5 - https:\/\/yoast.com\/product\/yoast-seo-wordpress\/ -->\n<title>Familia Nin Ortiz Planetes &quot;Classic&quot; 2019<\/title>\n<meta name=\"description\" content=\"Buy Familia Nin Ortiz Planetes &quot;Classic&quot; 2019 - a dry Grenache blend from Priorat, Spain - at Wein Werte, your sustainable online shop.\" \/>\n<meta name=\"robots\" content=\"index, follow, max-snippet:-1, max-image-preview:large, max-video-preview:-1\" \/>\n<link rel=\"canonical\" href=\"https:\/\/wein-werte.com\/en\/product\/familia-nin-ortiz-planetes-classic-2019-750ml\/\" \/>\n<meta property=\"og:locale\" content=\"en_US\" \/>\n<meta property=\"og:type\" content=\"article\" \/>\n<meta property=\"og:title\" content=\"Familia Nin Ortiz Planetes &quot;Classic&quot; 2019\" \/>\n<meta property=\"og:description\" content=\"Buy Familia Nin Ortiz Planetes &quot;Classic&quot; 2019 - a dry Grenache blend from Priorat, Spain - at Wein Werte, your sustainable online shop.\" \/>\n<meta property=\"og:url\" content=\"https:\/\/wein-werte.com\/en\/product\/familia-nin-ortiz-planetes-classic-2019-750ml\/\" \/>\n<meta property=\"og:site_name\" content=\"Wein Werte\" \/>\n<meta property=\"og:image\" content=\"https:\/\/wein-werte.com\/wp-content\/uploads\/2026\/04\/Familia-Nin-Ortiz-Planetes-Classic-2019-750ml.png\" \/>\n\t<meta property=\"og:image:width\" content=\"307\" \/>\n\t<meta property=\"og:image:height\" content=\"1128\" \/>\n\t<meta property=\"og:image:type\" content=\"image\/png\" \/>\n<meta name=\"twitter:card\" content=\"summary_large_image\" \/>\n<meta name=\"twitter:label1\" content=\"Est. reading time\" \/>\n\t<meta name=\"twitter:data1\" content=\"2 minutes\" \/>\n<script type=\"application\/ld+json\" class=\"yoast-schema-graph\">{\"@context\":\"https:\\\/\\\/schema.org\",\"@graph\":[{\"@type\":\"WebPage\",\"@id\":\"https:\\\/\\\/wein-werte.com\\\/en\\\/product\\\/familia-nin-ortiz-planetes-classic-2019-750ml\\\/\",\"url\":\"https:\\\/\\\/wein-werte.com\\\/en\\\/product\\\/familia-nin-ortiz-planetes-classic-2019-750ml\\\/\",\"name\":\"Familia Nin Ortiz Planetes \\\"Classic\\\" 2019\",\"isPartOf\":{\"@id\":\"https:\\\/\\\/wein-werte.com\\\/de\\\/#website\"},\"primaryImageOfPage\":{\"@id\":\"https:\\\/\\\/wein-werte.com\\\/en\\\/product\\\/familia-nin-ortiz-planetes-classic-2019-750ml\\\/#primaryimage\"},\"image\":{\"@id\":\"https:\\\/\\\/wein-werte.com\\\/en\\\/product\\\/familia-nin-ortiz-planetes-classic-2019-750ml\\\/#primaryimage\"},\"thumbnailUrl\":\"https:\\\/\\\/wein-werte.com\\\/wp-content\\\/uploads\\\/2026\\\/04\\\/Familia-Nin-Ortiz-Planetes-Classic-2019-750ml.png\",\"datePublished\":\"2026-05-08T18:06:17+00:00\",\"description\":\"Buy Familia Nin Ortiz Planetes \\\"Classic\\\" 2019 - a dry Grenache blend from Priorat, Spain - at Wein Werte, your sustainable online shop.\",\"breadcrumb\":{\"@id\":\"https:\\\/\\\/wein-werte.com\\\/en\\\/product\\\/familia-nin-ortiz-planetes-classic-2019-750ml\\\/#breadcrumb\"},\"inLanguage\":\"en-US\",\"potentialAction\":[{\"@type\":\"ReadAction\",\"target\":[\"https:\\\/\\\/wein-werte.com\\\/en\\\/product\\\/familia-nin-ortiz-planetes-classic-2019-750ml\\\/\"]}]},{\"@type\":\"ImageObject\",\"inLanguage\":\"en-US\",\"@id\":\"https:\\\/\\\/wein-werte.com\\\/en\\\/product\\\/familia-nin-ortiz-planetes-classic-2019-750ml\\\/#primaryimage\",\"url\":\"https:\\\/\\\/wein-werte.com\\\/wp-content\\\/uploads\\\/2026\\\/04\\\/Familia-Nin-Ortiz-Planetes-Classic-2019-750ml.png\",\"contentUrl\":\"https:\\\/\\\/wein-werte.com\\\/wp-content\\\/uploads\\\/2026\\\/04\\\/Familia-Nin-Ortiz-Planetes-Classic-2019-750ml.png\",\"width\":307,\"height\":1128,\"caption\":\"Familia Nin Ortiz Planetes \\\"Classic\\\" 2019 750ml\"},{\"@type\":\"BreadcrumbList\",\"@id\":\"https:\\\/\\\/wein-werte.com\\\/en\\\/product\\\/familia-nin-ortiz-planetes-classic-2019-750ml\\\/#breadcrumb\",\"itemListElement\":[{\"@type\":\"ListItem\",\"position\":1,\"name\":\"Home\",\"item\":\"https:\\\/\\\/wein-werte.com\\\/en\\\/\"},{\"@type\":\"ListItem\",\"position\":2,\"name\":\"Shop Page\",\"item\":\"https:\\\/\\\/wein-werte.com\\\/en\\\/shop\\\/\"},{\"@type\":\"ListItem\",\"position\":3,\"name\":\"Familia Nin Ortiz | Priorat | Planetes &#8220;Classic&#8221; | 2019 | 750ml\"}]},{\"@type\":\"WebSite\",\"@id\":\"https:\\\/\\\/wein-werte.com\\\/de\\\/#website\",\"url\":\"https:\\\/\\\/wein-werte.com\\\/de\\\/\",\"name\":\"Wein Werte\",\"description\":\"\",\"publisher\":{\"@id\":\"https:\\\/\\\/wein-werte.com\\\/de\\\/#organization\"},\"potentialAction\":[{\"@type\":\"SearchAction\",\"target\":{\"@type\":\"EntryPoint\",\"urlTemplate\":\"https:\\\/\\\/wein-werte.com\\\/de\\\/?s={search_term_string}\"},\"query-input\":{\"@type\":\"PropertyValueSpecification\",\"valueRequired\":true,\"valueName\":\"search_term_string\"}}],\"inLanguage\":\"en-US\"},{\"@type\":\"Organization\",\"@id\":\"https:\\\/\\\/wein-werte.com\\\/de\\\/#organization\",\"name\":\"Vins Fins Thorrold\",\"url\":\"https:\\\/\\\/wein-werte.com\\\/de\\\/\",\"logo\":{\"@type\":\"ImageObject\",\"inLanguage\":\"en-US\",\"@id\":\"https:\\\/\\\/wein-werte.com\\\/de\\\/#\\\/schema\\\/logo\\\/image\\\/\",\"url\":\"https:\\\/\\\/wein-werte.com\\\/wp-content\\\/uploads\\\/2023\\\/07\\\/Wein_werte_Logo700-1.png\",\"contentUrl\":\"https:\\\/\\\/wein-werte.com\\\/wp-content\\\/uploads\\\/2023\\\/07\\\/Wein_werte_Logo700-1.png\",\"width\":700,\"height\":272,\"caption\":\"Vins Fins Thorrold\"},\"image\":{\"@id\":\"https:\\\/\\\/wein-werte.com\\\/de\\\/#\\\/schema\\\/logo\\\/image\\\/\"}}]}<\/script>\n<!-- \/ Yoast SEO plugin. -->","yoast_head_json":{"title":"Familia Nin Ortiz Planetes \"Classic\" 2019","description":"Buy Familia Nin Ortiz Planetes \"Classic\" 2019 - a dry Grenache blend from Priorat, Spain - at Wein Werte, your sustainable online shop.","robots":{"index":"index","follow":"follow","max-snippet":"max-snippet:-1","max-image-preview":"max-image-preview:large","max-video-preview":"max-video-preview:-1"},"canonical":"https:\/\/wein-werte.com\/en\/product\/familia-nin-ortiz-planetes-classic-2019-750ml\/","og_locale":"en_US","og_type":"article","og_title":"Familia Nin Ortiz Planetes \"Classic\" 2019","og_description":"Buy Familia Nin Ortiz Planetes \"Classic\" 2019 - a dry Grenache blend from Priorat, Spain - at Wein Werte, your sustainable online shop.","og_url":"https:\/\/wein-werte.com\/en\/product\/familia-nin-ortiz-planetes-classic-2019-750ml\/","og_site_name":"Wein Werte","og_image":[{"width":307,"height":1128,"url":"https:\/\/wein-werte.com\/wp-content\/uploads\/2026\/04\/Familia-Nin-Ortiz-Planetes-Classic-2019-750ml.png","type":"image\/png"}],"twitter_card":"summary_large_image","twitter_misc":{"Est. reading time":"2 minutes"},"schema":{"@context":"https:\/\/schema.org","@graph":[{"@type":"WebPage","@id":"https:\/\/wein-werte.com\/en\/product\/familia-nin-ortiz-planetes-classic-2019-750ml\/","url":"https:\/\/wein-werte.com\/en\/product\/familia-nin-ortiz-planetes-classic-2019-750ml\/","name":"Familia Nin Ortiz Planetes \"Classic\" 2019","isPartOf":{"@id":"https:\/\/wein-werte.com\/de\/#website"},"primaryImageOfPage":{"@id":"https:\/\/wein-werte.com\/en\/product\/familia-nin-ortiz-planetes-classic-2019-750ml\/#primaryimage"},"image":{"@id":"https:\/\/wein-werte.com\/en\/product\/familia-nin-ortiz-planetes-classic-2019-750ml\/#primaryimage"},"thumbnailUrl":"https:\/\/wein-werte.com\/wp-content\/uploads\/2026\/04\/Familia-Nin-Ortiz-Planetes-Classic-2019-750ml.png","datePublished":"2026-05-08T18:06:17+00:00","description":"Buy Familia Nin Ortiz Planetes \"Classic\" 2019 - a dry Grenache blend from Priorat, Spain - at Wein Werte, your sustainable online shop.","breadcrumb":{"@id":"https:\/\/wein-werte.com\/en\/product\/familia-nin-ortiz-planetes-classic-2019-750ml\/#breadcrumb"},"inLanguage":"en-US","potentialAction":[{"@type":"ReadAction","target":["https:\/\/wein-werte.com\/en\/product\/familia-nin-ortiz-planetes-classic-2019-750ml\/"]}]},{"@type":"ImageObject","inLanguage":"en-US","@id":"https:\/\/wein-werte.com\/en\/product\/familia-nin-ortiz-planetes-classic-2019-750ml\/#primaryimage","url":"https:\/\/wein-werte.com\/wp-content\/uploads\/2026\/04\/Familia-Nin-Ortiz-Planetes-Classic-2019-750ml.png","contentUrl":"https:\/\/wein-werte.com\/wp-content\/uploads\/2026\/04\/Familia-Nin-Ortiz-Planetes-Classic-2019-750ml.png","width":307,"height":1128,"caption":"Familia Nin Ortiz Planetes \"Classic\" 2019 750ml"},{"@type":"BreadcrumbList","@id":"https:\/\/wein-werte.com\/en\/product\/familia-nin-ortiz-planetes-classic-2019-750ml\/#breadcrumb","itemListElement":[{"@type":"ListItem","position":1,"name":"Home","item":"https:\/\/wein-werte.com\/en\/"},{"@type":"ListItem","position":2,"name":"Shop Page","item":"https:\/\/wein-werte.com\/en\/shop\/"},{"@type":"ListItem","position":3,"name":"Familia Nin Ortiz | Priorat | Planetes &#8220;Classic&#8221; | 2019 | 750ml"}]},{"@type":"WebSite","@id":"https:\/\/wein-werte.com\/de\/#website","url":"https:\/\/wein-werte.com\/de\/","name":"Wein Werte","description":"","publisher":{"@id":"https:\/\/wein-werte.com\/de\/#organization"},"potentialAction":[{"@type":"SearchAction","target":{"@type":"EntryPoint","urlTemplate":"https:\/\/wein-werte.com\/de\/?s={search_term_string}"},"query-input":{"@type":"PropertyValueSpecification","valueRequired":true,"valueName":"search_term_string"}}],"inLanguage":"en-US"},{"@type":"Organization","@id":"https:\/\/wein-werte.com\/de\/#organization","name":"Vins Fins Thorrold","url":"https:\/\/wein-werte.com\/de\/","logo":{"@type":"ImageObject","inLanguage":"en-US","@id":"https:\/\/wein-werte.com\/de\/#\/schema\/logo\/image\/","url":"https:\/\/wein-werte.com\/wp-content\/uploads\/2023\/07\/Wein_werte_Logo700-1.png","contentUrl":"https:\/\/wein-werte.com\/wp-content\/uploads\/2023\/07\/Wein_werte_Logo700-1.png","width":700,"height":272,"caption":"Vins Fins Thorrold"},"image":{"@id":"https:\/\/wein-werte.com\/de\/#\/schema\/logo\/image\/"}}]}},"_links":{"self":[{"href":"https:\/\/wein-werte.com\/en\/wp-json\/wp\/v2\/product\/1124601","targetHints":{"allow":["GET"]}}],"collection":[{"href":"https:\/\/wein-werte.com\/en\/wp-json\/wp\/v2\/product"}],"about":[{"href":"https:\/\/wein-werte.com\/en\/wp-json\/wp\/v2\/types\/product"}],"wp:featuredmedia":[{"embeddable":true,"href":"https:\/\/wein-werte.com\/en\/wp-json\/wp\/v2\/media\/1144161"}],"wp:attachment":[{"href":"https:\/\/wein-werte.com\/en\/wp-json\/wp\/v2\/media?parent=1124601"}],"wp:term":[{"taxonomy":"product_brand","embeddable":true,"href":"https:\/\/wein-werte.com\/en\/wp-json\/wp\/v2\/product_brand?post=1124601"},{"taxonomy":"product_cat","embeddable":true,"href":"https:\/\/wein-werte.com\/en\/wp-json\/wp\/v2\/product_cat?post=1124601"},{"taxonomy":"product_tag","embeddable":true,"href":"https:\/\/wein-werte.com\/en\/wp-json\/wp\/v2\/product_tag?post=1124601"}],"curies":[{"name":"wp","href":"https:\/\/api.w.org\/{rel}","templated":true}]}}