{"id":1124529,"date":"2026-05-12T15:52:32","date_gmt":"2026-05-12T13:52:32","guid":{"rendered":"https:\/\/wein-werte.com\/product\/jimenez-landi-vino-naranja-orange-wine-vinos-singulares-2022-750ml\/"},"modified":"2026-05-13T15:15:34","modified_gmt":"2026-05-13T13:15:34","slug":"jimenez-landi-vino-naranja-orange-wine-vinos-singulares-2022-750ml","status":"publish","type":"product","link":"https:\/\/wein-werte.com\/en\/product\/jimenez-landi-vino-naranja-orange-wine-vinos-singulares-2022-750ml\/","title":{"rendered":"Jimenez &#8211; Landi | Mentrida | Vino Naranja, Orange Wine, Vinos Singulares | 2022 | 750ml"},"content":{"rendered":"<p>Product description for Jimenez &#8211; Landi Vino Naranja, Orange Wine, Vinos Singulares 2022 <\/p>\n<p>Just 15 years ago, the vineyards around Madrid, as well as in M\u00e9ntrida and the Sierra de Gredos, some of which are ancient, were largely unknown territory. This has changed dramatically, not least thanks to the commitment of cousins Jos\u00e9 Jim\u00e9nez-Landi and Daniel G\u00f3mez Jim\u00e9nez-Landi. Although the Jim\u00e9nez-Landi family founded the winery in 1963, it has only been run professionally since 2004. Back then, the cousins produced wines primarily in the Parker style. Only over time has the style become more refined and Burgundian. Today, Jos\u00e9 produces red wines of tremendous freshness, finesse, and minerality. Dani Landi left the winery in 2013 to pursue other projects. Today, it is known that Metrida produces some of the world&#8217;s best Garnachas. You wouldn&#8217;t know it from the colour, which is sometimes more reminiscent of Claret or Ros\u00e9, but the complexity is captivating.<\/p>\n<p>Copyright Vinaturel 2025<\/p>\n<p>Keywords: <a href=\"https:\/\/wein-werte.com\/shop\/?swoof=1&#038;pa_producer=Jimenez---Landi\">Jimenez &#8211; Landi<\/a> <a href=\"https:\/\/wein-werte.com\/shop\/?swoof=1&#038;woof_text=Vino Naranja, Orange Wine, Vinos Singulares\">Vino Naranja, Orange Wine, Vinos Singulares<\/a> 2022  <a href=\"https:\/\/wein-werte.com\/shop\/?swoof=1&#038;pa_region=Mentrida\">Mentrida<\/a> <a href=\"https:\/\/wein-werte.com\/shop\/?swoof=1&#038;pa_country=Spain\">Spain<\/a><\/p>\n<p>Producer website: <a href=\"https:\/\/jimenezlandi.com\/en\/\" target=\"_blank\">https:\/\/jimenezlandi.com\/en\/<\/a><\/p>\n","protected":false},"excerpt":{"rendered":"<div style=\"font-size: 14px;\">\n<p>Delivery time: 1 to 2 working days (DE), 2 to 5 working days (EU and CH)<\/p>\n<p>Approximate energy content per 125ml glass: 110 kcal<\/p>\n<\/p><\/div>\n","protected":false},"featured_media":1143897,"template":"","meta":[],"product_brand":[],"product_cat":[19],"product_tag":[],"class_list":{"0":"post-1124529","1":"product","2":"type-product","3":"status-publish","4":"has-post-thumbnail","6":"product_cat-unkategorisiert","7":"pa_alcohol-for-filter-12892","8":"pa_certified-biodynamic-no","9":"pa_certified-organic-no","10":"pa_colour-orange","11":"pa_country-spain","12":"pa_grape-grenache-blend","13":"pa_price-for-filter-10597","14":"pa_producer-jimenez-landi","15":"pa_region-mentrida","16":"pa_size-ml-6584","17":"pa_sweetness-dry","18":"pa_type-2-still","19":"pa_vintage-9698","20":"entry","21":"has-media","23":"first","24":"instock","25":"taxable","26":"shipping-taxable","27":"purchasable","28":"product-type-simple"},"yoast_head":"<!-- This site is optimized with the Yoast SEO plugin v27.6 - https:\/\/yoast.com\/product\/yoast-seo-wordpress\/ -->\n<title>Jimenez - Landi Vino Naranja Orange Wine Vinos Singulares 2022 750ml<\/title>\n<meta name=\"description\" content=\"Buy Jimenez - Landi Vino Naranja Orange Wine Vinos Singulares 2022 - a dry Grenache blend orange wine from Mentrida, Spain - at Wein Werte, your sustainable online shop.\" \/>\n<meta name=\"robots\" content=\"index, follow, max-snippet:-1, max-image-preview:large, max-video-preview:-1\" \/>\n<link rel=\"canonical\" href=\"https:\/\/wein-werte.com\/en\/product\/jimenez-landi-vino-naranja-orange-wine-vinos-singulares-2022-750ml\/\" \/>\n<meta property=\"og:locale\" content=\"en_US\" \/>\n<meta property=\"og:type\" content=\"article\" \/>\n<meta property=\"og:title\" content=\"Jimenez - Landi Vino Naranja Orange Wine Vinos Singulares 2022 750ml\" \/>\n<meta property=\"og:description\" content=\"Buy Jimenez - Landi Vino Naranja Orange Wine Vinos Singulares 2022 - a dry Grenache blend orange wine from Mentrida, Spain - at Wein Werte, your sustainable online shop.\" \/>\n<meta property=\"og:url\" content=\"https:\/\/wein-werte.com\/en\/product\/jimenez-landi-vino-naranja-orange-wine-vinos-singulares-2022-750ml\/\" \/>\n<meta property=\"og:site_name\" content=\"Wein Werte\" \/>\n<meta property=\"article:modified_time\" content=\"2026-05-13T13:15:34+00:00\" \/>\n<meta property=\"og:image\" content=\"https:\/\/wein-werte.com\/wp-content\/uploads\/2026\/04\/Jimenez-Landi-Vino-Naranja-Orange-Wine-Vinos-Singulares-2022-750ml.png\" \/>\n\t<meta property=\"og:image:width\" content=\"319\" \/>\n\t<meta property=\"og:image:height\" content=\"1200\" \/>\n\t<meta property=\"og:image:type\" content=\"image\/png\" \/>\n<meta name=\"twitter:card\" content=\"summary_large_image\" \/>\n<meta name=\"twitter:label1\" content=\"Est. reading time\" \/>\n\t<meta name=\"twitter:data1\" content=\"1 minute\" \/>\n<script type=\"application\/ld+json\" class=\"yoast-schema-graph\">{\"@context\":\"https:\\\/\\\/schema.org\",\"@graph\":[{\"@type\":\"WebPage\",\"@id\":\"https:\\\/\\\/wein-werte.com\\\/en\\\/product\\\/jimenez-landi-vino-naranja-orange-wine-vinos-singulares-2022-750ml\\\/\",\"url\":\"https:\\\/\\\/wein-werte.com\\\/en\\\/product\\\/jimenez-landi-vino-naranja-orange-wine-vinos-singulares-2022-750ml\\\/\",\"name\":\"Jimenez - Landi Vino Naranja Orange Wine Vinos Singulares 2022 750ml\",\"isPartOf\":{\"@id\":\"https:\\\/\\\/wein-werte.com\\\/de\\\/#website\"},\"primaryImageOfPage\":{\"@id\":\"https:\\\/\\\/wein-werte.com\\\/en\\\/product\\\/jimenez-landi-vino-naranja-orange-wine-vinos-singulares-2022-750ml\\\/#primaryimage\"},\"image\":{\"@id\":\"https:\\\/\\\/wein-werte.com\\\/en\\\/product\\\/jimenez-landi-vino-naranja-orange-wine-vinos-singulares-2022-750ml\\\/#primaryimage\"},\"thumbnailUrl\":\"https:\\\/\\\/wein-werte.com\\\/wp-content\\\/uploads\\\/2026\\\/04\\\/Jimenez-Landi-Vino-Naranja-Orange-Wine-Vinos-Singulares-2022-750ml.png\",\"datePublished\":\"2026-05-12T13:52:32+00:00\",\"dateModified\":\"2026-05-13T13:15:34+00:00\",\"description\":\"Buy Jimenez - Landi Vino Naranja Orange Wine Vinos Singulares 2022 - a dry Grenache blend orange wine from Mentrida, Spain - at Wein Werte, your sustainable online shop.\",\"breadcrumb\":{\"@id\":\"https:\\\/\\\/wein-werte.com\\\/en\\\/product\\\/jimenez-landi-vino-naranja-orange-wine-vinos-singulares-2022-750ml\\\/#breadcrumb\"},\"inLanguage\":\"en-US\",\"potentialAction\":[{\"@type\":\"ReadAction\",\"target\":[\"https:\\\/\\\/wein-werte.com\\\/en\\\/product\\\/jimenez-landi-vino-naranja-orange-wine-vinos-singulares-2022-750ml\\\/\"]}]},{\"@type\":\"ImageObject\",\"inLanguage\":\"en-US\",\"@id\":\"https:\\\/\\\/wein-werte.com\\\/en\\\/product\\\/jimenez-landi-vino-naranja-orange-wine-vinos-singulares-2022-750ml\\\/#primaryimage\",\"url\":\"https:\\\/\\\/wein-werte.com\\\/wp-content\\\/uploads\\\/2026\\\/04\\\/Jimenez-Landi-Vino-Naranja-Orange-Wine-Vinos-Singulares-2022-750ml.png\",\"contentUrl\":\"https:\\\/\\\/wein-werte.com\\\/wp-content\\\/uploads\\\/2026\\\/04\\\/Jimenez-Landi-Vino-Naranja-Orange-Wine-Vinos-Singulares-2022-750ml.png\",\"width\":319,\"height\":1200,\"caption\":\"Jimenez - Landi Vino Naranja, Orange Wine, Vinos Singulares 2022 750ml\"},{\"@type\":\"BreadcrumbList\",\"@id\":\"https:\\\/\\\/wein-werte.com\\\/en\\\/product\\\/jimenez-landi-vino-naranja-orange-wine-vinos-singulares-2022-750ml\\\/#breadcrumb\",\"itemListElement\":[{\"@type\":\"ListItem\",\"position\":1,\"name\":\"Home\",\"item\":\"https:\\\/\\\/wein-werte.com\\\/en\\\/\"},{\"@type\":\"ListItem\",\"position\":2,\"name\":\"Shop Page\",\"item\":\"https:\\\/\\\/wein-werte.com\\\/en\\\/shop\\\/\"},{\"@type\":\"ListItem\",\"position\":3,\"name\":\"Jimenez &#8211; Landi | Mentrida | Vino Naranja, Orange Wine, Vinos Singulares | 2022 | 750ml\"}]},{\"@type\":\"WebSite\",\"@id\":\"https:\\\/\\\/wein-werte.com\\\/de\\\/#website\",\"url\":\"https:\\\/\\\/wein-werte.com\\\/de\\\/\",\"name\":\"Wein Werte\",\"description\":\"\",\"publisher\":{\"@id\":\"https:\\\/\\\/wein-werte.com\\\/de\\\/#organization\"},\"potentialAction\":[{\"@type\":\"SearchAction\",\"target\":{\"@type\":\"EntryPoint\",\"urlTemplate\":\"https:\\\/\\\/wein-werte.com\\\/de\\\/?s={search_term_string}\"},\"query-input\":{\"@type\":\"PropertyValueSpecification\",\"valueRequired\":true,\"valueName\":\"search_term_string\"}}],\"inLanguage\":\"en-US\"},{\"@type\":\"Organization\",\"@id\":\"https:\\\/\\\/wein-werte.com\\\/de\\\/#organization\",\"name\":\"Vins Fins Thorrold\",\"url\":\"https:\\\/\\\/wein-werte.com\\\/de\\\/\",\"logo\":{\"@type\":\"ImageObject\",\"inLanguage\":\"en-US\",\"@id\":\"https:\\\/\\\/wein-werte.com\\\/de\\\/#\\\/schema\\\/logo\\\/image\\\/\",\"url\":\"https:\\\/\\\/wein-werte.com\\\/wp-content\\\/uploads\\\/2023\\\/07\\\/Wein_werte_Logo700-1.png\",\"contentUrl\":\"https:\\\/\\\/wein-werte.com\\\/wp-content\\\/uploads\\\/2023\\\/07\\\/Wein_werte_Logo700-1.png\",\"width\":700,\"height\":272,\"caption\":\"Vins Fins Thorrold\"},\"image\":{\"@id\":\"https:\\\/\\\/wein-werte.com\\\/de\\\/#\\\/schema\\\/logo\\\/image\\\/\"}}]}<\/script>\n<!-- \/ Yoast SEO plugin. -->","yoast_head_json":{"title":"Jimenez - Landi Vino Naranja Orange Wine Vinos Singulares 2022 750ml","description":"Buy Jimenez - Landi Vino Naranja Orange Wine Vinos Singulares 2022 - a dry Grenache blend orange wine from Mentrida, Spain - at Wein Werte, your sustainable online shop.","robots":{"index":"index","follow":"follow","max-snippet":"max-snippet:-1","max-image-preview":"max-image-preview:large","max-video-preview":"max-video-preview:-1"},"canonical":"https:\/\/wein-werte.com\/en\/product\/jimenez-landi-vino-naranja-orange-wine-vinos-singulares-2022-750ml\/","og_locale":"en_US","og_type":"article","og_title":"Jimenez - Landi Vino Naranja Orange Wine Vinos Singulares 2022 750ml","og_description":"Buy Jimenez - Landi Vino Naranja Orange Wine Vinos Singulares 2022 - a dry Grenache blend orange wine from Mentrida, Spain - at Wein Werte, your sustainable online shop.","og_url":"https:\/\/wein-werte.com\/en\/product\/jimenez-landi-vino-naranja-orange-wine-vinos-singulares-2022-750ml\/","og_site_name":"Wein Werte","article_modified_time":"2026-05-13T13:15:34+00:00","og_image":[{"width":319,"height":1200,"url":"https:\/\/wein-werte.com\/wp-content\/uploads\/2026\/04\/Jimenez-Landi-Vino-Naranja-Orange-Wine-Vinos-Singulares-2022-750ml.png","type":"image\/png"}],"twitter_card":"summary_large_image","twitter_misc":{"Est. reading time":"1 minute"},"schema":{"@context":"https:\/\/schema.org","@graph":[{"@type":"WebPage","@id":"https:\/\/wein-werte.com\/en\/product\/jimenez-landi-vino-naranja-orange-wine-vinos-singulares-2022-750ml\/","url":"https:\/\/wein-werte.com\/en\/product\/jimenez-landi-vino-naranja-orange-wine-vinos-singulares-2022-750ml\/","name":"Jimenez - Landi Vino Naranja Orange Wine Vinos Singulares 2022 750ml","isPartOf":{"@id":"https:\/\/wein-werte.com\/de\/#website"},"primaryImageOfPage":{"@id":"https:\/\/wein-werte.com\/en\/product\/jimenez-landi-vino-naranja-orange-wine-vinos-singulares-2022-750ml\/#primaryimage"},"image":{"@id":"https:\/\/wein-werte.com\/en\/product\/jimenez-landi-vino-naranja-orange-wine-vinos-singulares-2022-750ml\/#primaryimage"},"thumbnailUrl":"https:\/\/wein-werte.com\/wp-content\/uploads\/2026\/04\/Jimenez-Landi-Vino-Naranja-Orange-Wine-Vinos-Singulares-2022-750ml.png","datePublished":"2026-05-12T13:52:32+00:00","dateModified":"2026-05-13T13:15:34+00:00","description":"Buy Jimenez - Landi Vino Naranja Orange Wine Vinos Singulares 2022 - a dry Grenache blend orange wine from Mentrida, Spain - at Wein Werte, your sustainable online shop.","breadcrumb":{"@id":"https:\/\/wein-werte.com\/en\/product\/jimenez-landi-vino-naranja-orange-wine-vinos-singulares-2022-750ml\/#breadcrumb"},"inLanguage":"en-US","potentialAction":[{"@type":"ReadAction","target":["https:\/\/wein-werte.com\/en\/product\/jimenez-landi-vino-naranja-orange-wine-vinos-singulares-2022-750ml\/"]}]},{"@type":"ImageObject","inLanguage":"en-US","@id":"https:\/\/wein-werte.com\/en\/product\/jimenez-landi-vino-naranja-orange-wine-vinos-singulares-2022-750ml\/#primaryimage","url":"https:\/\/wein-werte.com\/wp-content\/uploads\/2026\/04\/Jimenez-Landi-Vino-Naranja-Orange-Wine-Vinos-Singulares-2022-750ml.png","contentUrl":"https:\/\/wein-werte.com\/wp-content\/uploads\/2026\/04\/Jimenez-Landi-Vino-Naranja-Orange-Wine-Vinos-Singulares-2022-750ml.png","width":319,"height":1200,"caption":"Jimenez - Landi Vino Naranja, Orange Wine, Vinos Singulares 2022 750ml"},{"@type":"BreadcrumbList","@id":"https:\/\/wein-werte.com\/en\/product\/jimenez-landi-vino-naranja-orange-wine-vinos-singulares-2022-750ml\/#breadcrumb","itemListElement":[{"@type":"ListItem","position":1,"name":"Home","item":"https:\/\/wein-werte.com\/en\/"},{"@type":"ListItem","position":2,"name":"Shop Page","item":"https:\/\/wein-werte.com\/en\/shop\/"},{"@type":"ListItem","position":3,"name":"Jimenez &#8211; Landi | Mentrida | Vino Naranja, Orange Wine, Vinos Singulares | 2022 | 750ml"}]},{"@type":"WebSite","@id":"https:\/\/wein-werte.com\/de\/#website","url":"https:\/\/wein-werte.com\/de\/","name":"Wein Werte","description":"","publisher":{"@id":"https:\/\/wein-werte.com\/de\/#organization"},"potentialAction":[{"@type":"SearchAction","target":{"@type":"EntryPoint","urlTemplate":"https:\/\/wein-werte.com\/de\/?s={search_term_string}"},"query-input":{"@type":"PropertyValueSpecification","valueRequired":true,"valueName":"search_term_string"}}],"inLanguage":"en-US"},{"@type":"Organization","@id":"https:\/\/wein-werte.com\/de\/#organization","name":"Vins Fins Thorrold","url":"https:\/\/wein-werte.com\/de\/","logo":{"@type":"ImageObject","inLanguage":"en-US","@id":"https:\/\/wein-werte.com\/de\/#\/schema\/logo\/image\/","url":"https:\/\/wein-werte.com\/wp-content\/uploads\/2023\/07\/Wein_werte_Logo700-1.png","contentUrl":"https:\/\/wein-werte.com\/wp-content\/uploads\/2023\/07\/Wein_werte_Logo700-1.png","width":700,"height":272,"caption":"Vins Fins Thorrold"},"image":{"@id":"https:\/\/wein-werte.com\/de\/#\/schema\/logo\/image\/"}}]}},"_links":{"self":[{"href":"https:\/\/wein-werte.com\/en\/wp-json\/wp\/v2\/product\/1124529","targetHints":{"allow":["GET"]}}],"collection":[{"href":"https:\/\/wein-werte.com\/en\/wp-json\/wp\/v2\/product"}],"about":[{"href":"https:\/\/wein-werte.com\/en\/wp-json\/wp\/v2\/types\/product"}],"wp:featuredmedia":[{"embeddable":true,"href":"https:\/\/wein-werte.com\/en\/wp-json\/wp\/v2\/media\/1143897"}],"wp:attachment":[{"href":"https:\/\/wein-werte.com\/en\/wp-json\/wp\/v2\/media?parent=1124529"}],"wp:term":[{"taxonomy":"product_brand","embeddable":true,"href":"https:\/\/wein-werte.com\/en\/wp-json\/wp\/v2\/product_brand?post=1124529"},{"taxonomy":"product_cat","embeddable":true,"href":"https:\/\/wein-werte.com\/en\/wp-json\/wp\/v2\/product_cat?post=1124529"},{"taxonomy":"product_tag","embeddable":true,"href":"https:\/\/wein-werte.com\/en\/wp-json\/wp\/v2\/product_tag?post=1124529"}],"curies":[{"name":"wp","href":"https:\/\/api.w.org\/{rel}","templated":true}]}}