{"id":1124453,"date":"2026-05-05T18:26:14","date_gmt":"2026-05-05T16:26:14","guid":{"rendered":"https:\/\/wein-werte.com\/product\/victoria-ordonez-voladeros-2022-750ml\/"},"modified":"2026-05-05T18:26:15","modified_gmt":"2026-05-05T16:26:15","slug":"victoria-ordonez-voladeros-2022-750ml","status":"publish","type":"product","link":"https:\/\/wein-werte.com\/en\/product\/victoria-ordonez-voladeros-2022-750ml\/","title":{"rendered":"Victoria Ord\u00f3\u00f1ez | Andalucia | Voladeros | 2022 | 750ml"},"content":{"rendered":"<p>Product description for Victoria Ord\u00f3\u00f1ez Voladeros 2022 <\/p>\n<p>It takes a lot of chutzpah to revive old, steep, and labour-intensive vineyards in 2015 and establish the first and only winery in decades in a region once world-famous for its wines, which has since experienced unprecedented decline. Victoria Ord\u00f3\u00f1ez had the chutzpah and the right people on her side to establish this important project in the Sierras de M\u00e1laga. The daughter of a wine merchant, she had actually earned a doctorate in medicine. But at some point, she became aware of the neglected wine-cultural heritage and the associated abandoned vineyards, and began to get involved. M\u00e1laga, and that means, above all, P\u00e9dro Xim\u00e9nez, who used to mostly produce fortified wines with sweet vines, but in her case, it&#8217;s dry and terroir-focused. Added to this is the region&#8217;s second important grape variety, Moscatel de M\u00e1laga, which is also causing a sensation. <\/p>\n<h5>Information about the wine<\/h5>\n<p> M\u00e1laga was once one of the largest and most famous wine regions in the world. The wines were drunk by Goethe and Schiller and auctioned at Christie&#8217;s in London. Then, in 1872, phylloxera struck and destroyed 112,000 hectares of vineyards. After that, M\u00e1laga fell into a long slumber. Winemaker Victoria Ordo\u00f1ez, who studied with legendary winemaker Alois Kracher, is now breathing new life into the region. Her white wine, &#8220;Voladeros,&#8221; is a dry PX in the style of M\u00e1laga&#8217;s classic mountain wines. It comes from two old vineyards with ungrafted Pedro Xim\u00e9nez vines that survived the phylloxera plague in the 19th century. Yields are less than 1,000 kg per hectare, and the vineyards are located at an altitude of 800 to 1,000 meters. For the Voladeros, the winemaker uses only the first-run must. The wine then matures on the fine lees for nine months in 500-liter oak barrels. The result is one of Spain&#8217;s best and most exceptional white wines. <\/p>\n<h5>Colour<\/h5>\n<p> Light gold <\/p>\n<h5>Nose<\/h5>\n<p> The 2022 Voladeros offers a sensual and captivating nose with aromas of quince, wild fennel, white flowers, and a hint of citrus fruit. Anyone who associates heat with Andalusia will be surprised by how fresh and delicate the bouquet of this Mediterranean mountain wine is. <\/p>\n<h5>Palate<\/h5>\n<p> The Voladeros stands for finesse, elegance, and freshness. This white wine is always an unvarnished expression of the terroir\u2014the old vines on barren soils in a Mediterranean mountain climate\u2014as well as the vintage. In cool years, the alcohol content of Voladero can reach 10.5%. In warm years, like 2022, it reaches 13.5%. Depending on the vintage, the body can be leaner or fuller. What Voladeros always offers, however, is minerality, precision, and superbly fresh. The 2022 vintage is aromatically expressive, creamy and silky on the palate, elegant and complex. The icing on the cake is the long, spicy finish, whose light herbal bitterness is very invigorating. This is a stimulating and unique wine.<\/p>\n<p>Copyright Vinaturel 2025<\/p>\n<p>Keywords: <a href=\"https:\/\/wein-werte.com\/shop\/?swoof=1&#038;pa_producer=Victoria-Ord\u00f3\u00f1ez\">Victoria Ord\u00f3\u00f1ez<\/a> <a href=\"https:\/\/wein-werte.com\/shop\/?swoof=1&#038;woof_text=Voladeros\">Voladeros<\/a> 2022  <a href=\"https:\/\/wein-werte.com\/shop\/?swoof=1&#038;pa_region=Andalucia\">Andalucia<\/a> <a href=\"https:\/\/wein-werte.com\/shop\/?swoof=1&#038;pa_country=Spain\">Spain<\/a><\/p>\n<p>Producer website: <a href=\"https:\/\/victoriaordonez.com\/\" target=\"_blank\">https:\/\/victoriaordonez.com\/<\/a><\/p>\n","protected":false},"excerpt":{"rendered":"<p>Delivery time: 1 to 2 working days (DE), 2 to 5 working days (EU and CH)<\/p>\n","protected":false},"featured_media":1143639,"template":"","meta":[],"product_brand":[],"product_cat":[19],"product_tag":[],"class_list":{"0":"post-1124453","1":"product","2":"type-product","3":"status-publish","4":"has-post-thumbnail","6":"product_cat-unkategorisiert","7":"pa_alcohol-for-filter-13-5","8":"pa_certified-biodynamic-no","9":"pa_certified-organic-no","10":"pa_colour-white","11":"pa_country-spain","12":"pa_grape-pedro-ximenez","13":"pa_price-for-filter-10599","14":"pa_producer-victoria-ordonez","15":"pa_region-andalucia","16":"pa_size-ml-6584","17":"pa_sweetness-dry","18":"pa_type-2-still","19":"pa_vintage-9698","20":"entry","21":"has-media","23":"first","24":"instock","25":"taxable","26":"shipping-taxable","27":"purchasable","28":"product-type-simple"},"yoast_head":"<!-- This site is optimized with the Yoast SEO plugin v27.5 - https:\/\/yoast.com\/product\/yoast-seo-wordpress\/ -->\n<title>Victoria Ord\u00f3\u00f1ez Voladeros 2022<\/title>\n<meta name=\"description\" content=\"Buy Victoria Ord\u00f3\u00f1ez Voladeros 2022 - a dry Pedro Xim\u00e9nez from Andalucia, Spain - at Wein Werte, your sustainable online shop.\" \/>\n<meta name=\"robots\" content=\"index, follow, max-snippet:-1, max-image-preview:large, max-video-preview:-1\" \/>\n<link rel=\"canonical\" href=\"https:\/\/wein-werte.com\/en\/product\/victoria-ordonez-voladeros-2022-750ml\/\" \/>\n<meta property=\"og:locale\" content=\"en_US\" \/>\n<meta property=\"og:type\" content=\"article\" \/>\n<meta property=\"og:title\" content=\"Victoria Ord\u00f3\u00f1ez Voladeros 2022\" \/>\n<meta property=\"og:description\" content=\"Buy Victoria Ord\u00f3\u00f1ez Voladeros 2022 - a dry Pedro Xim\u00e9nez from Andalucia, Spain - at Wein Werte, your sustainable online shop.\" \/>\n<meta property=\"og:url\" content=\"https:\/\/wein-werte.com\/en\/product\/victoria-ordonez-voladeros-2022-750ml\/\" \/>\n<meta property=\"og:site_name\" content=\"Wein Werte\" \/>\n<meta property=\"article:modified_time\" content=\"2026-05-05T16:26:15+00:00\" \/>\n<meta property=\"og:image\" content=\"https:\/\/wein-werte.com\/wp-content\/uploads\/2026\/04\/Victoria-Ordonez-Voladeros-2022-750ml.png\" \/>\n\t<meta property=\"og:image:width\" content=\"332\" \/>\n\t<meta property=\"og:image:height\" content=\"1200\" \/>\n\t<meta property=\"og:image:type\" content=\"image\/png\" \/>\n<meta name=\"twitter:card\" content=\"summary_large_image\" \/>\n<meta name=\"twitter:label1\" content=\"Est. reading time\" \/>\n\t<meta name=\"twitter:data1\" content=\"2 minutes\" \/>\n<script type=\"application\/ld+json\" class=\"yoast-schema-graph\">{\"@context\":\"https:\\\/\\\/schema.org\",\"@graph\":[{\"@type\":\"WebPage\",\"@id\":\"https:\\\/\\\/wein-werte.com\\\/en\\\/product\\\/victoria-ordonez-voladeros-2022-750ml\\\/\",\"url\":\"https:\\\/\\\/wein-werte.com\\\/en\\\/product\\\/victoria-ordonez-voladeros-2022-750ml\\\/\",\"name\":\"Victoria Ord\u00f3\u00f1ez Voladeros 2022\",\"isPartOf\":{\"@id\":\"https:\\\/\\\/wein-werte.com\\\/de\\\/#website\"},\"primaryImageOfPage\":{\"@id\":\"https:\\\/\\\/wein-werte.com\\\/en\\\/product\\\/victoria-ordonez-voladeros-2022-750ml\\\/#primaryimage\"},\"image\":{\"@id\":\"https:\\\/\\\/wein-werte.com\\\/en\\\/product\\\/victoria-ordonez-voladeros-2022-750ml\\\/#primaryimage\"},\"thumbnailUrl\":\"https:\\\/\\\/wein-werte.com\\\/wp-content\\\/uploads\\\/2026\\\/04\\\/Victoria-Ordonez-Voladeros-2022-750ml.png\",\"datePublished\":\"2026-05-05T16:26:14+00:00\",\"dateModified\":\"2026-05-05T16:26:15+00:00\",\"description\":\"Buy Victoria Ord\u00f3\u00f1ez Voladeros 2022 - a dry Pedro Xim\u00e9nez from Andalucia, Spain - at Wein Werte, your sustainable online shop.\",\"breadcrumb\":{\"@id\":\"https:\\\/\\\/wein-werte.com\\\/en\\\/product\\\/victoria-ordonez-voladeros-2022-750ml\\\/#breadcrumb\"},\"inLanguage\":\"en-US\",\"potentialAction\":[{\"@type\":\"ReadAction\",\"target\":[\"https:\\\/\\\/wein-werte.com\\\/en\\\/product\\\/victoria-ordonez-voladeros-2022-750ml\\\/\"]}]},{\"@type\":\"ImageObject\",\"inLanguage\":\"en-US\",\"@id\":\"https:\\\/\\\/wein-werte.com\\\/en\\\/product\\\/victoria-ordonez-voladeros-2022-750ml\\\/#primaryimage\",\"url\":\"https:\\\/\\\/wein-werte.com\\\/wp-content\\\/uploads\\\/2026\\\/04\\\/Victoria-Ordonez-Voladeros-2022-750ml.png\",\"contentUrl\":\"https:\\\/\\\/wein-werte.com\\\/wp-content\\\/uploads\\\/2026\\\/04\\\/Victoria-Ordonez-Voladeros-2022-750ml.png\",\"width\":332,\"height\":1200,\"caption\":\"Victoria Ord\u00f3\u00f1ez Voladeros 2022 750ml\"},{\"@type\":\"BreadcrumbList\",\"@id\":\"https:\\\/\\\/wein-werte.com\\\/en\\\/product\\\/victoria-ordonez-voladeros-2022-750ml\\\/#breadcrumb\",\"itemListElement\":[{\"@type\":\"ListItem\",\"position\":1,\"name\":\"Home\",\"item\":\"https:\\\/\\\/wein-werte.com\\\/en\\\/\"},{\"@type\":\"ListItem\",\"position\":2,\"name\":\"Shop Page\",\"item\":\"https:\\\/\\\/wein-werte.com\\\/en\\\/shop\\\/\"},{\"@type\":\"ListItem\",\"position\":3,\"name\":\"Victoria Ord\u00f3\u00f1ez | Andalucia | Voladeros | 2022 | 750ml\"}]},{\"@type\":\"WebSite\",\"@id\":\"https:\\\/\\\/wein-werte.com\\\/de\\\/#website\",\"url\":\"https:\\\/\\\/wein-werte.com\\\/de\\\/\",\"name\":\"Wein Werte\",\"description\":\"\",\"publisher\":{\"@id\":\"https:\\\/\\\/wein-werte.com\\\/de\\\/#organization\"},\"potentialAction\":[{\"@type\":\"SearchAction\",\"target\":{\"@type\":\"EntryPoint\",\"urlTemplate\":\"https:\\\/\\\/wein-werte.com\\\/de\\\/?s={search_term_string}\"},\"query-input\":{\"@type\":\"PropertyValueSpecification\",\"valueRequired\":true,\"valueName\":\"search_term_string\"}}],\"inLanguage\":\"en-US\"},{\"@type\":\"Organization\",\"@id\":\"https:\\\/\\\/wein-werte.com\\\/de\\\/#organization\",\"name\":\"Vins Fins Thorrold\",\"url\":\"https:\\\/\\\/wein-werte.com\\\/de\\\/\",\"logo\":{\"@type\":\"ImageObject\",\"inLanguage\":\"en-US\",\"@id\":\"https:\\\/\\\/wein-werte.com\\\/de\\\/#\\\/schema\\\/logo\\\/image\\\/\",\"url\":\"https:\\\/\\\/wein-werte.com\\\/wp-content\\\/uploads\\\/2023\\\/07\\\/Wein_werte_Logo700-1.png\",\"contentUrl\":\"https:\\\/\\\/wein-werte.com\\\/wp-content\\\/uploads\\\/2023\\\/07\\\/Wein_werte_Logo700-1.png\",\"width\":700,\"height\":272,\"caption\":\"Vins Fins Thorrold\"},\"image\":{\"@id\":\"https:\\\/\\\/wein-werte.com\\\/de\\\/#\\\/schema\\\/logo\\\/image\\\/\"}}]}<\/script>\n<!-- \/ Yoast SEO plugin. -->","yoast_head_json":{"title":"Victoria Ord\u00f3\u00f1ez Voladeros 2022","description":"Buy Victoria Ord\u00f3\u00f1ez Voladeros 2022 - a dry Pedro Xim\u00e9nez from Andalucia, Spain - at Wein Werte, your sustainable online shop.","robots":{"index":"index","follow":"follow","max-snippet":"max-snippet:-1","max-image-preview":"max-image-preview:large","max-video-preview":"max-video-preview:-1"},"canonical":"https:\/\/wein-werte.com\/en\/product\/victoria-ordonez-voladeros-2022-750ml\/","og_locale":"en_US","og_type":"article","og_title":"Victoria Ord\u00f3\u00f1ez Voladeros 2022","og_description":"Buy Victoria Ord\u00f3\u00f1ez Voladeros 2022 - a dry Pedro Xim\u00e9nez from Andalucia, Spain - at Wein Werte, your sustainable online shop.","og_url":"https:\/\/wein-werte.com\/en\/product\/victoria-ordonez-voladeros-2022-750ml\/","og_site_name":"Wein Werte","article_modified_time":"2026-05-05T16:26:15+00:00","og_image":[{"width":332,"height":1200,"url":"https:\/\/wein-werte.com\/wp-content\/uploads\/2026\/04\/Victoria-Ordonez-Voladeros-2022-750ml.png","type":"image\/png"}],"twitter_card":"summary_large_image","twitter_misc":{"Est. reading time":"2 minutes"},"schema":{"@context":"https:\/\/schema.org","@graph":[{"@type":"WebPage","@id":"https:\/\/wein-werte.com\/en\/product\/victoria-ordonez-voladeros-2022-750ml\/","url":"https:\/\/wein-werte.com\/en\/product\/victoria-ordonez-voladeros-2022-750ml\/","name":"Victoria Ord\u00f3\u00f1ez Voladeros 2022","isPartOf":{"@id":"https:\/\/wein-werte.com\/de\/#website"},"primaryImageOfPage":{"@id":"https:\/\/wein-werte.com\/en\/product\/victoria-ordonez-voladeros-2022-750ml\/#primaryimage"},"image":{"@id":"https:\/\/wein-werte.com\/en\/product\/victoria-ordonez-voladeros-2022-750ml\/#primaryimage"},"thumbnailUrl":"https:\/\/wein-werte.com\/wp-content\/uploads\/2026\/04\/Victoria-Ordonez-Voladeros-2022-750ml.png","datePublished":"2026-05-05T16:26:14+00:00","dateModified":"2026-05-05T16:26:15+00:00","description":"Buy Victoria Ord\u00f3\u00f1ez Voladeros 2022 - a dry Pedro Xim\u00e9nez from Andalucia, Spain - at Wein Werte, your sustainable online shop.","breadcrumb":{"@id":"https:\/\/wein-werte.com\/en\/product\/victoria-ordonez-voladeros-2022-750ml\/#breadcrumb"},"inLanguage":"en-US","potentialAction":[{"@type":"ReadAction","target":["https:\/\/wein-werte.com\/en\/product\/victoria-ordonez-voladeros-2022-750ml\/"]}]},{"@type":"ImageObject","inLanguage":"en-US","@id":"https:\/\/wein-werte.com\/en\/product\/victoria-ordonez-voladeros-2022-750ml\/#primaryimage","url":"https:\/\/wein-werte.com\/wp-content\/uploads\/2026\/04\/Victoria-Ordonez-Voladeros-2022-750ml.png","contentUrl":"https:\/\/wein-werte.com\/wp-content\/uploads\/2026\/04\/Victoria-Ordonez-Voladeros-2022-750ml.png","width":332,"height":1200,"caption":"Victoria Ord\u00f3\u00f1ez Voladeros 2022 750ml"},{"@type":"BreadcrumbList","@id":"https:\/\/wein-werte.com\/en\/product\/victoria-ordonez-voladeros-2022-750ml\/#breadcrumb","itemListElement":[{"@type":"ListItem","position":1,"name":"Home","item":"https:\/\/wein-werte.com\/en\/"},{"@type":"ListItem","position":2,"name":"Shop Page","item":"https:\/\/wein-werte.com\/en\/shop\/"},{"@type":"ListItem","position":3,"name":"Victoria Ord\u00f3\u00f1ez | Andalucia | Voladeros | 2022 | 750ml"}]},{"@type":"WebSite","@id":"https:\/\/wein-werte.com\/de\/#website","url":"https:\/\/wein-werte.com\/de\/","name":"Wein Werte","description":"","publisher":{"@id":"https:\/\/wein-werte.com\/de\/#organization"},"potentialAction":[{"@type":"SearchAction","target":{"@type":"EntryPoint","urlTemplate":"https:\/\/wein-werte.com\/de\/?s={search_term_string}"},"query-input":{"@type":"PropertyValueSpecification","valueRequired":true,"valueName":"search_term_string"}}],"inLanguage":"en-US"},{"@type":"Organization","@id":"https:\/\/wein-werte.com\/de\/#organization","name":"Vins Fins Thorrold","url":"https:\/\/wein-werte.com\/de\/","logo":{"@type":"ImageObject","inLanguage":"en-US","@id":"https:\/\/wein-werte.com\/de\/#\/schema\/logo\/image\/","url":"https:\/\/wein-werte.com\/wp-content\/uploads\/2023\/07\/Wein_werte_Logo700-1.png","contentUrl":"https:\/\/wein-werte.com\/wp-content\/uploads\/2023\/07\/Wein_werte_Logo700-1.png","width":700,"height":272,"caption":"Vins Fins Thorrold"},"image":{"@id":"https:\/\/wein-werte.com\/de\/#\/schema\/logo\/image\/"}}]}},"_links":{"self":[{"href":"https:\/\/wein-werte.com\/en\/wp-json\/wp\/v2\/product\/1124453","targetHints":{"allow":["GET"]}}],"collection":[{"href":"https:\/\/wein-werte.com\/en\/wp-json\/wp\/v2\/product"}],"about":[{"href":"https:\/\/wein-werte.com\/en\/wp-json\/wp\/v2\/types\/product"}],"wp:featuredmedia":[{"embeddable":true,"href":"https:\/\/wein-werte.com\/en\/wp-json\/wp\/v2\/media\/1143639"}],"wp:attachment":[{"href":"https:\/\/wein-werte.com\/en\/wp-json\/wp\/v2\/media?parent=1124453"}],"wp:term":[{"taxonomy":"product_brand","embeddable":true,"href":"https:\/\/wein-werte.com\/en\/wp-json\/wp\/v2\/product_brand?post=1124453"},{"taxonomy":"product_cat","embeddable":true,"href":"https:\/\/wein-werte.com\/en\/wp-json\/wp\/v2\/product_cat?post=1124453"},{"taxonomy":"product_tag","embeddable":true,"href":"https:\/\/wein-werte.com\/en\/wp-json\/wp\/v2\/product_tag?post=1124453"}],"curies":[{"name":"wp","href":"https:\/\/api.w.org\/{rel}","templated":true}]}}