{"id":1124451,"date":"2026-05-12T15:51:32","date_gmt":"2026-05-12T13:51:32","guid":{"rendered":"https:\/\/wein-werte.com\/product\/victoria-ordonez-zetian-vino-de-la-tierra-de-castilla-2020-750ml\/"},"modified":"2026-05-13T15:15:20","modified_gmt":"2026-05-13T13:15:20","slug":"victoria-ordonez-zetian-vino-de-la-tierra-de-castilla-2020-750ml","status":"publish","type":"product","link":"https:\/\/wein-werte.com\/en\/product\/victoria-ordonez-zetian-vino-de-la-tierra-de-castilla-2020-750ml\/","title":{"rendered":"Victoria Ord\u00f3\u00f1ez | Andalucia | Zetian, Vino de la Tierra de Castilla | 2020 | 750ml | bio"},"content":{"rendered":"<p>Product description for Victoria Ord\u00f3\u00f1ez Zetian, Vino de la Tierra de Castilla 2020 (bio)<\/p>\n<p>Sebastian Bordth\u00e4user: The 2020 Zetian Tempranillo Old Vines from Victoria Ord\u00f3\u00f1ez oscillates between punk and pop. Even on the palate, it has a spicy side, lending it a certain touch of history, accompanied by tailor-made, contemporary beats. Fruit meets spice with youthful, polished tannins and a fresh interplay of acidity. Well chilled, it creates Mediterranean Spanish vibes at home. Zetian is the first brand that Victoria Ord\u00f3\u00f1ez secured before her steep-slope projects. It is the name of the first Chinese empress, once a concubine of the deceased emperor. Female rulers were not permitted at that time, but she was nevertheless enthroned and was very popular with the people. The wine comes from old vines in the Montes de Toldeo and was originally produced only for the American market. The 2020 Zetian is available on the European market for the first time with this vintage. <\/p>\n<h5>Colour<\/h5>\n<p> Dark ruby red with a black core and violet reflections. <\/p>\n<h5>Nose<\/h5>\n<p> This Zetian, made from ancient Tempranillo vines from Tierra de Castilla, makes no concessions to modern wine tastes. Rather, its nose is reminiscent of old-style Tempranillo, which is becoming increasingly rare these days. Instead of chocolate cherry, there&#8217;s a hint of barley to start with, followed by Indian vadouvan and freshly tanned leather. Only then does the clear cherry fruit reveal itself, given profound depth by mulberries. <\/p>\n<h5>Palate<\/h5>\n<p> The 2020 Zetian Tempranillo Old Vines from Victoria Ord\u00f3\u00f1ez oscillates between punk and pop. Even on the first sip, it has a spicy side, lending it a certain touch of history, accompanied by tailor-made, contemporary beats. Fruit meets spice with youthful, polished tannins and a fresh acidity. Served well chilled, it creates Mediterranean Spanish vibes at your home barbecue.<\/p>\n<p>Copyright Vinaturel 2025<\/p>\n<p>Keywords: <a href=\"https:\/\/wein-werte.com\/shop\/?swoof=1&#038;pa_producer=Victoria-Ord\u00f3\u00f1ez\">Victoria Ord\u00f3\u00f1ez<\/a> <a href=\"https:\/\/wein-werte.com\/shop\/?swoof=1&#038;woof_text=Zetian, Vino de la Tierra de Castilla\">Zetian, Vino de la Tierra de Castilla<\/a> 2020 bio <a href=\"https:\/\/wein-werte.com\/shop\/?swoof=1&#038;pa_region=Andalucia\">Andalucia<\/a> <a href=\"https:\/\/wein-werte.com\/shop\/?swoof=1&#038;pa_country=Spain\">Spain<\/a><\/p>\n<p>Producer website: <a href=\"https:\/\/victoriaordonez.com\/\" target=\"_blank\">https:\/\/victoriaordonez.com\/<\/a><\/p>\n","protected":false},"excerpt":{"rendered":"<div style=\"font-size: 14px;\">\n<p>Delivery time: 1 to 2 working days (DE), 2 to 5 working days (EU and CH)<\/p>\n<p>Approximate energy content per 125ml glass: 105 kcal<\/p>\n<\/p><\/div>\n","protected":false},"featured_media":1143633,"template":"","meta":[],"product_brand":[],"product_cat":[19],"product_tag":[],"class_list":{"0":"post-1124451","1":"product","2":"type-product","3":"status-publish","4":"has-post-thumbnail","6":"product_cat-unkategorisiert","7":"pa_alcohol-for-filter-12897","8":"pa_certified-biodynamic-no","9":"pa_certified-organic-yes","10":"pa_colour-red","11":"pa_country-spain","12":"pa_grape-tempranillo","13":"pa_price-for-filter-10587","14":"pa_producer-victoria-ordonez","15":"pa_region-andalucia","16":"pa_size-ml-6584","17":"pa_sweetness-dry","18":"pa_type-2-still","19":"pa_vintage-6599","20":"entry","21":"has-media","23":"first","24":"instock","25":"taxable","26":"shipping-taxable","27":"purchasable","28":"product-type-simple"},"yoast_head":"<!-- This site is optimized with the Yoast SEO plugin v27.6 - https:\/\/yoast.com\/product\/yoast-seo-wordpress\/ -->\n<title>Victoria Ord\u00f3\u00f1ez Zetian Vino de la Tierra de Castilla 2020 750ml<\/title>\n<meta name=\"description\" content=\"Buy Victoria Ord\u00f3\u00f1ez Zetian Vino de la Tierra de Castilla 2020 - a dry Tempranillo from Andalucia, Spain - at Wein Werte, your sustainable online shop.\" \/>\n<meta name=\"robots\" content=\"index, follow, max-snippet:-1, max-image-preview:large, max-video-preview:-1\" \/>\n<link rel=\"canonical\" href=\"https:\/\/wein-werte.com\/en\/product\/victoria-ordonez-zetian-vino-de-la-tierra-de-castilla-2020-750ml\/\" \/>\n<meta property=\"og:locale\" content=\"en_US\" \/>\n<meta property=\"og:type\" content=\"article\" \/>\n<meta property=\"og:title\" content=\"Victoria Ord\u00f3\u00f1ez Zetian Vino de la Tierra de Castilla 2020 750ml\" \/>\n<meta property=\"og:description\" content=\"Buy Victoria Ord\u00f3\u00f1ez Zetian Vino de la Tierra de Castilla 2020 - a dry Tempranillo from Andalucia, Spain - at Wein Werte, your sustainable online shop.\" \/>\n<meta property=\"og:url\" content=\"https:\/\/wein-werte.com\/en\/product\/victoria-ordonez-zetian-vino-de-la-tierra-de-castilla-2020-750ml\/\" \/>\n<meta property=\"og:site_name\" content=\"Wein Werte\" \/>\n<meta property=\"article:modified_time\" content=\"2026-05-13T13:15:20+00:00\" \/>\n<meta property=\"og:image\" content=\"https:\/\/wein-werte.com\/wp-content\/uploads\/2026\/04\/Victoria-Ordonez-Zetian-Vino-de-la-Tierra-de-Castilla-2020-750ml.png\" \/>\n\t<meta property=\"og:image:width\" content=\"316\" \/>\n\t<meta property=\"og:image:height\" content=\"1200\" \/>\n\t<meta property=\"og:image:type\" content=\"image\/png\" \/>\n<meta name=\"twitter:card\" content=\"summary_large_image\" \/>\n<meta name=\"twitter:label1\" content=\"Est. reading time\" \/>\n\t<meta name=\"twitter:data1\" content=\"2 minutes\" \/>\n<script type=\"application\/ld+json\" class=\"yoast-schema-graph\">{\"@context\":\"https:\\\/\\\/schema.org\",\"@graph\":[{\"@type\":\"WebPage\",\"@id\":\"https:\\\/\\\/wein-werte.com\\\/en\\\/product\\\/victoria-ordonez-zetian-vino-de-la-tierra-de-castilla-2020-750ml\\\/\",\"url\":\"https:\\\/\\\/wein-werte.com\\\/en\\\/product\\\/victoria-ordonez-zetian-vino-de-la-tierra-de-castilla-2020-750ml\\\/\",\"name\":\"Victoria Ord\u00f3\u00f1ez Zetian Vino de la Tierra de Castilla 2020 750ml\",\"isPartOf\":{\"@id\":\"https:\\\/\\\/wein-werte.com\\\/de\\\/#website\"},\"primaryImageOfPage\":{\"@id\":\"https:\\\/\\\/wein-werte.com\\\/en\\\/product\\\/victoria-ordonez-zetian-vino-de-la-tierra-de-castilla-2020-750ml\\\/#primaryimage\"},\"image\":{\"@id\":\"https:\\\/\\\/wein-werte.com\\\/en\\\/product\\\/victoria-ordonez-zetian-vino-de-la-tierra-de-castilla-2020-750ml\\\/#primaryimage\"},\"thumbnailUrl\":\"https:\\\/\\\/wein-werte.com\\\/wp-content\\\/uploads\\\/2026\\\/04\\\/Victoria-Ordonez-Zetian-Vino-de-la-Tierra-de-Castilla-2020-750ml.png\",\"datePublished\":\"2026-05-12T13:51:32+00:00\",\"dateModified\":\"2026-05-13T13:15:20+00:00\",\"description\":\"Buy Victoria Ord\u00f3\u00f1ez Zetian Vino de la Tierra de Castilla 2020 - a dry Tempranillo from Andalucia, Spain - at Wein Werte, your sustainable online shop.\",\"breadcrumb\":{\"@id\":\"https:\\\/\\\/wein-werte.com\\\/en\\\/product\\\/victoria-ordonez-zetian-vino-de-la-tierra-de-castilla-2020-750ml\\\/#breadcrumb\"},\"inLanguage\":\"en-US\",\"potentialAction\":[{\"@type\":\"ReadAction\",\"target\":[\"https:\\\/\\\/wein-werte.com\\\/en\\\/product\\\/victoria-ordonez-zetian-vino-de-la-tierra-de-castilla-2020-750ml\\\/\"]}]},{\"@type\":\"ImageObject\",\"inLanguage\":\"en-US\",\"@id\":\"https:\\\/\\\/wein-werte.com\\\/en\\\/product\\\/victoria-ordonez-zetian-vino-de-la-tierra-de-castilla-2020-750ml\\\/#primaryimage\",\"url\":\"https:\\\/\\\/wein-werte.com\\\/wp-content\\\/uploads\\\/2026\\\/04\\\/Victoria-Ordonez-Zetian-Vino-de-la-Tierra-de-Castilla-2020-750ml.png\",\"contentUrl\":\"https:\\\/\\\/wein-werte.com\\\/wp-content\\\/uploads\\\/2026\\\/04\\\/Victoria-Ordonez-Zetian-Vino-de-la-Tierra-de-Castilla-2020-750ml.png\",\"width\":316,\"height\":1200,\"caption\":\"Victoria Ord\u00f3\u00f1ez Zetian, Vino de la Tierra de Castilla 2020 750ml\"},{\"@type\":\"BreadcrumbList\",\"@id\":\"https:\\\/\\\/wein-werte.com\\\/en\\\/product\\\/victoria-ordonez-zetian-vino-de-la-tierra-de-castilla-2020-750ml\\\/#breadcrumb\",\"itemListElement\":[{\"@type\":\"ListItem\",\"position\":1,\"name\":\"Home\",\"item\":\"https:\\\/\\\/wein-werte.com\\\/en\\\/\"},{\"@type\":\"ListItem\",\"position\":2,\"name\":\"Shop Page\",\"item\":\"https:\\\/\\\/wein-werte.com\\\/en\\\/shop\\\/\"},{\"@type\":\"ListItem\",\"position\":3,\"name\":\"Victoria Ord\u00f3\u00f1ez | Andalucia | Zetian, Vino de la Tierra de Castilla | 2020 | 750ml | bio\"}]},{\"@type\":\"WebSite\",\"@id\":\"https:\\\/\\\/wein-werte.com\\\/de\\\/#website\",\"url\":\"https:\\\/\\\/wein-werte.com\\\/de\\\/\",\"name\":\"Wein Werte\",\"description\":\"\",\"publisher\":{\"@id\":\"https:\\\/\\\/wein-werte.com\\\/de\\\/#organization\"},\"potentialAction\":[{\"@type\":\"SearchAction\",\"target\":{\"@type\":\"EntryPoint\",\"urlTemplate\":\"https:\\\/\\\/wein-werte.com\\\/de\\\/?s={search_term_string}\"},\"query-input\":{\"@type\":\"PropertyValueSpecification\",\"valueRequired\":true,\"valueName\":\"search_term_string\"}}],\"inLanguage\":\"en-US\"},{\"@type\":\"Organization\",\"@id\":\"https:\\\/\\\/wein-werte.com\\\/de\\\/#organization\",\"name\":\"Vins Fins Thorrold\",\"url\":\"https:\\\/\\\/wein-werte.com\\\/de\\\/\",\"logo\":{\"@type\":\"ImageObject\",\"inLanguage\":\"en-US\",\"@id\":\"https:\\\/\\\/wein-werte.com\\\/de\\\/#\\\/schema\\\/logo\\\/image\\\/\",\"url\":\"https:\\\/\\\/wein-werte.com\\\/wp-content\\\/uploads\\\/2023\\\/07\\\/Wein_werte_Logo700-1.png\",\"contentUrl\":\"https:\\\/\\\/wein-werte.com\\\/wp-content\\\/uploads\\\/2023\\\/07\\\/Wein_werte_Logo700-1.png\",\"width\":700,\"height\":272,\"caption\":\"Vins Fins Thorrold\"},\"image\":{\"@id\":\"https:\\\/\\\/wein-werte.com\\\/de\\\/#\\\/schema\\\/logo\\\/image\\\/\"}}]}<\/script>\n<!-- \/ Yoast SEO plugin. -->","yoast_head_json":{"title":"Victoria Ord\u00f3\u00f1ez Zetian Vino de la Tierra de Castilla 2020 750ml","description":"Buy Victoria Ord\u00f3\u00f1ez Zetian Vino de la Tierra de Castilla 2020 - a dry Tempranillo from Andalucia, Spain - at Wein Werte, your sustainable online shop.","robots":{"index":"index","follow":"follow","max-snippet":"max-snippet:-1","max-image-preview":"max-image-preview:large","max-video-preview":"max-video-preview:-1"},"canonical":"https:\/\/wein-werte.com\/en\/product\/victoria-ordonez-zetian-vino-de-la-tierra-de-castilla-2020-750ml\/","og_locale":"en_US","og_type":"article","og_title":"Victoria Ord\u00f3\u00f1ez Zetian Vino de la Tierra de Castilla 2020 750ml","og_description":"Buy Victoria Ord\u00f3\u00f1ez Zetian Vino de la Tierra de Castilla 2020 - a dry Tempranillo from Andalucia, Spain - at Wein Werte, your sustainable online shop.","og_url":"https:\/\/wein-werte.com\/en\/product\/victoria-ordonez-zetian-vino-de-la-tierra-de-castilla-2020-750ml\/","og_site_name":"Wein Werte","article_modified_time":"2026-05-13T13:15:20+00:00","og_image":[{"width":316,"height":1200,"url":"https:\/\/wein-werte.com\/wp-content\/uploads\/2026\/04\/Victoria-Ordonez-Zetian-Vino-de-la-Tierra-de-Castilla-2020-750ml.png","type":"image\/png"}],"twitter_card":"summary_large_image","twitter_misc":{"Est. reading time":"2 minutes"},"schema":{"@context":"https:\/\/schema.org","@graph":[{"@type":"WebPage","@id":"https:\/\/wein-werte.com\/en\/product\/victoria-ordonez-zetian-vino-de-la-tierra-de-castilla-2020-750ml\/","url":"https:\/\/wein-werte.com\/en\/product\/victoria-ordonez-zetian-vino-de-la-tierra-de-castilla-2020-750ml\/","name":"Victoria Ord\u00f3\u00f1ez Zetian Vino de la Tierra de Castilla 2020 750ml","isPartOf":{"@id":"https:\/\/wein-werte.com\/de\/#website"},"primaryImageOfPage":{"@id":"https:\/\/wein-werte.com\/en\/product\/victoria-ordonez-zetian-vino-de-la-tierra-de-castilla-2020-750ml\/#primaryimage"},"image":{"@id":"https:\/\/wein-werte.com\/en\/product\/victoria-ordonez-zetian-vino-de-la-tierra-de-castilla-2020-750ml\/#primaryimage"},"thumbnailUrl":"https:\/\/wein-werte.com\/wp-content\/uploads\/2026\/04\/Victoria-Ordonez-Zetian-Vino-de-la-Tierra-de-Castilla-2020-750ml.png","datePublished":"2026-05-12T13:51:32+00:00","dateModified":"2026-05-13T13:15:20+00:00","description":"Buy Victoria Ord\u00f3\u00f1ez Zetian Vino de la Tierra de Castilla 2020 - a dry Tempranillo from Andalucia, Spain - at Wein Werte, your sustainable online shop.","breadcrumb":{"@id":"https:\/\/wein-werte.com\/en\/product\/victoria-ordonez-zetian-vino-de-la-tierra-de-castilla-2020-750ml\/#breadcrumb"},"inLanguage":"en-US","potentialAction":[{"@type":"ReadAction","target":["https:\/\/wein-werte.com\/en\/product\/victoria-ordonez-zetian-vino-de-la-tierra-de-castilla-2020-750ml\/"]}]},{"@type":"ImageObject","inLanguage":"en-US","@id":"https:\/\/wein-werte.com\/en\/product\/victoria-ordonez-zetian-vino-de-la-tierra-de-castilla-2020-750ml\/#primaryimage","url":"https:\/\/wein-werte.com\/wp-content\/uploads\/2026\/04\/Victoria-Ordonez-Zetian-Vino-de-la-Tierra-de-Castilla-2020-750ml.png","contentUrl":"https:\/\/wein-werte.com\/wp-content\/uploads\/2026\/04\/Victoria-Ordonez-Zetian-Vino-de-la-Tierra-de-Castilla-2020-750ml.png","width":316,"height":1200,"caption":"Victoria Ord\u00f3\u00f1ez Zetian, Vino de la Tierra de Castilla 2020 750ml"},{"@type":"BreadcrumbList","@id":"https:\/\/wein-werte.com\/en\/product\/victoria-ordonez-zetian-vino-de-la-tierra-de-castilla-2020-750ml\/#breadcrumb","itemListElement":[{"@type":"ListItem","position":1,"name":"Home","item":"https:\/\/wein-werte.com\/en\/"},{"@type":"ListItem","position":2,"name":"Shop Page","item":"https:\/\/wein-werte.com\/en\/shop\/"},{"@type":"ListItem","position":3,"name":"Victoria Ord\u00f3\u00f1ez | Andalucia | Zetian, Vino de la Tierra de Castilla | 2020 | 750ml | bio"}]},{"@type":"WebSite","@id":"https:\/\/wein-werte.com\/de\/#website","url":"https:\/\/wein-werte.com\/de\/","name":"Wein Werte","description":"","publisher":{"@id":"https:\/\/wein-werte.com\/de\/#organization"},"potentialAction":[{"@type":"SearchAction","target":{"@type":"EntryPoint","urlTemplate":"https:\/\/wein-werte.com\/de\/?s={search_term_string}"},"query-input":{"@type":"PropertyValueSpecification","valueRequired":true,"valueName":"search_term_string"}}],"inLanguage":"en-US"},{"@type":"Organization","@id":"https:\/\/wein-werte.com\/de\/#organization","name":"Vins Fins Thorrold","url":"https:\/\/wein-werte.com\/de\/","logo":{"@type":"ImageObject","inLanguage":"en-US","@id":"https:\/\/wein-werte.com\/de\/#\/schema\/logo\/image\/","url":"https:\/\/wein-werte.com\/wp-content\/uploads\/2023\/07\/Wein_werte_Logo700-1.png","contentUrl":"https:\/\/wein-werte.com\/wp-content\/uploads\/2023\/07\/Wein_werte_Logo700-1.png","width":700,"height":272,"caption":"Vins Fins Thorrold"},"image":{"@id":"https:\/\/wein-werte.com\/de\/#\/schema\/logo\/image\/"}}]}},"_links":{"self":[{"href":"https:\/\/wein-werte.com\/en\/wp-json\/wp\/v2\/product\/1124451","targetHints":{"allow":["GET"]}}],"collection":[{"href":"https:\/\/wein-werte.com\/en\/wp-json\/wp\/v2\/product"}],"about":[{"href":"https:\/\/wein-werte.com\/en\/wp-json\/wp\/v2\/types\/product"}],"wp:featuredmedia":[{"embeddable":true,"href":"https:\/\/wein-werte.com\/en\/wp-json\/wp\/v2\/media\/1143633"}],"wp:attachment":[{"href":"https:\/\/wein-werte.com\/en\/wp-json\/wp\/v2\/media?parent=1124451"}],"wp:term":[{"taxonomy":"product_brand","embeddable":true,"href":"https:\/\/wein-werte.com\/en\/wp-json\/wp\/v2\/product_brand?post=1124451"},{"taxonomy":"product_cat","embeddable":true,"href":"https:\/\/wein-werte.com\/en\/wp-json\/wp\/v2\/product_cat?post=1124451"},{"taxonomy":"product_tag","embeddable":true,"href":"https:\/\/wein-werte.com\/en\/wp-json\/wp\/v2\/product_tag?post=1124451"}],"curies":[{"name":"wp","href":"https:\/\/api.w.org\/{rel}","templated":true}]}}