{"id":1124378,"date":"2026-05-08T20:04:19","date_gmt":"2026-05-08T18:04:19","guid":{"rendered":"https:\/\/wein-werte.com\/product\/solemme-ambre-de-solemme-blanc-de-noirs-brut-nature-millesime-2016-750ml\/"},"modified":"2026-05-08T20:04:19","modified_gmt":"2026-05-08T18:04:19","slug":"solemme-ambre-de-solemme-blanc-de-noirs-brut-nature-millesime-2016-750ml","status":"publish","type":"product","link":"https:\/\/wein-werte.com\/en\/product\/solemme-ambre-de-solemme-blanc-de-noirs-brut-nature-millesime-2016-750ml\/","title":{"rendered":"Solemme | Champagne | Ambre de Solemme, Blanc de Noirs, Brut Nature, Mill\u00e9sim\u00e9 | 2016 | 750ml | bio"},"content":{"rendered":"<p>Product description for Solemme Ambre de Solemme, Blanc de Noirs, Brut Nature, Mill\u00e9sim\u00e9 2016 (bio)<\/p>\n<h5>Information<\/h5>\n<p> The grapes come from a unique, chalky and limestone vineyard in Villiers-aux-N\u0153uds, with 70% Meunier vines over 50 years old and 30% over 30 years old. Accordingly, this is a single-varietal Pinot Meunier. There was no chaptalization, filtration, or tartar stabilization. No sulphur was added during disgorgement. Ambre de Solemme contains no dosage. <\/p>\n<h5>Colour<\/h5>\n<p> Ros\u00e9 to copper with lively mousse. <\/p>\n<h5>Nose<\/h5>\n<p> This Meunier champagne with its unusual colour has a subtle nose with notes of barberry and red currant, pomelos, and herbs. In the background, there is a very subtle aroma of almond pastry and nougat. <\/p>\n<h5>Palate<\/h5>\n<p> On the palate, acidic berry notes of barberry, red currant, and pomegranate seeds dominate the aromas. Grapefruit and pomelos bring tangy, bitter notes to the Ambre de Solemme, which is chalky and salty with a fine mousse and pleasant intensity.<\/p>\n<p>Copyright Vinaturel 2025<\/p>\n<p>Keywords: <a href=\"https:\/\/wein-werte.com\/shop\/?swoof=1&#038;pa_producer=Solemme\">Solemme<\/a> <a href=\"https:\/\/wein-werte.com\/shop\/?swoof=1&#038;woof_text=Ambre de Solemme, Blanc de Noirs, Brut Nature, Mill\u00e9sim\u00e9\">Ambre de Solemme, Blanc de Noirs, Brut Nature, Mill\u00e9sim\u00e9<\/a> 2016 bio <a href=\"https:\/\/wein-werte.com\/shop\/?swoof=1&#038;pa_region=Champagne\">Champagne<\/a> <a href=\"https:\/\/wein-werte.com\/shop\/?swoof=1&#038;pa_country=France\">France<\/a><\/p>\n<p>Producer website: <a href=\"https:\/\/www.champagnesolemme.fr\/\" target=\"_blank\">https:\/\/www.champagnesolemme.fr\/<\/a><\/p>\n","protected":false},"excerpt":{"rendered":"<p>Delivery time: 1 to 2 working days (DE), 2 to 5 working days (EU and CH)<\/p>\n","protected":false},"featured_media":1143377,"template":"","meta":[],"product_brand":[],"product_cat":[19],"product_tag":[],"class_list":{"0":"post-1124378","1":"product","2":"type-product","3":"status-publish","4":"has-post-thumbnail","6":"product_cat-unkategorisiert","7":"pa_alcohol-for-filter-12893","8":"pa_certified-biodynamic-no","9":"pa_certified-organic-yes","10":"pa_colour-white","11":"pa_country-france","12":"pa_grape-pinot-meunier-mullerrebe","13":"pa_price-for-filter-10571","14":"pa_producer-solemme","15":"pa_region-champagne","16":"pa_size-ml-6584","17":"pa_sweetness-dry","18":"pa_type-2-champagne","19":"pa_vintage-6650","20":"entry","21":"has-media","23":"first","24":"instock","25":"taxable","26":"shipping-taxable","27":"purchasable","28":"product-type-simple"},"yoast_head":"<!-- This site is optimized with the Yoast SEO plugin v27.5 - https:\/\/yoast.com\/product\/yoast-seo-wordpress\/ -->\n<title>Solemme Ambre de Solemme blanc de Noirs Brut Nature Mill\u00e9sim\u00e9 2016<\/title>\n<meta name=\"description\" content=\"Buy Solemme Ambre de Solemme blanc de Noirs Brut Nature Mill\u00e9sim\u00e9 2016 - a dry Pinot Meunier sparkling wine from Champagne, France - at Wein Werte, your sustainable online shop.\" \/>\n<meta name=\"robots\" content=\"index, follow, max-snippet:-1, max-image-preview:large, max-video-preview:-1\" \/>\n<link rel=\"canonical\" href=\"https:\/\/wein-werte.com\/en\/product\/solemme-ambre-de-solemme-blanc-de-noirs-brut-nature-millesime-2016-750ml\/\" \/>\n<meta property=\"og:locale\" content=\"en_US\" \/>\n<meta property=\"og:type\" content=\"article\" \/>\n<meta property=\"og:title\" content=\"Solemme Ambre de Solemme blanc de Noirs Brut Nature Mill\u00e9sim\u00e9 2016\" \/>\n<meta property=\"og:description\" content=\"Buy Solemme Ambre de Solemme blanc de Noirs Brut Nature Mill\u00e9sim\u00e9 2016 - a dry Pinot Meunier sparkling wine from Champagne, France - at Wein Werte, your sustainable online shop.\" \/>\n<meta property=\"og:url\" content=\"https:\/\/wein-werte.com\/en\/product\/solemme-ambre-de-solemme-blanc-de-noirs-brut-nature-millesime-2016-750ml\/\" \/>\n<meta property=\"og:site_name\" content=\"Wein Werte\" \/>\n<meta property=\"og:image\" content=\"https:\/\/wein-werte.com\/wp-content\/uploads\/2026\/04\/Solemme-Ambre-de-Solemme-blanc-de-Noirs-Brut-Nature-Millesime-2016-750ml.png\" \/>\n\t<meta property=\"og:image:width\" content=\"328\" \/>\n\t<meta property=\"og:image:height\" content=\"1200\" \/>\n\t<meta property=\"og:image:type\" content=\"image\/png\" \/>\n<meta name=\"twitter:card\" content=\"summary_large_image\" \/>\n<meta name=\"twitter:label1\" content=\"Est. reading time\" \/>\n\t<meta name=\"twitter:data1\" content=\"1 minute\" \/>\n<script type=\"application\/ld+json\" class=\"yoast-schema-graph\">{\"@context\":\"https:\\\/\\\/schema.org\",\"@graph\":[{\"@type\":\"WebPage\",\"@id\":\"https:\\\/\\\/wein-werte.com\\\/en\\\/product\\\/solemme-ambre-de-solemme-blanc-de-noirs-brut-nature-millesime-2016-750ml\\\/\",\"url\":\"https:\\\/\\\/wein-werte.com\\\/en\\\/product\\\/solemme-ambre-de-solemme-blanc-de-noirs-brut-nature-millesime-2016-750ml\\\/\",\"name\":\"Solemme Ambre de Solemme blanc de Noirs Brut Nature Mill\u00e9sim\u00e9 2016\",\"isPartOf\":{\"@id\":\"https:\\\/\\\/wein-werte.com\\\/de\\\/#website\"},\"primaryImageOfPage\":{\"@id\":\"https:\\\/\\\/wein-werte.com\\\/en\\\/product\\\/solemme-ambre-de-solemme-blanc-de-noirs-brut-nature-millesime-2016-750ml\\\/#primaryimage\"},\"image\":{\"@id\":\"https:\\\/\\\/wein-werte.com\\\/en\\\/product\\\/solemme-ambre-de-solemme-blanc-de-noirs-brut-nature-millesime-2016-750ml\\\/#primaryimage\"},\"thumbnailUrl\":\"https:\\\/\\\/wein-werte.com\\\/wp-content\\\/uploads\\\/2026\\\/04\\\/Solemme-Ambre-de-Solemme-blanc-de-Noirs-Brut-Nature-Millesime-2016-750ml.png\",\"datePublished\":\"2026-05-08T18:04:19+00:00\",\"description\":\"Buy Solemme Ambre de Solemme blanc de Noirs Brut Nature Mill\u00e9sim\u00e9 2016 - a dry Pinot Meunier sparkling wine from Champagne, France - at Wein Werte, your sustainable online shop.\",\"breadcrumb\":{\"@id\":\"https:\\\/\\\/wein-werte.com\\\/en\\\/product\\\/solemme-ambre-de-solemme-blanc-de-noirs-brut-nature-millesime-2016-750ml\\\/#breadcrumb\"},\"inLanguage\":\"en-US\",\"potentialAction\":[{\"@type\":\"ReadAction\",\"target\":[\"https:\\\/\\\/wein-werte.com\\\/en\\\/product\\\/solemme-ambre-de-solemme-blanc-de-noirs-brut-nature-millesime-2016-750ml\\\/\"]}]},{\"@type\":\"ImageObject\",\"inLanguage\":\"en-US\",\"@id\":\"https:\\\/\\\/wein-werte.com\\\/en\\\/product\\\/solemme-ambre-de-solemme-blanc-de-noirs-brut-nature-millesime-2016-750ml\\\/#primaryimage\",\"url\":\"https:\\\/\\\/wein-werte.com\\\/wp-content\\\/uploads\\\/2026\\\/04\\\/Solemme-Ambre-de-Solemme-blanc-de-Noirs-Brut-Nature-Millesime-2016-750ml.png\",\"contentUrl\":\"https:\\\/\\\/wein-werte.com\\\/wp-content\\\/uploads\\\/2026\\\/04\\\/Solemme-Ambre-de-Solemme-blanc-de-Noirs-Brut-Nature-Millesime-2016-750ml.png\",\"width\":328,\"height\":1200,\"caption\":\"Solemme Ambre de Solemme, Blanc de Noirs, Brut Nature, Mill\u00e9sim\u00e9 2016 750ml\"},{\"@type\":\"BreadcrumbList\",\"@id\":\"https:\\\/\\\/wein-werte.com\\\/en\\\/product\\\/solemme-ambre-de-solemme-blanc-de-noirs-brut-nature-millesime-2016-750ml\\\/#breadcrumb\",\"itemListElement\":[{\"@type\":\"ListItem\",\"position\":1,\"name\":\"Home\",\"item\":\"https:\\\/\\\/wein-werte.com\\\/en\\\/\"},{\"@type\":\"ListItem\",\"position\":2,\"name\":\"Shop Page\",\"item\":\"https:\\\/\\\/wein-werte.com\\\/en\\\/shop\\\/\"},{\"@type\":\"ListItem\",\"position\":3,\"name\":\"Solemme | Champagne | Ambre de Solemme, Blanc de Noirs, Brut Nature, Mill\u00e9sim\u00e9 | 2016 | 750ml | bio\"}]},{\"@type\":\"WebSite\",\"@id\":\"https:\\\/\\\/wein-werte.com\\\/de\\\/#website\",\"url\":\"https:\\\/\\\/wein-werte.com\\\/de\\\/\",\"name\":\"Wein Werte\",\"description\":\"\",\"publisher\":{\"@id\":\"https:\\\/\\\/wein-werte.com\\\/de\\\/#organization\"},\"potentialAction\":[{\"@type\":\"SearchAction\",\"target\":{\"@type\":\"EntryPoint\",\"urlTemplate\":\"https:\\\/\\\/wein-werte.com\\\/de\\\/?s={search_term_string}\"},\"query-input\":{\"@type\":\"PropertyValueSpecification\",\"valueRequired\":true,\"valueName\":\"search_term_string\"}}],\"inLanguage\":\"en-US\"},{\"@type\":\"Organization\",\"@id\":\"https:\\\/\\\/wein-werte.com\\\/de\\\/#organization\",\"name\":\"Vins Fins Thorrold\",\"url\":\"https:\\\/\\\/wein-werte.com\\\/de\\\/\",\"logo\":{\"@type\":\"ImageObject\",\"inLanguage\":\"en-US\",\"@id\":\"https:\\\/\\\/wein-werte.com\\\/de\\\/#\\\/schema\\\/logo\\\/image\\\/\",\"url\":\"https:\\\/\\\/wein-werte.com\\\/wp-content\\\/uploads\\\/2023\\\/07\\\/Wein_werte_Logo700-1.png\",\"contentUrl\":\"https:\\\/\\\/wein-werte.com\\\/wp-content\\\/uploads\\\/2023\\\/07\\\/Wein_werte_Logo700-1.png\",\"width\":700,\"height\":272,\"caption\":\"Vins Fins Thorrold\"},\"image\":{\"@id\":\"https:\\\/\\\/wein-werte.com\\\/de\\\/#\\\/schema\\\/logo\\\/image\\\/\"}}]}<\/script>\n<!-- \/ Yoast SEO plugin. -->","yoast_head_json":{"title":"Solemme Ambre de Solemme blanc de Noirs Brut Nature Mill\u00e9sim\u00e9 2016","description":"Buy Solemme Ambre de Solemme blanc de Noirs Brut Nature Mill\u00e9sim\u00e9 2016 - a dry Pinot Meunier sparkling wine from Champagne, France - at Wein Werte, your sustainable online shop.","robots":{"index":"index","follow":"follow","max-snippet":"max-snippet:-1","max-image-preview":"max-image-preview:large","max-video-preview":"max-video-preview:-1"},"canonical":"https:\/\/wein-werte.com\/en\/product\/solemme-ambre-de-solemme-blanc-de-noirs-brut-nature-millesime-2016-750ml\/","og_locale":"en_US","og_type":"article","og_title":"Solemme Ambre de Solemme blanc de Noirs Brut Nature Mill\u00e9sim\u00e9 2016","og_description":"Buy Solemme Ambre de Solemme blanc de Noirs Brut Nature Mill\u00e9sim\u00e9 2016 - a dry Pinot Meunier sparkling wine from Champagne, France - at Wein Werte, your sustainable online shop.","og_url":"https:\/\/wein-werte.com\/en\/product\/solemme-ambre-de-solemme-blanc-de-noirs-brut-nature-millesime-2016-750ml\/","og_site_name":"Wein Werte","og_image":[{"width":328,"height":1200,"url":"https:\/\/wein-werte.com\/wp-content\/uploads\/2026\/04\/Solemme-Ambre-de-Solemme-blanc-de-Noirs-Brut-Nature-Millesime-2016-750ml.png","type":"image\/png"}],"twitter_card":"summary_large_image","twitter_misc":{"Est. reading time":"1 minute"},"schema":{"@context":"https:\/\/schema.org","@graph":[{"@type":"WebPage","@id":"https:\/\/wein-werte.com\/en\/product\/solemme-ambre-de-solemme-blanc-de-noirs-brut-nature-millesime-2016-750ml\/","url":"https:\/\/wein-werte.com\/en\/product\/solemme-ambre-de-solemme-blanc-de-noirs-brut-nature-millesime-2016-750ml\/","name":"Solemme Ambre de Solemme blanc de Noirs Brut Nature Mill\u00e9sim\u00e9 2016","isPartOf":{"@id":"https:\/\/wein-werte.com\/de\/#website"},"primaryImageOfPage":{"@id":"https:\/\/wein-werte.com\/en\/product\/solemme-ambre-de-solemme-blanc-de-noirs-brut-nature-millesime-2016-750ml\/#primaryimage"},"image":{"@id":"https:\/\/wein-werte.com\/en\/product\/solemme-ambre-de-solemme-blanc-de-noirs-brut-nature-millesime-2016-750ml\/#primaryimage"},"thumbnailUrl":"https:\/\/wein-werte.com\/wp-content\/uploads\/2026\/04\/Solemme-Ambre-de-Solemme-blanc-de-Noirs-Brut-Nature-Millesime-2016-750ml.png","datePublished":"2026-05-08T18:04:19+00:00","description":"Buy Solemme Ambre de Solemme blanc de Noirs Brut Nature Mill\u00e9sim\u00e9 2016 - a dry Pinot Meunier sparkling wine from Champagne, France - at Wein Werte, your sustainable online shop.","breadcrumb":{"@id":"https:\/\/wein-werte.com\/en\/product\/solemme-ambre-de-solemme-blanc-de-noirs-brut-nature-millesime-2016-750ml\/#breadcrumb"},"inLanguage":"en-US","potentialAction":[{"@type":"ReadAction","target":["https:\/\/wein-werte.com\/en\/product\/solemme-ambre-de-solemme-blanc-de-noirs-brut-nature-millesime-2016-750ml\/"]}]},{"@type":"ImageObject","inLanguage":"en-US","@id":"https:\/\/wein-werte.com\/en\/product\/solemme-ambre-de-solemme-blanc-de-noirs-brut-nature-millesime-2016-750ml\/#primaryimage","url":"https:\/\/wein-werte.com\/wp-content\/uploads\/2026\/04\/Solemme-Ambre-de-Solemme-blanc-de-Noirs-Brut-Nature-Millesime-2016-750ml.png","contentUrl":"https:\/\/wein-werte.com\/wp-content\/uploads\/2026\/04\/Solemme-Ambre-de-Solemme-blanc-de-Noirs-Brut-Nature-Millesime-2016-750ml.png","width":328,"height":1200,"caption":"Solemme Ambre de Solemme, Blanc de Noirs, Brut Nature, Mill\u00e9sim\u00e9 2016 750ml"},{"@type":"BreadcrumbList","@id":"https:\/\/wein-werte.com\/en\/product\/solemme-ambre-de-solemme-blanc-de-noirs-brut-nature-millesime-2016-750ml\/#breadcrumb","itemListElement":[{"@type":"ListItem","position":1,"name":"Home","item":"https:\/\/wein-werte.com\/en\/"},{"@type":"ListItem","position":2,"name":"Shop Page","item":"https:\/\/wein-werte.com\/en\/shop\/"},{"@type":"ListItem","position":3,"name":"Solemme | Champagne | Ambre de Solemme, Blanc de Noirs, Brut Nature, Mill\u00e9sim\u00e9 | 2016 | 750ml | bio"}]},{"@type":"WebSite","@id":"https:\/\/wein-werte.com\/de\/#website","url":"https:\/\/wein-werte.com\/de\/","name":"Wein Werte","description":"","publisher":{"@id":"https:\/\/wein-werte.com\/de\/#organization"},"potentialAction":[{"@type":"SearchAction","target":{"@type":"EntryPoint","urlTemplate":"https:\/\/wein-werte.com\/de\/?s={search_term_string}"},"query-input":{"@type":"PropertyValueSpecification","valueRequired":true,"valueName":"search_term_string"}}],"inLanguage":"en-US"},{"@type":"Organization","@id":"https:\/\/wein-werte.com\/de\/#organization","name":"Vins Fins Thorrold","url":"https:\/\/wein-werte.com\/de\/","logo":{"@type":"ImageObject","inLanguage":"en-US","@id":"https:\/\/wein-werte.com\/de\/#\/schema\/logo\/image\/","url":"https:\/\/wein-werte.com\/wp-content\/uploads\/2023\/07\/Wein_werte_Logo700-1.png","contentUrl":"https:\/\/wein-werte.com\/wp-content\/uploads\/2023\/07\/Wein_werte_Logo700-1.png","width":700,"height":272,"caption":"Vins Fins Thorrold"},"image":{"@id":"https:\/\/wein-werte.com\/de\/#\/schema\/logo\/image\/"}}]}},"_links":{"self":[{"href":"https:\/\/wein-werte.com\/en\/wp-json\/wp\/v2\/product\/1124378","targetHints":{"allow":["GET"]}}],"collection":[{"href":"https:\/\/wein-werte.com\/en\/wp-json\/wp\/v2\/product"}],"about":[{"href":"https:\/\/wein-werte.com\/en\/wp-json\/wp\/v2\/types\/product"}],"wp:featuredmedia":[{"embeddable":true,"href":"https:\/\/wein-werte.com\/en\/wp-json\/wp\/v2\/media\/1143377"}],"wp:attachment":[{"href":"https:\/\/wein-werte.com\/en\/wp-json\/wp\/v2\/media?parent=1124378"}],"wp:term":[{"taxonomy":"product_brand","embeddable":true,"href":"https:\/\/wein-werte.com\/en\/wp-json\/wp\/v2\/product_brand?post=1124378"},{"taxonomy":"product_cat","embeddable":true,"href":"https:\/\/wein-werte.com\/en\/wp-json\/wp\/v2\/product_cat?post=1124378"},{"taxonomy":"product_tag","embeddable":true,"href":"https:\/\/wein-werte.com\/en\/wp-json\/wp\/v2\/product_tag?post=1124378"}],"curies":[{"name":"wp","href":"https:\/\/api.w.org\/{rel}","templated":true}]}}