{"id":1124377,"date":"2026-05-08T20:04:19","date_gmt":"2026-05-08T18:04:19","guid":{"rendered":"https:\/\/wein-werte.com\/product\/solemme-nature-de-solemme-blanc-de-blancs-brut-nature-millesime-2017-750ml\/"},"modified":"2026-05-08T20:04:19","modified_gmt":"2026-05-08T18:04:19","slug":"solemme-nature-de-solemme-blanc-de-blancs-brut-nature-millesime-2017-750ml","status":"publish","type":"product","link":"https:\/\/wein-werte.com\/en\/product\/solemme-nature-de-solemme-blanc-de-blancs-brut-nature-millesime-2017-750ml\/","title":{"rendered":"Solemme | Champagne | Nature de Solemme, Blanc de Blancs, Brut Nature, Mill\u00e9sim\u00e9 | 2017 | 750ml | bio"},"content":{"rendered":"<p>Product description for Solemme Nature de Solemme, Blanc de Blancs, Brut Nature, Mill\u00e9sim\u00e9 2017 (bio)<\/p>\n<h5>Information<\/h5>\n<p> The grapes come from a sandy-loam vineyard near Chamery, and only Chardonnay was used. There was no chaptalization, filtration, or tartaric stabilization. Furthermore, there was no malolactic fermentation. No sulphur was added when the wines were disgorged after at least 36 months. Nature de Solemme contains no dosage. <\/p>\n<h5>Colour<\/h5>\n<p> Medium straw yellow with elegant perlage. <\/p>\n<h5>Nose<\/h5>\n<p> This Chardonnay Champagne, which comes from sandy-loam soils, is ethereal, minty, and fresh with hints of autolysis, pastry, plenty of citrus fruit, and some crumbly apple. Its aromas are quite ripe and full, yet lean and precise. <\/p>\n<h5>Palate<\/h5>\n<p> On the palate, the six years of aging create an elegant mousse. The absence of malolactic fermentation lends the Nature de Solemme a punch and freshness, further emphasized by the tart citrus and citrus peel notes. The champagne is energetic and mineral.<\/p>\n<p>Copyright Vinaturel 2025<\/p>\n<p>Keywords: <a href=\"https:\/\/wein-werte.com\/shop\/?swoof=1&#038;pa_producer=Solemme\">Solemme<\/a> <a href=\"https:\/\/wein-werte.com\/shop\/?swoof=1&#038;woof_text=Nature de Solemme, Blanc de Blancs, Brut Nature, Mill\u00e9sim\u00e9\">Nature de Solemme, Blanc de Blancs, Brut Nature, Mill\u00e9sim\u00e9<\/a> 2017 bio <a href=\"https:\/\/wein-werte.com\/shop\/?swoof=1&#038;pa_region=Champagne\">Champagne<\/a> <a href=\"https:\/\/wein-werte.com\/shop\/?swoof=1&#038;pa_country=France\">France<\/a><\/p>\n<p>Producer website: <a href=\"https:\/\/www.champagnesolemme.fr\/\" target=\"_blank\">https:\/\/www.champagnesolemme.fr\/<\/a><\/p>\n","protected":false},"excerpt":{"rendered":"<p>Delivery time: 1 to 2 working days (DE), 2 to 5 working days (EU and CH)<\/p>\n","protected":false},"featured_media":1143375,"template":"","meta":[],"product_brand":[],"product_cat":[19],"product_tag":[],"class_list":{"0":"post-1124377","1":"product","2":"type-product","3":"status-publish","4":"has-post-thumbnail","6":"product_cat-unkategorisiert","7":"pa_alcohol-for-filter-12893","8":"pa_certified-biodynamic-no","9":"pa_certified-organic-yes","10":"pa_colour-white","11":"pa_country-france","12":"pa_grape-chardonnay","13":"pa_price-for-filter-10657","14":"pa_producer-solemme","15":"pa_region-champagne","16":"pa_size-ml-6584","17":"pa_sweetness-dry","18":"pa_type-2-champagne","19":"pa_vintage-6612","20":"entry","21":"has-media","23":"first","24":"instock","25":"taxable","26":"shipping-taxable","27":"purchasable","28":"product-type-simple"},"yoast_head":"<!-- This site is optimized with the Yoast SEO plugin v27.5 - https:\/\/yoast.com\/product\/yoast-seo-wordpress\/ -->\n<title>Solemme Nature de Solemme blanc de blancs Brut Nature Mill\u00e9sim\u00e9 2017<\/title>\n<meta name=\"description\" content=\"Buy Solemme Nature de Solemme blanc de blancs Brut Nature Mill\u00e9sim\u00e9 2017 - a dry Chardonnay sparkling wine from Champagne, France - at Wein Werte, your sustainable online shop.\" \/>\n<meta name=\"robots\" content=\"index, follow, max-snippet:-1, max-image-preview:large, max-video-preview:-1\" \/>\n<link rel=\"canonical\" href=\"https:\/\/wein-werte.com\/en\/product\/solemme-nature-de-solemme-blanc-de-blancs-brut-nature-millesime-2017-750ml\/\" \/>\n<meta property=\"og:locale\" content=\"en_US\" \/>\n<meta property=\"og:type\" content=\"article\" \/>\n<meta property=\"og:title\" content=\"Solemme Nature de Solemme blanc de blancs Brut Nature Mill\u00e9sim\u00e9 2017\" \/>\n<meta property=\"og:description\" content=\"Buy Solemme Nature de Solemme blanc de blancs Brut Nature Mill\u00e9sim\u00e9 2017 - a dry Chardonnay sparkling wine from Champagne, France - at Wein Werte, your sustainable online shop.\" \/>\n<meta property=\"og:url\" content=\"https:\/\/wein-werte.com\/en\/product\/solemme-nature-de-solemme-blanc-de-blancs-brut-nature-millesime-2017-750ml\/\" \/>\n<meta property=\"og:site_name\" content=\"Wein Werte\" \/>\n<meta property=\"og:image\" content=\"https:\/\/wein-werte.com\/wp-content\/uploads\/2026\/04\/Solemme-Nature-de-Solemme-blanc-de-blancs-Brut-Nature-Millesime-2017-750ml.png\" \/>\n\t<meta property=\"og:image:width\" content=\"328\" \/>\n\t<meta property=\"og:image:height\" content=\"1200\" \/>\n\t<meta property=\"og:image:type\" content=\"image\/png\" \/>\n<meta name=\"twitter:card\" content=\"summary_large_image\" \/>\n<meta name=\"twitter:label1\" content=\"Est. reading time\" \/>\n\t<meta name=\"twitter:data1\" content=\"1 minute\" \/>\n<script type=\"application\/ld+json\" class=\"yoast-schema-graph\">{\"@context\":\"https:\\\/\\\/schema.org\",\"@graph\":[{\"@type\":\"WebPage\",\"@id\":\"https:\\\/\\\/wein-werte.com\\\/en\\\/product\\\/solemme-nature-de-solemme-blanc-de-blancs-brut-nature-millesime-2017-750ml\\\/\",\"url\":\"https:\\\/\\\/wein-werte.com\\\/en\\\/product\\\/solemme-nature-de-solemme-blanc-de-blancs-brut-nature-millesime-2017-750ml\\\/\",\"name\":\"Solemme Nature de Solemme blanc de blancs Brut Nature Mill\u00e9sim\u00e9 2017\",\"isPartOf\":{\"@id\":\"https:\\\/\\\/wein-werte.com\\\/de\\\/#website\"},\"primaryImageOfPage\":{\"@id\":\"https:\\\/\\\/wein-werte.com\\\/en\\\/product\\\/solemme-nature-de-solemme-blanc-de-blancs-brut-nature-millesime-2017-750ml\\\/#primaryimage\"},\"image\":{\"@id\":\"https:\\\/\\\/wein-werte.com\\\/en\\\/product\\\/solemme-nature-de-solemme-blanc-de-blancs-brut-nature-millesime-2017-750ml\\\/#primaryimage\"},\"thumbnailUrl\":\"https:\\\/\\\/wein-werte.com\\\/wp-content\\\/uploads\\\/2026\\\/04\\\/Solemme-Nature-de-Solemme-blanc-de-blancs-Brut-Nature-Millesime-2017-750ml.png\",\"datePublished\":\"2026-05-08T18:04:19+00:00\",\"description\":\"Buy Solemme Nature de Solemme blanc de blancs Brut Nature Mill\u00e9sim\u00e9 2017 - a dry Chardonnay sparkling wine from Champagne, France - at Wein Werte, your sustainable online shop.\",\"breadcrumb\":{\"@id\":\"https:\\\/\\\/wein-werte.com\\\/en\\\/product\\\/solemme-nature-de-solemme-blanc-de-blancs-brut-nature-millesime-2017-750ml\\\/#breadcrumb\"},\"inLanguage\":\"en-US\",\"potentialAction\":[{\"@type\":\"ReadAction\",\"target\":[\"https:\\\/\\\/wein-werte.com\\\/en\\\/product\\\/solemme-nature-de-solemme-blanc-de-blancs-brut-nature-millesime-2017-750ml\\\/\"]}]},{\"@type\":\"ImageObject\",\"inLanguage\":\"en-US\",\"@id\":\"https:\\\/\\\/wein-werte.com\\\/en\\\/product\\\/solemme-nature-de-solemme-blanc-de-blancs-brut-nature-millesime-2017-750ml\\\/#primaryimage\",\"url\":\"https:\\\/\\\/wein-werte.com\\\/wp-content\\\/uploads\\\/2026\\\/04\\\/Solemme-Nature-de-Solemme-blanc-de-blancs-Brut-Nature-Millesime-2017-750ml.png\",\"contentUrl\":\"https:\\\/\\\/wein-werte.com\\\/wp-content\\\/uploads\\\/2026\\\/04\\\/Solemme-Nature-de-Solemme-blanc-de-blancs-Brut-Nature-Millesime-2017-750ml.png\",\"width\":328,\"height\":1200,\"caption\":\"Solemme Nature de Solemme, Blanc de Blancs, Brut Nature, Mill\u00e9sim\u00e9 2017 750ml\"},{\"@type\":\"BreadcrumbList\",\"@id\":\"https:\\\/\\\/wein-werte.com\\\/en\\\/product\\\/solemme-nature-de-solemme-blanc-de-blancs-brut-nature-millesime-2017-750ml\\\/#breadcrumb\",\"itemListElement\":[{\"@type\":\"ListItem\",\"position\":1,\"name\":\"Home\",\"item\":\"https:\\\/\\\/wein-werte.com\\\/en\\\/\"},{\"@type\":\"ListItem\",\"position\":2,\"name\":\"Shop Page\",\"item\":\"https:\\\/\\\/wein-werte.com\\\/en\\\/shop\\\/\"},{\"@type\":\"ListItem\",\"position\":3,\"name\":\"Solemme | Champagne | Nature de Solemme, Blanc de Blancs, Brut Nature, Mill\u00e9sim\u00e9 | 2017 | 750ml | bio\"}]},{\"@type\":\"WebSite\",\"@id\":\"https:\\\/\\\/wein-werte.com\\\/de\\\/#website\",\"url\":\"https:\\\/\\\/wein-werte.com\\\/de\\\/\",\"name\":\"Wein Werte\",\"description\":\"\",\"publisher\":{\"@id\":\"https:\\\/\\\/wein-werte.com\\\/de\\\/#organization\"},\"potentialAction\":[{\"@type\":\"SearchAction\",\"target\":{\"@type\":\"EntryPoint\",\"urlTemplate\":\"https:\\\/\\\/wein-werte.com\\\/de\\\/?s={search_term_string}\"},\"query-input\":{\"@type\":\"PropertyValueSpecification\",\"valueRequired\":true,\"valueName\":\"search_term_string\"}}],\"inLanguage\":\"en-US\"},{\"@type\":\"Organization\",\"@id\":\"https:\\\/\\\/wein-werte.com\\\/de\\\/#organization\",\"name\":\"Vins Fins Thorrold\",\"url\":\"https:\\\/\\\/wein-werte.com\\\/de\\\/\",\"logo\":{\"@type\":\"ImageObject\",\"inLanguage\":\"en-US\",\"@id\":\"https:\\\/\\\/wein-werte.com\\\/de\\\/#\\\/schema\\\/logo\\\/image\\\/\",\"url\":\"https:\\\/\\\/wein-werte.com\\\/wp-content\\\/uploads\\\/2023\\\/07\\\/Wein_werte_Logo700-1.png\",\"contentUrl\":\"https:\\\/\\\/wein-werte.com\\\/wp-content\\\/uploads\\\/2023\\\/07\\\/Wein_werte_Logo700-1.png\",\"width\":700,\"height\":272,\"caption\":\"Vins Fins Thorrold\"},\"image\":{\"@id\":\"https:\\\/\\\/wein-werte.com\\\/de\\\/#\\\/schema\\\/logo\\\/image\\\/\"}}]}<\/script>\n<!-- \/ Yoast SEO plugin. -->","yoast_head_json":{"title":"Solemme Nature de Solemme blanc de blancs Brut Nature Mill\u00e9sim\u00e9 2017","description":"Buy Solemme Nature de Solemme blanc de blancs Brut Nature Mill\u00e9sim\u00e9 2017 - a dry Chardonnay sparkling wine from Champagne, France - at Wein Werte, your sustainable online shop.","robots":{"index":"index","follow":"follow","max-snippet":"max-snippet:-1","max-image-preview":"max-image-preview:large","max-video-preview":"max-video-preview:-1"},"canonical":"https:\/\/wein-werte.com\/en\/product\/solemme-nature-de-solemme-blanc-de-blancs-brut-nature-millesime-2017-750ml\/","og_locale":"en_US","og_type":"article","og_title":"Solemme Nature de Solemme blanc de blancs Brut Nature Mill\u00e9sim\u00e9 2017","og_description":"Buy Solemme Nature de Solemme blanc de blancs Brut Nature Mill\u00e9sim\u00e9 2017 - a dry Chardonnay sparkling wine from Champagne, France - at Wein Werte, your sustainable online shop.","og_url":"https:\/\/wein-werte.com\/en\/product\/solemme-nature-de-solemme-blanc-de-blancs-brut-nature-millesime-2017-750ml\/","og_site_name":"Wein Werte","og_image":[{"width":328,"height":1200,"url":"https:\/\/wein-werte.com\/wp-content\/uploads\/2026\/04\/Solemme-Nature-de-Solemme-blanc-de-blancs-Brut-Nature-Millesime-2017-750ml.png","type":"image\/png"}],"twitter_card":"summary_large_image","twitter_misc":{"Est. reading time":"1 minute"},"schema":{"@context":"https:\/\/schema.org","@graph":[{"@type":"WebPage","@id":"https:\/\/wein-werte.com\/en\/product\/solemme-nature-de-solemme-blanc-de-blancs-brut-nature-millesime-2017-750ml\/","url":"https:\/\/wein-werte.com\/en\/product\/solemme-nature-de-solemme-blanc-de-blancs-brut-nature-millesime-2017-750ml\/","name":"Solemme Nature de Solemme blanc de blancs Brut Nature Mill\u00e9sim\u00e9 2017","isPartOf":{"@id":"https:\/\/wein-werte.com\/de\/#website"},"primaryImageOfPage":{"@id":"https:\/\/wein-werte.com\/en\/product\/solemme-nature-de-solemme-blanc-de-blancs-brut-nature-millesime-2017-750ml\/#primaryimage"},"image":{"@id":"https:\/\/wein-werte.com\/en\/product\/solemme-nature-de-solemme-blanc-de-blancs-brut-nature-millesime-2017-750ml\/#primaryimage"},"thumbnailUrl":"https:\/\/wein-werte.com\/wp-content\/uploads\/2026\/04\/Solemme-Nature-de-Solemme-blanc-de-blancs-Brut-Nature-Millesime-2017-750ml.png","datePublished":"2026-05-08T18:04:19+00:00","description":"Buy Solemme Nature de Solemme blanc de blancs Brut Nature Mill\u00e9sim\u00e9 2017 - a dry Chardonnay sparkling wine from Champagne, France - at Wein Werte, your sustainable online shop.","breadcrumb":{"@id":"https:\/\/wein-werte.com\/en\/product\/solemme-nature-de-solemme-blanc-de-blancs-brut-nature-millesime-2017-750ml\/#breadcrumb"},"inLanguage":"en-US","potentialAction":[{"@type":"ReadAction","target":["https:\/\/wein-werte.com\/en\/product\/solemme-nature-de-solemme-blanc-de-blancs-brut-nature-millesime-2017-750ml\/"]}]},{"@type":"ImageObject","inLanguage":"en-US","@id":"https:\/\/wein-werte.com\/en\/product\/solemme-nature-de-solemme-blanc-de-blancs-brut-nature-millesime-2017-750ml\/#primaryimage","url":"https:\/\/wein-werte.com\/wp-content\/uploads\/2026\/04\/Solemme-Nature-de-Solemme-blanc-de-blancs-Brut-Nature-Millesime-2017-750ml.png","contentUrl":"https:\/\/wein-werte.com\/wp-content\/uploads\/2026\/04\/Solemme-Nature-de-Solemme-blanc-de-blancs-Brut-Nature-Millesime-2017-750ml.png","width":328,"height":1200,"caption":"Solemme Nature de Solemme, Blanc de Blancs, Brut Nature, Mill\u00e9sim\u00e9 2017 750ml"},{"@type":"BreadcrumbList","@id":"https:\/\/wein-werte.com\/en\/product\/solemme-nature-de-solemme-blanc-de-blancs-brut-nature-millesime-2017-750ml\/#breadcrumb","itemListElement":[{"@type":"ListItem","position":1,"name":"Home","item":"https:\/\/wein-werte.com\/en\/"},{"@type":"ListItem","position":2,"name":"Shop Page","item":"https:\/\/wein-werte.com\/en\/shop\/"},{"@type":"ListItem","position":3,"name":"Solemme | Champagne | Nature de Solemme, Blanc de Blancs, Brut Nature, Mill\u00e9sim\u00e9 | 2017 | 750ml | bio"}]},{"@type":"WebSite","@id":"https:\/\/wein-werte.com\/de\/#website","url":"https:\/\/wein-werte.com\/de\/","name":"Wein Werte","description":"","publisher":{"@id":"https:\/\/wein-werte.com\/de\/#organization"},"potentialAction":[{"@type":"SearchAction","target":{"@type":"EntryPoint","urlTemplate":"https:\/\/wein-werte.com\/de\/?s={search_term_string}"},"query-input":{"@type":"PropertyValueSpecification","valueRequired":true,"valueName":"search_term_string"}}],"inLanguage":"en-US"},{"@type":"Organization","@id":"https:\/\/wein-werte.com\/de\/#organization","name":"Vins Fins Thorrold","url":"https:\/\/wein-werte.com\/de\/","logo":{"@type":"ImageObject","inLanguage":"en-US","@id":"https:\/\/wein-werte.com\/de\/#\/schema\/logo\/image\/","url":"https:\/\/wein-werte.com\/wp-content\/uploads\/2023\/07\/Wein_werte_Logo700-1.png","contentUrl":"https:\/\/wein-werte.com\/wp-content\/uploads\/2023\/07\/Wein_werte_Logo700-1.png","width":700,"height":272,"caption":"Vins Fins Thorrold"},"image":{"@id":"https:\/\/wein-werte.com\/de\/#\/schema\/logo\/image\/"}}]}},"_links":{"self":[{"href":"https:\/\/wein-werte.com\/en\/wp-json\/wp\/v2\/product\/1124377","targetHints":{"allow":["GET"]}}],"collection":[{"href":"https:\/\/wein-werte.com\/en\/wp-json\/wp\/v2\/product"}],"about":[{"href":"https:\/\/wein-werte.com\/en\/wp-json\/wp\/v2\/types\/product"}],"wp:featuredmedia":[{"embeddable":true,"href":"https:\/\/wein-werte.com\/en\/wp-json\/wp\/v2\/media\/1143375"}],"wp:attachment":[{"href":"https:\/\/wein-werte.com\/en\/wp-json\/wp\/v2\/media?parent=1124377"}],"wp:term":[{"taxonomy":"product_brand","embeddable":true,"href":"https:\/\/wein-werte.com\/en\/wp-json\/wp\/v2\/product_brand?post=1124377"},{"taxonomy":"product_cat","embeddable":true,"href":"https:\/\/wein-werte.com\/en\/wp-json\/wp\/v2\/product_cat?post=1124377"},{"taxonomy":"product_tag","embeddable":true,"href":"https:\/\/wein-werte.com\/en\/wp-json\/wp\/v2\/product_tag?post=1124377"}],"curies":[{"name":"wp","href":"https:\/\/api.w.org\/{rel}","templated":true}]}}