{"id":1124376,"date":"2026-05-12T15:50:52","date_gmt":"2026-05-12T13:50:52","guid":{"rendered":"https:\/\/wein-werte.com\/product\/solemme-esprit-de-solemme-1er-cru-brut-nature-millesime-2019-750ml\/"},"modified":"2026-05-13T15:15:06","modified_gmt":"2026-05-13T13:15:06","slug":"solemme-esprit-de-solemme-1er-cru-brut-nature-millesime-2019-750ml","status":"publish","type":"product","link":"https:\/\/wein-werte.com\/en\/product\/solemme-esprit-de-solemme-1er-cru-brut-nature-millesime-2019-750ml\/","title":{"rendered":"Solemme | Champagne | Esprit de Solemme, 1er Cru Brut Nature, Mill\u00e9sim\u00e9 | 2019 | 750ml | bio"},"content":{"rendered":"<p>Product description for Solemme Esprit de Solemme, 1er Cru Brut Nature, Mill\u00e9sim\u00e9 2019 (bio)<\/p>\n<h5>Information<\/h5>\n<p> The grapes come from limestone soils in Villers-aux-N\u0153uds and from the clay-limestone slopes of Chamery. A blend of 50% Chardonnay, 25% Pinot Noir, and 25% Pinot Meunier was used here. There was no chaptalization, filtration, or tartar stabilization. No sulphur was added when the wine was disgorged after at least 36 months. Esprit de Solemme contains no dosage. <\/p>\n<h5>Colour<\/h5>\n<p> Light bronze with lively perlage. <\/p>\n<h5>Nose<\/h5>\n<p> Esprit de Solemme has an elegant aroma with a very distinctive character. Notes of noisette, pastry, and preserved lemon peel are mixed with aromas of fino sherry, some rock, and herbs. <\/p>\n<h5>Palate<\/h5>\n<p> These light sherry notes are also found on the palate, along with notes of ripe and mellow stone fruit, grapefruit peel, and citrus fruits. The champagne is dry and straight, with a prominent mousse and a chalky texture. It has a distinctive character.<\/p>\n<p>Copyright Vinaturel 2025<\/p>\n<p>Keywords: <a href=\"https:\/\/wein-werte.com\/shop\/?swoof=1&#038;pa_producer=Solemme\">Solemme<\/a> <a href=\"https:\/\/wein-werte.com\/shop\/?swoof=1&#038;woof_text=Esprit de Solemme, 1er Cru Brut Nature, Mill\u00e9sim\u00e9\">Esprit de Solemme, 1er Cru Brut Nature, Mill\u00e9sim\u00e9<\/a> 2019 bio <a href=\"https:\/\/wein-werte.com\/shop\/?swoof=1&#038;pa_region=Champagne\">Champagne<\/a> <a href=\"https:\/\/wein-werte.com\/shop\/?swoof=1&#038;pa_country=France\">France<\/a><\/p>\n<p>Producer website: <a href=\"https:\/\/www.champagnesolemme.fr\/\" target=\"_blank\">https:\/\/www.champagnesolemme.fr\/<\/a><\/p>\n","protected":false},"excerpt":{"rendered":"<div style=\"font-size: 14px;\">\n<p>Delivery time: 1 to 2 working days (DE), 2 to 5 working days (EU and CH)<\/p>\n<p>Approximate energy content per 125ml glass: 95 kcal<\/p>\n<\/p><\/div>\n","protected":false},"featured_media":1143373,"template":"","meta":[],"product_brand":[],"product_cat":[19],"product_tag":[],"class_list":{"0":"post-1124376","1":"product","2":"type-product","3":"status-publish","4":"has-post-thumbnail","6":"product_cat-unkategorisiert","7":"pa_alcohol-for-filter-12893","8":"pa_certified-biodynamic-no","9":"pa_certified-organic-yes","10":"pa_colour-white","11":"pa_country-france","12":"pa_grape-chardonnay-blend","13":"pa_price-for-filter-10610","14":"pa_producer-solemme","15":"pa_region-champagne","16":"pa_size-ml-6584","17":"pa_sweetness-dry","18":"pa_type-2-champagne","19":"pa_vintage-6583","20":"entry","21":"has-media","23":"first","24":"instock","25":"taxable","26":"shipping-taxable","27":"purchasable","28":"product-type-simple"},"yoast_head":"<!-- This site is optimized with the Yoast SEO plugin v27.6 - https:\/\/yoast.com\/product\/yoast-seo-wordpress\/ -->\n<title>Solemme Esprit de Solemme 1er Cru Brut Nature Mill\u00e9sim\u00e9 2019 750ml<\/title>\n<meta name=\"description\" content=\"Buy Solemme Esprit de Solemme 1er Cru Brut Nature Mill\u00e9sim\u00e9 2019 - a dry Chardonnay blend sparkling wine from Champagne, France - at Wein Werte, your sustainable online shop.\" \/>\n<meta name=\"robots\" content=\"index, follow, max-snippet:-1, max-image-preview:large, max-video-preview:-1\" \/>\n<link rel=\"canonical\" href=\"https:\/\/wein-werte.com\/en\/product\/solemme-esprit-de-solemme-1er-cru-brut-nature-millesime-2019-750ml\/\" \/>\n<meta property=\"og:locale\" content=\"en_US\" \/>\n<meta property=\"og:type\" content=\"article\" \/>\n<meta property=\"og:title\" content=\"Solemme Esprit de Solemme 1er Cru Brut Nature Mill\u00e9sim\u00e9 2019 750ml\" \/>\n<meta property=\"og:description\" content=\"Buy Solemme Esprit de Solemme 1er Cru Brut Nature Mill\u00e9sim\u00e9 2019 - a dry Chardonnay blend sparkling wine from Champagne, France - at Wein Werte, your sustainable online shop.\" \/>\n<meta property=\"og:url\" content=\"https:\/\/wein-werte.com\/en\/product\/solemme-esprit-de-solemme-1er-cru-brut-nature-millesime-2019-750ml\/\" \/>\n<meta property=\"og:site_name\" content=\"Wein Werte\" \/>\n<meta property=\"article:modified_time\" content=\"2026-05-13T13:15:06+00:00\" \/>\n<meta property=\"og:image\" content=\"https:\/\/wein-werte.com\/wp-content\/uploads\/2026\/04\/Solemme-Esprit-de-Solemme-1er-Cru-Brut-Nature-Millesime-2019-750ml.png\" \/>\n\t<meta property=\"og:image:width\" content=\"326\" \/>\n\t<meta property=\"og:image:height\" content=\"1200\" \/>\n\t<meta property=\"og:image:type\" content=\"image\/png\" \/>\n<meta name=\"twitter:card\" content=\"summary_large_image\" \/>\n<meta name=\"twitter:label1\" content=\"Est. reading time\" \/>\n\t<meta name=\"twitter:data1\" content=\"1 minute\" \/>\n<script type=\"application\/ld+json\" class=\"yoast-schema-graph\">{\"@context\":\"https:\\\/\\\/schema.org\",\"@graph\":[{\"@type\":\"WebPage\",\"@id\":\"https:\\\/\\\/wein-werte.com\\\/en\\\/product\\\/solemme-esprit-de-solemme-1er-cru-brut-nature-millesime-2019-750ml\\\/\",\"url\":\"https:\\\/\\\/wein-werte.com\\\/en\\\/product\\\/solemme-esprit-de-solemme-1er-cru-brut-nature-millesime-2019-750ml\\\/\",\"name\":\"Solemme Esprit de Solemme 1er Cru Brut Nature Mill\u00e9sim\u00e9 2019 750ml\",\"isPartOf\":{\"@id\":\"https:\\\/\\\/wein-werte.com\\\/de\\\/#website\"},\"primaryImageOfPage\":{\"@id\":\"https:\\\/\\\/wein-werte.com\\\/en\\\/product\\\/solemme-esprit-de-solemme-1er-cru-brut-nature-millesime-2019-750ml\\\/#primaryimage\"},\"image\":{\"@id\":\"https:\\\/\\\/wein-werte.com\\\/en\\\/product\\\/solemme-esprit-de-solemme-1er-cru-brut-nature-millesime-2019-750ml\\\/#primaryimage\"},\"thumbnailUrl\":\"https:\\\/\\\/wein-werte.com\\\/wp-content\\\/uploads\\\/2026\\\/04\\\/Solemme-Esprit-de-Solemme-1er-Cru-Brut-Nature-Millesime-2019-750ml.png\",\"datePublished\":\"2026-05-12T13:50:52+00:00\",\"dateModified\":\"2026-05-13T13:15:06+00:00\",\"description\":\"Buy Solemme Esprit de Solemme 1er Cru Brut Nature Mill\u00e9sim\u00e9 2019 - a dry Chardonnay blend sparkling wine from Champagne, France - at Wein Werte, your sustainable online shop.\",\"breadcrumb\":{\"@id\":\"https:\\\/\\\/wein-werte.com\\\/en\\\/product\\\/solemme-esprit-de-solemme-1er-cru-brut-nature-millesime-2019-750ml\\\/#breadcrumb\"},\"inLanguage\":\"en-US\",\"potentialAction\":[{\"@type\":\"ReadAction\",\"target\":[\"https:\\\/\\\/wein-werte.com\\\/en\\\/product\\\/solemme-esprit-de-solemme-1er-cru-brut-nature-millesime-2019-750ml\\\/\"]}]},{\"@type\":\"ImageObject\",\"inLanguage\":\"en-US\",\"@id\":\"https:\\\/\\\/wein-werte.com\\\/en\\\/product\\\/solemme-esprit-de-solemme-1er-cru-brut-nature-millesime-2019-750ml\\\/#primaryimage\",\"url\":\"https:\\\/\\\/wein-werte.com\\\/wp-content\\\/uploads\\\/2026\\\/04\\\/Solemme-Esprit-de-Solemme-1er-Cru-Brut-Nature-Millesime-2019-750ml.png\",\"contentUrl\":\"https:\\\/\\\/wein-werte.com\\\/wp-content\\\/uploads\\\/2026\\\/04\\\/Solemme-Esprit-de-Solemme-1er-Cru-Brut-Nature-Millesime-2019-750ml.png\",\"width\":326,\"height\":1200,\"caption\":\"Solemme Esprit de Solemme, 1er Cru Brut Nature, Mill\u00e9sim\u00e9 2019 750ml\"},{\"@type\":\"BreadcrumbList\",\"@id\":\"https:\\\/\\\/wein-werte.com\\\/en\\\/product\\\/solemme-esprit-de-solemme-1er-cru-brut-nature-millesime-2019-750ml\\\/#breadcrumb\",\"itemListElement\":[{\"@type\":\"ListItem\",\"position\":1,\"name\":\"Home\",\"item\":\"https:\\\/\\\/wein-werte.com\\\/en\\\/\"},{\"@type\":\"ListItem\",\"position\":2,\"name\":\"Shop Page\",\"item\":\"https:\\\/\\\/wein-werte.com\\\/en\\\/shop\\\/\"},{\"@type\":\"ListItem\",\"position\":3,\"name\":\"Solemme | Champagne | Esprit de Solemme, 1er Cru Brut Nature, Mill\u00e9sim\u00e9 | 2019 | 750ml | bio\"}]},{\"@type\":\"WebSite\",\"@id\":\"https:\\\/\\\/wein-werte.com\\\/de\\\/#website\",\"url\":\"https:\\\/\\\/wein-werte.com\\\/de\\\/\",\"name\":\"Wein Werte\",\"description\":\"\",\"publisher\":{\"@id\":\"https:\\\/\\\/wein-werte.com\\\/de\\\/#organization\"},\"potentialAction\":[{\"@type\":\"SearchAction\",\"target\":{\"@type\":\"EntryPoint\",\"urlTemplate\":\"https:\\\/\\\/wein-werte.com\\\/de\\\/?s={search_term_string}\"},\"query-input\":{\"@type\":\"PropertyValueSpecification\",\"valueRequired\":true,\"valueName\":\"search_term_string\"}}],\"inLanguage\":\"en-US\"},{\"@type\":\"Organization\",\"@id\":\"https:\\\/\\\/wein-werte.com\\\/de\\\/#organization\",\"name\":\"Vins Fins Thorrold\",\"url\":\"https:\\\/\\\/wein-werte.com\\\/de\\\/\",\"logo\":{\"@type\":\"ImageObject\",\"inLanguage\":\"en-US\",\"@id\":\"https:\\\/\\\/wein-werte.com\\\/de\\\/#\\\/schema\\\/logo\\\/image\\\/\",\"url\":\"https:\\\/\\\/wein-werte.com\\\/wp-content\\\/uploads\\\/2023\\\/07\\\/Wein_werte_Logo700-1.png\",\"contentUrl\":\"https:\\\/\\\/wein-werte.com\\\/wp-content\\\/uploads\\\/2023\\\/07\\\/Wein_werte_Logo700-1.png\",\"width\":700,\"height\":272,\"caption\":\"Vins Fins Thorrold\"},\"image\":{\"@id\":\"https:\\\/\\\/wein-werte.com\\\/de\\\/#\\\/schema\\\/logo\\\/image\\\/\"}}]}<\/script>\n<!-- \/ Yoast SEO plugin. -->","yoast_head_json":{"title":"Solemme Esprit de Solemme 1er Cru Brut Nature Mill\u00e9sim\u00e9 2019 750ml","description":"Buy Solemme Esprit de Solemme 1er Cru Brut Nature Mill\u00e9sim\u00e9 2019 - a dry Chardonnay blend sparkling wine from Champagne, France - at Wein Werte, your sustainable online shop.","robots":{"index":"index","follow":"follow","max-snippet":"max-snippet:-1","max-image-preview":"max-image-preview:large","max-video-preview":"max-video-preview:-1"},"canonical":"https:\/\/wein-werte.com\/en\/product\/solemme-esprit-de-solemme-1er-cru-brut-nature-millesime-2019-750ml\/","og_locale":"en_US","og_type":"article","og_title":"Solemme Esprit de Solemme 1er Cru Brut Nature Mill\u00e9sim\u00e9 2019 750ml","og_description":"Buy Solemme Esprit de Solemme 1er Cru Brut Nature Mill\u00e9sim\u00e9 2019 - a dry Chardonnay blend sparkling wine from Champagne, France - at Wein Werte, your sustainable online shop.","og_url":"https:\/\/wein-werte.com\/en\/product\/solemme-esprit-de-solemme-1er-cru-brut-nature-millesime-2019-750ml\/","og_site_name":"Wein Werte","article_modified_time":"2026-05-13T13:15:06+00:00","og_image":[{"width":326,"height":1200,"url":"https:\/\/wein-werte.com\/wp-content\/uploads\/2026\/04\/Solemme-Esprit-de-Solemme-1er-Cru-Brut-Nature-Millesime-2019-750ml.png","type":"image\/png"}],"twitter_card":"summary_large_image","twitter_misc":{"Est. reading time":"1 minute"},"schema":{"@context":"https:\/\/schema.org","@graph":[{"@type":"WebPage","@id":"https:\/\/wein-werte.com\/en\/product\/solemme-esprit-de-solemme-1er-cru-brut-nature-millesime-2019-750ml\/","url":"https:\/\/wein-werte.com\/en\/product\/solemme-esprit-de-solemme-1er-cru-brut-nature-millesime-2019-750ml\/","name":"Solemme Esprit de Solemme 1er Cru Brut Nature Mill\u00e9sim\u00e9 2019 750ml","isPartOf":{"@id":"https:\/\/wein-werte.com\/de\/#website"},"primaryImageOfPage":{"@id":"https:\/\/wein-werte.com\/en\/product\/solemme-esprit-de-solemme-1er-cru-brut-nature-millesime-2019-750ml\/#primaryimage"},"image":{"@id":"https:\/\/wein-werte.com\/en\/product\/solemme-esprit-de-solemme-1er-cru-brut-nature-millesime-2019-750ml\/#primaryimage"},"thumbnailUrl":"https:\/\/wein-werte.com\/wp-content\/uploads\/2026\/04\/Solemme-Esprit-de-Solemme-1er-Cru-Brut-Nature-Millesime-2019-750ml.png","datePublished":"2026-05-12T13:50:52+00:00","dateModified":"2026-05-13T13:15:06+00:00","description":"Buy Solemme Esprit de Solemme 1er Cru Brut Nature Mill\u00e9sim\u00e9 2019 - a dry Chardonnay blend sparkling wine from Champagne, France - at Wein Werte, your sustainable online shop.","breadcrumb":{"@id":"https:\/\/wein-werte.com\/en\/product\/solemme-esprit-de-solemme-1er-cru-brut-nature-millesime-2019-750ml\/#breadcrumb"},"inLanguage":"en-US","potentialAction":[{"@type":"ReadAction","target":["https:\/\/wein-werte.com\/en\/product\/solemme-esprit-de-solemme-1er-cru-brut-nature-millesime-2019-750ml\/"]}]},{"@type":"ImageObject","inLanguage":"en-US","@id":"https:\/\/wein-werte.com\/en\/product\/solemme-esprit-de-solemme-1er-cru-brut-nature-millesime-2019-750ml\/#primaryimage","url":"https:\/\/wein-werte.com\/wp-content\/uploads\/2026\/04\/Solemme-Esprit-de-Solemme-1er-Cru-Brut-Nature-Millesime-2019-750ml.png","contentUrl":"https:\/\/wein-werte.com\/wp-content\/uploads\/2026\/04\/Solemme-Esprit-de-Solemme-1er-Cru-Brut-Nature-Millesime-2019-750ml.png","width":326,"height":1200,"caption":"Solemme Esprit de Solemme, 1er Cru Brut Nature, Mill\u00e9sim\u00e9 2019 750ml"},{"@type":"BreadcrumbList","@id":"https:\/\/wein-werte.com\/en\/product\/solemme-esprit-de-solemme-1er-cru-brut-nature-millesime-2019-750ml\/#breadcrumb","itemListElement":[{"@type":"ListItem","position":1,"name":"Home","item":"https:\/\/wein-werte.com\/en\/"},{"@type":"ListItem","position":2,"name":"Shop Page","item":"https:\/\/wein-werte.com\/en\/shop\/"},{"@type":"ListItem","position":3,"name":"Solemme | Champagne | Esprit de Solemme, 1er Cru Brut Nature, Mill\u00e9sim\u00e9 | 2019 | 750ml | bio"}]},{"@type":"WebSite","@id":"https:\/\/wein-werte.com\/de\/#website","url":"https:\/\/wein-werte.com\/de\/","name":"Wein Werte","description":"","publisher":{"@id":"https:\/\/wein-werte.com\/de\/#organization"},"potentialAction":[{"@type":"SearchAction","target":{"@type":"EntryPoint","urlTemplate":"https:\/\/wein-werte.com\/de\/?s={search_term_string}"},"query-input":{"@type":"PropertyValueSpecification","valueRequired":true,"valueName":"search_term_string"}}],"inLanguage":"en-US"},{"@type":"Organization","@id":"https:\/\/wein-werte.com\/de\/#organization","name":"Vins Fins Thorrold","url":"https:\/\/wein-werte.com\/de\/","logo":{"@type":"ImageObject","inLanguage":"en-US","@id":"https:\/\/wein-werte.com\/de\/#\/schema\/logo\/image\/","url":"https:\/\/wein-werte.com\/wp-content\/uploads\/2023\/07\/Wein_werte_Logo700-1.png","contentUrl":"https:\/\/wein-werte.com\/wp-content\/uploads\/2023\/07\/Wein_werte_Logo700-1.png","width":700,"height":272,"caption":"Vins Fins Thorrold"},"image":{"@id":"https:\/\/wein-werte.com\/de\/#\/schema\/logo\/image\/"}}]}},"_links":{"self":[{"href":"https:\/\/wein-werte.com\/en\/wp-json\/wp\/v2\/product\/1124376","targetHints":{"allow":["GET"]}}],"collection":[{"href":"https:\/\/wein-werte.com\/en\/wp-json\/wp\/v2\/product"}],"about":[{"href":"https:\/\/wein-werte.com\/en\/wp-json\/wp\/v2\/types\/product"}],"wp:featuredmedia":[{"embeddable":true,"href":"https:\/\/wein-werte.com\/en\/wp-json\/wp\/v2\/media\/1143373"}],"wp:attachment":[{"href":"https:\/\/wein-werte.com\/en\/wp-json\/wp\/v2\/media?parent=1124376"}],"wp:term":[{"taxonomy":"product_brand","embeddable":true,"href":"https:\/\/wein-werte.com\/en\/wp-json\/wp\/v2\/product_brand?post=1124376"},{"taxonomy":"product_cat","embeddable":true,"href":"https:\/\/wein-werte.com\/en\/wp-json\/wp\/v2\/product_cat?post=1124376"},{"taxonomy":"product_tag","embeddable":true,"href":"https:\/\/wein-werte.com\/en\/wp-json\/wp\/v2\/product_tag?post=1124376"}],"curies":[{"name":"wp","href":"https:\/\/api.w.org\/{rel}","templated":true}]}}