{"id":1124375,"date":"2026-05-08T20:04:18","date_gmt":"2026-05-08T18:04:18","guid":{"rendered":"https:\/\/wein-werte.com\/product\/solemme-plenitude-de-solemme-1er-cru-extra-brut-millesime-2019-750ml\/"},"modified":"2026-05-08T20:04:18","modified_gmt":"2026-05-08T18:04:18","slug":"solemme-plenitude-de-solemme-1er-cru-extra-brut-millesime-2019-750ml","status":"publish","type":"product","link":"https:\/\/wein-werte.com\/en\/product\/solemme-plenitude-de-solemme-1er-cru-extra-brut-millesime-2019-750ml\/","title":{"rendered":"Solemme | Champagne | Pl\u00e9nitude de Solemme, 1er Cru Extra Brut, Mill\u00e9sim\u00e9 | 2019 | 750ml | bio"},"content":{"rendered":"<p>Product description for Solemme Pl\u00e9nitude de Solemme, 1er Cru Extra Brut, Mill\u00e9sim\u00e9 2019 (bio)<\/p>\n<h5>Information<\/h5>\n<p> The grapes come from the chalky terroir of Villers-aux-N\u0153uds and the clay-limestone slopes of Chamery. Pl\u00e9nitude represents the typicality of the Petite Montagne de Reims terroir. A blend of 50% Chardonnay and 50% Pinot Meunier was used here. There was no chaptalization, filtration, or tartaric stabilization. Pl\u00e9nitude contains 1.5 grams of dosage. <\/p>\n<h5>Colour<\/h5>\n<p> Medium straw yellow with lively mousse. <\/p>\n<h5>Nose<\/h5>\n<p> Pl\u00e9nitude de Solemme is a fragrant champagne reminiscent of apples and apple skins, mingled with a touch of noisette and pastry. Overlying are notes of white flowers, a touch of lemon peel, and rock. <\/p>\n<h5>Palate<\/h5>\n<p> On the palate, the champagne is fresh and pleasantly powerful. The perlage is dense and lively. It has a pleasantly dry feel, and the very low dosage provides just the right amount of charm. In addition to the apple aromas, there are red berries and a hint of grapefruit. This is a successful entry into the Champagne Solemme portfolio.<\/p>\n<p>Copyright Vinaturel 2025<\/p>\n<p>Keywords: <a href=\"https:\/\/wein-werte.com\/shop\/?swoof=1&#038;pa_producer=Solemme\">Solemme<\/a> <a href=\"https:\/\/wein-werte.com\/shop\/?swoof=1&#038;woof_text=Pl\u00e9nitude de Solemme, 1er Cru Extra Brut, Mill\u00e9sim\u00e9\">Pl\u00e9nitude de Solemme, 1er Cru Extra Brut, Mill\u00e9sim\u00e9<\/a> 2019 bio <a href=\"https:\/\/wein-werte.com\/shop\/?swoof=1&#038;pa_region=Champagne\">Champagne<\/a> <a href=\"https:\/\/wein-werte.com\/shop\/?swoof=1&#038;pa_country=France\">France<\/a><\/p>\n<p>Producer website: <a href=\"https:\/\/www.champagnesolemme.fr\/\" target=\"_blank\">https:\/\/www.champagnesolemme.fr\/<\/a><\/p>\n","protected":false},"excerpt":{"rendered":"<p>Delivery time: 1 to 2 working days (DE), 2 to 5 working days (EU and CH)<\/p>\n","protected":false},"featured_media":1143371,"template":"","meta":[],"product_brand":[],"product_cat":[19],"product_tag":[],"class_list":{"0":"post-1124375","1":"product","2":"type-product","3":"status-publish","4":"has-post-thumbnail","6":"product_cat-unkategorisiert","7":"pa_alcohol-for-filter-12893","8":"pa_certified-biodynamic-no","9":"pa_certified-organic-yes","10":"pa_colour-white","11":"pa_country-france","12":"pa_grape-chardonnay-blend","13":"pa_price-for-filter-10576","14":"pa_producer-solemme","15":"pa_region-champagne","16":"pa_size-ml-6584","17":"pa_sweetness-dry","18":"pa_type-2-champagne","19":"pa_vintage-6583","20":"entry","21":"has-media","23":"first","24":"instock","25":"taxable","26":"shipping-taxable","27":"purchasable","28":"product-type-simple"},"yoast_head":"<!-- This site is optimized with the Yoast SEO plugin v27.5 - https:\/\/yoast.com\/product\/yoast-seo-wordpress\/ -->\n<title>Solemme Pl\u00e9nitude de Solemme 1er Cru Extra Brut Mill\u00e9sim\u00e9 2019<\/title>\n<meta name=\"description\" content=\"Buy Solemme Pl\u00e9nitude de Solemme 1er Cru Extra Brut Mill\u00e9sim\u00e9 2019 - a dry Chardonnay blend sparkling wine from Champagne, France - at Wein Werte, your sustainable online shop.\" \/>\n<meta name=\"robots\" content=\"index, follow, max-snippet:-1, max-image-preview:large, max-video-preview:-1\" \/>\n<link rel=\"canonical\" href=\"https:\/\/wein-werte.com\/en\/product\/solemme-plenitude-de-solemme-1er-cru-extra-brut-millesime-2019-750ml\/\" \/>\n<meta property=\"og:locale\" content=\"en_US\" \/>\n<meta property=\"og:type\" content=\"article\" \/>\n<meta property=\"og:title\" content=\"Solemme Pl\u00e9nitude de Solemme 1er Cru Extra Brut Mill\u00e9sim\u00e9 2019\" \/>\n<meta property=\"og:description\" content=\"Buy Solemme Pl\u00e9nitude de Solemme 1er Cru Extra Brut Mill\u00e9sim\u00e9 2019 - a dry Chardonnay blend sparkling wine from Champagne, France - at Wein Werte, your sustainable online shop.\" \/>\n<meta property=\"og:url\" content=\"https:\/\/wein-werte.com\/en\/product\/solemme-plenitude-de-solemme-1er-cru-extra-brut-millesime-2019-750ml\/\" \/>\n<meta property=\"og:site_name\" content=\"Wein Werte\" \/>\n<meta property=\"og:image\" content=\"https:\/\/wein-werte.com\/wp-content\/uploads\/2026\/04\/Solemme-Plenitude-de-Solemme-1er-Cru-Extra-Brut-Millesime-2019-750ml.png\" \/>\n\t<meta property=\"og:image:width\" content=\"329\" \/>\n\t<meta property=\"og:image:height\" content=\"1200\" \/>\n\t<meta property=\"og:image:type\" content=\"image\/png\" \/>\n<meta name=\"twitter:card\" content=\"summary_large_image\" \/>\n<meta name=\"twitter:label1\" content=\"Est. reading time\" \/>\n\t<meta name=\"twitter:data1\" content=\"1 minute\" \/>\n<script type=\"application\/ld+json\" class=\"yoast-schema-graph\">{\"@context\":\"https:\\\/\\\/schema.org\",\"@graph\":[{\"@type\":\"WebPage\",\"@id\":\"https:\\\/\\\/wein-werte.com\\\/en\\\/product\\\/solemme-plenitude-de-solemme-1er-cru-extra-brut-millesime-2019-750ml\\\/\",\"url\":\"https:\\\/\\\/wein-werte.com\\\/en\\\/product\\\/solemme-plenitude-de-solemme-1er-cru-extra-brut-millesime-2019-750ml\\\/\",\"name\":\"Solemme Pl\u00e9nitude de Solemme 1er Cru Extra Brut Mill\u00e9sim\u00e9 2019\",\"isPartOf\":{\"@id\":\"https:\\\/\\\/wein-werte.com\\\/de\\\/#website\"},\"primaryImageOfPage\":{\"@id\":\"https:\\\/\\\/wein-werte.com\\\/en\\\/product\\\/solemme-plenitude-de-solemme-1er-cru-extra-brut-millesime-2019-750ml\\\/#primaryimage\"},\"image\":{\"@id\":\"https:\\\/\\\/wein-werte.com\\\/en\\\/product\\\/solemme-plenitude-de-solemme-1er-cru-extra-brut-millesime-2019-750ml\\\/#primaryimage\"},\"thumbnailUrl\":\"https:\\\/\\\/wein-werte.com\\\/wp-content\\\/uploads\\\/2026\\\/04\\\/Solemme-Plenitude-de-Solemme-1er-Cru-Extra-Brut-Millesime-2019-750ml.png\",\"datePublished\":\"2026-05-08T18:04:18+00:00\",\"description\":\"Buy Solemme Pl\u00e9nitude de Solemme 1er Cru Extra Brut Mill\u00e9sim\u00e9 2019 - a dry Chardonnay blend sparkling wine from Champagne, France - at Wein Werte, your sustainable online shop.\",\"breadcrumb\":{\"@id\":\"https:\\\/\\\/wein-werte.com\\\/en\\\/product\\\/solemme-plenitude-de-solemme-1er-cru-extra-brut-millesime-2019-750ml\\\/#breadcrumb\"},\"inLanguage\":\"en-US\",\"potentialAction\":[{\"@type\":\"ReadAction\",\"target\":[\"https:\\\/\\\/wein-werte.com\\\/en\\\/product\\\/solemme-plenitude-de-solemme-1er-cru-extra-brut-millesime-2019-750ml\\\/\"]}]},{\"@type\":\"ImageObject\",\"inLanguage\":\"en-US\",\"@id\":\"https:\\\/\\\/wein-werte.com\\\/en\\\/product\\\/solemme-plenitude-de-solemme-1er-cru-extra-brut-millesime-2019-750ml\\\/#primaryimage\",\"url\":\"https:\\\/\\\/wein-werte.com\\\/wp-content\\\/uploads\\\/2026\\\/04\\\/Solemme-Plenitude-de-Solemme-1er-Cru-Extra-Brut-Millesime-2019-750ml.png\",\"contentUrl\":\"https:\\\/\\\/wein-werte.com\\\/wp-content\\\/uploads\\\/2026\\\/04\\\/Solemme-Plenitude-de-Solemme-1er-Cru-Extra-Brut-Millesime-2019-750ml.png\",\"width\":329,\"height\":1200,\"caption\":\"Solemme Pl\u00e9nitude de Solemme, 1er Cru Extra Brut, Mill\u00e9sim\u00e9 2019 750ml\"},{\"@type\":\"BreadcrumbList\",\"@id\":\"https:\\\/\\\/wein-werte.com\\\/en\\\/product\\\/solemme-plenitude-de-solemme-1er-cru-extra-brut-millesime-2019-750ml\\\/#breadcrumb\",\"itemListElement\":[{\"@type\":\"ListItem\",\"position\":1,\"name\":\"Home\",\"item\":\"https:\\\/\\\/wein-werte.com\\\/en\\\/\"},{\"@type\":\"ListItem\",\"position\":2,\"name\":\"Shop Page\",\"item\":\"https:\\\/\\\/wein-werte.com\\\/en\\\/shop\\\/\"},{\"@type\":\"ListItem\",\"position\":3,\"name\":\"Solemme | Champagne | Pl\u00e9nitude de Solemme, 1er Cru Extra Brut, Mill\u00e9sim\u00e9 | 2019 | 750ml | bio\"}]},{\"@type\":\"WebSite\",\"@id\":\"https:\\\/\\\/wein-werte.com\\\/de\\\/#website\",\"url\":\"https:\\\/\\\/wein-werte.com\\\/de\\\/\",\"name\":\"Wein Werte\",\"description\":\"\",\"publisher\":{\"@id\":\"https:\\\/\\\/wein-werte.com\\\/de\\\/#organization\"},\"potentialAction\":[{\"@type\":\"SearchAction\",\"target\":{\"@type\":\"EntryPoint\",\"urlTemplate\":\"https:\\\/\\\/wein-werte.com\\\/de\\\/?s={search_term_string}\"},\"query-input\":{\"@type\":\"PropertyValueSpecification\",\"valueRequired\":true,\"valueName\":\"search_term_string\"}}],\"inLanguage\":\"en-US\"},{\"@type\":\"Organization\",\"@id\":\"https:\\\/\\\/wein-werte.com\\\/de\\\/#organization\",\"name\":\"Vins Fins Thorrold\",\"url\":\"https:\\\/\\\/wein-werte.com\\\/de\\\/\",\"logo\":{\"@type\":\"ImageObject\",\"inLanguage\":\"en-US\",\"@id\":\"https:\\\/\\\/wein-werte.com\\\/de\\\/#\\\/schema\\\/logo\\\/image\\\/\",\"url\":\"https:\\\/\\\/wein-werte.com\\\/wp-content\\\/uploads\\\/2023\\\/07\\\/Wein_werte_Logo700-1.png\",\"contentUrl\":\"https:\\\/\\\/wein-werte.com\\\/wp-content\\\/uploads\\\/2023\\\/07\\\/Wein_werte_Logo700-1.png\",\"width\":700,\"height\":272,\"caption\":\"Vins Fins Thorrold\"},\"image\":{\"@id\":\"https:\\\/\\\/wein-werte.com\\\/de\\\/#\\\/schema\\\/logo\\\/image\\\/\"}}]}<\/script>\n<!-- \/ Yoast SEO plugin. -->","yoast_head_json":{"title":"Solemme Pl\u00e9nitude de Solemme 1er Cru Extra Brut Mill\u00e9sim\u00e9 2019","description":"Buy Solemme Pl\u00e9nitude de Solemme 1er Cru Extra Brut Mill\u00e9sim\u00e9 2019 - a dry Chardonnay blend sparkling wine from Champagne, France - at Wein Werte, your sustainable online shop.","robots":{"index":"index","follow":"follow","max-snippet":"max-snippet:-1","max-image-preview":"max-image-preview:large","max-video-preview":"max-video-preview:-1"},"canonical":"https:\/\/wein-werte.com\/en\/product\/solemme-plenitude-de-solemme-1er-cru-extra-brut-millesime-2019-750ml\/","og_locale":"en_US","og_type":"article","og_title":"Solemme Pl\u00e9nitude de Solemme 1er Cru Extra Brut Mill\u00e9sim\u00e9 2019","og_description":"Buy Solemme Pl\u00e9nitude de Solemme 1er Cru Extra Brut Mill\u00e9sim\u00e9 2019 - a dry Chardonnay blend sparkling wine from Champagne, France - at Wein Werte, your sustainable online shop.","og_url":"https:\/\/wein-werte.com\/en\/product\/solemme-plenitude-de-solemme-1er-cru-extra-brut-millesime-2019-750ml\/","og_site_name":"Wein Werte","og_image":[{"width":329,"height":1200,"url":"https:\/\/wein-werte.com\/wp-content\/uploads\/2026\/04\/Solemme-Plenitude-de-Solemme-1er-Cru-Extra-Brut-Millesime-2019-750ml.png","type":"image\/png"}],"twitter_card":"summary_large_image","twitter_misc":{"Est. reading time":"1 minute"},"schema":{"@context":"https:\/\/schema.org","@graph":[{"@type":"WebPage","@id":"https:\/\/wein-werte.com\/en\/product\/solemme-plenitude-de-solemme-1er-cru-extra-brut-millesime-2019-750ml\/","url":"https:\/\/wein-werte.com\/en\/product\/solemme-plenitude-de-solemme-1er-cru-extra-brut-millesime-2019-750ml\/","name":"Solemme Pl\u00e9nitude de Solemme 1er Cru Extra Brut Mill\u00e9sim\u00e9 2019","isPartOf":{"@id":"https:\/\/wein-werte.com\/de\/#website"},"primaryImageOfPage":{"@id":"https:\/\/wein-werte.com\/en\/product\/solemme-plenitude-de-solemme-1er-cru-extra-brut-millesime-2019-750ml\/#primaryimage"},"image":{"@id":"https:\/\/wein-werte.com\/en\/product\/solemme-plenitude-de-solemme-1er-cru-extra-brut-millesime-2019-750ml\/#primaryimage"},"thumbnailUrl":"https:\/\/wein-werte.com\/wp-content\/uploads\/2026\/04\/Solemme-Plenitude-de-Solemme-1er-Cru-Extra-Brut-Millesime-2019-750ml.png","datePublished":"2026-05-08T18:04:18+00:00","description":"Buy Solemme Pl\u00e9nitude de Solemme 1er Cru Extra Brut Mill\u00e9sim\u00e9 2019 - a dry Chardonnay blend sparkling wine from Champagne, France - at Wein Werte, your sustainable online shop.","breadcrumb":{"@id":"https:\/\/wein-werte.com\/en\/product\/solemme-plenitude-de-solemme-1er-cru-extra-brut-millesime-2019-750ml\/#breadcrumb"},"inLanguage":"en-US","potentialAction":[{"@type":"ReadAction","target":["https:\/\/wein-werte.com\/en\/product\/solemme-plenitude-de-solemme-1er-cru-extra-brut-millesime-2019-750ml\/"]}]},{"@type":"ImageObject","inLanguage":"en-US","@id":"https:\/\/wein-werte.com\/en\/product\/solemme-plenitude-de-solemme-1er-cru-extra-brut-millesime-2019-750ml\/#primaryimage","url":"https:\/\/wein-werte.com\/wp-content\/uploads\/2026\/04\/Solemme-Plenitude-de-Solemme-1er-Cru-Extra-Brut-Millesime-2019-750ml.png","contentUrl":"https:\/\/wein-werte.com\/wp-content\/uploads\/2026\/04\/Solemme-Plenitude-de-Solemme-1er-Cru-Extra-Brut-Millesime-2019-750ml.png","width":329,"height":1200,"caption":"Solemme Pl\u00e9nitude de Solemme, 1er Cru Extra Brut, Mill\u00e9sim\u00e9 2019 750ml"},{"@type":"BreadcrumbList","@id":"https:\/\/wein-werte.com\/en\/product\/solemme-plenitude-de-solemme-1er-cru-extra-brut-millesime-2019-750ml\/#breadcrumb","itemListElement":[{"@type":"ListItem","position":1,"name":"Home","item":"https:\/\/wein-werte.com\/en\/"},{"@type":"ListItem","position":2,"name":"Shop Page","item":"https:\/\/wein-werte.com\/en\/shop\/"},{"@type":"ListItem","position":3,"name":"Solemme | Champagne | Pl\u00e9nitude de Solemme, 1er Cru Extra Brut, Mill\u00e9sim\u00e9 | 2019 | 750ml | bio"}]},{"@type":"WebSite","@id":"https:\/\/wein-werte.com\/de\/#website","url":"https:\/\/wein-werte.com\/de\/","name":"Wein Werte","description":"","publisher":{"@id":"https:\/\/wein-werte.com\/de\/#organization"},"potentialAction":[{"@type":"SearchAction","target":{"@type":"EntryPoint","urlTemplate":"https:\/\/wein-werte.com\/de\/?s={search_term_string}"},"query-input":{"@type":"PropertyValueSpecification","valueRequired":true,"valueName":"search_term_string"}}],"inLanguage":"en-US"},{"@type":"Organization","@id":"https:\/\/wein-werte.com\/de\/#organization","name":"Vins Fins Thorrold","url":"https:\/\/wein-werte.com\/de\/","logo":{"@type":"ImageObject","inLanguage":"en-US","@id":"https:\/\/wein-werte.com\/de\/#\/schema\/logo\/image\/","url":"https:\/\/wein-werte.com\/wp-content\/uploads\/2023\/07\/Wein_werte_Logo700-1.png","contentUrl":"https:\/\/wein-werte.com\/wp-content\/uploads\/2023\/07\/Wein_werte_Logo700-1.png","width":700,"height":272,"caption":"Vins Fins Thorrold"},"image":{"@id":"https:\/\/wein-werte.com\/de\/#\/schema\/logo\/image\/"}}]}},"_links":{"self":[{"href":"https:\/\/wein-werte.com\/en\/wp-json\/wp\/v2\/product\/1124375","targetHints":{"allow":["GET"]}}],"collection":[{"href":"https:\/\/wein-werte.com\/en\/wp-json\/wp\/v2\/product"}],"about":[{"href":"https:\/\/wein-werte.com\/en\/wp-json\/wp\/v2\/types\/product"}],"wp:featuredmedia":[{"embeddable":true,"href":"https:\/\/wein-werte.com\/en\/wp-json\/wp\/v2\/media\/1143371"}],"wp:attachment":[{"href":"https:\/\/wein-werte.com\/en\/wp-json\/wp\/v2\/media?parent=1124375"}],"wp:term":[{"taxonomy":"product_brand","embeddable":true,"href":"https:\/\/wein-werte.com\/en\/wp-json\/wp\/v2\/product_brand?post=1124375"},{"taxonomy":"product_cat","embeddable":true,"href":"https:\/\/wein-werte.com\/en\/wp-json\/wp\/v2\/product_cat?post=1124375"},{"taxonomy":"product_tag","embeddable":true,"href":"https:\/\/wein-werte.com\/en\/wp-json\/wp\/v2\/product_tag?post=1124375"}],"curies":[{"name":"wp","href":"https:\/\/api.w.org\/{rel}","templated":true}]}}