{"id":1124339,"date":"2026-05-08T20:04:07","date_gmt":"2026-05-08T18:04:07","guid":{"rendered":"https:\/\/wein-werte.com\/product\/jeaunaux-les-grands-nots-brut-nature-2010-750ml\/"},"modified":"2026-05-08T20:04:07","modified_gmt":"2026-05-08T18:04:07","slug":"jeaunaux-les-grands-nots-brut-nature-2010-750ml","status":"publish","type":"product","link":"https:\/\/wein-werte.com\/en\/product\/jeaunaux-les-grands-nots-brut-nature-2010-750ml\/","title":{"rendered":"Jeaunaux-Robin | Champagne | Les Grands Nots Brut Nature | 2010 | 750ml"},"content":{"rendered":"<p>Product description for Jeaunaux-Robin Les Grands Nots Brut Nature 2010 <\/p>\n<h5>Wine Information<\/h5>\n<p> Les Grands Nots is a champagne made from T\u00eates de Cuv\u00e9e, one-third each of Meunier, Pinot Noir, and Chardonnay, from the complex chalky, calcareous, and clay soils of the C\u00f4te de S\u00e9zanne. The vines are over 50 years old. The spontaneously fermented juices were aged for ten months in Burgundy pi\u00e8ces made from multiple fillings. They are normally around ten years old. The vintage is 2010. D\u00e9gorgement took place in July 2022 with zero grams of dosage. 1,432 bottles were produced. <\/p>\n<h5>Colour<\/h5>\n<p> Light golden yellow with fine mousse <\/p>\n<h5>Nose<\/h5>\n<p> Les Grands Nots is a complex champagne from the outset, where the aging of the base wine in wood is particularly evident in the aroma at the beginning. The aroma is initially dominated by rather exotic notes. There is a ripe nose of pineapple and mango, plenty of citrus fruits, some ripe pear, candied ginger, and stone fruit. The fruit is accompanied by subtle wood and vanilla, puff pastry, and a subtle oxidation, as well as some wax and honey. <\/p>\n<h5>Palate<\/h5>\n<p> On the palate, the champagne appears ripe and mature, with plenty of mellow fruit, plenty of ripe citrus fruits, and some candied lemon peel. There are also notes of vanilla, puff pastry, and brioche. The wine coats the palate wonderfully, providing a pleasant fullness and presence. Almost unexpectedly, the fresh, insistent, and lively acidity bursts in, swirling and blending with the ripe fruit components. Only now does the full power and vitality of this 13-year-old champagne become apparent. However, one realization lingers on the palate for a long time: Les Grands Nots fades slowly, leaving behind traces of salted caramel, iodine, apple, and citrus peel.<\/p>\n<p>Copyright Vinaturel 2025<\/p>\n<p>Keywords: <a href=\"https:\/\/wein-werte.com\/shop\/?swoof=1&#038;pa_producer=Jeaunaux-Robin\">Jeaunaux-Robin<\/a> <a href=\"https:\/\/wein-werte.com\/shop\/?swoof=1&#038;woof_text=Les Grands Nots Brut Nature\">Les Grands Nots Brut Nature<\/a> 2010  <a href=\"https:\/\/wein-werte.com\/shop\/?swoof=1&#038;pa_region=Champagne\">Champagne<\/a> <a href=\"https:\/\/wein-werte.com\/shop\/?swoof=1&#038;pa_country=France\">France<\/a><\/p>\n<p>Producer website: <a href=\"https:\/\/www.champagne-jr.fr\/\" target=\"_blank\">https:\/\/www.champagne-jr.fr\/<\/a><\/p>\n","protected":false},"excerpt":{"rendered":"<p>Delivery time: 1 to 2 working days (DE), 2 to 5 working days (EU and CH)<\/p>\n","protected":false},"featured_media":1143237,"template":"","meta":[],"product_brand":[],"product_cat":[19],"product_tag":[],"class_list":{"0":"post-1124339","1":"product","2":"type-product","3":"status-publish","4":"has-post-thumbnail","6":"product_cat-unkategorisiert","7":"pa_alcohol-for-filter-12893","8":"pa_certified-biodynamic-no","9":"pa_certified-organic-no","10":"pa_colour-white","11":"pa_country-france","12":"pa_grape-chardonnay-blend","13":"pa_price-for-filter-10706","14":"pa_producer-jeaunaux-robin","15":"pa_region-champagne","16":"pa_size-ml-6584","17":"pa_sweetness-dry","18":"pa_type-2-champagne","19":"pa_vintage-6998","20":"entry","21":"has-media","23":"first","24":"instock","25":"taxable","26":"shipping-taxable","27":"purchasable","28":"product-type-simple"},"yoast_head":"<!-- This site is optimized with the Yoast SEO plugin v27.5 - https:\/\/yoast.com\/product\/yoast-seo-wordpress\/ -->\n<title>Jeaunaux-Les Grands Nots Brut Nature 2010<\/title>\n<meta name=\"description\" content=\"Buy Jeaunaux-Les Grands Nots Brut Nature 2010 - a dry Chardonnay blend sparkling wine from Champagne, France - at Wein Werte, your sustainable online shop.\" \/>\n<meta name=\"robots\" content=\"index, follow, max-snippet:-1, max-image-preview:large, max-video-preview:-1\" \/>\n<link rel=\"canonical\" href=\"https:\/\/wein-werte.com\/en\/product\/jeaunaux-les-grands-nots-brut-nature-2010-750ml\/\" \/>\n<meta property=\"og:locale\" content=\"en_US\" \/>\n<meta property=\"og:type\" content=\"article\" \/>\n<meta property=\"og:title\" content=\"Jeaunaux-Les Grands Nots Brut Nature 2010\" \/>\n<meta property=\"og:description\" content=\"Buy Jeaunaux-Les Grands Nots Brut Nature 2010 - a dry Chardonnay blend sparkling wine from Champagne, France - at Wein Werte, your sustainable online shop.\" \/>\n<meta property=\"og:url\" content=\"https:\/\/wein-werte.com\/en\/product\/jeaunaux-les-grands-nots-brut-nature-2010-750ml\/\" \/>\n<meta property=\"og:site_name\" content=\"Wein Werte\" \/>\n<meta property=\"og:image\" content=\"https:\/\/wein-werte.com\/wp-content\/uploads\/2026\/04\/Jeaunaux-Les-Grands-Nots-Brut-Nature-2010-750ml.png\" \/>\n\t<meta property=\"og:image:width\" content=\"376\" \/>\n\t<meta property=\"og:image:height\" content=\"1200\" \/>\n\t<meta property=\"og:image:type\" content=\"image\/png\" \/>\n<meta name=\"twitter:card\" content=\"summary_large_image\" \/>\n<meta name=\"twitter:label1\" content=\"Est. reading time\" \/>\n\t<meta name=\"twitter:data1\" content=\"2 minutes\" \/>\n<script type=\"application\/ld+json\" class=\"yoast-schema-graph\">{\"@context\":\"https:\\\/\\\/schema.org\",\"@graph\":[{\"@type\":\"WebPage\",\"@id\":\"https:\\\/\\\/wein-werte.com\\\/en\\\/product\\\/jeaunaux-les-grands-nots-brut-nature-2010-750ml\\\/\",\"url\":\"https:\\\/\\\/wein-werte.com\\\/en\\\/product\\\/jeaunaux-les-grands-nots-brut-nature-2010-750ml\\\/\",\"name\":\"Jeaunaux-Les Grands Nots Brut Nature 2010\",\"isPartOf\":{\"@id\":\"https:\\\/\\\/wein-werte.com\\\/de\\\/#website\"},\"primaryImageOfPage\":{\"@id\":\"https:\\\/\\\/wein-werte.com\\\/en\\\/product\\\/jeaunaux-les-grands-nots-brut-nature-2010-750ml\\\/#primaryimage\"},\"image\":{\"@id\":\"https:\\\/\\\/wein-werte.com\\\/en\\\/product\\\/jeaunaux-les-grands-nots-brut-nature-2010-750ml\\\/#primaryimage\"},\"thumbnailUrl\":\"https:\\\/\\\/wein-werte.com\\\/wp-content\\\/uploads\\\/2026\\\/04\\\/Jeaunaux-Les-Grands-Nots-Brut-Nature-2010-750ml.png\",\"datePublished\":\"2026-05-08T18:04:07+00:00\",\"description\":\"Buy Jeaunaux-Les Grands Nots Brut Nature 2010 - a dry Chardonnay blend sparkling wine from Champagne, France - at Wein Werte, your sustainable online shop.\",\"breadcrumb\":{\"@id\":\"https:\\\/\\\/wein-werte.com\\\/en\\\/product\\\/jeaunaux-les-grands-nots-brut-nature-2010-750ml\\\/#breadcrumb\"},\"inLanguage\":\"en-US\",\"potentialAction\":[{\"@type\":\"ReadAction\",\"target\":[\"https:\\\/\\\/wein-werte.com\\\/en\\\/product\\\/jeaunaux-les-grands-nots-brut-nature-2010-750ml\\\/\"]}]},{\"@type\":\"ImageObject\",\"inLanguage\":\"en-US\",\"@id\":\"https:\\\/\\\/wein-werte.com\\\/en\\\/product\\\/jeaunaux-les-grands-nots-brut-nature-2010-750ml\\\/#primaryimage\",\"url\":\"https:\\\/\\\/wein-werte.com\\\/wp-content\\\/uploads\\\/2026\\\/04\\\/Jeaunaux-Les-Grands-Nots-Brut-Nature-2010-750ml.png\",\"contentUrl\":\"https:\\\/\\\/wein-werte.com\\\/wp-content\\\/uploads\\\/2026\\\/04\\\/Jeaunaux-Les-Grands-Nots-Brut-Nature-2010-750ml.png\",\"width\":376,\"height\":1200,\"caption\":\"Jeaunaux-Robin Les Grands Nots Brut Nature 2010 750ml\"},{\"@type\":\"BreadcrumbList\",\"@id\":\"https:\\\/\\\/wein-werte.com\\\/en\\\/product\\\/jeaunaux-les-grands-nots-brut-nature-2010-750ml\\\/#breadcrumb\",\"itemListElement\":[{\"@type\":\"ListItem\",\"position\":1,\"name\":\"Home\",\"item\":\"https:\\\/\\\/wein-werte.com\\\/en\\\/\"},{\"@type\":\"ListItem\",\"position\":2,\"name\":\"Shop Page\",\"item\":\"https:\\\/\\\/wein-werte.com\\\/en\\\/shop\\\/\"},{\"@type\":\"ListItem\",\"position\":3,\"name\":\"Jeaunaux-Robin | Champagne | Les Grands Nots Brut Nature | 2010 | 750ml\"}]},{\"@type\":\"WebSite\",\"@id\":\"https:\\\/\\\/wein-werte.com\\\/de\\\/#website\",\"url\":\"https:\\\/\\\/wein-werte.com\\\/de\\\/\",\"name\":\"Wein Werte\",\"description\":\"\",\"publisher\":{\"@id\":\"https:\\\/\\\/wein-werte.com\\\/de\\\/#organization\"},\"potentialAction\":[{\"@type\":\"SearchAction\",\"target\":{\"@type\":\"EntryPoint\",\"urlTemplate\":\"https:\\\/\\\/wein-werte.com\\\/de\\\/?s={search_term_string}\"},\"query-input\":{\"@type\":\"PropertyValueSpecification\",\"valueRequired\":true,\"valueName\":\"search_term_string\"}}],\"inLanguage\":\"en-US\"},{\"@type\":\"Organization\",\"@id\":\"https:\\\/\\\/wein-werte.com\\\/de\\\/#organization\",\"name\":\"Vins Fins Thorrold\",\"url\":\"https:\\\/\\\/wein-werte.com\\\/de\\\/\",\"logo\":{\"@type\":\"ImageObject\",\"inLanguage\":\"en-US\",\"@id\":\"https:\\\/\\\/wein-werte.com\\\/de\\\/#\\\/schema\\\/logo\\\/image\\\/\",\"url\":\"https:\\\/\\\/wein-werte.com\\\/wp-content\\\/uploads\\\/2023\\\/07\\\/Wein_werte_Logo700-1.png\",\"contentUrl\":\"https:\\\/\\\/wein-werte.com\\\/wp-content\\\/uploads\\\/2023\\\/07\\\/Wein_werte_Logo700-1.png\",\"width\":700,\"height\":272,\"caption\":\"Vins Fins Thorrold\"},\"image\":{\"@id\":\"https:\\\/\\\/wein-werte.com\\\/de\\\/#\\\/schema\\\/logo\\\/image\\\/\"}}]}<\/script>\n<!-- \/ Yoast SEO plugin. -->","yoast_head_json":{"title":"Jeaunaux-Les Grands Nots Brut Nature 2010","description":"Buy Jeaunaux-Les Grands Nots Brut Nature 2010 - a dry Chardonnay blend sparkling wine from Champagne, France - at Wein Werte, your sustainable online shop.","robots":{"index":"index","follow":"follow","max-snippet":"max-snippet:-1","max-image-preview":"max-image-preview:large","max-video-preview":"max-video-preview:-1"},"canonical":"https:\/\/wein-werte.com\/en\/product\/jeaunaux-les-grands-nots-brut-nature-2010-750ml\/","og_locale":"en_US","og_type":"article","og_title":"Jeaunaux-Les Grands Nots Brut Nature 2010","og_description":"Buy Jeaunaux-Les Grands Nots Brut Nature 2010 - a dry Chardonnay blend sparkling wine from Champagne, France - at Wein Werte, your sustainable online shop.","og_url":"https:\/\/wein-werte.com\/en\/product\/jeaunaux-les-grands-nots-brut-nature-2010-750ml\/","og_site_name":"Wein Werte","og_image":[{"width":376,"height":1200,"url":"https:\/\/wein-werte.com\/wp-content\/uploads\/2026\/04\/Jeaunaux-Les-Grands-Nots-Brut-Nature-2010-750ml.png","type":"image\/png"}],"twitter_card":"summary_large_image","twitter_misc":{"Est. reading time":"2 minutes"},"schema":{"@context":"https:\/\/schema.org","@graph":[{"@type":"WebPage","@id":"https:\/\/wein-werte.com\/en\/product\/jeaunaux-les-grands-nots-brut-nature-2010-750ml\/","url":"https:\/\/wein-werte.com\/en\/product\/jeaunaux-les-grands-nots-brut-nature-2010-750ml\/","name":"Jeaunaux-Les Grands Nots Brut Nature 2010","isPartOf":{"@id":"https:\/\/wein-werte.com\/de\/#website"},"primaryImageOfPage":{"@id":"https:\/\/wein-werte.com\/en\/product\/jeaunaux-les-grands-nots-brut-nature-2010-750ml\/#primaryimage"},"image":{"@id":"https:\/\/wein-werte.com\/en\/product\/jeaunaux-les-grands-nots-brut-nature-2010-750ml\/#primaryimage"},"thumbnailUrl":"https:\/\/wein-werte.com\/wp-content\/uploads\/2026\/04\/Jeaunaux-Les-Grands-Nots-Brut-Nature-2010-750ml.png","datePublished":"2026-05-08T18:04:07+00:00","description":"Buy Jeaunaux-Les Grands Nots Brut Nature 2010 - a dry Chardonnay blend sparkling wine from Champagne, France - at Wein Werte, your sustainable online shop.","breadcrumb":{"@id":"https:\/\/wein-werte.com\/en\/product\/jeaunaux-les-grands-nots-brut-nature-2010-750ml\/#breadcrumb"},"inLanguage":"en-US","potentialAction":[{"@type":"ReadAction","target":["https:\/\/wein-werte.com\/en\/product\/jeaunaux-les-grands-nots-brut-nature-2010-750ml\/"]}]},{"@type":"ImageObject","inLanguage":"en-US","@id":"https:\/\/wein-werte.com\/en\/product\/jeaunaux-les-grands-nots-brut-nature-2010-750ml\/#primaryimage","url":"https:\/\/wein-werte.com\/wp-content\/uploads\/2026\/04\/Jeaunaux-Les-Grands-Nots-Brut-Nature-2010-750ml.png","contentUrl":"https:\/\/wein-werte.com\/wp-content\/uploads\/2026\/04\/Jeaunaux-Les-Grands-Nots-Brut-Nature-2010-750ml.png","width":376,"height":1200,"caption":"Jeaunaux-Robin Les Grands Nots Brut Nature 2010 750ml"},{"@type":"BreadcrumbList","@id":"https:\/\/wein-werte.com\/en\/product\/jeaunaux-les-grands-nots-brut-nature-2010-750ml\/#breadcrumb","itemListElement":[{"@type":"ListItem","position":1,"name":"Home","item":"https:\/\/wein-werte.com\/en\/"},{"@type":"ListItem","position":2,"name":"Shop Page","item":"https:\/\/wein-werte.com\/en\/shop\/"},{"@type":"ListItem","position":3,"name":"Jeaunaux-Robin | Champagne | Les Grands Nots Brut Nature | 2010 | 750ml"}]},{"@type":"WebSite","@id":"https:\/\/wein-werte.com\/de\/#website","url":"https:\/\/wein-werte.com\/de\/","name":"Wein Werte","description":"","publisher":{"@id":"https:\/\/wein-werte.com\/de\/#organization"},"potentialAction":[{"@type":"SearchAction","target":{"@type":"EntryPoint","urlTemplate":"https:\/\/wein-werte.com\/de\/?s={search_term_string}"},"query-input":{"@type":"PropertyValueSpecification","valueRequired":true,"valueName":"search_term_string"}}],"inLanguage":"en-US"},{"@type":"Organization","@id":"https:\/\/wein-werte.com\/de\/#organization","name":"Vins Fins Thorrold","url":"https:\/\/wein-werte.com\/de\/","logo":{"@type":"ImageObject","inLanguage":"en-US","@id":"https:\/\/wein-werte.com\/de\/#\/schema\/logo\/image\/","url":"https:\/\/wein-werte.com\/wp-content\/uploads\/2023\/07\/Wein_werte_Logo700-1.png","contentUrl":"https:\/\/wein-werte.com\/wp-content\/uploads\/2023\/07\/Wein_werte_Logo700-1.png","width":700,"height":272,"caption":"Vins Fins Thorrold"},"image":{"@id":"https:\/\/wein-werte.com\/de\/#\/schema\/logo\/image\/"}}]}},"_links":{"self":[{"href":"https:\/\/wein-werte.com\/en\/wp-json\/wp\/v2\/product\/1124339","targetHints":{"allow":["GET"]}}],"collection":[{"href":"https:\/\/wein-werte.com\/en\/wp-json\/wp\/v2\/product"}],"about":[{"href":"https:\/\/wein-werte.com\/en\/wp-json\/wp\/v2\/types\/product"}],"wp:featuredmedia":[{"embeddable":true,"href":"https:\/\/wein-werte.com\/en\/wp-json\/wp\/v2\/media\/1143237"}],"wp:attachment":[{"href":"https:\/\/wein-werte.com\/en\/wp-json\/wp\/v2\/media?parent=1124339"}],"wp:term":[{"taxonomy":"product_brand","embeddable":true,"href":"https:\/\/wein-werte.com\/en\/wp-json\/wp\/v2\/product_brand?post=1124339"},{"taxonomy":"product_cat","embeddable":true,"href":"https:\/\/wein-werte.com\/en\/wp-json\/wp\/v2\/product_cat?post=1124339"},{"taxonomy":"product_tag","embeddable":true,"href":"https:\/\/wein-werte.com\/en\/wp-json\/wp\/v2\/product_tag?post=1124339"}],"curies":[{"name":"wp","href":"https:\/\/api.w.org\/{rel}","templated":true}]}}