{"id":1124326,"date":"2026-05-08T20:04:04","date_gmt":"2026-05-08T18:04:04","guid":{"rendered":"https:\/\/wein-werte.com\/product\/bonnet-ponson-petit-melange-7-cepages-non-dose-750ml\/"},"modified":"2026-05-08T20:04:04","modified_gmt":"2026-05-08T18:04:04","slug":"bonnet-ponson-petit-melange-7-cepages-non-dose-750ml","status":"publish","type":"product","link":"https:\/\/wein-werte.com\/en\/product\/bonnet-ponson-petit-melange-7-cepages-non-dose-750ml\/","title":{"rendered":"Bonnet-Ponson | Champagne | Petit Melange, 7 C\u00e9pages, Non Dos\u00e9 | NV | 750ml | bio"},"content":{"rendered":"<p>Product description for Bonnet-Ponson Petit Melange, 7 C\u00e9pages, Non Dos\u00e9 NV (bio)<\/p>\n<h5>Info<\/h5>\n<p> Petit Melange is based on seven grape varieties, dominated by 38% Petit Meslier. The vines are located in Chamery, Vrigny, and Coulommes. Petit Melange is composed of 50% 2020 and reserve wines from 2018 and 2019. Disgorgement in January 2023 at 0g\/l dosage. No added sulphur. <\/p>\n<h5>Colour<\/h5>\n<p> Bright straw yellow with golden reflections, persistent perlage, and short mousse. <\/p>\n<h5>Nose<\/h5>\n<p> The nose of Petit Melange is variable, wild, and full of facets. Its fruit fluctuates between yellow and red. Peach, green apple, pear, but also raspberry and red currant are present. Abundant chalky nuances underline the fruit. This is fully evident and should define the nose. Oyster shell, fresh seaweed, and plenty of herbs provide it with plenty of freshness. Lemon thyme, lemon balm, mint, and chervil are omnipresent. <\/p>\n<h5>Palate<\/h5>\n<p> On the palate, it is taut, crisp, and draws inspiration from its terroir. This fine minerality coats the entire mouth, and the tooth feel is perfect and harmonious. The fruit is noticeably brighter and crisper as a result. The apples display tannins, phenolics, and a crisp acidity in combination. The finish is even more distinctive, with a subtle bitter note accompanying it. Aromatically, it drifts into a slightly nutty corner, which, together with the herbal spice, lingers for minutes.<\/p>\n<p>Copyright Vinaturel 2025<\/p>\n<p>Keywords: <a href=\"https:\/\/wein-werte.com\/shop\/?swoof=1&#038;pa_producer=Bonnet-Ponson\">Bonnet-Ponson<\/a> <a href=\"https:\/\/wein-werte.com\/shop\/?swoof=1&#038;woof_text=Petit Melange, 7 C\u00e9pages, Non Dos\u00e9\">Petit Melange, 7 C\u00e9pages, Non Dos\u00e9<\/a> NV bio <a href=\"https:\/\/wein-werte.com\/shop\/?swoof=1&#038;pa_region=Champagne\">Champagne<\/a> <a href=\"https:\/\/wein-werte.com\/shop\/?swoof=1&#038;pa_country=France\">France<\/a><\/p>\n<p>Producer website: <a href=\"https:\/\/www.champagne-bonnet-ponson.com\/en\/homepage-english\/\" target=\"_blank\">https:\/\/www.champagne-bonnet-ponson.com\/en\/homepage-english\/<\/a><\/p>\n","protected":false},"excerpt":{"rendered":"<p>Delivery time: 1 to 2 working days (DE), 2 to 5 working days (EU and CH)<\/p>\n","protected":false},"featured_media":1143189,"template":"","meta":[],"product_brand":[],"product_cat":[19],"product_tag":[],"class_list":{"0":"post-1124326","1":"product","2":"type-product","3":"status-publish","4":"has-post-thumbnail","6":"product_cat-unkategorisiert","7":"pa_certified-biodynamic-no","8":"pa_certified-organic-yes","9":"pa_colour-white","10":"pa_country-france","11":"pa_price-for-filter-10602","12":"pa_producer-bonnet-ponson","13":"pa_region-champagne","14":"pa_size-ml-6584","15":"pa_sweetness-dry","16":"pa_type-2-champagne","17":"pa_vintage-nv","18":"entry","19":"has-media","21":"first","22":"instock","23":"taxable","24":"shipping-taxable","25":"purchasable","26":"product-type-simple"},"yoast_head":"<!-- This site is optimized with the Yoast SEO plugin v27.5 - https:\/\/yoast.com\/product\/yoast-seo-wordpress\/ -->\n<title>Bonnet-Ponson Petit Melange 7 C\u00e9pages Non Dos\u00e9<\/title>\n<meta name=\"description\" content=\"Buy Bonnet-Ponson Petit Melange 7 C\u00e9pages Non Dos\u00e9 - a dry sparkling wine from Champagne, France - at Wein Werte, your sustainable online shop.\" \/>\n<meta name=\"robots\" content=\"index, follow, max-snippet:-1, max-image-preview:large, max-video-preview:-1\" \/>\n<link rel=\"canonical\" href=\"https:\/\/wein-werte.com\/en\/product\/bonnet-ponson-petit-melange-7-cepages-non-dose-750ml\/\" \/>\n<meta property=\"og:locale\" content=\"en_US\" \/>\n<meta property=\"og:type\" content=\"article\" \/>\n<meta property=\"og:title\" content=\"Bonnet-Ponson Petit Melange 7 C\u00e9pages Non Dos\u00e9\" \/>\n<meta property=\"og:description\" content=\"Buy Bonnet-Ponson Petit Melange 7 C\u00e9pages Non Dos\u00e9 - a dry sparkling wine from Champagne, France - at Wein Werte, your sustainable online shop.\" \/>\n<meta property=\"og:url\" content=\"https:\/\/wein-werte.com\/en\/product\/bonnet-ponson-petit-melange-7-cepages-non-dose-750ml\/\" \/>\n<meta property=\"og:site_name\" content=\"Wein Werte\" \/>\n<meta property=\"og:image\" content=\"https:\/\/wein-werte.com\/wp-content\/uploads\/2026\/04\/Bonnet-Ponson-Petit-Melange-7-Cepages-Non-Dose-750ml.png\" \/>\n\t<meta property=\"og:image:width\" content=\"322\" \/>\n\t<meta property=\"og:image:height\" content=\"1200\" \/>\n\t<meta property=\"og:image:type\" content=\"image\/png\" \/>\n<meta name=\"twitter:card\" content=\"summary_large_image\" \/>\n<meta name=\"twitter:label1\" content=\"Est. reading time\" \/>\n\t<meta name=\"twitter:data1\" content=\"1 minute\" \/>\n<script type=\"application\/ld+json\" class=\"yoast-schema-graph\">{\"@context\":\"https:\\\/\\\/schema.org\",\"@graph\":[{\"@type\":\"WebPage\",\"@id\":\"https:\\\/\\\/wein-werte.com\\\/en\\\/product\\\/bonnet-ponson-petit-melange-7-cepages-non-dose-750ml\\\/\",\"url\":\"https:\\\/\\\/wein-werte.com\\\/en\\\/product\\\/bonnet-ponson-petit-melange-7-cepages-non-dose-750ml\\\/\",\"name\":\"Bonnet-Ponson Petit Melange 7 C\u00e9pages Non Dos\u00e9\",\"isPartOf\":{\"@id\":\"https:\\\/\\\/wein-werte.com\\\/de\\\/#website\"},\"primaryImageOfPage\":{\"@id\":\"https:\\\/\\\/wein-werte.com\\\/en\\\/product\\\/bonnet-ponson-petit-melange-7-cepages-non-dose-750ml\\\/#primaryimage\"},\"image\":{\"@id\":\"https:\\\/\\\/wein-werte.com\\\/en\\\/product\\\/bonnet-ponson-petit-melange-7-cepages-non-dose-750ml\\\/#primaryimage\"},\"thumbnailUrl\":\"https:\\\/\\\/wein-werte.com\\\/wp-content\\\/uploads\\\/2026\\\/04\\\/Bonnet-Ponson-Petit-Melange-7-Cepages-Non-Dose-750ml.png\",\"datePublished\":\"2026-05-08T18:04:04+00:00\",\"description\":\"Buy Bonnet-Ponson Petit Melange 7 C\u00e9pages Non Dos\u00e9 - a dry sparkling wine from Champagne, France - at Wein Werte, your sustainable online shop.\",\"breadcrumb\":{\"@id\":\"https:\\\/\\\/wein-werte.com\\\/en\\\/product\\\/bonnet-ponson-petit-melange-7-cepages-non-dose-750ml\\\/#breadcrumb\"},\"inLanguage\":\"en-US\",\"potentialAction\":[{\"@type\":\"ReadAction\",\"target\":[\"https:\\\/\\\/wein-werte.com\\\/en\\\/product\\\/bonnet-ponson-petit-melange-7-cepages-non-dose-750ml\\\/\"]}]},{\"@type\":\"ImageObject\",\"inLanguage\":\"en-US\",\"@id\":\"https:\\\/\\\/wein-werte.com\\\/en\\\/product\\\/bonnet-ponson-petit-melange-7-cepages-non-dose-750ml\\\/#primaryimage\",\"url\":\"https:\\\/\\\/wein-werte.com\\\/wp-content\\\/uploads\\\/2026\\\/04\\\/Bonnet-Ponson-Petit-Melange-7-Cepages-Non-Dose-750ml.png\",\"contentUrl\":\"https:\\\/\\\/wein-werte.com\\\/wp-content\\\/uploads\\\/2026\\\/04\\\/Bonnet-Ponson-Petit-Melange-7-Cepages-Non-Dose-750ml.png\",\"width\":322,\"height\":1200,\"caption\":\"Bonnet-Ponson Petit Melange, 7 C\u00e9pages, Non Dos\u00e9 NV 750ml\"},{\"@type\":\"BreadcrumbList\",\"@id\":\"https:\\\/\\\/wein-werte.com\\\/en\\\/product\\\/bonnet-ponson-petit-melange-7-cepages-non-dose-750ml\\\/#breadcrumb\",\"itemListElement\":[{\"@type\":\"ListItem\",\"position\":1,\"name\":\"Home\",\"item\":\"https:\\\/\\\/wein-werte.com\\\/en\\\/\"},{\"@type\":\"ListItem\",\"position\":2,\"name\":\"Shop Page\",\"item\":\"https:\\\/\\\/wein-werte.com\\\/en\\\/shop\\\/\"},{\"@type\":\"ListItem\",\"position\":3,\"name\":\"Bonnet-Ponson | Champagne | Petit Melange, 7 C\u00e9pages, Non Dos\u00e9 | NV | 750ml | bio\"}]},{\"@type\":\"WebSite\",\"@id\":\"https:\\\/\\\/wein-werte.com\\\/de\\\/#website\",\"url\":\"https:\\\/\\\/wein-werte.com\\\/de\\\/\",\"name\":\"Wein Werte\",\"description\":\"\",\"publisher\":{\"@id\":\"https:\\\/\\\/wein-werte.com\\\/de\\\/#organization\"},\"potentialAction\":[{\"@type\":\"SearchAction\",\"target\":{\"@type\":\"EntryPoint\",\"urlTemplate\":\"https:\\\/\\\/wein-werte.com\\\/de\\\/?s={search_term_string}\"},\"query-input\":{\"@type\":\"PropertyValueSpecification\",\"valueRequired\":true,\"valueName\":\"search_term_string\"}}],\"inLanguage\":\"en-US\"},{\"@type\":\"Organization\",\"@id\":\"https:\\\/\\\/wein-werte.com\\\/de\\\/#organization\",\"name\":\"Vins Fins Thorrold\",\"url\":\"https:\\\/\\\/wein-werte.com\\\/de\\\/\",\"logo\":{\"@type\":\"ImageObject\",\"inLanguage\":\"en-US\",\"@id\":\"https:\\\/\\\/wein-werte.com\\\/de\\\/#\\\/schema\\\/logo\\\/image\\\/\",\"url\":\"https:\\\/\\\/wein-werte.com\\\/wp-content\\\/uploads\\\/2023\\\/07\\\/Wein_werte_Logo700-1.png\",\"contentUrl\":\"https:\\\/\\\/wein-werte.com\\\/wp-content\\\/uploads\\\/2023\\\/07\\\/Wein_werte_Logo700-1.png\",\"width\":700,\"height\":272,\"caption\":\"Vins Fins Thorrold\"},\"image\":{\"@id\":\"https:\\\/\\\/wein-werte.com\\\/de\\\/#\\\/schema\\\/logo\\\/image\\\/\"}}]}<\/script>\n<!-- \/ Yoast SEO plugin. -->","yoast_head_json":{"title":"Bonnet-Ponson Petit Melange 7 C\u00e9pages Non Dos\u00e9","description":"Buy Bonnet-Ponson Petit Melange 7 C\u00e9pages Non Dos\u00e9 - a dry sparkling wine from Champagne, France - at Wein Werte, your sustainable online shop.","robots":{"index":"index","follow":"follow","max-snippet":"max-snippet:-1","max-image-preview":"max-image-preview:large","max-video-preview":"max-video-preview:-1"},"canonical":"https:\/\/wein-werte.com\/en\/product\/bonnet-ponson-petit-melange-7-cepages-non-dose-750ml\/","og_locale":"en_US","og_type":"article","og_title":"Bonnet-Ponson Petit Melange 7 C\u00e9pages Non Dos\u00e9","og_description":"Buy Bonnet-Ponson Petit Melange 7 C\u00e9pages Non Dos\u00e9 - a dry sparkling wine from Champagne, France - at Wein Werte, your sustainable online shop.","og_url":"https:\/\/wein-werte.com\/en\/product\/bonnet-ponson-petit-melange-7-cepages-non-dose-750ml\/","og_site_name":"Wein Werte","og_image":[{"width":322,"height":1200,"url":"https:\/\/wein-werte.com\/wp-content\/uploads\/2026\/04\/Bonnet-Ponson-Petit-Melange-7-Cepages-Non-Dose-750ml.png","type":"image\/png"}],"twitter_card":"summary_large_image","twitter_misc":{"Est. reading time":"1 minute"},"schema":{"@context":"https:\/\/schema.org","@graph":[{"@type":"WebPage","@id":"https:\/\/wein-werte.com\/en\/product\/bonnet-ponson-petit-melange-7-cepages-non-dose-750ml\/","url":"https:\/\/wein-werte.com\/en\/product\/bonnet-ponson-petit-melange-7-cepages-non-dose-750ml\/","name":"Bonnet-Ponson Petit Melange 7 C\u00e9pages Non Dos\u00e9","isPartOf":{"@id":"https:\/\/wein-werte.com\/de\/#website"},"primaryImageOfPage":{"@id":"https:\/\/wein-werte.com\/en\/product\/bonnet-ponson-petit-melange-7-cepages-non-dose-750ml\/#primaryimage"},"image":{"@id":"https:\/\/wein-werte.com\/en\/product\/bonnet-ponson-petit-melange-7-cepages-non-dose-750ml\/#primaryimage"},"thumbnailUrl":"https:\/\/wein-werte.com\/wp-content\/uploads\/2026\/04\/Bonnet-Ponson-Petit-Melange-7-Cepages-Non-Dose-750ml.png","datePublished":"2026-05-08T18:04:04+00:00","description":"Buy Bonnet-Ponson Petit Melange 7 C\u00e9pages Non Dos\u00e9 - a dry sparkling wine from Champagne, France - at Wein Werte, your sustainable online shop.","breadcrumb":{"@id":"https:\/\/wein-werte.com\/en\/product\/bonnet-ponson-petit-melange-7-cepages-non-dose-750ml\/#breadcrumb"},"inLanguage":"en-US","potentialAction":[{"@type":"ReadAction","target":["https:\/\/wein-werte.com\/en\/product\/bonnet-ponson-petit-melange-7-cepages-non-dose-750ml\/"]}]},{"@type":"ImageObject","inLanguage":"en-US","@id":"https:\/\/wein-werte.com\/en\/product\/bonnet-ponson-petit-melange-7-cepages-non-dose-750ml\/#primaryimage","url":"https:\/\/wein-werte.com\/wp-content\/uploads\/2026\/04\/Bonnet-Ponson-Petit-Melange-7-Cepages-Non-Dose-750ml.png","contentUrl":"https:\/\/wein-werte.com\/wp-content\/uploads\/2026\/04\/Bonnet-Ponson-Petit-Melange-7-Cepages-Non-Dose-750ml.png","width":322,"height":1200,"caption":"Bonnet-Ponson Petit Melange, 7 C\u00e9pages, Non Dos\u00e9 NV 750ml"},{"@type":"BreadcrumbList","@id":"https:\/\/wein-werte.com\/en\/product\/bonnet-ponson-petit-melange-7-cepages-non-dose-750ml\/#breadcrumb","itemListElement":[{"@type":"ListItem","position":1,"name":"Home","item":"https:\/\/wein-werte.com\/en\/"},{"@type":"ListItem","position":2,"name":"Shop Page","item":"https:\/\/wein-werte.com\/en\/shop\/"},{"@type":"ListItem","position":3,"name":"Bonnet-Ponson | Champagne | Petit Melange, 7 C\u00e9pages, Non Dos\u00e9 | NV | 750ml | bio"}]},{"@type":"WebSite","@id":"https:\/\/wein-werte.com\/de\/#website","url":"https:\/\/wein-werte.com\/de\/","name":"Wein Werte","description":"","publisher":{"@id":"https:\/\/wein-werte.com\/de\/#organization"},"potentialAction":[{"@type":"SearchAction","target":{"@type":"EntryPoint","urlTemplate":"https:\/\/wein-werte.com\/de\/?s={search_term_string}"},"query-input":{"@type":"PropertyValueSpecification","valueRequired":true,"valueName":"search_term_string"}}],"inLanguage":"en-US"},{"@type":"Organization","@id":"https:\/\/wein-werte.com\/de\/#organization","name":"Vins Fins Thorrold","url":"https:\/\/wein-werte.com\/de\/","logo":{"@type":"ImageObject","inLanguage":"en-US","@id":"https:\/\/wein-werte.com\/de\/#\/schema\/logo\/image\/","url":"https:\/\/wein-werte.com\/wp-content\/uploads\/2023\/07\/Wein_werte_Logo700-1.png","contentUrl":"https:\/\/wein-werte.com\/wp-content\/uploads\/2023\/07\/Wein_werte_Logo700-1.png","width":700,"height":272,"caption":"Vins Fins Thorrold"},"image":{"@id":"https:\/\/wein-werte.com\/de\/#\/schema\/logo\/image\/"}}]}},"_links":{"self":[{"href":"https:\/\/wein-werte.com\/en\/wp-json\/wp\/v2\/product\/1124326","targetHints":{"allow":["GET"]}}],"collection":[{"href":"https:\/\/wein-werte.com\/en\/wp-json\/wp\/v2\/product"}],"about":[{"href":"https:\/\/wein-werte.com\/en\/wp-json\/wp\/v2\/types\/product"}],"wp:featuredmedia":[{"embeddable":true,"href":"https:\/\/wein-werte.com\/en\/wp-json\/wp\/v2\/media\/1143189"}],"wp:attachment":[{"href":"https:\/\/wein-werte.com\/en\/wp-json\/wp\/v2\/media?parent=1124326"}],"wp:term":[{"taxonomy":"product_brand","embeddable":true,"href":"https:\/\/wein-werte.com\/en\/wp-json\/wp\/v2\/product_brand?post=1124326"},{"taxonomy":"product_cat","embeddable":true,"href":"https:\/\/wein-werte.com\/en\/wp-json\/wp\/v2\/product_cat?post=1124326"},{"taxonomy":"product_tag","embeddable":true,"href":"https:\/\/wein-werte.com\/en\/wp-json\/wp\/v2\/product_tag?post=1124326"}],"curies":[{"name":"wp","href":"https:\/\/api.w.org\/{rel}","templated":true}]}}