{"id":1124157,"date":"2026-05-05T18:23:39","date_gmt":"2026-05-05T16:23:39","guid":{"rendered":"https:\/\/wein-werte.com\/product\/battenfeld-spanier-riesling-kirchenstuck-gg-2023-750ml\/"},"modified":"2026-05-05T18:23:40","modified_gmt":"2026-05-05T16:23:40","slug":"battenfeld-spanier-riesling-kirchenstuck-gg-2023-750ml","status":"publish","type":"product","link":"https:\/\/wein-werte.com\/en\/product\/battenfeld-spanier-riesling-kirchenstuck-gg-2023-750ml\/","title":{"rendered":"Battenfeld-Spanier | Rheinhessen | Riesling Kirchenst\u00fcck GG | 2023 | 750ml | bio"},"content":{"rendered":"<p>Product description for Battenfeld-Spanier Riesling Kirchenst\u00fcck GG 2023 (bio)<\/p>\n<h5>Information about the wine<\/h5>\n<p> This wine comes from the Kirchenst\u00fcck single vineyard in Hohen-S\u00fclzen. This vineyard was already mentioned before the Thirty Years&#8217; War, meaning it has been planted with vines for more than 400 years. The hillside location, at an elevation of 150 meters and with a 15% gradient, is characterized by clayey, calcareous stones that can be crushed by hand. This provides the vines with an excellent supply of nutrients, and the minerals from the highly calcareous subsoil are directly absorbed. HO Spanier&#8217;s oldest vineyard, planted in the 1960s, is located in the ancient core of the vineyard. After selection and harvesting by hand, the wines from the Kirchenst\u00fcck were spontaneously fermented and aged in single-barrel and double-barrel barrels. <\/p>\n<h5>Colour<\/h5>\n<p> Medium straw yellow <\/p>\n<h5>Nose<\/h5>\n<p> The 2023 Gro\u00dfes Gew\u00e4chs Kirchenst\u00fcck in Hohen-S\u00fclzen presents itself deep and juicy with notes of bitter lemon, mint, herbs, and red berries, along with some pepper, smoke, rock, and a hint of pistachios. <\/p>\n<h5>Palate<\/h5>\n<p> On the palate, the wine is fleshy, slightly smoky, yellow-spicy, and possesses a wonderful underlying energy. It becomes more apparent with every second; it can no longer be stopped; the Riesling picks up a rapid pace, becoming increasingly salty and mouthwatering. Finesse, power, and tension combine here.<\/p>\n<p>Copyright Vinaturel 2025<\/p>\n<p>Keywords: <a href=\"https:\/\/wein-werte.com\/shop\/?swoof=1&#038;pa_producer=Battenfeld-Spanier\">Battenfeld-Spanier<\/a> <a href=\"https:\/\/wein-werte.com\/shop\/?swoof=1&#038;woof_text=Riesling Kirchenst\u00fcck GG\">Riesling Kirchenst\u00fcck GG<\/a> 2023 bio <a href=\"https:\/\/wein-werte.com\/shop\/?swoof=1&#038;pa_region=Rheinhessen\">Rheinhessen<\/a> <a href=\"https:\/\/wein-werte.com\/shop\/?swoof=1&#038;pa_country=Germany\">Germany<\/a><\/p>\n<h3>Vinous<\/h3>\n<p>Score: 95<\/p>\n<p>The 2023 Riesling Hohen-S\u00fclzener Kirchenst\u00fcck Grosses Gew\u00e4chs was picked next to the winery, on limestone with just a little loess. The merest flicker of reduction plays with a tropical overtone of mango but is then caught by green apple and vivid citrus. The palate comes in with fluidity and a crunch that reminds of the thinnest film of ice, followed by serene brightness. This walks on tiptoe, making a virtue of its elongated, tender lightness edged by purest lemon zestiness. Beautiful and so elegant. (Bone-dry)<br \/>\n &#8212; Anne Krebiehl MW<br \/>Drinking window: 2028 &#8211; 2050<br \/>Review date: Oct 2024<\/p>\n<p>Producer website: <a href=\"https:\/\/www.kuehlingandbattenfeld.com\/de\/battenfeldspanier\" target=\"_blank\">https:\/\/www.kuehlingandbattenfeld.com\/de\/battenfeldspanier<\/a><\/p>\n","protected":false},"excerpt":{"rendered":"<p>Delivery time: 1 to 2 working days (DE), 2 to 5 working days (EU and CH)<\/p>\n","protected":false},"featured_media":1142561,"template":"","meta":[],"product_brand":[],"product_cat":[19],"product_tag":[],"class_list":{"0":"post-1124157","1":"product","2":"type-product","3":"status-publish","4":"has-post-thumbnail","6":"product_cat-unkategorisiert","7":"pa_alcohol-for-filter-12-5","8":"pa_certified-biodynamic-no","9":"pa_certified-organic-yes","10":"pa_colour-white","11":"pa_country-germany","12":"pa_grape-riesling","13":"pa_price-for-filter-10572","14":"pa_producer-battenfeld-spanier","15":"pa_region-rheinhessen","16":"pa_size-ml-6584","17":"pa_sweetness-dry","18":"pa_type-2-still","19":"pa_vinous-points-for-filter-16152","20":"pa_vintage-12619","21":"entry","22":"has-media","24":"first","25":"instock","26":"taxable","27":"shipping-taxable","28":"purchasable","29":"product-type-simple"},"yoast_head":"<!-- This site is optimized with the Yoast SEO plugin v27.5 - https:\/\/yoast.com\/product\/yoast-seo-wordpress\/ -->\n<title>Battenfeld-Spanier Riesling Kirchenstuck GG 2023<\/title>\n<meta name=\"description\" content=\"Buy Battenfeld-Spanier Riesling Kirchenst\u00fcck GG 2023 - a dry Riesling from Rheinhessen, Germany - at Wein Werte, your sustainable online shop.\" \/>\n<meta name=\"robots\" content=\"index, follow, max-snippet:-1, max-image-preview:large, max-video-preview:-1\" \/>\n<link rel=\"canonical\" href=\"https:\/\/wein-werte.com\/en\/product\/battenfeld-spanier-riesling-kirchenstuck-gg-2023-750ml\/\" \/>\n<meta property=\"og:locale\" content=\"en_US\" \/>\n<meta property=\"og:type\" content=\"article\" \/>\n<meta property=\"og:title\" content=\"Battenfeld-Spanier Riesling Kirchenstuck GG 2023\" \/>\n<meta property=\"og:description\" content=\"Buy Battenfeld-Spanier Riesling Kirchenst\u00fcck GG 2023 - a dry Riesling from Rheinhessen, Germany - at Wein Werte, your sustainable online shop.\" \/>\n<meta property=\"og:url\" content=\"https:\/\/wein-werte.com\/en\/product\/battenfeld-spanier-riesling-kirchenstuck-gg-2023-750ml\/\" \/>\n<meta property=\"og:site_name\" content=\"Wein Werte\" \/>\n<meta property=\"article:modified_time\" content=\"2026-05-05T16:23:40+00:00\" \/>\n<meta property=\"og:image\" content=\"https:\/\/wein-werte.com\/wp-content\/uploads\/2026\/04\/Battenfeld-Spanier-Riesling-Kirchenstuck-GG-2023-750ml.png\" \/>\n\t<meta property=\"og:image:width\" content=\"255\" \/>\n\t<meta property=\"og:image:height\" content=\"1200\" \/>\n\t<meta property=\"og:image:type\" content=\"image\/png\" \/>\n<meta name=\"twitter:card\" content=\"summary_large_image\" \/>\n<meta name=\"twitter:label1\" content=\"Est. reading time\" \/>\n\t<meta name=\"twitter:data1\" content=\"2 minutes\" \/>\n<script type=\"application\/ld+json\" class=\"yoast-schema-graph\">{\"@context\":\"https:\\\/\\\/schema.org\",\"@graph\":[{\"@type\":\"WebPage\",\"@id\":\"https:\\\/\\\/wein-werte.com\\\/en\\\/product\\\/battenfeld-spanier-riesling-kirchenstuck-gg-2023-750ml\\\/\",\"url\":\"https:\\\/\\\/wein-werte.com\\\/en\\\/product\\\/battenfeld-spanier-riesling-kirchenstuck-gg-2023-750ml\\\/\",\"name\":\"Battenfeld-Spanier Riesling Kirchenstuck GG 2023\",\"isPartOf\":{\"@id\":\"https:\\\/\\\/wein-werte.com\\\/de\\\/#website\"},\"primaryImageOfPage\":{\"@id\":\"https:\\\/\\\/wein-werte.com\\\/en\\\/product\\\/battenfeld-spanier-riesling-kirchenstuck-gg-2023-750ml\\\/#primaryimage\"},\"image\":{\"@id\":\"https:\\\/\\\/wein-werte.com\\\/en\\\/product\\\/battenfeld-spanier-riesling-kirchenstuck-gg-2023-750ml\\\/#primaryimage\"},\"thumbnailUrl\":\"https:\\\/\\\/wein-werte.com\\\/wp-content\\\/uploads\\\/2026\\\/04\\\/Battenfeld-Spanier-Riesling-Kirchenstuck-GG-2023-750ml.png\",\"datePublished\":\"2026-05-05T16:23:39+00:00\",\"dateModified\":\"2026-05-05T16:23:40+00:00\",\"description\":\"Buy Battenfeld-Spanier Riesling Kirchenst\u00fcck GG 2023 - a dry Riesling from Rheinhessen, Germany - at Wein Werte, your sustainable online shop.\",\"breadcrumb\":{\"@id\":\"https:\\\/\\\/wein-werte.com\\\/en\\\/product\\\/battenfeld-spanier-riesling-kirchenstuck-gg-2023-750ml\\\/#breadcrumb\"},\"inLanguage\":\"en-US\",\"potentialAction\":[{\"@type\":\"ReadAction\",\"target\":[\"https:\\\/\\\/wein-werte.com\\\/en\\\/product\\\/battenfeld-spanier-riesling-kirchenstuck-gg-2023-750ml\\\/\"]}]},{\"@type\":\"ImageObject\",\"inLanguage\":\"en-US\",\"@id\":\"https:\\\/\\\/wein-werte.com\\\/en\\\/product\\\/battenfeld-spanier-riesling-kirchenstuck-gg-2023-750ml\\\/#primaryimage\",\"url\":\"https:\\\/\\\/wein-werte.com\\\/wp-content\\\/uploads\\\/2026\\\/04\\\/Battenfeld-Spanier-Riesling-Kirchenstuck-GG-2023-750ml.png\",\"contentUrl\":\"https:\\\/\\\/wein-werte.com\\\/wp-content\\\/uploads\\\/2026\\\/04\\\/Battenfeld-Spanier-Riesling-Kirchenstuck-GG-2023-750ml.png\",\"width\":255,\"height\":1200,\"caption\":\"Battenfeld-Spanier Riesling Kirchenst\u00fcck GG 2023 750ml\"},{\"@type\":\"BreadcrumbList\",\"@id\":\"https:\\\/\\\/wein-werte.com\\\/en\\\/product\\\/battenfeld-spanier-riesling-kirchenstuck-gg-2023-750ml\\\/#breadcrumb\",\"itemListElement\":[{\"@type\":\"ListItem\",\"position\":1,\"name\":\"Home\",\"item\":\"https:\\\/\\\/wein-werte.com\\\/en\\\/\"},{\"@type\":\"ListItem\",\"position\":2,\"name\":\"Shop Page\",\"item\":\"https:\\\/\\\/wein-werte.com\\\/en\\\/shop\\\/\"},{\"@type\":\"ListItem\",\"position\":3,\"name\":\"Battenfeld-Spanier | Rheinhessen | Riesling Kirchenst\u00fcck GG | 2023 | 750ml | bio\"}]},{\"@type\":\"WebSite\",\"@id\":\"https:\\\/\\\/wein-werte.com\\\/de\\\/#website\",\"url\":\"https:\\\/\\\/wein-werte.com\\\/de\\\/\",\"name\":\"Wein Werte\",\"description\":\"\",\"publisher\":{\"@id\":\"https:\\\/\\\/wein-werte.com\\\/de\\\/#organization\"},\"potentialAction\":[{\"@type\":\"SearchAction\",\"target\":{\"@type\":\"EntryPoint\",\"urlTemplate\":\"https:\\\/\\\/wein-werte.com\\\/de\\\/?s={search_term_string}\"},\"query-input\":{\"@type\":\"PropertyValueSpecification\",\"valueRequired\":true,\"valueName\":\"search_term_string\"}}],\"inLanguage\":\"en-US\"},{\"@type\":\"Organization\",\"@id\":\"https:\\\/\\\/wein-werte.com\\\/de\\\/#organization\",\"name\":\"Vins Fins Thorrold\",\"url\":\"https:\\\/\\\/wein-werte.com\\\/de\\\/\",\"logo\":{\"@type\":\"ImageObject\",\"inLanguage\":\"en-US\",\"@id\":\"https:\\\/\\\/wein-werte.com\\\/de\\\/#\\\/schema\\\/logo\\\/image\\\/\",\"url\":\"https:\\\/\\\/wein-werte.com\\\/wp-content\\\/uploads\\\/2023\\\/07\\\/Wein_werte_Logo700-1.png\",\"contentUrl\":\"https:\\\/\\\/wein-werte.com\\\/wp-content\\\/uploads\\\/2023\\\/07\\\/Wein_werte_Logo700-1.png\",\"width\":700,\"height\":272,\"caption\":\"Vins Fins Thorrold\"},\"image\":{\"@id\":\"https:\\\/\\\/wein-werte.com\\\/de\\\/#\\\/schema\\\/logo\\\/image\\\/\"}}]}<\/script>\n<!-- \/ Yoast SEO plugin. -->","yoast_head_json":{"title":"Battenfeld-Spanier Riesling Kirchenstuck GG 2023","description":"Buy Battenfeld-Spanier Riesling Kirchenst\u00fcck GG 2023 - a dry Riesling from Rheinhessen, Germany - at Wein Werte, your sustainable online shop.","robots":{"index":"index","follow":"follow","max-snippet":"max-snippet:-1","max-image-preview":"max-image-preview:large","max-video-preview":"max-video-preview:-1"},"canonical":"https:\/\/wein-werte.com\/en\/product\/battenfeld-spanier-riesling-kirchenstuck-gg-2023-750ml\/","og_locale":"en_US","og_type":"article","og_title":"Battenfeld-Spanier Riesling Kirchenstuck GG 2023","og_description":"Buy Battenfeld-Spanier Riesling Kirchenst\u00fcck GG 2023 - a dry Riesling from Rheinhessen, Germany - at Wein Werte, your sustainable online shop.","og_url":"https:\/\/wein-werte.com\/en\/product\/battenfeld-spanier-riesling-kirchenstuck-gg-2023-750ml\/","og_site_name":"Wein Werte","article_modified_time":"2026-05-05T16:23:40+00:00","og_image":[{"width":255,"height":1200,"url":"https:\/\/wein-werte.com\/wp-content\/uploads\/2026\/04\/Battenfeld-Spanier-Riesling-Kirchenstuck-GG-2023-750ml.png","type":"image\/png"}],"twitter_card":"summary_large_image","twitter_misc":{"Est. reading time":"2 minutes"},"schema":{"@context":"https:\/\/schema.org","@graph":[{"@type":"WebPage","@id":"https:\/\/wein-werte.com\/en\/product\/battenfeld-spanier-riesling-kirchenstuck-gg-2023-750ml\/","url":"https:\/\/wein-werte.com\/en\/product\/battenfeld-spanier-riesling-kirchenstuck-gg-2023-750ml\/","name":"Battenfeld-Spanier Riesling Kirchenstuck GG 2023","isPartOf":{"@id":"https:\/\/wein-werte.com\/de\/#website"},"primaryImageOfPage":{"@id":"https:\/\/wein-werte.com\/en\/product\/battenfeld-spanier-riesling-kirchenstuck-gg-2023-750ml\/#primaryimage"},"image":{"@id":"https:\/\/wein-werte.com\/en\/product\/battenfeld-spanier-riesling-kirchenstuck-gg-2023-750ml\/#primaryimage"},"thumbnailUrl":"https:\/\/wein-werte.com\/wp-content\/uploads\/2026\/04\/Battenfeld-Spanier-Riesling-Kirchenstuck-GG-2023-750ml.png","datePublished":"2026-05-05T16:23:39+00:00","dateModified":"2026-05-05T16:23:40+00:00","description":"Buy Battenfeld-Spanier Riesling Kirchenst\u00fcck GG 2023 - a dry Riesling from Rheinhessen, Germany - at Wein Werte, your sustainable online shop.","breadcrumb":{"@id":"https:\/\/wein-werte.com\/en\/product\/battenfeld-spanier-riesling-kirchenstuck-gg-2023-750ml\/#breadcrumb"},"inLanguage":"en-US","potentialAction":[{"@type":"ReadAction","target":["https:\/\/wein-werte.com\/en\/product\/battenfeld-spanier-riesling-kirchenstuck-gg-2023-750ml\/"]}]},{"@type":"ImageObject","inLanguage":"en-US","@id":"https:\/\/wein-werte.com\/en\/product\/battenfeld-spanier-riesling-kirchenstuck-gg-2023-750ml\/#primaryimage","url":"https:\/\/wein-werte.com\/wp-content\/uploads\/2026\/04\/Battenfeld-Spanier-Riesling-Kirchenstuck-GG-2023-750ml.png","contentUrl":"https:\/\/wein-werte.com\/wp-content\/uploads\/2026\/04\/Battenfeld-Spanier-Riesling-Kirchenstuck-GG-2023-750ml.png","width":255,"height":1200,"caption":"Battenfeld-Spanier Riesling Kirchenst\u00fcck GG 2023 750ml"},{"@type":"BreadcrumbList","@id":"https:\/\/wein-werte.com\/en\/product\/battenfeld-spanier-riesling-kirchenstuck-gg-2023-750ml\/#breadcrumb","itemListElement":[{"@type":"ListItem","position":1,"name":"Home","item":"https:\/\/wein-werte.com\/en\/"},{"@type":"ListItem","position":2,"name":"Shop Page","item":"https:\/\/wein-werte.com\/en\/shop\/"},{"@type":"ListItem","position":3,"name":"Battenfeld-Spanier | Rheinhessen | Riesling Kirchenst\u00fcck GG | 2023 | 750ml | bio"}]},{"@type":"WebSite","@id":"https:\/\/wein-werte.com\/de\/#website","url":"https:\/\/wein-werte.com\/de\/","name":"Wein Werte","description":"","publisher":{"@id":"https:\/\/wein-werte.com\/de\/#organization"},"potentialAction":[{"@type":"SearchAction","target":{"@type":"EntryPoint","urlTemplate":"https:\/\/wein-werte.com\/de\/?s={search_term_string}"},"query-input":{"@type":"PropertyValueSpecification","valueRequired":true,"valueName":"search_term_string"}}],"inLanguage":"en-US"},{"@type":"Organization","@id":"https:\/\/wein-werte.com\/de\/#organization","name":"Vins Fins Thorrold","url":"https:\/\/wein-werte.com\/de\/","logo":{"@type":"ImageObject","inLanguage":"en-US","@id":"https:\/\/wein-werte.com\/de\/#\/schema\/logo\/image\/","url":"https:\/\/wein-werte.com\/wp-content\/uploads\/2023\/07\/Wein_werte_Logo700-1.png","contentUrl":"https:\/\/wein-werte.com\/wp-content\/uploads\/2023\/07\/Wein_werte_Logo700-1.png","width":700,"height":272,"caption":"Vins Fins Thorrold"},"image":{"@id":"https:\/\/wein-werte.com\/de\/#\/schema\/logo\/image\/"}}]}},"_links":{"self":[{"href":"https:\/\/wein-werte.com\/en\/wp-json\/wp\/v2\/product\/1124157","targetHints":{"allow":["GET"]}}],"collection":[{"href":"https:\/\/wein-werte.com\/en\/wp-json\/wp\/v2\/product"}],"about":[{"href":"https:\/\/wein-werte.com\/en\/wp-json\/wp\/v2\/types\/product"}],"wp:featuredmedia":[{"embeddable":true,"href":"https:\/\/wein-werte.com\/en\/wp-json\/wp\/v2\/media\/1142561"}],"wp:attachment":[{"href":"https:\/\/wein-werte.com\/en\/wp-json\/wp\/v2\/media?parent=1124157"}],"wp:term":[{"taxonomy":"product_brand","embeddable":true,"href":"https:\/\/wein-werte.com\/en\/wp-json\/wp\/v2\/product_brand?post=1124157"},{"taxonomy":"product_cat","embeddable":true,"href":"https:\/\/wein-werte.com\/en\/wp-json\/wp\/v2\/product_cat?post=1124157"},{"taxonomy":"product_tag","embeddable":true,"href":"https:\/\/wein-werte.com\/en\/wp-json\/wp\/v2\/product_tag?post=1124157"}],"curies":[{"name":"wp","href":"https:\/\/api.w.org\/{rel}","templated":true}]}}