{"id":1124131,"date":"2026-05-08T20:03:15","date_gmt":"2026-05-08T18:03:15","guid":{"rendered":"https:\/\/wein-werte.com\/product\/kuhling-gillot-riesling-olberg-gg-2022-750ml\/"},"modified":"2026-05-08T20:03:16","modified_gmt":"2026-05-08T18:03:16","slug":"kuhling-gillot-riesling-olberg-gg-2022-750ml","status":"publish","type":"product","link":"https:\/\/wein-werte.com\/en\/product\/kuhling-gillot-riesling-olberg-gg-2022-750ml\/","title":{"rendered":"K\u00fchling-Gillot | Rheinhessen | Riesling \u00d6lberg GG | 2022 | 750ml | bio"},"content":{"rendered":"<p>Product description for K\u00fchling-Gillot Riesling \u00d6lberg GG 2022 (bio)<\/p>\n<h5>Information about the wine<\/h5>\n<p> Like many great vineyards that have been known and famous for great wines for centuries, the name \u00d6lberg also refers to a former monastery and its biblical reference. The fact that the wines from the \u00d6lberg have the densest viscosity and a particularly high proportion of essential oils certainly contributed to the naming. The \u00d6lberg is the winery&#8217;s southernmost vineyard on the Roter Hang. It runs east-west in the central area of the Roter Hang as a widely extending main vineyard and is the only one of our Roter Hang vineyards with a full south exposure. The rocky soil is heavily fractured, making vineyard work arduous. Our vineyard has a gradient of more than 60% and is considered a classic steep slope. While the rocky ridges rise to the surface in the Rothenberg and Pettenthal, the soil in the \u00d6lberg is more porous and permeable. The red clay slate has been worn down over millions of years and has essentially replaced the humus layer. The south-facing plot thus acts as an ideal heat reservoir, allowing the grapes to reach their full physiological ripeness evenly. <\/p>\n<h5>Colour<\/h5>\n<p> Radiant, light golden yellow. <\/p>\n<h5>Nose<\/h5>\n<p> The aroma of the 2022 Nierstein \u00d6lberg is concentrated and dense: orange, orange oil, lemon, Mediterranean herbs, spicy notes of herbs and undergrowth. An extremely profound and mystical fragrance, full of intensity. <\/p>\n<h5>Palate<\/h5>\n<p> Juicy, dense, even oily on the palate, with plenty of yellow fruit and citrus paired with saltiness and invigorating acidity. A concentrated yet cool, invigorating wine, at the very beginning of its development, with tremendous potential for further development. Perfect with shellfish and fish dishes, and anything from the sea! Be sure to decant and enjoy from large glasses, not too cold.<\/p>\n<p>Copyright Vinaturel 2025<\/p>\n<p>Keywords: <a href=\"https:\/\/wein-werte.com\/shop\/?swoof=1&#038;pa_producer=K\u00fchling-Gillot\">K\u00fchling-Gillot<\/a> <a href=\"https:\/\/wein-werte.com\/shop\/?swoof=1&#038;woof_text=Riesling \u00d6lberg GG\">Riesling \u00d6lberg GG<\/a> 2022 bio <a href=\"https:\/\/wein-werte.com\/shop\/?swoof=1&#038;pa_region=Rheinhessen\">Rheinhessen<\/a> <a href=\"https:\/\/wein-werte.com\/shop\/?swoof=1&#038;pa_country=Germany\">Germany<\/a><\/p>\n<h3>Vinous<\/h3>\n<p>Score: (92-94)<\/p>\n<p>The 2022 Riesling Niersteiner \u00d6lberg Grosses Gew\u00e4chs is from a special parcel of re-cultivated vines planted in 1991. The nose still carries some reduction, a flinty whiff. Underneath that is serene, tangerine and tart yellow peach fruit. Zestiness fills the mouth with ripe, aromatic fruit with overtones of grapefruit and white pepper spice. The finish is serene, tingling but also rounded and balanced. (Bone-dry)<br \/>\n &#8212; Anne Krebiehl MW<br \/>Drinking window: 2028 &#8211; 2045<br \/>Review date: Sep 2023<\/p>\n<p>Producer website: <a href=\"https:\/\/www.kuehlingandbattenfeld.com\/en\/kuehling-gillot\" target=\"_blank\">https:\/\/www.kuehlingandbattenfeld.com\/en\/kuehling-gillot<\/a><\/p>\n","protected":false},"excerpt":{"rendered":"<p>Delivery time: 1 to 2 working days (DE), 2 to 5 working days (EU and CH)<\/p>\n","protected":false},"featured_media":1147466,"template":"","meta":[],"product_brand":[],"product_cat":[19],"product_tag":[],"class_list":{"0":"post-1124131","1":"product","2":"type-product","3":"status-publish","4":"has-post-thumbnail","6":"product_cat-unkategorisiert","7":"pa_alcohol-for-filter-12-5","8":"pa_certified-biodynamic-no","9":"pa_certified-organic-yes","10":"pa_colour-white","11":"pa_country-germany","12":"pa_grape-riesling","13":"pa_price-for-filter-10572","14":"pa_producer-kuhling-gillot","15":"pa_region-rheinhessen","16":"pa_size-ml-6584","17":"pa_sweetness-dry","18":"pa_type-2-still","19":"pa_vinous-points-for-filter-16138","20":"pa_vintage-9698","21":"entry","22":"has-media","24":"first","25":"instock","26":"taxable","27":"shipping-taxable","28":"purchasable","29":"product-type-simple"},"yoast_head":"<!-- This site is optimized with the Yoast SEO plugin v27.5 - https:\/\/yoast.com\/product\/yoast-seo-wordpress\/ -->\n<title>Kuhling-Gillot Riesling Olberg GG 2022<\/title>\n<meta name=\"description\" content=\"Buy K\u00fchling-Gillot Riesling \u00d6lberg GG 2022 - a dry Riesling from Rheinhessen, Germany - at Wein Werte, your sustainable online shop.\" \/>\n<meta name=\"robots\" content=\"index, follow, max-snippet:-1, max-image-preview:large, max-video-preview:-1\" \/>\n<link rel=\"canonical\" href=\"https:\/\/wein-werte.com\/en\/product\/kuhling-gillot-riesling-olberg-gg-2022-750ml\/\" \/>\n<meta property=\"og:locale\" content=\"en_US\" \/>\n<meta property=\"og:type\" content=\"article\" \/>\n<meta property=\"og:title\" content=\"Kuhling-Gillot Riesling Olberg GG 2022\" \/>\n<meta property=\"og:description\" content=\"Buy K\u00fchling-Gillot Riesling \u00d6lberg GG 2022 - a dry Riesling from Rheinhessen, Germany - at Wein Werte, your sustainable online shop.\" \/>\n<meta property=\"og:url\" content=\"https:\/\/wein-werte.com\/en\/product\/kuhling-gillot-riesling-olberg-gg-2022-750ml\/\" \/>\n<meta property=\"og:site_name\" content=\"Wein Werte\" \/>\n<meta property=\"article:modified_time\" content=\"2026-05-08T18:03:16+00:00\" \/>\n<meta property=\"og:image\" content=\"https:\/\/wein-werte.com\/wp-content\/uploads\/2026\/04\/Kuhling-Gillot-Riesling-Olberg-GG-2022-750-ml.png\" \/>\n\t<meta property=\"og:image:width\" content=\"163\" \/>\n\t<meta property=\"og:image:height\" content=\"610\" \/>\n\t<meta property=\"og:image:type\" content=\"image\/png\" \/>\n<meta name=\"twitter:card\" content=\"summary_large_image\" \/>\n<meta name=\"twitter:label1\" content=\"Est. reading time\" \/>\n\t<meta name=\"twitter:data1\" content=\"2 minutes\" \/>\n<script type=\"application\/ld+json\" class=\"yoast-schema-graph\">{\"@context\":\"https:\\\/\\\/schema.org\",\"@graph\":[{\"@type\":\"WebPage\",\"@id\":\"https:\\\/\\\/wein-werte.com\\\/en\\\/product\\\/kuhling-gillot-riesling-olberg-gg-2022-750ml\\\/\",\"url\":\"https:\\\/\\\/wein-werte.com\\\/en\\\/product\\\/kuhling-gillot-riesling-olberg-gg-2022-750ml\\\/\",\"name\":\"Kuhling-Gillot Riesling Olberg GG 2022\",\"isPartOf\":{\"@id\":\"https:\\\/\\\/wein-werte.com\\\/de\\\/#website\"},\"primaryImageOfPage\":{\"@id\":\"https:\\\/\\\/wein-werte.com\\\/en\\\/product\\\/kuhling-gillot-riesling-olberg-gg-2022-750ml\\\/#primaryimage\"},\"image\":{\"@id\":\"https:\\\/\\\/wein-werte.com\\\/en\\\/product\\\/kuhling-gillot-riesling-olberg-gg-2022-750ml\\\/#primaryimage\"},\"thumbnailUrl\":\"https:\\\/\\\/wein-werte.com\\\/wp-content\\\/uploads\\\/2026\\\/04\\\/Kuhling-Gillot-Riesling-Olberg-GG-2022-750-ml.png\",\"datePublished\":\"2026-05-08T18:03:15+00:00\",\"dateModified\":\"2026-05-08T18:03:16+00:00\",\"description\":\"Buy K\u00fchling-Gillot Riesling \u00d6lberg GG 2022 - a dry Riesling from Rheinhessen, Germany - at Wein Werte, your sustainable online shop.\",\"breadcrumb\":{\"@id\":\"https:\\\/\\\/wein-werte.com\\\/en\\\/product\\\/kuhling-gillot-riesling-olberg-gg-2022-750ml\\\/#breadcrumb\"},\"inLanguage\":\"en-US\",\"potentialAction\":[{\"@type\":\"ReadAction\",\"target\":[\"https:\\\/\\\/wein-werte.com\\\/en\\\/product\\\/kuhling-gillot-riesling-olberg-gg-2022-750ml\\\/\"]}]},{\"@type\":\"ImageObject\",\"inLanguage\":\"en-US\",\"@id\":\"https:\\\/\\\/wein-werte.com\\\/en\\\/product\\\/kuhling-gillot-riesling-olberg-gg-2022-750ml\\\/#primaryimage\",\"url\":\"https:\\\/\\\/wein-werte.com\\\/wp-content\\\/uploads\\\/2026\\\/04\\\/Kuhling-Gillot-Riesling-Olberg-GG-2022-750-ml.png\",\"contentUrl\":\"https:\\\/\\\/wein-werte.com\\\/wp-content\\\/uploads\\\/2026\\\/04\\\/Kuhling-Gillot-Riesling-Olberg-GG-2022-750-ml.png\",\"width\":163,\"height\":610,\"caption\":\"K\u00fchling-Gillot Riesling \u00d6lberg GG 2022 750ml\"},{\"@type\":\"BreadcrumbList\",\"@id\":\"https:\\\/\\\/wein-werte.com\\\/en\\\/product\\\/kuhling-gillot-riesling-olberg-gg-2022-750ml\\\/#breadcrumb\",\"itemListElement\":[{\"@type\":\"ListItem\",\"position\":1,\"name\":\"Home\",\"item\":\"https:\\\/\\\/wein-werte.com\\\/en\\\/\"},{\"@type\":\"ListItem\",\"position\":2,\"name\":\"Shop Page\",\"item\":\"https:\\\/\\\/wein-werte.com\\\/en\\\/shop\\\/\"},{\"@type\":\"ListItem\",\"position\":3,\"name\":\"K\u00fchling-Gillot | Rheinhessen | Riesling \u00d6lberg GG | 2022 | 750ml | bio\"}]},{\"@type\":\"WebSite\",\"@id\":\"https:\\\/\\\/wein-werte.com\\\/de\\\/#website\",\"url\":\"https:\\\/\\\/wein-werte.com\\\/de\\\/\",\"name\":\"Wein Werte\",\"description\":\"\",\"publisher\":{\"@id\":\"https:\\\/\\\/wein-werte.com\\\/de\\\/#organization\"},\"potentialAction\":[{\"@type\":\"SearchAction\",\"target\":{\"@type\":\"EntryPoint\",\"urlTemplate\":\"https:\\\/\\\/wein-werte.com\\\/de\\\/?s={search_term_string}\"},\"query-input\":{\"@type\":\"PropertyValueSpecification\",\"valueRequired\":true,\"valueName\":\"search_term_string\"}}],\"inLanguage\":\"en-US\"},{\"@type\":\"Organization\",\"@id\":\"https:\\\/\\\/wein-werte.com\\\/de\\\/#organization\",\"name\":\"Vins Fins Thorrold\",\"url\":\"https:\\\/\\\/wein-werte.com\\\/de\\\/\",\"logo\":{\"@type\":\"ImageObject\",\"inLanguage\":\"en-US\",\"@id\":\"https:\\\/\\\/wein-werte.com\\\/de\\\/#\\\/schema\\\/logo\\\/image\\\/\",\"url\":\"https:\\\/\\\/wein-werte.com\\\/wp-content\\\/uploads\\\/2023\\\/07\\\/Wein_werte_Logo700-1.png\",\"contentUrl\":\"https:\\\/\\\/wein-werte.com\\\/wp-content\\\/uploads\\\/2023\\\/07\\\/Wein_werte_Logo700-1.png\",\"width\":700,\"height\":272,\"caption\":\"Vins Fins Thorrold\"},\"image\":{\"@id\":\"https:\\\/\\\/wein-werte.com\\\/de\\\/#\\\/schema\\\/logo\\\/image\\\/\"}}]}<\/script>\n<!-- \/ Yoast SEO plugin. -->","yoast_head_json":{"title":"Kuhling-Gillot Riesling Olberg GG 2022","description":"Buy K\u00fchling-Gillot Riesling \u00d6lberg GG 2022 - a dry Riesling from Rheinhessen, Germany - at Wein Werte, your sustainable online shop.","robots":{"index":"index","follow":"follow","max-snippet":"max-snippet:-1","max-image-preview":"max-image-preview:large","max-video-preview":"max-video-preview:-1"},"canonical":"https:\/\/wein-werte.com\/en\/product\/kuhling-gillot-riesling-olberg-gg-2022-750ml\/","og_locale":"en_US","og_type":"article","og_title":"Kuhling-Gillot Riesling Olberg GG 2022","og_description":"Buy K\u00fchling-Gillot Riesling \u00d6lberg GG 2022 - a dry Riesling from Rheinhessen, Germany - at Wein Werte, your sustainable online shop.","og_url":"https:\/\/wein-werte.com\/en\/product\/kuhling-gillot-riesling-olberg-gg-2022-750ml\/","og_site_name":"Wein Werte","article_modified_time":"2026-05-08T18:03:16+00:00","og_image":[{"width":163,"height":610,"url":"https:\/\/wein-werte.com\/wp-content\/uploads\/2026\/04\/Kuhling-Gillot-Riesling-Olberg-GG-2022-750-ml.png","type":"image\/png"}],"twitter_card":"summary_large_image","twitter_misc":{"Est. reading time":"2 minutes"},"schema":{"@context":"https:\/\/schema.org","@graph":[{"@type":"WebPage","@id":"https:\/\/wein-werte.com\/en\/product\/kuhling-gillot-riesling-olberg-gg-2022-750ml\/","url":"https:\/\/wein-werte.com\/en\/product\/kuhling-gillot-riesling-olberg-gg-2022-750ml\/","name":"Kuhling-Gillot Riesling Olberg GG 2022","isPartOf":{"@id":"https:\/\/wein-werte.com\/de\/#website"},"primaryImageOfPage":{"@id":"https:\/\/wein-werte.com\/en\/product\/kuhling-gillot-riesling-olberg-gg-2022-750ml\/#primaryimage"},"image":{"@id":"https:\/\/wein-werte.com\/en\/product\/kuhling-gillot-riesling-olberg-gg-2022-750ml\/#primaryimage"},"thumbnailUrl":"https:\/\/wein-werte.com\/wp-content\/uploads\/2026\/04\/Kuhling-Gillot-Riesling-Olberg-GG-2022-750-ml.png","datePublished":"2026-05-08T18:03:15+00:00","dateModified":"2026-05-08T18:03:16+00:00","description":"Buy K\u00fchling-Gillot Riesling \u00d6lberg GG 2022 - a dry Riesling from Rheinhessen, Germany - at Wein Werte, your sustainable online shop.","breadcrumb":{"@id":"https:\/\/wein-werte.com\/en\/product\/kuhling-gillot-riesling-olberg-gg-2022-750ml\/#breadcrumb"},"inLanguage":"en-US","potentialAction":[{"@type":"ReadAction","target":["https:\/\/wein-werte.com\/en\/product\/kuhling-gillot-riesling-olberg-gg-2022-750ml\/"]}]},{"@type":"ImageObject","inLanguage":"en-US","@id":"https:\/\/wein-werte.com\/en\/product\/kuhling-gillot-riesling-olberg-gg-2022-750ml\/#primaryimage","url":"https:\/\/wein-werte.com\/wp-content\/uploads\/2026\/04\/Kuhling-Gillot-Riesling-Olberg-GG-2022-750-ml.png","contentUrl":"https:\/\/wein-werte.com\/wp-content\/uploads\/2026\/04\/Kuhling-Gillot-Riesling-Olberg-GG-2022-750-ml.png","width":163,"height":610,"caption":"K\u00fchling-Gillot Riesling \u00d6lberg GG 2022 750ml"},{"@type":"BreadcrumbList","@id":"https:\/\/wein-werte.com\/en\/product\/kuhling-gillot-riesling-olberg-gg-2022-750ml\/#breadcrumb","itemListElement":[{"@type":"ListItem","position":1,"name":"Home","item":"https:\/\/wein-werte.com\/en\/"},{"@type":"ListItem","position":2,"name":"Shop Page","item":"https:\/\/wein-werte.com\/en\/shop\/"},{"@type":"ListItem","position":3,"name":"K\u00fchling-Gillot | Rheinhessen | Riesling \u00d6lberg GG | 2022 | 750ml | bio"}]},{"@type":"WebSite","@id":"https:\/\/wein-werte.com\/de\/#website","url":"https:\/\/wein-werte.com\/de\/","name":"Wein Werte","description":"","publisher":{"@id":"https:\/\/wein-werte.com\/de\/#organization"},"potentialAction":[{"@type":"SearchAction","target":{"@type":"EntryPoint","urlTemplate":"https:\/\/wein-werte.com\/de\/?s={search_term_string}"},"query-input":{"@type":"PropertyValueSpecification","valueRequired":true,"valueName":"search_term_string"}}],"inLanguage":"en-US"},{"@type":"Organization","@id":"https:\/\/wein-werte.com\/de\/#organization","name":"Vins Fins Thorrold","url":"https:\/\/wein-werte.com\/de\/","logo":{"@type":"ImageObject","inLanguage":"en-US","@id":"https:\/\/wein-werte.com\/de\/#\/schema\/logo\/image\/","url":"https:\/\/wein-werte.com\/wp-content\/uploads\/2023\/07\/Wein_werte_Logo700-1.png","contentUrl":"https:\/\/wein-werte.com\/wp-content\/uploads\/2023\/07\/Wein_werte_Logo700-1.png","width":700,"height":272,"caption":"Vins Fins Thorrold"},"image":{"@id":"https:\/\/wein-werte.com\/de\/#\/schema\/logo\/image\/"}}]}},"_links":{"self":[{"href":"https:\/\/wein-werte.com\/en\/wp-json\/wp\/v2\/product\/1124131","targetHints":{"allow":["GET"]}}],"collection":[{"href":"https:\/\/wein-werte.com\/en\/wp-json\/wp\/v2\/product"}],"about":[{"href":"https:\/\/wein-werte.com\/en\/wp-json\/wp\/v2\/types\/product"}],"wp:featuredmedia":[{"embeddable":true,"href":"https:\/\/wein-werte.com\/en\/wp-json\/wp\/v2\/media\/1147466"}],"wp:attachment":[{"href":"https:\/\/wein-werte.com\/en\/wp-json\/wp\/v2\/media?parent=1124131"}],"wp:term":[{"taxonomy":"product_brand","embeddable":true,"href":"https:\/\/wein-werte.com\/en\/wp-json\/wp\/v2\/product_brand?post=1124131"},{"taxonomy":"product_cat","embeddable":true,"href":"https:\/\/wein-werte.com\/en\/wp-json\/wp\/v2\/product_cat?post=1124131"},{"taxonomy":"product_tag","embeddable":true,"href":"https:\/\/wein-werte.com\/en\/wp-json\/wp\/v2\/product_tag?post=1124131"}],"curies":[{"name":"wp","href":"https:\/\/api.w.org\/{rel}","templated":true}]}}