{"id":1124096,"date":"2026-05-08T20:03:04","date_gmt":"2026-05-08T18:03:04","guid":{"rendered":"https:\/\/wein-werte.com\/product\/michael-andres-maushohle-am-kirchenberg-2022-750ml\/"},"modified":"2026-05-08T20:03:05","modified_gmt":"2026-05-08T18:03:05","slug":"michael-andres-maushohle-am-kirchenberg-2022-750ml","status":"publish","type":"product","link":"https:\/\/wein-werte.com\/en\/product\/michael-andres-maushohle-am-kirchenberg-2022-750ml\/","title":{"rendered":"Michael Andres | Pfalz | M\u00e4ush\u00f6hle am Kirchenberg | 2022 | 750ml | bio"},"content":{"rendered":"<p>Product description for Michael Andres M\u00e4ush\u00f6hle am Kirchenberg 2022 (bio)<\/p>\n<h5>Colour<\/h5>\n<p> Bright, light straw yellow with green reflections <\/p>\n<h5>Nose<\/h5>\n<p> A flagship Palatinate Riesling. Yellow and green apple. Juicy, tart, fresh, acidic, and crisp at the same time. It also presents us with abundant green elements such as lemon balm, lemon thyme, chervil, and lemongrass. Mint and coriander add an intense fragrance. Refreshing and intoxicating. Lime zest, kaffir lime leaves, and juicy nashi pear provide support. Pea shoots and fennel seeds conclude the nose with ethereal and vegetal notes in equal measure. <\/p>\n<h5>Palate<\/h5>\n<p> On the palate, it is precise and clear. As pure as a mountain stream, it flows coolly over the lips. It thrives on a wonderful tart touch. This pushes its fruit somewhat into the background. This allows its robust, crisp elements to shine through all the more. A pure Palatinate wine. Dry and distinctive. Its acidity is moderate, yet distinctive. This Riesling reveals its stony, hard side. It is both stimulating and challenging. The bitterness keeps it balanced. A great Riesling for a comparatively very reasonable price.<\/p>\n<p>Copyright Vinaturel 2025<\/p>\n<p>Keywords: <a href=\"https:\/\/wein-werte.com\/shop\/?swoof=1&#038;pa_producer=Michael-Andres\">Michael Andres<\/a> <a href=\"https:\/\/wein-werte.com\/shop\/?swoof=1&#038;woof_text=M\u00e4ush\u00f6hle am Kirchenberg\">M\u00e4ush\u00f6hle am Kirchenberg<\/a> 2022 bio <a href=\"https:\/\/wein-werte.com\/shop\/?swoof=1&#038;pa_region=Pfalz\">Pfalz<\/a> <a href=\"https:\/\/wein-werte.com\/shop\/?swoof=1&#038;pa_country=Germany\">Germany<\/a><\/p>\n<h3>Wine Advocate<\/h3>\n<p>Score: 92<\/p>\n<p>The 2022 M\u00e4ush\u00f6hle Am Kirchenberg Riesling is a pure, deep and intense sandstone Riesling with elegant and stony-scented fruit aromas that indicate great purity and finesse. Lean and elegant on the palate, with bright citrus fruit flavors, this is a moderately intense but tight and characterful, grippy and refreshing Riesling purist with good length and structure. It&#8217;s too young to adore now, but it has the talent for improvement. 12% stated alcohol. Screw-cap closure. Tasted in November 2023.<br \/>Stephan Reinhardt<\/p>\n<p>Producer website: <a href=\"https:\/\/www.andres-wein.de\/en\/\" target=\"_blank\">https:\/\/www.andres-wein.de\/en\/<\/a><\/p>\n","protected":false},"excerpt":{"rendered":"<p>Delivery time: 1 to 2 working days (DE), 2 to 5 working days (EU and CH)<\/p>\n","protected":false},"featured_media":1142349,"template":"","meta":[],"product_brand":[],"product_cat":[19],"product_tag":[],"class_list":{"0":"post-1124096","1":"product","2":"type-product","3":"status-publish","4":"has-post-thumbnail","6":"product_cat-unkategorisiert","7":"pa_alcohol-for-filter-12893","8":"pa_certified-biodynamic-no","9":"pa_certified-organic-yes","10":"pa_colour-white","11":"pa_country-germany","12":"pa_grape-riesling","13":"pa_parker-points-for-filter-16144","14":"pa_price-for-filter-10581","15":"pa_producer-michael-andres","16":"pa_region-pfalz","17":"pa_size-ml-6584","18":"pa_sweetness-dry","19":"pa_type-2-still","20":"pa_vintage-9698","21":"entry","22":"has-media","24":"first","25":"instock","26":"taxable","27":"shipping-taxable","28":"purchasable","29":"product-type-simple"},"yoast_head":"<!-- This site is optimized with the Yoast SEO plugin v27.5 - https:\/\/yoast.com\/product\/yoast-seo-wordpress\/ -->\n<title>Michael Andres Maushohle am Kirchenberg 2022<\/title>\n<meta name=\"description\" content=\"Buy Michael Andres M\u00e4ush\u00f6hle am Kirchenberg 2022 - a dry Riesling from Pfalz, Germany - at Wein Werte, your sustainable online shop.\" \/>\n<meta name=\"robots\" content=\"index, follow, max-snippet:-1, max-image-preview:large, max-video-preview:-1\" \/>\n<link rel=\"canonical\" href=\"https:\/\/wein-werte.com\/en\/product\/michael-andres-maushohle-am-kirchenberg-2022-750ml\/\" \/>\n<meta property=\"og:locale\" content=\"en_US\" \/>\n<meta property=\"og:type\" content=\"article\" \/>\n<meta property=\"og:title\" content=\"Michael Andres Maushohle am Kirchenberg 2022\" \/>\n<meta property=\"og:description\" content=\"Buy Michael Andres M\u00e4ush\u00f6hle am Kirchenberg 2022 - a dry Riesling from Pfalz, Germany - at Wein Werte, your sustainable online shop.\" \/>\n<meta property=\"og:url\" content=\"https:\/\/wein-werte.com\/en\/product\/michael-andres-maushohle-am-kirchenberg-2022-750ml\/\" \/>\n<meta property=\"og:site_name\" content=\"Wein Werte\" \/>\n<meta property=\"article:modified_time\" content=\"2026-05-08T18:03:05+00:00\" \/>\n<meta property=\"og:image\" content=\"https:\/\/wein-werte.com\/wp-content\/uploads\/2026\/04\/Michael-Andres-Maushohle-am-Kirchenberg-2022-750ml.png\" \/>\n\t<meta property=\"og:image:width\" content=\"263\" \/>\n\t<meta property=\"og:image:height\" content=\"1200\" \/>\n\t<meta property=\"og:image:type\" content=\"image\/png\" \/>\n<meta name=\"twitter:card\" content=\"summary_large_image\" \/>\n<meta name=\"twitter:label1\" content=\"Est. reading time\" \/>\n\t<meta name=\"twitter:data1\" content=\"1 minute\" \/>\n<script type=\"application\/ld+json\" class=\"yoast-schema-graph\">{\"@context\":\"https:\\\/\\\/schema.org\",\"@graph\":[{\"@type\":\"WebPage\",\"@id\":\"https:\\\/\\\/wein-werte.com\\\/en\\\/product\\\/michael-andres-maushohle-am-kirchenberg-2022-750ml\\\/\",\"url\":\"https:\\\/\\\/wein-werte.com\\\/en\\\/product\\\/michael-andres-maushohle-am-kirchenberg-2022-750ml\\\/\",\"name\":\"Michael Andres Maushohle am Kirchenberg 2022\",\"isPartOf\":{\"@id\":\"https:\\\/\\\/wein-werte.com\\\/de\\\/#website\"},\"primaryImageOfPage\":{\"@id\":\"https:\\\/\\\/wein-werte.com\\\/en\\\/product\\\/michael-andres-maushohle-am-kirchenberg-2022-750ml\\\/#primaryimage\"},\"image\":{\"@id\":\"https:\\\/\\\/wein-werte.com\\\/en\\\/product\\\/michael-andres-maushohle-am-kirchenberg-2022-750ml\\\/#primaryimage\"},\"thumbnailUrl\":\"https:\\\/\\\/wein-werte.com\\\/wp-content\\\/uploads\\\/2026\\\/04\\\/Michael-Andres-Maushohle-am-Kirchenberg-2022-750ml.png\",\"datePublished\":\"2026-05-08T18:03:04+00:00\",\"dateModified\":\"2026-05-08T18:03:05+00:00\",\"description\":\"Buy Michael Andres M\u00e4ush\u00f6hle am Kirchenberg 2022 - a dry Riesling from Pfalz, Germany - at Wein Werte, your sustainable online shop.\",\"breadcrumb\":{\"@id\":\"https:\\\/\\\/wein-werte.com\\\/en\\\/product\\\/michael-andres-maushohle-am-kirchenberg-2022-750ml\\\/#breadcrumb\"},\"inLanguage\":\"en-US\",\"potentialAction\":[{\"@type\":\"ReadAction\",\"target\":[\"https:\\\/\\\/wein-werte.com\\\/en\\\/product\\\/michael-andres-maushohle-am-kirchenberg-2022-750ml\\\/\"]}]},{\"@type\":\"ImageObject\",\"inLanguage\":\"en-US\",\"@id\":\"https:\\\/\\\/wein-werte.com\\\/en\\\/product\\\/michael-andres-maushohle-am-kirchenberg-2022-750ml\\\/#primaryimage\",\"url\":\"https:\\\/\\\/wein-werte.com\\\/wp-content\\\/uploads\\\/2026\\\/04\\\/Michael-Andres-Maushohle-am-Kirchenberg-2022-750ml.png\",\"contentUrl\":\"https:\\\/\\\/wein-werte.com\\\/wp-content\\\/uploads\\\/2026\\\/04\\\/Michael-Andres-Maushohle-am-Kirchenberg-2022-750ml.png\",\"width\":263,\"height\":1200,\"caption\":\"Michael Andres M\u00e4ush\u00f6hle am Kirchenberg 2022 750ml\"},{\"@type\":\"BreadcrumbList\",\"@id\":\"https:\\\/\\\/wein-werte.com\\\/en\\\/product\\\/michael-andres-maushohle-am-kirchenberg-2022-750ml\\\/#breadcrumb\",\"itemListElement\":[{\"@type\":\"ListItem\",\"position\":1,\"name\":\"Home\",\"item\":\"https:\\\/\\\/wein-werte.com\\\/en\\\/\"},{\"@type\":\"ListItem\",\"position\":2,\"name\":\"Shop Page\",\"item\":\"https:\\\/\\\/wein-werte.com\\\/en\\\/shop\\\/\"},{\"@type\":\"ListItem\",\"position\":3,\"name\":\"Michael Andres | Pfalz | M\u00e4ush\u00f6hle am Kirchenberg | 2022 | 750ml | bio\"}]},{\"@type\":\"WebSite\",\"@id\":\"https:\\\/\\\/wein-werte.com\\\/de\\\/#website\",\"url\":\"https:\\\/\\\/wein-werte.com\\\/de\\\/\",\"name\":\"Wein Werte\",\"description\":\"\",\"publisher\":{\"@id\":\"https:\\\/\\\/wein-werte.com\\\/de\\\/#organization\"},\"potentialAction\":[{\"@type\":\"SearchAction\",\"target\":{\"@type\":\"EntryPoint\",\"urlTemplate\":\"https:\\\/\\\/wein-werte.com\\\/de\\\/?s={search_term_string}\"},\"query-input\":{\"@type\":\"PropertyValueSpecification\",\"valueRequired\":true,\"valueName\":\"search_term_string\"}}],\"inLanguage\":\"en-US\"},{\"@type\":\"Organization\",\"@id\":\"https:\\\/\\\/wein-werte.com\\\/de\\\/#organization\",\"name\":\"Vins Fins Thorrold\",\"url\":\"https:\\\/\\\/wein-werte.com\\\/de\\\/\",\"logo\":{\"@type\":\"ImageObject\",\"inLanguage\":\"en-US\",\"@id\":\"https:\\\/\\\/wein-werte.com\\\/de\\\/#\\\/schema\\\/logo\\\/image\\\/\",\"url\":\"https:\\\/\\\/wein-werte.com\\\/wp-content\\\/uploads\\\/2023\\\/07\\\/Wein_werte_Logo700-1.png\",\"contentUrl\":\"https:\\\/\\\/wein-werte.com\\\/wp-content\\\/uploads\\\/2023\\\/07\\\/Wein_werte_Logo700-1.png\",\"width\":700,\"height\":272,\"caption\":\"Vins Fins Thorrold\"},\"image\":{\"@id\":\"https:\\\/\\\/wein-werte.com\\\/de\\\/#\\\/schema\\\/logo\\\/image\\\/\"}}]}<\/script>\n<!-- \/ Yoast SEO plugin. -->","yoast_head_json":{"title":"Michael Andres Maushohle am Kirchenberg 2022","description":"Buy Michael Andres M\u00e4ush\u00f6hle am Kirchenberg 2022 - a dry Riesling from Pfalz, Germany - at Wein Werte, your sustainable online shop.","robots":{"index":"index","follow":"follow","max-snippet":"max-snippet:-1","max-image-preview":"max-image-preview:large","max-video-preview":"max-video-preview:-1"},"canonical":"https:\/\/wein-werte.com\/en\/product\/michael-andres-maushohle-am-kirchenberg-2022-750ml\/","og_locale":"en_US","og_type":"article","og_title":"Michael Andres Maushohle am Kirchenberg 2022","og_description":"Buy Michael Andres M\u00e4ush\u00f6hle am Kirchenberg 2022 - a dry Riesling from Pfalz, Germany - at Wein Werte, your sustainable online shop.","og_url":"https:\/\/wein-werte.com\/en\/product\/michael-andres-maushohle-am-kirchenberg-2022-750ml\/","og_site_name":"Wein Werte","article_modified_time":"2026-05-08T18:03:05+00:00","og_image":[{"width":263,"height":1200,"url":"https:\/\/wein-werte.com\/wp-content\/uploads\/2026\/04\/Michael-Andres-Maushohle-am-Kirchenberg-2022-750ml.png","type":"image\/png"}],"twitter_card":"summary_large_image","twitter_misc":{"Est. reading time":"1 minute"},"schema":{"@context":"https:\/\/schema.org","@graph":[{"@type":"WebPage","@id":"https:\/\/wein-werte.com\/en\/product\/michael-andres-maushohle-am-kirchenberg-2022-750ml\/","url":"https:\/\/wein-werte.com\/en\/product\/michael-andres-maushohle-am-kirchenberg-2022-750ml\/","name":"Michael Andres Maushohle am Kirchenberg 2022","isPartOf":{"@id":"https:\/\/wein-werte.com\/de\/#website"},"primaryImageOfPage":{"@id":"https:\/\/wein-werte.com\/en\/product\/michael-andres-maushohle-am-kirchenberg-2022-750ml\/#primaryimage"},"image":{"@id":"https:\/\/wein-werte.com\/en\/product\/michael-andres-maushohle-am-kirchenberg-2022-750ml\/#primaryimage"},"thumbnailUrl":"https:\/\/wein-werte.com\/wp-content\/uploads\/2026\/04\/Michael-Andres-Maushohle-am-Kirchenberg-2022-750ml.png","datePublished":"2026-05-08T18:03:04+00:00","dateModified":"2026-05-08T18:03:05+00:00","description":"Buy Michael Andres M\u00e4ush\u00f6hle am Kirchenberg 2022 - a dry Riesling from Pfalz, Germany - at Wein Werte, your sustainable online shop.","breadcrumb":{"@id":"https:\/\/wein-werte.com\/en\/product\/michael-andres-maushohle-am-kirchenberg-2022-750ml\/#breadcrumb"},"inLanguage":"en-US","potentialAction":[{"@type":"ReadAction","target":["https:\/\/wein-werte.com\/en\/product\/michael-andres-maushohle-am-kirchenberg-2022-750ml\/"]}]},{"@type":"ImageObject","inLanguage":"en-US","@id":"https:\/\/wein-werte.com\/en\/product\/michael-andres-maushohle-am-kirchenberg-2022-750ml\/#primaryimage","url":"https:\/\/wein-werte.com\/wp-content\/uploads\/2026\/04\/Michael-Andres-Maushohle-am-Kirchenberg-2022-750ml.png","contentUrl":"https:\/\/wein-werte.com\/wp-content\/uploads\/2026\/04\/Michael-Andres-Maushohle-am-Kirchenberg-2022-750ml.png","width":263,"height":1200,"caption":"Michael Andres M\u00e4ush\u00f6hle am Kirchenberg 2022 750ml"},{"@type":"BreadcrumbList","@id":"https:\/\/wein-werte.com\/en\/product\/michael-andres-maushohle-am-kirchenberg-2022-750ml\/#breadcrumb","itemListElement":[{"@type":"ListItem","position":1,"name":"Home","item":"https:\/\/wein-werte.com\/en\/"},{"@type":"ListItem","position":2,"name":"Shop Page","item":"https:\/\/wein-werte.com\/en\/shop\/"},{"@type":"ListItem","position":3,"name":"Michael Andres | Pfalz | M\u00e4ush\u00f6hle am Kirchenberg | 2022 | 750ml | bio"}]},{"@type":"WebSite","@id":"https:\/\/wein-werte.com\/de\/#website","url":"https:\/\/wein-werte.com\/de\/","name":"Wein Werte","description":"","publisher":{"@id":"https:\/\/wein-werte.com\/de\/#organization"},"potentialAction":[{"@type":"SearchAction","target":{"@type":"EntryPoint","urlTemplate":"https:\/\/wein-werte.com\/de\/?s={search_term_string}"},"query-input":{"@type":"PropertyValueSpecification","valueRequired":true,"valueName":"search_term_string"}}],"inLanguage":"en-US"},{"@type":"Organization","@id":"https:\/\/wein-werte.com\/de\/#organization","name":"Vins Fins Thorrold","url":"https:\/\/wein-werte.com\/de\/","logo":{"@type":"ImageObject","inLanguage":"en-US","@id":"https:\/\/wein-werte.com\/de\/#\/schema\/logo\/image\/","url":"https:\/\/wein-werte.com\/wp-content\/uploads\/2023\/07\/Wein_werte_Logo700-1.png","contentUrl":"https:\/\/wein-werte.com\/wp-content\/uploads\/2023\/07\/Wein_werte_Logo700-1.png","width":700,"height":272,"caption":"Vins Fins Thorrold"},"image":{"@id":"https:\/\/wein-werte.com\/de\/#\/schema\/logo\/image\/"}}]}},"_links":{"self":[{"href":"https:\/\/wein-werte.com\/en\/wp-json\/wp\/v2\/product\/1124096","targetHints":{"allow":["GET"]}}],"collection":[{"href":"https:\/\/wein-werte.com\/en\/wp-json\/wp\/v2\/product"}],"about":[{"href":"https:\/\/wein-werte.com\/en\/wp-json\/wp\/v2\/types\/product"}],"wp:featuredmedia":[{"embeddable":true,"href":"https:\/\/wein-werte.com\/en\/wp-json\/wp\/v2\/media\/1142349"}],"wp:attachment":[{"href":"https:\/\/wein-werte.com\/en\/wp-json\/wp\/v2\/media?parent=1124096"}],"wp:term":[{"taxonomy":"product_brand","embeddable":true,"href":"https:\/\/wein-werte.com\/en\/wp-json\/wp\/v2\/product_brand?post=1124096"},{"taxonomy":"product_cat","embeddable":true,"href":"https:\/\/wein-werte.com\/en\/wp-json\/wp\/v2\/product_cat?post=1124096"},{"taxonomy":"product_tag","embeddable":true,"href":"https:\/\/wein-werte.com\/en\/wp-json\/wp\/v2\/product_tag?post=1124096"}],"curies":[{"name":"wp","href":"https:\/\/api.w.org\/{rel}","templated":true}]}}