{"id":1124080,"date":"2026-05-08T20:03:01","date_gmt":"2026-05-08T18:03:01","guid":{"rendered":"https:\/\/wein-werte.com\/product\/m-schadler-steffen-mugler-cuvee-fleur-2024-750ml\/"},"modified":"2026-05-08T20:03:01","modified_gmt":"2026-05-08T18:03:01","slug":"m-schadler-steffen-mugler-cuvee-fleur-2024-750ml","status":"publish","type":"product","link":"https:\/\/wein-werte.com\/en\/product\/m-schadler-steffen-mugler-cuvee-fleur-2024-750ml\/","title":{"rendered":"M. Sch\u00e4dler &#8211; Steffen Mugler | Pfalz | Cuv\u00e9e Fleur | 2024 | 750ml | bio"},"content":{"rendered":"<p>Product description for M. Sch\u00e4dler &#8211; Steffen Mugler Cuv\u00e9e Fleur 2024 (bio)<\/p>\n<h5>Information about the Winery<\/h5>\n<p>In 2002, Steffen and Daniela Mugler took over the Sch\u00e4dler winery in Maikammer. The business was modernized, preserving the family-run structure and converting to organic-biodynamic farming. For the Muglers, the rhythm of nature is paramount, starting with the foundation of all life: the soil. Strengthening the vines in the spirit of a natural circular economy is the prerequisite for the best harvest for the best wines. From harvest to aging, all steps are carried out by hand.<\/p>\n<h5>Color<\/h5>\n<p>Light yellow with distinct silvery reflections and delicate green notes.<\/p>\n<h5>Nose<\/h5>\n<p>The cuv\u00e9e of Scheurebe and Cabernet Blanc presents itself fragrantly and florally on the nose, with notes of passion fruit, cassis, nettle, and wild mint, along with spicy notes of lemon pepper. It immediately puts you in the mood for the first sip and the summer temperatures.<\/p>\n<h5>Palate<\/h5>\n<p>On the tongue, the exotic fruit pairs with a subtle spice and a refreshing note, without being overly acidic. A perfect summer and party wine, enjoyed in large quantities on its own, or with snacks and refreshing dishes.<\/p>\n<p>Copyright Vinaturel 2025<\/p>\n<p>Keywords: <a href=\"https:\/\/wein-werte.com\/shop\/?swoof=1&#038;pa_producer=M.-Sch\u00e4dler---Steffen-Mugler\">M. Sch\u00e4dler &#8211; Steffen Mugler<\/a> <a href=\"https:\/\/wein-werte.com\/shop\/?swoof=1&#038;woof_text=Cuv\u00e9e Fleur\">Cuv\u00e9e Fleur<\/a> 2024 bio <a href=\"https:\/\/wein-werte.com\/shop\/?swoof=1&#038;pa_region=Pfalz\">Pfalz<\/a> <a href=\"https:\/\/wein-werte.com\/shop\/?swoof=1&#038;pa_country=Germany\">Germany<\/a><\/p>\n<p>Producer website: <a href=\"https:\/\/www.wein-mugler.com\/\" target=\"_blank\">https:\/\/www.wein-mugler.com\/<\/a><\/p>\n","protected":false},"excerpt":{"rendered":"<p>Delivery time: 1 to 2 working days (DE), 2 to 5 working days (EU and CH)<\/p>\n","protected":false},"featured_media":1142299,"template":"","meta":[],"product_brand":[],"product_cat":[19],"product_tag":[],"class_list":{"0":"post-1124080","1":"product","2":"type-product","3":"status-publish","4":"has-post-thumbnail","6":"product_cat-unkategorisiert","7":"pa_alcohol-for-filter-12893","8":"pa_certified-biodynamic-no","9":"pa_certified-organic-yes","10":"pa_colour-white","11":"pa_country-germany","12":"pa_grape-cabernet-blanc-blend","13":"pa_price-for-filter-10587","14":"pa_producer-m-schadler-steffen-mugler","15":"pa_region-pfalz","16":"pa_size-ml-6584","17":"pa_sweetness-dry","18":"pa_type-2-still","19":"pa_vintage-13166","20":"entry","21":"has-media","23":"first","24":"instock","25":"taxable","26":"shipping-taxable","27":"purchasable","28":"product-type-simple"},"yoast_head":"<!-- This site is optimized with the Yoast SEO plugin v27.5 - https:\/\/yoast.com\/product\/yoast-seo-wordpress\/ -->\n<title>M. Schadler - Steffen Mugler Cuv\u00e9e Fleur 2024<\/title>\n<meta name=\"description\" content=\"Buy M. Sch\u00e4dler - Steffen Mugler Cuv\u00e9e Fleur 2024 - a dry Cabernet Blanc blend from Pfalz, Germany - at Wein Werte, your sustainable online shop.\" \/>\n<meta name=\"robots\" content=\"index, follow, max-snippet:-1, max-image-preview:large, max-video-preview:-1\" \/>\n<link rel=\"canonical\" href=\"https:\/\/wein-werte.com\/en\/product\/m-schadler-steffen-mugler-cuvee-fleur-2024-750ml\/\" \/>\n<meta property=\"og:locale\" content=\"en_US\" \/>\n<meta property=\"og:type\" content=\"article\" \/>\n<meta property=\"og:title\" content=\"M. Schadler - Steffen Mugler Cuv\u00e9e Fleur 2024\" \/>\n<meta property=\"og:description\" content=\"Buy M. Sch\u00e4dler - Steffen Mugler Cuv\u00e9e Fleur 2024 - a dry Cabernet Blanc blend from Pfalz, Germany - at Wein Werte, your sustainable online shop.\" \/>\n<meta property=\"og:url\" content=\"https:\/\/wein-werte.com\/en\/product\/m-schadler-steffen-mugler-cuvee-fleur-2024-750ml\/\" \/>\n<meta property=\"og:site_name\" content=\"Wein Werte\" \/>\n<meta property=\"og:image\" content=\"https:\/\/wein-werte.com\/wp-content\/uploads\/2026\/04\/M.-Schadler-Steffen-Mugler-Cuvee-Fleur-2024-750ml.png\" \/>\n\t<meta property=\"og:image:width\" content=\"274\" \/>\n\t<meta property=\"og:image:height\" content=\"1200\" \/>\n\t<meta property=\"og:image:type\" content=\"image\/png\" \/>\n<meta name=\"twitter:card\" content=\"summary_large_image\" \/>\n<meta name=\"twitter:label1\" content=\"Est. reading time\" \/>\n\t<meta name=\"twitter:data1\" content=\"1 minute\" \/>\n<script type=\"application\/ld+json\" class=\"yoast-schema-graph\">{\"@context\":\"https:\\\/\\\/schema.org\",\"@graph\":[{\"@type\":\"WebPage\",\"@id\":\"https:\\\/\\\/wein-werte.com\\\/en\\\/product\\\/m-schadler-steffen-mugler-cuvee-fleur-2024-750ml\\\/\",\"url\":\"https:\\\/\\\/wein-werte.com\\\/en\\\/product\\\/m-schadler-steffen-mugler-cuvee-fleur-2024-750ml\\\/\",\"name\":\"M. Schadler - Steffen Mugler Cuv\u00e9e Fleur 2024\",\"isPartOf\":{\"@id\":\"https:\\\/\\\/wein-werte.com\\\/de\\\/#website\"},\"primaryImageOfPage\":{\"@id\":\"https:\\\/\\\/wein-werte.com\\\/en\\\/product\\\/m-schadler-steffen-mugler-cuvee-fleur-2024-750ml\\\/#primaryimage\"},\"image\":{\"@id\":\"https:\\\/\\\/wein-werte.com\\\/en\\\/product\\\/m-schadler-steffen-mugler-cuvee-fleur-2024-750ml\\\/#primaryimage\"},\"thumbnailUrl\":\"https:\\\/\\\/wein-werte.com\\\/wp-content\\\/uploads\\\/2026\\\/04\\\/M.-Schadler-Steffen-Mugler-Cuvee-Fleur-2024-750ml.png\",\"datePublished\":\"2026-05-08T18:03:01+00:00\",\"description\":\"Buy M. Sch\u00e4dler - Steffen Mugler Cuv\u00e9e Fleur 2024 - a dry Cabernet Blanc blend from Pfalz, Germany - at Wein Werte, your sustainable online shop.\",\"breadcrumb\":{\"@id\":\"https:\\\/\\\/wein-werte.com\\\/en\\\/product\\\/m-schadler-steffen-mugler-cuvee-fleur-2024-750ml\\\/#breadcrumb\"},\"inLanguage\":\"en-US\",\"potentialAction\":[{\"@type\":\"ReadAction\",\"target\":[\"https:\\\/\\\/wein-werte.com\\\/en\\\/product\\\/m-schadler-steffen-mugler-cuvee-fleur-2024-750ml\\\/\"]}]},{\"@type\":\"ImageObject\",\"inLanguage\":\"en-US\",\"@id\":\"https:\\\/\\\/wein-werte.com\\\/en\\\/product\\\/m-schadler-steffen-mugler-cuvee-fleur-2024-750ml\\\/#primaryimage\",\"url\":\"https:\\\/\\\/wein-werte.com\\\/wp-content\\\/uploads\\\/2026\\\/04\\\/M.-Schadler-Steffen-Mugler-Cuvee-Fleur-2024-750ml.png\",\"contentUrl\":\"https:\\\/\\\/wein-werte.com\\\/wp-content\\\/uploads\\\/2026\\\/04\\\/M.-Schadler-Steffen-Mugler-Cuvee-Fleur-2024-750ml.png\",\"width\":274,\"height\":1200,\"caption\":\"M. Sch\u00e4dler - Steffen Mugler Cuv\u00e9e Fleur 2024 750ml\"},{\"@type\":\"BreadcrumbList\",\"@id\":\"https:\\\/\\\/wein-werte.com\\\/en\\\/product\\\/m-schadler-steffen-mugler-cuvee-fleur-2024-750ml\\\/#breadcrumb\",\"itemListElement\":[{\"@type\":\"ListItem\",\"position\":1,\"name\":\"Home\",\"item\":\"https:\\\/\\\/wein-werte.com\\\/en\\\/\"},{\"@type\":\"ListItem\",\"position\":2,\"name\":\"Shop Page\",\"item\":\"https:\\\/\\\/wein-werte.com\\\/en\\\/shop\\\/\"},{\"@type\":\"ListItem\",\"position\":3,\"name\":\"M. Sch\u00e4dler &#8211; Steffen Mugler | Pfalz | Cuv\u00e9e Fleur | 2024 | 750ml | bio\"}]},{\"@type\":\"WebSite\",\"@id\":\"https:\\\/\\\/wein-werte.com\\\/de\\\/#website\",\"url\":\"https:\\\/\\\/wein-werte.com\\\/de\\\/\",\"name\":\"Wein Werte\",\"description\":\"\",\"publisher\":{\"@id\":\"https:\\\/\\\/wein-werte.com\\\/de\\\/#organization\"},\"potentialAction\":[{\"@type\":\"SearchAction\",\"target\":{\"@type\":\"EntryPoint\",\"urlTemplate\":\"https:\\\/\\\/wein-werte.com\\\/de\\\/?s={search_term_string}\"},\"query-input\":{\"@type\":\"PropertyValueSpecification\",\"valueRequired\":true,\"valueName\":\"search_term_string\"}}],\"inLanguage\":\"en-US\"},{\"@type\":\"Organization\",\"@id\":\"https:\\\/\\\/wein-werte.com\\\/de\\\/#organization\",\"name\":\"Vins Fins Thorrold\",\"url\":\"https:\\\/\\\/wein-werte.com\\\/de\\\/\",\"logo\":{\"@type\":\"ImageObject\",\"inLanguage\":\"en-US\",\"@id\":\"https:\\\/\\\/wein-werte.com\\\/de\\\/#\\\/schema\\\/logo\\\/image\\\/\",\"url\":\"https:\\\/\\\/wein-werte.com\\\/wp-content\\\/uploads\\\/2023\\\/07\\\/Wein_werte_Logo700-1.png\",\"contentUrl\":\"https:\\\/\\\/wein-werte.com\\\/wp-content\\\/uploads\\\/2023\\\/07\\\/Wein_werte_Logo700-1.png\",\"width\":700,\"height\":272,\"caption\":\"Vins Fins Thorrold\"},\"image\":{\"@id\":\"https:\\\/\\\/wein-werte.com\\\/de\\\/#\\\/schema\\\/logo\\\/image\\\/\"}}]}<\/script>\n<!-- \/ Yoast SEO plugin. -->","yoast_head_json":{"title":"M. Schadler - Steffen Mugler Cuv\u00e9e Fleur 2024","description":"Buy M. Sch\u00e4dler - Steffen Mugler Cuv\u00e9e Fleur 2024 - a dry Cabernet Blanc blend from Pfalz, Germany - at Wein Werte, your sustainable online shop.","robots":{"index":"index","follow":"follow","max-snippet":"max-snippet:-1","max-image-preview":"max-image-preview:large","max-video-preview":"max-video-preview:-1"},"canonical":"https:\/\/wein-werte.com\/en\/product\/m-schadler-steffen-mugler-cuvee-fleur-2024-750ml\/","og_locale":"en_US","og_type":"article","og_title":"M. Schadler - Steffen Mugler Cuv\u00e9e Fleur 2024","og_description":"Buy M. Sch\u00e4dler - Steffen Mugler Cuv\u00e9e Fleur 2024 - a dry Cabernet Blanc blend from Pfalz, Germany - at Wein Werte, your sustainable online shop.","og_url":"https:\/\/wein-werte.com\/en\/product\/m-schadler-steffen-mugler-cuvee-fleur-2024-750ml\/","og_site_name":"Wein Werte","og_image":[{"width":274,"height":1200,"url":"https:\/\/wein-werte.com\/wp-content\/uploads\/2026\/04\/M.-Schadler-Steffen-Mugler-Cuvee-Fleur-2024-750ml.png","type":"image\/png"}],"twitter_card":"summary_large_image","twitter_misc":{"Est. reading time":"1 minute"},"schema":{"@context":"https:\/\/schema.org","@graph":[{"@type":"WebPage","@id":"https:\/\/wein-werte.com\/en\/product\/m-schadler-steffen-mugler-cuvee-fleur-2024-750ml\/","url":"https:\/\/wein-werte.com\/en\/product\/m-schadler-steffen-mugler-cuvee-fleur-2024-750ml\/","name":"M. Schadler - Steffen Mugler Cuv\u00e9e Fleur 2024","isPartOf":{"@id":"https:\/\/wein-werte.com\/de\/#website"},"primaryImageOfPage":{"@id":"https:\/\/wein-werte.com\/en\/product\/m-schadler-steffen-mugler-cuvee-fleur-2024-750ml\/#primaryimage"},"image":{"@id":"https:\/\/wein-werte.com\/en\/product\/m-schadler-steffen-mugler-cuvee-fleur-2024-750ml\/#primaryimage"},"thumbnailUrl":"https:\/\/wein-werte.com\/wp-content\/uploads\/2026\/04\/M.-Schadler-Steffen-Mugler-Cuvee-Fleur-2024-750ml.png","datePublished":"2026-05-08T18:03:01+00:00","description":"Buy M. Sch\u00e4dler - Steffen Mugler Cuv\u00e9e Fleur 2024 - a dry Cabernet Blanc blend from Pfalz, Germany - at Wein Werte, your sustainable online shop.","breadcrumb":{"@id":"https:\/\/wein-werte.com\/en\/product\/m-schadler-steffen-mugler-cuvee-fleur-2024-750ml\/#breadcrumb"},"inLanguage":"en-US","potentialAction":[{"@type":"ReadAction","target":["https:\/\/wein-werte.com\/en\/product\/m-schadler-steffen-mugler-cuvee-fleur-2024-750ml\/"]}]},{"@type":"ImageObject","inLanguage":"en-US","@id":"https:\/\/wein-werte.com\/en\/product\/m-schadler-steffen-mugler-cuvee-fleur-2024-750ml\/#primaryimage","url":"https:\/\/wein-werte.com\/wp-content\/uploads\/2026\/04\/M.-Schadler-Steffen-Mugler-Cuvee-Fleur-2024-750ml.png","contentUrl":"https:\/\/wein-werte.com\/wp-content\/uploads\/2026\/04\/M.-Schadler-Steffen-Mugler-Cuvee-Fleur-2024-750ml.png","width":274,"height":1200,"caption":"M. Sch\u00e4dler - Steffen Mugler Cuv\u00e9e Fleur 2024 750ml"},{"@type":"BreadcrumbList","@id":"https:\/\/wein-werte.com\/en\/product\/m-schadler-steffen-mugler-cuvee-fleur-2024-750ml\/#breadcrumb","itemListElement":[{"@type":"ListItem","position":1,"name":"Home","item":"https:\/\/wein-werte.com\/en\/"},{"@type":"ListItem","position":2,"name":"Shop Page","item":"https:\/\/wein-werte.com\/en\/shop\/"},{"@type":"ListItem","position":3,"name":"M. Sch\u00e4dler &#8211; Steffen Mugler | Pfalz | Cuv\u00e9e Fleur | 2024 | 750ml | bio"}]},{"@type":"WebSite","@id":"https:\/\/wein-werte.com\/de\/#website","url":"https:\/\/wein-werte.com\/de\/","name":"Wein Werte","description":"","publisher":{"@id":"https:\/\/wein-werte.com\/de\/#organization"},"potentialAction":[{"@type":"SearchAction","target":{"@type":"EntryPoint","urlTemplate":"https:\/\/wein-werte.com\/de\/?s={search_term_string}"},"query-input":{"@type":"PropertyValueSpecification","valueRequired":true,"valueName":"search_term_string"}}],"inLanguage":"en-US"},{"@type":"Organization","@id":"https:\/\/wein-werte.com\/de\/#organization","name":"Vins Fins Thorrold","url":"https:\/\/wein-werte.com\/de\/","logo":{"@type":"ImageObject","inLanguage":"en-US","@id":"https:\/\/wein-werte.com\/de\/#\/schema\/logo\/image\/","url":"https:\/\/wein-werte.com\/wp-content\/uploads\/2023\/07\/Wein_werte_Logo700-1.png","contentUrl":"https:\/\/wein-werte.com\/wp-content\/uploads\/2023\/07\/Wein_werte_Logo700-1.png","width":700,"height":272,"caption":"Vins Fins Thorrold"},"image":{"@id":"https:\/\/wein-werte.com\/de\/#\/schema\/logo\/image\/"}}]}},"_links":{"self":[{"href":"https:\/\/wein-werte.com\/en\/wp-json\/wp\/v2\/product\/1124080","targetHints":{"allow":["GET"]}}],"collection":[{"href":"https:\/\/wein-werte.com\/en\/wp-json\/wp\/v2\/product"}],"about":[{"href":"https:\/\/wein-werte.com\/en\/wp-json\/wp\/v2\/types\/product"}],"wp:featuredmedia":[{"embeddable":true,"href":"https:\/\/wein-werte.com\/en\/wp-json\/wp\/v2\/media\/1142299"}],"wp:attachment":[{"href":"https:\/\/wein-werte.com\/en\/wp-json\/wp\/v2\/media?parent=1124080"}],"wp:term":[{"taxonomy":"product_brand","embeddable":true,"href":"https:\/\/wein-werte.com\/en\/wp-json\/wp\/v2\/product_brand?post=1124080"},{"taxonomy":"product_cat","embeddable":true,"href":"https:\/\/wein-werte.com\/en\/wp-json\/wp\/v2\/product_cat?post=1124080"},{"taxonomy":"product_tag","embeddable":true,"href":"https:\/\/wein-werte.com\/en\/wp-json\/wp\/v2\/product_tag?post=1124080"}],"curies":[{"name":"wp","href":"https:\/\/api.w.org\/{rel}","templated":true}]}}