{"id":1124061,"date":"2026-05-08T20:02:55","date_gmt":"2026-05-08T18:02:55","guid":{"rendered":"https:\/\/wein-werte.com\/product\/okonomierat-rebholz-spatburgunder-im-sonnenschein-gg-2019-750ml\/"},"modified":"2026-05-08T20:02:55","modified_gmt":"2026-05-08T18:02:55","slug":"okonomierat-rebholz-spatburgunder-im-sonnenschein-gg-2019-750ml","status":"publish","type":"product","link":"https:\/\/wein-werte.com\/en\/product\/okonomierat-rebholz-spatburgunder-im-sonnenschein-gg-2019-750ml\/","title":{"rendered":"\u00d6konomierat Rebholz | Pfalz | Sp\u00e4tburgunder Im Sonnenschein GG | 2019 | 750ml | bio"},"content":{"rendered":"<p>Product description for \u00d6konomierat Rebholz Sp\u00e4tburgunder Im Sonnenschein GG 2019 (bio)<\/p>\n<p>\u00d6konomierat Rebholz Sp\u00e4tburgunder Im Sonnenschein GG 2019 is a dry red wine made from Pinot Noir grapes in the Pfalz region of Germany.<\/p>\n<p>Keywords: <a href=\"https:\/\/wein-werte.com\/shop\/?swoof=1&#038;pa_producer=\u00d6konomierat-Rebholz\">\u00d6konomierat Rebholz<\/a> <a href=\"https:\/\/wein-werte.com\/shop\/?swoof=1&#038;woof_text=Sp\u00e4tburgunder Im Sonnenschein GG\">Sp\u00e4tburgunder Im Sonnenschein GG<\/a> 2019 bio <a href=\"https:\/\/wein-werte.com\/shop\/?swoof=1&#038;pa_region=Pfalz\">Pfalz<\/a> <a href=\"https:\/\/wein-werte.com\/shop\/?swoof=1&#038;pa_country=Germany\">Germany<\/a><\/p>\n<h3>Wine Advocate<\/h3>\n<p>Score: 94<\/p>\n<p>Rebholz&#8217;s Siebeldinger 2019 Im Sonnenschein Sp\u00e4tburgunder GG, released after the 2020 last year, opens with a bright, fresh, cool and floral nose of ripe, finely concentrated (cherry) fruit. It has something cool but also very ripe about it, along with notes of a sharpened pencil. Powerful, dense and elegant on the palate, this is a sustainably juicy, concentrated, chalky and salty Pinot without any weight or sweetness. It is an impressive 2019 that can be slowly savored. Tasted at the Vorpremiere VDP.Grosses Gew\u00e4chs in Wiesbaden in August 2024.<br \/>Stephan Reinhardt<\/p>\n<h3>Vinous<\/h3>\n<p>Score: 94<\/p>\n<p>The 2019 Sp\u00e4tburgunder Siebeldinger Im Sonnenschein Grosses Gew\u00e4chs is the current release after resting in bottle for three years. A tender aromatic lift carries a touch of Amarena cherry. The palate has creaminess and absolute density of velvety tannins that have beautifully melded into the fresh, seductively smooth red cherry fruit. This is not a shy wine but a compelling and enticing one, deeply and lastingly aromatic. Gorgeous. (Bone-dry)<br \/>\n &#8212; Anne Krebiehl MW<br \/>Drinking window: 2026 &#8211; 2046<br \/>Review date: Sep 2024<\/p>\n<p>Producer website: <a href=\"https:\/\/www.oekonomierat-rebholz.com\/en\/\" target=\"_blank\">https:\/\/www.oekonomierat-rebholz.com\/en\/<\/a><\/p>\n","protected":false},"excerpt":{"rendered":"<p>Delivery time: 1 to 2 working days (DE), 2 to 5 working days (EU and CH)<\/p>\n","protected":false},"featured_media":1142207,"template":"","meta":[],"product_brand":[],"product_cat":[19],"product_tag":[],"class_list":{"0":"post-1124061","1":"product","2":"type-product","3":"status-publish","4":"has-post-thumbnail","6":"product_cat-unkategorisiert","7":"pa_alcohol-for-filter-12897","8":"pa_certified-biodynamic-yes","9":"pa_certified-organic-yes","10":"pa_colour-red","11":"pa_country-germany","12":"pa_grape-pinot-noir-spatburgunder","13":"pa_parker-points-for-filter-16143","14":"pa_price-for-filter-10658","15":"pa_producer-okonomierat-rebholz","16":"pa_region-pfalz","17":"pa_size-ml-6584","18":"pa_sweetness-dry","19":"pa_type-2-still","20":"pa_vinous-points-for-filter-16151","21":"pa_vintage-6583","22":"entry","23":"has-media","25":"first","26":"instock","27":"taxable","28":"shipping-taxable","29":"purchasable","30":"product-type-simple"},"yoast_head":"<!-- This site is optimized with the Yoast SEO plugin v27.5 - https:\/\/yoast.com\/product\/yoast-seo-wordpress\/ -->\n<title>Okonomierat Rebholz Spatburgunder Im Sonnenschein GG 2019<\/title>\n<meta name=\"description\" content=\"Buy \u00d6konomierat Rebholz Sp\u00e4tburgunder Im Sonnenschein GG 2019 - a dry Pinot Noir from Pfalz, Germany - at Wein Werte, your sustainable online shop.\" \/>\n<meta name=\"robots\" content=\"index, follow, max-snippet:-1, max-image-preview:large, max-video-preview:-1\" \/>\n<link rel=\"canonical\" href=\"https:\/\/wein-werte.com\/en\/product\/okonomierat-rebholz-spatburgunder-im-sonnenschein-gg-2019-750ml\/\" \/>\n<meta property=\"og:locale\" content=\"en_US\" \/>\n<meta property=\"og:type\" content=\"article\" \/>\n<meta property=\"og:title\" content=\"Okonomierat Rebholz Spatburgunder Im Sonnenschein GG 2019\" \/>\n<meta property=\"og:description\" content=\"Buy \u00d6konomierat Rebholz Sp\u00e4tburgunder Im Sonnenschein GG 2019 - a dry Pinot Noir from Pfalz, Germany - at Wein Werte, your sustainable online shop.\" \/>\n<meta property=\"og:url\" content=\"https:\/\/wein-werte.com\/en\/product\/okonomierat-rebholz-spatburgunder-im-sonnenschein-gg-2019-750ml\/\" \/>\n<meta property=\"og:site_name\" content=\"Wein Werte\" \/>\n<meta property=\"og:image\" content=\"https:\/\/wein-werte.com\/wp-content\/uploads\/2026\/04\/Okonomierat-Rebholz-Spatburgunder-Im-Sonnenschein-GG-2019-750ml.png\" \/>\n\t<meta property=\"og:image:width\" content=\"261\" \/>\n\t<meta property=\"og:image:height\" content=\"1200\" \/>\n\t<meta property=\"og:image:type\" content=\"image\/png\" \/>\n<meta name=\"twitter:card\" content=\"summary_large_image\" \/>\n<meta name=\"twitter:label1\" content=\"Est. reading time\" \/>\n\t<meta name=\"twitter:data1\" content=\"1 minute\" \/>\n<script type=\"application\/ld+json\" class=\"yoast-schema-graph\">{\"@context\":\"https:\\\/\\\/schema.org\",\"@graph\":[{\"@type\":\"WebPage\",\"@id\":\"https:\\\/\\\/wein-werte.com\\\/en\\\/product\\\/okonomierat-rebholz-spatburgunder-im-sonnenschein-gg-2019-750ml\\\/\",\"url\":\"https:\\\/\\\/wein-werte.com\\\/en\\\/product\\\/okonomierat-rebholz-spatburgunder-im-sonnenschein-gg-2019-750ml\\\/\",\"name\":\"Okonomierat Rebholz Spatburgunder Im Sonnenschein GG 2019\",\"isPartOf\":{\"@id\":\"https:\\\/\\\/wein-werte.com\\\/de\\\/#website\"},\"primaryImageOfPage\":{\"@id\":\"https:\\\/\\\/wein-werte.com\\\/en\\\/product\\\/okonomierat-rebholz-spatburgunder-im-sonnenschein-gg-2019-750ml\\\/#primaryimage\"},\"image\":{\"@id\":\"https:\\\/\\\/wein-werte.com\\\/en\\\/product\\\/okonomierat-rebholz-spatburgunder-im-sonnenschein-gg-2019-750ml\\\/#primaryimage\"},\"thumbnailUrl\":\"https:\\\/\\\/wein-werte.com\\\/wp-content\\\/uploads\\\/2026\\\/04\\\/Okonomierat-Rebholz-Spatburgunder-Im-Sonnenschein-GG-2019-750ml.png\",\"datePublished\":\"2026-05-08T18:02:55+00:00\",\"description\":\"Buy \u00d6konomierat Rebholz Sp\u00e4tburgunder Im Sonnenschein GG 2019 - a dry Pinot Noir from Pfalz, Germany - at Wein Werte, your sustainable online shop.\",\"breadcrumb\":{\"@id\":\"https:\\\/\\\/wein-werte.com\\\/en\\\/product\\\/okonomierat-rebholz-spatburgunder-im-sonnenschein-gg-2019-750ml\\\/#breadcrumb\"},\"inLanguage\":\"en-US\",\"potentialAction\":[{\"@type\":\"ReadAction\",\"target\":[\"https:\\\/\\\/wein-werte.com\\\/en\\\/product\\\/okonomierat-rebholz-spatburgunder-im-sonnenschein-gg-2019-750ml\\\/\"]}]},{\"@type\":\"ImageObject\",\"inLanguage\":\"en-US\",\"@id\":\"https:\\\/\\\/wein-werte.com\\\/en\\\/product\\\/okonomierat-rebholz-spatburgunder-im-sonnenschein-gg-2019-750ml\\\/#primaryimage\",\"url\":\"https:\\\/\\\/wein-werte.com\\\/wp-content\\\/uploads\\\/2026\\\/04\\\/Okonomierat-Rebholz-Spatburgunder-Im-Sonnenschein-GG-2019-750ml.png\",\"contentUrl\":\"https:\\\/\\\/wein-werte.com\\\/wp-content\\\/uploads\\\/2026\\\/04\\\/Okonomierat-Rebholz-Spatburgunder-Im-Sonnenschein-GG-2019-750ml.png\",\"width\":261,\"height\":1200,\"caption\":\"\u00d6konomierat Rebholz Sp\u00e4tburgunder Im Sonnenschein GG 2019 750ml\"},{\"@type\":\"BreadcrumbList\",\"@id\":\"https:\\\/\\\/wein-werte.com\\\/en\\\/product\\\/okonomierat-rebholz-spatburgunder-im-sonnenschein-gg-2019-750ml\\\/#breadcrumb\",\"itemListElement\":[{\"@type\":\"ListItem\",\"position\":1,\"name\":\"Home\",\"item\":\"https:\\\/\\\/wein-werte.com\\\/en\\\/\"},{\"@type\":\"ListItem\",\"position\":2,\"name\":\"Shop Page\",\"item\":\"https:\\\/\\\/wein-werte.com\\\/en\\\/shop\\\/\"},{\"@type\":\"ListItem\",\"position\":3,\"name\":\"\u00d6konomierat Rebholz | Pfalz | Sp\u00e4tburgunder Im Sonnenschein GG | 2019 | 750ml | bio\"}]},{\"@type\":\"WebSite\",\"@id\":\"https:\\\/\\\/wein-werte.com\\\/de\\\/#website\",\"url\":\"https:\\\/\\\/wein-werte.com\\\/de\\\/\",\"name\":\"Wein Werte\",\"description\":\"\",\"publisher\":{\"@id\":\"https:\\\/\\\/wein-werte.com\\\/de\\\/#organization\"},\"potentialAction\":[{\"@type\":\"SearchAction\",\"target\":{\"@type\":\"EntryPoint\",\"urlTemplate\":\"https:\\\/\\\/wein-werte.com\\\/de\\\/?s={search_term_string}\"},\"query-input\":{\"@type\":\"PropertyValueSpecification\",\"valueRequired\":true,\"valueName\":\"search_term_string\"}}],\"inLanguage\":\"en-US\"},{\"@type\":\"Organization\",\"@id\":\"https:\\\/\\\/wein-werte.com\\\/de\\\/#organization\",\"name\":\"Vins Fins Thorrold\",\"url\":\"https:\\\/\\\/wein-werte.com\\\/de\\\/\",\"logo\":{\"@type\":\"ImageObject\",\"inLanguage\":\"en-US\",\"@id\":\"https:\\\/\\\/wein-werte.com\\\/de\\\/#\\\/schema\\\/logo\\\/image\\\/\",\"url\":\"https:\\\/\\\/wein-werte.com\\\/wp-content\\\/uploads\\\/2023\\\/07\\\/Wein_werte_Logo700-1.png\",\"contentUrl\":\"https:\\\/\\\/wein-werte.com\\\/wp-content\\\/uploads\\\/2023\\\/07\\\/Wein_werte_Logo700-1.png\",\"width\":700,\"height\":272,\"caption\":\"Vins Fins Thorrold\"},\"image\":{\"@id\":\"https:\\\/\\\/wein-werte.com\\\/de\\\/#\\\/schema\\\/logo\\\/image\\\/\"}}]}<\/script>\n<!-- \/ Yoast SEO plugin. -->","yoast_head_json":{"title":"Okonomierat Rebholz Spatburgunder Im Sonnenschein GG 2019","description":"Buy \u00d6konomierat Rebholz Sp\u00e4tburgunder Im Sonnenschein GG 2019 - a dry Pinot Noir from Pfalz, Germany - at Wein Werte, your sustainable online shop.","robots":{"index":"index","follow":"follow","max-snippet":"max-snippet:-1","max-image-preview":"max-image-preview:large","max-video-preview":"max-video-preview:-1"},"canonical":"https:\/\/wein-werte.com\/en\/product\/okonomierat-rebholz-spatburgunder-im-sonnenschein-gg-2019-750ml\/","og_locale":"en_US","og_type":"article","og_title":"Okonomierat Rebholz Spatburgunder Im Sonnenschein GG 2019","og_description":"Buy \u00d6konomierat Rebholz Sp\u00e4tburgunder Im Sonnenschein GG 2019 - a dry Pinot Noir from Pfalz, Germany - at Wein Werte, your sustainable online shop.","og_url":"https:\/\/wein-werte.com\/en\/product\/okonomierat-rebholz-spatburgunder-im-sonnenschein-gg-2019-750ml\/","og_site_name":"Wein Werte","og_image":[{"width":261,"height":1200,"url":"https:\/\/wein-werte.com\/wp-content\/uploads\/2026\/04\/Okonomierat-Rebholz-Spatburgunder-Im-Sonnenschein-GG-2019-750ml.png","type":"image\/png"}],"twitter_card":"summary_large_image","twitter_misc":{"Est. reading time":"1 minute"},"schema":{"@context":"https:\/\/schema.org","@graph":[{"@type":"WebPage","@id":"https:\/\/wein-werte.com\/en\/product\/okonomierat-rebholz-spatburgunder-im-sonnenschein-gg-2019-750ml\/","url":"https:\/\/wein-werte.com\/en\/product\/okonomierat-rebholz-spatburgunder-im-sonnenschein-gg-2019-750ml\/","name":"Okonomierat Rebholz Spatburgunder Im Sonnenschein GG 2019","isPartOf":{"@id":"https:\/\/wein-werte.com\/de\/#website"},"primaryImageOfPage":{"@id":"https:\/\/wein-werte.com\/en\/product\/okonomierat-rebholz-spatburgunder-im-sonnenschein-gg-2019-750ml\/#primaryimage"},"image":{"@id":"https:\/\/wein-werte.com\/en\/product\/okonomierat-rebholz-spatburgunder-im-sonnenschein-gg-2019-750ml\/#primaryimage"},"thumbnailUrl":"https:\/\/wein-werte.com\/wp-content\/uploads\/2026\/04\/Okonomierat-Rebholz-Spatburgunder-Im-Sonnenschein-GG-2019-750ml.png","datePublished":"2026-05-08T18:02:55+00:00","description":"Buy \u00d6konomierat Rebholz Sp\u00e4tburgunder Im Sonnenschein GG 2019 - a dry Pinot Noir from Pfalz, Germany - at Wein Werte, your sustainable online shop.","breadcrumb":{"@id":"https:\/\/wein-werte.com\/en\/product\/okonomierat-rebholz-spatburgunder-im-sonnenschein-gg-2019-750ml\/#breadcrumb"},"inLanguage":"en-US","potentialAction":[{"@type":"ReadAction","target":["https:\/\/wein-werte.com\/en\/product\/okonomierat-rebholz-spatburgunder-im-sonnenschein-gg-2019-750ml\/"]}]},{"@type":"ImageObject","inLanguage":"en-US","@id":"https:\/\/wein-werte.com\/en\/product\/okonomierat-rebholz-spatburgunder-im-sonnenschein-gg-2019-750ml\/#primaryimage","url":"https:\/\/wein-werte.com\/wp-content\/uploads\/2026\/04\/Okonomierat-Rebholz-Spatburgunder-Im-Sonnenschein-GG-2019-750ml.png","contentUrl":"https:\/\/wein-werte.com\/wp-content\/uploads\/2026\/04\/Okonomierat-Rebholz-Spatburgunder-Im-Sonnenschein-GG-2019-750ml.png","width":261,"height":1200,"caption":"\u00d6konomierat Rebholz Sp\u00e4tburgunder Im Sonnenschein GG 2019 750ml"},{"@type":"BreadcrumbList","@id":"https:\/\/wein-werte.com\/en\/product\/okonomierat-rebholz-spatburgunder-im-sonnenschein-gg-2019-750ml\/#breadcrumb","itemListElement":[{"@type":"ListItem","position":1,"name":"Home","item":"https:\/\/wein-werte.com\/en\/"},{"@type":"ListItem","position":2,"name":"Shop Page","item":"https:\/\/wein-werte.com\/en\/shop\/"},{"@type":"ListItem","position":3,"name":"\u00d6konomierat Rebholz | Pfalz | Sp\u00e4tburgunder Im Sonnenschein GG | 2019 | 750ml | bio"}]},{"@type":"WebSite","@id":"https:\/\/wein-werte.com\/de\/#website","url":"https:\/\/wein-werte.com\/de\/","name":"Wein Werte","description":"","publisher":{"@id":"https:\/\/wein-werte.com\/de\/#organization"},"potentialAction":[{"@type":"SearchAction","target":{"@type":"EntryPoint","urlTemplate":"https:\/\/wein-werte.com\/de\/?s={search_term_string}"},"query-input":{"@type":"PropertyValueSpecification","valueRequired":true,"valueName":"search_term_string"}}],"inLanguage":"en-US"},{"@type":"Organization","@id":"https:\/\/wein-werte.com\/de\/#organization","name":"Vins Fins Thorrold","url":"https:\/\/wein-werte.com\/de\/","logo":{"@type":"ImageObject","inLanguage":"en-US","@id":"https:\/\/wein-werte.com\/de\/#\/schema\/logo\/image\/","url":"https:\/\/wein-werte.com\/wp-content\/uploads\/2023\/07\/Wein_werte_Logo700-1.png","contentUrl":"https:\/\/wein-werte.com\/wp-content\/uploads\/2023\/07\/Wein_werte_Logo700-1.png","width":700,"height":272,"caption":"Vins Fins Thorrold"},"image":{"@id":"https:\/\/wein-werte.com\/de\/#\/schema\/logo\/image\/"}}]}},"_links":{"self":[{"href":"https:\/\/wein-werte.com\/en\/wp-json\/wp\/v2\/product\/1124061","targetHints":{"allow":["GET"]}}],"collection":[{"href":"https:\/\/wein-werte.com\/en\/wp-json\/wp\/v2\/product"}],"about":[{"href":"https:\/\/wein-werte.com\/en\/wp-json\/wp\/v2\/types\/product"}],"wp:featuredmedia":[{"embeddable":true,"href":"https:\/\/wein-werte.com\/en\/wp-json\/wp\/v2\/media\/1142207"}],"wp:attachment":[{"href":"https:\/\/wein-werte.com\/en\/wp-json\/wp\/v2\/media?parent=1124061"}],"wp:term":[{"taxonomy":"product_brand","embeddable":true,"href":"https:\/\/wein-werte.com\/en\/wp-json\/wp\/v2\/product_brand?post=1124061"},{"taxonomy":"product_cat","embeddable":true,"href":"https:\/\/wein-werte.com\/en\/wp-json\/wp\/v2\/product_cat?post=1124061"},{"taxonomy":"product_tag","embeddable":true,"href":"https:\/\/wein-werte.com\/en\/wp-json\/wp\/v2\/product_tag?post=1124061"}],"curies":[{"name":"wp","href":"https:\/\/api.w.org\/{rel}","templated":true}]}}