{"id":1124054,"date":"2026-05-05T18:23:10","date_gmt":"2026-05-05T16:23:10","guid":{"rendered":"https:\/\/wein-werte.com\/product\/okonomierat-rebholz-spatburgunder-im-sonnenschein-gg-2018-750ml\/"},"modified":"2026-05-05T18:23:10","modified_gmt":"2026-05-05T16:23:10","slug":"okonomierat-rebholz-spatburgunder-im-sonnenschein-gg-2018-750ml","status":"publish","type":"product","link":"https:\/\/wein-werte.com\/en\/product\/okonomierat-rebholz-spatburgunder-im-sonnenschein-gg-2018-750ml\/","title":{"rendered":"\u00d6konomierat Rebholz | Pfalz | Sp\u00e4tburgunder Im Sonnenschein GG | 2018 | 750ml | bio"},"content":{"rendered":"<p>Product description for \u00d6konomierat Rebholz Sp\u00e4tburgunder Im Sonnenschein GG 2018 (bio)<\/p>\n<h5>Information about the site<\/h5>\n<p> While most of the vineyards along the Haardt edge, the transition from the Rhine plain to the Palatinate Forest, were formed as east-facing slopes by the Rhine Graben, which runs from south to north, there are also south-facing slopes in the Queichtal valley, which leads from the Palatinate Forest into the Rhine Valley. This &#8220;Siebeldinger Sommerseite&#8221; (Siebeldinger Summer Side) has the site designation &#8220;Im Sonnenschein&#8221; (In Sunshine). The vineyards lie 160 to 225 m above sea level and have a slope gradient of 5 to 20%. The old names of the vineyards: &#8220;Am Berg&#8221; (Am Berg), &#8220;Auf&#8217;m Berg&#8221; (Up on the Mountain), and &#8220;Stockwingert&#8221; (from limestone stock) describe the Burgundy von Rebholt plots very well. Located at the highest point of the site, these plots are the most barren and rockiest in the area. This wine comes from plots with vines up to 60 years old on the south and southwest slopes. Due to the subsidence and faulting of the Rhine Graben, as well as the significant uplift of the Palatinate Forest, very diverse soil conditions can be found around Siebeldingen. The parcels of the VDP.Gro\u00dfe Lage &#8220;Im Sonnenschein&#8221; (Im Sonnenschein) stand on shell limestone soil from the Triassic period (220 million years ago). The limestones are marine sediments in which fossils of marine flora and fauna are repeatedly found. Limestone soil is the ideal prerequisite for all the world&#8217;s great Burgundy \/ Pinot Noirs! <\/p>\n<h5>Information on the Vineyard Production<\/h5>\n<p> Healthy, ripe grapes were the key prerequisite for this great red wine. After selective hand-picking, the grapes were destemmed. The mash is kept cool until spontaneous fermentation begins. This &#8220;cold maceration&#8221; is intended to bind as many Pinot Noir and site-specific aromas as possible before fermentation. During the subsequent mash fermentation, the aim was to preserve the varietal freshness and fruit, while also extracting the necessary substance and complexity from the grape skins. This goal requires individual care and repeated checks of the fermentation vessels. The pressing time is also determined individually for each vessel. This time often arrives after just under three weeks. The coarsest lees are separated through natural sedimentation before the 19-20 months of storage in barriques. During the almost two years of storage, biological malolactic fermentation also occurs spontaneously. Thanks to the now 30 years of experience in working with French barriques, a balanced ratio of various manufacturers from Austria and France, oak woods from Germany and France, and various fillings is selected to support the wine but not dominate it. <\/p>\n<h5>Colour<\/h5>\n<p> Muted cranberry red with violet highlights towards the rim. <\/p>\n<h5>Nose<\/h5>\n<p> The 2018 Sp\u00e4tburgunder \u201cim Sonnenschein\u201d GG presents itself with beautiful, seductive fruit: wild raspberry, sour cherry, sweet and ripe blackberries combine with violets, roses and wild herbs such as thyme, tarragon and boxwood. Fine tobacco and cedar wood notes point to the skillful aging in wood and its striking minerality is ever-present. <\/p>\n<h5>Palate<\/h5>\n<p> On the palate it presents itself with the same fruit as in the nose and with a fresh acidity and the stimulating herbal notes that we already perceived in the aroma. Its tannin structure appears robust and polished at the same time. A Burgundian and earthy representative, the absolute premier class of German Sp\u00e4tburgunder, can be drunk now, but it can certainly rest a little longer.<\/p>\n<p>Copyright Vinaturel 2025<\/p>\n<p>Keywords: <a href=\"https:\/\/wein-werte.com\/shop\/?swoof=1&#038;pa_producer=\u00d6konomierat-Rebholz\">\u00d6konomierat Rebholz<\/a> <a href=\"https:\/\/wein-werte.com\/shop\/?swoof=1&#038;woof_text=Sp\u00e4tburgunder Im Sonnenschein GG\">Sp\u00e4tburgunder Im Sonnenschein GG<\/a> 2018 bio <a href=\"https:\/\/wein-werte.com\/shop\/?swoof=1&#038;pa_region=Pfalz\">Pfalz<\/a> <a href=\"https:\/\/wein-werte.com\/shop\/?swoof=1&#038;pa_country=Germany\">Germany<\/a><\/p>\n<h3>Wine Advocate<\/h3>\n<p>Score: 90+?<\/p>\n<p>The 2018 Im Sonnenschein Sp\u00e4tburgunder GG is very ripe, dense and intense in its sweet, slightly oxidized fruit, but it also remains fine and elegant. Silky, juicy and spicy on the palate, this has firm tannins but a rather irritating oxidation that takes the focus away from the wine. Is this a representative bottle? I will try another one when I get the chance. Tasted in Wiesbaden at the Vorpremiere VDP.Grosses Gew\u00e4chs in August 2023.<br \/>Stephan Reinhardt<\/p>\n<h3>Vinous<\/h3>\n<p>Score: 92<\/p>\n<p>The 2018 Sp\u00e4tburgunder Siebeldinger Im Sonnenschein Grosses Gew\u00e4chs is the current release, made in one-third each of new, second and third-use barrels and released with bottle age. There is a slight lift of ripeness and evolution alongside smoky cured meat and a sense of chalkiness. The juicy palate holds the beginnings of evolution with a touch of maple syrup spice, but the plate is silky and smooth with swishing, red cherry juiciness and fine tannin. This is rather seductive, not overdone, with a slight echo of smoke. The difference between the nose, which speaks of evolution and ripeness, and the palate, which speaks of juiciness, is arresting. The hot year does show in the fruity power. (Bone-dry)<br \/>\n &#8212; Anne Krebiehl MW<br \/>Drinking window: 2023 &#8211; 2030<br \/>Review date: Dec 2023<\/p>\n<p>Producer website: <a href=\"https:\/\/www.oekonomierat-rebholz.com\/en\/\" target=\"_blank\">https:\/\/www.oekonomierat-rebholz.com\/en\/<\/a><\/p>\n","protected":false},"excerpt":{"rendered":"<p>Delivery time: 1 to 2 working days (DE), 2 to 5 working days (EU and CH)<\/p>\n","protected":false},"featured_media":1142179,"template":"","meta":[],"product_brand":[],"product_cat":[19],"product_tag":[],"class_list":{"0":"post-1124054","1":"product","2":"type-product","3":"status-publish","4":"has-post-thumbnail","6":"product_cat-unkategorisiert","7":"pa_alcohol-for-filter-12897","8":"pa_certified-biodynamic-yes","9":"pa_certified-organic-yes","10":"pa_colour-red","11":"pa_country-germany","12":"pa_grape-pinot-noir-spatburgunder","13":"pa_parker-points-for-filter-16156","14":"pa_price-for-filter-10658","15":"pa_producer-okonomierat-rebholz","16":"pa_region-pfalz","17":"pa_size-ml-6584","18":"pa_sweetness-dry","19":"pa_type-2-still","20":"pa_vinous-points-for-filter-16138","21":"pa_vintage-6616","22":"entry","23":"has-media","25":"first","26":"instock","27":"taxable","28":"shipping-taxable","29":"purchasable","30":"product-type-simple"},"yoast_head":"<!-- This site is optimized with the Yoast SEO plugin v27.5 - https:\/\/yoast.com\/product\/yoast-seo-wordpress\/ -->\n<title>Okonomierat Rebholz Spatburgunder Im Sonnenschein GG 2018<\/title>\n<meta name=\"description\" content=\"Buy \u00d6konomierat Rebholz Sp\u00e4tburgunder Im Sonnenschein GG 2018 - a dry Pinot Noir from Pfalz, Germany - at Wein Werte, your sustainable online shop.\" \/>\n<meta name=\"robots\" content=\"index, follow, max-snippet:-1, max-image-preview:large, max-video-preview:-1\" \/>\n<link rel=\"canonical\" href=\"https:\/\/wein-werte.com\/en\/product\/okonomierat-rebholz-spatburgunder-im-sonnenschein-gg-2018-750ml\/\" \/>\n<meta property=\"og:locale\" content=\"en_US\" \/>\n<meta property=\"og:type\" content=\"article\" \/>\n<meta property=\"og:title\" content=\"Okonomierat Rebholz Spatburgunder Im Sonnenschein GG 2018\" \/>\n<meta property=\"og:description\" content=\"Buy \u00d6konomierat Rebholz Sp\u00e4tburgunder Im Sonnenschein GG 2018 - a dry Pinot Noir from Pfalz, Germany - at Wein Werte, your sustainable online shop.\" \/>\n<meta property=\"og:url\" content=\"https:\/\/wein-werte.com\/en\/product\/okonomierat-rebholz-spatburgunder-im-sonnenschein-gg-2018-750ml\/\" \/>\n<meta property=\"og:site_name\" content=\"Wein Werte\" \/>\n<meta property=\"og:image\" content=\"https:\/\/wein-werte.com\/wp-content\/uploads\/2026\/04\/Okonomierat-Rebholz-Spatburgunder-Im-Sonnenschein-GG-2018-750ml.png\" \/>\n\t<meta property=\"og:image:width\" content=\"263\" \/>\n\t<meta property=\"og:image:height\" content=\"1200\" \/>\n\t<meta property=\"og:image:type\" content=\"image\/png\" \/>\n<meta name=\"twitter:card\" content=\"summary_large_image\" \/>\n<meta name=\"twitter:label1\" content=\"Est. reading time\" \/>\n\t<meta name=\"twitter:data1\" content=\"4 minutes\" \/>\n<script type=\"application\/ld+json\" class=\"yoast-schema-graph\">{\"@context\":\"https:\\\/\\\/schema.org\",\"@graph\":[{\"@type\":\"WebPage\",\"@id\":\"https:\\\/\\\/wein-werte.com\\\/en\\\/product\\\/okonomierat-rebholz-spatburgunder-im-sonnenschein-gg-2018-750ml\\\/\",\"url\":\"https:\\\/\\\/wein-werte.com\\\/en\\\/product\\\/okonomierat-rebholz-spatburgunder-im-sonnenschein-gg-2018-750ml\\\/\",\"name\":\"Okonomierat Rebholz Spatburgunder Im Sonnenschein GG 2018\",\"isPartOf\":{\"@id\":\"https:\\\/\\\/wein-werte.com\\\/de\\\/#website\"},\"primaryImageOfPage\":{\"@id\":\"https:\\\/\\\/wein-werte.com\\\/en\\\/product\\\/okonomierat-rebholz-spatburgunder-im-sonnenschein-gg-2018-750ml\\\/#primaryimage\"},\"image\":{\"@id\":\"https:\\\/\\\/wein-werte.com\\\/en\\\/product\\\/okonomierat-rebholz-spatburgunder-im-sonnenschein-gg-2018-750ml\\\/#primaryimage\"},\"thumbnailUrl\":\"https:\\\/\\\/wein-werte.com\\\/wp-content\\\/uploads\\\/2026\\\/04\\\/Okonomierat-Rebholz-Spatburgunder-Im-Sonnenschein-GG-2018-750ml.png\",\"datePublished\":\"2026-05-05T16:23:10+00:00\",\"description\":\"Buy \u00d6konomierat Rebholz Sp\u00e4tburgunder Im Sonnenschein GG 2018 - a dry Pinot Noir from Pfalz, Germany - at Wein Werte, your sustainable online shop.\",\"breadcrumb\":{\"@id\":\"https:\\\/\\\/wein-werte.com\\\/en\\\/product\\\/okonomierat-rebholz-spatburgunder-im-sonnenschein-gg-2018-750ml\\\/#breadcrumb\"},\"inLanguage\":\"en-US\",\"potentialAction\":[{\"@type\":\"ReadAction\",\"target\":[\"https:\\\/\\\/wein-werte.com\\\/en\\\/product\\\/okonomierat-rebholz-spatburgunder-im-sonnenschein-gg-2018-750ml\\\/\"]}]},{\"@type\":\"ImageObject\",\"inLanguage\":\"en-US\",\"@id\":\"https:\\\/\\\/wein-werte.com\\\/en\\\/product\\\/okonomierat-rebholz-spatburgunder-im-sonnenschein-gg-2018-750ml\\\/#primaryimage\",\"url\":\"https:\\\/\\\/wein-werte.com\\\/wp-content\\\/uploads\\\/2026\\\/04\\\/Okonomierat-Rebholz-Spatburgunder-Im-Sonnenschein-GG-2018-750ml.png\",\"contentUrl\":\"https:\\\/\\\/wein-werte.com\\\/wp-content\\\/uploads\\\/2026\\\/04\\\/Okonomierat-Rebholz-Spatburgunder-Im-Sonnenschein-GG-2018-750ml.png\",\"width\":263,\"height\":1200,\"caption\":\"\u00d6konomierat Rebholz Sp\u00e4tburgunder Im Sonnenschein GG 2018 750ml\"},{\"@type\":\"BreadcrumbList\",\"@id\":\"https:\\\/\\\/wein-werte.com\\\/en\\\/product\\\/okonomierat-rebholz-spatburgunder-im-sonnenschein-gg-2018-750ml\\\/#breadcrumb\",\"itemListElement\":[{\"@type\":\"ListItem\",\"position\":1,\"name\":\"Home\",\"item\":\"https:\\\/\\\/wein-werte.com\\\/en\\\/\"},{\"@type\":\"ListItem\",\"position\":2,\"name\":\"Shop Page\",\"item\":\"https:\\\/\\\/wein-werte.com\\\/en\\\/shop\\\/\"},{\"@type\":\"ListItem\",\"position\":3,\"name\":\"\u00d6konomierat Rebholz | Pfalz | Sp\u00e4tburgunder Im Sonnenschein GG | 2018 | 750ml | bio\"}]},{\"@type\":\"WebSite\",\"@id\":\"https:\\\/\\\/wein-werte.com\\\/de\\\/#website\",\"url\":\"https:\\\/\\\/wein-werte.com\\\/de\\\/\",\"name\":\"Wein Werte\",\"description\":\"\",\"publisher\":{\"@id\":\"https:\\\/\\\/wein-werte.com\\\/de\\\/#organization\"},\"potentialAction\":[{\"@type\":\"SearchAction\",\"target\":{\"@type\":\"EntryPoint\",\"urlTemplate\":\"https:\\\/\\\/wein-werte.com\\\/de\\\/?s={search_term_string}\"},\"query-input\":{\"@type\":\"PropertyValueSpecification\",\"valueRequired\":true,\"valueName\":\"search_term_string\"}}],\"inLanguage\":\"en-US\"},{\"@type\":\"Organization\",\"@id\":\"https:\\\/\\\/wein-werte.com\\\/de\\\/#organization\",\"name\":\"Vins Fins Thorrold\",\"url\":\"https:\\\/\\\/wein-werte.com\\\/de\\\/\",\"logo\":{\"@type\":\"ImageObject\",\"inLanguage\":\"en-US\",\"@id\":\"https:\\\/\\\/wein-werte.com\\\/de\\\/#\\\/schema\\\/logo\\\/image\\\/\",\"url\":\"https:\\\/\\\/wein-werte.com\\\/wp-content\\\/uploads\\\/2023\\\/07\\\/Wein_werte_Logo700-1.png\",\"contentUrl\":\"https:\\\/\\\/wein-werte.com\\\/wp-content\\\/uploads\\\/2023\\\/07\\\/Wein_werte_Logo700-1.png\",\"width\":700,\"height\":272,\"caption\":\"Vins Fins Thorrold\"},\"image\":{\"@id\":\"https:\\\/\\\/wein-werte.com\\\/de\\\/#\\\/schema\\\/logo\\\/image\\\/\"}}]}<\/script>\n<!-- \/ Yoast SEO plugin. -->","yoast_head_json":{"title":"Okonomierat Rebholz Spatburgunder Im Sonnenschein GG 2018","description":"Buy \u00d6konomierat Rebholz Sp\u00e4tburgunder Im Sonnenschein GG 2018 - a dry Pinot Noir from Pfalz, Germany - at Wein Werte, your sustainable online shop.","robots":{"index":"index","follow":"follow","max-snippet":"max-snippet:-1","max-image-preview":"max-image-preview:large","max-video-preview":"max-video-preview:-1"},"canonical":"https:\/\/wein-werte.com\/en\/product\/okonomierat-rebholz-spatburgunder-im-sonnenschein-gg-2018-750ml\/","og_locale":"en_US","og_type":"article","og_title":"Okonomierat Rebholz Spatburgunder Im Sonnenschein GG 2018","og_description":"Buy \u00d6konomierat Rebholz Sp\u00e4tburgunder Im Sonnenschein GG 2018 - a dry Pinot Noir from Pfalz, Germany - at Wein Werte, your sustainable online shop.","og_url":"https:\/\/wein-werte.com\/en\/product\/okonomierat-rebholz-spatburgunder-im-sonnenschein-gg-2018-750ml\/","og_site_name":"Wein Werte","og_image":[{"width":263,"height":1200,"url":"https:\/\/wein-werte.com\/wp-content\/uploads\/2026\/04\/Okonomierat-Rebholz-Spatburgunder-Im-Sonnenschein-GG-2018-750ml.png","type":"image\/png"}],"twitter_card":"summary_large_image","twitter_misc":{"Est. reading time":"4 minutes"},"schema":{"@context":"https:\/\/schema.org","@graph":[{"@type":"WebPage","@id":"https:\/\/wein-werte.com\/en\/product\/okonomierat-rebholz-spatburgunder-im-sonnenschein-gg-2018-750ml\/","url":"https:\/\/wein-werte.com\/en\/product\/okonomierat-rebholz-spatburgunder-im-sonnenschein-gg-2018-750ml\/","name":"Okonomierat Rebholz Spatburgunder Im Sonnenschein GG 2018","isPartOf":{"@id":"https:\/\/wein-werte.com\/de\/#website"},"primaryImageOfPage":{"@id":"https:\/\/wein-werte.com\/en\/product\/okonomierat-rebholz-spatburgunder-im-sonnenschein-gg-2018-750ml\/#primaryimage"},"image":{"@id":"https:\/\/wein-werte.com\/en\/product\/okonomierat-rebholz-spatburgunder-im-sonnenschein-gg-2018-750ml\/#primaryimage"},"thumbnailUrl":"https:\/\/wein-werte.com\/wp-content\/uploads\/2026\/04\/Okonomierat-Rebholz-Spatburgunder-Im-Sonnenschein-GG-2018-750ml.png","datePublished":"2026-05-05T16:23:10+00:00","description":"Buy \u00d6konomierat Rebholz Sp\u00e4tburgunder Im Sonnenschein GG 2018 - a dry Pinot Noir from Pfalz, Germany - at Wein Werte, your sustainable online shop.","breadcrumb":{"@id":"https:\/\/wein-werte.com\/en\/product\/okonomierat-rebholz-spatburgunder-im-sonnenschein-gg-2018-750ml\/#breadcrumb"},"inLanguage":"en-US","potentialAction":[{"@type":"ReadAction","target":["https:\/\/wein-werte.com\/en\/product\/okonomierat-rebholz-spatburgunder-im-sonnenschein-gg-2018-750ml\/"]}]},{"@type":"ImageObject","inLanguage":"en-US","@id":"https:\/\/wein-werte.com\/en\/product\/okonomierat-rebholz-spatburgunder-im-sonnenschein-gg-2018-750ml\/#primaryimage","url":"https:\/\/wein-werte.com\/wp-content\/uploads\/2026\/04\/Okonomierat-Rebholz-Spatburgunder-Im-Sonnenschein-GG-2018-750ml.png","contentUrl":"https:\/\/wein-werte.com\/wp-content\/uploads\/2026\/04\/Okonomierat-Rebholz-Spatburgunder-Im-Sonnenschein-GG-2018-750ml.png","width":263,"height":1200,"caption":"\u00d6konomierat Rebholz Sp\u00e4tburgunder Im Sonnenschein GG 2018 750ml"},{"@type":"BreadcrumbList","@id":"https:\/\/wein-werte.com\/en\/product\/okonomierat-rebholz-spatburgunder-im-sonnenschein-gg-2018-750ml\/#breadcrumb","itemListElement":[{"@type":"ListItem","position":1,"name":"Home","item":"https:\/\/wein-werte.com\/en\/"},{"@type":"ListItem","position":2,"name":"Shop Page","item":"https:\/\/wein-werte.com\/en\/shop\/"},{"@type":"ListItem","position":3,"name":"\u00d6konomierat Rebholz | Pfalz | Sp\u00e4tburgunder Im Sonnenschein GG | 2018 | 750ml | bio"}]},{"@type":"WebSite","@id":"https:\/\/wein-werte.com\/de\/#website","url":"https:\/\/wein-werte.com\/de\/","name":"Wein Werte","description":"","publisher":{"@id":"https:\/\/wein-werte.com\/de\/#organization"},"potentialAction":[{"@type":"SearchAction","target":{"@type":"EntryPoint","urlTemplate":"https:\/\/wein-werte.com\/de\/?s={search_term_string}"},"query-input":{"@type":"PropertyValueSpecification","valueRequired":true,"valueName":"search_term_string"}}],"inLanguage":"en-US"},{"@type":"Organization","@id":"https:\/\/wein-werte.com\/de\/#organization","name":"Vins Fins Thorrold","url":"https:\/\/wein-werte.com\/de\/","logo":{"@type":"ImageObject","inLanguage":"en-US","@id":"https:\/\/wein-werte.com\/de\/#\/schema\/logo\/image\/","url":"https:\/\/wein-werte.com\/wp-content\/uploads\/2023\/07\/Wein_werte_Logo700-1.png","contentUrl":"https:\/\/wein-werte.com\/wp-content\/uploads\/2023\/07\/Wein_werte_Logo700-1.png","width":700,"height":272,"caption":"Vins Fins Thorrold"},"image":{"@id":"https:\/\/wein-werte.com\/de\/#\/schema\/logo\/image\/"}}]}},"_links":{"self":[{"href":"https:\/\/wein-werte.com\/en\/wp-json\/wp\/v2\/product\/1124054","targetHints":{"allow":["GET"]}}],"collection":[{"href":"https:\/\/wein-werte.com\/en\/wp-json\/wp\/v2\/product"}],"about":[{"href":"https:\/\/wein-werte.com\/en\/wp-json\/wp\/v2\/types\/product"}],"wp:featuredmedia":[{"embeddable":true,"href":"https:\/\/wein-werte.com\/en\/wp-json\/wp\/v2\/media\/1142179"}],"wp:attachment":[{"href":"https:\/\/wein-werte.com\/en\/wp-json\/wp\/v2\/media?parent=1124054"}],"wp:term":[{"taxonomy":"product_brand","embeddable":true,"href":"https:\/\/wein-werte.com\/en\/wp-json\/wp\/v2\/product_brand?post=1124054"},{"taxonomy":"product_cat","embeddable":true,"href":"https:\/\/wein-werte.com\/en\/wp-json\/wp\/v2\/product_cat?post=1124054"},{"taxonomy":"product_tag","embeddable":true,"href":"https:\/\/wein-werte.com\/en\/wp-json\/wp\/v2\/product_tag?post=1124054"}],"curies":[{"name":"wp","href":"https:\/\/api.w.org\/{rel}","templated":true}]}}