{"id":1124040,"date":"2026-05-05T18:23:06","date_gmt":"2026-05-05T16:23:06","guid":{"rendered":"https:\/\/wein-werte.com\/product\/okonomierat-rebholz-kastanienbusch-riesling-gg-2020-1500ml\/"},"modified":"2026-05-05T18:23:07","modified_gmt":"2026-05-05T16:23:07","slug":"okonomierat-rebholz-kastanienbusch-riesling-gg-2020-1500ml","status":"publish","type":"product","link":"https:\/\/wein-werte.com\/en\/product\/okonomierat-rebholz-kastanienbusch-riesling-gg-2020-1500ml\/","title":{"rendered":"\u00d6konomierat Rebholz | Pfalz | Kastanienbusch Riesling GG | 2020 | 1500ml | bio"},"content":{"rendered":"<p>Product description for \u00d6konomierat Rebholz Kastanienbusch Riesling GG 2020 (bio)<\/p>\n<p>The Kastanienbusch is surrounded by the chestnut trees that give it its name. Its soils date back to the Permian period, which formed around 280 million years ago. As one of the highest sites in the southern Palatinate Forest, the Kastanienbusch lies at up to 320 meters above sea level, making it the highest VDP-classified site in the Palatinate. The Rebholz part of the Kastanienbusch is limited to a valley basin with a steep south-facing slope. There, the extremely long-lasting GGs grow on Rotliegendes (roty soils) composed of loose granite, slate, and melaphyre deposits. The hand-picked grapes were destemmed and, after 24 hours of maceration, fermented in steel. <\/p>\n<h5>Colour<\/h5>\n<p> Light yellow, brilliant, and clear. <\/p>\n<h5>Nose<\/h5>\n<p> The 2020 Kastanienbusch Riesling Gro\u00dfes Gew\u00e4chs from \u00d6konomierat Rebholz always reveals its secretive side in its youthful stage. With a subtle spice in the overtones, it is reminiscent of red pepper and rock flour. Dark and warm, it is currently outlined by red currant, lemon zest, herbal spice, allspice, and vetiver. Experience has shown that closed and firm, the Kastanienbusch needs a very long time before its aroma fully unfolds. Timely decanting is therefore essential, and sufficient bottle aging is more than recommended. <\/p>\n<h5>Palate<\/h5>\n<p> Firm and fleshy on the palate, it is outlined by stimulating phenolics with animating astringency. Lemon and grapefruit zest are flanked by herbs and red Kampot pepper. With a pleasant warmth on the palate, it is purist and clear, without any aromatic ornamentation. It rises like a flagpole on the palate, vertical and straightforward, orchestrated by youthful acidity and driven to its zenith. Closed and firm, it currently offers a rather perspective wine experience that will richly reward the patient drinker. Great.<\/p>\n<p>Copyright Vinaturel 2025<\/p>\n<p>Keywords: <a href=\"https:\/\/wein-werte.com\/shop\/?swoof=1&#038;pa_producer=\u00d6konomierat-Rebholz\">\u00d6konomierat Rebholz<\/a> <a href=\"https:\/\/wein-werte.com\/shop\/?swoof=1&#038;woof_text=Kastanienbusch Riesling GG\">Kastanienbusch Riesling GG<\/a> 2020 bio <a href=\"https:\/\/wein-werte.com\/shop\/?swoof=1&#038;pa_region=Pfalz\">Pfalz<\/a> <a href=\"https:\/\/wein-werte.com\/shop\/?swoof=1&#038;pa_country=Germany\">Germany<\/a><\/p>\n<h3>Wine Advocate<\/h3>\n<p>Score: 93<\/p>\n<p>The 2020 Kastanienbusch Riesling GG comes from a ripe vintage and shows intense light fruit, more reminiscent of pome fruit than stone fruit. Initially without the cool vein of the site in hot years, it&#8217;s still subtle and becomes more narrative with more air. Dense and smooth on the palate but fine and elegant, with a decidedly clear and mineral finish, even salty, this is a Riesling with few hedonistic talents. It remains slim and lively, with a fine savoriness and saltiness as well as tonic notes of bitter lemon. It&#8217;s rather restrained in the long finish, which shows intensity and strength but currently little friskiness. Tasted at the Rebholz Kastanienbusch\/Christmann Idig\/Wittmann Morstein vertical tasting in Westhofen in August 2024.<br \/>Stephan Reinhardt<\/p>\n<p>Producer website: <a href=\"https:\/\/www.oekonomierat-rebholz.com\/en\/\" target=\"_blank\">https:\/\/www.oekonomierat-rebholz.com\/en\/<\/a><\/p>\n","protected":false},"excerpt":{"rendered":"<p>Delivery time: 1 to 2 working days (DE), 2 to 5 working days (EU and CH)<\/p>\n","protected":false},"featured_media":1142131,"template":"","meta":[],"product_brand":[],"product_cat":[19],"product_tag":[],"class_list":{"0":"post-1124040","1":"product","2":"type-product","3":"status-publish","4":"has-post-thumbnail","6":"product_cat-unkategorisiert","7":"pa_alcohol-for-filter-12-5","8":"pa_certified-biodynamic-yes","9":"pa_certified-organic-yes","10":"pa_colour-white","11":"pa_country-germany","12":"pa_grape-riesling","13":"pa_parker-points-for-filter-16142","14":"pa_price-for-filter-10663","15":"pa_producer-okonomierat-rebholz","16":"pa_region-pfalz","17":"pa_size-ml-6657","18":"pa_sweetness-dry","19":"pa_type-2-still","20":"pa_vintage-6599","21":"entry","22":"has-media","24":"first","25":"instock","26":"taxable","27":"shipping-taxable","28":"purchasable","29":"product-type-simple"},"yoast_head":"<!-- This site is optimized with the Yoast SEO plugin v27.5 - https:\/\/yoast.com\/product\/yoast-seo-wordpress\/ -->\n<title>Okonomierat Rebholz Kastanienbusch Riesling GG 2020, 1500ml<\/title>\n<meta name=\"description\" content=\"Buy \u00d6konomierat Rebholz Kastanienbusch Riesling GG 2020 - a dry Riesling from Pfalz, Germany - at Wein Werte, your sustainable online shop.\" \/>\n<meta name=\"robots\" content=\"index, follow, max-snippet:-1, max-image-preview:large, max-video-preview:-1\" \/>\n<link rel=\"canonical\" href=\"https:\/\/wein-werte.com\/en\/product\/okonomierat-rebholz-kastanienbusch-riesling-gg-2020-1500ml\/\" \/>\n<meta property=\"og:locale\" content=\"en_US\" \/>\n<meta property=\"og:type\" content=\"article\" \/>\n<meta property=\"og:title\" content=\"Okonomierat Rebholz Kastanienbusch Riesling GG 2020, 1500ml\" \/>\n<meta property=\"og:description\" content=\"Buy \u00d6konomierat Rebholz Kastanienbusch Riesling GG 2020 - a dry Riesling from Pfalz, Germany - at Wein Werte, your sustainable online shop.\" \/>\n<meta property=\"og:url\" content=\"https:\/\/wein-werte.com\/en\/product\/okonomierat-rebholz-kastanienbusch-riesling-gg-2020-1500ml\/\" \/>\n<meta property=\"og:site_name\" content=\"Wein Werte\" \/>\n<meta property=\"article:modified_time\" content=\"2026-05-05T16:23:07+00:00\" \/>\n<meta property=\"og:image\" content=\"https:\/\/wein-werte.com\/wp-content\/uploads\/2026\/04\/Okonomierat-Rebholz-Kastanienbusch-Riesling-GG-2020-1500ml.png\" \/>\n\t<meta property=\"og:image:width\" content=\"223\" \/>\n\t<meta property=\"og:image:height\" content=\"1200\" \/>\n\t<meta property=\"og:image:type\" content=\"image\/png\" \/>\n<meta name=\"twitter:card\" content=\"summary_large_image\" \/>\n<meta name=\"twitter:label1\" content=\"Est. reading time\" \/>\n\t<meta name=\"twitter:data1\" content=\"2 minutes\" \/>\n<script type=\"application\/ld+json\" class=\"yoast-schema-graph\">{\"@context\":\"https:\\\/\\\/schema.org\",\"@graph\":[{\"@type\":\"WebPage\",\"@id\":\"https:\\\/\\\/wein-werte.com\\\/en\\\/product\\\/okonomierat-rebholz-kastanienbusch-riesling-gg-2020-1500ml\\\/\",\"url\":\"https:\\\/\\\/wein-werte.com\\\/en\\\/product\\\/okonomierat-rebholz-kastanienbusch-riesling-gg-2020-1500ml\\\/\",\"name\":\"Okonomierat Rebholz Kastanienbusch Riesling GG 2020, 1500ml\",\"isPartOf\":{\"@id\":\"https:\\\/\\\/wein-werte.com\\\/de\\\/#website\"},\"primaryImageOfPage\":{\"@id\":\"https:\\\/\\\/wein-werte.com\\\/en\\\/product\\\/okonomierat-rebholz-kastanienbusch-riesling-gg-2020-1500ml\\\/#primaryimage\"},\"image\":{\"@id\":\"https:\\\/\\\/wein-werte.com\\\/en\\\/product\\\/okonomierat-rebholz-kastanienbusch-riesling-gg-2020-1500ml\\\/#primaryimage\"},\"thumbnailUrl\":\"https:\\\/\\\/wein-werte.com\\\/wp-content\\\/uploads\\\/2026\\\/04\\\/Okonomierat-Rebholz-Kastanienbusch-Riesling-GG-2020-1500ml.png\",\"datePublished\":\"2026-05-05T16:23:06+00:00\",\"dateModified\":\"2026-05-05T16:23:07+00:00\",\"description\":\"Buy \u00d6konomierat Rebholz Kastanienbusch Riesling GG 2020 - a dry Riesling from Pfalz, Germany - at Wein Werte, your sustainable online shop.\",\"breadcrumb\":{\"@id\":\"https:\\\/\\\/wein-werte.com\\\/en\\\/product\\\/okonomierat-rebholz-kastanienbusch-riesling-gg-2020-1500ml\\\/#breadcrumb\"},\"inLanguage\":\"en-US\",\"potentialAction\":[{\"@type\":\"ReadAction\",\"target\":[\"https:\\\/\\\/wein-werte.com\\\/en\\\/product\\\/okonomierat-rebholz-kastanienbusch-riesling-gg-2020-1500ml\\\/\"]}]},{\"@type\":\"ImageObject\",\"inLanguage\":\"en-US\",\"@id\":\"https:\\\/\\\/wein-werte.com\\\/en\\\/product\\\/okonomierat-rebholz-kastanienbusch-riesling-gg-2020-1500ml\\\/#primaryimage\",\"url\":\"https:\\\/\\\/wein-werte.com\\\/wp-content\\\/uploads\\\/2026\\\/04\\\/Okonomierat-Rebholz-Kastanienbusch-Riesling-GG-2020-1500ml.png\",\"contentUrl\":\"https:\\\/\\\/wein-werte.com\\\/wp-content\\\/uploads\\\/2026\\\/04\\\/Okonomierat-Rebholz-Kastanienbusch-Riesling-GG-2020-1500ml.png\",\"width\":223,\"height\":1200,\"caption\":\"\u00d6konomierat Rebholz Kastanienbusch Riesling GG 2020 1500ml\"},{\"@type\":\"BreadcrumbList\",\"@id\":\"https:\\\/\\\/wein-werte.com\\\/en\\\/product\\\/okonomierat-rebholz-kastanienbusch-riesling-gg-2020-1500ml\\\/#breadcrumb\",\"itemListElement\":[{\"@type\":\"ListItem\",\"position\":1,\"name\":\"Home\",\"item\":\"https:\\\/\\\/wein-werte.com\\\/en\\\/\"},{\"@type\":\"ListItem\",\"position\":2,\"name\":\"Shop Page\",\"item\":\"https:\\\/\\\/wein-werte.com\\\/en\\\/shop\\\/\"},{\"@type\":\"ListItem\",\"position\":3,\"name\":\"\u00d6konomierat Rebholz | Pfalz | Kastanienbusch Riesling GG | 2020 | 1500ml | bio\"}]},{\"@type\":\"WebSite\",\"@id\":\"https:\\\/\\\/wein-werte.com\\\/de\\\/#website\",\"url\":\"https:\\\/\\\/wein-werte.com\\\/de\\\/\",\"name\":\"Wein Werte\",\"description\":\"\",\"publisher\":{\"@id\":\"https:\\\/\\\/wein-werte.com\\\/de\\\/#organization\"},\"potentialAction\":[{\"@type\":\"SearchAction\",\"target\":{\"@type\":\"EntryPoint\",\"urlTemplate\":\"https:\\\/\\\/wein-werte.com\\\/de\\\/?s={search_term_string}\"},\"query-input\":{\"@type\":\"PropertyValueSpecification\",\"valueRequired\":true,\"valueName\":\"search_term_string\"}}],\"inLanguage\":\"en-US\"},{\"@type\":\"Organization\",\"@id\":\"https:\\\/\\\/wein-werte.com\\\/de\\\/#organization\",\"name\":\"Vins Fins Thorrold\",\"url\":\"https:\\\/\\\/wein-werte.com\\\/de\\\/\",\"logo\":{\"@type\":\"ImageObject\",\"inLanguage\":\"en-US\",\"@id\":\"https:\\\/\\\/wein-werte.com\\\/de\\\/#\\\/schema\\\/logo\\\/image\\\/\",\"url\":\"https:\\\/\\\/wein-werte.com\\\/wp-content\\\/uploads\\\/2023\\\/07\\\/Wein_werte_Logo700-1.png\",\"contentUrl\":\"https:\\\/\\\/wein-werte.com\\\/wp-content\\\/uploads\\\/2023\\\/07\\\/Wein_werte_Logo700-1.png\",\"width\":700,\"height\":272,\"caption\":\"Vins Fins Thorrold\"},\"image\":{\"@id\":\"https:\\\/\\\/wein-werte.com\\\/de\\\/#\\\/schema\\\/logo\\\/image\\\/\"}}]}<\/script>\n<!-- \/ Yoast SEO plugin. -->","yoast_head_json":{"title":"Okonomierat Rebholz Kastanienbusch Riesling GG 2020, 1500ml","description":"Buy \u00d6konomierat Rebholz Kastanienbusch Riesling GG 2020 - a dry Riesling from Pfalz, Germany - at Wein Werte, your sustainable online shop.","robots":{"index":"index","follow":"follow","max-snippet":"max-snippet:-1","max-image-preview":"max-image-preview:large","max-video-preview":"max-video-preview:-1"},"canonical":"https:\/\/wein-werte.com\/en\/product\/okonomierat-rebholz-kastanienbusch-riesling-gg-2020-1500ml\/","og_locale":"en_US","og_type":"article","og_title":"Okonomierat Rebholz Kastanienbusch Riesling GG 2020, 1500ml","og_description":"Buy \u00d6konomierat Rebholz Kastanienbusch Riesling GG 2020 - a dry Riesling from Pfalz, Germany - at Wein Werte, your sustainable online shop.","og_url":"https:\/\/wein-werte.com\/en\/product\/okonomierat-rebholz-kastanienbusch-riesling-gg-2020-1500ml\/","og_site_name":"Wein Werte","article_modified_time":"2026-05-05T16:23:07+00:00","og_image":[{"width":223,"height":1200,"url":"https:\/\/wein-werte.com\/wp-content\/uploads\/2026\/04\/Okonomierat-Rebholz-Kastanienbusch-Riesling-GG-2020-1500ml.png","type":"image\/png"}],"twitter_card":"summary_large_image","twitter_misc":{"Est. reading time":"2 minutes"},"schema":{"@context":"https:\/\/schema.org","@graph":[{"@type":"WebPage","@id":"https:\/\/wein-werte.com\/en\/product\/okonomierat-rebholz-kastanienbusch-riesling-gg-2020-1500ml\/","url":"https:\/\/wein-werte.com\/en\/product\/okonomierat-rebholz-kastanienbusch-riesling-gg-2020-1500ml\/","name":"Okonomierat Rebholz Kastanienbusch Riesling GG 2020, 1500ml","isPartOf":{"@id":"https:\/\/wein-werte.com\/de\/#website"},"primaryImageOfPage":{"@id":"https:\/\/wein-werte.com\/en\/product\/okonomierat-rebholz-kastanienbusch-riesling-gg-2020-1500ml\/#primaryimage"},"image":{"@id":"https:\/\/wein-werte.com\/en\/product\/okonomierat-rebholz-kastanienbusch-riesling-gg-2020-1500ml\/#primaryimage"},"thumbnailUrl":"https:\/\/wein-werte.com\/wp-content\/uploads\/2026\/04\/Okonomierat-Rebholz-Kastanienbusch-Riesling-GG-2020-1500ml.png","datePublished":"2026-05-05T16:23:06+00:00","dateModified":"2026-05-05T16:23:07+00:00","description":"Buy \u00d6konomierat Rebholz Kastanienbusch Riesling GG 2020 - a dry Riesling from Pfalz, Germany - at Wein Werte, your sustainable online shop.","breadcrumb":{"@id":"https:\/\/wein-werte.com\/en\/product\/okonomierat-rebholz-kastanienbusch-riesling-gg-2020-1500ml\/#breadcrumb"},"inLanguage":"en-US","potentialAction":[{"@type":"ReadAction","target":["https:\/\/wein-werte.com\/en\/product\/okonomierat-rebholz-kastanienbusch-riesling-gg-2020-1500ml\/"]}]},{"@type":"ImageObject","inLanguage":"en-US","@id":"https:\/\/wein-werte.com\/en\/product\/okonomierat-rebholz-kastanienbusch-riesling-gg-2020-1500ml\/#primaryimage","url":"https:\/\/wein-werte.com\/wp-content\/uploads\/2026\/04\/Okonomierat-Rebholz-Kastanienbusch-Riesling-GG-2020-1500ml.png","contentUrl":"https:\/\/wein-werte.com\/wp-content\/uploads\/2026\/04\/Okonomierat-Rebholz-Kastanienbusch-Riesling-GG-2020-1500ml.png","width":223,"height":1200,"caption":"\u00d6konomierat Rebholz Kastanienbusch Riesling GG 2020 1500ml"},{"@type":"BreadcrumbList","@id":"https:\/\/wein-werte.com\/en\/product\/okonomierat-rebholz-kastanienbusch-riesling-gg-2020-1500ml\/#breadcrumb","itemListElement":[{"@type":"ListItem","position":1,"name":"Home","item":"https:\/\/wein-werte.com\/en\/"},{"@type":"ListItem","position":2,"name":"Shop Page","item":"https:\/\/wein-werte.com\/en\/shop\/"},{"@type":"ListItem","position":3,"name":"\u00d6konomierat Rebholz | Pfalz | Kastanienbusch Riesling GG | 2020 | 1500ml | bio"}]},{"@type":"WebSite","@id":"https:\/\/wein-werte.com\/de\/#website","url":"https:\/\/wein-werte.com\/de\/","name":"Wein Werte","description":"","publisher":{"@id":"https:\/\/wein-werte.com\/de\/#organization"},"potentialAction":[{"@type":"SearchAction","target":{"@type":"EntryPoint","urlTemplate":"https:\/\/wein-werte.com\/de\/?s={search_term_string}"},"query-input":{"@type":"PropertyValueSpecification","valueRequired":true,"valueName":"search_term_string"}}],"inLanguage":"en-US"},{"@type":"Organization","@id":"https:\/\/wein-werte.com\/de\/#organization","name":"Vins Fins Thorrold","url":"https:\/\/wein-werte.com\/de\/","logo":{"@type":"ImageObject","inLanguage":"en-US","@id":"https:\/\/wein-werte.com\/de\/#\/schema\/logo\/image\/","url":"https:\/\/wein-werte.com\/wp-content\/uploads\/2023\/07\/Wein_werte_Logo700-1.png","contentUrl":"https:\/\/wein-werte.com\/wp-content\/uploads\/2023\/07\/Wein_werte_Logo700-1.png","width":700,"height":272,"caption":"Vins Fins Thorrold"},"image":{"@id":"https:\/\/wein-werte.com\/de\/#\/schema\/logo\/image\/"}}]}},"_links":{"self":[{"href":"https:\/\/wein-werte.com\/en\/wp-json\/wp\/v2\/product\/1124040","targetHints":{"allow":["GET"]}}],"collection":[{"href":"https:\/\/wein-werte.com\/en\/wp-json\/wp\/v2\/product"}],"about":[{"href":"https:\/\/wein-werte.com\/en\/wp-json\/wp\/v2\/types\/product"}],"wp:featuredmedia":[{"embeddable":true,"href":"https:\/\/wein-werte.com\/en\/wp-json\/wp\/v2\/media\/1142131"}],"wp:attachment":[{"href":"https:\/\/wein-werte.com\/en\/wp-json\/wp\/v2\/media?parent=1124040"}],"wp:term":[{"taxonomy":"product_brand","embeddable":true,"href":"https:\/\/wein-werte.com\/en\/wp-json\/wp\/v2\/product_brand?post=1124040"},{"taxonomy":"product_cat","embeddable":true,"href":"https:\/\/wein-werte.com\/en\/wp-json\/wp\/v2\/product_cat?post=1124040"},{"taxonomy":"product_tag","embeddable":true,"href":"https:\/\/wein-werte.com\/en\/wp-json\/wp\/v2\/product_tag?post=1124040"}],"curies":[{"name":"wp","href":"https:\/\/api.w.org\/{rel}","templated":true}]}}