{"id":1124034,"date":"2026-05-12T15:47:25","date_gmt":"2026-05-12T13:47:25","guid":{"rendered":"https:\/\/wein-werte.com\/product\/weiser-kunstler-enkircher-ellergrub-riesling-spatlese-2023-750ml\/"},"modified":"2026-05-13T15:13:48","modified_gmt":"2026-05-13T13:13:48","slug":"weiser-kunstler-enkircher-ellergrub-riesling-spatlese-2023-750ml","status":"publish","type":"product","link":"https:\/\/wein-werte.com\/en\/product\/weiser-kunstler-enkircher-ellergrub-riesling-spatlese-2023-750ml\/","title":{"rendered":"Weiser-K\u00fcnstler | Mosel | Enkircher Ellergrub, Riesling Sp\u00e4tlese | 2023 | 750ml | bio"},"content":{"rendered":"<p>Product description for Weiser-K\u00fcnstler Enkircher Ellergrub, Riesling Sp\u00e4tlese 2023 (bio)<\/p>\n<h5>Info<\/h5>\n<p> A unique wine from the terraced, steep Enkircher Ellergrub vineyard with ancient, ungrafted vines. The vines are on average over 100 years old. They grow on blue, hard slate with abundant quartzite inclusions. The old vines still produce a yield of just 15 hl\/ha. In 2023, only 500 l of Sp\u00e4tlese were produced. 2023 tended to be rather warm and brought plenty of moisture during the harvest. Accordingly, a meticulous and complex selection was required, which then significantly reduced the yield. The small batch was fermented in steel tanks and transferred to a small steel container after the first racking. With 67 g\/l of residual sugar, it ranks just above a Kabinett. However, with 8.5 g\/l of acidity, it also offers less contrast. The alcohol content is 8.5% vol. <\/p>\n<h5>Colour<\/h5>\n<p> Silvery shimmering lemon yellow with light reflections and green elements <\/p>\n<h5>Nose<\/h5>\n<p> An incredibly playful and energetic nose stands before me in the glass. Its fruit is delicate and shy. It builds up slowly. Lemons, especially their zest, grapefruit and bergamot are tart, fresh representatives. A hint of Nashi pear underlines it elegantly and clearly. Intense aromas from the herbal corner come to the fore. Bronze fennel, lemon balm, lemongrass and mint are particularly noteworthy. Behind the herbs, the nuances of honey are barely apparent at this young stage. This will change with maturity. Its origins are clearly recognizable. There is no denying that this Riesling grows on slate. The combination of slate spice, wet stones and intense fruit is unique. <\/p>\n<h5>Palate<\/h5>\n<p> On the palate, it plays to all the strengths of a classic, young Sp\u00e4tlese wine. Its delicate sweetness dances across the palate. The wine combines elegance and power in a way that only Simone Biles can achieve in gymnastics. Its racy side and the bare slate undertones are clearly evident. The fruit clings to the delicate sweetness, but always remains bright and restrained. Its tart, citrusy components are fundamental. Its acidity builds up powerful pressure on the palate. The salty and bitter components also come across perfectly. It dances along seemingly endlessly, yet lightly, and the finish seems never-ending. At the same time, it inspires you to drink more, which fortunately isn&#8217;t too difficult at 8.5% ABV.<\/p>\n<p>Copyright Vinaturel 2025<\/p>\n<p>Keywords: <a href=\"https:\/\/wein-werte.com\/shop\/?swoof=1&#038;pa_producer=Weiser-K\u00fcnstler\">Weiser-K\u00fcnstler<\/a> <a href=\"https:\/\/wein-werte.com\/shop\/?swoof=1&#038;woof_text=Enkircher Ellergrub, Riesling Sp\u00e4tlese\">Enkircher Ellergrub, Riesling Sp\u00e4tlese<\/a> 2023 bio <a href=\"https:\/\/wein-werte.com\/shop\/?swoof=1&#038;pa_region=Mosel\">Mosel<\/a> <a href=\"https:\/\/wein-werte.com\/shop\/?swoof=1&#038;pa_country=Germany\">Germany<\/a><\/p>\n<p>Producer website: <a href=\"http:\/\/www.weiser-kuenstler.de\/\" target=\"_blank\">http:\/\/www.weiser-kuenstler.de\/<\/a><\/p>\n","protected":false},"excerpt":{"rendered":"<div style=\"font-size: 14px;\">\n<p>Delivery time: 1 to 2 working days (DE), 2 to 5 working days (EU and CH)<\/p>\n<p>Approximate energy content per 125ml glass: 105 kcal<\/p>\n<\/p><\/div>\n","protected":false},"featured_media":1142107,"template":"","meta":[],"product_brand":[],"product_cat":[19],"product_tag":[],"class_list":{"0":"post-1124034","1":"product","2":"type-product","3":"status-publish","4":"has-post-thumbnail","6":"product_cat-unkategorisiert","7":"pa_alcohol-for-filter-8-5","8":"pa_certified-biodynamic-no","9":"pa_certified-organic-yes","10":"pa_colour-white","11":"pa_country-germany","12":"pa_grape-riesling","13":"pa_price-for-filter-10599","14":"pa_producer-weiser-kunstler","15":"pa_region-mosel","16":"pa_size-ml-6584","17":"pa_sweetness-sweet","18":"pa_type-2-still","19":"pa_vintage-12619","20":"entry","21":"has-media","23":"first","24":"instock","25":"taxable","26":"shipping-taxable","27":"purchasable","28":"product-type-simple"},"yoast_head":"<!-- This site is optimized with the Yoast SEO plugin v27.6 - https:\/\/yoast.com\/product\/yoast-seo-wordpress\/ -->\n<title>Weiser-K\u00fcnstler Enkircher Ellergrub Riesling Sp\u00e4tlese 2023 750ml<\/title>\n<meta name=\"description\" content=\"Buy Weiser-K\u00fcnstler Enkircher Ellergrub Riesling Sp\u00e4tlese 2023 - a sweet Riesling from Mosel, Germany - at Wein Werte, your sustainable online shop.\" \/>\n<meta name=\"robots\" content=\"index, follow, max-snippet:-1, max-image-preview:large, max-video-preview:-1\" \/>\n<link rel=\"canonical\" href=\"https:\/\/wein-werte.com\/en\/product\/weiser-kunstler-enkircher-ellergrub-riesling-spatlese-2023-750ml\/\" \/>\n<meta property=\"og:locale\" content=\"en_US\" \/>\n<meta property=\"og:type\" content=\"article\" \/>\n<meta property=\"og:title\" content=\"Weiser-K\u00fcnstler Enkircher Ellergrub Riesling Sp\u00e4tlese 2023 750ml\" \/>\n<meta property=\"og:description\" content=\"Buy Weiser-K\u00fcnstler Enkircher Ellergrub Riesling Sp\u00e4tlese 2023 - a sweet Riesling from Mosel, Germany - at Wein Werte, your sustainable online shop.\" \/>\n<meta property=\"og:url\" content=\"https:\/\/wein-werte.com\/en\/product\/weiser-kunstler-enkircher-ellergrub-riesling-spatlese-2023-750ml\/\" \/>\n<meta property=\"og:site_name\" content=\"Wein Werte\" \/>\n<meta property=\"article:modified_time\" content=\"2026-05-13T13:13:48+00:00\" \/>\n<meta property=\"og:image\" content=\"https:\/\/wein-werte.com\/wp-content\/uploads\/2026\/04\/Weiser-Kunstler-Enkircher-Ellergrub-Riesling-Spatlese-2023-750ml.png\" \/>\n\t<meta property=\"og:image:width\" content=\"267\" \/>\n\t<meta property=\"og:image:height\" content=\"1200\" \/>\n\t<meta property=\"og:image:type\" content=\"image\/png\" \/>\n<meta name=\"twitter:card\" content=\"summary_large_image\" \/>\n<meta name=\"twitter:label1\" content=\"Est. reading time\" \/>\n\t<meta name=\"twitter:data1\" content=\"2 minutes\" \/>\n<script type=\"application\/ld+json\" class=\"yoast-schema-graph\">{\"@context\":\"https:\\\/\\\/schema.org\",\"@graph\":[{\"@type\":\"WebPage\",\"@id\":\"https:\\\/\\\/wein-werte.com\\\/en\\\/product\\\/weiser-kunstler-enkircher-ellergrub-riesling-spatlese-2023-750ml\\\/\",\"url\":\"https:\\\/\\\/wein-werte.com\\\/en\\\/product\\\/weiser-kunstler-enkircher-ellergrub-riesling-spatlese-2023-750ml\\\/\",\"name\":\"Weiser-K\u00fcnstler Enkircher Ellergrub Riesling Sp\u00e4tlese 2023 750ml\",\"isPartOf\":{\"@id\":\"https:\\\/\\\/wein-werte.com\\\/de\\\/#website\"},\"primaryImageOfPage\":{\"@id\":\"https:\\\/\\\/wein-werte.com\\\/en\\\/product\\\/weiser-kunstler-enkircher-ellergrub-riesling-spatlese-2023-750ml\\\/#primaryimage\"},\"image\":{\"@id\":\"https:\\\/\\\/wein-werte.com\\\/en\\\/product\\\/weiser-kunstler-enkircher-ellergrub-riesling-spatlese-2023-750ml\\\/#primaryimage\"},\"thumbnailUrl\":\"https:\\\/\\\/wein-werte.com\\\/wp-content\\\/uploads\\\/2026\\\/04\\\/Weiser-Kunstler-Enkircher-Ellergrub-Riesling-Spatlese-2023-750ml.png\",\"datePublished\":\"2026-05-12T13:47:25+00:00\",\"dateModified\":\"2026-05-13T13:13:48+00:00\",\"description\":\"Buy Weiser-K\u00fcnstler Enkircher Ellergrub Riesling Sp\u00e4tlese 2023 - a sweet Riesling from Mosel, Germany - at Wein Werte, your sustainable online shop.\",\"breadcrumb\":{\"@id\":\"https:\\\/\\\/wein-werte.com\\\/en\\\/product\\\/weiser-kunstler-enkircher-ellergrub-riesling-spatlese-2023-750ml\\\/#breadcrumb\"},\"inLanguage\":\"en-US\",\"potentialAction\":[{\"@type\":\"ReadAction\",\"target\":[\"https:\\\/\\\/wein-werte.com\\\/en\\\/product\\\/weiser-kunstler-enkircher-ellergrub-riesling-spatlese-2023-750ml\\\/\"]}]},{\"@type\":\"ImageObject\",\"inLanguage\":\"en-US\",\"@id\":\"https:\\\/\\\/wein-werte.com\\\/en\\\/product\\\/weiser-kunstler-enkircher-ellergrub-riesling-spatlese-2023-750ml\\\/#primaryimage\",\"url\":\"https:\\\/\\\/wein-werte.com\\\/wp-content\\\/uploads\\\/2026\\\/04\\\/Weiser-Kunstler-Enkircher-Ellergrub-Riesling-Spatlese-2023-750ml.png\",\"contentUrl\":\"https:\\\/\\\/wein-werte.com\\\/wp-content\\\/uploads\\\/2026\\\/04\\\/Weiser-Kunstler-Enkircher-Ellergrub-Riesling-Spatlese-2023-750ml.png\",\"width\":267,\"height\":1200,\"caption\":\"Weiser-K\u00fcnstler Enkircher Ellergrub, Riesling Sp\u00e4tlese 2023 750ml\"},{\"@type\":\"BreadcrumbList\",\"@id\":\"https:\\\/\\\/wein-werte.com\\\/en\\\/product\\\/weiser-kunstler-enkircher-ellergrub-riesling-spatlese-2023-750ml\\\/#breadcrumb\",\"itemListElement\":[{\"@type\":\"ListItem\",\"position\":1,\"name\":\"Home\",\"item\":\"https:\\\/\\\/wein-werte.com\\\/en\\\/\"},{\"@type\":\"ListItem\",\"position\":2,\"name\":\"Shop Page\",\"item\":\"https:\\\/\\\/wein-werte.com\\\/en\\\/shop\\\/\"},{\"@type\":\"ListItem\",\"position\":3,\"name\":\"Weiser-K\u00fcnstler | Mosel | Enkircher Ellergrub, Riesling Sp\u00e4tlese | 2023 | 750ml | bio\"}]},{\"@type\":\"WebSite\",\"@id\":\"https:\\\/\\\/wein-werte.com\\\/de\\\/#website\",\"url\":\"https:\\\/\\\/wein-werte.com\\\/de\\\/\",\"name\":\"Wein Werte\",\"description\":\"\",\"publisher\":{\"@id\":\"https:\\\/\\\/wein-werte.com\\\/de\\\/#organization\"},\"potentialAction\":[{\"@type\":\"SearchAction\",\"target\":{\"@type\":\"EntryPoint\",\"urlTemplate\":\"https:\\\/\\\/wein-werte.com\\\/de\\\/?s={search_term_string}\"},\"query-input\":{\"@type\":\"PropertyValueSpecification\",\"valueRequired\":true,\"valueName\":\"search_term_string\"}}],\"inLanguage\":\"en-US\"},{\"@type\":\"Organization\",\"@id\":\"https:\\\/\\\/wein-werte.com\\\/de\\\/#organization\",\"name\":\"Vins Fins Thorrold\",\"url\":\"https:\\\/\\\/wein-werte.com\\\/de\\\/\",\"logo\":{\"@type\":\"ImageObject\",\"inLanguage\":\"en-US\",\"@id\":\"https:\\\/\\\/wein-werte.com\\\/de\\\/#\\\/schema\\\/logo\\\/image\\\/\",\"url\":\"https:\\\/\\\/wein-werte.com\\\/wp-content\\\/uploads\\\/2023\\\/07\\\/Wein_werte_Logo700-1.png\",\"contentUrl\":\"https:\\\/\\\/wein-werte.com\\\/wp-content\\\/uploads\\\/2023\\\/07\\\/Wein_werte_Logo700-1.png\",\"width\":700,\"height\":272,\"caption\":\"Vins Fins Thorrold\"},\"image\":{\"@id\":\"https:\\\/\\\/wein-werte.com\\\/de\\\/#\\\/schema\\\/logo\\\/image\\\/\"}}]}<\/script>\n<!-- \/ Yoast SEO plugin. -->","yoast_head_json":{"title":"Weiser-K\u00fcnstler Enkircher Ellergrub Riesling Sp\u00e4tlese 2023 750ml","description":"Buy Weiser-K\u00fcnstler Enkircher Ellergrub Riesling Sp\u00e4tlese 2023 - a sweet Riesling from Mosel, Germany - at Wein Werte, your sustainable online shop.","robots":{"index":"index","follow":"follow","max-snippet":"max-snippet:-1","max-image-preview":"max-image-preview:large","max-video-preview":"max-video-preview:-1"},"canonical":"https:\/\/wein-werte.com\/en\/product\/weiser-kunstler-enkircher-ellergrub-riesling-spatlese-2023-750ml\/","og_locale":"en_US","og_type":"article","og_title":"Weiser-K\u00fcnstler Enkircher Ellergrub Riesling Sp\u00e4tlese 2023 750ml","og_description":"Buy Weiser-K\u00fcnstler Enkircher Ellergrub Riesling Sp\u00e4tlese 2023 - a sweet Riesling from Mosel, Germany - at Wein Werte, your sustainable online shop.","og_url":"https:\/\/wein-werte.com\/en\/product\/weiser-kunstler-enkircher-ellergrub-riesling-spatlese-2023-750ml\/","og_site_name":"Wein Werte","article_modified_time":"2026-05-13T13:13:48+00:00","og_image":[{"width":267,"height":1200,"url":"https:\/\/wein-werte.com\/wp-content\/uploads\/2026\/04\/Weiser-Kunstler-Enkircher-Ellergrub-Riesling-Spatlese-2023-750ml.png","type":"image\/png"}],"twitter_card":"summary_large_image","twitter_misc":{"Est. reading time":"2 minutes"},"schema":{"@context":"https:\/\/schema.org","@graph":[{"@type":"WebPage","@id":"https:\/\/wein-werte.com\/en\/product\/weiser-kunstler-enkircher-ellergrub-riesling-spatlese-2023-750ml\/","url":"https:\/\/wein-werte.com\/en\/product\/weiser-kunstler-enkircher-ellergrub-riesling-spatlese-2023-750ml\/","name":"Weiser-K\u00fcnstler Enkircher Ellergrub Riesling Sp\u00e4tlese 2023 750ml","isPartOf":{"@id":"https:\/\/wein-werte.com\/de\/#website"},"primaryImageOfPage":{"@id":"https:\/\/wein-werte.com\/en\/product\/weiser-kunstler-enkircher-ellergrub-riesling-spatlese-2023-750ml\/#primaryimage"},"image":{"@id":"https:\/\/wein-werte.com\/en\/product\/weiser-kunstler-enkircher-ellergrub-riesling-spatlese-2023-750ml\/#primaryimage"},"thumbnailUrl":"https:\/\/wein-werte.com\/wp-content\/uploads\/2026\/04\/Weiser-Kunstler-Enkircher-Ellergrub-Riesling-Spatlese-2023-750ml.png","datePublished":"2026-05-12T13:47:25+00:00","dateModified":"2026-05-13T13:13:48+00:00","description":"Buy Weiser-K\u00fcnstler Enkircher Ellergrub Riesling Sp\u00e4tlese 2023 - a sweet Riesling from Mosel, Germany - at Wein Werte, your sustainable online shop.","breadcrumb":{"@id":"https:\/\/wein-werte.com\/en\/product\/weiser-kunstler-enkircher-ellergrub-riesling-spatlese-2023-750ml\/#breadcrumb"},"inLanguage":"en-US","potentialAction":[{"@type":"ReadAction","target":["https:\/\/wein-werte.com\/en\/product\/weiser-kunstler-enkircher-ellergrub-riesling-spatlese-2023-750ml\/"]}]},{"@type":"ImageObject","inLanguage":"en-US","@id":"https:\/\/wein-werte.com\/en\/product\/weiser-kunstler-enkircher-ellergrub-riesling-spatlese-2023-750ml\/#primaryimage","url":"https:\/\/wein-werte.com\/wp-content\/uploads\/2026\/04\/Weiser-Kunstler-Enkircher-Ellergrub-Riesling-Spatlese-2023-750ml.png","contentUrl":"https:\/\/wein-werte.com\/wp-content\/uploads\/2026\/04\/Weiser-Kunstler-Enkircher-Ellergrub-Riesling-Spatlese-2023-750ml.png","width":267,"height":1200,"caption":"Weiser-K\u00fcnstler Enkircher Ellergrub, Riesling Sp\u00e4tlese 2023 750ml"},{"@type":"BreadcrumbList","@id":"https:\/\/wein-werte.com\/en\/product\/weiser-kunstler-enkircher-ellergrub-riesling-spatlese-2023-750ml\/#breadcrumb","itemListElement":[{"@type":"ListItem","position":1,"name":"Home","item":"https:\/\/wein-werte.com\/en\/"},{"@type":"ListItem","position":2,"name":"Shop Page","item":"https:\/\/wein-werte.com\/en\/shop\/"},{"@type":"ListItem","position":3,"name":"Weiser-K\u00fcnstler | Mosel | Enkircher Ellergrub, Riesling Sp\u00e4tlese | 2023 | 750ml | bio"}]},{"@type":"WebSite","@id":"https:\/\/wein-werte.com\/de\/#website","url":"https:\/\/wein-werte.com\/de\/","name":"Wein Werte","description":"","publisher":{"@id":"https:\/\/wein-werte.com\/de\/#organization"},"potentialAction":[{"@type":"SearchAction","target":{"@type":"EntryPoint","urlTemplate":"https:\/\/wein-werte.com\/de\/?s={search_term_string}"},"query-input":{"@type":"PropertyValueSpecification","valueRequired":true,"valueName":"search_term_string"}}],"inLanguage":"en-US"},{"@type":"Organization","@id":"https:\/\/wein-werte.com\/de\/#organization","name":"Vins Fins Thorrold","url":"https:\/\/wein-werte.com\/de\/","logo":{"@type":"ImageObject","inLanguage":"en-US","@id":"https:\/\/wein-werte.com\/de\/#\/schema\/logo\/image\/","url":"https:\/\/wein-werte.com\/wp-content\/uploads\/2023\/07\/Wein_werte_Logo700-1.png","contentUrl":"https:\/\/wein-werte.com\/wp-content\/uploads\/2023\/07\/Wein_werte_Logo700-1.png","width":700,"height":272,"caption":"Vins Fins Thorrold"},"image":{"@id":"https:\/\/wein-werte.com\/de\/#\/schema\/logo\/image\/"}}]}},"_links":{"self":[{"href":"https:\/\/wein-werte.com\/en\/wp-json\/wp\/v2\/product\/1124034","targetHints":{"allow":["GET"]}}],"collection":[{"href":"https:\/\/wein-werte.com\/en\/wp-json\/wp\/v2\/product"}],"about":[{"href":"https:\/\/wein-werte.com\/en\/wp-json\/wp\/v2\/types\/product"}],"wp:featuredmedia":[{"embeddable":true,"href":"https:\/\/wein-werte.com\/en\/wp-json\/wp\/v2\/media\/1142107"}],"wp:attachment":[{"href":"https:\/\/wein-werte.com\/en\/wp-json\/wp\/v2\/media?parent=1124034"}],"wp:term":[{"taxonomy":"product_brand","embeddable":true,"href":"https:\/\/wein-werte.com\/en\/wp-json\/wp\/v2\/product_brand?post=1124034"},{"taxonomy":"product_cat","embeddable":true,"href":"https:\/\/wein-werte.com\/en\/wp-json\/wp\/v2\/product_cat?post=1124034"},{"taxonomy":"product_tag","embeddable":true,"href":"https:\/\/wein-werte.com\/en\/wp-json\/wp\/v2\/product_tag?post=1124034"}],"curies":[{"name":"wp","href":"https:\/\/api.w.org\/{rel}","templated":true}]}}