{"id":1124016,"date":"2026-05-08T20:02:39","date_gmt":"2026-05-08T18:02:39","guid":{"rendered":"https:\/\/wein-werte.com\/product\/zehnthof-luckert-maustal-spatburgunder-grosses-gewachs-2020-750ml\/"},"modified":"2026-05-08T20:02:40","modified_gmt":"2026-05-08T18:02:40","slug":"zehnthof-luckert-maustal-spatburgunder-grosses-gewachs-2020-750ml","status":"publish","type":"product","link":"https:\/\/wein-werte.com\/en\/product\/zehnthof-luckert-maustal-spatburgunder-grosses-gewachs-2020-750ml\/","title":{"rendered":"Zehnthof Luckert | Franken | Maustal Sp\u00e4tburgunder Gro\u00dfes Gew\u00e4chs | 2020 | 750ml | bio"},"content":{"rendered":"<p>Product description for Zehnthof Luckert Maustal Sp\u00e4tburgunder Gro\u00dfes Gew\u00e4chs 2020 (bio)<\/p>\n<h5>Wine Information<\/h5>\n<p> This Pinot Noir comes from the Maustal vineyard, a four-hectare vineyard south of Sulzfeld am Main, facing south and southeast. The steep slope is characterized by the barren and skeletal Upper Muschelkalk. The vines from this site are the oldest vines planted by the winery. As always at the Zehnthof Luckert winery, the grapes are harvested by hand, followed by maceration in open fermentation tanks, spontaneous fermentation, no chaptalization, no cool pre-fermentation, around two weeks on the skins, and aging for over one and a half years in Burgundy barrels, one third of which are new. In 2022, the grapes were completely destemmed. <\/p>\n<h5>Wine Information<\/h5>\n<p> Old Maustal, Lower Muschelkalk, approx. 25-year-old vines, <\/p>\n<h5>Colour<\/h5>\n<p> Muted garnet red with violet reflections. <\/p>\n<h5>Nose<\/h5>\n<p> The 2020 Maustaler Sp\u00e4tburgunder GG offers graphite and earthy notes as well as a still youthful and refreshing fruit reminiscent of sour cherries, wild raspberries, red currants, and pomegranate. Its fragrant, youthful character is femininely defined by distinct floral roses, ivy, and elderberry. Elegant and Burgundian finesse is evident even on the nose. <\/p>\n<h5>Palate<\/h5>\n<p> On the palate, it is dance-like, lively, and youthful. Its acidity is pleasantly fresh and challenging, the tannin structure is fine-grained and piquant, and the long finish promises great development potential. Anyone who wants to enjoy it at this youthful stage would do well to decant it.<\/p>\n<p>Copyright Vinaturel 2025<\/p>\n<p>Keywords: <a href=\"https:\/\/wein-werte.com\/shop\/?swoof=1&#038;pa_producer=Luckert,-Zehnthof\">Luckert, Zehnthof<\/a> <a href=\"https:\/\/wein-werte.com\/shop\/?swoof=1&#038;woof_text=Maustal Sp\u00e4tburgunder Gro\u00dfes Gew\u00e4chs\">Maustal Sp\u00e4tburgunder Gro\u00dfes Gew\u00e4chs<\/a> 2020 bio <a href=\"https:\/\/wein-werte.com\/shop\/?swoof=1&#038;pa_region=Franken\">Franken<\/a> <a href=\"https:\/\/wein-werte.com\/shop\/?swoof=1&#038;pa_country=Germany\">Germany<\/a><\/p>\n<p>Producer website: <a href=\"https:\/\/www.weingut-zehnthof.de\/\" target=\"_blank\">https:\/\/www.weingut-zehnthof.de\/<\/a><\/p>\n","protected":false},"excerpt":{"rendered":"<p>Delivery time: 1 to 2 working days (DE), 2 to 5 working days (EU and CH)<\/p>\n","protected":false},"featured_media":1142039,"template":"","meta":[],"product_brand":[],"product_cat":[19],"product_tag":[],"class_list":{"0":"post-1124016","1":"product","2":"type-product","3":"status-publish","4":"has-post-thumbnail","6":"product_cat-unkategorisiert","7":"pa_alcohol-for-filter-12897","8":"pa_certified-biodynamic-no","9":"pa_certified-organic-yes","10":"pa_colour-red","11":"pa_country-germany","12":"pa_grape-pinot-noir-spatburgunder","13":"pa_price-for-filter-10646","14":"pa_producer-zehnthof-luckert","15":"pa_region-franken","16":"pa_size-ml-6584","17":"pa_sweetness-dry","18":"pa_type-2-still","19":"pa_vintage-6599","20":"entry","21":"has-media","23":"first","24":"instock","25":"taxable","26":"shipping-taxable","27":"purchasable","28":"product-type-simple"},"yoast_head":"<!-- This site is optimized with the Yoast SEO plugin v27.5 - https:\/\/yoast.com\/product\/yoast-seo-wordpress\/ -->\n<title>Zehnthof Luckert Maustal Spatburgunder Grosses Gewachs 2020<\/title>\n<meta name=\"description\" content=\"Buy Zehnthof Luckert Maustal Sp\u00e4tburgunder Gro\u00dfes Gew\u00e4chs 2020 - a dry Pinot Noir from Franken, Germany - at Wein Werte, your sustainable online shop.\" \/>\n<meta name=\"robots\" content=\"index, follow, max-snippet:-1, max-image-preview:large, max-video-preview:-1\" \/>\n<link rel=\"canonical\" href=\"https:\/\/wein-werte.com\/en\/product\/zehnthof-luckert-maustal-spatburgunder-grosses-gewachs-2020-750ml\/\" \/>\n<meta property=\"og:locale\" content=\"en_US\" \/>\n<meta property=\"og:type\" content=\"article\" \/>\n<meta property=\"og:title\" content=\"Zehnthof Luckert Maustal Spatburgunder Grosses Gewachs 2020\" \/>\n<meta property=\"og:description\" content=\"Buy Zehnthof Luckert Maustal Sp\u00e4tburgunder Gro\u00dfes Gew\u00e4chs 2020 - a dry Pinot Noir from Franken, Germany - at Wein Werte, your sustainable online shop.\" \/>\n<meta property=\"og:url\" content=\"https:\/\/wein-werte.com\/en\/product\/zehnthof-luckert-maustal-spatburgunder-grosses-gewachs-2020-750ml\/\" \/>\n<meta property=\"og:site_name\" content=\"Wein Werte\" \/>\n<meta property=\"article:modified_time\" content=\"2026-05-08T18:02:40+00:00\" \/>\n<meta property=\"og:image\" content=\"https:\/\/wein-werte.com\/wp-content\/uploads\/2026\/04\/Zehnthof-Luckert-Maustal-Spatburgunder-Grosses-Gewachs-2020-750ml.png\" \/>\n\t<meta property=\"og:image:width\" content=\"400\" \/>\n\t<meta property=\"og:image:height\" content=\"1170\" \/>\n\t<meta property=\"og:image:type\" content=\"image\/png\" \/>\n<meta name=\"twitter:card\" content=\"summary_large_image\" \/>\n<meta name=\"twitter:label1\" content=\"Est. reading time\" \/>\n\t<meta name=\"twitter:data1\" content=\"1 minute\" \/>\n<script type=\"application\/ld+json\" class=\"yoast-schema-graph\">{\"@context\":\"https:\\\/\\\/schema.org\",\"@graph\":[{\"@type\":\"WebPage\",\"@id\":\"https:\\\/\\\/wein-werte.com\\\/en\\\/product\\\/zehnthof-luckert-maustal-spatburgunder-grosses-gewachs-2020-750ml\\\/\",\"url\":\"https:\\\/\\\/wein-werte.com\\\/en\\\/product\\\/zehnthof-luckert-maustal-spatburgunder-grosses-gewachs-2020-750ml\\\/\",\"name\":\"Zehnthof Luckert Maustal Spatburgunder Grosses Gewachs 2020\",\"isPartOf\":{\"@id\":\"https:\\\/\\\/wein-werte.com\\\/de\\\/#website\"},\"primaryImageOfPage\":{\"@id\":\"https:\\\/\\\/wein-werte.com\\\/en\\\/product\\\/zehnthof-luckert-maustal-spatburgunder-grosses-gewachs-2020-750ml\\\/#primaryimage\"},\"image\":{\"@id\":\"https:\\\/\\\/wein-werte.com\\\/en\\\/product\\\/zehnthof-luckert-maustal-spatburgunder-grosses-gewachs-2020-750ml\\\/#primaryimage\"},\"thumbnailUrl\":\"https:\\\/\\\/wein-werte.com\\\/wp-content\\\/uploads\\\/2026\\\/04\\\/Zehnthof-Luckert-Maustal-Spatburgunder-Grosses-Gewachs-2020-750ml.png\",\"datePublished\":\"2026-05-08T18:02:39+00:00\",\"dateModified\":\"2026-05-08T18:02:40+00:00\",\"description\":\"Buy Zehnthof Luckert Maustal Sp\u00e4tburgunder Gro\u00dfes Gew\u00e4chs 2020 - a dry Pinot Noir from Franken, Germany - at Wein Werte, your sustainable online shop.\",\"breadcrumb\":{\"@id\":\"https:\\\/\\\/wein-werte.com\\\/en\\\/product\\\/zehnthof-luckert-maustal-spatburgunder-grosses-gewachs-2020-750ml\\\/#breadcrumb\"},\"inLanguage\":\"en-US\",\"potentialAction\":[{\"@type\":\"ReadAction\",\"target\":[\"https:\\\/\\\/wein-werte.com\\\/en\\\/product\\\/zehnthof-luckert-maustal-spatburgunder-grosses-gewachs-2020-750ml\\\/\"]}]},{\"@type\":\"ImageObject\",\"inLanguage\":\"en-US\",\"@id\":\"https:\\\/\\\/wein-werte.com\\\/en\\\/product\\\/zehnthof-luckert-maustal-spatburgunder-grosses-gewachs-2020-750ml\\\/#primaryimage\",\"url\":\"https:\\\/\\\/wein-werte.com\\\/wp-content\\\/uploads\\\/2026\\\/04\\\/Zehnthof-Luckert-Maustal-Spatburgunder-Grosses-Gewachs-2020-750ml.png\",\"contentUrl\":\"https:\\\/\\\/wein-werte.com\\\/wp-content\\\/uploads\\\/2026\\\/04\\\/Zehnthof-Luckert-Maustal-Spatburgunder-Grosses-Gewachs-2020-750ml.png\",\"width\":400,\"height\":1170,\"caption\":\"Zehnthof Luckert Maustal Sp\u00e4tburgunder Gro\u00dfes Gew\u00e4chs 2020 750ml\"},{\"@type\":\"BreadcrumbList\",\"@id\":\"https:\\\/\\\/wein-werte.com\\\/en\\\/product\\\/zehnthof-luckert-maustal-spatburgunder-grosses-gewachs-2020-750ml\\\/#breadcrumb\",\"itemListElement\":[{\"@type\":\"ListItem\",\"position\":1,\"name\":\"Home\",\"item\":\"https:\\\/\\\/wein-werte.com\\\/en\\\/\"},{\"@type\":\"ListItem\",\"position\":2,\"name\":\"Shop Page\",\"item\":\"https:\\\/\\\/wein-werte.com\\\/en\\\/shop\\\/\"},{\"@type\":\"ListItem\",\"position\":3,\"name\":\"Zehnthof Luckert | Franken | Maustal Sp\u00e4tburgunder Gro\u00dfes Gew\u00e4chs | 2020 | 750ml | bio\"}]},{\"@type\":\"WebSite\",\"@id\":\"https:\\\/\\\/wein-werte.com\\\/de\\\/#website\",\"url\":\"https:\\\/\\\/wein-werte.com\\\/de\\\/\",\"name\":\"Wein Werte\",\"description\":\"\",\"publisher\":{\"@id\":\"https:\\\/\\\/wein-werte.com\\\/de\\\/#organization\"},\"potentialAction\":[{\"@type\":\"SearchAction\",\"target\":{\"@type\":\"EntryPoint\",\"urlTemplate\":\"https:\\\/\\\/wein-werte.com\\\/de\\\/?s={search_term_string}\"},\"query-input\":{\"@type\":\"PropertyValueSpecification\",\"valueRequired\":true,\"valueName\":\"search_term_string\"}}],\"inLanguage\":\"en-US\"},{\"@type\":\"Organization\",\"@id\":\"https:\\\/\\\/wein-werte.com\\\/de\\\/#organization\",\"name\":\"Vins Fins Thorrold\",\"url\":\"https:\\\/\\\/wein-werte.com\\\/de\\\/\",\"logo\":{\"@type\":\"ImageObject\",\"inLanguage\":\"en-US\",\"@id\":\"https:\\\/\\\/wein-werte.com\\\/de\\\/#\\\/schema\\\/logo\\\/image\\\/\",\"url\":\"https:\\\/\\\/wein-werte.com\\\/wp-content\\\/uploads\\\/2023\\\/07\\\/Wein_werte_Logo700-1.png\",\"contentUrl\":\"https:\\\/\\\/wein-werte.com\\\/wp-content\\\/uploads\\\/2023\\\/07\\\/Wein_werte_Logo700-1.png\",\"width\":700,\"height\":272,\"caption\":\"Vins Fins Thorrold\"},\"image\":{\"@id\":\"https:\\\/\\\/wein-werte.com\\\/de\\\/#\\\/schema\\\/logo\\\/image\\\/\"}}]}<\/script>\n<!-- \/ Yoast SEO plugin. -->","yoast_head_json":{"title":"Zehnthof Luckert Maustal Spatburgunder Grosses Gewachs 2020","description":"Buy Zehnthof Luckert Maustal Sp\u00e4tburgunder Gro\u00dfes Gew\u00e4chs 2020 - a dry Pinot Noir from Franken, Germany - at Wein Werte, your sustainable online shop.","robots":{"index":"index","follow":"follow","max-snippet":"max-snippet:-1","max-image-preview":"max-image-preview:large","max-video-preview":"max-video-preview:-1"},"canonical":"https:\/\/wein-werte.com\/en\/product\/zehnthof-luckert-maustal-spatburgunder-grosses-gewachs-2020-750ml\/","og_locale":"en_US","og_type":"article","og_title":"Zehnthof Luckert Maustal Spatburgunder Grosses Gewachs 2020","og_description":"Buy Zehnthof Luckert Maustal Sp\u00e4tburgunder Gro\u00dfes Gew\u00e4chs 2020 - a dry Pinot Noir from Franken, Germany - at Wein Werte, your sustainable online shop.","og_url":"https:\/\/wein-werte.com\/en\/product\/zehnthof-luckert-maustal-spatburgunder-grosses-gewachs-2020-750ml\/","og_site_name":"Wein Werte","article_modified_time":"2026-05-08T18:02:40+00:00","og_image":[{"width":400,"height":1170,"url":"https:\/\/wein-werte.com\/wp-content\/uploads\/2026\/04\/Zehnthof-Luckert-Maustal-Spatburgunder-Grosses-Gewachs-2020-750ml.png","type":"image\/png"}],"twitter_card":"summary_large_image","twitter_misc":{"Est. reading time":"1 minute"},"schema":{"@context":"https:\/\/schema.org","@graph":[{"@type":"WebPage","@id":"https:\/\/wein-werte.com\/en\/product\/zehnthof-luckert-maustal-spatburgunder-grosses-gewachs-2020-750ml\/","url":"https:\/\/wein-werte.com\/en\/product\/zehnthof-luckert-maustal-spatburgunder-grosses-gewachs-2020-750ml\/","name":"Zehnthof Luckert Maustal Spatburgunder Grosses Gewachs 2020","isPartOf":{"@id":"https:\/\/wein-werte.com\/de\/#website"},"primaryImageOfPage":{"@id":"https:\/\/wein-werte.com\/en\/product\/zehnthof-luckert-maustal-spatburgunder-grosses-gewachs-2020-750ml\/#primaryimage"},"image":{"@id":"https:\/\/wein-werte.com\/en\/product\/zehnthof-luckert-maustal-spatburgunder-grosses-gewachs-2020-750ml\/#primaryimage"},"thumbnailUrl":"https:\/\/wein-werte.com\/wp-content\/uploads\/2026\/04\/Zehnthof-Luckert-Maustal-Spatburgunder-Grosses-Gewachs-2020-750ml.png","datePublished":"2026-05-08T18:02:39+00:00","dateModified":"2026-05-08T18:02:40+00:00","description":"Buy Zehnthof Luckert Maustal Sp\u00e4tburgunder Gro\u00dfes Gew\u00e4chs 2020 - a dry Pinot Noir from Franken, Germany - at Wein Werte, your sustainable online shop.","breadcrumb":{"@id":"https:\/\/wein-werte.com\/en\/product\/zehnthof-luckert-maustal-spatburgunder-grosses-gewachs-2020-750ml\/#breadcrumb"},"inLanguage":"en-US","potentialAction":[{"@type":"ReadAction","target":["https:\/\/wein-werte.com\/en\/product\/zehnthof-luckert-maustal-spatburgunder-grosses-gewachs-2020-750ml\/"]}]},{"@type":"ImageObject","inLanguage":"en-US","@id":"https:\/\/wein-werte.com\/en\/product\/zehnthof-luckert-maustal-spatburgunder-grosses-gewachs-2020-750ml\/#primaryimage","url":"https:\/\/wein-werte.com\/wp-content\/uploads\/2026\/04\/Zehnthof-Luckert-Maustal-Spatburgunder-Grosses-Gewachs-2020-750ml.png","contentUrl":"https:\/\/wein-werte.com\/wp-content\/uploads\/2026\/04\/Zehnthof-Luckert-Maustal-Spatburgunder-Grosses-Gewachs-2020-750ml.png","width":400,"height":1170,"caption":"Zehnthof Luckert Maustal Sp\u00e4tburgunder Gro\u00dfes Gew\u00e4chs 2020 750ml"},{"@type":"BreadcrumbList","@id":"https:\/\/wein-werte.com\/en\/product\/zehnthof-luckert-maustal-spatburgunder-grosses-gewachs-2020-750ml\/#breadcrumb","itemListElement":[{"@type":"ListItem","position":1,"name":"Home","item":"https:\/\/wein-werte.com\/en\/"},{"@type":"ListItem","position":2,"name":"Shop Page","item":"https:\/\/wein-werte.com\/en\/shop\/"},{"@type":"ListItem","position":3,"name":"Zehnthof Luckert | Franken | Maustal Sp\u00e4tburgunder Gro\u00dfes Gew\u00e4chs | 2020 | 750ml | bio"}]},{"@type":"WebSite","@id":"https:\/\/wein-werte.com\/de\/#website","url":"https:\/\/wein-werte.com\/de\/","name":"Wein Werte","description":"","publisher":{"@id":"https:\/\/wein-werte.com\/de\/#organization"},"potentialAction":[{"@type":"SearchAction","target":{"@type":"EntryPoint","urlTemplate":"https:\/\/wein-werte.com\/de\/?s={search_term_string}"},"query-input":{"@type":"PropertyValueSpecification","valueRequired":true,"valueName":"search_term_string"}}],"inLanguage":"en-US"},{"@type":"Organization","@id":"https:\/\/wein-werte.com\/de\/#organization","name":"Vins Fins Thorrold","url":"https:\/\/wein-werte.com\/de\/","logo":{"@type":"ImageObject","inLanguage":"en-US","@id":"https:\/\/wein-werte.com\/de\/#\/schema\/logo\/image\/","url":"https:\/\/wein-werte.com\/wp-content\/uploads\/2023\/07\/Wein_werte_Logo700-1.png","contentUrl":"https:\/\/wein-werte.com\/wp-content\/uploads\/2023\/07\/Wein_werte_Logo700-1.png","width":700,"height":272,"caption":"Vins Fins Thorrold"},"image":{"@id":"https:\/\/wein-werte.com\/de\/#\/schema\/logo\/image\/"}}]}},"_links":{"self":[{"href":"https:\/\/wein-werte.com\/en\/wp-json\/wp\/v2\/product\/1124016","targetHints":{"allow":["GET"]}}],"collection":[{"href":"https:\/\/wein-werte.com\/en\/wp-json\/wp\/v2\/product"}],"about":[{"href":"https:\/\/wein-werte.com\/en\/wp-json\/wp\/v2\/types\/product"}],"wp:featuredmedia":[{"embeddable":true,"href":"https:\/\/wein-werte.com\/en\/wp-json\/wp\/v2\/media\/1142039"}],"wp:attachment":[{"href":"https:\/\/wein-werte.com\/en\/wp-json\/wp\/v2\/media?parent=1124016"}],"wp:term":[{"taxonomy":"product_brand","embeddable":true,"href":"https:\/\/wein-werte.com\/en\/wp-json\/wp\/v2\/product_brand?post=1124016"},{"taxonomy":"product_cat","embeddable":true,"href":"https:\/\/wein-werte.com\/en\/wp-json\/wp\/v2\/product_cat?post=1124016"},{"taxonomy":"product_tag","embeddable":true,"href":"https:\/\/wein-werte.com\/en\/wp-json\/wp\/v2\/product_tag?post=1124016"}],"curies":[{"name":"wp","href":"https:\/\/api.w.org\/{rel}","templated":true}]}}