{"id":1124013,"date":"2026-05-05T18:22:59","date_gmt":"2026-05-05T16:22:59","guid":{"rendered":"https:\/\/wein-werte.com\/product\/zehnthof-luckert-maustal-riesling-grosses-gewachs-2021-750ml\/"},"modified":"2026-05-05T18:22:59","modified_gmt":"2026-05-05T16:22:59","slug":"zehnthof-luckert-maustal-riesling-grosses-gewachs-2021-750ml","status":"publish","type":"product","link":"https:\/\/wein-werte.com\/en\/product\/zehnthof-luckert-maustal-riesling-grosses-gewachs-2021-750ml\/","title":{"rendered":"Zehnthof Luckert | Franken | Maustal Riesling Gro\u00dfes Gew\u00e4chs | 2021 | 750ml | bio"},"content":{"rendered":"<p>Product description for Zehnthof Luckert Maustal Riesling Gro\u00dfes Gew\u00e4chs 2021 (bio)<\/p>\n<h5>Wine Information<\/h5>\n<p> This Riesling comes from the Maustal vineyard, a four-hectare vineyard located south of Sulzfeld am Main, facing south and southeast. The steep slope is characterized by barren and skeletal Upper Muschelkalk. The vines were planted 36 to 42 years ago. As always at the Zehnthof Luckert winery, the grapes are harvested and destemmed by hand, allowed a somewhat longer maceration period, and fermented spontaneously. Luckert&#8217;s wines are matured in classic double-barreled Spessart oak barrels. <\/p>\n<h5>Colour<\/h5>\n<p> Light straw yellow <\/p>\n<h5>Nose<\/h5>\n<p> The Maustal Riesling opens with taut notes of ash, tobacco, rock, and petrichor, herbs, and a slightly creamy and slightly citrusy note. Added to this are a few nuts, some mustard seeds, and a touch of grapefruit zest. With air and warmth, a few additional juicy stone fruit notes emerge. <\/p>\n<h5>Palate<\/h5>\n<p> On the palate, the Riesling retains this taut and cool impression, which is further emphasized by acidity and minerality. The wine practically presses itself onto the palate, appearing bone dry and grippy, salty and citrusy. This is a pure, uncompromising Grosses Gew\u00e4chs (Great Growth), yet still surprisingly charming. Perhaps this connection is created by the fine creaminess, the melting quality, and the floral notes that the Maustal simultaneously contains.<\/p>\n<p>Copyright Vinaturel 2025<\/p>\n<p>Keywords: <a href=\"https:\/\/wein-werte.com\/shop\/?swoof=1&#038;pa_producer=Luckert,-Zehnthof\">Luckert, Zehnthof<\/a> <a href=\"https:\/\/wein-werte.com\/shop\/?swoof=1&#038;woof_text=Maustal Riesling Gro\u00dfes Gew\u00e4chs\">Maustal Riesling Gro\u00dfes Gew\u00e4chs<\/a> 2021 bio <a href=\"https:\/\/wein-werte.com\/shop\/?swoof=1&#038;pa_region=Franken\">Franken<\/a> <a href=\"https:\/\/wein-werte.com\/shop\/?swoof=1&#038;pa_country=Germany\">Germany<\/a><\/p>\n<p>Producer website: <a href=\"https:\/\/www.weingut-zehnthof.de\/\" target=\"_blank\">https:\/\/www.weingut-zehnthof.de\/<\/a><\/p>\n","protected":false},"excerpt":{"rendered":"<p>Delivery time: 1 to 2 working days (DE), 2 to 5 working days (EU and CH)<\/p>\n","protected":false},"featured_media":1142029,"template":"","meta":[],"product_brand":[],"product_cat":[19],"product_tag":[],"class_list":{"0":"post-1124013","1":"product","2":"type-product","3":"status-publish","4":"has-post-thumbnail","6":"product_cat-unkategorisiert","7":"pa_alcohol-for-filter-12897","8":"pa_certified-biodynamic-no","9":"pa_certified-organic-yes","10":"pa_colour-white","11":"pa_country-germany","12":"pa_grape-riesling","13":"pa_price-for-filter-10571","14":"pa_producer-zehnthof-luckert","15":"pa_region-franken","16":"pa_size-ml-6584","17":"pa_sweetness-dry","18":"pa_type-2-still","19":"pa_vintage-6634","20":"entry","21":"has-media","23":"first","24":"instock","25":"taxable","26":"shipping-taxable","27":"purchasable","28":"product-type-simple"},"yoast_head":"<!-- This site is optimized with the Yoast SEO plugin v27.5 - https:\/\/yoast.com\/product\/yoast-seo-wordpress\/ -->\n<title>Zehnthof Luckert Maustal Riesling Grosses Gewachs 2021<\/title>\n<meta name=\"description\" content=\"Buy Zehnthof Luckert Maustal Riesling Gro\u00dfes Gew\u00e4chs 2021 - a dry Riesling from Franken, Germany - at Wein Werte, your sustainable online shop.\" \/>\n<meta name=\"robots\" content=\"index, follow, max-snippet:-1, max-image-preview:large, max-video-preview:-1\" \/>\n<link rel=\"canonical\" href=\"https:\/\/wein-werte.com\/en\/product\/zehnthof-luckert-maustal-riesling-grosses-gewachs-2021-750ml\/\" \/>\n<meta property=\"og:locale\" content=\"en_US\" \/>\n<meta property=\"og:type\" content=\"article\" \/>\n<meta property=\"og:title\" content=\"Zehnthof Luckert Maustal Riesling Grosses Gewachs 2021\" \/>\n<meta property=\"og:description\" content=\"Buy Zehnthof Luckert Maustal Riesling Gro\u00dfes Gew\u00e4chs 2021 - a dry Riesling from Franken, Germany - at Wein Werte, your sustainable online shop.\" \/>\n<meta property=\"og:url\" content=\"https:\/\/wein-werte.com\/en\/product\/zehnthof-luckert-maustal-riesling-grosses-gewachs-2021-750ml\/\" \/>\n<meta property=\"og:site_name\" content=\"Wein Werte\" \/>\n<meta property=\"og:image\" content=\"https:\/\/wein-werte.com\/wp-content\/uploads\/2026\/04\/Zehnthof-Luckert-Maustal-Riesling-Grosses-Gewachs-2021-750ml.png\" \/>\n\t<meta property=\"og:image:width\" content=\"262\" \/>\n\t<meta property=\"og:image:height\" content=\"1200\" \/>\n\t<meta property=\"og:image:type\" content=\"image\/png\" \/>\n<meta name=\"twitter:card\" content=\"summary_large_image\" \/>\n<meta name=\"twitter:label1\" content=\"Est. reading time\" \/>\n\t<meta name=\"twitter:data1\" content=\"1 minute\" \/>\n<script type=\"application\/ld+json\" class=\"yoast-schema-graph\">{\"@context\":\"https:\\\/\\\/schema.org\",\"@graph\":[{\"@type\":\"WebPage\",\"@id\":\"https:\\\/\\\/wein-werte.com\\\/en\\\/product\\\/zehnthof-luckert-maustal-riesling-grosses-gewachs-2021-750ml\\\/\",\"url\":\"https:\\\/\\\/wein-werte.com\\\/en\\\/product\\\/zehnthof-luckert-maustal-riesling-grosses-gewachs-2021-750ml\\\/\",\"name\":\"Zehnthof Luckert Maustal Riesling Grosses Gewachs 2021\",\"isPartOf\":{\"@id\":\"https:\\\/\\\/wein-werte.com\\\/de\\\/#website\"},\"primaryImageOfPage\":{\"@id\":\"https:\\\/\\\/wein-werte.com\\\/en\\\/product\\\/zehnthof-luckert-maustal-riesling-grosses-gewachs-2021-750ml\\\/#primaryimage\"},\"image\":{\"@id\":\"https:\\\/\\\/wein-werte.com\\\/en\\\/product\\\/zehnthof-luckert-maustal-riesling-grosses-gewachs-2021-750ml\\\/#primaryimage\"},\"thumbnailUrl\":\"https:\\\/\\\/wein-werte.com\\\/wp-content\\\/uploads\\\/2026\\\/04\\\/Zehnthof-Luckert-Maustal-Riesling-Grosses-Gewachs-2021-750ml.png\",\"datePublished\":\"2026-05-05T16:22:59+00:00\",\"description\":\"Buy Zehnthof Luckert Maustal Riesling Gro\u00dfes Gew\u00e4chs 2021 - a dry Riesling from Franken, Germany - at Wein Werte, your sustainable online shop.\",\"breadcrumb\":{\"@id\":\"https:\\\/\\\/wein-werte.com\\\/en\\\/product\\\/zehnthof-luckert-maustal-riesling-grosses-gewachs-2021-750ml\\\/#breadcrumb\"},\"inLanguage\":\"en-US\",\"potentialAction\":[{\"@type\":\"ReadAction\",\"target\":[\"https:\\\/\\\/wein-werte.com\\\/en\\\/product\\\/zehnthof-luckert-maustal-riesling-grosses-gewachs-2021-750ml\\\/\"]}]},{\"@type\":\"ImageObject\",\"inLanguage\":\"en-US\",\"@id\":\"https:\\\/\\\/wein-werte.com\\\/en\\\/product\\\/zehnthof-luckert-maustal-riesling-grosses-gewachs-2021-750ml\\\/#primaryimage\",\"url\":\"https:\\\/\\\/wein-werte.com\\\/wp-content\\\/uploads\\\/2026\\\/04\\\/Zehnthof-Luckert-Maustal-Riesling-Grosses-Gewachs-2021-750ml.png\",\"contentUrl\":\"https:\\\/\\\/wein-werte.com\\\/wp-content\\\/uploads\\\/2026\\\/04\\\/Zehnthof-Luckert-Maustal-Riesling-Grosses-Gewachs-2021-750ml.png\",\"width\":262,\"height\":1200,\"caption\":\"Zehnthof Luckert Maustal Riesling Gro\u00dfes Gew\u00e4chs 2021 750ml\"},{\"@type\":\"BreadcrumbList\",\"@id\":\"https:\\\/\\\/wein-werte.com\\\/en\\\/product\\\/zehnthof-luckert-maustal-riesling-grosses-gewachs-2021-750ml\\\/#breadcrumb\",\"itemListElement\":[{\"@type\":\"ListItem\",\"position\":1,\"name\":\"Home\",\"item\":\"https:\\\/\\\/wein-werte.com\\\/en\\\/\"},{\"@type\":\"ListItem\",\"position\":2,\"name\":\"Shop Page\",\"item\":\"https:\\\/\\\/wein-werte.com\\\/en\\\/shop\\\/\"},{\"@type\":\"ListItem\",\"position\":3,\"name\":\"Zehnthof Luckert | Franken | Maustal Riesling Gro\u00dfes Gew\u00e4chs | 2021 | 750ml | bio\"}]},{\"@type\":\"WebSite\",\"@id\":\"https:\\\/\\\/wein-werte.com\\\/de\\\/#website\",\"url\":\"https:\\\/\\\/wein-werte.com\\\/de\\\/\",\"name\":\"Wein Werte\",\"description\":\"\",\"publisher\":{\"@id\":\"https:\\\/\\\/wein-werte.com\\\/de\\\/#organization\"},\"potentialAction\":[{\"@type\":\"SearchAction\",\"target\":{\"@type\":\"EntryPoint\",\"urlTemplate\":\"https:\\\/\\\/wein-werte.com\\\/de\\\/?s={search_term_string}\"},\"query-input\":{\"@type\":\"PropertyValueSpecification\",\"valueRequired\":true,\"valueName\":\"search_term_string\"}}],\"inLanguage\":\"en-US\"},{\"@type\":\"Organization\",\"@id\":\"https:\\\/\\\/wein-werte.com\\\/de\\\/#organization\",\"name\":\"Vins Fins Thorrold\",\"url\":\"https:\\\/\\\/wein-werte.com\\\/de\\\/\",\"logo\":{\"@type\":\"ImageObject\",\"inLanguage\":\"en-US\",\"@id\":\"https:\\\/\\\/wein-werte.com\\\/de\\\/#\\\/schema\\\/logo\\\/image\\\/\",\"url\":\"https:\\\/\\\/wein-werte.com\\\/wp-content\\\/uploads\\\/2023\\\/07\\\/Wein_werte_Logo700-1.png\",\"contentUrl\":\"https:\\\/\\\/wein-werte.com\\\/wp-content\\\/uploads\\\/2023\\\/07\\\/Wein_werte_Logo700-1.png\",\"width\":700,\"height\":272,\"caption\":\"Vins Fins Thorrold\"},\"image\":{\"@id\":\"https:\\\/\\\/wein-werte.com\\\/de\\\/#\\\/schema\\\/logo\\\/image\\\/\"}}]}<\/script>\n<!-- \/ Yoast SEO plugin. -->","yoast_head_json":{"title":"Zehnthof Luckert Maustal Riesling Grosses Gewachs 2021","description":"Buy Zehnthof Luckert Maustal Riesling Gro\u00dfes Gew\u00e4chs 2021 - a dry Riesling from Franken, Germany - at Wein Werte, your sustainable online shop.","robots":{"index":"index","follow":"follow","max-snippet":"max-snippet:-1","max-image-preview":"max-image-preview:large","max-video-preview":"max-video-preview:-1"},"canonical":"https:\/\/wein-werte.com\/en\/product\/zehnthof-luckert-maustal-riesling-grosses-gewachs-2021-750ml\/","og_locale":"en_US","og_type":"article","og_title":"Zehnthof Luckert Maustal Riesling Grosses Gewachs 2021","og_description":"Buy Zehnthof Luckert Maustal Riesling Gro\u00dfes Gew\u00e4chs 2021 - a dry Riesling from Franken, Germany - at Wein Werte, your sustainable online shop.","og_url":"https:\/\/wein-werte.com\/en\/product\/zehnthof-luckert-maustal-riesling-grosses-gewachs-2021-750ml\/","og_site_name":"Wein Werte","og_image":[{"width":262,"height":1200,"url":"https:\/\/wein-werte.com\/wp-content\/uploads\/2026\/04\/Zehnthof-Luckert-Maustal-Riesling-Grosses-Gewachs-2021-750ml.png","type":"image\/png"}],"twitter_card":"summary_large_image","twitter_misc":{"Est. reading time":"1 minute"},"schema":{"@context":"https:\/\/schema.org","@graph":[{"@type":"WebPage","@id":"https:\/\/wein-werte.com\/en\/product\/zehnthof-luckert-maustal-riesling-grosses-gewachs-2021-750ml\/","url":"https:\/\/wein-werte.com\/en\/product\/zehnthof-luckert-maustal-riesling-grosses-gewachs-2021-750ml\/","name":"Zehnthof Luckert Maustal Riesling Grosses Gewachs 2021","isPartOf":{"@id":"https:\/\/wein-werte.com\/de\/#website"},"primaryImageOfPage":{"@id":"https:\/\/wein-werte.com\/en\/product\/zehnthof-luckert-maustal-riesling-grosses-gewachs-2021-750ml\/#primaryimage"},"image":{"@id":"https:\/\/wein-werte.com\/en\/product\/zehnthof-luckert-maustal-riesling-grosses-gewachs-2021-750ml\/#primaryimage"},"thumbnailUrl":"https:\/\/wein-werte.com\/wp-content\/uploads\/2026\/04\/Zehnthof-Luckert-Maustal-Riesling-Grosses-Gewachs-2021-750ml.png","datePublished":"2026-05-05T16:22:59+00:00","description":"Buy Zehnthof Luckert Maustal Riesling Gro\u00dfes Gew\u00e4chs 2021 - a dry Riesling from Franken, Germany - at Wein Werte, your sustainable online shop.","breadcrumb":{"@id":"https:\/\/wein-werte.com\/en\/product\/zehnthof-luckert-maustal-riesling-grosses-gewachs-2021-750ml\/#breadcrumb"},"inLanguage":"en-US","potentialAction":[{"@type":"ReadAction","target":["https:\/\/wein-werte.com\/en\/product\/zehnthof-luckert-maustal-riesling-grosses-gewachs-2021-750ml\/"]}]},{"@type":"ImageObject","inLanguage":"en-US","@id":"https:\/\/wein-werte.com\/en\/product\/zehnthof-luckert-maustal-riesling-grosses-gewachs-2021-750ml\/#primaryimage","url":"https:\/\/wein-werte.com\/wp-content\/uploads\/2026\/04\/Zehnthof-Luckert-Maustal-Riesling-Grosses-Gewachs-2021-750ml.png","contentUrl":"https:\/\/wein-werte.com\/wp-content\/uploads\/2026\/04\/Zehnthof-Luckert-Maustal-Riesling-Grosses-Gewachs-2021-750ml.png","width":262,"height":1200,"caption":"Zehnthof Luckert Maustal Riesling Gro\u00dfes Gew\u00e4chs 2021 750ml"},{"@type":"BreadcrumbList","@id":"https:\/\/wein-werte.com\/en\/product\/zehnthof-luckert-maustal-riesling-grosses-gewachs-2021-750ml\/#breadcrumb","itemListElement":[{"@type":"ListItem","position":1,"name":"Home","item":"https:\/\/wein-werte.com\/en\/"},{"@type":"ListItem","position":2,"name":"Shop Page","item":"https:\/\/wein-werte.com\/en\/shop\/"},{"@type":"ListItem","position":3,"name":"Zehnthof Luckert | Franken | Maustal Riesling Gro\u00dfes Gew\u00e4chs | 2021 | 750ml | bio"}]},{"@type":"WebSite","@id":"https:\/\/wein-werte.com\/de\/#website","url":"https:\/\/wein-werte.com\/de\/","name":"Wein Werte","description":"","publisher":{"@id":"https:\/\/wein-werte.com\/de\/#organization"},"potentialAction":[{"@type":"SearchAction","target":{"@type":"EntryPoint","urlTemplate":"https:\/\/wein-werte.com\/de\/?s={search_term_string}"},"query-input":{"@type":"PropertyValueSpecification","valueRequired":true,"valueName":"search_term_string"}}],"inLanguage":"en-US"},{"@type":"Organization","@id":"https:\/\/wein-werte.com\/de\/#organization","name":"Vins Fins Thorrold","url":"https:\/\/wein-werte.com\/de\/","logo":{"@type":"ImageObject","inLanguage":"en-US","@id":"https:\/\/wein-werte.com\/de\/#\/schema\/logo\/image\/","url":"https:\/\/wein-werte.com\/wp-content\/uploads\/2023\/07\/Wein_werte_Logo700-1.png","contentUrl":"https:\/\/wein-werte.com\/wp-content\/uploads\/2023\/07\/Wein_werte_Logo700-1.png","width":700,"height":272,"caption":"Vins Fins Thorrold"},"image":{"@id":"https:\/\/wein-werte.com\/de\/#\/schema\/logo\/image\/"}}]}},"_links":{"self":[{"href":"https:\/\/wein-werte.com\/en\/wp-json\/wp\/v2\/product\/1124013","targetHints":{"allow":["GET"]}}],"collection":[{"href":"https:\/\/wein-werte.com\/en\/wp-json\/wp\/v2\/product"}],"about":[{"href":"https:\/\/wein-werte.com\/en\/wp-json\/wp\/v2\/types\/product"}],"wp:featuredmedia":[{"embeddable":true,"href":"https:\/\/wein-werte.com\/en\/wp-json\/wp\/v2\/media\/1142029"}],"wp:attachment":[{"href":"https:\/\/wein-werte.com\/en\/wp-json\/wp\/v2\/media?parent=1124013"}],"wp:term":[{"taxonomy":"product_brand","embeddable":true,"href":"https:\/\/wein-werte.com\/en\/wp-json\/wp\/v2\/product_brand?post=1124013"},{"taxonomy":"product_cat","embeddable":true,"href":"https:\/\/wein-werte.com\/en\/wp-json\/wp\/v2\/product_cat?post=1124013"},{"taxonomy":"product_tag","embeddable":true,"href":"https:\/\/wein-werte.com\/en\/wp-json\/wp\/v2\/product_tag?post=1124013"}],"curies":[{"name":"wp","href":"https:\/\/api.w.org\/{rel}","templated":true}]}}