{"id":1123990,"date":"2026-05-05T18:22:54","date_gmt":"2026-05-05T16:22:54","guid":{"rendered":"https:\/\/wein-werte.com\/product\/christmann-idig-konigsbach-riesling-grosses-gewachs-2023-1500ml\/"},"modified":"2026-05-05T18:22:54","modified_gmt":"2026-05-05T16:22:54","slug":"christmann-idig-konigsbach-riesling-grosses-gewachs-2023-1500ml","status":"publish","type":"product","link":"https:\/\/wein-werte.com\/en\/product\/christmann-idig-konigsbach-riesling-grosses-gewachs-2023-1500ml\/","title":{"rendered":"Christmann | Pfalz | IDIG K\u00f6nigsbach Riesling Grosses Gew\u00e4chs | 2023 | 1500ml | bio"},"content":{"rendered":"<p>Product description for Christmann IDIG K\u00f6nigsbach Riesling Grosses Gew\u00e4chs 2023 (bio)<\/p>\n<h5>Wine Information<\/h5>\n<p> The Idig vineyard is the heart of the Christmann winery. First mentioned in the 14th century, it remains an undivided, four-hectare monopoly site to this day. The slope slopes steeply to the south-southeast and is characterized by a massive limestone subsoil and a Terra Fusca limestone scree layer with red sandstone scree and basalt. The Idig can certainly be counted among the few truly Grand Cru vineyards that Germany has to offer. The juice was left on the skins for several hours, fermented spontaneously and at a relatively warm temperature, and aged in large double-barreled casks. <\/p>\n<h5>Colour<\/h5>\n<p> Platinum <\/p>\n<h5>Nose<\/h5>\n<p> The 2023 K\u00f6nigsbach Idig strikes me as considerably more open than 2021 or 2022. From the outset, it presents itself as cool, chalky, with herbal and then increasingly floral aromas, with fine white-fleshed fruit. Above this lies a slight reduction, below which lies a blend of bergamot, a lime that becomes more and more lemony with air, a hint of quince and apricot. <\/p>\n<h5>Palate<\/h5>\n<p> On the palate, the Idig has a lot of play, is juicy, bright, stony, and slightly zesty, but even here unusually charming and open. Finally, it becomes increasingly electrifying, with pleasant firmness and great length, salty minerality, and a gripping freshness and acidity of lemons. It is a wine of great concentration, but one that packages it with a light, airy flavour. What an unusually youthful and charming Idig and what a great wine!<\/p>\n<p>Copyright Vinaturel 2025<\/p>\n<p>Keywords: <a href=\"https:\/\/wein-werte.com\/shop\/?swoof=1&#038;pa_producer=Christmann\">Christmann<\/a> <a href=\"https:\/\/wein-werte.com\/shop\/?swoof=1&#038;woof_text=IDIG K\u00f6nigsbach Riesling Grosses Gew\u00e4chs\">IDIG K\u00f6nigsbach Riesling Grosses Gew\u00e4chs<\/a> 2023 bio <a href=\"https:\/\/wein-werte.com\/shop\/?swoof=1&#038;pa_region=Pfalz\">Pfalz<\/a> <a href=\"https:\/\/wein-werte.com\/shop\/?swoof=1&#038;pa_country=Germany\">Germany<\/a><\/p>\n<p>Producer website: <a href=\"https:\/\/weingut-christmann.de\/en\/\" target=\"_blank\">https:\/\/weingut-christmann.de\/en\/<\/a><\/p>\n","protected":false},"excerpt":{"rendered":"<p>Delivery time: 1 to 2 working days (DE), 2 to 5 working days (EU and CH)<\/p>\n","protected":false},"featured_media":1141939,"template":"","meta":[],"product_brand":[],"product_cat":[19],"product_tag":[],"class_list":{"0":"post-1123990","1":"product","2":"type-product","3":"status-publish","4":"has-post-thumbnail","6":"product_cat-unkategorisiert","7":"pa_alcohol-for-filter-12893","8":"pa_certified-biodynamic-yes","9":"pa_certified-organic-yes","10":"pa_colour-white","11":"pa_country-germany","12":"pa_grape-riesling","13":"pa_price-for-filter-10646","14":"pa_producer-christmann","15":"pa_region-pfalz","16":"pa_size-ml-6657","17":"pa_sweetness-dry","18":"pa_type-2-still","19":"pa_vintage-12619","20":"entry","21":"has-media","23":"first","24":"instock","25":"taxable","26":"shipping-taxable","27":"purchasable","28":"product-type-simple"},"yoast_head":"<!-- This site is optimized with the Yoast SEO plugin v27.5 - https:\/\/yoast.com\/product\/yoast-seo-wordpress\/ -->\n<title>Christmann IDIG Konigsbach Riesling Grosses Gewachs 2023, 1500ml<\/title>\n<meta name=\"description\" content=\"Buy Christmann IDIG K\u00f6nigsbach Riesling Grosses Gew\u00e4chs 2023 - a dry Riesling from Pfalz, Germany - at Wein Werte, your sustainable online shop.\" \/>\n<meta name=\"robots\" content=\"index, follow, max-snippet:-1, max-image-preview:large, max-video-preview:-1\" \/>\n<link rel=\"canonical\" href=\"https:\/\/wein-werte.com\/en\/product\/christmann-idig-konigsbach-riesling-grosses-gewachs-2023-1500ml\/\" \/>\n<meta property=\"og:locale\" content=\"en_US\" \/>\n<meta property=\"og:type\" content=\"article\" \/>\n<meta property=\"og:title\" content=\"Christmann IDIG Konigsbach Riesling Grosses Gewachs 2023, 1500ml\" \/>\n<meta property=\"og:description\" content=\"Buy Christmann IDIG K\u00f6nigsbach Riesling Grosses Gew\u00e4chs 2023 - a dry Riesling from Pfalz, Germany - at Wein Werte, your sustainable online shop.\" \/>\n<meta property=\"og:url\" content=\"https:\/\/wein-werte.com\/en\/product\/christmann-idig-konigsbach-riesling-grosses-gewachs-2023-1500ml\/\" \/>\n<meta property=\"og:site_name\" content=\"Wein Werte\" \/>\n<meta property=\"og:image\" content=\"https:\/\/wein-werte.com\/wp-content\/uploads\/2026\/04\/Christmann-IDIG-Konigsbach-Riesling-Grosses-Gewachs-2023-1500ml.png\" \/>\n\t<meta property=\"og:image:width\" content=\"231\" \/>\n\t<meta property=\"og:image:height\" content=\"1200\" \/>\n\t<meta property=\"og:image:type\" content=\"image\/png\" \/>\n<meta name=\"twitter:card\" content=\"summary_large_image\" \/>\n<meta name=\"twitter:label1\" content=\"Est. reading time\" \/>\n\t<meta name=\"twitter:data1\" content=\"1 minute\" \/>\n<script type=\"application\/ld+json\" class=\"yoast-schema-graph\">{\"@context\":\"https:\\\/\\\/schema.org\",\"@graph\":[{\"@type\":\"WebPage\",\"@id\":\"https:\\\/\\\/wein-werte.com\\\/en\\\/product\\\/christmann-idig-konigsbach-riesling-grosses-gewachs-2023-1500ml\\\/\",\"url\":\"https:\\\/\\\/wein-werte.com\\\/en\\\/product\\\/christmann-idig-konigsbach-riesling-grosses-gewachs-2023-1500ml\\\/\",\"name\":\"Christmann IDIG Konigsbach Riesling Grosses Gewachs 2023, 1500ml\",\"isPartOf\":{\"@id\":\"https:\\\/\\\/wein-werte.com\\\/de\\\/#website\"},\"primaryImageOfPage\":{\"@id\":\"https:\\\/\\\/wein-werte.com\\\/en\\\/product\\\/christmann-idig-konigsbach-riesling-grosses-gewachs-2023-1500ml\\\/#primaryimage\"},\"image\":{\"@id\":\"https:\\\/\\\/wein-werte.com\\\/en\\\/product\\\/christmann-idig-konigsbach-riesling-grosses-gewachs-2023-1500ml\\\/#primaryimage\"},\"thumbnailUrl\":\"https:\\\/\\\/wein-werte.com\\\/wp-content\\\/uploads\\\/2026\\\/04\\\/Christmann-IDIG-Konigsbach-Riesling-Grosses-Gewachs-2023-1500ml.png\",\"datePublished\":\"2026-05-05T16:22:54+00:00\",\"description\":\"Buy Christmann IDIG K\u00f6nigsbach Riesling Grosses Gew\u00e4chs 2023 - a dry Riesling from Pfalz, Germany - at Wein Werte, your sustainable online shop.\",\"breadcrumb\":{\"@id\":\"https:\\\/\\\/wein-werte.com\\\/en\\\/product\\\/christmann-idig-konigsbach-riesling-grosses-gewachs-2023-1500ml\\\/#breadcrumb\"},\"inLanguage\":\"en-US\",\"potentialAction\":[{\"@type\":\"ReadAction\",\"target\":[\"https:\\\/\\\/wein-werte.com\\\/en\\\/product\\\/christmann-idig-konigsbach-riesling-grosses-gewachs-2023-1500ml\\\/\"]}]},{\"@type\":\"ImageObject\",\"inLanguage\":\"en-US\",\"@id\":\"https:\\\/\\\/wein-werte.com\\\/en\\\/product\\\/christmann-idig-konigsbach-riesling-grosses-gewachs-2023-1500ml\\\/#primaryimage\",\"url\":\"https:\\\/\\\/wein-werte.com\\\/wp-content\\\/uploads\\\/2026\\\/04\\\/Christmann-IDIG-Konigsbach-Riesling-Grosses-Gewachs-2023-1500ml.png\",\"contentUrl\":\"https:\\\/\\\/wein-werte.com\\\/wp-content\\\/uploads\\\/2026\\\/04\\\/Christmann-IDIG-Konigsbach-Riesling-Grosses-Gewachs-2023-1500ml.png\",\"width\":231,\"height\":1200,\"caption\":\"Christmann IDIG K\u00f6nigsbach Riesling Grosses Gew\u00e4chs 2023 1500ml\"},{\"@type\":\"BreadcrumbList\",\"@id\":\"https:\\\/\\\/wein-werte.com\\\/en\\\/product\\\/christmann-idig-konigsbach-riesling-grosses-gewachs-2023-1500ml\\\/#breadcrumb\",\"itemListElement\":[{\"@type\":\"ListItem\",\"position\":1,\"name\":\"Home\",\"item\":\"https:\\\/\\\/wein-werte.com\\\/en\\\/\"},{\"@type\":\"ListItem\",\"position\":2,\"name\":\"Shop Page\",\"item\":\"https:\\\/\\\/wein-werte.com\\\/en\\\/shop\\\/\"},{\"@type\":\"ListItem\",\"position\":3,\"name\":\"Christmann | Pfalz | IDIG K\u00f6nigsbach Riesling Grosses Gew\u00e4chs | 2023 | 1500ml | bio\"}]},{\"@type\":\"WebSite\",\"@id\":\"https:\\\/\\\/wein-werte.com\\\/de\\\/#website\",\"url\":\"https:\\\/\\\/wein-werte.com\\\/de\\\/\",\"name\":\"Wein Werte\",\"description\":\"\",\"publisher\":{\"@id\":\"https:\\\/\\\/wein-werte.com\\\/de\\\/#organization\"},\"potentialAction\":[{\"@type\":\"SearchAction\",\"target\":{\"@type\":\"EntryPoint\",\"urlTemplate\":\"https:\\\/\\\/wein-werte.com\\\/de\\\/?s={search_term_string}\"},\"query-input\":{\"@type\":\"PropertyValueSpecification\",\"valueRequired\":true,\"valueName\":\"search_term_string\"}}],\"inLanguage\":\"en-US\"},{\"@type\":\"Organization\",\"@id\":\"https:\\\/\\\/wein-werte.com\\\/de\\\/#organization\",\"name\":\"Vins Fins Thorrold\",\"url\":\"https:\\\/\\\/wein-werte.com\\\/de\\\/\",\"logo\":{\"@type\":\"ImageObject\",\"inLanguage\":\"en-US\",\"@id\":\"https:\\\/\\\/wein-werte.com\\\/de\\\/#\\\/schema\\\/logo\\\/image\\\/\",\"url\":\"https:\\\/\\\/wein-werte.com\\\/wp-content\\\/uploads\\\/2023\\\/07\\\/Wein_werte_Logo700-1.png\",\"contentUrl\":\"https:\\\/\\\/wein-werte.com\\\/wp-content\\\/uploads\\\/2023\\\/07\\\/Wein_werte_Logo700-1.png\",\"width\":700,\"height\":272,\"caption\":\"Vins Fins Thorrold\"},\"image\":{\"@id\":\"https:\\\/\\\/wein-werte.com\\\/de\\\/#\\\/schema\\\/logo\\\/image\\\/\"}}]}<\/script>\n<!-- \/ Yoast SEO plugin. -->","yoast_head_json":{"title":"Christmann IDIG Konigsbach Riesling Grosses Gewachs 2023, 1500ml","description":"Buy Christmann IDIG K\u00f6nigsbach Riesling Grosses Gew\u00e4chs 2023 - a dry Riesling from Pfalz, Germany - at Wein Werte, your sustainable online shop.","robots":{"index":"index","follow":"follow","max-snippet":"max-snippet:-1","max-image-preview":"max-image-preview:large","max-video-preview":"max-video-preview:-1"},"canonical":"https:\/\/wein-werte.com\/en\/product\/christmann-idig-konigsbach-riesling-grosses-gewachs-2023-1500ml\/","og_locale":"en_US","og_type":"article","og_title":"Christmann IDIG Konigsbach Riesling Grosses Gewachs 2023, 1500ml","og_description":"Buy Christmann IDIG K\u00f6nigsbach Riesling Grosses Gew\u00e4chs 2023 - a dry Riesling from Pfalz, Germany - at Wein Werte, your sustainable online shop.","og_url":"https:\/\/wein-werte.com\/en\/product\/christmann-idig-konigsbach-riesling-grosses-gewachs-2023-1500ml\/","og_site_name":"Wein Werte","og_image":[{"width":231,"height":1200,"url":"https:\/\/wein-werte.com\/wp-content\/uploads\/2026\/04\/Christmann-IDIG-Konigsbach-Riesling-Grosses-Gewachs-2023-1500ml.png","type":"image\/png"}],"twitter_card":"summary_large_image","twitter_misc":{"Est. reading time":"1 minute"},"schema":{"@context":"https:\/\/schema.org","@graph":[{"@type":"WebPage","@id":"https:\/\/wein-werte.com\/en\/product\/christmann-idig-konigsbach-riesling-grosses-gewachs-2023-1500ml\/","url":"https:\/\/wein-werte.com\/en\/product\/christmann-idig-konigsbach-riesling-grosses-gewachs-2023-1500ml\/","name":"Christmann IDIG Konigsbach Riesling Grosses Gewachs 2023, 1500ml","isPartOf":{"@id":"https:\/\/wein-werte.com\/de\/#website"},"primaryImageOfPage":{"@id":"https:\/\/wein-werte.com\/en\/product\/christmann-idig-konigsbach-riesling-grosses-gewachs-2023-1500ml\/#primaryimage"},"image":{"@id":"https:\/\/wein-werte.com\/en\/product\/christmann-idig-konigsbach-riesling-grosses-gewachs-2023-1500ml\/#primaryimage"},"thumbnailUrl":"https:\/\/wein-werte.com\/wp-content\/uploads\/2026\/04\/Christmann-IDIG-Konigsbach-Riesling-Grosses-Gewachs-2023-1500ml.png","datePublished":"2026-05-05T16:22:54+00:00","description":"Buy Christmann IDIG K\u00f6nigsbach Riesling Grosses Gew\u00e4chs 2023 - a dry Riesling from Pfalz, Germany - at Wein Werte, your sustainable online shop.","breadcrumb":{"@id":"https:\/\/wein-werte.com\/en\/product\/christmann-idig-konigsbach-riesling-grosses-gewachs-2023-1500ml\/#breadcrumb"},"inLanguage":"en-US","potentialAction":[{"@type":"ReadAction","target":["https:\/\/wein-werte.com\/en\/product\/christmann-idig-konigsbach-riesling-grosses-gewachs-2023-1500ml\/"]}]},{"@type":"ImageObject","inLanguage":"en-US","@id":"https:\/\/wein-werte.com\/en\/product\/christmann-idig-konigsbach-riesling-grosses-gewachs-2023-1500ml\/#primaryimage","url":"https:\/\/wein-werte.com\/wp-content\/uploads\/2026\/04\/Christmann-IDIG-Konigsbach-Riesling-Grosses-Gewachs-2023-1500ml.png","contentUrl":"https:\/\/wein-werte.com\/wp-content\/uploads\/2026\/04\/Christmann-IDIG-Konigsbach-Riesling-Grosses-Gewachs-2023-1500ml.png","width":231,"height":1200,"caption":"Christmann IDIG K\u00f6nigsbach Riesling Grosses Gew\u00e4chs 2023 1500ml"},{"@type":"BreadcrumbList","@id":"https:\/\/wein-werte.com\/en\/product\/christmann-idig-konigsbach-riesling-grosses-gewachs-2023-1500ml\/#breadcrumb","itemListElement":[{"@type":"ListItem","position":1,"name":"Home","item":"https:\/\/wein-werte.com\/en\/"},{"@type":"ListItem","position":2,"name":"Shop Page","item":"https:\/\/wein-werte.com\/en\/shop\/"},{"@type":"ListItem","position":3,"name":"Christmann | Pfalz | IDIG K\u00f6nigsbach Riesling Grosses Gew\u00e4chs | 2023 | 1500ml | bio"}]},{"@type":"WebSite","@id":"https:\/\/wein-werte.com\/de\/#website","url":"https:\/\/wein-werte.com\/de\/","name":"Wein Werte","description":"","publisher":{"@id":"https:\/\/wein-werte.com\/de\/#organization"},"potentialAction":[{"@type":"SearchAction","target":{"@type":"EntryPoint","urlTemplate":"https:\/\/wein-werte.com\/de\/?s={search_term_string}"},"query-input":{"@type":"PropertyValueSpecification","valueRequired":true,"valueName":"search_term_string"}}],"inLanguage":"en-US"},{"@type":"Organization","@id":"https:\/\/wein-werte.com\/de\/#organization","name":"Vins Fins Thorrold","url":"https:\/\/wein-werte.com\/de\/","logo":{"@type":"ImageObject","inLanguage":"en-US","@id":"https:\/\/wein-werte.com\/de\/#\/schema\/logo\/image\/","url":"https:\/\/wein-werte.com\/wp-content\/uploads\/2023\/07\/Wein_werte_Logo700-1.png","contentUrl":"https:\/\/wein-werte.com\/wp-content\/uploads\/2023\/07\/Wein_werte_Logo700-1.png","width":700,"height":272,"caption":"Vins Fins Thorrold"},"image":{"@id":"https:\/\/wein-werte.com\/de\/#\/schema\/logo\/image\/"}}]}},"_links":{"self":[{"href":"https:\/\/wein-werte.com\/en\/wp-json\/wp\/v2\/product\/1123990","targetHints":{"allow":["GET"]}}],"collection":[{"href":"https:\/\/wein-werte.com\/en\/wp-json\/wp\/v2\/product"}],"about":[{"href":"https:\/\/wein-werte.com\/en\/wp-json\/wp\/v2\/types\/product"}],"wp:featuredmedia":[{"embeddable":true,"href":"https:\/\/wein-werte.com\/en\/wp-json\/wp\/v2\/media\/1141939"}],"wp:attachment":[{"href":"https:\/\/wein-werte.com\/en\/wp-json\/wp\/v2\/media?parent=1123990"}],"wp:term":[{"taxonomy":"product_brand","embeddable":true,"href":"https:\/\/wein-werte.com\/en\/wp-json\/wp\/v2\/product_brand?post=1123990"},{"taxonomy":"product_cat","embeddable":true,"href":"https:\/\/wein-werte.com\/en\/wp-json\/wp\/v2\/product_cat?post=1123990"},{"taxonomy":"product_tag","embeddable":true,"href":"https:\/\/wein-werte.com\/en\/wp-json\/wp\/v2\/product_tag?post=1123990"}],"curies":[{"name":"wp","href":"https:\/\/api.w.org\/{rel}","templated":true}]}}