{"id":1123987,"date":"2026-05-05T18:22:53","date_gmt":"2026-05-05T16:22:53","guid":{"rendered":"https:\/\/wein-werte.com\/product\/christmann-olberg-hart-konigsbach-riesling-grosses-gewachs-2023-750ml\/"},"modified":"2026-05-05T18:22:54","modified_gmt":"2026-05-05T16:22:54","slug":"christmann-olberg-hart-konigsbach-riesling-grosses-gewachs-2023-750ml","status":"publish","type":"product","link":"https:\/\/wein-werte.com\/en\/product\/christmann-olberg-hart-konigsbach-riesling-grosses-gewachs-2023-750ml\/","title":{"rendered":"Christmann | Pfalz | \u00d6lberg-Hart K\u00f6nigsbach Riesling Grosses Gew\u00e4chs | 2023 | 750ml | bio"},"content":{"rendered":"<p>Product description for Christmann \u00d6lberg-Hart K\u00f6nigsbach Riesling Grosses Gew\u00e4chs 2023 (bio)<\/p>\n<h5>Wine Information<\/h5>\n<p> Hart refers to the core of the \u00d6lberg vineyard in K\u00f6nigsbach, around the \u00d6lberg Wayside Chapel. The parcel was classified as a VDP Grosse Lage (VDP Grosse Lage) in 2013. Until this vintage, the auction wine came from the oldest part of the vineyard. Now, even the younger vines have reached a good age, allowing the Christmanns to produce a Riesling GG from the entire vineyard. Like that of Idig, the soil is characterized by tertiary limestone marl, known as terra fusca, mixed with red sandstone scree in the topsoil. The juice stood on the skins for several hours, fermented spontaneously and at a relatively high temperature, and aged in large double-barreled barrels. <\/p>\n<h5>Colour<\/h5>\n<p> Platinum <\/p>\n<h5>Nose<\/h5>\n<p> This year, the 2023 \u00d6lberg-Hart has a slightly more fruity aroma than in previous years, but it is still very fine, sensual, and subtle. There are peach blossoms, some yellow plum and apple, lemons, and mirabelle plums, all blending with smoke, a touch of graphite, and lime. <\/p>\n<h5>Palate<\/h5>\n<p> On the palate, the wine sheds some of its reserve and reveals its charming character in the form of a silky texture with mirabelle plum and apricot fruit, counterpointed by a dark, stony, and slightly phenolic component. It is a serious wine, yet by no means austere, and I greatly appreciate its texture, which transitions from cream to fine sandpaper.<\/p>\n<p>Copyright Vinaturel 2025<\/p>\n<p>Keywords: <a href=\"https:\/\/wein-werte.com\/shop\/?swoof=1&#038;pa_producer=Christmann\">Christmann<\/a> <a href=\"https:\/\/wein-werte.com\/shop\/?swoof=1&#038;woof_text=\u00d6lberg-Hart K\u00f6nigsbach Riesling Grosses Gew\u00e4chs\">\u00d6lberg-Hart K\u00f6nigsbach Riesling Grosses Gew\u00e4chs<\/a> 2023 bio <a href=\"https:\/\/wein-werte.com\/shop\/?swoof=1&#038;pa_region=Pfalz\">Pfalz<\/a> <a href=\"https:\/\/wein-werte.com\/shop\/?swoof=1&#038;pa_country=Germany\">Germany<\/a><\/p>\n<p>Producer website: <a href=\"https:\/\/weingut-christmann.de\/en\/\" target=\"_blank\">https:\/\/weingut-christmann.de\/en\/<\/a><\/p>\n","protected":false},"excerpt":{"rendered":"<p>Delivery time: 1 to 2 working days (DE), 2 to 5 working days (EU and CH)<\/p>\n","protected":false},"featured_media":1141927,"template":"","meta":[],"product_brand":[],"product_cat":[19],"product_tag":[],"class_list":{"0":"post-1123987","1":"product","2":"type-product","3":"status-publish","4":"has-post-thumbnail","6":"product_cat-unkategorisiert","7":"pa_alcohol-for-filter-12893","8":"pa_certified-biodynamic-yes","9":"pa_certified-organic-yes","10":"pa_colour-white","11":"pa_country-germany","12":"pa_grape-riesling","13":"pa_price-for-filter-10663","14":"pa_producer-christmann","15":"pa_region-pfalz","16":"pa_size-ml-6584","17":"pa_sweetness-dry","18":"pa_type-2-still","19":"pa_vintage-12619","20":"entry","21":"has-media","23":"first","24":"instock","25":"taxable","26":"shipping-taxable","27":"purchasable","28":"product-type-simple"},"yoast_head":"<!-- This site is optimized with the Yoast SEO plugin v27.5 - https:\/\/yoast.com\/product\/yoast-seo-wordpress\/ -->\n<title>Christmann Olberg-Hart Konigsbach Riesling Grosses Gewachs 2023<\/title>\n<meta name=\"description\" content=\"Buy Christmann \u00d6lberg-Hart K\u00f6nigsbach Riesling Grosses Gew\u00e4chs 2023 - a dry Riesling from Pfalz, Germany - at Wein Werte, your sustainable online shop.\" \/>\n<meta name=\"robots\" content=\"index, follow, max-snippet:-1, max-image-preview:large, max-video-preview:-1\" \/>\n<link rel=\"canonical\" href=\"https:\/\/wein-werte.com\/en\/product\/christmann-olberg-hart-konigsbach-riesling-grosses-gewachs-2023-750ml\/\" \/>\n<meta property=\"og:locale\" content=\"en_US\" \/>\n<meta property=\"og:type\" content=\"article\" \/>\n<meta property=\"og:title\" content=\"Christmann Olberg-Hart Konigsbach Riesling Grosses Gewachs 2023\" \/>\n<meta property=\"og:description\" content=\"Buy Christmann \u00d6lberg-Hart K\u00f6nigsbach Riesling Grosses Gew\u00e4chs 2023 - a dry Riesling from Pfalz, Germany - at Wein Werte, your sustainable online shop.\" \/>\n<meta property=\"og:url\" content=\"https:\/\/wein-werte.com\/en\/product\/christmann-olberg-hart-konigsbach-riesling-grosses-gewachs-2023-750ml\/\" \/>\n<meta property=\"og:site_name\" content=\"Wein Werte\" \/>\n<meta property=\"article:modified_time\" content=\"2026-05-05T16:22:54+00:00\" \/>\n<meta property=\"og:image\" content=\"https:\/\/wein-werte.com\/wp-content\/uploads\/2026\/04\/Christmann-Olberg-Hart-Konigsbach-Riesling-Grosses-Gewachs-2023-750ml.png\" \/>\n\t<meta property=\"og:image:width\" content=\"255\" \/>\n\t<meta property=\"og:image:height\" content=\"1200\" \/>\n\t<meta property=\"og:image:type\" content=\"image\/png\" \/>\n<meta name=\"twitter:card\" content=\"summary_large_image\" \/>\n<meta name=\"twitter:label1\" content=\"Est. reading time\" \/>\n\t<meta name=\"twitter:data1\" content=\"1 minute\" \/>\n<script type=\"application\/ld+json\" class=\"yoast-schema-graph\">{\"@context\":\"https:\\\/\\\/schema.org\",\"@graph\":[{\"@type\":\"WebPage\",\"@id\":\"https:\\\/\\\/wein-werte.com\\\/en\\\/product\\\/christmann-olberg-hart-konigsbach-riesling-grosses-gewachs-2023-750ml\\\/\",\"url\":\"https:\\\/\\\/wein-werte.com\\\/en\\\/product\\\/christmann-olberg-hart-konigsbach-riesling-grosses-gewachs-2023-750ml\\\/\",\"name\":\"Christmann Olberg-Hart Konigsbach Riesling Grosses Gewachs 2023\",\"isPartOf\":{\"@id\":\"https:\\\/\\\/wein-werte.com\\\/de\\\/#website\"},\"primaryImageOfPage\":{\"@id\":\"https:\\\/\\\/wein-werte.com\\\/en\\\/product\\\/christmann-olberg-hart-konigsbach-riesling-grosses-gewachs-2023-750ml\\\/#primaryimage\"},\"image\":{\"@id\":\"https:\\\/\\\/wein-werte.com\\\/en\\\/product\\\/christmann-olberg-hart-konigsbach-riesling-grosses-gewachs-2023-750ml\\\/#primaryimage\"},\"thumbnailUrl\":\"https:\\\/\\\/wein-werte.com\\\/wp-content\\\/uploads\\\/2026\\\/04\\\/Christmann-Olberg-Hart-Konigsbach-Riesling-Grosses-Gewachs-2023-750ml.png\",\"datePublished\":\"2026-05-05T16:22:53+00:00\",\"dateModified\":\"2026-05-05T16:22:54+00:00\",\"description\":\"Buy Christmann \u00d6lberg-Hart K\u00f6nigsbach Riesling Grosses Gew\u00e4chs 2023 - a dry Riesling from Pfalz, Germany - at Wein Werte, your sustainable online shop.\",\"breadcrumb\":{\"@id\":\"https:\\\/\\\/wein-werte.com\\\/en\\\/product\\\/christmann-olberg-hart-konigsbach-riesling-grosses-gewachs-2023-750ml\\\/#breadcrumb\"},\"inLanguage\":\"en-US\",\"potentialAction\":[{\"@type\":\"ReadAction\",\"target\":[\"https:\\\/\\\/wein-werte.com\\\/en\\\/product\\\/christmann-olberg-hart-konigsbach-riesling-grosses-gewachs-2023-750ml\\\/\"]}]},{\"@type\":\"ImageObject\",\"inLanguage\":\"en-US\",\"@id\":\"https:\\\/\\\/wein-werte.com\\\/en\\\/product\\\/christmann-olberg-hart-konigsbach-riesling-grosses-gewachs-2023-750ml\\\/#primaryimage\",\"url\":\"https:\\\/\\\/wein-werte.com\\\/wp-content\\\/uploads\\\/2026\\\/04\\\/Christmann-Olberg-Hart-Konigsbach-Riesling-Grosses-Gewachs-2023-750ml.png\",\"contentUrl\":\"https:\\\/\\\/wein-werte.com\\\/wp-content\\\/uploads\\\/2026\\\/04\\\/Christmann-Olberg-Hart-Konigsbach-Riesling-Grosses-Gewachs-2023-750ml.png\",\"width\":255,\"height\":1200,\"caption\":\"Christmann \u00d6lberg-Hart K\u00f6nigsbach Riesling Grosses Gew\u00e4chs 2023 750ml\"},{\"@type\":\"BreadcrumbList\",\"@id\":\"https:\\\/\\\/wein-werte.com\\\/en\\\/product\\\/christmann-olberg-hart-konigsbach-riesling-grosses-gewachs-2023-750ml\\\/#breadcrumb\",\"itemListElement\":[{\"@type\":\"ListItem\",\"position\":1,\"name\":\"Home\",\"item\":\"https:\\\/\\\/wein-werte.com\\\/en\\\/\"},{\"@type\":\"ListItem\",\"position\":2,\"name\":\"Shop Page\",\"item\":\"https:\\\/\\\/wein-werte.com\\\/en\\\/shop\\\/\"},{\"@type\":\"ListItem\",\"position\":3,\"name\":\"Christmann | Pfalz | \u00d6lberg-Hart K\u00f6nigsbach Riesling Grosses Gew\u00e4chs | 2023 | 750ml | bio\"}]},{\"@type\":\"WebSite\",\"@id\":\"https:\\\/\\\/wein-werte.com\\\/de\\\/#website\",\"url\":\"https:\\\/\\\/wein-werte.com\\\/de\\\/\",\"name\":\"Wein Werte\",\"description\":\"\",\"publisher\":{\"@id\":\"https:\\\/\\\/wein-werte.com\\\/de\\\/#organization\"},\"potentialAction\":[{\"@type\":\"SearchAction\",\"target\":{\"@type\":\"EntryPoint\",\"urlTemplate\":\"https:\\\/\\\/wein-werte.com\\\/de\\\/?s={search_term_string}\"},\"query-input\":{\"@type\":\"PropertyValueSpecification\",\"valueRequired\":true,\"valueName\":\"search_term_string\"}}],\"inLanguage\":\"en-US\"},{\"@type\":\"Organization\",\"@id\":\"https:\\\/\\\/wein-werte.com\\\/de\\\/#organization\",\"name\":\"Vins Fins Thorrold\",\"url\":\"https:\\\/\\\/wein-werte.com\\\/de\\\/\",\"logo\":{\"@type\":\"ImageObject\",\"inLanguage\":\"en-US\",\"@id\":\"https:\\\/\\\/wein-werte.com\\\/de\\\/#\\\/schema\\\/logo\\\/image\\\/\",\"url\":\"https:\\\/\\\/wein-werte.com\\\/wp-content\\\/uploads\\\/2023\\\/07\\\/Wein_werte_Logo700-1.png\",\"contentUrl\":\"https:\\\/\\\/wein-werte.com\\\/wp-content\\\/uploads\\\/2023\\\/07\\\/Wein_werte_Logo700-1.png\",\"width\":700,\"height\":272,\"caption\":\"Vins Fins Thorrold\"},\"image\":{\"@id\":\"https:\\\/\\\/wein-werte.com\\\/de\\\/#\\\/schema\\\/logo\\\/image\\\/\"}}]}<\/script>\n<!-- \/ Yoast SEO plugin. -->","yoast_head_json":{"title":"Christmann Olberg-Hart Konigsbach Riesling Grosses Gewachs 2023","description":"Buy Christmann \u00d6lberg-Hart K\u00f6nigsbach Riesling Grosses Gew\u00e4chs 2023 - a dry Riesling from Pfalz, Germany - at Wein Werte, your sustainable online shop.","robots":{"index":"index","follow":"follow","max-snippet":"max-snippet:-1","max-image-preview":"max-image-preview:large","max-video-preview":"max-video-preview:-1"},"canonical":"https:\/\/wein-werte.com\/en\/product\/christmann-olberg-hart-konigsbach-riesling-grosses-gewachs-2023-750ml\/","og_locale":"en_US","og_type":"article","og_title":"Christmann Olberg-Hart Konigsbach Riesling Grosses Gewachs 2023","og_description":"Buy Christmann \u00d6lberg-Hart K\u00f6nigsbach Riesling Grosses Gew\u00e4chs 2023 - a dry Riesling from Pfalz, Germany - at Wein Werte, your sustainable online shop.","og_url":"https:\/\/wein-werte.com\/en\/product\/christmann-olberg-hart-konigsbach-riesling-grosses-gewachs-2023-750ml\/","og_site_name":"Wein Werte","article_modified_time":"2026-05-05T16:22:54+00:00","og_image":[{"width":255,"height":1200,"url":"https:\/\/wein-werte.com\/wp-content\/uploads\/2026\/04\/Christmann-Olberg-Hart-Konigsbach-Riesling-Grosses-Gewachs-2023-750ml.png","type":"image\/png"}],"twitter_card":"summary_large_image","twitter_misc":{"Est. reading time":"1 minute"},"schema":{"@context":"https:\/\/schema.org","@graph":[{"@type":"WebPage","@id":"https:\/\/wein-werte.com\/en\/product\/christmann-olberg-hart-konigsbach-riesling-grosses-gewachs-2023-750ml\/","url":"https:\/\/wein-werte.com\/en\/product\/christmann-olberg-hart-konigsbach-riesling-grosses-gewachs-2023-750ml\/","name":"Christmann Olberg-Hart Konigsbach Riesling Grosses Gewachs 2023","isPartOf":{"@id":"https:\/\/wein-werte.com\/de\/#website"},"primaryImageOfPage":{"@id":"https:\/\/wein-werte.com\/en\/product\/christmann-olberg-hart-konigsbach-riesling-grosses-gewachs-2023-750ml\/#primaryimage"},"image":{"@id":"https:\/\/wein-werte.com\/en\/product\/christmann-olberg-hart-konigsbach-riesling-grosses-gewachs-2023-750ml\/#primaryimage"},"thumbnailUrl":"https:\/\/wein-werte.com\/wp-content\/uploads\/2026\/04\/Christmann-Olberg-Hart-Konigsbach-Riesling-Grosses-Gewachs-2023-750ml.png","datePublished":"2026-05-05T16:22:53+00:00","dateModified":"2026-05-05T16:22:54+00:00","description":"Buy Christmann \u00d6lberg-Hart K\u00f6nigsbach Riesling Grosses Gew\u00e4chs 2023 - a dry Riesling from Pfalz, Germany - at Wein Werte, your sustainable online shop.","breadcrumb":{"@id":"https:\/\/wein-werte.com\/en\/product\/christmann-olberg-hart-konigsbach-riesling-grosses-gewachs-2023-750ml\/#breadcrumb"},"inLanguage":"en-US","potentialAction":[{"@type":"ReadAction","target":["https:\/\/wein-werte.com\/en\/product\/christmann-olberg-hart-konigsbach-riesling-grosses-gewachs-2023-750ml\/"]}]},{"@type":"ImageObject","inLanguage":"en-US","@id":"https:\/\/wein-werte.com\/en\/product\/christmann-olberg-hart-konigsbach-riesling-grosses-gewachs-2023-750ml\/#primaryimage","url":"https:\/\/wein-werte.com\/wp-content\/uploads\/2026\/04\/Christmann-Olberg-Hart-Konigsbach-Riesling-Grosses-Gewachs-2023-750ml.png","contentUrl":"https:\/\/wein-werte.com\/wp-content\/uploads\/2026\/04\/Christmann-Olberg-Hart-Konigsbach-Riesling-Grosses-Gewachs-2023-750ml.png","width":255,"height":1200,"caption":"Christmann \u00d6lberg-Hart K\u00f6nigsbach Riesling Grosses Gew\u00e4chs 2023 750ml"},{"@type":"BreadcrumbList","@id":"https:\/\/wein-werte.com\/en\/product\/christmann-olberg-hart-konigsbach-riesling-grosses-gewachs-2023-750ml\/#breadcrumb","itemListElement":[{"@type":"ListItem","position":1,"name":"Home","item":"https:\/\/wein-werte.com\/en\/"},{"@type":"ListItem","position":2,"name":"Shop Page","item":"https:\/\/wein-werte.com\/en\/shop\/"},{"@type":"ListItem","position":3,"name":"Christmann | Pfalz | \u00d6lberg-Hart K\u00f6nigsbach Riesling Grosses Gew\u00e4chs | 2023 | 750ml | bio"}]},{"@type":"WebSite","@id":"https:\/\/wein-werte.com\/de\/#website","url":"https:\/\/wein-werte.com\/de\/","name":"Wein Werte","description":"","publisher":{"@id":"https:\/\/wein-werte.com\/de\/#organization"},"potentialAction":[{"@type":"SearchAction","target":{"@type":"EntryPoint","urlTemplate":"https:\/\/wein-werte.com\/de\/?s={search_term_string}"},"query-input":{"@type":"PropertyValueSpecification","valueRequired":true,"valueName":"search_term_string"}}],"inLanguage":"en-US"},{"@type":"Organization","@id":"https:\/\/wein-werte.com\/de\/#organization","name":"Vins Fins Thorrold","url":"https:\/\/wein-werte.com\/de\/","logo":{"@type":"ImageObject","inLanguage":"en-US","@id":"https:\/\/wein-werte.com\/de\/#\/schema\/logo\/image\/","url":"https:\/\/wein-werte.com\/wp-content\/uploads\/2023\/07\/Wein_werte_Logo700-1.png","contentUrl":"https:\/\/wein-werte.com\/wp-content\/uploads\/2023\/07\/Wein_werte_Logo700-1.png","width":700,"height":272,"caption":"Vins Fins Thorrold"},"image":{"@id":"https:\/\/wein-werte.com\/de\/#\/schema\/logo\/image\/"}}]}},"_links":{"self":[{"href":"https:\/\/wein-werte.com\/en\/wp-json\/wp\/v2\/product\/1123987","targetHints":{"allow":["GET"]}}],"collection":[{"href":"https:\/\/wein-werte.com\/en\/wp-json\/wp\/v2\/product"}],"about":[{"href":"https:\/\/wein-werte.com\/en\/wp-json\/wp\/v2\/types\/product"}],"wp:featuredmedia":[{"embeddable":true,"href":"https:\/\/wein-werte.com\/en\/wp-json\/wp\/v2\/media\/1141927"}],"wp:attachment":[{"href":"https:\/\/wein-werte.com\/en\/wp-json\/wp\/v2\/media?parent=1123987"}],"wp:term":[{"taxonomy":"product_brand","embeddable":true,"href":"https:\/\/wein-werte.com\/en\/wp-json\/wp\/v2\/product_brand?post=1123987"},{"taxonomy":"product_cat","embeddable":true,"href":"https:\/\/wein-werte.com\/en\/wp-json\/wp\/v2\/product_cat?post=1123987"},{"taxonomy":"product_tag","embeddable":true,"href":"https:\/\/wein-werte.com\/en\/wp-json\/wp\/v2\/product_tag?post=1123987"}],"curies":[{"name":"wp","href":"https:\/\/api.w.org\/{rel}","templated":true}]}}