{"id":1123983,"date":"2026-05-05T18:22:51","date_gmt":"2026-05-05T16:22:51","guid":{"rendered":"https:\/\/wein-werte.com\/product\/christmann-idig-konigsbach-spatburgunder-gg-2021-750ml\/"},"modified":"2026-05-05T18:22:53","modified_gmt":"2026-05-05T16:22:53","slug":"christmann-idig-konigsbach-spatburgunder-gg-2021-750ml","status":"publish","type":"product","link":"https:\/\/wein-werte.com\/en\/product\/christmann-idig-konigsbach-spatburgunder-gg-2021-750ml\/","title":{"rendered":"Christmann | Pfalz | IDIG K\u00f6nigsbach Sp\u00e4tburgunder GG VDP Grosse Lage | 2021 | 750ml | bio"},"content":{"rendered":"<p>Product description for Christmann IDIG K\u00f6nigsbach Sp\u00e4tburgunder GG VDP Grosse Lage 2021 (bio)<\/p>\n<h5>I<\/h5>\n<h5>nfo<\/h5>\n<p> A whopping 3.9 hectares of the 6.5 hectare site belong to the Christmann family. The Pinot Noir vines were planted in 1977 and 2008. The Pinot Noir grows in the upper part of the Idig. In 2008, a French clone from a Massale selection was added. The Idig rests on a limestone massif from the Tertiary period. The topsoil consists of terra fusca, which was formed from limestone and clay. However, it also contains limestone and basalt from the Forster Pechsteinkopf, an ancient volcano. The von Buhl family from Deidesheim, former owners of these plots in the Idig, had basalt stones brought there 150 years ago. The harvest took place on September 18 and 19, 2021. Spontaneous fermentation with 10% whole bunches. The wine was aged in barriques until February 2023 and finally bottled in May. 10% of the barrels were first-fill barrels. <\/p>\n<h5>Colour<\/h5>\n<p> Bright cherry red with a dark core and lighter rim. <\/p>\n<h5>Nose<\/h5>\n<p> This Pinot Noir from the VDP. Gro\u00dfe Lage Idig in K\u00f6nigsbach is a force to be reckoned with. It presents itself in its darkest form and is enormously appealing. Its grandeur and elegance are evident from the very first moment. Plum, morello cherry, and sweet cherry set the tone. Raspberry, blackberry, and earthy, sweet beetroot can also be detected. Its fruit seems to be wrapped in tissue paper. The scent of light and dark red to black blossoms hangs in the air. A hint of cedarwood, forest floor, and moss create intense aromas. These are also supported by juniper, black pepper, and cardamom. Coriander seeds, as well as chervil, sage, and rosemary, contrast with invigorating herbal nuances. With a subtly nutty aroma of almond and walnut, it seems never-ending. It&#8217;s best to start again from the beginning. <\/p>\n<h5>Palate<\/h5>\n<p> On the palate, it combines grandeur with lightness and finesse. It builds up dark and spicy. However, it is also characterized by taut acidity, a robustness, and great astringency, making it both an appealing drink and fresh. My glass empties at a rapid pace, so I immediately have to refill it. Despite its compact, punchy acidity, it flows silky and elegantly over the lips. Every drop is a pleasure, full of intensity and a certain density of texture and aromas. Spice, fruit, earthiness, acidity, and bitterness are in perfect harmony with one another. Its fine tannins provide very stimulating bitterness, which, together with its earthy, tart fruit, is very stimulating. It lingers for minutes, seemingly never-ending. Simply a great wine, with the finesse of a cool vintage. This coolness is also expressed in its slender appearance.<\/p>\n<p>Copyright Vinaturel 2025<\/p>\n<p>Keywords: <a href=\"https:\/\/wein-werte.com\/shop\/?swoof=1&#038;pa_producer=Christmann\">Christmann<\/a> <a href=\"https:\/\/wein-werte.com\/shop\/?swoof=1&#038;woof_text=IDIG K\u00f6nigsbach Sp\u00e4tburgunder GG VDP Grosse Lage\">IDIG K\u00f6nigsbach Sp\u00e4tburgunder GG VDP Grosse Lage<\/a> 2021 bio <a href=\"https:\/\/wein-werte.com\/shop\/?swoof=1&#038;pa_region=Pfalz\">Pfalz<\/a> <a href=\"https:\/\/wein-werte.com\/shop\/?swoof=1&#038;pa_country=Germany\">Germany<\/a><\/p>\n<p>Producer website: <a href=\"https:\/\/weingut-christmann.de\/en\/\" target=\"_blank\">https:\/\/weingut-christmann.de\/en\/<\/a><\/p>\n","protected":false},"excerpt":{"rendered":"<p>Delivery time: 1 to 2 working days (DE), 2 to 5 working days (EU and CH)<\/p>\n","protected":false},"featured_media":1141911,"template":"","meta":[],"product_brand":[],"product_cat":[19],"product_tag":[],"class_list":{"0":"post-1123983","1":"product","2":"type-product","3":"status-publish","4":"has-post-thumbnail","6":"product_cat-unkategorisiert","7":"pa_alcohol-for-filter-12897","8":"pa_certified-biodynamic-yes","9":"pa_certified-organic-yes","10":"pa_colour-red","11":"pa_country-germany","12":"pa_grape-pinot-noir-spatburgunder","13":"pa_price-for-filter-10686","14":"pa_producer-christmann","15":"pa_region-pfalz","16":"pa_size-ml-6584","17":"pa_sweetness-dry","18":"pa_type-2-still","19":"pa_vintage-6634","20":"entry","21":"has-media","23":"first","24":"instock","25":"taxable","26":"shipping-taxable","27":"purchasable","28":"product-type-simple"},"yoast_head":"<!-- This site is optimized with the Yoast SEO plugin v27.5 - https:\/\/yoast.com\/product\/yoast-seo-wordpress\/ -->\n<title>Christmann IDIG Konigsbach Spatburgunder GG 2021<\/title>\n<meta name=\"description\" content=\"Buy Christmann IDIG K\u00f6nigsbach Sp\u00e4tburgunder GG 2021 - a dry Pinot Noir from Pfalz, Germany - at Wein Werte, your sustainable online shop.\" \/>\n<meta name=\"robots\" content=\"index, follow, max-snippet:-1, max-image-preview:large, max-video-preview:-1\" \/>\n<link rel=\"canonical\" href=\"https:\/\/wein-werte.com\/en\/product\/christmann-idig-konigsbach-spatburgunder-gg-2021-750ml\/\" \/>\n<meta property=\"og:locale\" content=\"en_US\" \/>\n<meta property=\"og:type\" content=\"article\" \/>\n<meta property=\"og:title\" content=\"Christmann IDIG Konigsbach Spatburgunder GG 2021\" \/>\n<meta property=\"og:description\" content=\"Buy Christmann IDIG K\u00f6nigsbach Sp\u00e4tburgunder GG 2021 - a dry Pinot Noir from Pfalz, Germany - at Wein Werte, your sustainable online shop.\" \/>\n<meta property=\"og:url\" content=\"https:\/\/wein-werte.com\/en\/product\/christmann-idig-konigsbach-spatburgunder-gg-2021-750ml\/\" \/>\n<meta property=\"og:site_name\" content=\"Wein Werte\" \/>\n<meta property=\"article:modified_time\" content=\"2026-05-05T16:22:53+00:00\" \/>\n<meta property=\"og:image\" content=\"https:\/\/wein-werte.com\/wp-content\/uploads\/2026\/04\/Christmann-IDIG-Konigsbach-Spatburgunder-GG-2021-750ml.png\" \/>\n\t<meta property=\"og:image:width\" content=\"323\" \/>\n\t<meta property=\"og:image:height\" content=\"1200\" \/>\n\t<meta property=\"og:image:type\" content=\"image\/png\" \/>\n<meta name=\"twitter:card\" content=\"summary_large_image\" \/>\n<meta name=\"twitter:label1\" content=\"Est. reading time\" \/>\n\t<meta name=\"twitter:data1\" content=\"2 minutes\" \/>\n<script type=\"application\/ld+json\" class=\"yoast-schema-graph\">{\"@context\":\"https:\\\/\\\/schema.org\",\"@graph\":[{\"@type\":\"WebPage\",\"@id\":\"https:\\\/\\\/wein-werte.com\\\/en\\\/product\\\/christmann-idig-konigsbach-spatburgunder-gg-2021-750ml\\\/\",\"url\":\"https:\\\/\\\/wein-werte.com\\\/en\\\/product\\\/christmann-idig-konigsbach-spatburgunder-gg-2021-750ml\\\/\",\"name\":\"Christmann IDIG Konigsbach Spatburgunder GG 2021\",\"isPartOf\":{\"@id\":\"https:\\\/\\\/wein-werte.com\\\/de\\\/#website\"},\"primaryImageOfPage\":{\"@id\":\"https:\\\/\\\/wein-werte.com\\\/en\\\/product\\\/christmann-idig-konigsbach-spatburgunder-gg-2021-750ml\\\/#primaryimage\"},\"image\":{\"@id\":\"https:\\\/\\\/wein-werte.com\\\/en\\\/product\\\/christmann-idig-konigsbach-spatburgunder-gg-2021-750ml\\\/#primaryimage\"},\"thumbnailUrl\":\"https:\\\/\\\/wein-werte.com\\\/wp-content\\\/uploads\\\/2026\\\/04\\\/Christmann-IDIG-Konigsbach-Spatburgunder-GG-2021-750ml.png\",\"datePublished\":\"2026-05-05T16:22:51+00:00\",\"dateModified\":\"2026-05-05T16:22:53+00:00\",\"description\":\"Buy Christmann IDIG K\u00f6nigsbach Sp\u00e4tburgunder GG 2021 - a dry Pinot Noir from Pfalz, Germany - at Wein Werte, your sustainable online shop.\",\"breadcrumb\":{\"@id\":\"https:\\\/\\\/wein-werte.com\\\/en\\\/product\\\/christmann-idig-konigsbach-spatburgunder-gg-2021-750ml\\\/#breadcrumb\"},\"inLanguage\":\"en-US\",\"potentialAction\":[{\"@type\":\"ReadAction\",\"target\":[\"https:\\\/\\\/wein-werte.com\\\/en\\\/product\\\/christmann-idig-konigsbach-spatburgunder-gg-2021-750ml\\\/\"]}]},{\"@type\":\"ImageObject\",\"inLanguage\":\"en-US\",\"@id\":\"https:\\\/\\\/wein-werte.com\\\/en\\\/product\\\/christmann-idig-konigsbach-spatburgunder-gg-2021-750ml\\\/#primaryimage\",\"url\":\"https:\\\/\\\/wein-werte.com\\\/wp-content\\\/uploads\\\/2026\\\/04\\\/Christmann-IDIG-Konigsbach-Spatburgunder-GG-2021-750ml.png\",\"contentUrl\":\"https:\\\/\\\/wein-werte.com\\\/wp-content\\\/uploads\\\/2026\\\/04\\\/Christmann-IDIG-Konigsbach-Spatburgunder-GG-2021-750ml.png\",\"width\":323,\"height\":1200,\"caption\":\"Christmann IDIG K\u00f6nigsbach Sp\u00e4tburgunder GG VDP Grosse Lage 2021 750ml\"},{\"@type\":\"BreadcrumbList\",\"@id\":\"https:\\\/\\\/wein-werte.com\\\/en\\\/product\\\/christmann-idig-konigsbach-spatburgunder-gg-2021-750ml\\\/#breadcrumb\",\"itemListElement\":[{\"@type\":\"ListItem\",\"position\":1,\"name\":\"Home\",\"item\":\"https:\\\/\\\/wein-werte.com\\\/en\\\/\"},{\"@type\":\"ListItem\",\"position\":2,\"name\":\"Shop Page\",\"item\":\"https:\\\/\\\/wein-werte.com\\\/en\\\/shop\\\/\"},{\"@type\":\"ListItem\",\"position\":3,\"name\":\"Christmann | Pfalz | IDIG K\u00f6nigsbach Sp\u00e4tburgunder GG VDP Grosse Lage | 2021 | 750ml | bio\"}]},{\"@type\":\"WebSite\",\"@id\":\"https:\\\/\\\/wein-werte.com\\\/de\\\/#website\",\"url\":\"https:\\\/\\\/wein-werte.com\\\/de\\\/\",\"name\":\"Wein Werte\",\"description\":\"\",\"publisher\":{\"@id\":\"https:\\\/\\\/wein-werte.com\\\/de\\\/#organization\"},\"potentialAction\":[{\"@type\":\"SearchAction\",\"target\":{\"@type\":\"EntryPoint\",\"urlTemplate\":\"https:\\\/\\\/wein-werte.com\\\/de\\\/?s={search_term_string}\"},\"query-input\":{\"@type\":\"PropertyValueSpecification\",\"valueRequired\":true,\"valueName\":\"search_term_string\"}}],\"inLanguage\":\"en-US\"},{\"@type\":\"Organization\",\"@id\":\"https:\\\/\\\/wein-werte.com\\\/de\\\/#organization\",\"name\":\"Vins Fins Thorrold\",\"url\":\"https:\\\/\\\/wein-werte.com\\\/de\\\/\",\"logo\":{\"@type\":\"ImageObject\",\"inLanguage\":\"en-US\",\"@id\":\"https:\\\/\\\/wein-werte.com\\\/de\\\/#\\\/schema\\\/logo\\\/image\\\/\",\"url\":\"https:\\\/\\\/wein-werte.com\\\/wp-content\\\/uploads\\\/2023\\\/07\\\/Wein_werte_Logo700-1.png\",\"contentUrl\":\"https:\\\/\\\/wein-werte.com\\\/wp-content\\\/uploads\\\/2023\\\/07\\\/Wein_werte_Logo700-1.png\",\"width\":700,\"height\":272,\"caption\":\"Vins Fins Thorrold\"},\"image\":{\"@id\":\"https:\\\/\\\/wein-werte.com\\\/de\\\/#\\\/schema\\\/logo\\\/image\\\/\"}}]}<\/script>\n<!-- \/ Yoast SEO plugin. -->","yoast_head_json":{"title":"Christmann IDIG Konigsbach Spatburgunder GG 2021","description":"Buy Christmann IDIG K\u00f6nigsbach Sp\u00e4tburgunder GG 2021 - a dry Pinot Noir from Pfalz, Germany - at Wein Werte, your sustainable online shop.","robots":{"index":"index","follow":"follow","max-snippet":"max-snippet:-1","max-image-preview":"max-image-preview:large","max-video-preview":"max-video-preview:-1"},"canonical":"https:\/\/wein-werte.com\/en\/product\/christmann-idig-konigsbach-spatburgunder-gg-2021-750ml\/","og_locale":"en_US","og_type":"article","og_title":"Christmann IDIG Konigsbach Spatburgunder GG 2021","og_description":"Buy Christmann IDIG K\u00f6nigsbach Sp\u00e4tburgunder GG 2021 - a dry Pinot Noir from Pfalz, Germany - at Wein Werte, your sustainable online shop.","og_url":"https:\/\/wein-werte.com\/en\/product\/christmann-idig-konigsbach-spatburgunder-gg-2021-750ml\/","og_site_name":"Wein Werte","article_modified_time":"2026-05-05T16:22:53+00:00","og_image":[{"width":323,"height":1200,"url":"https:\/\/wein-werte.com\/wp-content\/uploads\/2026\/04\/Christmann-IDIG-Konigsbach-Spatburgunder-GG-2021-750ml.png","type":"image\/png"}],"twitter_card":"summary_large_image","twitter_misc":{"Est. reading time":"2 minutes"},"schema":{"@context":"https:\/\/schema.org","@graph":[{"@type":"WebPage","@id":"https:\/\/wein-werte.com\/en\/product\/christmann-idig-konigsbach-spatburgunder-gg-2021-750ml\/","url":"https:\/\/wein-werte.com\/en\/product\/christmann-idig-konigsbach-spatburgunder-gg-2021-750ml\/","name":"Christmann IDIG Konigsbach Spatburgunder GG 2021","isPartOf":{"@id":"https:\/\/wein-werte.com\/de\/#website"},"primaryImageOfPage":{"@id":"https:\/\/wein-werte.com\/en\/product\/christmann-idig-konigsbach-spatburgunder-gg-2021-750ml\/#primaryimage"},"image":{"@id":"https:\/\/wein-werte.com\/en\/product\/christmann-idig-konigsbach-spatburgunder-gg-2021-750ml\/#primaryimage"},"thumbnailUrl":"https:\/\/wein-werte.com\/wp-content\/uploads\/2026\/04\/Christmann-IDIG-Konigsbach-Spatburgunder-GG-2021-750ml.png","datePublished":"2026-05-05T16:22:51+00:00","dateModified":"2026-05-05T16:22:53+00:00","description":"Buy Christmann IDIG K\u00f6nigsbach Sp\u00e4tburgunder GG 2021 - a dry Pinot Noir from Pfalz, Germany - at Wein Werte, your sustainable online shop.","breadcrumb":{"@id":"https:\/\/wein-werte.com\/en\/product\/christmann-idig-konigsbach-spatburgunder-gg-2021-750ml\/#breadcrumb"},"inLanguage":"en-US","potentialAction":[{"@type":"ReadAction","target":["https:\/\/wein-werte.com\/en\/product\/christmann-idig-konigsbach-spatburgunder-gg-2021-750ml\/"]}]},{"@type":"ImageObject","inLanguage":"en-US","@id":"https:\/\/wein-werte.com\/en\/product\/christmann-idig-konigsbach-spatburgunder-gg-2021-750ml\/#primaryimage","url":"https:\/\/wein-werte.com\/wp-content\/uploads\/2026\/04\/Christmann-IDIG-Konigsbach-Spatburgunder-GG-2021-750ml.png","contentUrl":"https:\/\/wein-werte.com\/wp-content\/uploads\/2026\/04\/Christmann-IDIG-Konigsbach-Spatburgunder-GG-2021-750ml.png","width":323,"height":1200,"caption":"Christmann IDIG K\u00f6nigsbach Sp\u00e4tburgunder GG VDP Grosse Lage 2021 750ml"},{"@type":"BreadcrumbList","@id":"https:\/\/wein-werte.com\/en\/product\/christmann-idig-konigsbach-spatburgunder-gg-2021-750ml\/#breadcrumb","itemListElement":[{"@type":"ListItem","position":1,"name":"Home","item":"https:\/\/wein-werte.com\/en\/"},{"@type":"ListItem","position":2,"name":"Shop Page","item":"https:\/\/wein-werte.com\/en\/shop\/"},{"@type":"ListItem","position":3,"name":"Christmann | Pfalz | IDIG K\u00f6nigsbach Sp\u00e4tburgunder GG VDP Grosse Lage | 2021 | 750ml | bio"}]},{"@type":"WebSite","@id":"https:\/\/wein-werte.com\/de\/#website","url":"https:\/\/wein-werte.com\/de\/","name":"Wein Werte","description":"","publisher":{"@id":"https:\/\/wein-werte.com\/de\/#organization"},"potentialAction":[{"@type":"SearchAction","target":{"@type":"EntryPoint","urlTemplate":"https:\/\/wein-werte.com\/de\/?s={search_term_string}"},"query-input":{"@type":"PropertyValueSpecification","valueRequired":true,"valueName":"search_term_string"}}],"inLanguage":"en-US"},{"@type":"Organization","@id":"https:\/\/wein-werte.com\/de\/#organization","name":"Vins Fins Thorrold","url":"https:\/\/wein-werte.com\/de\/","logo":{"@type":"ImageObject","inLanguage":"en-US","@id":"https:\/\/wein-werte.com\/de\/#\/schema\/logo\/image\/","url":"https:\/\/wein-werte.com\/wp-content\/uploads\/2023\/07\/Wein_werte_Logo700-1.png","contentUrl":"https:\/\/wein-werte.com\/wp-content\/uploads\/2023\/07\/Wein_werte_Logo700-1.png","width":700,"height":272,"caption":"Vins Fins Thorrold"},"image":{"@id":"https:\/\/wein-werte.com\/de\/#\/schema\/logo\/image\/"}}]}},"_links":{"self":[{"href":"https:\/\/wein-werte.com\/en\/wp-json\/wp\/v2\/product\/1123983","targetHints":{"allow":["GET"]}}],"collection":[{"href":"https:\/\/wein-werte.com\/en\/wp-json\/wp\/v2\/product"}],"about":[{"href":"https:\/\/wein-werte.com\/en\/wp-json\/wp\/v2\/types\/product"}],"wp:featuredmedia":[{"embeddable":true,"href":"https:\/\/wein-werte.com\/en\/wp-json\/wp\/v2\/media\/1141911"}],"wp:attachment":[{"href":"https:\/\/wein-werte.com\/en\/wp-json\/wp\/v2\/media?parent=1123983"}],"wp:term":[{"taxonomy":"product_brand","embeddable":true,"href":"https:\/\/wein-werte.com\/en\/wp-json\/wp\/v2\/product_brand?post=1123983"},{"taxonomy":"product_cat","embeddable":true,"href":"https:\/\/wein-werte.com\/en\/wp-json\/wp\/v2\/product_cat?post=1123983"},{"taxonomy":"product_tag","embeddable":true,"href":"https:\/\/wein-werte.com\/en\/wp-json\/wp\/v2\/product_tag?post=1123983"}],"curies":[{"name":"wp","href":"https:\/\/api.w.org\/{rel}","templated":true}]}}