{"id":1123980,"date":"2026-05-05T18:22:51","date_gmt":"2026-05-05T16:22:51","guid":{"rendered":"https:\/\/wein-werte.com\/product\/christmann-konigsbacher-olberg-spatburgunder-2021-750ml\/"},"modified":"2026-05-05T18:22:52","modified_gmt":"2026-05-05T16:22:52","slug":"christmann-konigsbacher-olberg-spatburgunder-2021-750ml","status":"publish","type":"product","link":"https:\/\/wein-werte.com\/en\/product\/christmann-konigsbacher-olberg-spatburgunder-2021-750ml\/","title":{"rendered":"Christmann | Pfalz | K\u00f6nigsbacher \u00d6lberg Sp\u00e4tburgunder VDP Erste Lage | 2021 | 750ml | bio"},"content":{"rendered":"<p>Product description for Christmann K\u00f6nigsbacher \u00d6lberg Sp\u00e4tburgunder VDP Erste Lage 2021 (bio)<\/p>\n<h5>I<\/h5>\n<h5>nfo<\/h5>\n<p> The Christmann family owns 0.5 hectares of this VDP Erste Lage (First Vineyard). The slope slopes at a 5% gradient towards the east and southeast. The soil contains Terra Fusca, a mixture of limestone, loam, and clay. The topsoil is mixed with red sandstone scree. The \u00d6lberg is in the immediate vicinity of the Idig mountain. The slopes here experience sun early in the morning and are then shrouded in shade over the course of the day. The cold winds from the Klausenthal in the Palatinate Forest also provide cooling. In the 2018 vintage, half of the vines were grafted to French clones. The vineyard was harvested by hand on September 22, 2021. Spontaneous fermentation with 10% whole bunches. With 10% new barriques, the wine was aged in small wooden vats until February 2022 and later bottled in May 2023. <\/p>\n<h5>Colour<\/h5>\n<p> Radiant cherry red with light elements and a very even colour. <\/p>\n<h5>Nose<\/h5>\n<p> Seductive and dark, it emerges from the glass. Cherry emerges in all its facets. Sweet and sour cherries, as well as pickled morello cherries. Violet, lilac, and forget-me-not add intense, elegant floral accents. Elderberry and plum take second place. A balsamic to ethereal note emerges very tentatively, which increases significantly with age. Juniper, pepper, parsley, and sage can be found. Hints of undergrowth and cigar box. It seems mysterious, exciting, and extremely attractive to me. Clove and cardamom crystallize with a little patience and emphasize its subtle spiciness. <\/p>\n<h5>Palate<\/h5>\n<p> It flows silky and cool over the lips. It builds on the palate with elegance and grandeur. A fine acid structure takes over. This allows the fruity and floral aromas to cling to the acid structure. This then subtly builds pressure on the palate. It stretches out and fluctuates aromatically between light and dark. Its silky mouthfeel is not at all disturbed by very shallow tannins, which also come with pleasant bitterness. The sour cherry turns the aromatic tide. With fine herbal accents, it appears very small-berry and is enormously stimulating. Its elegance and subtle spiciness linger for minutes.<\/p>\n<p>Copyright Vinaturel 2025<\/p>\n<p>Keywords: <a href=\"https:\/\/wein-werte.com\/shop\/?swoof=1&#038;pa_producer=Christmann\">Christmann<\/a> <a href=\"https:\/\/wein-werte.com\/shop\/?swoof=1&#038;woof_text=K\u00f6nigsbacher \u00d6lberg Sp\u00e4tburgunder VDP Erste Lage\">K\u00f6nigsbacher \u00d6lberg Sp\u00e4tburgunder VDP Erste Lage<\/a> 2021 bio <a href=\"https:\/\/wein-werte.com\/shop\/?swoof=1&#038;pa_region=Pfalz\">Pfalz<\/a> <a href=\"https:\/\/wein-werte.com\/shop\/?swoof=1&#038;pa_country=Germany\">Germany<\/a><\/p>\n<h3>Wine Advocate<\/h3>\n<p>Score: 91+<\/p>\n<p>From vines planted in 1982 and grafted massal selections from Huber&#8217;s Schlossberg in Baden on loamy and calcareous soils, the 2021 Sp\u00e4tburgunder K\u00f6nigsbacher \u00d6lberg VDP.Erste Lage\u00ae is deep, refined and aromatic on the nose that reveals ripe dark cherry and wild red berry aromas. Elegant, intense and savory on the palate, this is a medium to full-bodied, quite intense and persistent Pinot Noir with a remarkably fine mix of saline acidity and finely grained tannins. Also, the finish is more astringent than necessary, but there is enough substance for good development. 13% stated alcohol. Diam cork. Tasted at the domaine in December 2023.<br \/>Stephan Reinhardt<\/p>\n<p>Producer website: <a href=\"https:\/\/weingut-christmann.de\/en\/\" target=\"_blank\">https:\/\/weingut-christmann.de\/en\/<\/a><\/p>\n","protected":false},"excerpt":{"rendered":"<p>Delivery time: 1 to 2 working days (DE), 2 to 5 working days (EU and CH)<\/p>\n","protected":false},"featured_media":1141899,"template":"","meta":[],"product_brand":[],"product_cat":[19],"product_tag":[],"class_list":{"0":"post-1123980","1":"product","2":"type-product","3":"status-publish","4":"has-post-thumbnail","6":"product_cat-unkategorisiert","7":"pa_alcohol-for-filter-12897","8":"pa_certified-biodynamic-yes","9":"pa_certified-organic-yes","10":"pa_colour-red","11":"pa_country-germany","12":"pa_grape-pinot-noir-spatburgunder","13":"pa_parker-points-for-filter-16150","14":"pa_price-for-filter-10615","15":"pa_producer-christmann","16":"pa_region-pfalz","17":"pa_size-ml-6584","18":"pa_sweetness-dry","19":"pa_type-2-still","20":"pa_vintage-6634","21":"entry","22":"has-media","24":"first","25":"instock","26":"taxable","27":"shipping-taxable","28":"purchasable","29":"product-type-simple"},"yoast_head":"<!-- This site is optimized with the Yoast SEO plugin v27.5 - https:\/\/yoast.com\/product\/yoast-seo-wordpress\/ -->\n<title>Christmann Konigsbacher Olberg Spatburgunder 2021<\/title>\n<meta name=\"description\" content=\"Buy Christmann K\u00f6nigsbacher \u00d6lberg Sp\u00e4tburgunder 2021 - a dry Pinot Noir from Pfalz, Germany - at Wein Werte, your sustainable online shop.\" \/>\n<meta name=\"robots\" content=\"index, follow, max-snippet:-1, max-image-preview:large, max-video-preview:-1\" \/>\n<link rel=\"canonical\" href=\"https:\/\/wein-werte.com\/en\/product\/christmann-konigsbacher-olberg-spatburgunder-2021-750ml\/\" \/>\n<meta property=\"og:locale\" content=\"en_US\" \/>\n<meta property=\"og:type\" content=\"article\" \/>\n<meta property=\"og:title\" content=\"Christmann Konigsbacher Olberg Spatburgunder 2021\" \/>\n<meta property=\"og:description\" content=\"Buy Christmann K\u00f6nigsbacher \u00d6lberg Sp\u00e4tburgunder 2021 - a dry Pinot Noir from Pfalz, Germany - at Wein Werte, your sustainable online shop.\" \/>\n<meta property=\"og:url\" content=\"https:\/\/wein-werte.com\/en\/product\/christmann-konigsbacher-olberg-spatburgunder-2021-750ml\/\" \/>\n<meta property=\"og:site_name\" content=\"Wein Werte\" \/>\n<meta property=\"article:modified_time\" content=\"2026-05-05T16:22:52+00:00\" \/>\n<meta property=\"og:image\" content=\"https:\/\/wein-werte.com\/wp-content\/uploads\/2026\/04\/Christmann-Konigsbacher-Olberg-Spatburgunder-2021-750ml.png\" \/>\n\t<meta property=\"og:image:width\" content=\"324\" \/>\n\t<meta property=\"og:image:height\" content=\"1200\" \/>\n\t<meta property=\"og:image:type\" content=\"image\/png\" \/>\n<meta name=\"twitter:card\" content=\"summary_large_image\" \/>\n<meta name=\"twitter:label1\" content=\"Est. reading time\" \/>\n\t<meta name=\"twitter:data1\" content=\"2 minutes\" \/>\n<script type=\"application\/ld+json\" class=\"yoast-schema-graph\">{\"@context\":\"https:\\\/\\\/schema.org\",\"@graph\":[{\"@type\":\"WebPage\",\"@id\":\"https:\\\/\\\/wein-werte.com\\\/en\\\/product\\\/christmann-konigsbacher-olberg-spatburgunder-2021-750ml\\\/\",\"url\":\"https:\\\/\\\/wein-werte.com\\\/en\\\/product\\\/christmann-konigsbacher-olberg-spatburgunder-2021-750ml\\\/\",\"name\":\"Christmann Konigsbacher Olberg Spatburgunder 2021\",\"isPartOf\":{\"@id\":\"https:\\\/\\\/wein-werte.com\\\/de\\\/#website\"},\"primaryImageOfPage\":{\"@id\":\"https:\\\/\\\/wein-werte.com\\\/en\\\/product\\\/christmann-konigsbacher-olberg-spatburgunder-2021-750ml\\\/#primaryimage\"},\"image\":{\"@id\":\"https:\\\/\\\/wein-werte.com\\\/en\\\/product\\\/christmann-konigsbacher-olberg-spatburgunder-2021-750ml\\\/#primaryimage\"},\"thumbnailUrl\":\"https:\\\/\\\/wein-werte.com\\\/wp-content\\\/uploads\\\/2026\\\/04\\\/Christmann-Konigsbacher-Olberg-Spatburgunder-2021-750ml.png\",\"datePublished\":\"2026-05-05T16:22:51+00:00\",\"dateModified\":\"2026-05-05T16:22:52+00:00\",\"description\":\"Buy Christmann K\u00f6nigsbacher \u00d6lberg Sp\u00e4tburgunder 2021 - a dry Pinot Noir from Pfalz, Germany - at Wein Werte, your sustainable online shop.\",\"breadcrumb\":{\"@id\":\"https:\\\/\\\/wein-werte.com\\\/en\\\/product\\\/christmann-konigsbacher-olberg-spatburgunder-2021-750ml\\\/#breadcrumb\"},\"inLanguage\":\"en-US\",\"potentialAction\":[{\"@type\":\"ReadAction\",\"target\":[\"https:\\\/\\\/wein-werte.com\\\/en\\\/product\\\/christmann-konigsbacher-olberg-spatburgunder-2021-750ml\\\/\"]}]},{\"@type\":\"ImageObject\",\"inLanguage\":\"en-US\",\"@id\":\"https:\\\/\\\/wein-werte.com\\\/en\\\/product\\\/christmann-konigsbacher-olberg-spatburgunder-2021-750ml\\\/#primaryimage\",\"url\":\"https:\\\/\\\/wein-werte.com\\\/wp-content\\\/uploads\\\/2026\\\/04\\\/Christmann-Konigsbacher-Olberg-Spatburgunder-2021-750ml.png\",\"contentUrl\":\"https:\\\/\\\/wein-werte.com\\\/wp-content\\\/uploads\\\/2026\\\/04\\\/Christmann-Konigsbacher-Olberg-Spatburgunder-2021-750ml.png\",\"width\":324,\"height\":1200,\"caption\":\"Christmann K\u00f6nigsbacher \u00d6lberg Sp\u00e4tburgunder VDP Erste Lage 2021 750ml\"},{\"@type\":\"BreadcrumbList\",\"@id\":\"https:\\\/\\\/wein-werte.com\\\/en\\\/product\\\/christmann-konigsbacher-olberg-spatburgunder-2021-750ml\\\/#breadcrumb\",\"itemListElement\":[{\"@type\":\"ListItem\",\"position\":1,\"name\":\"Home\",\"item\":\"https:\\\/\\\/wein-werte.com\\\/en\\\/\"},{\"@type\":\"ListItem\",\"position\":2,\"name\":\"Shop Page\",\"item\":\"https:\\\/\\\/wein-werte.com\\\/en\\\/shop\\\/\"},{\"@type\":\"ListItem\",\"position\":3,\"name\":\"Christmann | Pfalz | K\u00f6nigsbacher \u00d6lberg Sp\u00e4tburgunder VDP Erste Lage | 2021 | 750ml | bio\"}]},{\"@type\":\"WebSite\",\"@id\":\"https:\\\/\\\/wein-werte.com\\\/de\\\/#website\",\"url\":\"https:\\\/\\\/wein-werte.com\\\/de\\\/\",\"name\":\"Wein Werte\",\"description\":\"\",\"publisher\":{\"@id\":\"https:\\\/\\\/wein-werte.com\\\/de\\\/#organization\"},\"potentialAction\":[{\"@type\":\"SearchAction\",\"target\":{\"@type\":\"EntryPoint\",\"urlTemplate\":\"https:\\\/\\\/wein-werte.com\\\/de\\\/?s={search_term_string}\"},\"query-input\":{\"@type\":\"PropertyValueSpecification\",\"valueRequired\":true,\"valueName\":\"search_term_string\"}}],\"inLanguage\":\"en-US\"},{\"@type\":\"Organization\",\"@id\":\"https:\\\/\\\/wein-werte.com\\\/de\\\/#organization\",\"name\":\"Vins Fins Thorrold\",\"url\":\"https:\\\/\\\/wein-werte.com\\\/de\\\/\",\"logo\":{\"@type\":\"ImageObject\",\"inLanguage\":\"en-US\",\"@id\":\"https:\\\/\\\/wein-werte.com\\\/de\\\/#\\\/schema\\\/logo\\\/image\\\/\",\"url\":\"https:\\\/\\\/wein-werte.com\\\/wp-content\\\/uploads\\\/2023\\\/07\\\/Wein_werte_Logo700-1.png\",\"contentUrl\":\"https:\\\/\\\/wein-werte.com\\\/wp-content\\\/uploads\\\/2023\\\/07\\\/Wein_werte_Logo700-1.png\",\"width\":700,\"height\":272,\"caption\":\"Vins Fins Thorrold\"},\"image\":{\"@id\":\"https:\\\/\\\/wein-werte.com\\\/de\\\/#\\\/schema\\\/logo\\\/image\\\/\"}}]}<\/script>\n<!-- \/ Yoast SEO plugin. -->","yoast_head_json":{"title":"Christmann Konigsbacher Olberg Spatburgunder 2021","description":"Buy Christmann K\u00f6nigsbacher \u00d6lberg Sp\u00e4tburgunder 2021 - a dry Pinot Noir from Pfalz, Germany - at Wein Werte, your sustainable online shop.","robots":{"index":"index","follow":"follow","max-snippet":"max-snippet:-1","max-image-preview":"max-image-preview:large","max-video-preview":"max-video-preview:-1"},"canonical":"https:\/\/wein-werte.com\/en\/product\/christmann-konigsbacher-olberg-spatburgunder-2021-750ml\/","og_locale":"en_US","og_type":"article","og_title":"Christmann Konigsbacher Olberg Spatburgunder 2021","og_description":"Buy Christmann K\u00f6nigsbacher \u00d6lberg Sp\u00e4tburgunder 2021 - a dry Pinot Noir from Pfalz, Germany - at Wein Werte, your sustainable online shop.","og_url":"https:\/\/wein-werte.com\/en\/product\/christmann-konigsbacher-olberg-spatburgunder-2021-750ml\/","og_site_name":"Wein Werte","article_modified_time":"2026-05-05T16:22:52+00:00","og_image":[{"width":324,"height":1200,"url":"https:\/\/wein-werte.com\/wp-content\/uploads\/2026\/04\/Christmann-Konigsbacher-Olberg-Spatburgunder-2021-750ml.png","type":"image\/png"}],"twitter_card":"summary_large_image","twitter_misc":{"Est. reading time":"2 minutes"},"schema":{"@context":"https:\/\/schema.org","@graph":[{"@type":"WebPage","@id":"https:\/\/wein-werte.com\/en\/product\/christmann-konigsbacher-olberg-spatburgunder-2021-750ml\/","url":"https:\/\/wein-werte.com\/en\/product\/christmann-konigsbacher-olberg-spatburgunder-2021-750ml\/","name":"Christmann Konigsbacher Olberg Spatburgunder 2021","isPartOf":{"@id":"https:\/\/wein-werte.com\/de\/#website"},"primaryImageOfPage":{"@id":"https:\/\/wein-werte.com\/en\/product\/christmann-konigsbacher-olberg-spatburgunder-2021-750ml\/#primaryimage"},"image":{"@id":"https:\/\/wein-werte.com\/en\/product\/christmann-konigsbacher-olberg-spatburgunder-2021-750ml\/#primaryimage"},"thumbnailUrl":"https:\/\/wein-werte.com\/wp-content\/uploads\/2026\/04\/Christmann-Konigsbacher-Olberg-Spatburgunder-2021-750ml.png","datePublished":"2026-05-05T16:22:51+00:00","dateModified":"2026-05-05T16:22:52+00:00","description":"Buy Christmann K\u00f6nigsbacher \u00d6lberg Sp\u00e4tburgunder 2021 - a dry Pinot Noir from Pfalz, Germany - at Wein Werte, your sustainable online shop.","breadcrumb":{"@id":"https:\/\/wein-werte.com\/en\/product\/christmann-konigsbacher-olberg-spatburgunder-2021-750ml\/#breadcrumb"},"inLanguage":"en-US","potentialAction":[{"@type":"ReadAction","target":["https:\/\/wein-werte.com\/en\/product\/christmann-konigsbacher-olberg-spatburgunder-2021-750ml\/"]}]},{"@type":"ImageObject","inLanguage":"en-US","@id":"https:\/\/wein-werte.com\/en\/product\/christmann-konigsbacher-olberg-spatburgunder-2021-750ml\/#primaryimage","url":"https:\/\/wein-werte.com\/wp-content\/uploads\/2026\/04\/Christmann-Konigsbacher-Olberg-Spatburgunder-2021-750ml.png","contentUrl":"https:\/\/wein-werte.com\/wp-content\/uploads\/2026\/04\/Christmann-Konigsbacher-Olberg-Spatburgunder-2021-750ml.png","width":324,"height":1200,"caption":"Christmann K\u00f6nigsbacher \u00d6lberg Sp\u00e4tburgunder VDP Erste Lage 2021 750ml"},{"@type":"BreadcrumbList","@id":"https:\/\/wein-werte.com\/en\/product\/christmann-konigsbacher-olberg-spatburgunder-2021-750ml\/#breadcrumb","itemListElement":[{"@type":"ListItem","position":1,"name":"Home","item":"https:\/\/wein-werte.com\/en\/"},{"@type":"ListItem","position":2,"name":"Shop Page","item":"https:\/\/wein-werte.com\/en\/shop\/"},{"@type":"ListItem","position":3,"name":"Christmann | Pfalz | K\u00f6nigsbacher \u00d6lberg Sp\u00e4tburgunder VDP Erste Lage | 2021 | 750ml | bio"}]},{"@type":"WebSite","@id":"https:\/\/wein-werte.com\/de\/#website","url":"https:\/\/wein-werte.com\/de\/","name":"Wein Werte","description":"","publisher":{"@id":"https:\/\/wein-werte.com\/de\/#organization"},"potentialAction":[{"@type":"SearchAction","target":{"@type":"EntryPoint","urlTemplate":"https:\/\/wein-werte.com\/de\/?s={search_term_string}"},"query-input":{"@type":"PropertyValueSpecification","valueRequired":true,"valueName":"search_term_string"}}],"inLanguage":"en-US"},{"@type":"Organization","@id":"https:\/\/wein-werte.com\/de\/#organization","name":"Vins Fins Thorrold","url":"https:\/\/wein-werte.com\/de\/","logo":{"@type":"ImageObject","inLanguage":"en-US","@id":"https:\/\/wein-werte.com\/de\/#\/schema\/logo\/image\/","url":"https:\/\/wein-werte.com\/wp-content\/uploads\/2023\/07\/Wein_werte_Logo700-1.png","contentUrl":"https:\/\/wein-werte.com\/wp-content\/uploads\/2023\/07\/Wein_werte_Logo700-1.png","width":700,"height":272,"caption":"Vins Fins Thorrold"},"image":{"@id":"https:\/\/wein-werte.com\/de\/#\/schema\/logo\/image\/"}}]}},"_links":{"self":[{"href":"https:\/\/wein-werte.com\/en\/wp-json\/wp\/v2\/product\/1123980","targetHints":{"allow":["GET"]}}],"collection":[{"href":"https:\/\/wein-werte.com\/en\/wp-json\/wp\/v2\/product"}],"about":[{"href":"https:\/\/wein-werte.com\/en\/wp-json\/wp\/v2\/types\/product"}],"wp:featuredmedia":[{"embeddable":true,"href":"https:\/\/wein-werte.com\/en\/wp-json\/wp\/v2\/media\/1141899"}],"wp:attachment":[{"href":"https:\/\/wein-werte.com\/en\/wp-json\/wp\/v2\/media?parent=1123980"}],"wp:term":[{"taxonomy":"product_brand","embeddable":true,"href":"https:\/\/wein-werte.com\/en\/wp-json\/wp\/v2\/product_brand?post=1123980"},{"taxonomy":"product_cat","embeddable":true,"href":"https:\/\/wein-werte.com\/en\/wp-json\/wp\/v2\/product_cat?post=1123980"},{"taxonomy":"product_tag","embeddable":true,"href":"https:\/\/wein-werte.com\/en\/wp-json\/wp\/v2\/product_tag?post=1123980"}],"curies":[{"name":"wp","href":"https:\/\/api.w.org\/{rel}","templated":true}]}}