{"id":1123974,"date":"2026-05-05T18:19:24","date_gmt":"2026-05-05T16:19:24","guid":{"rendered":"https:\/\/wein-werte.com\/product\/christmann-olberg-hart-konigsbach-riesling-grosses-gewachs-2022-750ml\/"},"modified":"2026-05-05T18:19:25","modified_gmt":"2026-05-05T16:19:25","slug":"christmann-olberg-hart-konigsbach-riesling-grosses-gewachs-2022-750ml","status":"publish","type":"product","link":"https:\/\/wein-werte.com\/en\/product\/christmann-olberg-hart-konigsbach-riesling-grosses-gewachs-2022-750ml\/","title":{"rendered":"Christmann | Pfalz | \u00d6lberg-Hart K\u00f6nigsbach Riesling Grosses Gew\u00e4chs | 2022 | 750ml | bio"},"content":{"rendered":"<p>Product description for Christmann \u00d6lberg-Hart K\u00f6nigsbach Riesling Grosses Gew\u00e4chs 2022 (bio)<\/p>\n<h5>Information about the Wine<\/h5>\n<p> The heart of the \u00d6lberg vineyard, the Hart, lies around the \u00d6lberg wayside chapel and is classified as a VDP Grosse Lage (VDP Grosse Gew\u00e4chs). The soil is characterized by very heavy tertiary limestone marl, known as Terra Fusca. The topsoil is mixed with red sandstone scree. The vineyard is located high up on the edge of the Haardt, at the exit of the Klausental valley in the Palatinate Forest. This means it is exposed to the sun early in the morning, but just as early in the evening it is shaded by the mountains and bathed in a cool nightly breeze from the valley. Our auction wine &#8220;Kapelle&#8221; was produced in the \u00d6lberg, the oldest part of the Hart vineyard, for a long time. Since 2020, the Christman winery has been producing the VDP Grosse Gew\u00e4chs \u00d6lberg-Hart from the entire vineyard. <\/p>\n<h5>Vineyard Information<\/h5>\n<p> 100% selective hand-picking in small crates, spontaneous fermentation in large wooden barrels. <\/p>\n<h5>Colour<\/h5>\n<p> Sparkling golden yellow. <\/p>\n<h5>Nose<\/h5>\n<p> Due to its youth, the 2022 K\u00f6nigsbacher \u00d6lberg initially presents itself somewhat closed, but its intense minerality, characterized by limestone, is immediately recognizable. With some contact with oxygen, fruity aromas reminiscent of pear, apple, and apricot emerge, along with distinct exotic notes of physalis, mango, pineapple, and kiwi. Fine white pepper notes, coriander, and mustard flour round out the complex aromatic spectrum. <\/p>\n<h5>Palate<\/h5>\n<p> Powerful and rich, it glides across the tongue. The juicy fruit notes, combined with a salty minerality and acidity, clearly emerge. The long finish is characterized by a stimulating bitter note that whets the appetite for a rich, aromatic accompaniment. Be sure to decant and enjoy from large glasses, not too cold.<\/p>\n<p>Copyright Vinaturel 2025<\/p>\n<p>Keywords: <a href=\"https:\/\/wein-werte.com\/shop\/?swoof=1&#038;pa_producer=Christmann\">Christmann<\/a> <a href=\"https:\/\/wein-werte.com\/shop\/?swoof=1&#038;woof_text=\u00d6lberg-Hart K\u00f6nigsbach Riesling Grosses Gew\u00e4chs\">\u00d6lberg-Hart K\u00f6nigsbach Riesling Grosses Gew\u00e4chs<\/a> 2022 bio <a href=\"https:\/\/wein-werte.com\/shop\/?swoof=1&#038;pa_region=Pfalz\">Pfalz<\/a> <a href=\"https:\/\/wein-werte.com\/shop\/?swoof=1&#038;pa_country=Germany\">Germany<\/a><\/p>\n<p>Producer website: <a href=\"https:\/\/weingut-christmann.de\/en\/\" target=\"_blank\">https:\/\/weingut-christmann.de\/en\/<\/a><\/p>\n","protected":false},"excerpt":{"rendered":"<p>Delivery time: 1 to 2 working days (DE), 2 to 5 working days (EU and CH)<\/p>\n","protected":false},"featured_media":1141879,"template":"","meta":[],"product_brand":[],"product_cat":[19],"product_tag":[],"class_list":{"0":"post-1123974","1":"product","2":"type-product","3":"status-publish","4":"has-post-thumbnail","6":"product_cat-unkategorisiert","7":"pa_alcohol-for-filter-12893","8":"pa_certified-biodynamic-yes","9":"pa_certified-organic-yes","10":"pa_colour-white","11":"pa_country-germany","12":"pa_grape-riesling","13":"pa_price-for-filter-10663","14":"pa_producer-christmann","15":"pa_region-pfalz","16":"pa_size-ml-6584","17":"pa_sweetness-dry","18":"pa_type-2-still","19":"pa_vintage-9698","20":"entry","21":"has-media","23":"first","24":"instock","25":"taxable","26":"shipping-taxable","27":"purchasable","28":"product-type-simple"},"yoast_head":"<!-- This site is optimized with the Yoast SEO plugin v27.5 - https:\/\/yoast.com\/product\/yoast-seo-wordpress\/ -->\n<title>Christmann Olberg-Hart Konigsbach Riesling Grosses Gewachs 2022<\/title>\n<meta name=\"description\" content=\"Buy Christmann \u00d6lberg-Hart K\u00f6nigsbach Riesling Grosses Gew\u00e4chs 2022 - a dry Riesling from Pfalz, Germany - at Wein Werte, your sustainable online shop.\" \/>\n<meta name=\"robots\" content=\"index, follow, max-snippet:-1, max-image-preview:large, max-video-preview:-1\" \/>\n<link rel=\"canonical\" href=\"https:\/\/wein-werte.com\/en\/product\/christmann-olberg-hart-konigsbach-riesling-grosses-gewachs-2022-750ml\/\" \/>\n<meta property=\"og:locale\" content=\"en_US\" \/>\n<meta property=\"og:type\" content=\"article\" \/>\n<meta property=\"og:title\" content=\"Christmann Olberg-Hart Konigsbach Riesling Grosses Gewachs 2022\" \/>\n<meta property=\"og:description\" content=\"Buy Christmann \u00d6lberg-Hart K\u00f6nigsbach Riesling Grosses Gew\u00e4chs 2022 - a dry Riesling from Pfalz, Germany - at Wein Werte, your sustainable online shop.\" \/>\n<meta property=\"og:url\" content=\"https:\/\/wein-werte.com\/en\/product\/christmann-olberg-hart-konigsbach-riesling-grosses-gewachs-2022-750ml\/\" \/>\n<meta property=\"og:site_name\" content=\"Wein Werte\" \/>\n<meta property=\"article:modified_time\" content=\"2026-05-05T16:19:25+00:00\" \/>\n<meta property=\"og:image\" content=\"https:\/\/wein-werte.com\/wp-content\/uploads\/2026\/04\/Christmann-Olberg-Hart-Konigsbach-Riesling-Grosses-Gewachs-2022-750ml.png\" \/>\n\t<meta property=\"og:image:width\" content=\"253\" \/>\n\t<meta property=\"og:image:height\" content=\"1200\" \/>\n\t<meta property=\"og:image:type\" content=\"image\/png\" \/>\n<meta name=\"twitter:card\" content=\"summary_large_image\" \/>\n<meta name=\"twitter:label1\" content=\"Est. reading time\" \/>\n\t<meta name=\"twitter:data1\" content=\"2 minutes\" \/>\n<script type=\"application\/ld+json\" class=\"yoast-schema-graph\">{\"@context\":\"https:\\\/\\\/schema.org\",\"@graph\":[{\"@type\":\"WebPage\",\"@id\":\"https:\\\/\\\/wein-werte.com\\\/en\\\/product\\\/christmann-olberg-hart-konigsbach-riesling-grosses-gewachs-2022-750ml\\\/\",\"url\":\"https:\\\/\\\/wein-werte.com\\\/en\\\/product\\\/christmann-olberg-hart-konigsbach-riesling-grosses-gewachs-2022-750ml\\\/\",\"name\":\"Christmann Olberg-Hart Konigsbach Riesling Grosses Gewachs 2022\",\"isPartOf\":{\"@id\":\"https:\\\/\\\/wein-werte.com\\\/de\\\/#website\"},\"primaryImageOfPage\":{\"@id\":\"https:\\\/\\\/wein-werte.com\\\/en\\\/product\\\/christmann-olberg-hart-konigsbach-riesling-grosses-gewachs-2022-750ml\\\/#primaryimage\"},\"image\":{\"@id\":\"https:\\\/\\\/wein-werte.com\\\/en\\\/product\\\/christmann-olberg-hart-konigsbach-riesling-grosses-gewachs-2022-750ml\\\/#primaryimage\"},\"thumbnailUrl\":\"https:\\\/\\\/wein-werte.com\\\/wp-content\\\/uploads\\\/2026\\\/04\\\/Christmann-Olberg-Hart-Konigsbach-Riesling-Grosses-Gewachs-2022-750ml.png\",\"datePublished\":\"2026-05-05T16:19:24+00:00\",\"dateModified\":\"2026-05-05T16:19:25+00:00\",\"description\":\"Buy Christmann \u00d6lberg-Hart K\u00f6nigsbach Riesling Grosses Gew\u00e4chs 2022 - a dry Riesling from Pfalz, Germany - at Wein Werte, your sustainable online shop.\",\"breadcrumb\":{\"@id\":\"https:\\\/\\\/wein-werte.com\\\/en\\\/product\\\/christmann-olberg-hart-konigsbach-riesling-grosses-gewachs-2022-750ml\\\/#breadcrumb\"},\"inLanguage\":\"en-US\",\"potentialAction\":[{\"@type\":\"ReadAction\",\"target\":[\"https:\\\/\\\/wein-werte.com\\\/en\\\/product\\\/christmann-olberg-hart-konigsbach-riesling-grosses-gewachs-2022-750ml\\\/\"]}]},{\"@type\":\"ImageObject\",\"inLanguage\":\"en-US\",\"@id\":\"https:\\\/\\\/wein-werte.com\\\/en\\\/product\\\/christmann-olberg-hart-konigsbach-riesling-grosses-gewachs-2022-750ml\\\/#primaryimage\",\"url\":\"https:\\\/\\\/wein-werte.com\\\/wp-content\\\/uploads\\\/2026\\\/04\\\/Christmann-Olberg-Hart-Konigsbach-Riesling-Grosses-Gewachs-2022-750ml.png\",\"contentUrl\":\"https:\\\/\\\/wein-werte.com\\\/wp-content\\\/uploads\\\/2026\\\/04\\\/Christmann-Olberg-Hart-Konigsbach-Riesling-Grosses-Gewachs-2022-750ml.png\",\"width\":253,\"height\":1200,\"caption\":\"Christmann \u00d6lberg-Hart K\u00f6nigsbach Riesling Grosses Gew\u00e4chs 2022 750ml\"},{\"@type\":\"BreadcrumbList\",\"@id\":\"https:\\\/\\\/wein-werte.com\\\/en\\\/product\\\/christmann-olberg-hart-konigsbach-riesling-grosses-gewachs-2022-750ml\\\/#breadcrumb\",\"itemListElement\":[{\"@type\":\"ListItem\",\"position\":1,\"name\":\"Home\",\"item\":\"https:\\\/\\\/wein-werte.com\\\/en\\\/\"},{\"@type\":\"ListItem\",\"position\":2,\"name\":\"Shop Page\",\"item\":\"https:\\\/\\\/wein-werte.com\\\/en\\\/shop\\\/\"},{\"@type\":\"ListItem\",\"position\":3,\"name\":\"Christmann | Pfalz | \u00d6lberg-Hart K\u00f6nigsbach Riesling Grosses Gew\u00e4chs | 2022 | 750ml | bio\"}]},{\"@type\":\"WebSite\",\"@id\":\"https:\\\/\\\/wein-werte.com\\\/de\\\/#website\",\"url\":\"https:\\\/\\\/wein-werte.com\\\/de\\\/\",\"name\":\"Wein Werte\",\"description\":\"\",\"publisher\":{\"@id\":\"https:\\\/\\\/wein-werte.com\\\/de\\\/#organization\"},\"potentialAction\":[{\"@type\":\"SearchAction\",\"target\":{\"@type\":\"EntryPoint\",\"urlTemplate\":\"https:\\\/\\\/wein-werte.com\\\/de\\\/?s={search_term_string}\"},\"query-input\":{\"@type\":\"PropertyValueSpecification\",\"valueRequired\":true,\"valueName\":\"search_term_string\"}}],\"inLanguage\":\"en-US\"},{\"@type\":\"Organization\",\"@id\":\"https:\\\/\\\/wein-werte.com\\\/de\\\/#organization\",\"name\":\"Vins Fins Thorrold\",\"url\":\"https:\\\/\\\/wein-werte.com\\\/de\\\/\",\"logo\":{\"@type\":\"ImageObject\",\"inLanguage\":\"en-US\",\"@id\":\"https:\\\/\\\/wein-werte.com\\\/de\\\/#\\\/schema\\\/logo\\\/image\\\/\",\"url\":\"https:\\\/\\\/wein-werte.com\\\/wp-content\\\/uploads\\\/2023\\\/07\\\/Wein_werte_Logo700-1.png\",\"contentUrl\":\"https:\\\/\\\/wein-werte.com\\\/wp-content\\\/uploads\\\/2023\\\/07\\\/Wein_werte_Logo700-1.png\",\"width\":700,\"height\":272,\"caption\":\"Vins Fins Thorrold\"},\"image\":{\"@id\":\"https:\\\/\\\/wein-werte.com\\\/de\\\/#\\\/schema\\\/logo\\\/image\\\/\"}}]}<\/script>\n<!-- \/ Yoast SEO plugin. -->","yoast_head_json":{"title":"Christmann Olberg-Hart Konigsbach Riesling Grosses Gewachs 2022","description":"Buy Christmann \u00d6lberg-Hart K\u00f6nigsbach Riesling Grosses Gew\u00e4chs 2022 - a dry Riesling from Pfalz, Germany - at Wein Werte, your sustainable online shop.","robots":{"index":"index","follow":"follow","max-snippet":"max-snippet:-1","max-image-preview":"max-image-preview:large","max-video-preview":"max-video-preview:-1"},"canonical":"https:\/\/wein-werte.com\/en\/product\/christmann-olberg-hart-konigsbach-riesling-grosses-gewachs-2022-750ml\/","og_locale":"en_US","og_type":"article","og_title":"Christmann Olberg-Hart Konigsbach Riesling Grosses Gewachs 2022","og_description":"Buy Christmann \u00d6lberg-Hart K\u00f6nigsbach Riesling Grosses Gew\u00e4chs 2022 - a dry Riesling from Pfalz, Germany - at Wein Werte, your sustainable online shop.","og_url":"https:\/\/wein-werte.com\/en\/product\/christmann-olberg-hart-konigsbach-riesling-grosses-gewachs-2022-750ml\/","og_site_name":"Wein Werte","article_modified_time":"2026-05-05T16:19:25+00:00","og_image":[{"width":253,"height":1200,"url":"https:\/\/wein-werte.com\/wp-content\/uploads\/2026\/04\/Christmann-Olberg-Hart-Konigsbach-Riesling-Grosses-Gewachs-2022-750ml.png","type":"image\/png"}],"twitter_card":"summary_large_image","twitter_misc":{"Est. reading time":"2 minutes"},"schema":{"@context":"https:\/\/schema.org","@graph":[{"@type":"WebPage","@id":"https:\/\/wein-werte.com\/en\/product\/christmann-olberg-hart-konigsbach-riesling-grosses-gewachs-2022-750ml\/","url":"https:\/\/wein-werte.com\/en\/product\/christmann-olberg-hart-konigsbach-riesling-grosses-gewachs-2022-750ml\/","name":"Christmann Olberg-Hart Konigsbach Riesling Grosses Gewachs 2022","isPartOf":{"@id":"https:\/\/wein-werte.com\/de\/#website"},"primaryImageOfPage":{"@id":"https:\/\/wein-werte.com\/en\/product\/christmann-olberg-hart-konigsbach-riesling-grosses-gewachs-2022-750ml\/#primaryimage"},"image":{"@id":"https:\/\/wein-werte.com\/en\/product\/christmann-olberg-hart-konigsbach-riesling-grosses-gewachs-2022-750ml\/#primaryimage"},"thumbnailUrl":"https:\/\/wein-werte.com\/wp-content\/uploads\/2026\/04\/Christmann-Olberg-Hart-Konigsbach-Riesling-Grosses-Gewachs-2022-750ml.png","datePublished":"2026-05-05T16:19:24+00:00","dateModified":"2026-05-05T16:19:25+00:00","description":"Buy Christmann \u00d6lberg-Hart K\u00f6nigsbach Riesling Grosses Gew\u00e4chs 2022 - a dry Riesling from Pfalz, Germany - at Wein Werte, your sustainable online shop.","breadcrumb":{"@id":"https:\/\/wein-werte.com\/en\/product\/christmann-olberg-hart-konigsbach-riesling-grosses-gewachs-2022-750ml\/#breadcrumb"},"inLanguage":"en-US","potentialAction":[{"@type":"ReadAction","target":["https:\/\/wein-werte.com\/en\/product\/christmann-olberg-hart-konigsbach-riesling-grosses-gewachs-2022-750ml\/"]}]},{"@type":"ImageObject","inLanguage":"en-US","@id":"https:\/\/wein-werte.com\/en\/product\/christmann-olberg-hart-konigsbach-riesling-grosses-gewachs-2022-750ml\/#primaryimage","url":"https:\/\/wein-werte.com\/wp-content\/uploads\/2026\/04\/Christmann-Olberg-Hart-Konigsbach-Riesling-Grosses-Gewachs-2022-750ml.png","contentUrl":"https:\/\/wein-werte.com\/wp-content\/uploads\/2026\/04\/Christmann-Olberg-Hart-Konigsbach-Riesling-Grosses-Gewachs-2022-750ml.png","width":253,"height":1200,"caption":"Christmann \u00d6lberg-Hart K\u00f6nigsbach Riesling Grosses Gew\u00e4chs 2022 750ml"},{"@type":"BreadcrumbList","@id":"https:\/\/wein-werte.com\/en\/product\/christmann-olberg-hart-konigsbach-riesling-grosses-gewachs-2022-750ml\/#breadcrumb","itemListElement":[{"@type":"ListItem","position":1,"name":"Home","item":"https:\/\/wein-werte.com\/en\/"},{"@type":"ListItem","position":2,"name":"Shop Page","item":"https:\/\/wein-werte.com\/en\/shop\/"},{"@type":"ListItem","position":3,"name":"Christmann | Pfalz | \u00d6lberg-Hart K\u00f6nigsbach Riesling Grosses Gew\u00e4chs | 2022 | 750ml | bio"}]},{"@type":"WebSite","@id":"https:\/\/wein-werte.com\/de\/#website","url":"https:\/\/wein-werte.com\/de\/","name":"Wein Werte","description":"","publisher":{"@id":"https:\/\/wein-werte.com\/de\/#organization"},"potentialAction":[{"@type":"SearchAction","target":{"@type":"EntryPoint","urlTemplate":"https:\/\/wein-werte.com\/de\/?s={search_term_string}"},"query-input":{"@type":"PropertyValueSpecification","valueRequired":true,"valueName":"search_term_string"}}],"inLanguage":"en-US"},{"@type":"Organization","@id":"https:\/\/wein-werte.com\/de\/#organization","name":"Vins Fins Thorrold","url":"https:\/\/wein-werte.com\/de\/","logo":{"@type":"ImageObject","inLanguage":"en-US","@id":"https:\/\/wein-werte.com\/de\/#\/schema\/logo\/image\/","url":"https:\/\/wein-werte.com\/wp-content\/uploads\/2023\/07\/Wein_werte_Logo700-1.png","contentUrl":"https:\/\/wein-werte.com\/wp-content\/uploads\/2023\/07\/Wein_werte_Logo700-1.png","width":700,"height":272,"caption":"Vins Fins Thorrold"},"image":{"@id":"https:\/\/wein-werte.com\/de\/#\/schema\/logo\/image\/"}}]}},"_links":{"self":[{"href":"https:\/\/wein-werte.com\/en\/wp-json\/wp\/v2\/product\/1123974","targetHints":{"allow":["GET"]}}],"collection":[{"href":"https:\/\/wein-werte.com\/en\/wp-json\/wp\/v2\/product"}],"about":[{"href":"https:\/\/wein-werte.com\/en\/wp-json\/wp\/v2\/types\/product"}],"wp:featuredmedia":[{"embeddable":true,"href":"https:\/\/wein-werte.com\/en\/wp-json\/wp\/v2\/media\/1141879"}],"wp:attachment":[{"href":"https:\/\/wein-werte.com\/en\/wp-json\/wp\/v2\/media?parent=1123974"}],"wp:term":[{"taxonomy":"product_brand","embeddable":true,"href":"https:\/\/wein-werte.com\/en\/wp-json\/wp\/v2\/product_brand?post=1123974"},{"taxonomy":"product_cat","embeddable":true,"href":"https:\/\/wein-werte.com\/en\/wp-json\/wp\/v2\/product_cat?post=1123974"},{"taxonomy":"product_tag","embeddable":true,"href":"https:\/\/wein-werte.com\/en\/wp-json\/wp\/v2\/product_tag?post=1123974"}],"curies":[{"name":"wp","href":"https:\/\/api.w.org\/{rel}","templated":true}]}}