{"id":1123933,"date":"2026-05-05T18:19:12","date_gmt":"2026-05-05T16:19:12","guid":{"rendered":"https:\/\/wein-werte.com\/product\/roterfaden-lemberger-herzstuck-2022-750ml\/"},"modified":"2026-05-05T18:19:12","modified_gmt":"2026-05-05T16:19:12","slug":"roterfaden-lemberger-herzstuck-2022-750ml","status":"publish","type":"product","link":"https:\/\/wein-werte.com\/en\/product\/roterfaden-lemberger-herzstuck-2022-750ml\/","title":{"rendered":"Roterfaden | Baden-W\u00fcrttemberg | Lemberger Herzst\u00fcck | 2022 | 750ml | bio"},"content":{"rendered":"<p>Product description for Roterfaden Lemberger Herzst\u00fcck 2022 (bio)<\/p>\n<h5>Information about the wine<\/h5>\n<p> The Lemberger grapes used come from vines rooted in blue shell limestone near Vaihingen an der Enz, northwest of Stuttgart. After an early harvest \u2013 the wine has an alcohol content of 11% vol. \u2013 two-thirds of the grapes are destemmed and fermented on the skins for about four to five weeks in open wooden barrels with natural yeasts, without much agitation of the must. The wines then remain in barrels of several years on the full lees until bottling. They are not filtered and only minimally sulfurized during bottling. <\/p>\n<h5>Colour<\/h5>\n<p> Slightly transparent ruby red <\/p>\n<h5>Nose<\/h5>\n<p> The aroma alone suggests the pleasant coolness and elegance that the Lemberger will offer on the palate. It smells of red currants, crisp (sour) cherries, and a hint of pomegranate, as well as bay leaves and a hint of juniper and yeast. <\/p>\n<h5>Palate<\/h5>\n<p> On the palate, it&#8217;s finally here: The Lemberger, which is also known for being dark, firm, and rich in tannins, dances across the tongue. Everything about this wine is fresh, transparent, and juicy. At the same time, it clearly displays the typical attributes of the grape variety, with its earthy notes, meatiness, fine spice, and a tannin that is distinctive yet very subtle. The ethereal, aromatic spice of bay leaves also reappears. The balance between lightness and freshness, as well as earthiness and robustness, is just right here.<\/p>\n<p>Copyright Vinaturel 2025<\/p>\n<p>Keywords: <a href=\"https:\/\/wein-werte.com\/shop\/?swoof=1&#038;pa_producer=Roterfaden\">Roterfaden<\/a> <a href=\"https:\/\/wein-werte.com\/shop\/?swoof=1&#038;woof_text=Lemberger Herzst\u00fcck\">Lemberger Herzst\u00fcck<\/a> 2022 bio <a href=\"https:\/\/wein-werte.com\/shop\/?swoof=1&#038;pa_region=Baden-W\u00fcrttemberg\">Baden-W\u00fcrttemberg<\/a> <a href=\"https:\/\/wein-werte.com\/shop\/?swoof=1&#038;pa_country=Germany\">Germany<\/a><\/p>\n<p>Producer website: <a href=\"https:\/\/www.weingutroterfaden.de\/de\/\" target=\"_blank\">https:\/\/www.weingutroterfaden.de\/de\/<\/a><\/p>\n","protected":false},"excerpt":{"rendered":"<p>Delivery time: 1 to 2 working days (DE), 2 to 5 working days (EU and CH)<\/p>\n","protected":false},"featured_media":1141737,"template":"","meta":[],"product_brand":[],"product_cat":[19],"product_tag":[],"class_list":{"0":"post-1123933","1":"product","2":"type-product","3":"status-publish","4":"has-post-thumbnail","6":"product_cat-unkategorisiert","7":"pa_alcohol-for-filter-12895","8":"pa_certified-biodynamic-yes","9":"pa_certified-organic-yes","10":"pa_colour-red","11":"pa_country-germany","12":"pa_grape-blaufrankisch-lemberger","13":"pa_price-for-filter-10566","14":"pa_producer-roterfaden","15":"pa_region-baden-wurttemberg","16":"pa_size-ml-6584","17":"pa_sweetness-dry","18":"pa_type-2-still","19":"pa_vintage-9698","20":"entry","21":"has-media","23":"first","24":"instock","25":"taxable","26":"shipping-taxable","27":"purchasable","28":"product-type-simple"},"yoast_head":"<!-- This site is optimized with the Yoast SEO plugin v27.5 - https:\/\/yoast.com\/product\/yoast-seo-wordpress\/ -->\n<title>Roterfaden Lemberger Herzstuck 2022<\/title>\n<meta name=\"description\" content=\"Buy Roterfaden Lemberger Herzst\u00fcck 2022 - a dry Blaufr\u00e4nkisch from Baden-W\u00fcrttemberg, Germany - at Wein Werte, your sustainable online shop.\" \/>\n<meta name=\"robots\" content=\"index, follow, max-snippet:-1, max-image-preview:large, max-video-preview:-1\" \/>\n<link rel=\"canonical\" href=\"https:\/\/wein-werte.com\/en\/product\/roterfaden-lemberger-herzstuck-2022-750ml\/\" \/>\n<meta property=\"og:locale\" content=\"en_US\" \/>\n<meta property=\"og:type\" content=\"article\" \/>\n<meta property=\"og:title\" content=\"Roterfaden Lemberger Herzstuck 2022\" \/>\n<meta property=\"og:description\" content=\"Buy Roterfaden Lemberger Herzst\u00fcck 2022 - a dry Blaufr\u00e4nkisch from Baden-W\u00fcrttemberg, Germany - at Wein Werte, your sustainable online shop.\" \/>\n<meta property=\"og:url\" content=\"https:\/\/wein-werte.com\/en\/product\/roterfaden-lemberger-herzstuck-2022-750ml\/\" \/>\n<meta property=\"og:site_name\" content=\"Wein Werte\" \/>\n<meta property=\"og:image\" content=\"https:\/\/wein-werte.com\/wp-content\/uploads\/2026\/04\/Roterfaden-Lemberger-Herzstuck-2022-750ml.png\" \/>\n\t<meta property=\"og:image:width\" content=\"324\" \/>\n\t<meta property=\"og:image:height\" content=\"1200\" \/>\n\t<meta property=\"og:image:type\" content=\"image\/png\" \/>\n<meta name=\"twitter:card\" content=\"summary_large_image\" \/>\n<meta name=\"twitter:label1\" content=\"Est. reading time\" \/>\n\t<meta name=\"twitter:data1\" content=\"1 minute\" \/>\n<script type=\"application\/ld+json\" class=\"yoast-schema-graph\">{\"@context\":\"https:\\\/\\\/schema.org\",\"@graph\":[{\"@type\":\"WebPage\",\"@id\":\"https:\\\/\\\/wein-werte.com\\\/en\\\/product\\\/roterfaden-lemberger-herzstuck-2022-750ml\\\/\",\"url\":\"https:\\\/\\\/wein-werte.com\\\/en\\\/product\\\/roterfaden-lemberger-herzstuck-2022-750ml\\\/\",\"name\":\"Roterfaden Lemberger Herzstuck 2022\",\"isPartOf\":{\"@id\":\"https:\\\/\\\/wein-werte.com\\\/de\\\/#website\"},\"primaryImageOfPage\":{\"@id\":\"https:\\\/\\\/wein-werte.com\\\/en\\\/product\\\/roterfaden-lemberger-herzstuck-2022-750ml\\\/#primaryimage\"},\"image\":{\"@id\":\"https:\\\/\\\/wein-werte.com\\\/en\\\/product\\\/roterfaden-lemberger-herzstuck-2022-750ml\\\/#primaryimage\"},\"thumbnailUrl\":\"https:\\\/\\\/wein-werte.com\\\/wp-content\\\/uploads\\\/2026\\\/04\\\/Roterfaden-Lemberger-Herzstuck-2022-750ml.png\",\"datePublished\":\"2026-05-05T16:19:12+00:00\",\"description\":\"Buy Roterfaden Lemberger Herzst\u00fcck 2022 - a dry Blaufr\u00e4nkisch from Baden-W\u00fcrttemberg, Germany - at Wein Werte, your sustainable online shop.\",\"breadcrumb\":{\"@id\":\"https:\\\/\\\/wein-werte.com\\\/en\\\/product\\\/roterfaden-lemberger-herzstuck-2022-750ml\\\/#breadcrumb\"},\"inLanguage\":\"en-US\",\"potentialAction\":[{\"@type\":\"ReadAction\",\"target\":[\"https:\\\/\\\/wein-werte.com\\\/en\\\/product\\\/roterfaden-lemberger-herzstuck-2022-750ml\\\/\"]}]},{\"@type\":\"ImageObject\",\"inLanguage\":\"en-US\",\"@id\":\"https:\\\/\\\/wein-werte.com\\\/en\\\/product\\\/roterfaden-lemberger-herzstuck-2022-750ml\\\/#primaryimage\",\"url\":\"https:\\\/\\\/wein-werte.com\\\/wp-content\\\/uploads\\\/2026\\\/04\\\/Roterfaden-Lemberger-Herzstuck-2022-750ml.png\",\"contentUrl\":\"https:\\\/\\\/wein-werte.com\\\/wp-content\\\/uploads\\\/2026\\\/04\\\/Roterfaden-Lemberger-Herzstuck-2022-750ml.png\",\"width\":324,\"height\":1200,\"caption\":\"Roterfaden Lemberger Herzst\u00fcck 2022 750ml\"},{\"@type\":\"BreadcrumbList\",\"@id\":\"https:\\\/\\\/wein-werte.com\\\/en\\\/product\\\/roterfaden-lemberger-herzstuck-2022-750ml\\\/#breadcrumb\",\"itemListElement\":[{\"@type\":\"ListItem\",\"position\":1,\"name\":\"Home\",\"item\":\"https:\\\/\\\/wein-werte.com\\\/en\\\/\"},{\"@type\":\"ListItem\",\"position\":2,\"name\":\"Shop Page\",\"item\":\"https:\\\/\\\/wein-werte.com\\\/en\\\/shop\\\/\"},{\"@type\":\"ListItem\",\"position\":3,\"name\":\"Roterfaden | Baden-W\u00fcrttemberg | Lemberger Herzst\u00fcck | 2022 | 750ml | bio\"}]},{\"@type\":\"WebSite\",\"@id\":\"https:\\\/\\\/wein-werte.com\\\/de\\\/#website\",\"url\":\"https:\\\/\\\/wein-werte.com\\\/de\\\/\",\"name\":\"Wein Werte\",\"description\":\"\",\"publisher\":{\"@id\":\"https:\\\/\\\/wein-werte.com\\\/de\\\/#organization\"},\"potentialAction\":[{\"@type\":\"SearchAction\",\"target\":{\"@type\":\"EntryPoint\",\"urlTemplate\":\"https:\\\/\\\/wein-werte.com\\\/de\\\/?s={search_term_string}\"},\"query-input\":{\"@type\":\"PropertyValueSpecification\",\"valueRequired\":true,\"valueName\":\"search_term_string\"}}],\"inLanguage\":\"en-US\"},{\"@type\":\"Organization\",\"@id\":\"https:\\\/\\\/wein-werte.com\\\/de\\\/#organization\",\"name\":\"Vins Fins Thorrold\",\"url\":\"https:\\\/\\\/wein-werte.com\\\/de\\\/\",\"logo\":{\"@type\":\"ImageObject\",\"inLanguage\":\"en-US\",\"@id\":\"https:\\\/\\\/wein-werte.com\\\/de\\\/#\\\/schema\\\/logo\\\/image\\\/\",\"url\":\"https:\\\/\\\/wein-werte.com\\\/wp-content\\\/uploads\\\/2023\\\/07\\\/Wein_werte_Logo700-1.png\",\"contentUrl\":\"https:\\\/\\\/wein-werte.com\\\/wp-content\\\/uploads\\\/2023\\\/07\\\/Wein_werte_Logo700-1.png\",\"width\":700,\"height\":272,\"caption\":\"Vins Fins Thorrold\"},\"image\":{\"@id\":\"https:\\\/\\\/wein-werte.com\\\/de\\\/#\\\/schema\\\/logo\\\/image\\\/\"}}]}<\/script>\n<!-- \/ Yoast SEO plugin. -->","yoast_head_json":{"title":"Roterfaden Lemberger Herzstuck 2022","description":"Buy Roterfaden Lemberger Herzst\u00fcck 2022 - a dry Blaufr\u00e4nkisch from Baden-W\u00fcrttemberg, Germany - at Wein Werte, your sustainable online shop.","robots":{"index":"index","follow":"follow","max-snippet":"max-snippet:-1","max-image-preview":"max-image-preview:large","max-video-preview":"max-video-preview:-1"},"canonical":"https:\/\/wein-werte.com\/en\/product\/roterfaden-lemberger-herzstuck-2022-750ml\/","og_locale":"en_US","og_type":"article","og_title":"Roterfaden Lemberger Herzstuck 2022","og_description":"Buy Roterfaden Lemberger Herzst\u00fcck 2022 - a dry Blaufr\u00e4nkisch from Baden-W\u00fcrttemberg, Germany - at Wein Werte, your sustainable online shop.","og_url":"https:\/\/wein-werte.com\/en\/product\/roterfaden-lemberger-herzstuck-2022-750ml\/","og_site_name":"Wein Werte","og_image":[{"width":324,"height":1200,"url":"https:\/\/wein-werte.com\/wp-content\/uploads\/2026\/04\/Roterfaden-Lemberger-Herzstuck-2022-750ml.png","type":"image\/png"}],"twitter_card":"summary_large_image","twitter_misc":{"Est. reading time":"1 minute"},"schema":{"@context":"https:\/\/schema.org","@graph":[{"@type":"WebPage","@id":"https:\/\/wein-werte.com\/en\/product\/roterfaden-lemberger-herzstuck-2022-750ml\/","url":"https:\/\/wein-werte.com\/en\/product\/roterfaden-lemberger-herzstuck-2022-750ml\/","name":"Roterfaden Lemberger Herzstuck 2022","isPartOf":{"@id":"https:\/\/wein-werte.com\/de\/#website"},"primaryImageOfPage":{"@id":"https:\/\/wein-werte.com\/en\/product\/roterfaden-lemberger-herzstuck-2022-750ml\/#primaryimage"},"image":{"@id":"https:\/\/wein-werte.com\/en\/product\/roterfaden-lemberger-herzstuck-2022-750ml\/#primaryimage"},"thumbnailUrl":"https:\/\/wein-werte.com\/wp-content\/uploads\/2026\/04\/Roterfaden-Lemberger-Herzstuck-2022-750ml.png","datePublished":"2026-05-05T16:19:12+00:00","description":"Buy Roterfaden Lemberger Herzst\u00fcck 2022 - a dry Blaufr\u00e4nkisch from Baden-W\u00fcrttemberg, Germany - at Wein Werte, your sustainable online shop.","breadcrumb":{"@id":"https:\/\/wein-werte.com\/en\/product\/roterfaden-lemberger-herzstuck-2022-750ml\/#breadcrumb"},"inLanguage":"en-US","potentialAction":[{"@type":"ReadAction","target":["https:\/\/wein-werte.com\/en\/product\/roterfaden-lemberger-herzstuck-2022-750ml\/"]}]},{"@type":"ImageObject","inLanguage":"en-US","@id":"https:\/\/wein-werte.com\/en\/product\/roterfaden-lemberger-herzstuck-2022-750ml\/#primaryimage","url":"https:\/\/wein-werte.com\/wp-content\/uploads\/2026\/04\/Roterfaden-Lemberger-Herzstuck-2022-750ml.png","contentUrl":"https:\/\/wein-werte.com\/wp-content\/uploads\/2026\/04\/Roterfaden-Lemberger-Herzstuck-2022-750ml.png","width":324,"height":1200,"caption":"Roterfaden Lemberger Herzst\u00fcck 2022 750ml"},{"@type":"BreadcrumbList","@id":"https:\/\/wein-werte.com\/en\/product\/roterfaden-lemberger-herzstuck-2022-750ml\/#breadcrumb","itemListElement":[{"@type":"ListItem","position":1,"name":"Home","item":"https:\/\/wein-werte.com\/en\/"},{"@type":"ListItem","position":2,"name":"Shop Page","item":"https:\/\/wein-werte.com\/en\/shop\/"},{"@type":"ListItem","position":3,"name":"Roterfaden | Baden-W\u00fcrttemberg | Lemberger Herzst\u00fcck | 2022 | 750ml | bio"}]},{"@type":"WebSite","@id":"https:\/\/wein-werte.com\/de\/#website","url":"https:\/\/wein-werte.com\/de\/","name":"Wein Werte","description":"","publisher":{"@id":"https:\/\/wein-werte.com\/de\/#organization"},"potentialAction":[{"@type":"SearchAction","target":{"@type":"EntryPoint","urlTemplate":"https:\/\/wein-werte.com\/de\/?s={search_term_string}"},"query-input":{"@type":"PropertyValueSpecification","valueRequired":true,"valueName":"search_term_string"}}],"inLanguage":"en-US"},{"@type":"Organization","@id":"https:\/\/wein-werte.com\/de\/#organization","name":"Vins Fins Thorrold","url":"https:\/\/wein-werte.com\/de\/","logo":{"@type":"ImageObject","inLanguage":"en-US","@id":"https:\/\/wein-werte.com\/de\/#\/schema\/logo\/image\/","url":"https:\/\/wein-werte.com\/wp-content\/uploads\/2023\/07\/Wein_werte_Logo700-1.png","contentUrl":"https:\/\/wein-werte.com\/wp-content\/uploads\/2023\/07\/Wein_werte_Logo700-1.png","width":700,"height":272,"caption":"Vins Fins Thorrold"},"image":{"@id":"https:\/\/wein-werte.com\/de\/#\/schema\/logo\/image\/"}}]}},"_links":{"self":[{"href":"https:\/\/wein-werte.com\/en\/wp-json\/wp\/v2\/product\/1123933","targetHints":{"allow":["GET"]}}],"collection":[{"href":"https:\/\/wein-werte.com\/en\/wp-json\/wp\/v2\/product"}],"about":[{"href":"https:\/\/wein-werte.com\/en\/wp-json\/wp\/v2\/types\/product"}],"wp:featuredmedia":[{"embeddable":true,"href":"https:\/\/wein-werte.com\/en\/wp-json\/wp\/v2\/media\/1141737"}],"wp:attachment":[{"href":"https:\/\/wein-werte.com\/en\/wp-json\/wp\/v2\/media?parent=1123933"}],"wp:term":[{"taxonomy":"product_brand","embeddable":true,"href":"https:\/\/wein-werte.com\/en\/wp-json\/wp\/v2\/product_brand?post=1123933"},{"taxonomy":"product_cat","embeddable":true,"href":"https:\/\/wein-werte.com\/en\/wp-json\/wp\/v2\/product_cat?post=1123933"},{"taxonomy":"product_tag","embeddable":true,"href":"https:\/\/wein-werte.com\/en\/wp-json\/wp\/v2\/product_tag?post=1123933"}],"curies":[{"name":"wp","href":"https:\/\/api.w.org\/{rel}","templated":true}]}}