{"id":1123925,"date":"2026-05-05T18:19:08","date_gmt":"2026-05-05T16:19:08","guid":{"rendered":"https:\/\/wein-werte.com\/product\/klaus-vorgrimmler-rose-vom-spatburgunder-2023-750ml\/"},"modified":"2026-05-05T18:19:09","modified_gmt":"2026-05-05T16:19:09","slug":"klaus-vorgrimmler-rose-vom-spatburgunder-2023-750ml","status":"publish","type":"product","link":"https:\/\/wein-werte.com\/en\/product\/klaus-vorgrimmler-rose-vom-spatburgunder-2023-750ml\/","title":{"rendered":"Klaus Vorgrimmler | Baden | Ros\u00e9 vom Sp\u00e4tburgunder | 2023 | 750ml | bio"},"content":{"rendered":"<p>Product description for Klaus Vorgrimmler Ros\u00e9 vom Sp\u00e4tburgunder 2023 (bio)<\/p>\n<p>The soils are predominantly loess. Dogger and Jurassic limestone appear in the subsoil. Dogger is a less commonly used name. Brown Jurassic is more commonly used. This formation dates from the middle period, from 180 to 159 million years ago. The fertile loess has been continuously cultivated for 40 years. The soils have not been cultivated for several years, so that over 80 plant species can be found here within the framework of biodiversity. Each plant species has a micro-role in this context. Growth is balanced, the soil is loosened, and biodiversity contributes to the ecological cycle. The vines are pruned no more than once per year, or not at all. With the so-called KV pruning, yields are reduced to a moderate 30 to 40 hl\/he and the plants are not overtaxed. Teas are applied regularly, as well as small amounts of copper and baking powder. Sulfur is not used on the vines. The harvest is scheduled earlier, and a slightly lower yield is accepted for the sake of grape health and acidity. Vorgrimmler&#8217;s ros\u00e9 is always harvested from the same old plot. The maceration times in 2023 were shorter than in previous years. Pressing takes place at moderate pressure, resulting in a slow yield. Phenols and bitter substances are not intended for this wine. After pressing, the grapes are left to rest overnight to allow the lees to settle naturally. Fermentation takes place at 18\u00b0C in steel tanks without the addition of any additives. Each wine is brought to the fermentation phase with its own approach. All wines undergo malolactic fermentation over the course of the winter. The wines then rest on the fine lees in steel tanks. Bottling takes place in spring. Sulfur is used only once in the entire process: shortly before bottling and only with the motto: as much as necessary, as little as possible. <\/p>\n<h5>Colour<\/h5>\n<p> Brilliant pomegranate red with numerous light and orange reflections. <\/p>\n<h5>Nose<\/h5>\n<p> It has an intense aroma of wild berries. Raspberry and strawberry smell seductive and wild at the same time. Sour cherry and red currant provide accents and varietal character. Bergamot zest and kaffir lime leaves in the background balance tartness and freshness. Clove and cinnamon leave their mark in delicate doses. Thyme, sage, and rosemary appear in dried form and leave lasting traces in the glass. <\/p>\n<h5>Palate<\/h5>\n<p> In essence, this is an earthy, spicy ros\u00e9 far from the mainstream. It nevertheless dances lightly across the palate. The fruit is much more subdued and with lactic elements, reminiscent of cream and cherry candies. A taut and straightforward ros\u00e9 that exudes coldness. The fruit handles this very well and always subordinates itself. More Provence than Pinot Noir ros\u00e9. Its ability to play with positive bitterness also fits in with this. This is noticeably stimulating.<\/p>\n<p>Copyright Vinaturel 2025<\/p>\n<p>Keywords: <a href=\"https:\/\/wein-werte.com\/shop\/?swoof=1&#038;pa_producer=Klaus-Vorgrimmler\">Klaus Vorgrimmler<\/a> <a href=\"https:\/\/wein-werte.com\/shop\/?swoof=1&#038;woof_text=Ros\u00e9 vom Sp\u00e4tburgunder\">Ros\u00e9 vom Sp\u00e4tburgunder<\/a> 2023 bio <a href=\"https:\/\/wein-werte.com\/shop\/?swoof=1&#038;pa_region=Baden\">Baden<\/a> <a href=\"https:\/\/wein-werte.com\/shop\/?swoof=1&#038;pa_country=Germany\">Germany<\/a><\/p>\n<p>Producer website: <a href=\"http:\/\/vorgrimmler.de\/\" target=\"_blank\">http:\/\/vorgrimmler.de\/<\/a><\/p>\n","protected":false},"excerpt":{"rendered":"<p>Delivery time: 1 to 2 working days (DE), 2 to 5 working days (EU and CH)<\/p>\n","protected":false},"featured_media":1141713,"template":"","meta":[],"product_brand":[],"product_cat":[19],"product_tag":[],"class_list":{"0":"post-1123925","1":"product","2":"type-product","3":"status-publish","4":"has-post-thumbnail","6":"product_cat-unkategorisiert","7":"pa_alcohol-for-filter-12897","8":"pa_certified-biodynamic-no","9":"pa_certified-organic-yes","10":"pa_colour-rose","11":"pa_country-germany","12":"pa_grape-pinot-noir-spatburgunder","13":"pa_price-for-filter-10580","14":"pa_producer-klaus-vorgrimmler","15":"pa_region-baden","16":"pa_size-ml-6584","17":"pa_sweetness-dry","18":"pa_type-2-still","19":"pa_vintage-12619","20":"entry","21":"has-media","23":"first","24":"instock","25":"taxable","26":"shipping-taxable","27":"purchasable","28":"product-type-simple"},"yoast_head":"<!-- This site is optimized with the Yoast SEO plugin v27.5 - https:\/\/yoast.com\/product\/yoast-seo-wordpress\/ -->\n<title>Klaus Vorgrimmler Ros\u00e9 vom Spatburgunder 2023<\/title>\n<meta name=\"description\" content=\"Buy Klaus Vorgrimmler Ros\u00e9 vom Sp\u00e4tburgunder 2023 - a dry Pinot Noir from Baden, Germany - at Wein Werte, your sustainable online shop.\" \/>\n<meta name=\"robots\" content=\"index, follow, max-snippet:-1, max-image-preview:large, max-video-preview:-1\" \/>\n<link rel=\"canonical\" href=\"https:\/\/wein-werte.com\/en\/product\/klaus-vorgrimmler-rose-vom-spatburgunder-2023-750ml\/\" \/>\n<meta property=\"og:locale\" content=\"en_US\" \/>\n<meta property=\"og:type\" content=\"article\" \/>\n<meta property=\"og:title\" content=\"Klaus Vorgrimmler Ros\u00e9 vom Spatburgunder 2023\" \/>\n<meta property=\"og:description\" content=\"Buy Klaus Vorgrimmler Ros\u00e9 vom Sp\u00e4tburgunder 2023 - a dry Pinot Noir from Baden, Germany - at Wein Werte, your sustainable online shop.\" \/>\n<meta property=\"og:url\" content=\"https:\/\/wein-werte.com\/en\/product\/klaus-vorgrimmler-rose-vom-spatburgunder-2023-750ml\/\" \/>\n<meta property=\"og:site_name\" content=\"Wein Werte\" \/>\n<meta property=\"article:modified_time\" content=\"2026-05-05T16:19:09+00:00\" \/>\n<meta property=\"og:image\" content=\"https:\/\/wein-werte.com\/wp-content\/uploads\/2026\/04\/Klaus-Vorgrimmler-Rose-vom-Spatburgunder-2023-750ml.png\" \/>\n\t<meta property=\"og:image:width\" content=\"331\" \/>\n\t<meta property=\"og:image:height\" content=\"1200\" \/>\n\t<meta property=\"og:image:type\" content=\"image\/png\" \/>\n<meta name=\"twitter:card\" content=\"summary_large_image\" \/>\n<meta name=\"twitter:label1\" content=\"Est. reading time\" \/>\n\t<meta name=\"twitter:data1\" content=\"2 minutes\" \/>\n<script type=\"application\/ld+json\" class=\"yoast-schema-graph\">{\"@context\":\"https:\\\/\\\/schema.org\",\"@graph\":[{\"@type\":\"WebPage\",\"@id\":\"https:\\\/\\\/wein-werte.com\\\/en\\\/product\\\/klaus-vorgrimmler-rose-vom-spatburgunder-2023-750ml\\\/\",\"url\":\"https:\\\/\\\/wein-werte.com\\\/en\\\/product\\\/klaus-vorgrimmler-rose-vom-spatburgunder-2023-750ml\\\/\",\"name\":\"Klaus Vorgrimmler Ros\u00e9 vom Spatburgunder 2023\",\"isPartOf\":{\"@id\":\"https:\\\/\\\/wein-werte.com\\\/de\\\/#website\"},\"primaryImageOfPage\":{\"@id\":\"https:\\\/\\\/wein-werte.com\\\/en\\\/product\\\/klaus-vorgrimmler-rose-vom-spatburgunder-2023-750ml\\\/#primaryimage\"},\"image\":{\"@id\":\"https:\\\/\\\/wein-werte.com\\\/en\\\/product\\\/klaus-vorgrimmler-rose-vom-spatburgunder-2023-750ml\\\/#primaryimage\"},\"thumbnailUrl\":\"https:\\\/\\\/wein-werte.com\\\/wp-content\\\/uploads\\\/2026\\\/04\\\/Klaus-Vorgrimmler-Rose-vom-Spatburgunder-2023-750ml.png\",\"datePublished\":\"2026-05-05T16:19:08+00:00\",\"dateModified\":\"2026-05-05T16:19:09+00:00\",\"description\":\"Buy Klaus Vorgrimmler Ros\u00e9 vom Sp\u00e4tburgunder 2023 - a dry Pinot Noir from Baden, Germany - at Wein Werte, your sustainable online shop.\",\"breadcrumb\":{\"@id\":\"https:\\\/\\\/wein-werte.com\\\/en\\\/product\\\/klaus-vorgrimmler-rose-vom-spatburgunder-2023-750ml\\\/#breadcrumb\"},\"inLanguage\":\"en-US\",\"potentialAction\":[{\"@type\":\"ReadAction\",\"target\":[\"https:\\\/\\\/wein-werte.com\\\/en\\\/product\\\/klaus-vorgrimmler-rose-vom-spatburgunder-2023-750ml\\\/\"]}]},{\"@type\":\"ImageObject\",\"inLanguage\":\"en-US\",\"@id\":\"https:\\\/\\\/wein-werte.com\\\/en\\\/product\\\/klaus-vorgrimmler-rose-vom-spatburgunder-2023-750ml\\\/#primaryimage\",\"url\":\"https:\\\/\\\/wein-werte.com\\\/wp-content\\\/uploads\\\/2026\\\/04\\\/Klaus-Vorgrimmler-Rose-vom-Spatburgunder-2023-750ml.png\",\"contentUrl\":\"https:\\\/\\\/wein-werte.com\\\/wp-content\\\/uploads\\\/2026\\\/04\\\/Klaus-Vorgrimmler-Rose-vom-Spatburgunder-2023-750ml.png\",\"width\":331,\"height\":1200,\"caption\":\"Klaus Vorgrimmler Ros\u00e9 vom Sp\u00e4tburgunder 2023 750ml\"},{\"@type\":\"BreadcrumbList\",\"@id\":\"https:\\\/\\\/wein-werte.com\\\/en\\\/product\\\/klaus-vorgrimmler-rose-vom-spatburgunder-2023-750ml\\\/#breadcrumb\",\"itemListElement\":[{\"@type\":\"ListItem\",\"position\":1,\"name\":\"Home\",\"item\":\"https:\\\/\\\/wein-werte.com\\\/en\\\/\"},{\"@type\":\"ListItem\",\"position\":2,\"name\":\"Shop Page\",\"item\":\"https:\\\/\\\/wein-werte.com\\\/en\\\/shop\\\/\"},{\"@type\":\"ListItem\",\"position\":3,\"name\":\"Klaus Vorgrimmler | Baden | Ros\u00e9 vom Sp\u00e4tburgunder | 2023 | 750ml | bio\"}]},{\"@type\":\"WebSite\",\"@id\":\"https:\\\/\\\/wein-werte.com\\\/de\\\/#website\",\"url\":\"https:\\\/\\\/wein-werte.com\\\/de\\\/\",\"name\":\"Wein Werte\",\"description\":\"\",\"publisher\":{\"@id\":\"https:\\\/\\\/wein-werte.com\\\/de\\\/#organization\"},\"potentialAction\":[{\"@type\":\"SearchAction\",\"target\":{\"@type\":\"EntryPoint\",\"urlTemplate\":\"https:\\\/\\\/wein-werte.com\\\/de\\\/?s={search_term_string}\"},\"query-input\":{\"@type\":\"PropertyValueSpecification\",\"valueRequired\":true,\"valueName\":\"search_term_string\"}}],\"inLanguage\":\"en-US\"},{\"@type\":\"Organization\",\"@id\":\"https:\\\/\\\/wein-werte.com\\\/de\\\/#organization\",\"name\":\"Vins Fins Thorrold\",\"url\":\"https:\\\/\\\/wein-werte.com\\\/de\\\/\",\"logo\":{\"@type\":\"ImageObject\",\"inLanguage\":\"en-US\",\"@id\":\"https:\\\/\\\/wein-werte.com\\\/de\\\/#\\\/schema\\\/logo\\\/image\\\/\",\"url\":\"https:\\\/\\\/wein-werte.com\\\/wp-content\\\/uploads\\\/2023\\\/07\\\/Wein_werte_Logo700-1.png\",\"contentUrl\":\"https:\\\/\\\/wein-werte.com\\\/wp-content\\\/uploads\\\/2023\\\/07\\\/Wein_werte_Logo700-1.png\",\"width\":700,\"height\":272,\"caption\":\"Vins Fins Thorrold\"},\"image\":{\"@id\":\"https:\\\/\\\/wein-werte.com\\\/de\\\/#\\\/schema\\\/logo\\\/image\\\/\"}}]}<\/script>\n<!-- \/ Yoast SEO plugin. -->","yoast_head_json":{"title":"Klaus Vorgrimmler Ros\u00e9 vom Spatburgunder 2023","description":"Buy Klaus Vorgrimmler Ros\u00e9 vom Sp\u00e4tburgunder 2023 - a dry Pinot Noir from Baden, Germany - at Wein Werte, your sustainable online shop.","robots":{"index":"index","follow":"follow","max-snippet":"max-snippet:-1","max-image-preview":"max-image-preview:large","max-video-preview":"max-video-preview:-1"},"canonical":"https:\/\/wein-werte.com\/en\/product\/klaus-vorgrimmler-rose-vom-spatburgunder-2023-750ml\/","og_locale":"en_US","og_type":"article","og_title":"Klaus Vorgrimmler Ros\u00e9 vom Spatburgunder 2023","og_description":"Buy Klaus Vorgrimmler Ros\u00e9 vom Sp\u00e4tburgunder 2023 - a dry Pinot Noir from Baden, Germany - at Wein Werte, your sustainable online shop.","og_url":"https:\/\/wein-werte.com\/en\/product\/klaus-vorgrimmler-rose-vom-spatburgunder-2023-750ml\/","og_site_name":"Wein Werte","article_modified_time":"2026-05-05T16:19:09+00:00","og_image":[{"width":331,"height":1200,"url":"https:\/\/wein-werte.com\/wp-content\/uploads\/2026\/04\/Klaus-Vorgrimmler-Rose-vom-Spatburgunder-2023-750ml.png","type":"image\/png"}],"twitter_card":"summary_large_image","twitter_misc":{"Est. reading time":"2 minutes"},"schema":{"@context":"https:\/\/schema.org","@graph":[{"@type":"WebPage","@id":"https:\/\/wein-werte.com\/en\/product\/klaus-vorgrimmler-rose-vom-spatburgunder-2023-750ml\/","url":"https:\/\/wein-werte.com\/en\/product\/klaus-vorgrimmler-rose-vom-spatburgunder-2023-750ml\/","name":"Klaus Vorgrimmler Ros\u00e9 vom Spatburgunder 2023","isPartOf":{"@id":"https:\/\/wein-werte.com\/de\/#website"},"primaryImageOfPage":{"@id":"https:\/\/wein-werte.com\/en\/product\/klaus-vorgrimmler-rose-vom-spatburgunder-2023-750ml\/#primaryimage"},"image":{"@id":"https:\/\/wein-werte.com\/en\/product\/klaus-vorgrimmler-rose-vom-spatburgunder-2023-750ml\/#primaryimage"},"thumbnailUrl":"https:\/\/wein-werte.com\/wp-content\/uploads\/2026\/04\/Klaus-Vorgrimmler-Rose-vom-Spatburgunder-2023-750ml.png","datePublished":"2026-05-05T16:19:08+00:00","dateModified":"2026-05-05T16:19:09+00:00","description":"Buy Klaus Vorgrimmler Ros\u00e9 vom Sp\u00e4tburgunder 2023 - a dry Pinot Noir from Baden, Germany - at Wein Werte, your sustainable online shop.","breadcrumb":{"@id":"https:\/\/wein-werte.com\/en\/product\/klaus-vorgrimmler-rose-vom-spatburgunder-2023-750ml\/#breadcrumb"},"inLanguage":"en-US","potentialAction":[{"@type":"ReadAction","target":["https:\/\/wein-werte.com\/en\/product\/klaus-vorgrimmler-rose-vom-spatburgunder-2023-750ml\/"]}]},{"@type":"ImageObject","inLanguage":"en-US","@id":"https:\/\/wein-werte.com\/en\/product\/klaus-vorgrimmler-rose-vom-spatburgunder-2023-750ml\/#primaryimage","url":"https:\/\/wein-werte.com\/wp-content\/uploads\/2026\/04\/Klaus-Vorgrimmler-Rose-vom-Spatburgunder-2023-750ml.png","contentUrl":"https:\/\/wein-werte.com\/wp-content\/uploads\/2026\/04\/Klaus-Vorgrimmler-Rose-vom-Spatburgunder-2023-750ml.png","width":331,"height":1200,"caption":"Klaus Vorgrimmler Ros\u00e9 vom Sp\u00e4tburgunder 2023 750ml"},{"@type":"BreadcrumbList","@id":"https:\/\/wein-werte.com\/en\/product\/klaus-vorgrimmler-rose-vom-spatburgunder-2023-750ml\/#breadcrumb","itemListElement":[{"@type":"ListItem","position":1,"name":"Home","item":"https:\/\/wein-werte.com\/en\/"},{"@type":"ListItem","position":2,"name":"Shop Page","item":"https:\/\/wein-werte.com\/en\/shop\/"},{"@type":"ListItem","position":3,"name":"Klaus Vorgrimmler | Baden | Ros\u00e9 vom Sp\u00e4tburgunder | 2023 | 750ml | bio"}]},{"@type":"WebSite","@id":"https:\/\/wein-werte.com\/de\/#website","url":"https:\/\/wein-werte.com\/de\/","name":"Wein Werte","description":"","publisher":{"@id":"https:\/\/wein-werte.com\/de\/#organization"},"potentialAction":[{"@type":"SearchAction","target":{"@type":"EntryPoint","urlTemplate":"https:\/\/wein-werte.com\/de\/?s={search_term_string}"},"query-input":{"@type":"PropertyValueSpecification","valueRequired":true,"valueName":"search_term_string"}}],"inLanguage":"en-US"},{"@type":"Organization","@id":"https:\/\/wein-werte.com\/de\/#organization","name":"Vins Fins Thorrold","url":"https:\/\/wein-werte.com\/de\/","logo":{"@type":"ImageObject","inLanguage":"en-US","@id":"https:\/\/wein-werte.com\/de\/#\/schema\/logo\/image\/","url":"https:\/\/wein-werte.com\/wp-content\/uploads\/2023\/07\/Wein_werte_Logo700-1.png","contentUrl":"https:\/\/wein-werte.com\/wp-content\/uploads\/2023\/07\/Wein_werte_Logo700-1.png","width":700,"height":272,"caption":"Vins Fins Thorrold"},"image":{"@id":"https:\/\/wein-werte.com\/de\/#\/schema\/logo\/image\/"}}]}},"_links":{"self":[{"href":"https:\/\/wein-werte.com\/en\/wp-json\/wp\/v2\/product\/1123925","targetHints":{"allow":["GET"]}}],"collection":[{"href":"https:\/\/wein-werte.com\/en\/wp-json\/wp\/v2\/product"}],"about":[{"href":"https:\/\/wein-werte.com\/en\/wp-json\/wp\/v2\/types\/product"}],"wp:featuredmedia":[{"embeddable":true,"href":"https:\/\/wein-werte.com\/en\/wp-json\/wp\/v2\/media\/1141713"}],"wp:attachment":[{"href":"https:\/\/wein-werte.com\/en\/wp-json\/wp\/v2\/media?parent=1123925"}],"wp:term":[{"taxonomy":"product_brand","embeddable":true,"href":"https:\/\/wein-werte.com\/en\/wp-json\/wp\/v2\/product_brand?post=1123925"},{"taxonomy":"product_cat","embeddable":true,"href":"https:\/\/wein-werte.com\/en\/wp-json\/wp\/v2\/product_cat?post=1123925"},{"taxonomy":"product_tag","embeddable":true,"href":"https:\/\/wein-werte.com\/en\/wp-json\/wp\/v2\/product_tag?post=1123925"}],"curies":[{"name":"wp","href":"https:\/\/api.w.org\/{rel}","templated":true}]}}