{"id":1123875,"date":"2026-05-05T18:18:57","date_gmt":"2026-05-05T16:18:57","guid":{"rendered":"https:\/\/wein-werte.com\/product\/karthauserhof-karthauserhof-brut-traditionelle-flaschengarung-750ml\/"},"modified":"2026-05-05T18:18:58","modified_gmt":"2026-05-05T16:18:58","slug":"karthauserhof-karthauserhof-brut-traditionelle-flaschengarung-750ml","status":"publish","type":"product","link":"https:\/\/wein-werte.com\/en\/product\/karthauserhof-karthauserhof-brut-traditionelle-flaschengarung-750ml\/","title":{"rendered":"Karth\u00e4userhof | Mosel | Karth\u00e4userhof Brut, traditionelle Flascheng\u00e4rung | NV | 750ml"},"content":{"rendered":"<p>Product description for Karth\u00e4userhof Karth\u00e4userhof Brut, traditionelle Flascheng\u00e4rung NV <\/p>\n<h5>Information about the sparkling wine<\/h5>\n<p> 80% Riesling and 20% Pinot Blanc. <\/p>\n<h5>Information about the aging<\/h5>\n<p> 36 months of lees aging and 1.5g dosage. <\/p>\n<h5>Colour\/Appearance<\/h5>\n<p> Light yellow with distinct silvery reflections\/Ultrafine, broadly scattered mousse. <\/p>\n<h5>Nose<\/h5>\n<p> The 1\/24 Kart\u00e4userhof Brut exudes wonderful finesse, opening with citrus, green apple, chalky notes, and a distinct herbal spice. A top-notch sparkling wine that tolerates oxygen, it is then joined by the finest brioche notes, oyster shell, sea breeze, green tea, and grapefruit, all wonderfully interwoven. <\/p>\n<h5>Palate<\/h5>\n<p> There&#8217;s no denying the talented sparkling winemaker behind this product, Mathieu Kaufmann. Crisp and mouthwatering, this refined, cool sparkling wine flows across the palate, stimulating all taste buds to the fullest. You won&#8217;t want to put it down; delicate and creamy at the same time, this sparkling wine is not only the perfect aperitif, but this masterpiece also pairs perfectly with fine dishes. We raise a glass to German sparkling wine culture with French flair. Excellent value for money.<\/p>\n<p>Copyright Vinaturel 2025<\/p>\n<p>Keywords: <a href=\"https:\/\/wein-werte.com\/shop\/?swoof=1&#038;pa_producer=Karth\u00e4userhof\">Karth\u00e4userhof<\/a> <a href=\"https:\/\/wein-werte.com\/shop\/?swoof=1&#038;woof_text=Karth\u00e4userhof Brut, traditionelle Flascheng\u00e4rung\">Karth\u00e4userhof Brut, traditionelle Flascheng\u00e4rung<\/a> NV  <a href=\"https:\/\/wein-werte.com\/shop\/?swoof=1&#038;pa_region=Mosel\">Mosel<\/a> <a href=\"https:\/\/wein-werte.com\/shop\/?swoof=1&#038;pa_country=Germany\">Germany<\/a><\/p>\n<p>Producer website: <a href=\"https:\/\/www.karthaeuserhof.com\/en\/\" target=\"_blank\">https:\/\/www.karthaeuserhof.com\/en\/<\/a><\/p>\n","protected":false},"excerpt":{"rendered":"<p>Delivery time: 1 to 2 working days (DE), 2 to 5 working days (EU and CH)<\/p>\n","protected":false},"featured_media":1141553,"template":"","meta":[],"product_brand":[],"product_cat":[19],"product_tag":[],"class_list":{"0":"post-1123875","1":"product","2":"type-product","3":"status-publish","4":"has-post-thumbnail","6":"product_cat-unkategorisiert","7":"pa_alcohol-for-filter-12893","8":"pa_certified-biodynamic-no","9":"pa_certified-organic-no","10":"pa_colour-white","11":"pa_country-germany","12":"pa_grape-riesling-blend","13":"pa_price-for-filter-10628","14":"pa_producer-karthauserhof","15":"pa_region-mosel","16":"pa_size-ml-6584","17":"pa_sweetness-dry","18":"pa_type-2-sekt","19":"pa_vintage-nv","20":"entry","21":"has-media","23":"first","24":"instock","25":"taxable","26":"shipping-taxable","27":"purchasable","28":"product-type-simple"},"yoast_head":"<!-- This site is optimized with the Yoast SEO plugin v27.5 - https:\/\/yoast.com\/product\/yoast-seo-wordpress\/ -->\n<title>Karthauserhof Karthauserhof Brut traditionelle Flaschengarung<\/title>\n<meta name=\"description\" content=\"Buy Karth\u00e4userhof Karth\u00e4userhof Brut traditionelle Flascheng\u00e4rung - a dry Riesling blend sparkling wine from Mosel, Germany - at Wein Werte, your sustainable online shop.\" \/>\n<meta name=\"robots\" content=\"index, follow, max-snippet:-1, max-image-preview:large, max-video-preview:-1\" \/>\n<link rel=\"canonical\" href=\"https:\/\/wein-werte.com\/en\/product\/karthauserhof-karthauserhof-brut-traditionelle-flaschengarung-750ml\/\" \/>\n<meta property=\"og:locale\" content=\"en_US\" \/>\n<meta property=\"og:type\" content=\"article\" \/>\n<meta property=\"og:title\" content=\"Karthauserhof Karthauserhof Brut traditionelle Flaschengarung\" \/>\n<meta property=\"og:description\" content=\"Buy Karth\u00e4userhof Karth\u00e4userhof Brut traditionelle Flascheng\u00e4rung - a dry Riesling blend sparkling wine from Mosel, Germany - at Wein Werte, your sustainable online shop.\" \/>\n<meta property=\"og:url\" content=\"https:\/\/wein-werte.com\/en\/product\/karthauserhof-karthauserhof-brut-traditionelle-flaschengarung-750ml\/\" \/>\n<meta property=\"og:site_name\" content=\"Wein Werte\" \/>\n<meta property=\"article:modified_time\" content=\"2026-05-05T16:18:58+00:00\" \/>\n<meta property=\"og:image\" content=\"https:\/\/wein-werte.com\/wp-content\/uploads\/2026\/04\/Karthauserhof-Karthauserhof-Brut-traditionelle-Flaschengarung-750ml.png\" \/>\n\t<meta property=\"og:image:width\" content=\"316\" \/>\n\t<meta property=\"og:image:height\" content=\"1200\" \/>\n\t<meta property=\"og:image:type\" content=\"image\/png\" \/>\n<meta name=\"twitter:card\" content=\"summary_large_image\" \/>\n<meta name=\"twitter:label1\" content=\"Est. reading time\" \/>\n\t<meta name=\"twitter:data1\" content=\"1 minute\" \/>\n<script type=\"application\/ld+json\" class=\"yoast-schema-graph\">{\"@context\":\"https:\\\/\\\/schema.org\",\"@graph\":[{\"@type\":\"WebPage\",\"@id\":\"https:\\\/\\\/wein-werte.com\\\/en\\\/product\\\/karthauserhof-karthauserhof-brut-traditionelle-flaschengarung-750ml\\\/\",\"url\":\"https:\\\/\\\/wein-werte.com\\\/en\\\/product\\\/karthauserhof-karthauserhof-brut-traditionelle-flaschengarung-750ml\\\/\",\"name\":\"Karthauserhof Karthauserhof Brut traditionelle Flaschengarung\",\"isPartOf\":{\"@id\":\"https:\\\/\\\/wein-werte.com\\\/de\\\/#website\"},\"primaryImageOfPage\":{\"@id\":\"https:\\\/\\\/wein-werte.com\\\/en\\\/product\\\/karthauserhof-karthauserhof-brut-traditionelle-flaschengarung-750ml\\\/#primaryimage\"},\"image\":{\"@id\":\"https:\\\/\\\/wein-werte.com\\\/en\\\/product\\\/karthauserhof-karthauserhof-brut-traditionelle-flaschengarung-750ml\\\/#primaryimage\"},\"thumbnailUrl\":\"https:\\\/\\\/wein-werte.com\\\/wp-content\\\/uploads\\\/2026\\\/04\\\/Karthauserhof-Karthauserhof-Brut-traditionelle-Flaschengarung-750ml.png\",\"datePublished\":\"2026-05-05T16:18:57+00:00\",\"dateModified\":\"2026-05-05T16:18:58+00:00\",\"description\":\"Buy Karth\u00e4userhof Karth\u00e4userhof Brut traditionelle Flascheng\u00e4rung - a dry Riesling blend sparkling wine from Mosel, Germany - at Wein Werte, your sustainable online shop.\",\"breadcrumb\":{\"@id\":\"https:\\\/\\\/wein-werte.com\\\/en\\\/product\\\/karthauserhof-karthauserhof-brut-traditionelle-flaschengarung-750ml\\\/#breadcrumb\"},\"inLanguage\":\"en-US\",\"potentialAction\":[{\"@type\":\"ReadAction\",\"target\":[\"https:\\\/\\\/wein-werte.com\\\/en\\\/product\\\/karthauserhof-karthauserhof-brut-traditionelle-flaschengarung-750ml\\\/\"]}]},{\"@type\":\"ImageObject\",\"inLanguage\":\"en-US\",\"@id\":\"https:\\\/\\\/wein-werte.com\\\/en\\\/product\\\/karthauserhof-karthauserhof-brut-traditionelle-flaschengarung-750ml\\\/#primaryimage\",\"url\":\"https:\\\/\\\/wein-werte.com\\\/wp-content\\\/uploads\\\/2026\\\/04\\\/Karthauserhof-Karthauserhof-Brut-traditionelle-Flaschengarung-750ml.png\",\"contentUrl\":\"https:\\\/\\\/wein-werte.com\\\/wp-content\\\/uploads\\\/2026\\\/04\\\/Karthauserhof-Karthauserhof-Brut-traditionelle-Flaschengarung-750ml.png\",\"width\":316,\"height\":1200,\"caption\":\"Karth\u00e4userhof Karth\u00e4userhof Brut, traditionelle Flascheng\u00e4rung NV 750ml\"},{\"@type\":\"BreadcrumbList\",\"@id\":\"https:\\\/\\\/wein-werte.com\\\/en\\\/product\\\/karthauserhof-karthauserhof-brut-traditionelle-flaschengarung-750ml\\\/#breadcrumb\",\"itemListElement\":[{\"@type\":\"ListItem\",\"position\":1,\"name\":\"Home\",\"item\":\"https:\\\/\\\/wein-werte.com\\\/en\\\/\"},{\"@type\":\"ListItem\",\"position\":2,\"name\":\"Shop Page\",\"item\":\"https:\\\/\\\/wein-werte.com\\\/en\\\/shop\\\/\"},{\"@type\":\"ListItem\",\"position\":3,\"name\":\"Karth\u00e4userhof | Mosel | Karth\u00e4userhof Brut, traditionelle Flascheng\u00e4rung | NV | 750ml\"}]},{\"@type\":\"WebSite\",\"@id\":\"https:\\\/\\\/wein-werte.com\\\/de\\\/#website\",\"url\":\"https:\\\/\\\/wein-werte.com\\\/de\\\/\",\"name\":\"Wein Werte\",\"description\":\"\",\"publisher\":{\"@id\":\"https:\\\/\\\/wein-werte.com\\\/de\\\/#organization\"},\"potentialAction\":[{\"@type\":\"SearchAction\",\"target\":{\"@type\":\"EntryPoint\",\"urlTemplate\":\"https:\\\/\\\/wein-werte.com\\\/de\\\/?s={search_term_string}\"},\"query-input\":{\"@type\":\"PropertyValueSpecification\",\"valueRequired\":true,\"valueName\":\"search_term_string\"}}],\"inLanguage\":\"en-US\"},{\"@type\":\"Organization\",\"@id\":\"https:\\\/\\\/wein-werte.com\\\/de\\\/#organization\",\"name\":\"Vins Fins Thorrold\",\"url\":\"https:\\\/\\\/wein-werte.com\\\/de\\\/\",\"logo\":{\"@type\":\"ImageObject\",\"inLanguage\":\"en-US\",\"@id\":\"https:\\\/\\\/wein-werte.com\\\/de\\\/#\\\/schema\\\/logo\\\/image\\\/\",\"url\":\"https:\\\/\\\/wein-werte.com\\\/wp-content\\\/uploads\\\/2023\\\/07\\\/Wein_werte_Logo700-1.png\",\"contentUrl\":\"https:\\\/\\\/wein-werte.com\\\/wp-content\\\/uploads\\\/2023\\\/07\\\/Wein_werte_Logo700-1.png\",\"width\":700,\"height\":272,\"caption\":\"Vins Fins Thorrold\"},\"image\":{\"@id\":\"https:\\\/\\\/wein-werte.com\\\/de\\\/#\\\/schema\\\/logo\\\/image\\\/\"}}]}<\/script>\n<!-- \/ Yoast SEO plugin. -->","yoast_head_json":{"title":"Karthauserhof Karthauserhof Brut traditionelle Flaschengarung","description":"Buy Karth\u00e4userhof Karth\u00e4userhof Brut traditionelle Flascheng\u00e4rung - a dry Riesling blend sparkling wine from Mosel, Germany - at Wein Werte, your sustainable online shop.","robots":{"index":"index","follow":"follow","max-snippet":"max-snippet:-1","max-image-preview":"max-image-preview:large","max-video-preview":"max-video-preview:-1"},"canonical":"https:\/\/wein-werte.com\/en\/product\/karthauserhof-karthauserhof-brut-traditionelle-flaschengarung-750ml\/","og_locale":"en_US","og_type":"article","og_title":"Karthauserhof Karthauserhof Brut traditionelle Flaschengarung","og_description":"Buy Karth\u00e4userhof Karth\u00e4userhof Brut traditionelle Flascheng\u00e4rung - a dry Riesling blend sparkling wine from Mosel, Germany - at Wein Werte, your sustainable online shop.","og_url":"https:\/\/wein-werte.com\/en\/product\/karthauserhof-karthauserhof-brut-traditionelle-flaschengarung-750ml\/","og_site_name":"Wein Werte","article_modified_time":"2026-05-05T16:18:58+00:00","og_image":[{"width":316,"height":1200,"url":"https:\/\/wein-werte.com\/wp-content\/uploads\/2026\/04\/Karthauserhof-Karthauserhof-Brut-traditionelle-Flaschengarung-750ml.png","type":"image\/png"}],"twitter_card":"summary_large_image","twitter_misc":{"Est. reading time":"1 minute"},"schema":{"@context":"https:\/\/schema.org","@graph":[{"@type":"WebPage","@id":"https:\/\/wein-werte.com\/en\/product\/karthauserhof-karthauserhof-brut-traditionelle-flaschengarung-750ml\/","url":"https:\/\/wein-werte.com\/en\/product\/karthauserhof-karthauserhof-brut-traditionelle-flaschengarung-750ml\/","name":"Karthauserhof Karthauserhof Brut traditionelle Flaschengarung","isPartOf":{"@id":"https:\/\/wein-werte.com\/de\/#website"},"primaryImageOfPage":{"@id":"https:\/\/wein-werte.com\/en\/product\/karthauserhof-karthauserhof-brut-traditionelle-flaschengarung-750ml\/#primaryimage"},"image":{"@id":"https:\/\/wein-werte.com\/en\/product\/karthauserhof-karthauserhof-brut-traditionelle-flaschengarung-750ml\/#primaryimage"},"thumbnailUrl":"https:\/\/wein-werte.com\/wp-content\/uploads\/2026\/04\/Karthauserhof-Karthauserhof-Brut-traditionelle-Flaschengarung-750ml.png","datePublished":"2026-05-05T16:18:57+00:00","dateModified":"2026-05-05T16:18:58+00:00","description":"Buy Karth\u00e4userhof Karth\u00e4userhof Brut traditionelle Flascheng\u00e4rung - a dry Riesling blend sparkling wine from Mosel, Germany - at Wein Werte, your sustainable online shop.","breadcrumb":{"@id":"https:\/\/wein-werte.com\/en\/product\/karthauserhof-karthauserhof-brut-traditionelle-flaschengarung-750ml\/#breadcrumb"},"inLanguage":"en-US","potentialAction":[{"@type":"ReadAction","target":["https:\/\/wein-werte.com\/en\/product\/karthauserhof-karthauserhof-brut-traditionelle-flaschengarung-750ml\/"]}]},{"@type":"ImageObject","inLanguage":"en-US","@id":"https:\/\/wein-werte.com\/en\/product\/karthauserhof-karthauserhof-brut-traditionelle-flaschengarung-750ml\/#primaryimage","url":"https:\/\/wein-werte.com\/wp-content\/uploads\/2026\/04\/Karthauserhof-Karthauserhof-Brut-traditionelle-Flaschengarung-750ml.png","contentUrl":"https:\/\/wein-werte.com\/wp-content\/uploads\/2026\/04\/Karthauserhof-Karthauserhof-Brut-traditionelle-Flaschengarung-750ml.png","width":316,"height":1200,"caption":"Karth\u00e4userhof Karth\u00e4userhof Brut, traditionelle Flascheng\u00e4rung NV 750ml"},{"@type":"BreadcrumbList","@id":"https:\/\/wein-werte.com\/en\/product\/karthauserhof-karthauserhof-brut-traditionelle-flaschengarung-750ml\/#breadcrumb","itemListElement":[{"@type":"ListItem","position":1,"name":"Home","item":"https:\/\/wein-werte.com\/en\/"},{"@type":"ListItem","position":2,"name":"Shop Page","item":"https:\/\/wein-werte.com\/en\/shop\/"},{"@type":"ListItem","position":3,"name":"Karth\u00e4userhof | Mosel | Karth\u00e4userhof Brut, traditionelle Flascheng\u00e4rung | NV | 750ml"}]},{"@type":"WebSite","@id":"https:\/\/wein-werte.com\/de\/#website","url":"https:\/\/wein-werte.com\/de\/","name":"Wein Werte","description":"","publisher":{"@id":"https:\/\/wein-werte.com\/de\/#organization"},"potentialAction":[{"@type":"SearchAction","target":{"@type":"EntryPoint","urlTemplate":"https:\/\/wein-werte.com\/de\/?s={search_term_string}"},"query-input":{"@type":"PropertyValueSpecification","valueRequired":true,"valueName":"search_term_string"}}],"inLanguage":"en-US"},{"@type":"Organization","@id":"https:\/\/wein-werte.com\/de\/#organization","name":"Vins Fins Thorrold","url":"https:\/\/wein-werte.com\/de\/","logo":{"@type":"ImageObject","inLanguage":"en-US","@id":"https:\/\/wein-werte.com\/de\/#\/schema\/logo\/image\/","url":"https:\/\/wein-werte.com\/wp-content\/uploads\/2023\/07\/Wein_werte_Logo700-1.png","contentUrl":"https:\/\/wein-werte.com\/wp-content\/uploads\/2023\/07\/Wein_werte_Logo700-1.png","width":700,"height":272,"caption":"Vins Fins Thorrold"},"image":{"@id":"https:\/\/wein-werte.com\/de\/#\/schema\/logo\/image\/"}}]}},"_links":{"self":[{"href":"https:\/\/wein-werte.com\/en\/wp-json\/wp\/v2\/product\/1123875","targetHints":{"allow":["GET"]}}],"collection":[{"href":"https:\/\/wein-werte.com\/en\/wp-json\/wp\/v2\/product"}],"about":[{"href":"https:\/\/wein-werte.com\/en\/wp-json\/wp\/v2\/types\/product"}],"wp:featuredmedia":[{"embeddable":true,"href":"https:\/\/wein-werte.com\/en\/wp-json\/wp\/v2\/media\/1141553"}],"wp:attachment":[{"href":"https:\/\/wein-werte.com\/en\/wp-json\/wp\/v2\/media?parent=1123875"}],"wp:term":[{"taxonomy":"product_brand","embeddable":true,"href":"https:\/\/wein-werte.com\/en\/wp-json\/wp\/v2\/product_brand?post=1123875"},{"taxonomy":"product_cat","embeddable":true,"href":"https:\/\/wein-werte.com\/en\/wp-json\/wp\/v2\/product_cat?post=1123875"},{"taxonomy":"product_tag","embeddable":true,"href":"https:\/\/wein-werte.com\/en\/wp-json\/wp\/v2\/product_tag?post=1123875"}],"curies":[{"name":"wp","href":"https:\/\/api.w.org\/{rel}","templated":true}]}}