{"id":1123854,"date":"2026-05-08T20:01:49","date_gmt":"2026-05-08T18:01:49","guid":{"rendered":"https:\/\/wein-werte.com\/product\/peter-jakob-kuhn-hallgartener-fruhernberg-2022-750ml\/"},"modified":"2026-05-08T20:01:49","modified_gmt":"2026-05-08T18:01:49","slug":"peter-jakob-kuhn-hallgartener-fruhernberg-2022-750ml","status":"publish","type":"product","link":"https:\/\/wein-werte.com\/en\/product\/peter-jakob-kuhn-hallgartener-fruhernberg-2022-750ml\/","title":{"rendered":"Peter Jakob K\u00fchn | Rheingau | Hallgartener Fr\u00fchernberg VDP Erste Lage | 2022 | 750ml | bio"},"content":{"rendered":"<p>Product description for Peter Jakob K\u00fchn Hallgartener Fr\u00fchernberg VDP Erste Lage 2022 (bio)<\/p>\n<h5>Wine Information<\/h5>\n<p> The vines for Sp\u00e4tburgunder 1G grow on slightly lighter, gravelly soils with fluvial and maritime sediments in the Hallgartener Sch\u00f6nhell vineyard, part of the Fr\u00fchenberg area. It is an amphitheater-shaped ridge that opens to the south. The vines are the Selection Massale of a winegrower friend from Burgundy, planted in 2006. After hand-harvesting, 75% were destemmed by hand, and spontaneous fermentation was carried out with 25% whole bunches. Fermentation was carried out to 1.9 grams of residual sugar, 5.7 grams of acidity, and 13% ABV. The wine was aged for 12 months in barriques with 50% new oak. <\/p>\n<h5>Colour<\/h5>\n<p> Slightly transparent ruby red <\/p>\n<h5>Nose<\/h5>\n<p> Aromatically, the Fr\u00fchenberg is a clear step above the Pinot Noir, even though the latter is already really good. The Erste Gew\u00e4chs appears elegant and intense with plenty of cherry and wild berries, a touch of cinnamon and clove, the finest wood along with a fine, roasted and smoky note, a hint of iodine and violet. It already appears very fine and attractive. <\/p>\n<h5>Palate<\/h5>\n<p> On the palate, the Pinot Noir, which is actually a Pinot Noir, is silky and charming, deep and elegant with delicious fruit of cherries and blue fruits at the beginning of their ripeness. The wood is first-class, the tannins delicate but present with consummate nobility and piquancy, generosity and length with clear precision and a thoroughly taut acidity. An excellent Rheingau Pinot Noir.<\/p>\n<p>Copyright Vinaturel 2025<\/p>\n<p>Keywords: <a href=\"https:\/\/wein-werte.com\/shop\/?swoof=1&#038;pa_producer=Peter-Jakob-K\u00fchn\">Peter Jakob K\u00fchn<\/a> <a href=\"https:\/\/wein-werte.com\/shop\/?swoof=1&#038;woof_text=Hallgartener Fr\u00fchernberg VDP Erste Lage\">Hallgartener Fr\u00fchernberg VDP Erste Lage<\/a> 2022 bio <a href=\"https:\/\/wein-werte.com\/shop\/?swoof=1&#038;pa_region=Rheingau\">Rheingau<\/a> <a href=\"https:\/\/wein-werte.com\/shop\/?swoof=1&#038;pa_country=Germany\">Germany<\/a><\/p>\n<h3>Wine Advocate<\/h3>\n<p>Score: 94+<\/p>\n<p>The 2022 Hallgartener Fr\u00fchernberg Sp\u00e4tburgunder 1G opens with an intense and very elegant, polished yet still finely toasty bouquet of dark and bright red fruits (wild strawberries) intermingled with floral aromas and delicate stony, even iodine notes. Silky, very fine and juicy on the palate, this silky-textured and tart-finishing Pinot is still a little austere at this stage, although its tannins are delicate and silky, whereas the fruit is perfectly ripe and clear yet less fleshy or hedonistic than the stunning estate Sp\u00e4tburgunder from the same site and the Klosterberg. This has remarkable noblesse and elegance and a fine, energetic and stimulating refreshing finish. It&#8217;s still tart but with a sweet generosity in the aftertaste. 13% stated alcohol. Natural cork. Tasted at the domaine in August 2024.<br \/>Stephan Reinhardt<\/p>\n<p>Producer website: <a href=\"https:\/\/www.weingutpjkuehn.de\/en\/home\/\" target=\"_blank\">https:\/\/www.weingutpjkuehn.de\/en\/home\/<\/a><\/p>\n","protected":false},"excerpt":{"rendered":"<p>Delivery time: 1 to 2 working days (DE), 2 to 5 working days (EU and CH)<\/p>\n","protected":false},"featured_media":1141497,"template":"","meta":[],"product_brand":[],"product_cat":[19],"product_tag":[],"class_list":{"0":"post-1123854","1":"product","2":"type-product","3":"status-publish","4":"has-post-thumbnail","6":"product_cat-unkategorisiert","7":"pa_alcohol-for-filter-12897","8":"pa_certified-biodynamic-yes","9":"pa_certified-organic-yes","10":"pa_colour-red","11":"pa_country-germany","12":"pa_grape-pinot-noir-spatburgunder","13":"pa_parker-points-for-filter-16143","14":"pa_price-for-filter-10610","15":"pa_producer-peter-jakob-kuhn","16":"pa_region-rheingau","17":"pa_size-ml-6584","18":"pa_sweetness-dry","19":"pa_type-2-still","20":"pa_vintage-9698","21":"entry","22":"has-media","24":"first","25":"instock","26":"taxable","27":"shipping-taxable","28":"purchasable","29":"product-type-simple"},"yoast_head":"<!-- This site is optimized with the Yoast SEO plugin v27.5 - https:\/\/yoast.com\/product\/yoast-seo-wordpress\/ -->\n<title>Peter Jakob Kuhn Hallgartener Fruhernberg 2022<\/title>\n<meta name=\"description\" content=\"Buy Peter Jakob K\u00fchn Hallgartener Fr\u00fchernberg 2022 - a dry Pinot Noir from Rheingau, Germany - at Wein Werte, your sustainable online shop.\" \/>\n<meta name=\"robots\" content=\"index, follow, max-snippet:-1, max-image-preview:large, max-video-preview:-1\" \/>\n<link rel=\"canonical\" href=\"https:\/\/wein-werte.com\/en\/product\/peter-jakob-kuhn-hallgartener-fruhernberg-2022-750ml\/\" \/>\n<meta property=\"og:locale\" content=\"en_US\" \/>\n<meta property=\"og:type\" content=\"article\" \/>\n<meta property=\"og:title\" content=\"Peter Jakob Kuhn Hallgartener Fruhernberg 2022\" \/>\n<meta property=\"og:description\" content=\"Buy Peter Jakob K\u00fchn Hallgartener Fr\u00fchernberg 2022 - a dry Pinot Noir from Rheingau, Germany - at Wein Werte, your sustainable online shop.\" \/>\n<meta property=\"og:url\" content=\"https:\/\/wein-werte.com\/en\/product\/peter-jakob-kuhn-hallgartener-fruhernberg-2022-750ml\/\" \/>\n<meta property=\"og:site_name\" content=\"Wein Werte\" \/>\n<meta property=\"og:image\" content=\"https:\/\/wein-werte.com\/wp-content\/uploads\/2026\/04\/Peter-Jakob-Kuhn-Hallgartener-Fruhernberg-2022-750ml.png\" \/>\n\t<meta property=\"og:image:width\" content=\"325\" \/>\n\t<meta property=\"og:image:height\" content=\"1200\" \/>\n\t<meta property=\"og:image:type\" content=\"image\/png\" \/>\n<meta name=\"twitter:card\" content=\"summary_large_image\" \/>\n<meta name=\"twitter:label1\" content=\"Est. reading time\" \/>\n\t<meta name=\"twitter:data1\" content=\"2 minutes\" \/>\n<script type=\"application\/ld+json\" class=\"yoast-schema-graph\">{\"@context\":\"https:\\\/\\\/schema.org\",\"@graph\":[{\"@type\":\"WebPage\",\"@id\":\"https:\\\/\\\/wein-werte.com\\\/en\\\/product\\\/peter-jakob-kuhn-hallgartener-fruhernberg-2022-750ml\\\/\",\"url\":\"https:\\\/\\\/wein-werte.com\\\/en\\\/product\\\/peter-jakob-kuhn-hallgartener-fruhernberg-2022-750ml\\\/\",\"name\":\"Peter Jakob Kuhn Hallgartener Fruhernberg 2022\",\"isPartOf\":{\"@id\":\"https:\\\/\\\/wein-werte.com\\\/de\\\/#website\"},\"primaryImageOfPage\":{\"@id\":\"https:\\\/\\\/wein-werte.com\\\/en\\\/product\\\/peter-jakob-kuhn-hallgartener-fruhernberg-2022-750ml\\\/#primaryimage\"},\"image\":{\"@id\":\"https:\\\/\\\/wein-werte.com\\\/en\\\/product\\\/peter-jakob-kuhn-hallgartener-fruhernberg-2022-750ml\\\/#primaryimage\"},\"thumbnailUrl\":\"https:\\\/\\\/wein-werte.com\\\/wp-content\\\/uploads\\\/2026\\\/04\\\/Peter-Jakob-Kuhn-Hallgartener-Fruhernberg-2022-750ml.png\",\"datePublished\":\"2026-05-08T18:01:49+00:00\",\"description\":\"Buy Peter Jakob K\u00fchn Hallgartener Fr\u00fchernberg 2022 - a dry Pinot Noir from Rheingau, Germany - at Wein Werte, your sustainable online shop.\",\"breadcrumb\":{\"@id\":\"https:\\\/\\\/wein-werte.com\\\/en\\\/product\\\/peter-jakob-kuhn-hallgartener-fruhernberg-2022-750ml\\\/#breadcrumb\"},\"inLanguage\":\"en-US\",\"potentialAction\":[{\"@type\":\"ReadAction\",\"target\":[\"https:\\\/\\\/wein-werte.com\\\/en\\\/product\\\/peter-jakob-kuhn-hallgartener-fruhernberg-2022-750ml\\\/\"]}]},{\"@type\":\"ImageObject\",\"inLanguage\":\"en-US\",\"@id\":\"https:\\\/\\\/wein-werte.com\\\/en\\\/product\\\/peter-jakob-kuhn-hallgartener-fruhernberg-2022-750ml\\\/#primaryimage\",\"url\":\"https:\\\/\\\/wein-werte.com\\\/wp-content\\\/uploads\\\/2026\\\/04\\\/Peter-Jakob-Kuhn-Hallgartener-Fruhernberg-2022-750ml.png\",\"contentUrl\":\"https:\\\/\\\/wein-werte.com\\\/wp-content\\\/uploads\\\/2026\\\/04\\\/Peter-Jakob-Kuhn-Hallgartener-Fruhernberg-2022-750ml.png\",\"width\":325,\"height\":1200,\"caption\":\"Peter Jakob K\u00fchn Hallgartener Fr\u00fchernberg VDP Erste Lage 2022 750ml\"},{\"@type\":\"BreadcrumbList\",\"@id\":\"https:\\\/\\\/wein-werte.com\\\/en\\\/product\\\/peter-jakob-kuhn-hallgartener-fruhernberg-2022-750ml\\\/#breadcrumb\",\"itemListElement\":[{\"@type\":\"ListItem\",\"position\":1,\"name\":\"Home\",\"item\":\"https:\\\/\\\/wein-werte.com\\\/en\\\/\"},{\"@type\":\"ListItem\",\"position\":2,\"name\":\"Shop Page\",\"item\":\"https:\\\/\\\/wein-werte.com\\\/en\\\/shop\\\/\"},{\"@type\":\"ListItem\",\"position\":3,\"name\":\"Peter Jakob K\u00fchn | Rheingau | Hallgartener Fr\u00fchernberg VDP Erste Lage | 2022 | 750ml | bio\"}]},{\"@type\":\"WebSite\",\"@id\":\"https:\\\/\\\/wein-werte.com\\\/de\\\/#website\",\"url\":\"https:\\\/\\\/wein-werte.com\\\/de\\\/\",\"name\":\"Wein Werte\",\"description\":\"\",\"publisher\":{\"@id\":\"https:\\\/\\\/wein-werte.com\\\/de\\\/#organization\"},\"potentialAction\":[{\"@type\":\"SearchAction\",\"target\":{\"@type\":\"EntryPoint\",\"urlTemplate\":\"https:\\\/\\\/wein-werte.com\\\/de\\\/?s={search_term_string}\"},\"query-input\":{\"@type\":\"PropertyValueSpecification\",\"valueRequired\":true,\"valueName\":\"search_term_string\"}}],\"inLanguage\":\"en-US\"},{\"@type\":\"Organization\",\"@id\":\"https:\\\/\\\/wein-werte.com\\\/de\\\/#organization\",\"name\":\"Vins Fins Thorrold\",\"url\":\"https:\\\/\\\/wein-werte.com\\\/de\\\/\",\"logo\":{\"@type\":\"ImageObject\",\"inLanguage\":\"en-US\",\"@id\":\"https:\\\/\\\/wein-werte.com\\\/de\\\/#\\\/schema\\\/logo\\\/image\\\/\",\"url\":\"https:\\\/\\\/wein-werte.com\\\/wp-content\\\/uploads\\\/2023\\\/07\\\/Wein_werte_Logo700-1.png\",\"contentUrl\":\"https:\\\/\\\/wein-werte.com\\\/wp-content\\\/uploads\\\/2023\\\/07\\\/Wein_werte_Logo700-1.png\",\"width\":700,\"height\":272,\"caption\":\"Vins Fins Thorrold\"},\"image\":{\"@id\":\"https:\\\/\\\/wein-werte.com\\\/de\\\/#\\\/schema\\\/logo\\\/image\\\/\"}}]}<\/script>\n<!-- \/ Yoast SEO plugin. -->","yoast_head_json":{"title":"Peter Jakob Kuhn Hallgartener Fruhernberg 2022","description":"Buy Peter Jakob K\u00fchn Hallgartener Fr\u00fchernberg 2022 - a dry Pinot Noir from Rheingau, Germany - at Wein Werte, your sustainable online shop.","robots":{"index":"index","follow":"follow","max-snippet":"max-snippet:-1","max-image-preview":"max-image-preview:large","max-video-preview":"max-video-preview:-1"},"canonical":"https:\/\/wein-werte.com\/en\/product\/peter-jakob-kuhn-hallgartener-fruhernberg-2022-750ml\/","og_locale":"en_US","og_type":"article","og_title":"Peter Jakob Kuhn Hallgartener Fruhernberg 2022","og_description":"Buy Peter Jakob K\u00fchn Hallgartener Fr\u00fchernberg 2022 - a dry Pinot Noir from Rheingau, Germany - at Wein Werte, your sustainable online shop.","og_url":"https:\/\/wein-werte.com\/en\/product\/peter-jakob-kuhn-hallgartener-fruhernberg-2022-750ml\/","og_site_name":"Wein Werte","og_image":[{"width":325,"height":1200,"url":"https:\/\/wein-werte.com\/wp-content\/uploads\/2026\/04\/Peter-Jakob-Kuhn-Hallgartener-Fruhernberg-2022-750ml.png","type":"image\/png"}],"twitter_card":"summary_large_image","twitter_misc":{"Est. reading time":"2 minutes"},"schema":{"@context":"https:\/\/schema.org","@graph":[{"@type":"WebPage","@id":"https:\/\/wein-werte.com\/en\/product\/peter-jakob-kuhn-hallgartener-fruhernberg-2022-750ml\/","url":"https:\/\/wein-werte.com\/en\/product\/peter-jakob-kuhn-hallgartener-fruhernberg-2022-750ml\/","name":"Peter Jakob Kuhn Hallgartener Fruhernberg 2022","isPartOf":{"@id":"https:\/\/wein-werte.com\/de\/#website"},"primaryImageOfPage":{"@id":"https:\/\/wein-werte.com\/en\/product\/peter-jakob-kuhn-hallgartener-fruhernberg-2022-750ml\/#primaryimage"},"image":{"@id":"https:\/\/wein-werte.com\/en\/product\/peter-jakob-kuhn-hallgartener-fruhernberg-2022-750ml\/#primaryimage"},"thumbnailUrl":"https:\/\/wein-werte.com\/wp-content\/uploads\/2026\/04\/Peter-Jakob-Kuhn-Hallgartener-Fruhernberg-2022-750ml.png","datePublished":"2026-05-08T18:01:49+00:00","description":"Buy Peter Jakob K\u00fchn Hallgartener Fr\u00fchernberg 2022 - a dry Pinot Noir from Rheingau, Germany - at Wein Werte, your sustainable online shop.","breadcrumb":{"@id":"https:\/\/wein-werte.com\/en\/product\/peter-jakob-kuhn-hallgartener-fruhernberg-2022-750ml\/#breadcrumb"},"inLanguage":"en-US","potentialAction":[{"@type":"ReadAction","target":["https:\/\/wein-werte.com\/en\/product\/peter-jakob-kuhn-hallgartener-fruhernberg-2022-750ml\/"]}]},{"@type":"ImageObject","inLanguage":"en-US","@id":"https:\/\/wein-werte.com\/en\/product\/peter-jakob-kuhn-hallgartener-fruhernberg-2022-750ml\/#primaryimage","url":"https:\/\/wein-werte.com\/wp-content\/uploads\/2026\/04\/Peter-Jakob-Kuhn-Hallgartener-Fruhernberg-2022-750ml.png","contentUrl":"https:\/\/wein-werte.com\/wp-content\/uploads\/2026\/04\/Peter-Jakob-Kuhn-Hallgartener-Fruhernberg-2022-750ml.png","width":325,"height":1200,"caption":"Peter Jakob K\u00fchn Hallgartener Fr\u00fchernberg VDP Erste Lage 2022 750ml"},{"@type":"BreadcrumbList","@id":"https:\/\/wein-werte.com\/en\/product\/peter-jakob-kuhn-hallgartener-fruhernberg-2022-750ml\/#breadcrumb","itemListElement":[{"@type":"ListItem","position":1,"name":"Home","item":"https:\/\/wein-werte.com\/en\/"},{"@type":"ListItem","position":2,"name":"Shop Page","item":"https:\/\/wein-werte.com\/en\/shop\/"},{"@type":"ListItem","position":3,"name":"Peter Jakob K\u00fchn | Rheingau | Hallgartener Fr\u00fchernberg VDP Erste Lage | 2022 | 750ml | bio"}]},{"@type":"WebSite","@id":"https:\/\/wein-werte.com\/de\/#website","url":"https:\/\/wein-werte.com\/de\/","name":"Wein Werte","description":"","publisher":{"@id":"https:\/\/wein-werte.com\/de\/#organization"},"potentialAction":[{"@type":"SearchAction","target":{"@type":"EntryPoint","urlTemplate":"https:\/\/wein-werte.com\/de\/?s={search_term_string}"},"query-input":{"@type":"PropertyValueSpecification","valueRequired":true,"valueName":"search_term_string"}}],"inLanguage":"en-US"},{"@type":"Organization","@id":"https:\/\/wein-werte.com\/de\/#organization","name":"Vins Fins Thorrold","url":"https:\/\/wein-werte.com\/de\/","logo":{"@type":"ImageObject","inLanguage":"en-US","@id":"https:\/\/wein-werte.com\/de\/#\/schema\/logo\/image\/","url":"https:\/\/wein-werte.com\/wp-content\/uploads\/2023\/07\/Wein_werte_Logo700-1.png","contentUrl":"https:\/\/wein-werte.com\/wp-content\/uploads\/2023\/07\/Wein_werte_Logo700-1.png","width":700,"height":272,"caption":"Vins Fins Thorrold"},"image":{"@id":"https:\/\/wein-werte.com\/de\/#\/schema\/logo\/image\/"}}]}},"_links":{"self":[{"href":"https:\/\/wein-werte.com\/en\/wp-json\/wp\/v2\/product\/1123854","targetHints":{"allow":["GET"]}}],"collection":[{"href":"https:\/\/wein-werte.com\/en\/wp-json\/wp\/v2\/product"}],"about":[{"href":"https:\/\/wein-werte.com\/en\/wp-json\/wp\/v2\/types\/product"}],"wp:featuredmedia":[{"embeddable":true,"href":"https:\/\/wein-werte.com\/en\/wp-json\/wp\/v2\/media\/1141497"}],"wp:attachment":[{"href":"https:\/\/wein-werte.com\/en\/wp-json\/wp\/v2\/media?parent=1123854"}],"wp:term":[{"taxonomy":"product_brand","embeddable":true,"href":"https:\/\/wein-werte.com\/en\/wp-json\/wp\/v2\/product_brand?post=1123854"},{"taxonomy":"product_cat","embeddable":true,"href":"https:\/\/wein-werte.com\/en\/wp-json\/wp\/v2\/product_cat?post=1123854"},{"taxonomy":"product_tag","embeddable":true,"href":"https:\/\/wein-werte.com\/en\/wp-json\/wp\/v2\/product_tag?post=1123854"}],"curies":[{"name":"wp","href":"https:\/\/api.w.org\/{rel}","templated":true}]}}