{"id":1123850,"date":"2026-05-05T18:18:52","date_gmt":"2026-05-05T16:18:52","guid":{"rendered":"https:\/\/wein-werte.com\/product\/peter-jakob-kuhn-riesling-jungfer-grosses-gewachs-2022-750ml\/"},"modified":"2026-05-05T18:18:53","modified_gmt":"2026-05-05T16:18:53","slug":"peter-jakob-kuhn-riesling-jungfer-grosses-gewachs-2022-750ml","status":"publish","type":"product","link":"https:\/\/wein-werte.com\/en\/product\/peter-jakob-kuhn-riesling-jungfer-grosses-gewachs-2022-750ml\/","title":{"rendered":"Peter Jakob K\u00fchn | Rheingau | Riesling Jungfer Grosses Gew\u00e4chs | 2022 | 750ml | bio"},"content":{"rendered":"<p>Product description for Peter Jakob K\u00fchn Riesling Jungfer Grosses Gew\u00e4chs 2022 (bio)<\/p>\n<h5>Wine Information<\/h5>\n<p> K\u00fchn&#8217;s portion of the Hallgartener Jungfer lies directly above the Doosberg at around 220 meters above sea level. The soil is erosion material from the Rheingau Mountains with a high quartzite content, mixed with loess clay. Slightly inclined to the southeast, the vineyard is somewhat cooler than the Doosberg. This Gro\u00dfes Gew\u00e4chs was matured in specially purchased Stockinger wooden barrels. The wine from the Hallgartener Jungfer is aged in the same barrel every year, which means the wood influence is barely noticeable. <\/p>\n<h5>Colour<\/h5>\n<p> Medium straw yellow <\/p>\n<h5>Nose<\/h5>\n<p> The Riesling Gro\u00dfes Gew\u00e4chs from the Hallgartener Jungfer 2022 is a complex work that combines very light, floating notes with grounded ones. It smells of blossoms, smoke, and earth, of cider apple, hay, a touch of fennel and anise, of almonds and peaches, with a hint of crushed slate. <\/p>\n<h5>Palate<\/h5>\n<p> On the palate, this Grosses Gew\u00e4chs appears pure, again floating and weightless with a single anchor of stone. Everything appears flowing, delicate, lively, and smooth, fragrant yet full of energy and subtle spice. It is a Riesling that balances lime and lemon with a subtle sweetness, as well as some salt and rock, and has a long finish. An outstanding Grosses Gew\u00e4chs.<\/p>\n<p>Copyright Vinaturel 2025<\/p>\n<p>Keywords: <a href=\"https:\/\/wein-werte.com\/shop\/?swoof=1&#038;pa_producer=Peter-Jakob-K\u00fchn\">Peter Jakob K\u00fchn<\/a> <a href=\"https:\/\/wein-werte.com\/shop\/?swoof=1&#038;woof_text=Riesling Jungfer Grosses Gew\u00e4chs\">Riesling Jungfer Grosses Gew\u00e4chs<\/a> 2022 bio <a href=\"https:\/\/wein-werte.com\/shop\/?swoof=1&#038;pa_region=Rheingau\">Rheingau<\/a> <a href=\"https:\/\/wein-werte.com\/shop\/?swoof=1&#038;pa_country=Germany\">Germany<\/a><\/p>\n<h3>Vinous<\/h3>\n<p>Score: 94<\/p>\n<p>The 2022 Riesling Hallgartener Jungfer Grosses Gew\u00e4chs is scented with dried apple, hay and lovely earthiness. The palate is serene, feather-light and smooth, giving an impression of floating, scented serenity yet deeply anchored in soil. Tender, light but also concentrated, this is an unusual style, yet I suspect it will turn into purest balm. (Bone-dry)<br \/>\n &#8212; Anne Krebiehl MW<br \/>Drinking window: 2026 &#8211; 2050<br \/>Review date: Oct 2024<\/p>\n<p>Producer website: <a href=\"https:\/\/www.weingutpjkuehn.de\/en\/home\/\" target=\"_blank\">https:\/\/www.weingutpjkuehn.de\/en\/home\/<\/a><\/p>\n","protected":false},"excerpt":{"rendered":"<p>Delivery time: 1 to 2 working days (DE), 2 to 5 working days (EU and CH)<\/p>\n","protected":false},"featured_media":1141481,"template":"","meta":[],"product_brand":[],"product_cat":[19],"product_tag":[],"class_list":{"0":"post-1123850","1":"product","2":"type-product","3":"status-publish","4":"has-post-thumbnail","6":"product_cat-unkategorisiert","7":"pa_alcohol-for-filter-11-5","8":"pa_certified-biodynamic-yes","9":"pa_certified-organic-yes","10":"pa_colour-white","11":"pa_country-germany","12":"pa_grape-riesling","13":"pa_price-for-filter-10565","14":"pa_producer-peter-jakob-kuhn","15":"pa_region-rheingau","16":"pa_size-ml-6584","17":"pa_sweetness-dry","18":"pa_type-2-still","19":"pa_vinous-points-for-filter-16151","20":"pa_vintage-9698","21":"entry","22":"has-media","24":"first","25":"instock","26":"taxable","27":"shipping-taxable","28":"purchasable","29":"product-type-simple"},"yoast_head":"<!-- This site is optimized with the Yoast SEO plugin v27.5 - https:\/\/yoast.com\/product\/yoast-seo-wordpress\/ -->\n<title>Peter Jakob Kuhn Riesling Jungfer Grosses Gewachs 2022<\/title>\n<meta name=\"description\" content=\"Buy Peter Jakob K\u00fchn Riesling Jungfer Grosses Gew\u00e4chs 2022 - a dry Riesling from Rheingau, Germany - at Wein Werte, your sustainable online shop.\" \/>\n<meta name=\"robots\" content=\"index, follow, max-snippet:-1, max-image-preview:large, max-video-preview:-1\" \/>\n<link rel=\"canonical\" href=\"https:\/\/wein-werte.com\/en\/product\/peter-jakob-kuhn-riesling-jungfer-grosses-gewachs-2022-750ml\/\" \/>\n<meta property=\"og:locale\" content=\"en_US\" \/>\n<meta property=\"og:type\" content=\"article\" \/>\n<meta property=\"og:title\" content=\"Peter Jakob Kuhn Riesling Jungfer Grosses Gewachs 2022\" \/>\n<meta property=\"og:description\" content=\"Buy Peter Jakob K\u00fchn Riesling Jungfer Grosses Gew\u00e4chs 2022 - a dry Riesling from Rheingau, Germany - at Wein Werte, your sustainable online shop.\" \/>\n<meta property=\"og:url\" content=\"https:\/\/wein-werte.com\/en\/product\/peter-jakob-kuhn-riesling-jungfer-grosses-gewachs-2022-750ml\/\" \/>\n<meta property=\"og:site_name\" content=\"Wein Werte\" \/>\n<meta property=\"article:modified_time\" content=\"2026-05-05T16:18:53+00:00\" \/>\n<meta property=\"og:image\" content=\"https:\/\/wein-werte.com\/wp-content\/uploads\/2026\/04\/Peter-Jakob-Kuhn-Riesling-Jungfer-Grosses-Gewachs-2022-750ml.png\" \/>\n\t<meta property=\"og:image:width\" content=\"266\" \/>\n\t<meta property=\"og:image:height\" content=\"1200\" \/>\n\t<meta property=\"og:image:type\" content=\"image\/png\" \/>\n<meta name=\"twitter:card\" content=\"summary_large_image\" \/>\n<meta name=\"twitter:label1\" content=\"Est. reading time\" \/>\n\t<meta name=\"twitter:data1\" content=\"2 minutes\" \/>\n<script type=\"application\/ld+json\" class=\"yoast-schema-graph\">{\"@context\":\"https:\\\/\\\/schema.org\",\"@graph\":[{\"@type\":\"WebPage\",\"@id\":\"https:\\\/\\\/wein-werte.com\\\/en\\\/product\\\/peter-jakob-kuhn-riesling-jungfer-grosses-gewachs-2022-750ml\\\/\",\"url\":\"https:\\\/\\\/wein-werte.com\\\/en\\\/product\\\/peter-jakob-kuhn-riesling-jungfer-grosses-gewachs-2022-750ml\\\/\",\"name\":\"Peter Jakob Kuhn Riesling Jungfer Grosses Gewachs 2022\",\"isPartOf\":{\"@id\":\"https:\\\/\\\/wein-werte.com\\\/de\\\/#website\"},\"primaryImageOfPage\":{\"@id\":\"https:\\\/\\\/wein-werte.com\\\/en\\\/product\\\/peter-jakob-kuhn-riesling-jungfer-grosses-gewachs-2022-750ml\\\/#primaryimage\"},\"image\":{\"@id\":\"https:\\\/\\\/wein-werte.com\\\/en\\\/product\\\/peter-jakob-kuhn-riesling-jungfer-grosses-gewachs-2022-750ml\\\/#primaryimage\"},\"thumbnailUrl\":\"https:\\\/\\\/wein-werte.com\\\/wp-content\\\/uploads\\\/2026\\\/04\\\/Peter-Jakob-Kuhn-Riesling-Jungfer-Grosses-Gewachs-2022-750ml.png\",\"datePublished\":\"2026-05-05T16:18:52+00:00\",\"dateModified\":\"2026-05-05T16:18:53+00:00\",\"description\":\"Buy Peter Jakob K\u00fchn Riesling Jungfer Grosses Gew\u00e4chs 2022 - a dry Riesling from Rheingau, Germany - at Wein Werte, your sustainable online shop.\",\"breadcrumb\":{\"@id\":\"https:\\\/\\\/wein-werte.com\\\/en\\\/product\\\/peter-jakob-kuhn-riesling-jungfer-grosses-gewachs-2022-750ml\\\/#breadcrumb\"},\"inLanguage\":\"en-US\",\"potentialAction\":[{\"@type\":\"ReadAction\",\"target\":[\"https:\\\/\\\/wein-werte.com\\\/en\\\/product\\\/peter-jakob-kuhn-riesling-jungfer-grosses-gewachs-2022-750ml\\\/\"]}]},{\"@type\":\"ImageObject\",\"inLanguage\":\"en-US\",\"@id\":\"https:\\\/\\\/wein-werte.com\\\/en\\\/product\\\/peter-jakob-kuhn-riesling-jungfer-grosses-gewachs-2022-750ml\\\/#primaryimage\",\"url\":\"https:\\\/\\\/wein-werte.com\\\/wp-content\\\/uploads\\\/2026\\\/04\\\/Peter-Jakob-Kuhn-Riesling-Jungfer-Grosses-Gewachs-2022-750ml.png\",\"contentUrl\":\"https:\\\/\\\/wein-werte.com\\\/wp-content\\\/uploads\\\/2026\\\/04\\\/Peter-Jakob-Kuhn-Riesling-Jungfer-Grosses-Gewachs-2022-750ml.png\",\"width\":266,\"height\":1200,\"caption\":\"Peter Jakob K\u00fchn Riesling Jungfer Grosses Gew\u00e4chs 2022 750ml\"},{\"@type\":\"BreadcrumbList\",\"@id\":\"https:\\\/\\\/wein-werte.com\\\/en\\\/product\\\/peter-jakob-kuhn-riesling-jungfer-grosses-gewachs-2022-750ml\\\/#breadcrumb\",\"itemListElement\":[{\"@type\":\"ListItem\",\"position\":1,\"name\":\"Home\",\"item\":\"https:\\\/\\\/wein-werte.com\\\/en\\\/\"},{\"@type\":\"ListItem\",\"position\":2,\"name\":\"Shop Page\",\"item\":\"https:\\\/\\\/wein-werte.com\\\/en\\\/shop\\\/\"},{\"@type\":\"ListItem\",\"position\":3,\"name\":\"Peter Jakob K\u00fchn | Rheingau | Riesling Jungfer Grosses Gew\u00e4chs | 2022 | 750ml | bio\"}]},{\"@type\":\"WebSite\",\"@id\":\"https:\\\/\\\/wein-werte.com\\\/de\\\/#website\",\"url\":\"https:\\\/\\\/wein-werte.com\\\/de\\\/\",\"name\":\"Wein Werte\",\"description\":\"\",\"publisher\":{\"@id\":\"https:\\\/\\\/wein-werte.com\\\/de\\\/#organization\"},\"potentialAction\":[{\"@type\":\"SearchAction\",\"target\":{\"@type\":\"EntryPoint\",\"urlTemplate\":\"https:\\\/\\\/wein-werte.com\\\/de\\\/?s={search_term_string}\"},\"query-input\":{\"@type\":\"PropertyValueSpecification\",\"valueRequired\":true,\"valueName\":\"search_term_string\"}}],\"inLanguage\":\"en-US\"},{\"@type\":\"Organization\",\"@id\":\"https:\\\/\\\/wein-werte.com\\\/de\\\/#organization\",\"name\":\"Vins Fins Thorrold\",\"url\":\"https:\\\/\\\/wein-werte.com\\\/de\\\/\",\"logo\":{\"@type\":\"ImageObject\",\"inLanguage\":\"en-US\",\"@id\":\"https:\\\/\\\/wein-werte.com\\\/de\\\/#\\\/schema\\\/logo\\\/image\\\/\",\"url\":\"https:\\\/\\\/wein-werte.com\\\/wp-content\\\/uploads\\\/2023\\\/07\\\/Wein_werte_Logo700-1.png\",\"contentUrl\":\"https:\\\/\\\/wein-werte.com\\\/wp-content\\\/uploads\\\/2023\\\/07\\\/Wein_werte_Logo700-1.png\",\"width\":700,\"height\":272,\"caption\":\"Vins Fins Thorrold\"},\"image\":{\"@id\":\"https:\\\/\\\/wein-werte.com\\\/de\\\/#\\\/schema\\\/logo\\\/image\\\/\"}}]}<\/script>\n<!-- \/ Yoast SEO plugin. -->","yoast_head_json":{"title":"Peter Jakob Kuhn Riesling Jungfer Grosses Gewachs 2022","description":"Buy Peter Jakob K\u00fchn Riesling Jungfer Grosses Gew\u00e4chs 2022 - a dry Riesling from Rheingau, Germany - at Wein Werte, your sustainable online shop.","robots":{"index":"index","follow":"follow","max-snippet":"max-snippet:-1","max-image-preview":"max-image-preview:large","max-video-preview":"max-video-preview:-1"},"canonical":"https:\/\/wein-werte.com\/en\/product\/peter-jakob-kuhn-riesling-jungfer-grosses-gewachs-2022-750ml\/","og_locale":"en_US","og_type":"article","og_title":"Peter Jakob Kuhn Riesling Jungfer Grosses Gewachs 2022","og_description":"Buy Peter Jakob K\u00fchn Riesling Jungfer Grosses Gew\u00e4chs 2022 - a dry Riesling from Rheingau, Germany - at Wein Werte, your sustainable online shop.","og_url":"https:\/\/wein-werte.com\/en\/product\/peter-jakob-kuhn-riesling-jungfer-grosses-gewachs-2022-750ml\/","og_site_name":"Wein Werte","article_modified_time":"2026-05-05T16:18:53+00:00","og_image":[{"width":266,"height":1200,"url":"https:\/\/wein-werte.com\/wp-content\/uploads\/2026\/04\/Peter-Jakob-Kuhn-Riesling-Jungfer-Grosses-Gewachs-2022-750ml.png","type":"image\/png"}],"twitter_card":"summary_large_image","twitter_misc":{"Est. reading time":"2 minutes"},"schema":{"@context":"https:\/\/schema.org","@graph":[{"@type":"WebPage","@id":"https:\/\/wein-werte.com\/en\/product\/peter-jakob-kuhn-riesling-jungfer-grosses-gewachs-2022-750ml\/","url":"https:\/\/wein-werte.com\/en\/product\/peter-jakob-kuhn-riesling-jungfer-grosses-gewachs-2022-750ml\/","name":"Peter Jakob Kuhn Riesling Jungfer Grosses Gewachs 2022","isPartOf":{"@id":"https:\/\/wein-werte.com\/de\/#website"},"primaryImageOfPage":{"@id":"https:\/\/wein-werte.com\/en\/product\/peter-jakob-kuhn-riesling-jungfer-grosses-gewachs-2022-750ml\/#primaryimage"},"image":{"@id":"https:\/\/wein-werte.com\/en\/product\/peter-jakob-kuhn-riesling-jungfer-grosses-gewachs-2022-750ml\/#primaryimage"},"thumbnailUrl":"https:\/\/wein-werte.com\/wp-content\/uploads\/2026\/04\/Peter-Jakob-Kuhn-Riesling-Jungfer-Grosses-Gewachs-2022-750ml.png","datePublished":"2026-05-05T16:18:52+00:00","dateModified":"2026-05-05T16:18:53+00:00","description":"Buy Peter Jakob K\u00fchn Riesling Jungfer Grosses Gew\u00e4chs 2022 - a dry Riesling from Rheingau, Germany - at Wein Werte, your sustainable online shop.","breadcrumb":{"@id":"https:\/\/wein-werte.com\/en\/product\/peter-jakob-kuhn-riesling-jungfer-grosses-gewachs-2022-750ml\/#breadcrumb"},"inLanguage":"en-US","potentialAction":[{"@type":"ReadAction","target":["https:\/\/wein-werte.com\/en\/product\/peter-jakob-kuhn-riesling-jungfer-grosses-gewachs-2022-750ml\/"]}]},{"@type":"ImageObject","inLanguage":"en-US","@id":"https:\/\/wein-werte.com\/en\/product\/peter-jakob-kuhn-riesling-jungfer-grosses-gewachs-2022-750ml\/#primaryimage","url":"https:\/\/wein-werte.com\/wp-content\/uploads\/2026\/04\/Peter-Jakob-Kuhn-Riesling-Jungfer-Grosses-Gewachs-2022-750ml.png","contentUrl":"https:\/\/wein-werte.com\/wp-content\/uploads\/2026\/04\/Peter-Jakob-Kuhn-Riesling-Jungfer-Grosses-Gewachs-2022-750ml.png","width":266,"height":1200,"caption":"Peter Jakob K\u00fchn Riesling Jungfer Grosses Gew\u00e4chs 2022 750ml"},{"@type":"BreadcrumbList","@id":"https:\/\/wein-werte.com\/en\/product\/peter-jakob-kuhn-riesling-jungfer-grosses-gewachs-2022-750ml\/#breadcrumb","itemListElement":[{"@type":"ListItem","position":1,"name":"Home","item":"https:\/\/wein-werte.com\/en\/"},{"@type":"ListItem","position":2,"name":"Shop Page","item":"https:\/\/wein-werte.com\/en\/shop\/"},{"@type":"ListItem","position":3,"name":"Peter Jakob K\u00fchn | Rheingau | Riesling Jungfer Grosses Gew\u00e4chs | 2022 | 750ml | bio"}]},{"@type":"WebSite","@id":"https:\/\/wein-werte.com\/de\/#website","url":"https:\/\/wein-werte.com\/de\/","name":"Wein Werte","description":"","publisher":{"@id":"https:\/\/wein-werte.com\/de\/#organization"},"potentialAction":[{"@type":"SearchAction","target":{"@type":"EntryPoint","urlTemplate":"https:\/\/wein-werte.com\/de\/?s={search_term_string}"},"query-input":{"@type":"PropertyValueSpecification","valueRequired":true,"valueName":"search_term_string"}}],"inLanguage":"en-US"},{"@type":"Organization","@id":"https:\/\/wein-werte.com\/de\/#organization","name":"Vins Fins Thorrold","url":"https:\/\/wein-werte.com\/de\/","logo":{"@type":"ImageObject","inLanguage":"en-US","@id":"https:\/\/wein-werte.com\/de\/#\/schema\/logo\/image\/","url":"https:\/\/wein-werte.com\/wp-content\/uploads\/2023\/07\/Wein_werte_Logo700-1.png","contentUrl":"https:\/\/wein-werte.com\/wp-content\/uploads\/2023\/07\/Wein_werte_Logo700-1.png","width":700,"height":272,"caption":"Vins Fins Thorrold"},"image":{"@id":"https:\/\/wein-werte.com\/de\/#\/schema\/logo\/image\/"}}]}},"_links":{"self":[{"href":"https:\/\/wein-werte.com\/en\/wp-json\/wp\/v2\/product\/1123850","targetHints":{"allow":["GET"]}}],"collection":[{"href":"https:\/\/wein-werte.com\/en\/wp-json\/wp\/v2\/product"}],"about":[{"href":"https:\/\/wein-werte.com\/en\/wp-json\/wp\/v2\/types\/product"}],"wp:featuredmedia":[{"embeddable":true,"href":"https:\/\/wein-werte.com\/en\/wp-json\/wp\/v2\/media\/1141481"}],"wp:attachment":[{"href":"https:\/\/wein-werte.com\/en\/wp-json\/wp\/v2\/media?parent=1123850"}],"wp:term":[{"taxonomy":"product_brand","embeddable":true,"href":"https:\/\/wein-werte.com\/en\/wp-json\/wp\/v2\/product_brand?post=1123850"},{"taxonomy":"product_cat","embeddable":true,"href":"https:\/\/wein-werte.com\/en\/wp-json\/wp\/v2\/product_cat?post=1123850"},{"taxonomy":"product_tag","embeddable":true,"href":"https:\/\/wein-werte.com\/en\/wp-json\/wp\/v2\/product_tag?post=1123850"}],"curies":[{"name":"wp","href":"https:\/\/api.w.org\/{rel}","templated":true}]}}