{"id":1123848,"date":"2026-05-08T20:01:47","date_gmt":"2026-05-08T18:01:47","guid":{"rendered":"https:\/\/wein-werte.com\/product\/peter-jakob-kuhn-riesling-sankt-nikolaus-grosses-gewachs-2022-1500ml\/"},"modified":"2026-05-08T20:01:48","modified_gmt":"2026-05-08T18:01:48","slug":"peter-jakob-kuhn-riesling-sankt-nikolaus-grosses-gewachs-2022-1500ml","status":"publish","type":"product","link":"https:\/\/wein-werte.com\/en\/product\/peter-jakob-kuhn-riesling-sankt-nikolaus-grosses-gewachs-2022-1500ml\/","title":{"rendered":"Peter Jakob K\u00fchn | Rheingau | Riesling Sankt Nikolaus Grosses Gew\u00e4chs | 2022 | 1500ml | bio"},"content":{"rendered":"<p>Product description for Peter Jakob K\u00fchn Riesling Sankt Nikolaus Grosses Gew\u00e4chs 2022 (bio)<\/p>\n<h5>Wine Information<\/h5>\n<p> Peter Jakob K\u00fchn&#8217;s vineyard, with the oldest vines, some up to 65 years old, is Sankt Nikolaus. The vineyard is located directly on the Rhine in Mittelheim, near the ferry to Ingelheim, and faces south with a gentle slope. The soil here is calcareous, sandy loess, partially interspersed with terrace sediments and rocks from the Alzey Formation (sea sand). After hand-picking, the whole grapes were pressed for several hours, the must fermented spontaneously, and the wine, without altering the natural composition of the must, aged on the full lees for 16 months in traditional single-barrel and double-barrel casks (1,200 l and 2,400 l). <\/p>\n<h5>Colour<\/h5>\n<p> between intense straw yellow and pale golden yellow <\/p>\n<h5>Nose<\/h5>\n<p> The 2022 Mittelheimer Sankt Nikolaus is a classic K\u00fchn wine with two poles. One pole is slightly reductive with a touch of smoke and stone, the other slightly oxidative with notes of crumbly apple and apple peel, hops, and yeast. In between are notes of lemon oil, some blond tobacco, patisserie, herbs, and apricots. <\/p>\n<h5>Palate<\/h5>\n<p> On the palate, the Gro\u00dfes Gew\u00e4chs appears airy and floatingly light, which is only one side of the coin, as the other is earthy and offers a certain stoniness and power. The Sankt Nikolaus is juicy and salty, piquant and lively with deep energy and intensity, a taut yet charming acidity, and a mouthwatering saltiness on the finish.<\/p>\n<p>Copyright Vinaturel 2025<\/p>\n<p>Keywords: <a href=\"https:\/\/wein-werte.com\/shop\/?swoof=1&#038;pa_producer=Peter-Jakob-K\u00fchn\">Peter Jakob K\u00fchn<\/a> <a href=\"https:\/\/wein-werte.com\/shop\/?swoof=1&#038;woof_text=Riesling Sankt Nikolaus Grosses Gew\u00e4chs\">Riesling Sankt Nikolaus Grosses Gew\u00e4chs<\/a> 2022 bio <a href=\"https:\/\/wein-werte.com\/shop\/?swoof=1&#038;pa_region=Rheingau\">Rheingau<\/a> <a href=\"https:\/\/wein-werte.com\/shop\/?swoof=1&#038;pa_country=Germany\">Germany<\/a><\/p>\n<h3>Vinous<\/h3>\n<p>Score: 94<\/p>\n<p>The 2022 Riesling Mittelheimer Sankt Nikolaus Grosses Gew\u00e4chs opens with a mix of dried apple and crushed dried yarrow, leading onto an ultra-light, bright body that nonetheless has concentration. A creamy gentleness is informed by lemon peel and pith, getting more insistent and pervasive toward the dry finish. A lovely herbal lift rises again on the close. (Bone-dry)<br \/>\n &#8212; Anne Krebiehl MW<br \/>Drinking window: 2026 &#8211; 2050<br \/>Review date: Oct 2024<\/p>\n<p>Producer website: <a href=\"https:\/\/www.weingutpjkuehn.de\/en\/home\/\" target=\"_blank\">https:\/\/www.weingutpjkuehn.de\/en\/home\/<\/a><\/p>\n","protected":false},"excerpt":{"rendered":"<p>Delivery time: 1 to 2 working days (DE), 2 to 5 working days (EU and CH)<\/p>\n","protected":false},"featured_media":1141473,"template":"","meta":[],"product_brand":[],"product_cat":[19],"product_tag":[],"class_list":{"0":"post-1123848","1":"product","2":"type-product","3":"status-publish","4":"has-post-thumbnail","6":"product_cat-unkategorisiert","7":"pa_alcohol-for-filter-11-5","8":"pa_certified-biodynamic-yes","9":"pa_certified-organic-yes","10":"pa_colour-white","11":"pa_country-germany","12":"pa_grape-riesling","13":"pa_price-for-filter-10647","14":"pa_producer-peter-jakob-kuhn","15":"pa_region-rheingau","16":"pa_size-ml-6657","17":"pa_sweetness-dry","18":"pa_type-2-still","19":"pa_vinous-points-for-filter-16151","20":"pa_vintage-9698","21":"entry","22":"has-media","24":"first","25":"instock","26":"taxable","27":"shipping-taxable","28":"purchasable","29":"product-type-simple"},"yoast_head":"<!-- This site is optimized with the Yoast SEO plugin v27.5 - https:\/\/yoast.com\/product\/yoast-seo-wordpress\/ -->\n<title>Peter Jakob Kuhn Riesling Sankt Nikolaus Grosses Gewachs 2022, 1500ml<\/title>\n<meta name=\"description\" content=\"Buy Peter Jakob K\u00fchn Riesling Sankt Nikolaus Grosses Gew\u00e4chs 2022 - a dry Riesling from Rheingau, Germany - at Wein Werte, your sustainable online shop.\" \/>\n<meta name=\"robots\" content=\"index, follow, max-snippet:-1, max-image-preview:large, max-video-preview:-1\" \/>\n<link rel=\"canonical\" href=\"https:\/\/wein-werte.com\/en\/product\/peter-jakob-kuhn-riesling-sankt-nikolaus-grosses-gewachs-2022-1500ml\/\" \/>\n<meta property=\"og:locale\" content=\"de_DE\" \/>\n<meta property=\"og:type\" content=\"article\" \/>\n<meta property=\"og:title\" content=\"Peter Jakob Kuhn Riesling Sankt Nikolaus Grosses Gewachs 2022, 1500ml\" \/>\n<meta property=\"og:description\" content=\"Buy Peter Jakob K\u00fchn Riesling Sankt Nikolaus Grosses Gew\u00e4chs 2022 - a dry Riesling from Rheingau, Germany - at Wein Werte, your sustainable online shop.\" \/>\n<meta property=\"og:url\" content=\"https:\/\/wein-werte.com\/en\/product\/peter-jakob-kuhn-riesling-sankt-nikolaus-grosses-gewachs-2022-1500ml\/\" \/>\n<meta property=\"og:site_name\" content=\"Wein Werte\" \/>\n<meta property=\"article:modified_time\" content=\"2026-05-08T18:01:48+00:00\" \/>\n<meta property=\"og:image\" content=\"https:\/\/wein-werte.com\/wp-content\/uploads\/2026\/04\/Peter-Jakob-Kuhn-Riesling-Sankt-Nikolaus-Grosses-Gewachs-2022-1500ml.png\" \/>\n\t<meta property=\"og:image:width\" content=\"231\" \/>\n\t<meta property=\"og:image:height\" content=\"1200\" \/>\n\t<meta property=\"og:image:type\" content=\"image\/png\" \/>\n<meta name=\"twitter:card\" content=\"summary_large_image\" \/>\n<meta name=\"twitter:label1\" content=\"Gesch\u00e4tzte Lesezeit\" \/>\n\t<meta name=\"twitter:data1\" content=\"2\u00a0Minuten\" \/>\n<script type=\"application\/ld+json\" class=\"yoast-schema-graph\">{\"@context\":\"https:\\\/\\\/schema.org\",\"@graph\":[{\"@type\":\"WebPage\",\"@id\":\"https:\\\/\\\/wein-werte.com\\\/en\\\/product\\\/peter-jakob-kuhn-riesling-sankt-nikolaus-grosses-gewachs-2022-1500ml\\\/\",\"url\":\"https:\\\/\\\/wein-werte.com\\\/en\\\/product\\\/peter-jakob-kuhn-riesling-sankt-nikolaus-grosses-gewachs-2022-1500ml\\\/\",\"name\":\"Peter Jakob Kuhn Riesling Sankt Nikolaus Grosses Gewachs 2022, 1500ml\",\"isPartOf\":{\"@id\":\"https:\\\/\\\/wein-werte.com\\\/de\\\/#website\"},\"primaryImageOfPage\":{\"@id\":\"https:\\\/\\\/wein-werte.com\\\/en\\\/product\\\/peter-jakob-kuhn-riesling-sankt-nikolaus-grosses-gewachs-2022-1500ml\\\/#primaryimage\"},\"image\":{\"@id\":\"https:\\\/\\\/wein-werte.com\\\/en\\\/product\\\/peter-jakob-kuhn-riesling-sankt-nikolaus-grosses-gewachs-2022-1500ml\\\/#primaryimage\"},\"thumbnailUrl\":\"https:\\\/\\\/wein-werte.com\\\/wp-content\\\/uploads\\\/2026\\\/04\\\/Peter-Jakob-Kuhn-Riesling-Sankt-Nikolaus-Grosses-Gewachs-2022-1500ml.png\",\"datePublished\":\"2026-05-08T18:01:47+00:00\",\"dateModified\":\"2026-05-08T18:01:48+00:00\",\"description\":\"Buy Peter Jakob K\u00fchn Riesling Sankt Nikolaus Grosses Gew\u00e4chs 2022 - a dry Riesling from Rheingau, Germany - at Wein Werte, your sustainable online shop.\",\"breadcrumb\":{\"@id\":\"https:\\\/\\\/wein-werte.com\\\/en\\\/product\\\/peter-jakob-kuhn-riesling-sankt-nikolaus-grosses-gewachs-2022-1500ml\\\/#breadcrumb\"},\"inLanguage\":\"de\",\"potentialAction\":[{\"@type\":\"ReadAction\",\"target\":[\"https:\\\/\\\/wein-werte.com\\\/en\\\/product\\\/peter-jakob-kuhn-riesling-sankt-nikolaus-grosses-gewachs-2022-1500ml\\\/\"]}]},{\"@type\":\"ImageObject\",\"inLanguage\":\"de\",\"@id\":\"https:\\\/\\\/wein-werte.com\\\/en\\\/product\\\/peter-jakob-kuhn-riesling-sankt-nikolaus-grosses-gewachs-2022-1500ml\\\/#primaryimage\",\"url\":\"https:\\\/\\\/wein-werte.com\\\/wp-content\\\/uploads\\\/2026\\\/04\\\/Peter-Jakob-Kuhn-Riesling-Sankt-Nikolaus-Grosses-Gewachs-2022-1500ml.png\",\"contentUrl\":\"https:\\\/\\\/wein-werte.com\\\/wp-content\\\/uploads\\\/2026\\\/04\\\/Peter-Jakob-Kuhn-Riesling-Sankt-Nikolaus-Grosses-Gewachs-2022-1500ml.png\",\"width\":231,\"height\":1200,\"caption\":\"Peter Jakob K\u00fchn Riesling Sankt Nikolaus Grosses Gew\u00e4chs 2022 1500ml\"},{\"@type\":\"BreadcrumbList\",\"@id\":\"https:\\\/\\\/wein-werte.com\\\/en\\\/product\\\/peter-jakob-kuhn-riesling-sankt-nikolaus-grosses-gewachs-2022-1500ml\\\/#breadcrumb\",\"itemListElement\":[{\"@type\":\"ListItem\",\"position\":1,\"name\":\"Home\",\"item\":\"https:\\\/\\\/wein-werte.com\\\/en\\\/\"},{\"@type\":\"ListItem\",\"position\":2,\"name\":\"Shop Page\",\"item\":\"https:\\\/\\\/wein-werte.com\\\/en\\\/shop\\\/\"},{\"@type\":\"ListItem\",\"position\":3,\"name\":\"Peter Jakob K\u00fchn | Rheingau | Riesling Sankt Nikolaus Grosses Gew\u00e4chs | 2022 | 1500ml | bio\"}]},{\"@type\":\"WebSite\",\"@id\":\"https:\\\/\\\/wein-werte.com\\\/de\\\/#website\",\"url\":\"https:\\\/\\\/wein-werte.com\\\/de\\\/\",\"name\":\"Wein Werte\",\"description\":\"\",\"publisher\":{\"@id\":\"https:\\\/\\\/wein-werte.com\\\/de\\\/#organization\"},\"potentialAction\":[{\"@type\":\"SearchAction\",\"target\":{\"@type\":\"EntryPoint\",\"urlTemplate\":\"https:\\\/\\\/wein-werte.com\\\/de\\\/?s={search_term_string}\"},\"query-input\":{\"@type\":\"PropertyValueSpecification\",\"valueRequired\":true,\"valueName\":\"search_term_string\"}}],\"inLanguage\":\"de\"},{\"@type\":\"Organization\",\"@id\":\"https:\\\/\\\/wein-werte.com\\\/de\\\/#organization\",\"name\":\"Vins Fins Thorrold\",\"url\":\"https:\\\/\\\/wein-werte.com\\\/de\\\/\",\"logo\":{\"@type\":\"ImageObject\",\"inLanguage\":\"de\",\"@id\":\"https:\\\/\\\/wein-werte.com\\\/de\\\/#\\\/schema\\\/logo\\\/image\\\/\",\"url\":\"https:\\\/\\\/wein-werte.com\\\/wp-content\\\/uploads\\\/2023\\\/07\\\/Wein_werte_Logo700-1.png\",\"contentUrl\":\"https:\\\/\\\/wein-werte.com\\\/wp-content\\\/uploads\\\/2023\\\/07\\\/Wein_werte_Logo700-1.png\",\"width\":700,\"height\":272,\"caption\":\"Vins Fins Thorrold\"},\"image\":{\"@id\":\"https:\\\/\\\/wein-werte.com\\\/de\\\/#\\\/schema\\\/logo\\\/image\\\/\"}}]}<\/script>\n<!-- \/ Yoast SEO plugin. -->","yoast_head_json":{"title":"Peter Jakob Kuhn Riesling Sankt Nikolaus Grosses Gewachs 2022, 1500ml","description":"Buy Peter Jakob K\u00fchn Riesling Sankt Nikolaus Grosses Gew\u00e4chs 2022 - a dry Riesling from Rheingau, Germany - at Wein Werte, your sustainable online shop.","robots":{"index":"index","follow":"follow","max-snippet":"max-snippet:-1","max-image-preview":"max-image-preview:large","max-video-preview":"max-video-preview:-1"},"canonical":"https:\/\/wein-werte.com\/en\/product\/peter-jakob-kuhn-riesling-sankt-nikolaus-grosses-gewachs-2022-1500ml\/","og_locale":"de_DE","og_type":"article","og_title":"Peter Jakob Kuhn Riesling Sankt Nikolaus Grosses Gewachs 2022, 1500ml","og_description":"Buy Peter Jakob K\u00fchn Riesling Sankt Nikolaus Grosses Gew\u00e4chs 2022 - a dry Riesling from Rheingau, Germany - at Wein Werte, your sustainable online shop.","og_url":"https:\/\/wein-werte.com\/en\/product\/peter-jakob-kuhn-riesling-sankt-nikolaus-grosses-gewachs-2022-1500ml\/","og_site_name":"Wein Werte","article_modified_time":"2026-05-08T18:01:48+00:00","og_image":[{"width":231,"height":1200,"url":"https:\/\/wein-werte.com\/wp-content\/uploads\/2026\/04\/Peter-Jakob-Kuhn-Riesling-Sankt-Nikolaus-Grosses-Gewachs-2022-1500ml.png","type":"image\/png"}],"twitter_card":"summary_large_image","twitter_misc":{"Gesch\u00e4tzte Lesezeit":"2\u00a0Minuten"},"schema":{"@context":"https:\/\/schema.org","@graph":[{"@type":"WebPage","@id":"https:\/\/wein-werte.com\/en\/product\/peter-jakob-kuhn-riesling-sankt-nikolaus-grosses-gewachs-2022-1500ml\/","url":"https:\/\/wein-werte.com\/en\/product\/peter-jakob-kuhn-riesling-sankt-nikolaus-grosses-gewachs-2022-1500ml\/","name":"Peter Jakob Kuhn Riesling Sankt Nikolaus Grosses Gewachs 2022, 1500ml","isPartOf":{"@id":"https:\/\/wein-werte.com\/de\/#website"},"primaryImageOfPage":{"@id":"https:\/\/wein-werte.com\/en\/product\/peter-jakob-kuhn-riesling-sankt-nikolaus-grosses-gewachs-2022-1500ml\/#primaryimage"},"image":{"@id":"https:\/\/wein-werte.com\/en\/product\/peter-jakob-kuhn-riesling-sankt-nikolaus-grosses-gewachs-2022-1500ml\/#primaryimage"},"thumbnailUrl":"https:\/\/wein-werte.com\/wp-content\/uploads\/2026\/04\/Peter-Jakob-Kuhn-Riesling-Sankt-Nikolaus-Grosses-Gewachs-2022-1500ml.png","datePublished":"2026-05-08T18:01:47+00:00","dateModified":"2026-05-08T18:01:48+00:00","description":"Buy Peter Jakob K\u00fchn Riesling Sankt Nikolaus Grosses Gew\u00e4chs 2022 - a dry Riesling from Rheingau, Germany - at Wein Werte, your sustainable online shop.","breadcrumb":{"@id":"https:\/\/wein-werte.com\/en\/product\/peter-jakob-kuhn-riesling-sankt-nikolaus-grosses-gewachs-2022-1500ml\/#breadcrumb"},"inLanguage":"de","potentialAction":[{"@type":"ReadAction","target":["https:\/\/wein-werte.com\/en\/product\/peter-jakob-kuhn-riesling-sankt-nikolaus-grosses-gewachs-2022-1500ml\/"]}]},{"@type":"ImageObject","inLanguage":"de","@id":"https:\/\/wein-werte.com\/en\/product\/peter-jakob-kuhn-riesling-sankt-nikolaus-grosses-gewachs-2022-1500ml\/#primaryimage","url":"https:\/\/wein-werte.com\/wp-content\/uploads\/2026\/04\/Peter-Jakob-Kuhn-Riesling-Sankt-Nikolaus-Grosses-Gewachs-2022-1500ml.png","contentUrl":"https:\/\/wein-werte.com\/wp-content\/uploads\/2026\/04\/Peter-Jakob-Kuhn-Riesling-Sankt-Nikolaus-Grosses-Gewachs-2022-1500ml.png","width":231,"height":1200,"caption":"Peter Jakob K\u00fchn Riesling Sankt Nikolaus Grosses Gew\u00e4chs 2022 1500ml"},{"@type":"BreadcrumbList","@id":"https:\/\/wein-werte.com\/en\/product\/peter-jakob-kuhn-riesling-sankt-nikolaus-grosses-gewachs-2022-1500ml\/#breadcrumb","itemListElement":[{"@type":"ListItem","position":1,"name":"Home","item":"https:\/\/wein-werte.com\/en\/"},{"@type":"ListItem","position":2,"name":"Shop Page","item":"https:\/\/wein-werte.com\/en\/shop\/"},{"@type":"ListItem","position":3,"name":"Peter Jakob K\u00fchn | Rheingau | Riesling Sankt Nikolaus Grosses Gew\u00e4chs | 2022 | 1500ml | bio"}]},{"@type":"WebSite","@id":"https:\/\/wein-werte.com\/de\/#website","url":"https:\/\/wein-werte.com\/de\/","name":"Wein Werte","description":"","publisher":{"@id":"https:\/\/wein-werte.com\/de\/#organization"},"potentialAction":[{"@type":"SearchAction","target":{"@type":"EntryPoint","urlTemplate":"https:\/\/wein-werte.com\/de\/?s={search_term_string}"},"query-input":{"@type":"PropertyValueSpecification","valueRequired":true,"valueName":"search_term_string"}}],"inLanguage":"de"},{"@type":"Organization","@id":"https:\/\/wein-werte.com\/de\/#organization","name":"Vins Fins Thorrold","url":"https:\/\/wein-werte.com\/de\/","logo":{"@type":"ImageObject","inLanguage":"de","@id":"https:\/\/wein-werte.com\/de\/#\/schema\/logo\/image\/","url":"https:\/\/wein-werte.com\/wp-content\/uploads\/2023\/07\/Wein_werte_Logo700-1.png","contentUrl":"https:\/\/wein-werte.com\/wp-content\/uploads\/2023\/07\/Wein_werte_Logo700-1.png","width":700,"height":272,"caption":"Vins Fins Thorrold"},"image":{"@id":"https:\/\/wein-werte.com\/de\/#\/schema\/logo\/image\/"}}]}},"_links":{"self":[{"href":"https:\/\/wein-werte.com\/en\/wp-json\/wp\/v2\/product\/1123848","targetHints":{"allow":["GET"]}}],"collection":[{"href":"https:\/\/wein-werte.com\/en\/wp-json\/wp\/v2\/product"}],"about":[{"href":"https:\/\/wein-werte.com\/en\/wp-json\/wp\/v2\/types\/product"}],"wp:featuredmedia":[{"embeddable":true,"href":"https:\/\/wein-werte.com\/en\/wp-json\/wp\/v2\/media\/1141473"}],"wp:attachment":[{"href":"https:\/\/wein-werte.com\/en\/wp-json\/wp\/v2\/media?parent=1123848"}],"wp:term":[{"taxonomy":"product_brand","embeddable":true,"href":"https:\/\/wein-werte.com\/en\/wp-json\/wp\/v2\/product_brand?post=1123848"},{"taxonomy":"product_cat","embeddable":true,"href":"https:\/\/wein-werte.com\/en\/wp-json\/wp\/v2\/product_cat?post=1123848"},{"taxonomy":"product_tag","embeddable":true,"href":"https:\/\/wein-werte.com\/en\/wp-json\/wp\/v2\/product_tag?post=1123848"}],"curies":[{"name":"wp","href":"https:\/\/api.w.org\/{rel}","templated":true}]}}